{"id":3467,"date":"2022-01-07T16:53:20","date_gmt":"2022-01-07T15:53:20","guid":{"rendered":"https:\/\/exceptionaudio.fr\/site\/?page_id=3467"},"modified":"2024-03-29T14:26:21","modified_gmt":"2024-03-29T13:26:21","slug":"notre-philosophie","status":"publish","type":"page","link":"https:\/\/exceptionaudio.fr\/site\/notre-philosophie\/","title":{"rendered":"Notre philosophie"},"content":{"rendered":"\t\t<div data-elementor-type=\"wp-page\" data-elementor-id=\"3467\" class=\"elementor elementor-3467\">\n\t\t\t\t\t\t<section class=\"elementor-section elementor-top-section elementor-element elementor-element-de0ddfc elementor-section-full_width elementor-section-stretched elementor-section-height-default elementor-section-height-default elementor-invisible\" data-id=\"de0ddfc\" data-element_type=\"section\" data-e-type=\"section\" data-settings=\"{&quot;stretch_section&quot;:&quot;section-stretched&quot;,&quot;animation&quot;:&quot;fadeIn&quot;}\">\r\n\t\t\t\t\t\t<div class=\"elementor-container elementor-column-gap-thegem\"><div class=\"elementor-row\">\r\n\t\t\t\t\t<div class=\"elementor-column elementor-col-100 elementor-top-column elementor-element elementor-element-4f1c480\" data-id=\"4f1c480\" data-element_type=\"column\" data-e-type=\"column\">\n\t\t\t<div class=\"elementor-widget-wrap elementor-element-populated\">\n\t\t\t\t\t\t<div class=\"elementor-element elementor-element-7bea23a elementor-pagination-position-outside flex-horizontal-align-default flex-horizontal-align-tablet-default flex-horizontal-align-mobile-default flex-vertical-align-default flex-vertical-align-tablet-default flex-vertical-align-mobile-default elementor-widget elementor-widget-image-carousel\" data-id=\"7bea23a\" data-element_type=\"widget\" data-e-type=\"widget\" data-settings=\"{&quot;slides_to_show&quot;:&quot;1&quot;,&quot;navigation&quot;:&quot;dots&quot;,&quot;autoplay_speed&quot;:3500,&quot;effect&quot;:&quot;fade&quot;,&quot;speed&quot;:1200,&quot;_animation&quot;:&quot;none&quot;,&quot;autoplay&quot;:&quot;yes&quot;,&quot;pause_on_hover&quot;:&quot;yes&quot;,&quot;pause_on_interaction&quot;:&quot;yes&quot;,&quot;infinite&quot;:&quot;yes&quot;}\" data-widget_type=\"image-carousel.default\">\n\t\t\t\t<div class=\"elementor-widget-container\">\n\t\t\t\t\t\t\t<div class=\"elementor-image-carousel-wrapper swiper\" role=\"region\" aria-roledescription=\"carousel\" aria-label=\"Carrousel d\u2019images\" dir=\"ltr\">\n\t\t\t<div class=\"elementor-image-carousel swiper-wrapper swiper-image-stretch\" aria-live=\"off\">\n\t\t\t\t\t\t\t\t<div class=\"swiper-slide\" role=\"group\" aria-roledescription=\"slide\" aria-label=\"1 sur 1\"><figure class=\"swiper-slide-inner\"><img class=\"swiper-slide-image\" src=\"https:\/\/exceptionaudio.fr\/site\/wp-content\/uploads\/2024\/03\/Vivid_Audio_Moya_1_4.jpg\" alt=\"Hifi Haute fid\u00e9lit\u00e9 haut de gamme Antibes Nice Cannes Monaco C\u00f4te d&#039;Azur High End Audio\" \/><\/figure><\/div>\t\t\t<\/div>\n\t\t\t\t\t<\/div>\n\t\t\t\t\t\t<\/div>\n\t\t\t\t<\/div>\n\t\t\t\t\t<\/div>\n\t\t<\/div>\n\t\t\t\t\t<\/div><\/div>\r\n\t\t<\/section>\r\n\t\t\t\t<section class=\"elementor-section elementor-top-section elementor-element elementor-element-c7947b4 elementor-hidden-mobile elementor-section-boxed elementor-section-height-default elementor-section-height-default\" data-id=\"c7947b4\" data-element_type=\"section\" data-e-type=\"section\">\r\n\t\t\t\t\t\t<div class=\"elementor-container elementor-column-gap-thegem\"><div class=\"elementor-row\">\r\n\t\t\t\t\t<div class=\"elementor-column elementor-col-50 elementor-top-column elementor-element elementor-element-310c16f\" data-id=\"310c16f\" data-element_type=\"column\" data-e-type=\"column\">\n\t\t\t<div class=\"elementor-widget-wrap elementor-element-populated\">\n\t\t\t\t\t\t<div class=\"elementor-element elementor-element-4b97c06 flex-horizontal-align-default flex-horizontal-align-tablet-default flex-horizontal-align-mobile-default flex-vertical-align-default flex-vertical-align-tablet-default flex-vertical-align-mobile-default elementor-invisible elementor-widget elementor-widget-heading\" data-id=\"4b97c06\" data-element_type=\"widget\" data-e-type=\"widget\" data-settings=\"{&quot;_animation&quot;:&quot;slideInLeft&quot;}\" data-widget_type=\"heading.default\">\n\t\t\t\t<div class=\"elementor-widget-container\">\n\t\t\t\t\t<h2 class=\"elementor-heading-title elementor-size-default\">Notre<\/h2>\t\t\t\t<\/div>\n\t\t\t\t<\/div>\n\t\t\t\t<div class=\"elementor-element elementor-element-816e84d flex-horizontal-align-default flex-horizontal-align-tablet-default flex-horizontal-align-mobile-default flex-vertical-align-default flex-vertical-align-tablet-default flex-vertical-align-mobile-default elementor-invisible elementor-widget elementor-widget-heading\" data-id=\"816e84d\" data-element_type=\"widget\" data-e-type=\"widget\" data-settings=\"{&quot;_animation&quot;:&quot;slideInLeft&quot;}\" data-widget_type=\"heading.default\">\n\t\t\t\t<div class=\"elementor-widget-container\">\n\t\t\t\t\t<h2 class=\"elementor-heading-title elementor-size-default\">Philosophie<\/h2>\t\t\t\t<\/div>\n\t\t\t\t<\/div>\n\t\t\t\t<div class=\"elementor-element elementor-element-d7c63a6 flex-horizontal-align-default flex-horizontal-align-tablet-default flex-horizontal-align-mobile-default flex-vertical-align-default flex-vertical-align-tablet-default flex-vertical-align-mobile-default elementor-widget elementor-widget-spacer\" data-id=\"d7c63a6\" data-element_type=\"widget\" data-e-type=\"widget\" data-widget_type=\"spacer.default\">\n\t\t\t\t<div class=\"elementor-widget-container\">\n\t\t\t\t\t\t\t<div class=\"elementor-spacer\">\n\t\t\t<div class=\"elementor-spacer-inner\"><\/div>\n\t\t<\/div>\n\t\t\t\t\t\t<\/div>\n\t\t\t\t<\/div>\n\t\t\t\t\t<\/div>\n\t\t<\/div>\n\t\t\t\t<div class=\"elementor-column elementor-col-50 elementor-top-column elementor-element elementor-element-0100acf elementor-invisible\" data-id=\"0100acf\" data-element_type=\"column\" data-e-type=\"column\" data-settings=\"{&quot;animation&quot;:&quot;slideInUp&quot;,&quot;animation_delay&quot;:100}\">\n\t\t\t<div class=\"elementor-widget-wrap elementor-element-populated\">\n\t\t\t\t\t\t<div class=\"elementor-element elementor-element-1521467 flex-horizontal-align-default flex-horizontal-align-tablet-default flex-horizontal-align-mobile-default flex-vertical-align-default flex-vertical-align-tablet-default flex-vertical-align-mobile-default elementor-widget elementor-widget-text-editor\" data-id=\"1521467\" data-element_type=\"widget\" data-e-type=\"widget\" data-widget_type=\"text-editor.default\">\n\t\t\t\t<div class=\"elementor-widget-container\">\n\t\t\t\t\t\t\t\t\t\t\t\t<div class=\"elementor-text-editor elementor-clearfix\">\r\n\t\t\t\t\t\t<p style=\"text-align: justify;\">Exception Audio est une boutique hi-fi nich\u00e9e \u00e0 l\u2019or\u00e9e du Cap d\u2019Antibes \u00e0 quelques pas du Jazz \u00e0 Juan, lieu iconique de tout amateur de musique et plus particuli\u00e8rement de jazz. Exception Audio vous accueille dans un showroom au cadre feutr\u00e9 et chaleureux.<\/p><p style=\"text-align: justify;\">Notre objectif est de partager une exp\u00e9rience extraordinairement puissante d&rsquo;une chose apparemment quotidienne &#8211; \u00e9couter de la musique. Mais il ne s\u2019agit pas d\u2019aller le plus haut, le plus loin et le plus vite, nous voulons simplement que le message soit le plus fid\u00e8le, semblable \u00e0 celui du live offrant plaisir et \u00e9motion.<\/p><p style=\"text-align: justify;\">Notre s\u00e9lection ne passe pas par une surabondance d&rsquo;offres, mais principalement par une s\u00e9lection de pi\u00e8ces reconnues pour leur rigueur et leur musicalit\u00e9, quel que soit votre budget. Mais nous ne sommes pas seulement pr\u00e9occup\u00e9s par la s\u00e9lection des meilleurs composants, nous veillons \u00e0 des associations r\u00e9ussies. La mise en \u0153uvre est \u00e9galement l\u2019une de nos pr\u00e9occupations \u00e0 travers un service de livraison, installation et optimisation.<\/p><p style=\"text-align: justify;\">Au-del\u00e0 des aspects techniques et de la th\u00e9orie fondamentale, il existe une partie intangible, mais bien r\u00e9elle, qui module l\u2019audition et la reproduction sonore\u00a0: l\u2019ou\u00efe. Les revues sp\u00e9cialis\u00e9es peuvent certainement v\u00e9hiculer une premi\u00e8re id\u00e9e. Aujourd&rsquo;hui, Internet offre \u00e9galement de nombreuses connaissances de base. Et pourtant, aucune de ces sources d&rsquo;information ne peut remplacer l\u2019exp\u00e9rience. Comme le disait si bien Albert Einstein \u00ab\u00a0La connaissance c\u2019est l\u2019exp\u00e9rience. Tout le reste n\u2019est qu\u2019information.\u00a0\u00bb Pour vous procurer la meilleure des exp\u00e9riences, nous vous proposons des \u00e9coutes personnalis\u00e9es dans notre showroom hi-fi \u00e0 Antibes. Nous connaissons vos contraintes, nous sommes disponibles sur rendez-vous 7 jours sur 7.<\/p>\t\t\t\t\t\t\t<\/div>\r\n\t\t\t\t\t\t\t\t\t\t<\/div>\n\t\t\t\t<\/div>\n\t\t\t\t<div class=\"elementor-element elementor-element-84104f7 flex-horizontal-align-default flex-horizontal-align-tablet-default flex-horizontal-align-mobile-default flex-vertical-align-default flex-vertical-align-tablet-default flex-vertical-align-mobile-default elementor-widget elementor-widget-button\" data-id=\"84104f7\" data-element_type=\"widget\" data-e-type=\"widget\" data-widget_type=\"button.default\">\n\t\t\t\t<div class=\"elementor-widget-container\">\n\t\t\t\t\t\t\t\t\t<div class=\"elementor-button-wrapper\">\n\t\t\t\t\t<a class=\"elementor-button elementor-button-link elementor-size-sm\" href=\"https:\/\/exceptionaudio.fr\/site\/nos-services\/\">\n\t\t\t\t\t\t<span class=\"elementor-button-content-wrapper\">\n\t\t\t\t\t\t\t\t\t<span class=\"elementor-button-text\">Nos services<\/span>\n\t\t\t\t\t<\/span>\n\t\t\t\t\t<\/a>\n\t\t\t\t<\/div>\n\t\t\t\t\t\t\t\t<\/div>\n\t\t\t\t<\/div>\n\t\t\t\t\t<\/div>\n\t\t<\/div>\n\t\t\t\t\t<\/div><\/div>\r\n\t\t<\/section>\r\n\t\t\t\t<section class=\"elementor-section elementor-top-section elementor-element elementor-element-b2dd4fe elementor-hidden-desktop elementor-hidden-tablet elementor-section-boxed elementor-section-height-default elementor-section-height-default\" data-id=\"b2dd4fe\" data-element_type=\"section\" data-e-type=\"section\">\r\n\t\t\t\t\t\t<div class=\"elementor-container elementor-column-gap-thegem\"><div class=\"elementor-row\">\r\n\t\t\t\t\t<div class=\"elementor-column elementor-col-50 elementor-top-column elementor-element elementor-element-aea8a9a\" data-id=\"aea8a9a\" data-element_type=\"column\" data-e-type=\"column\">\n\t\t\t<div class=\"elementor-widget-wrap elementor-element-populated\">\n\t\t\t\t\t\t<div class=\"elementor-element elementor-element-05af0a4 flex-horizontal-align-default flex-horizontal-align-tablet-default flex-horizontal-align-mobile-default flex-vertical-align-default flex-vertical-align-tablet-default flex-vertical-align-mobile-default elementor-invisible elementor-widget elementor-widget-heading\" data-id=\"05af0a4\" data-element_type=\"widget\" data-e-type=\"widget\" data-settings=\"{&quot;_animation&quot;:&quot;slideInLeft&quot;}\" data-widget_type=\"heading.default\">\n\t\t\t\t<div class=\"elementor-widget-container\">\n\t\t\t\t\t<h2 class=\"elementor-heading-title elementor-size-default\">Notre<\/h2>\t\t\t\t<\/div>\n\t\t\t\t<\/div>\n\t\t\t\t<div class=\"elementor-element elementor-element-77a4e11 flex-horizontal-align-default flex-horizontal-align-tablet-default flex-horizontal-align-mobile-default flex-vertical-align-default flex-vertical-align-tablet-default flex-vertical-align-mobile-default elementor-invisible elementor-widget elementor-widget-heading\" data-id=\"77a4e11\" data-element_type=\"widget\" data-e-type=\"widget\" data-settings=\"{&quot;_animation&quot;:&quot;slideInLeft&quot;}\" data-widget_type=\"heading.default\">\n\t\t\t\t<div class=\"elementor-widget-container\">\n\t\t\t\t\t<h2 class=\"elementor-heading-title elementor-size-default\">Philosophie<\/h2>\t\t\t\t<\/div>\n\t\t\t\t<\/div>\n\t\t\t\t\t<\/div>\n\t\t<\/div>\n\t\t\t\t<div class=\"elementor-column elementor-col-50 elementor-top-column elementor-element elementor-element-661d93e elementor-invisible\" data-id=\"661d93e\" data-element_type=\"column\" data-e-type=\"column\" data-settings=\"{&quot;animation&quot;:&quot;slideInUp&quot;,&quot;animation_delay&quot;:100}\">\n\t\t\t<div class=\"elementor-widget-wrap elementor-element-populated\">\n\t\t\t\t\t\t<div class=\"elementor-element elementor-element-fb4e8ed flex-horizontal-align-default flex-horizontal-align-tablet-default flex-horizontal-align-mobile-default flex-vertical-align-default flex-vertical-align-tablet-default flex-vertical-align-mobile-default elementor-widget elementor-widget-text-editor\" data-id=\"fb4e8ed\" data-element_type=\"widget\" data-e-type=\"widget\" data-widget_type=\"text-editor.default\">\n\t\t\t\t<div class=\"elementor-widget-container\">\n\t\t\t\t\t\t\t\t\t\t\t\t<div class=\"elementor-text-editor elementor-clearfix\">\r\n\t\t\t\t\t\t<p style=\"text-align: justify;\">Exception Audio est une boutique hi-fi nich\u00e9e \u00e0 l\u2019or\u00e9e du Cap d\u2019Antibes \u00e0 quelques pas du Jazz \u00e0 Juan, lieu iconique de tout amateur de musique et plus particuli\u00e8rement de jazz. Exception Audio vous accueille dans un showroom au cadre feutr\u00e9 et chaleureux.<\/p><p style=\"text-align: justify;\">Notre objectif est de partager une exp\u00e9rience extraordinairement puissante d&rsquo;une chose apparemment quotidienne &#8211; \u00e9couter de la musique. Mais il ne s\u2019agit pas d\u2019aller le plus haut, le plus loin et le plus vite, nous voulons simplement que le message soit le plus fid\u00e8le, semblable \u00e0 celui du live offrant plaisir et \u00e9motion.<\/p><p style=\"text-align: justify;\">Notre s\u00e9lection ne passe pas par une surabondance d&rsquo;offres, mais principalement par une s\u00e9lection de pi\u00e8ces reconnues pour leur rigueur et leur musicalit\u00e9, quel que soit votre budget. Mais nous ne sommes pas seulement pr\u00e9occup\u00e9s par la s\u00e9lection des meilleurs composants, nous veillons \u00e0 des associations r\u00e9ussies. La mise en \u0153uvre est \u00e9galement l\u2019une de nos pr\u00e9occupations \u00e0 travers un service de livraison, installation et optimisation.<\/p><p style=\"text-align: justify;\">Au-del\u00e0 des aspects techniques et de la th\u00e9orie fondamentale, il existe une partie intangible, mais bien r\u00e9elle, qui module l\u2019audition et la reproduction sonore\u00a0: l\u2019ou\u00efe. Les revues sp\u00e9cialis\u00e9es peuvent certainement v\u00e9hiculer une premi\u00e8re id\u00e9e. Aujourd&rsquo;hui, Internet offre \u00e9galement de nombreuses connaissances de base. Et pourtant, aucune de ces sources d&rsquo;information ne peut remplacer l\u2019exp\u00e9rience. Comme le disait si bien Albert Einstein \u00ab\u00a0La connaissance c\u2019est l\u2019exp\u00e9rience. Tout le reste n\u2019est qu\u2019information.\u00a0\u00bb Pour vous procurer la meilleure des exp\u00e9riences, nous vous proposons des \u00e9coutes personnalis\u00e9es dans notre showroom hi-fi \u00e0 Antibes. Nous connaissons vos contraintes, nous sommes disponibles sur rendez-vous 7 jours sur 7.<\/p>\t\t\t\t\t\t\t<\/div>\r\n\t\t\t\t\t\t\t\t\t\t<\/div>\n\t\t\t\t<\/div>\n\t\t\t\t<div class=\"elementor-element elementor-element-733db09 flex-horizontal-align-default flex-horizontal-align-tablet-default flex-horizontal-align-mobile-default flex-vertical-align-default flex-vertical-align-tablet-default flex-vertical-align-mobile-default elementor-widget elementor-widget-button\" data-id=\"733db09\" data-element_type=\"widget\" data-e-type=\"widget\" data-widget_type=\"button.default\">\n\t\t\t\t<div class=\"elementor-widget-container\">\n\t\t\t\t\t\t\t\t\t<div class=\"elementor-button-wrapper\">\n\t\t\t\t\t<a class=\"elementor-button elementor-button-link elementor-size-sm\" href=\"https:\/\/exceptionaudio.fr\/site\/nos-services\/\">\n\t\t\t\t\t\t<span class=\"elementor-button-content-wrapper\">\n\t\t\t\t\t\t\t\t\t<span class=\"elementor-button-text\">Nos services<\/span>\n\t\t\t\t\t<\/span>\n\t\t\t\t\t<\/a>\n\t\t\t\t<\/div>\n\t\t\t\t\t\t\t\t<\/div>\n\t\t\t\t<\/div>\n\t\t\t\t\t<\/div>\n\t\t<\/div>\n\t\t\t\t\t<\/div><\/div>\r\n\t\t<\/section>\r\n\t\t\t\t<\/div>\n\t\t","protected":false},"excerpt":{"rendered":"<p>Notre Philosophie Exception Audio est une boutique hi-fi nich\u00e9e \u00e0 l\u2019or\u00e9e du Cap d\u2019Antibes \u00e0 quelques pas du Jazz \u00e0&#8230;<\/p>\n","protected":false},"author":2,"featured_media":0,"parent":0,"menu_order":0,"comment_status":"closed","ping_status":"closed","template":"","meta":{"footnotes":""},"class_list":["post-3467","page","type-page","status-publish"],"yoast_head":"<!-- This site is optimized with the Yoast SEO plugin v27.4 - https:\/\/yoast.com\/product\/yoast-seo-wordpress\/ -->\n<title>Notre philosophie Hifi haut de gamme - Exception Audio<\/title>\n<meta name=\"description\" content=\"Exception Audio est une boutique Hifi nich\u00e9e \u00e0 l\u2019or\u00e9e du Cap d\u2019Antibes \u00e0 quelques pas du Jazz \u00e0 Juan, entre Saint-Tropez et Monaco.\" \/>\n<meta name=\"robots\" content=\"index, follow, max-snippet:-1, max-image-preview:large, max-video-preview:-1\" \/>\n<link rel=\"canonical\" href=\"https:\/\/exceptionaudio.fr\/site\/notre-philosophie\/\" \/>\n<meta property=\"og:locale\" content=\"fr_FR\" \/>\n<meta property=\"og:type\" content=\"article\" \/>\n<meta property=\"og:title\" content=\"Notre philosophie Hifi haut de gamme - Exception Audio\" \/>\n<meta property=\"og:description\" content=\"Exception Audio est une boutique Hifi nich\u00e9e \u00e0 l\u2019or\u00e9e du Cap d\u2019Antibes \u00e0 quelques pas du Jazz \u00e0 Juan, entre Saint-Tropez et Monaco.\" \/>\n<meta property=\"og:url\" content=\"https:\/\/exceptionaudio.fr\/site\/notre-philosophie\/\" \/>\n<meta property=\"og:site_name\" content=\"Exception Audio\" \/>\n<meta property=\"article:publisher\" content=\"https:\/\/www.facebook.com\/ExceptionAudio\" \/>\n<meta property=\"article:modified_time\" content=\"2024-03-29T13:26:21+00:00\" \/>\n<meta property=\"og:image\" content=\"https:\/\/exceptionaudio.fr\/site\/wp-content\/uploads\/2024\/03\/Vivid_Audio_Moya_1_4.jpg\" \/>\n<meta name=\"twitter:card\" content=\"summary_large_image\" \/>\n<meta name=\"twitter:label1\" content=\"Dur\u00e9e de lecture estim\u00e9e\" \/>\n\t<meta name=\"twitter:data1\" content=\"3 minutes\" \/>\n<script type=\"application\/ld+json\" class=\"yoast-schema-graph\">{\"@context\":\"https:\\\/\\\/schema.org\",\"@graph\":[{\"@type\":\"WebPage\",\"@id\":\"https:\\\/\\\/exceptionaudio.fr\\\/site\\\/notre-philosophie\\\/\",\"url\":\"https:\\\/\\\/exceptionaudio.fr\\\/site\\\/notre-philosophie\\\/\",\"name\":\"Notre philosophie Hifi haut de gamme - Exception Audio\",\"isPartOf\":{\"@id\":\"https:\\\/\\\/exceptionaudio.fr\\\/site\\\/#website\"},\"primaryImageOfPage\":{\"@id\":\"https:\\\/\\\/exceptionaudio.fr\\\/site\\\/notre-philosophie\\\/#primaryimage\"},\"image\":{\"@id\":\"https:\\\/\\\/exceptionaudio.fr\\\/site\\\/notre-philosophie\\\/#primaryimage\"},\"thumbnailUrl\":\"https:\\\/\\\/exceptionaudio.fr\\\/site\\\/wp-content\\\/uploads\\\/2024\\\/03\\\/Vivid_Audio_Moya_1_4.jpg\",\"datePublished\":\"2022-01-07T15:53:20+00:00\",\"dateModified\":\"2024-03-29T13:26:21+00:00\",\"description\":\"Exception Audio est une boutique Hifi nich\u00e9e \u00e0 l\u2019or\u00e9e du Cap d\u2019Antibes \u00e0 quelques pas du Jazz \u00e0 Juan, entre Saint-Tropez et Monaco.\",\"breadcrumb\":{\"@id\":\"https:\\\/\\\/exceptionaudio.fr\\\/site\\\/notre-philosophie\\\/#breadcrumb\"},\"inLanguage\":\"fr-FR\",\"potentialAction\":[{\"@type\":\"ReadAction\",\"target\":[\"https:\\\/\\\/exceptionaudio.fr\\\/site\\\/notre-philosophie\\\/\"]}]},{\"@type\":\"ImageObject\",\"inLanguage\":\"fr-FR\",\"@id\":\"https:\\\/\\\/exceptionaudio.fr\\\/site\\\/notre-philosophie\\\/#primaryimage\",\"url\":\"https:\\\/\\\/exceptionaudio.fr\\\/site\\\/wp-content\\\/uploads\\\/2024\\\/03\\\/Vivid_Audio_Moya_1_4.jpg\",\"contentUrl\":\"https:\\\/\\\/exceptionaudio.fr\\\/site\\\/wp-content\\\/uploads\\\/2024\\\/03\\\/Vivid_Audio_Moya_1_4.jpg\",\"width\":1689,\"height\":647,\"caption\":\"Hifi Haute fid\u00e9lit\u00e9 haut de gamme Antibes Nice Cannes Monaco C\u00f4te d'Azur High End Audio\"},{\"@type\":\"BreadcrumbList\",\"@id\":\"https:\\\/\\\/exceptionaudio.fr\\\/site\\\/notre-philosophie\\\/#breadcrumb\",\"itemListElement\":[{\"@type\":\"ListItem\",\"position\":1,\"name\":\"Accueil\",\"item\":\"https:\\\/\\\/exceptionaudio.fr\\\/site\\\/\"},{\"@type\":\"ListItem\",\"position\":2,\"name\":\"Notre philosophie\"}]},{\"@type\":\"WebSite\",\"@id\":\"https:\\\/\\\/exceptionaudio.fr\\\/site\\\/#website\",\"url\":\"https:\\\/\\\/exceptionaudio.fr\\\/site\\\/\",\"name\":\"Exception Audio\",\"description\":\"Magasin hi-fi Antibes\",\"publisher\":{\"@id\":\"https:\\\/\\\/exceptionaudio.fr\\\/site\\\/#organization\"},\"potentialAction\":[{\"@type\":\"SearchAction\",\"target\":{\"@type\":\"EntryPoint\",\"urlTemplate\":\"https:\\\/\\\/exceptionaudio.fr\\\/site\\\/?s={search_term_string}\"},\"query-input\":{\"@type\":\"PropertyValueSpecification\",\"valueRequired\":true,\"valueName\":\"search_term_string\"}}],\"inLanguage\":\"fr-FR\"},{\"@type\":\"Organization\",\"@id\":\"https:\\\/\\\/exceptionaudio.fr\\\/site\\\/#organization\",\"name\":\"Exception Audio\",\"url\":\"https:\\\/\\\/exceptionaudio.fr\\\/site\\\/\",\"logo\":{\"@type\":\"ImageObject\",\"inLanguage\":\"fr-FR\",\"@id\":\"https:\\\/\\\/exceptionaudio.fr\\\/site\\\/#\\\/schema\\\/logo\\\/image\\\/\",\"url\":\"https:\\\/\\\/exceptionaudio.fr\\\/site\\\/wp-content\\\/uploads\\\/2021\\\/10\\\/largeur-exception-audio-logos-noir.png\",\"contentUrl\":\"https:\\\/\\\/exceptionaudio.fr\\\/site\\\/wp-content\\\/uploads\\\/2021\\\/10\\\/largeur-exception-audio-logos-noir.png\",\"width\":357,\"height\":54,\"caption\":\"Exception Audio\"},\"image\":{\"@id\":\"https:\\\/\\\/exceptionaudio.fr\\\/site\\\/#\\\/schema\\\/logo\\\/image\\\/\"},\"sameAs\":[\"https:\\\/\\\/www.facebook.com\\\/ExceptionAudio\",\"https:\\\/\\\/www.instagram.com\\\/exception_audio\\\/\"]}]}<\/script>\n<!-- \/ Yoast SEO plugin. -->","yoast_head_json":{"title":"Notre philosophie Hifi haut de gamme - Exception Audio","description":"Exception Audio est une boutique Hifi nich\u00e9e \u00e0 l\u2019or\u00e9e du Cap d\u2019Antibes \u00e0 quelques pas du Jazz \u00e0 Juan, entre Saint-Tropez et Monaco.","robots":{"index":"index","follow":"follow","max-snippet":"max-snippet:-1","max-image-preview":"max-image-preview:large","max-video-preview":"max-video-preview:-1"},"canonical":"https:\/\/exceptionaudio.fr\/site\/notre-philosophie\/","og_locale":"fr_FR","og_type":"article","og_title":"Notre philosophie Hifi haut de gamme - Exception Audio","og_description":"Exception Audio est une boutique Hifi nich\u00e9e \u00e0 l\u2019or\u00e9e du Cap d\u2019Antibes \u00e0 quelques pas du Jazz \u00e0 Juan, entre Saint-Tropez et Monaco.","og_url":"https:\/\/exceptionaudio.fr\/site\/notre-philosophie\/","og_site_name":"Exception Audio","article_publisher":"https:\/\/www.facebook.com\/ExceptionAudio","article_modified_time":"2024-03-29T13:26:21+00:00","og_image":[{"url":"https:\/\/exceptionaudio.fr\/site\/wp-content\/uploads\/2024\/03\/Vivid_Audio_Moya_1_4.jpg","type":"","width":"","height":""}],"twitter_card":"summary_large_image","twitter_misc":{"Dur\u00e9e de lecture estim\u00e9e":"3 minutes"},"schema":{"@context":"https:\/\/schema.org","@graph":[{"@type":"WebPage","@id":"https:\/\/exceptionaudio.fr\/site\/notre-philosophie\/","url":"https:\/\/exceptionaudio.fr\/site\/notre-philosophie\/","name":"Notre philosophie Hifi haut de gamme - Exception Audio","isPartOf":{"@id":"https:\/\/exceptionaudio.fr\/site\/#website"},"primaryImageOfPage":{"@id":"https:\/\/exceptionaudio.fr\/site\/notre-philosophie\/#primaryimage"},"image":{"@id":"https:\/\/exceptionaudio.fr\/site\/notre-philosophie\/#primaryimage"},"thumbnailUrl":"https:\/\/exceptionaudio.fr\/site\/wp-content\/uploads\/2024\/03\/Vivid_Audio_Moya_1_4.jpg","datePublished":"2022-01-07T15:53:20+00:00","dateModified":"2024-03-29T13:26:21+00:00","description":"Exception Audio est une boutique Hifi nich\u00e9e \u00e0 l\u2019or\u00e9e du Cap d\u2019Antibes \u00e0 quelques pas du Jazz \u00e0 Juan, entre Saint-Tropez et Monaco.","breadcrumb":{"@id":"https:\/\/exceptionaudio.fr\/site\/notre-philosophie\/#breadcrumb"},"inLanguage":"fr-FR","potentialAction":[{"@type":"ReadAction","target":["https:\/\/exceptionaudio.fr\/site\/notre-philosophie\/"]}]},{"@type":"ImageObject","inLanguage":"fr-FR","@id":"https:\/\/exceptionaudio.fr\/site\/notre-philosophie\/#primaryimage","url":"https:\/\/exceptionaudio.fr\/site\/wp-content\/uploads\/2024\/03\/Vivid_Audio_Moya_1_4.jpg","contentUrl":"https:\/\/exceptionaudio.fr\/site\/wp-content\/uploads\/2024\/03\/Vivid_Audio_Moya_1_4.jpg","width":1689,"height":647,"caption":"Hifi Haute fid\u00e9lit\u00e9 haut de gamme Antibes Nice Cannes Monaco C\u00f4te d'Azur High End Audio"},{"@type":"BreadcrumbList","@id":"https:\/\/exceptionaudio.fr\/site\/notre-philosophie\/#breadcrumb","itemListElement":[{"@type":"ListItem","position":1,"name":"Accueil","item":"https:\/\/exceptionaudio.fr\/site\/"},{"@type":"ListItem","position":2,"name":"Notre philosophie"}]},{"@type":"WebSite","@id":"https:\/\/exceptionaudio.fr\/site\/#website","url":"https:\/\/exceptionaudio.fr\/site\/","name":"Exception Audio","description":"Magasin hi-fi Antibes","publisher":{"@id":"https:\/\/exceptionaudio.fr\/site\/#organization"},"potentialAction":[{"@type":"SearchAction","target":{"@type":"EntryPoint","urlTemplate":"https:\/\/exceptionaudio.fr\/site\/?s={search_term_string}"},"query-input":{"@type":"PropertyValueSpecification","valueRequired":true,"valueName":"search_term_string"}}],"inLanguage":"fr-FR"},{"@type":"Organization","@id":"https:\/\/exceptionaudio.fr\/site\/#organization","name":"Exception Audio","url":"https:\/\/exceptionaudio.fr\/site\/","logo":{"@type":"ImageObject","inLanguage":"fr-FR","@id":"https:\/\/exceptionaudio.fr\/site\/#\/schema\/logo\/image\/","url":"https:\/\/exceptionaudio.fr\/site\/wp-content\/uploads\/2021\/10\/largeur-exception-audio-logos-noir.png","contentUrl":"https:\/\/exceptionaudio.fr\/site\/wp-content\/uploads\/2021\/10\/largeur-exception-audio-logos-noir.png","width":357,"height":54,"caption":"Exception Audio"},"image":{"@id":"https:\/\/exceptionaudio.fr\/site\/#\/schema\/logo\/image\/"},"sameAs":["https:\/\/www.facebook.com\/ExceptionAudio","https:\/\/www.instagram.com\/exception_audio\/"]}]}},"_links":{"self":[{"href":"https:\/\/exceptionaudio.fr\/site\/wp-json\/wp\/v2\/pages\/3467","targetHints":{"allow":["GET"]}}],"collection":[{"href":"https:\/\/exceptionaudio.fr\/site\/wp-json\/wp\/v2\/pages"}],"about":[{"href":"https:\/\/exceptionaudio.fr\/site\/wp-json\/wp\/v2\/types\/page"}],"author":[{"embeddable":true,"href":"https:\/\/exceptionaudio.fr\/site\/wp-json\/wp\/v2\/users\/2"}],"replies":[{"embeddable":true,"href":"https:\/\/exceptionaudio.fr\/site\/wp-json\/wp\/v2\/comments?post=3467"}],"version-history":[{"count":3,"href":"https:\/\/exceptionaudio.fr\/site\/wp-json\/wp\/v2\/pages\/3467\/revisions"}],"predecessor-version":[{"id":8687,"href":"https:\/\/exceptionaudio.fr\/site\/wp-json\/wp\/v2\/pages\/3467\/revisions\/8687"}],"wp:attachment":[{"href":"https:\/\/exceptionaudio.fr\/site\/wp-json\/wp\/v2\/media?parent=3467"}],"curies":[{"name":"wp","href":"https:\/\/api.w.org\/{rel}","templated":true}]}}