{"id":6677,"date":"2022-10-05T20:40:38","date_gmt":"2022-10-05T18:40:38","guid":{"rendered":"https:\/\/exceptionaudio.fr\/site\/?page_id=6677"},"modified":"2024-04-12T10:47:10","modified_gmt":"2024-04-12T08:47:10","slug":"conditions-de-ventes","status":"publish","type":"page","link":"https:\/\/exceptionaudio.fr\/site\/conditions-de-ventes\/","title":{"rendered":"Conditions de ventes"},"content":{"rendered":"\t\t<div data-elementor-type=\"wp-page\" data-elementor-id=\"6677\" class=\"elementor elementor-6677\">\n\t\t\t\t\t\t<section class=\"elementor-section elementor-top-section elementor-element elementor-element-f1b3360 elementor-section-boxed elementor-section-height-default elementor-section-height-default\" data-id=\"f1b3360\" data-element_type=\"section\" data-e-type=\"section\">\r\n\t\t\t\t\t\t<div class=\"elementor-container elementor-column-gap-thegem\"><div class=\"elementor-row\">\r\n\t\t\t\t\t<div class=\"elementor-column elementor-col-100 elementor-top-column elementor-element elementor-element-1f57d70\" data-id=\"1f57d70\" data-element_type=\"column\" data-e-type=\"column\">\n\t\t\t<div class=\"elementor-widget-wrap elementor-element-populated\">\n\t\t\t\t\t\t<div class=\"elementor-element elementor-element-dbabbba flex-horizontal-align-default flex-horizontal-align-tablet-default flex-horizontal-align-mobile-default flex-vertical-align-default flex-vertical-align-tablet-default flex-vertical-align-mobile-default elementor-widget elementor-widget-text-editor\" data-id=\"dbabbba\" data-element_type=\"widget\" data-e-type=\"widget\" data-widget_type=\"text-editor.default\">\n\t\t\t\t<div class=\"elementor-widget-container\">\n\t\t\t\t\t\t\t\t\t\t\t\t<div class=\"elementor-text-editor elementor-clearfix\">\r\n\t\t\t\t\t\t<p style=\"font-weight: 400;\">Les pr\u00e9sentes conditions de vente sont conclues d\u2019une part par la soci\u00e9t\u00e9 TH Distribution au capital social de 10.000 euros dont le si\u00e8ge social est situ\u00e9 \u00e0 2 rue Michelet 78500 Sartrouville, immatricul\u00e9e au Registre du Commerce et des Soci\u00e9t\u00e9s de Versailles sous le num\u00e9ro 904392404 ci-apr\u00e8s d\u00e9nomm\u00e9e \u00ab\u00a0TH Distribution\u00a0\u00bb et g\u00e9rant le site exceptionaudio.fr et, d\u2019autre part, par toute personne physique ou morale souhaitant proc\u00e9der \u00e0 un achat via le site internet exceptionaudio.fr d\u00e9nomm\u00e9e ci-apr\u00e8s \u00ab\u00a0l\u2019acheteur\u00a0\u00bb.<\/p>\n<p style=\"font-weight: 400;\"><strong>Article 1. Objet <\/strong><\/p>\n<p style=\"font-weight: 400;\">Les pr\u00e9sentes conditions de vente visent \u00e0 d\u00e9finir les relations contractuelles entre TH Distribution et l\u2019acheteur et les conditions applicables \u00e0 tout achat effectu\u00e9 par le biais du site internet exceptionaudio.fr. L\u2019acquisition d\u2019un produit \u00e0 travers le pr\u00e9sent site implique une acceptation sans r\u00e9serve par l\u2019acheteur des pr\u00e9sentes conditions de vente dont l\u2019acheteur reconna\u00eet avoir pris connaissance pr\u00e9alablement \u00e0 sa commande. Avant toute transaction, l\u2019acheteur d\u00e9clare d\u2019une part que l\u2019achat de produits sur le site exceptionaudio.fr est sans rapport direct avec son activit\u00e9 professionnelle et est limit\u00e9 \u00e0 une utilisation strictement personnelle et d\u2019autre part avoir la pleine capacit\u00e9 juridique, lui permettant de s\u2019engager au titre des pr\u00e9sentes conditions g\u00e9n\u00e9rales de ventes.<\/p>\n<p style=\"font-weight: 400;\">La soci\u00e9t\u00e9 TH Distribution conserve la possibilit\u00e9 de modifier \u00e0 tout moment ces conditions de ventes, afin de respecter toute nouvelle r\u00e9glementation ou dans le but d&rsquo;am\u00e9liorer l\u2019utilisation de son site. De ce fait, les conditions applicables seront celles en vigueur \u00e0 la date de la commande par l\u2019acheteur.<\/p>\n<p style=\"font-weight: 400;\"><strong>Article 2. Produits <\/strong><\/p>\n<p style=\"font-weight: 400;\">Les produits propos\u00e9s sont ceux qui figurent sur le site exceptionaudio.fr de la soci\u00e9t\u00e9 TH Distribution, dans la limite des stocks disponibles. La soci\u00e9t\u00e9 TH Distribution se r\u00e9serve le droit de modifier \u00e0 tout moment l\u2019assortiment de produits. Chaque produit est pr\u00e9sent\u00e9 sur le site internet sous forme d\u2019un descriptif reprenant ses principales caract\u00e9ristiques techniques. Les photographies et les caract\u00e9ristiques principales sont les plus fid\u00e8les possibles mais n\u2019engagent en rien le Vendeur. La vente des produits pr\u00e9sent\u00e9s dans le site exceptionaudio.fr est destin\u00e9e \u00e0 tous les acheteurs r\u00e9sidants dans les pays qui autorisent pleinement l\u2019entr\u00e9e sur leur territoire de ces produits.<\/p>\n<p style=\"font-weight: 400;\"><strong>Article 3. Tarifs <\/strong><\/p>\n<p style=\"font-weight: 400;\">Les prix figurant sur les fiches produits du catalogue internet et sont des prix en Euros (\u20ac) toutes taxes comprises (TTC) tenant compte de la TVA applicable au jour de la commande. Tout changement du taux de la TVA pourra \u00eatre r\u00e9percut\u00e9 sur le prix des produits. La soci\u00e9t\u00e9 TH Distribution se r\u00e9serve le droit de modifier ses prix \u00e0 tout moment. Les prix indiqu\u00e9s ne comprennent pas les frais de livraison, factur\u00e9s en suppl\u00e9ment du prix des produits achet\u00e9s.<\/p>\n<p style=\"font-weight: 400;\"><strong>Article 4. Commande et modalit\u00e9s de paiement <\/strong><\/p>\n<p style=\"font-weight: 400;\">Le r\u00e8glement des produits pour les commandes en provenance de la France m\u00e9tropolitaine est payable :<\/p>\n<p style=\"font-weight: 400;\">&#8211; Par carte bancaire<\/p>\n<p style=\"font-weight: 400;\">&#8211; Par Paypal<\/p>\n<p style=\"font-weight: 400;\">&#8211; Par virement bancaire<\/p>\n<p style=\"font-weight: 400;\">La confirmation d\u2019une commande entra\u00eene acceptation des pr\u00e9sentes conditions de vente, la reconnaissance d\u2019en avoir parfaite connaissance et la renonciation \u00e0 se pr\u00e9valoir de ses propres conditions d\u2019achat. L\u2019ensemble des donn\u00e9es fournies et la confirmation enregistr\u00e9e vaudront preuve de la transaction. Si l\u2019acheteur poss\u00e8de une adresse \u00e9lectronique et s\u2019il l\u2019a renseign\u00e9e sur son bon de commande, la soci\u00e9t\u00e9 TH Distribution lui communiquera par courrier \u00e9lectronique la confirmation de l\u2019enregistrement de sa commande.<\/p>\n<p style=\"font-weight: 400;\">Si l\u2019acheteur souhaite contacter la soci\u00e9t\u00e9 TH Distribution, il peut le faire soit par courrier \u00e0 l\u2019adresse suivante : Exception Audio &#8211; 30 avenue du G\u00e9n\u00e9ral Maizi\u00e8re 06600 Antibes ; soit par email \u00e0 l\u2019adresse suivante : showroom@exceptionaudio.fr, soit par t\u00e9l\u00e9phone au 04 93 67 58 77.<\/p>\n<p style=\"font-weight: 400;\"><strong>Article 5. R\u00e9serve de propri\u00e9t\u00e9 <\/strong><\/p>\n<p style=\"font-weight: 400;\">La soci\u00e9t\u00e9 TH Distribution conserve la propri\u00e9t\u00e9 pleine et enti\u00e8re des produits vendus jusqu&rsquo;au parfait encaissement du prix, en principal, frais et taxes compris.<\/p>\n<p style=\"font-weight: 400;\"><strong>Article 6. R\u00e9tractation <\/strong><\/p>\n<p style=\"font-weight: 400;\">En vertu de l\u2019article L121-20 du Code de la consommation, l\u2019acheteur dispose d&rsquo;un d\u00e9lai de quatorze jours ouvrables \u00e0 compter de la livraison de leur commande pour exercer son droit de r\u00e9tractation et ainsi faire retour du produit au vendeur pour \u00e9change ou remboursement sans p\u00e9nalit\u00e9, \u00e0 l\u2019exception des frais de retour.<\/p>\n<p style=\"font-weight: 400;\"><strong>Exclusions :<\/strong><\/p>\n<p style=\"font-weight: 400;\">-Les produits confectionn\u00e9s sur mesures (finitions sur demande (couleur RAL ou placages sp\u00e9ciaux), c\u00e2bles en mesures ou c\u00e2bles avec finitions sp\u00e9cifiques par exemple ou les longueurs inf\u00e9rieures ou \u00e9gales \u00e0 60cm). Exception Audio fait l\u2019effort de proposer des c\u00e2bles avec longueurs alternatives au standard des constructeurs, en cas de commande, ces longueurs sont consid\u00e9r\u00e9es comme du sur-mesure.<\/p>\n<p style=\"font-weight: 400;\">-Les articles retourn\u00e9s pr\u00e9sentant des traces d\u2019usures, incomplets, ab\u00eem\u00e9s, endommag\u00e9s ou dans un \u00e9tat de salet\u00e9 tel qu\u2019ils sont invendables car ils ont \u00e9t\u00e9 d\u00e9pr\u00e9ci\u00e9s seront retourn\u00e9s au client ; sa responsabilit\u00e9 pouvant, le cas \u00e9ch\u00e9ant, \u00eatre engag\u00e9e.<\/p>\n<p style=\"font-weight: 400;\">-Le reconditionnement pourra aussi \u00eatre factur\u00e9 au client.<\/p>\n<p style=\"font-weight: 400;\">-Les articles avec finition sur demande (couleur RAL ou placages sp\u00e9ciaux)<\/p>\n<p style=\"font-weight: 400;\">-Les articles personnalis\u00e9es : options sur demande \u00e0 la commande (alimentation, stockage, c\u00e2blage, bras de lecture, cellule phono, stockage, module optionnel&#8230;)<\/p>\n<p style=\"font-weight: 400;\">-Les meubles hifi avec nombres de niveaux sur mesure, ou couleurs sp\u00e9ciales.<\/p>\n<p style=\"font-weight: 400;\">-Les disques vinyles<\/p>\n<p style=\"font-weight: 400;\">-Les articles de d\u00e9monstration, d\u2019exposition et d\u2019occasion.<\/p>\n<p style=\"font-weight: 400;\"><strong>Nota :<\/strong> Nous rappelons que l\u2019esprit de la loi de r\u00e9tractation n\u2019est pas de tester des produits \u00e0 domicile.<\/p>\n<p style=\"font-weight: 400;\"><strong>Article 7. Livraison <\/strong><\/p>\n<p style=\"font-weight: 400;\">Les livraisons sont faites \u00e0 l\u2019adresse indiqu\u00e9e sur le bon de commande qui ne peut \u00eatre que dans la zone g\u00e9ographique convenue. Le client se doit de v\u00e9rifier l\u2019exhaustivit\u00e9 et la conformit\u00e9 des renseignements qu\u2019il fournit \u00e0 TH Distribution. Cette derni\u00e8re ne saurait \u00eatre tenu responsable d\u2019\u00e9ventuelles erreurs de saisie et des cons\u00e9quences en termes de retard ou d\u2019erreur de livraison. Dans ce contexte, tous les frais engag\u00e9s pour la r\u00e9exp\u00e9dition de la commande seront enti\u00e8rement \u00e0 la charge du client. TH Distribution ne saurait \u00eatre tenu pour responsable de retards de livraison en raison d\u2019erreurs ou de perturbations imputables aux transporteurs (gr\u00e8ve totale ou partielle notamment des services postaux et moyens de transport et\/ou communications). Les d\u00e9lais de livraison ne sont donn\u00e9s qu\u2019\u00e0 titre indicatif.<\/p>\n<p style=\"font-weight: 400;\">Les risques li\u00e9s au transport sont \u00e0 la charge de l&rsquo;acqu\u00e9reur \u00e0 compter du moment o\u00f9 les articles quittent les locaux de la soci\u00e9t\u00e9 TH Distribution. L\u2019acheteur est tenu de v\u00e9rifier en pr\u00e9sence du pr\u00e9pos\u00e9 livreur, l\u2019\u00e9tat de l\u2019emballage de la marchandise et son contenu \u00e0 la livraison. En cas de dommage, celles-ci doivent \u00eatre&nbsp;:<\/p>\n<p style=\"font-weight: 400;\">\u2013 existantes<\/p>\n<p style=\"font-weight: 400;\">\u2013 \u00e9crites : formul\u00e9es au moment de la livraison<\/p>\n<p style=\"font-weight: 400;\">\u2013 pr\u00e9cises : d\u00e9crivant les anomalies de livraison et les dommages subis par la marchandise (et non exclusivement par l\u2019emballage) avec la r\u00e9f\u00e9rence ou le nom des pi\u00e8ces concern\u00e9es<\/p>\n<p style=\"font-weight: 400;\">\u2013 compl\u00e8tes : seuls les dommages mentionn\u00e9s dans les r\u00e9serves seront retenus comme existants au moment de la livraison<\/p>\n<p style=\"font-weight: 400;\">\u2013 confirm\u00e9es par \u00e9crit dans les 3 jours francs si elles sont contredites ou dans tous les cas pour les envois de 3 tonnes et plus.<\/p>\n<p style=\"font-weight: 400;\">La mention \u00ab sous r\u00e9serve de d\u00e9ballage \u00bb n\u2019est pas valable et non reconnue comme telle.<\/p>\n<p style=\"font-weight: 400;\">L\u2019acheter devra parall\u00e8lement confirmer cette anomalie en adressant au transporteur dans les deux (2) jours ouvrables suivants la date de livraison un courrier recommand\u00e9 avec accus\u00e9 de r\u00e9ception exposant lesdites r\u00e9clamations.<\/p>\n<p style=\"font-weight: 400;\">Le consommateur devra nous transmettre simultan\u00e9ment copie de ce courrier (avec l\u2019original du \u00ab constat de spoliation \u00bb le cas \u00e9ch\u00e9ant) par simple courrier. Toute r\u00e9clamation parvenue hors d\u00e9lai sera rejet\u00e9e.<\/p>\n<p style=\"font-weight: 400;\"><strong>Article 8. Garantie <\/strong><\/p>\n<p style=\"font-weight: 400;\">Tous les produits fournis par la soci\u00e9t\u00e9 TH Distribution sont soumis \u00e0 la garantie constructeur. Le consommateur est express\u00e9ment inform\u00e9 que TH Distribution n\u2019est pas constructeur des produits pr\u00e9sent\u00e9s dans le cadre du site web, au sens de la loi n\u00b098-389 du 19 mai 1998 et relative \u00e0 la responsabilit\u00e9 du fait des produits d\u00e9fectueux. En cons\u00e9quence, en cas de dommages caus\u00e9s \u00e0 une personne ou \u00e0 un bien par un d\u00e9faut du produit, seule la responsabilit\u00e9 du constructeur de celui-ci pourra \u00eatre recherch\u00e9e par l\u2019acheteur, sur la base des informations figurant sur l\u2019emballage dudit produit.<\/p>\n<p style=\"font-weight: 400;\">Les conditions et la dur\u00e9e de garantie sont sp\u00e9cifique \u00e0 chaque constructeur.<\/p>\n<p style=\"font-weight: 400;\">Dans le cas d\u2019un produit d\u00e9fectueux durant la p\u00e9riode de garantie, le client est invit\u00e9 \u00e0 prendre contact avec le service client qui lui indiquera la d\u00e9marche \u00e0 suivre pour retourner son produit. Aucun retour ne sera accept\u00e9 sans accord pr\u00e9alable. Cet accord de retour est valable pendant une dur\u00e9e de 8 jours ouvr\u00e9es. A compter de son attribution, le produit d\u00e9fectueux devra \u00eatre retourn\u00e9 \u00e0 TH Distribution dans son emballage d\u2019origine, complet (avec notices, accessoires, etc.), l\u2019ensemble prot\u00e9g\u00e9 par un sur-emballage.<\/p>\n<p style=\"font-weight: 400;\">Tous les frais et risques li\u00e9s au retour du produit d\u00e9fectueux sont \u00e0 la charge du client.<\/p>\n<p style=\"font-weight: 400;\">Tous produit dont le d\u00e9lai de garantie serait expir\u00e9 ne sera pas pris en charge par TH Distribution.<\/p>\n<p style=\"font-weight: 400;\"><strong>Article 9. Responsabilit\u00e9 <\/strong><\/p>\n<p style=\"font-weight: 400;\">La soci\u00e9t\u00e9 TH Distribution ne peut \u00eatre tenu pour responsable des dommages de toute nature, tant mat\u00e9riels qu&rsquo;immat\u00e9riels ou corporels, qui pourraient r\u00e9sulter d&rsquo;un mauvais fonctionnement ou de la mauvaise utilisation des produits commercialis\u00e9s. Il en est de m\u00eame pour les \u00e9ventuelles modifications des produits r\u00e9sultant des fabricants. Toutes les informations pr\u00e9sent\u00e9es sur les fiches produits proviennent de nos fournisseurs et n\u2019engagent pas la responsabilit\u00e9 de TH Distribution. La responsabilit\u00e9 de TH Distribution sera, en tout \u00e9tat de cause, limit\u00e9e au montant de la commande et ne saurait \u00eatre mise en cause pour de simples erreurs ou omissions qui auraient pu subsister malgr\u00e9 toutes les pr\u00e9cautions prises dans la pr\u00e9sentation des produits.<\/p>\n<p style=\"font-weight: 400;\"><strong>Article 10. Propri\u00e9t\u00e9 intellectuelle <\/strong><\/p>\n<p style=\"font-weight: 400;\">Tous les \u00e9l\u00e9ments du site exceptioaudio.fr sont et restent la propri\u00e9t\u00e9 intellectuelle et exclusive de la soci\u00e9t\u00e9 TH Distribution Personne n\u2019est autoris\u00e9 \u00e0 reproduire, exploiter, ou utiliser \u00e0 quelque titre que ce soit, m\u00eame partiellement, des \u00e9l\u00e9ments du site qu\u2019ils soient sous forme de photo, logo, visuel ou texte.<\/p>\n<p style=\"font-weight: 400;\"><strong>Article 11. Donn\u00e9es \u00e0 caract\u00e8re personnel<\/strong><\/p>\n<p style=\"font-weight: 400;\">La soci\u00e9t\u00e9 TH Distribution s&rsquo;engage \u00e0 pr\u00e9server la confidentialit\u00e9 des informations fournies par l\u2019acheteur, qu&rsquo;il serait amen\u00e9 \u00e0 transmettre pour l&rsquo;utilisation de certains services. Toute information le concernant est soumise aux dispositions de la loi n\u00b0 78-17 du 6 janvier 1978.<\/p>\n<p style=\"font-weight: 400;\"><strong>Article 12. R\u00e8glement des litiges <\/strong><\/p>\n<p style=\"font-weight: 400;\">Les pr\u00e9sentes conditions de vente \u00e0 distance sont soumises au droit fran\u00e7ais. Toute contestation quant \u00e0 la validit\u00e9, l&rsquo;interpr\u00e9tation ou l&rsquo;ex\u00e9cution du pr\u00e9sent contrat sera soumise \u00e0 la comp\u00e9tence exclusive des tribunaux.<\/p>\t\t\t\t\t\t\t<\/div>\r\n\t\t\t\t\t\t\t\t\t\t<\/div>\n\t\t\t\t<\/div>\n\t\t\t\t\t<\/div>\n\t\t<\/div>\n\t\t\t\t\t<\/div><\/div>\r\n\t\t<\/section>\r\n\t\t\t\t<\/div>\n\t\t","protected":false},"excerpt":{"rendered":"<p>Les pr\u00e9sentes conditions de vente sont conclues d\u2019une part par la soci\u00e9t\u00e9 TH Distribution au capital social de 10.000 euros&#8230;<\/p>\n","protected":false},"author":2,"featured_media":0,"parent":0,"menu_order":0,"comment_status":"closed","ping_status":"closed","template":"page-fullwidth.php","meta":{"footnotes":""},"class_list":["post-6677","page","type-page","status-publish"],"yoast_head":"<!-- This site is optimized with the Yoast SEO plugin v27.3 - https:\/\/yoast.com\/product\/yoast-seo-wordpress\/ -->\n<title>Conditions de ventes - Exception Audio<\/title>\n<meta name=\"robots\" content=\"index, follow, max-snippet:-1, max-image-preview:large, max-video-preview:-1\" \/>\n<link rel=\"canonical\" href=\"https:\/\/exceptionaudio.fr\/site\/conditions-de-ventes\/\" \/>\n<meta property=\"og:locale\" content=\"fr_FR\" \/>\n<meta property=\"og:type\" content=\"article\" \/>\n<meta property=\"og:title\" content=\"Conditions de ventes - Exception Audio\" \/>\n<meta property=\"og:description\" content=\"Les pr\u00e9sentes conditions de vente sont conclues d\u2019une part par la soci\u00e9t\u00e9 TH Distribution au capital social de 10.000 euros...\" \/>\n<meta property=\"og:url\" content=\"https:\/\/exceptionaudio.fr\/site\/conditions-de-ventes\/\" \/>\n<meta property=\"og:site_name\" content=\"Exception Audio\" \/>\n<meta property=\"article:publisher\" content=\"https:\/\/www.facebook.com\/ExceptionAudio\" \/>\n<meta property=\"article:modified_time\" content=\"2024-04-12T08:47:10+00:00\" \/>\n<meta property=\"og:image\" content=\"https:\/\/exceptionaudio.fr\/site\/wp-content\/uploads\/2021\/10\/log308.png\" \/>\n\t<meta property=\"og:image:width\" content=\"308\" \/>\n\t<meta property=\"og:image:height\" content=\"43\" \/>\n\t<meta property=\"og:image:type\" content=\"image\/png\" \/>\n<meta name=\"twitter:card\" content=\"summary_large_image\" \/>\n<meta name=\"twitter:label1\" content=\"Dur\u00e9e de lecture estim\u00e9e\" \/>\n\t<meta name=\"twitter:data1\" content=\"9 minutes\" \/>\n<script type=\"application\/ld+json\" class=\"yoast-schema-graph\">{\"@context\":\"https:\\\/\\\/schema.org\",\"@graph\":[{\"@type\":\"WebPage\",\"@id\":\"https:\\\/\\\/exceptionaudio.fr\\\/site\\\/conditions-de-ventes\\\/\",\"url\":\"https:\\\/\\\/exceptionaudio.fr\\\/site\\\/conditions-de-ventes\\\/\",\"name\":\"Conditions de ventes - Exception Audio\",\"isPartOf\":{\"@id\":\"https:\\\/\\\/exceptionaudio.fr\\\/site\\\/#website\"},\"datePublished\":\"2022-10-05T18:40:38+00:00\",\"dateModified\":\"2024-04-12T08:47:10+00:00\",\"breadcrumb\":{\"@id\":\"https:\\\/\\\/exceptionaudio.fr\\\/site\\\/conditions-de-ventes\\\/#breadcrumb\"},\"inLanguage\":\"fr-FR\",\"potentialAction\":[{\"@type\":\"ReadAction\",\"target\":[\"https:\\\/\\\/exceptionaudio.fr\\\/site\\\/conditions-de-ventes\\\/\"]}]},{\"@type\":\"BreadcrumbList\",\"@id\":\"https:\\\/\\\/exceptionaudio.fr\\\/site\\\/conditions-de-ventes\\\/#breadcrumb\",\"itemListElement\":[{\"@type\":\"ListItem\",\"position\":1,\"name\":\"Accueil\",\"item\":\"https:\\\/\\\/exceptionaudio.fr\\\/site\\\/\"},{\"@type\":\"ListItem\",\"position\":2,\"name\":\"Conditions de ventes\"}]},{\"@type\":\"WebSite\",\"@id\":\"https:\\\/\\\/exceptionaudio.fr\\\/site\\\/#website\",\"url\":\"https:\\\/\\\/exceptionaudio.fr\\\/site\\\/\",\"name\":\"Exception Audio\",\"description\":\"Magasin hi-fi Antibes\",\"publisher\":{\"@id\":\"https:\\\/\\\/exceptionaudio.fr\\\/site\\\/#organization\"},\"potentialAction\":[{\"@type\":\"SearchAction\",\"target\":{\"@type\":\"EntryPoint\",\"urlTemplate\":\"https:\\\/\\\/exceptionaudio.fr\\\/site\\\/?s={search_term_string}\"},\"query-input\":{\"@type\":\"PropertyValueSpecification\",\"valueRequired\":true,\"valueName\":\"search_term_string\"}}],\"inLanguage\":\"fr-FR\"},{\"@type\":\"Organization\",\"@id\":\"https:\\\/\\\/exceptionaudio.fr\\\/site\\\/#organization\",\"name\":\"Exception Audio\",\"url\":\"https:\\\/\\\/exceptionaudio.fr\\\/site\\\/\",\"logo\":{\"@type\":\"ImageObject\",\"inLanguage\":\"fr-FR\",\"@id\":\"https:\\\/\\\/exceptionaudio.fr\\\/site\\\/#\\\/schema\\\/logo\\\/image\\\/\",\"url\":\"https:\\\/\\\/exceptionaudio.fr\\\/site\\\/wp-content\\\/uploads\\\/2021\\\/10\\\/largeur-exception-audio-logos-noir.png\",\"contentUrl\":\"https:\\\/\\\/exceptionaudio.fr\\\/site\\\/wp-content\\\/uploads\\\/2021\\\/10\\\/largeur-exception-audio-logos-noir.png\",\"width\":357,\"height\":54,\"caption\":\"Exception Audio\"},\"image\":{\"@id\":\"https:\\\/\\\/exceptionaudio.fr\\\/site\\\/#\\\/schema\\\/logo\\\/image\\\/\"},\"sameAs\":[\"https:\\\/\\\/www.facebook.com\\\/ExceptionAudio\",\"https:\\\/\\\/www.instagram.com\\\/exception_audio\\\/\"]}]}<\/script>\n<!-- \/ Yoast SEO plugin. -->","yoast_head_json":{"title":"Conditions de ventes - Exception Audio","robots":{"index":"index","follow":"follow","max-snippet":"max-snippet:-1","max-image-preview":"max-image-preview:large","max-video-preview":"max-video-preview:-1"},"canonical":"https:\/\/exceptionaudio.fr\/site\/conditions-de-ventes\/","og_locale":"fr_FR","og_type":"article","og_title":"Conditions de ventes - Exception Audio","og_description":"Les pr\u00e9sentes conditions de vente sont conclues d\u2019une part par la soci\u00e9t\u00e9 TH Distribution au capital social de 10.000 euros...","og_url":"https:\/\/exceptionaudio.fr\/site\/conditions-de-ventes\/","og_site_name":"Exception Audio","article_publisher":"https:\/\/www.facebook.com\/ExceptionAudio","article_modified_time":"2024-04-12T08:47:10+00:00","og_image":[{"width":308,"height":43,"url":"https:\/\/exceptionaudio.fr\/site\/wp-content\/uploads\/2021\/10\/log308.png","type":"image\/png"}],"twitter_card":"summary_large_image","twitter_misc":{"Dur\u00e9e de lecture estim\u00e9e":"9 minutes"},"schema":{"@context":"https:\/\/schema.org","@graph":[{"@type":"WebPage","@id":"https:\/\/exceptionaudio.fr\/site\/conditions-de-ventes\/","url":"https:\/\/exceptionaudio.fr\/site\/conditions-de-ventes\/","name":"Conditions de ventes - Exception Audio","isPartOf":{"@id":"https:\/\/exceptionaudio.fr\/site\/#website"},"datePublished":"2022-10-05T18:40:38+00:00","dateModified":"2024-04-12T08:47:10+00:00","breadcrumb":{"@id":"https:\/\/exceptionaudio.fr\/site\/conditions-de-ventes\/#breadcrumb"},"inLanguage":"fr-FR","potentialAction":[{"@type":"ReadAction","target":["https:\/\/exceptionaudio.fr\/site\/conditions-de-ventes\/"]}]},{"@type":"BreadcrumbList","@id":"https:\/\/exceptionaudio.fr\/site\/conditions-de-ventes\/#breadcrumb","itemListElement":[{"@type":"ListItem","position":1,"name":"Accueil","item":"https:\/\/exceptionaudio.fr\/site\/"},{"@type":"ListItem","position":2,"name":"Conditions de ventes"}]},{"@type":"WebSite","@id":"https:\/\/exceptionaudio.fr\/site\/#website","url":"https:\/\/exceptionaudio.fr\/site\/","name":"Exception Audio","description":"Magasin hi-fi Antibes","publisher":{"@id":"https:\/\/exceptionaudio.fr\/site\/#organization"},"potentialAction":[{"@type":"SearchAction","target":{"@type":"EntryPoint","urlTemplate":"https:\/\/exceptionaudio.fr\/site\/?s={search_term_string}"},"query-input":{"@type":"PropertyValueSpecification","valueRequired":true,"valueName":"search_term_string"}}],"inLanguage":"fr-FR"},{"@type":"Organization","@id":"https:\/\/exceptionaudio.fr\/site\/#organization","name":"Exception Audio","url":"https:\/\/exceptionaudio.fr\/site\/","logo":{"@type":"ImageObject","inLanguage":"fr-FR","@id":"https:\/\/exceptionaudio.fr\/site\/#\/schema\/logo\/image\/","url":"https:\/\/exceptionaudio.fr\/site\/wp-content\/uploads\/2021\/10\/largeur-exception-audio-logos-noir.png","contentUrl":"https:\/\/exceptionaudio.fr\/site\/wp-content\/uploads\/2021\/10\/largeur-exception-audio-logos-noir.png","width":357,"height":54,"caption":"Exception Audio"},"image":{"@id":"https:\/\/exceptionaudio.fr\/site\/#\/schema\/logo\/image\/"},"sameAs":["https:\/\/www.facebook.com\/ExceptionAudio","https:\/\/www.instagram.com\/exception_audio\/"]}]}},"_links":{"self":[{"href":"https:\/\/exceptionaudio.fr\/site\/wp-json\/wp\/v2\/pages\/6677","targetHints":{"allow":["GET"]}}],"collection":[{"href":"https:\/\/exceptionaudio.fr\/site\/wp-json\/wp\/v2\/pages"}],"about":[{"href":"https:\/\/exceptionaudio.fr\/site\/wp-json\/wp\/v2\/types\/page"}],"author":[{"embeddable":true,"href":"https:\/\/exceptionaudio.fr\/site\/wp-json\/wp\/v2\/users\/2"}],"replies":[{"embeddable":true,"href":"https:\/\/exceptionaudio.fr\/site\/wp-json\/wp\/v2\/comments?post=6677"}],"version-history":[{"count":6,"href":"https:\/\/exceptionaudio.fr\/site\/wp-json\/wp\/v2\/pages\/6677\/revisions"}],"predecessor-version":[{"id":8723,"href":"https:\/\/exceptionaudio.fr\/site\/wp-json\/wp\/v2\/pages\/6677\/revisions\/8723"}],"wp:attachment":[{"href":"https:\/\/exceptionaudio.fr\/site\/wp-json\/wp\/v2\/media?parent=6677"}],"curies":[{"name":"wp","href":"https:\/\/api.w.org\/{rel}","templated":true}]}}