{"id":2227,"date":"2022-01-25T11:00:05","date_gmt":"2022-01-25T10:00:05","guid":{"rendered":"https:\/\/democontent.codex-themes.com\/sites-elementor-v5\/shop-online\/?post_type=product&#038;p=2227"},"modified":"2025-03-26T16:44:32","modified_gmt":"2025-03-26T15:44:32","slug":"enceintes-colonnnes-egglestonworks-emma-evolution","status":"publish","type":"product","link":"https:\/\/exceptionaudio.fr\/site\/produit\/enceintes-colonnnes-egglestonworks-emma-evolution\/","title":{"rendered":"EgglestonWorks Emma Evolution"},"content":{"rendered":"","protected":false},"excerpt":{"rendered":"<p>L\u2019<strong>Emma Evolution<\/strong> est le point d\u2019entr\u00e9e dans la gamme des <strong>enceintes colonnes<\/strong> <a href=\"https:\/\/exceptionaudio.fr\/site\/etiquette-produit\/egglestonworks\/\">EgglestonWorks<\/a>. Lorsque l&rsquo;Emma a \u00e9t\u00e9 d\u00e9velopp\u00e9e, le monde a \u00e9t\u00e9 t\u00e9moin d&rsquo;une <strong>r\u00e9volution en terme de performances et de qualit\u00e9<\/strong>. Par rapport aux g\u00e9n\u00e9rations pr\u00e9c\u00e9dentes, l\u2019Emma Evolution a connu un programme complet de recherche et d\u00e9veloppement dont l&rsquo;objectif fut d\u2019aller encore plus loin et notamment gr\u00e2ce \u00e0 un grave mieux explor\u00e9.<\/p>\n","protected":false},"featured_media":2533,"template":"","meta":[],"product_brand":[],"product_cat":[90,91],"product_tag":[164],"class_list":{"0":"post-2227","1":"product","2":"type-product","3":"status-publish","4":"has-post-thumbnail","6":"product_cat-enceintes-bibliotheques-colonnes-hifi","7":"product_cat-enceintes-colonnes","8":"product_tag-egglestonworks","10":"first","11":"instock","12":"taxable","13":"shipping-taxable","14":"purchasable","15":"product-type-variable"},"yoast_head":"<!-- This site is optimized with the Yoast SEO plugin v27.3 - https:\/\/yoast.com\/product\/yoast-seo-wordpress\/ -->\n<title>EgglestonWorks Emma Evolution - Enceinte colonne hifi - Exception Audio<\/title>\n<meta name=\"description\" content=\"EgglestonWorks Emma Evolution : Enceintes colonnes hifi 2,5 voies restituant toute les qualit\u00e9s sonores du constructeur de Menphis.\" \/>\n<meta name=\"robots\" content=\"index, follow, max-snippet:-1, max-image-preview:large, max-video-preview:-1\" \/>\n<link rel=\"canonical\" href=\"https:\/\/exceptionaudio.fr\/site\/produit\/enceintes-colonnnes-egglestonworks-emma-evolution\/\" \/>\n<meta property=\"og:locale\" content=\"fr_FR\" \/>\n<meta property=\"og:type\" content=\"article\" \/>\n<meta property=\"og:title\" content=\"EgglestonWorks Emma Evolution - Enceinte colonne hifi - Exception Audio\" \/>\n<meta property=\"og:description\" content=\"EgglestonWorks Emma Evolution : Enceintes colonnes hifi 2,5 voies restituant toute les qualit\u00e9s sonores du constructeur de Menphis.\" \/>\n<meta property=\"og:url\" content=\"https:\/\/exceptionaudio.fr\/site\/produit\/enceintes-colonnnes-egglestonworks-emma-evolution\/\" \/>\n<meta property=\"og:site_name\" content=\"Exception Audio\" \/>\n<meta property=\"article:publisher\" content=\"https:\/\/www.facebook.com\/ExceptionAudio\" \/>\n<meta property=\"article:modified_time\" content=\"2025-03-26T15:44:32+00:00\" \/>\n<meta property=\"og:image\" content=\"https:\/\/exceptionaudio.fr\/site\/wp-content\/uploads\/2021\/09\/1.-Emma.jpg\" \/>\n\t<meta property=\"og:image:width\" content=\"1280\" \/>\n\t<meta property=\"og:image:height\" content=\"1279\" \/>\n\t<meta property=\"og:image:type\" content=\"image\/jpeg\" \/>\n<meta name=\"twitter:card\" content=\"summary_large_image\" \/>\n<meta name=\"twitter:label1\" content=\"Dur\u00e9e de lecture estim\u00e9e\" \/>\n\t<meta name=\"twitter:data1\" content=\"1 minute\" \/>\n<script type=\"application\/ld+json\" class=\"yoast-schema-graph\">{\"@context\":\"https:\\\/\\\/schema.org\",\"@graph\":[{\"@type\":\"WebPage\",\"@id\":\"https:\\\/\\\/exceptionaudio.fr\\\/site\\\/produit\\\/enceintes-colonnnes-egglestonworks-emma-evolution\\\/\",\"url\":\"https:\\\/\\\/exceptionaudio.fr\\\/site\\\/produit\\\/enceintes-colonnnes-egglestonworks-emma-evolution\\\/\",\"name\":\"EgglestonWorks Emma Evolution - Enceinte colonne hifi - Exception Audio\",\"isPartOf\":{\"@id\":\"https:\\\/\\\/exceptionaudio.fr\\\/site\\\/#website\"},\"primaryImageOfPage\":{\"@id\":\"https:\\\/\\\/exceptionaudio.fr\\\/site\\\/produit\\\/enceintes-colonnnes-egglestonworks-emma-evolution\\\/#primaryimage\"},\"image\":{\"@id\":\"https:\\\/\\\/exceptionaudio.fr\\\/site\\\/produit\\\/enceintes-colonnnes-egglestonworks-emma-evolution\\\/#primaryimage\"},\"thumbnailUrl\":\"https:\\\/\\\/exceptionaudio.fr\\\/site\\\/wp-content\\\/uploads\\\/2021\\\/09\\\/1.-Emma.jpg\",\"datePublished\":\"2022-01-25T10:00:05+00:00\",\"dateModified\":\"2025-03-26T15:44:32+00:00\",\"description\":\"EgglestonWorks Emma Evolution : Enceintes colonnes hifi 2,5 voies restituant toute les qualit\u00e9s sonores du constructeur de Menphis.\",\"breadcrumb\":{\"@id\":\"https:\\\/\\\/exceptionaudio.fr\\\/site\\\/produit\\\/enceintes-colonnnes-egglestonworks-emma-evolution\\\/#breadcrumb\"},\"inLanguage\":\"fr-FR\",\"potentialAction\":[{\"@type\":\"ReadAction\",\"target\":[\"https:\\\/\\\/exceptionaudio.fr\\\/site\\\/produit\\\/enceintes-colonnnes-egglestonworks-emma-evolution\\\/\"]}]},{\"@type\":\"ImageObject\",\"inLanguage\":\"fr-FR\",\"@id\":\"https:\\\/\\\/exceptionaudio.fr\\\/site\\\/produit\\\/enceintes-colonnnes-egglestonworks-emma-evolution\\\/#primaryimage\",\"url\":\"https:\\\/\\\/exceptionaudio.fr\\\/site\\\/wp-content\\\/uploads\\\/2021\\\/09\\\/1.-Emma.jpg\",\"contentUrl\":\"https:\\\/\\\/exceptionaudio.fr\\\/site\\\/wp-content\\\/uploads\\\/2021\\\/09\\\/1.-Emma.jpg\",\"width\":1280,\"height\":1279,\"caption\":\"Enceintes colonnes hifi egglestonworks Emma Evolution rouge Exception Audio\"},{\"@type\":\"BreadcrumbList\",\"@id\":\"https:\\\/\\\/exceptionaudio.fr\\\/site\\\/produit\\\/enceintes-colonnnes-egglestonworks-emma-evolution\\\/#breadcrumb\",\"itemListElement\":[{\"@type\":\"ListItem\",\"position\":1,\"name\":\"Accueil\",\"item\":\"https:\\\/\\\/exceptionaudio.fr\\\/site\\\/\"},{\"@type\":\"ListItem\",\"position\":2,\"name\":\"Boutique\",\"item\":\"https:\\\/\\\/exceptionaudio.fr\\\/site\\\/boutique\\\/\"},{\"@type\":\"ListItem\",\"position\":3,\"name\":\"EgglestonWorks Emma Evolution\"}]},{\"@type\":\"WebSite\",\"@id\":\"https:\\\/\\\/exceptionaudio.fr\\\/site\\\/#website\",\"url\":\"https:\\\/\\\/exceptionaudio.fr\\\/site\\\/\",\"name\":\"Exception Audio\",\"description\":\"Magasin hi-fi Antibes\",\"publisher\":{\"@id\":\"https:\\\/\\\/exceptionaudio.fr\\\/site\\\/#organization\"},\"potentialAction\":[{\"@type\":\"SearchAction\",\"target\":{\"@type\":\"EntryPoint\",\"urlTemplate\":\"https:\\\/\\\/exceptionaudio.fr\\\/site\\\/?s={search_term_string}\"},\"query-input\":{\"@type\":\"PropertyValueSpecification\",\"valueRequired\":true,\"valueName\":\"search_term_string\"}}],\"inLanguage\":\"fr-FR\"},{\"@type\":\"Organization\",\"@id\":\"https:\\\/\\\/exceptionaudio.fr\\\/site\\\/#organization\",\"name\":\"Exception Audio\",\"url\":\"https:\\\/\\\/exceptionaudio.fr\\\/site\\\/\",\"logo\":{\"@type\":\"ImageObject\",\"inLanguage\":\"fr-FR\",\"@id\":\"https:\\\/\\\/exceptionaudio.fr\\\/site\\\/#\\\/schema\\\/logo\\\/image\\\/\",\"url\":\"https:\\\/\\\/exceptionaudio.fr\\\/site\\\/wp-content\\\/uploads\\\/2021\\\/10\\\/largeur-exception-audio-logos-noir.png\",\"contentUrl\":\"https:\\\/\\\/exceptionaudio.fr\\\/site\\\/wp-content\\\/uploads\\\/2021\\\/10\\\/largeur-exception-audio-logos-noir.png\",\"width\":357,\"height\":54,\"caption\":\"Exception Audio\"},\"image\":{\"@id\":\"https:\\\/\\\/exceptionaudio.fr\\\/site\\\/#\\\/schema\\\/logo\\\/image\\\/\"},\"sameAs\":[\"https:\\\/\\\/www.facebook.com\\\/ExceptionAudio\",\"https:\\\/\\\/www.instagram.com\\\/exception_audio\\\/\"]}]}<\/script>\n<!-- \/ Yoast SEO plugin. -->","yoast_head_json":{"title":"EgglestonWorks Emma Evolution - Enceinte colonne hifi - Exception Audio","description":"EgglestonWorks Emma Evolution : Enceintes colonnes hifi 2,5 voies restituant toute les qualit\u00e9s sonores du constructeur de Menphis.","robots":{"index":"index","follow":"follow","max-snippet":"max-snippet:-1","max-image-preview":"max-image-preview:large","max-video-preview":"max-video-preview:-1"},"canonical":"https:\/\/exceptionaudio.fr\/site\/produit\/enceintes-colonnnes-egglestonworks-emma-evolution\/","og_locale":"fr_FR","og_type":"article","og_title":"EgglestonWorks Emma Evolution - Enceinte colonne hifi - Exception Audio","og_description":"EgglestonWorks Emma Evolution : Enceintes colonnes hifi 2,5 voies restituant toute les qualit\u00e9s sonores du constructeur de Menphis.","og_url":"https:\/\/exceptionaudio.fr\/site\/produit\/enceintes-colonnnes-egglestonworks-emma-evolution\/","og_site_name":"Exception Audio","article_publisher":"https:\/\/www.facebook.com\/ExceptionAudio","article_modified_time":"2025-03-26T15:44:32+00:00","og_image":[{"width":1280,"height":1279,"url":"https:\/\/exceptionaudio.fr\/site\/wp-content\/uploads\/2021\/09\/1.-Emma.jpg","type":"image\/jpeg"}],"twitter_card":"summary_large_image","twitter_misc":{"Dur\u00e9e de lecture estim\u00e9e":"1 minute"},"schema":{"@context":"https:\/\/schema.org","@graph":[{"@type":"WebPage","@id":"https:\/\/exceptionaudio.fr\/site\/produit\/enceintes-colonnnes-egglestonworks-emma-evolution\/","url":"https:\/\/exceptionaudio.fr\/site\/produit\/enceintes-colonnnes-egglestonworks-emma-evolution\/","name":"EgglestonWorks Emma Evolution - Enceinte colonne hifi - Exception Audio","isPartOf":{"@id":"https:\/\/exceptionaudio.fr\/site\/#website"},"primaryImageOfPage":{"@id":"https:\/\/exceptionaudio.fr\/site\/produit\/enceintes-colonnnes-egglestonworks-emma-evolution\/#primaryimage"},"image":{"@id":"https:\/\/exceptionaudio.fr\/site\/produit\/enceintes-colonnnes-egglestonworks-emma-evolution\/#primaryimage"},"thumbnailUrl":"https:\/\/exceptionaudio.fr\/site\/wp-content\/uploads\/2021\/09\/1.-Emma.jpg","datePublished":"2022-01-25T10:00:05+00:00","dateModified":"2025-03-26T15:44:32+00:00","description":"EgglestonWorks Emma Evolution : Enceintes colonnes hifi 2,5 voies restituant toute les qualit\u00e9s sonores du constructeur de Menphis.","breadcrumb":{"@id":"https:\/\/exceptionaudio.fr\/site\/produit\/enceintes-colonnnes-egglestonworks-emma-evolution\/#breadcrumb"},"inLanguage":"fr-FR","potentialAction":[{"@type":"ReadAction","target":["https:\/\/exceptionaudio.fr\/site\/produit\/enceintes-colonnnes-egglestonworks-emma-evolution\/"]}]},{"@type":"ImageObject","inLanguage":"fr-FR","@id":"https:\/\/exceptionaudio.fr\/site\/produit\/enceintes-colonnnes-egglestonworks-emma-evolution\/#primaryimage","url":"https:\/\/exceptionaudio.fr\/site\/wp-content\/uploads\/2021\/09\/1.-Emma.jpg","contentUrl":"https:\/\/exceptionaudio.fr\/site\/wp-content\/uploads\/2021\/09\/1.-Emma.jpg","width":1280,"height":1279,"caption":"Enceintes colonnes hifi egglestonworks Emma Evolution rouge Exception Audio"},{"@type":"BreadcrumbList","@id":"https:\/\/exceptionaudio.fr\/site\/produit\/enceintes-colonnnes-egglestonworks-emma-evolution\/#breadcrumb","itemListElement":[{"@type":"ListItem","position":1,"name":"Accueil","item":"https:\/\/exceptionaudio.fr\/site\/"},{"@type":"ListItem","position":2,"name":"Boutique","item":"https:\/\/exceptionaudio.fr\/site\/boutique\/"},{"@type":"ListItem","position":3,"name":"EgglestonWorks Emma Evolution"}]},{"@type":"WebSite","@id":"https:\/\/exceptionaudio.fr\/site\/#website","url":"https:\/\/exceptionaudio.fr\/site\/","name":"Exception Audio","description":"Magasin hi-fi Antibes","publisher":{"@id":"https:\/\/exceptionaudio.fr\/site\/#organization"},"potentialAction":[{"@type":"SearchAction","target":{"@type":"EntryPoint","urlTemplate":"https:\/\/exceptionaudio.fr\/site\/?s={search_term_string}"},"query-input":{"@type":"PropertyValueSpecification","valueRequired":true,"valueName":"search_term_string"}}],"inLanguage":"fr-FR"},{"@type":"Organization","@id":"https:\/\/exceptionaudio.fr\/site\/#organization","name":"Exception Audio","url":"https:\/\/exceptionaudio.fr\/site\/","logo":{"@type":"ImageObject","inLanguage":"fr-FR","@id":"https:\/\/exceptionaudio.fr\/site\/#\/schema\/logo\/image\/","url":"https:\/\/exceptionaudio.fr\/site\/wp-content\/uploads\/2021\/10\/largeur-exception-audio-logos-noir.png","contentUrl":"https:\/\/exceptionaudio.fr\/site\/wp-content\/uploads\/2021\/10\/largeur-exception-audio-logos-noir.png","width":357,"height":54,"caption":"Exception Audio"},"image":{"@id":"https:\/\/exceptionaudio.fr\/site\/#\/schema\/logo\/image\/"},"sameAs":["https:\/\/www.facebook.com\/ExceptionAudio","https:\/\/www.instagram.com\/exception_audio\/"]}]}},"_links":{"self":[{"href":"https:\/\/exceptionaudio.fr\/site\/wp-json\/wp\/v2\/product\/2227","targetHints":{"allow":["GET"]}}],"collection":[{"href":"https:\/\/exceptionaudio.fr\/site\/wp-json\/wp\/v2\/product"}],"about":[{"href":"https:\/\/exceptionaudio.fr\/site\/wp-json\/wp\/v2\/types\/product"}],"version-history":[{"count":1,"href":"https:\/\/exceptionaudio.fr\/site\/wp-json\/wp\/v2\/product\/2227\/revisions"}],"predecessor-version":[{"id":9470,"href":"https:\/\/exceptionaudio.fr\/site\/wp-json\/wp\/v2\/product\/2227\/revisions\/9470"}],"wp:featuredmedia":[{"embeddable":true,"href":"https:\/\/exceptionaudio.fr\/site\/wp-json\/wp\/v2\/media\/2533"}],"wp:attachment":[{"href":"https:\/\/exceptionaudio.fr\/site\/wp-json\/wp\/v2\/media?parent=2227"}],"wp:term":[{"taxonomy":"product_brand","embeddable":true,"href":"https:\/\/exceptionaudio.fr\/site\/wp-json\/wp\/v2\/product_brand?post=2227"},{"taxonomy":"product_cat","embeddable":true,"href":"https:\/\/exceptionaudio.fr\/site\/wp-json\/wp\/v2\/product_cat?post=2227"},{"taxonomy":"product_tag","embeddable":true,"href":"https:\/\/exceptionaudio.fr\/site\/wp-json\/wp\/v2\/product_tag?post=2227"}],"curies":[{"name":"wp","href":"https:\/\/api.w.org\/{rel}","templated":true}]}}