{"id":2562,"date":"2021-10-11T15:49:35","date_gmt":"2021-10-11T13:49:35","guid":{"rendered":"https:\/\/exceptionaudio.fr\/site\/?post_type=product&#038;p=2562"},"modified":"2025-11-05T10:07:46","modified_gmt":"2025-11-05T09:07:46","slug":"enceinte-colonne-egglestonworks-kiva","status":"publish","type":"product","link":"https:\/\/exceptionaudio.fr\/site\/produit\/enceinte-colonne-egglestonworks-kiva\/","title":{"rendered":"EgglestonWorks Kiva"},"content":{"rendered":"","protected":false},"excerpt":{"rendered":"<p>L&rsquo;Egglestonworks Kiva vous fera retomber amoureux de la musique, pendant d\u2019innombrables heures. Imposante avec \u00e9l\u00e9gance, autorit\u00e9 avec subtilit\u00e9, dynamique avec douceur et raffinement sont les mots qui d\u00e9crivent le mieux ces fantastiques enceintes haute fid\u00e9lit\u00e9. E<span style=\"color: #00000a;\">lle est si \u00e9troitement d\u00e9riv\u00e9e de la Viginti qu&rsquo;elle est surnom\u00e9e \u00ab Baby Viginti \u00bb. Il s&rsquo;agit d&rsquo;une enceinte colonne hifi 3 voies qui rivalisent avec celles d\u2019un prix beaucoup plus \u00e9lev\u00e9.<\/span><\/p>\n","protected":false},"featured_media":2567,"template":"","meta":[],"product_brand":[],"product_cat":[241],"product_tag":[],"class_list":{"0":"post-2562","1":"product","2":"type-product","3":"status-publish","4":"has-post-thumbnail","6":"product_cat-archives","8":"first","9":"instock","10":"taxable","11":"shipping-taxable","12":"purchasable","13":"product-type-variable"},"yoast_head":"<!-- This site is optimized with the Yoast SEO plugin v27.3 - https:\/\/yoast.com\/product\/yoast-seo-wordpress\/ -->\n<title>EgglestonWorks Kiva - Enceintes hifi - Exception Audio<\/title>\n<meta name=\"description\" content=\"Egglestonworks Kiva : Enceinte colonne hifi 3 voies d\u00e9velopp\u00e9e dans la foul\u00e9e du lancement de la Viginti pour l&#039;anniversaire de l&#039;Andra 3.\" \/>\n<meta name=\"robots\" content=\"index, follow, max-snippet:-1, max-image-preview:large, max-video-preview:-1\" \/>\n<link rel=\"canonical\" href=\"https:\/\/exceptionaudio.fr\/site\/produit\/enceinte-colonne-egglestonworks-kiva\/\" \/>\n<meta property=\"og:locale\" content=\"fr_FR\" \/>\n<meta property=\"og:type\" content=\"article\" \/>\n<meta property=\"og:title\" content=\"EgglestonWorks Kiva - Enceintes hifi - Exception Audio\" \/>\n<meta property=\"og:description\" content=\"Egglestonworks Kiva : Enceinte colonne hifi 3 voies d\u00e9velopp\u00e9e dans la foul\u00e9e du lancement de la Viginti pour l&#039;anniversaire de l&#039;Andra 3.\" \/>\n<meta property=\"og:url\" content=\"https:\/\/exceptionaudio.fr\/site\/produit\/enceinte-colonne-egglestonworks-kiva\/\" \/>\n<meta property=\"og:site_name\" content=\"Exception Audio\" \/>\n<meta property=\"article:publisher\" content=\"https:\/\/www.facebook.com\/ExceptionAudio\" \/>\n<meta property=\"article:modified_time\" content=\"2025-11-05T09:07:46+00:00\" \/>\n<meta property=\"og:image\" content=\"https:\/\/exceptionaudio.fr\/site\/wp-content\/uploads\/2021\/10\/1.-Kiva.jpg\" \/>\n\t<meta property=\"og:image:width\" content=\"800\" \/>\n\t<meta property=\"og:image:height\" content=\"1000\" \/>\n\t<meta property=\"og:image:type\" content=\"image\/jpeg\" \/>\n<meta name=\"twitter:card\" content=\"summary_large_image\" \/>\n<script type=\"application\/ld+json\" class=\"yoast-schema-graph\">{\"@context\":\"https:\\\/\\\/schema.org\",\"@graph\":[{\"@type\":\"WebPage\",\"@id\":\"https:\\\/\\\/exceptionaudio.fr\\\/site\\\/produit\\\/enceinte-colonne-egglestonworks-kiva\\\/\",\"url\":\"https:\\\/\\\/exceptionaudio.fr\\\/site\\\/produit\\\/enceinte-colonne-egglestonworks-kiva\\\/\",\"name\":\"EgglestonWorks Kiva - Enceintes hifi - Exception Audio\",\"isPartOf\":{\"@id\":\"https:\\\/\\\/exceptionaudio.fr\\\/site\\\/#website\"},\"primaryImageOfPage\":{\"@id\":\"https:\\\/\\\/exceptionaudio.fr\\\/site\\\/produit\\\/enceinte-colonne-egglestonworks-kiva\\\/#primaryimage\"},\"image\":{\"@id\":\"https:\\\/\\\/exceptionaudio.fr\\\/site\\\/produit\\\/enceinte-colonne-egglestonworks-kiva\\\/#primaryimage\"},\"thumbnailUrl\":\"https:\\\/\\\/exceptionaudio.fr\\\/site\\\/wp-content\\\/uploads\\\/2021\\\/10\\\/1.-Kiva.jpg\",\"datePublished\":\"2021-10-11T13:49:35+00:00\",\"dateModified\":\"2025-11-05T09:07:46+00:00\",\"description\":\"Egglestonworks Kiva : Enceinte colonne hifi 3 voies d\u00e9velopp\u00e9e dans la foul\u00e9e du lancement de la Viginti pour l'anniversaire de l'Andra 3.\",\"breadcrumb\":{\"@id\":\"https:\\\/\\\/exceptionaudio.fr\\\/site\\\/produit\\\/enceinte-colonne-egglestonworks-kiva\\\/#breadcrumb\"},\"inLanguage\":\"fr-FR\",\"potentialAction\":[{\"@type\":\"ReadAction\",\"target\":[\"https:\\\/\\\/exceptionaudio.fr\\\/site\\\/produit\\\/enceinte-colonne-egglestonworks-kiva\\\/\"]}]},{\"@type\":\"ImageObject\",\"inLanguage\":\"fr-FR\",\"@id\":\"https:\\\/\\\/exceptionaudio.fr\\\/site\\\/produit\\\/enceinte-colonne-egglestonworks-kiva\\\/#primaryimage\",\"url\":\"https:\\\/\\\/exceptionaudio.fr\\\/site\\\/wp-content\\\/uploads\\\/2021\\\/10\\\/1.-Kiva.jpg\",\"contentUrl\":\"https:\\\/\\\/exceptionaudio.fr\\\/site\\\/wp-content\\\/uploads\\\/2021\\\/10\\\/1.-Kiva.jpg\",\"width\":800,\"height\":1000,\"caption\":\"Enceintes colonnes hifi egglestonworks Kiva grise Exception Audio\"},{\"@type\":\"BreadcrumbList\",\"@id\":\"https:\\\/\\\/exceptionaudio.fr\\\/site\\\/produit\\\/enceinte-colonne-egglestonworks-kiva\\\/#breadcrumb\",\"itemListElement\":[{\"@type\":\"ListItem\",\"position\":1,\"name\":\"Accueil\",\"item\":\"https:\\\/\\\/exceptionaudio.fr\\\/site\\\/\"},{\"@type\":\"ListItem\",\"position\":2,\"name\":\"Boutique\",\"item\":\"https:\\\/\\\/exceptionaudio.fr\\\/site\\\/boutique\\\/\"},{\"@type\":\"ListItem\",\"position\":3,\"name\":\"EgglestonWorks Kiva\"}]},{\"@type\":\"WebSite\",\"@id\":\"https:\\\/\\\/exceptionaudio.fr\\\/site\\\/#website\",\"url\":\"https:\\\/\\\/exceptionaudio.fr\\\/site\\\/\",\"name\":\"Exception Audio\",\"description\":\"Magasin hi-fi Antibes\",\"publisher\":{\"@id\":\"https:\\\/\\\/exceptionaudio.fr\\\/site\\\/#organization\"},\"potentialAction\":[{\"@type\":\"SearchAction\",\"target\":{\"@type\":\"EntryPoint\",\"urlTemplate\":\"https:\\\/\\\/exceptionaudio.fr\\\/site\\\/?s={search_term_string}\"},\"query-input\":{\"@type\":\"PropertyValueSpecification\",\"valueRequired\":true,\"valueName\":\"search_term_string\"}}],\"inLanguage\":\"fr-FR\"},{\"@type\":\"Organization\",\"@id\":\"https:\\\/\\\/exceptionaudio.fr\\\/site\\\/#organization\",\"name\":\"Exception Audio\",\"url\":\"https:\\\/\\\/exceptionaudio.fr\\\/site\\\/\",\"logo\":{\"@type\":\"ImageObject\",\"inLanguage\":\"fr-FR\",\"@id\":\"https:\\\/\\\/exceptionaudio.fr\\\/site\\\/#\\\/schema\\\/logo\\\/image\\\/\",\"url\":\"https:\\\/\\\/exceptionaudio.fr\\\/site\\\/wp-content\\\/uploads\\\/2021\\\/10\\\/largeur-exception-audio-logos-noir.png\",\"contentUrl\":\"https:\\\/\\\/exceptionaudio.fr\\\/site\\\/wp-content\\\/uploads\\\/2021\\\/10\\\/largeur-exception-audio-logos-noir.png\",\"width\":357,\"height\":54,\"caption\":\"Exception Audio\"},\"image\":{\"@id\":\"https:\\\/\\\/exceptionaudio.fr\\\/site\\\/#\\\/schema\\\/logo\\\/image\\\/\"},\"sameAs\":[\"https:\\\/\\\/www.facebook.com\\\/ExceptionAudio\",\"https:\\\/\\\/www.instagram.com\\\/exception_audio\\\/\"]}]}<\/script>\n<!-- \/ Yoast SEO plugin. -->","yoast_head_json":{"title":"EgglestonWorks Kiva - Enceintes hifi - Exception Audio","description":"Egglestonworks Kiva : Enceinte colonne hifi 3 voies d\u00e9velopp\u00e9e dans la foul\u00e9e du lancement de la Viginti pour l'anniversaire de l'Andra 3.","robots":{"index":"index","follow":"follow","max-snippet":"max-snippet:-1","max-image-preview":"max-image-preview:large","max-video-preview":"max-video-preview:-1"},"canonical":"https:\/\/exceptionaudio.fr\/site\/produit\/enceinte-colonne-egglestonworks-kiva\/","og_locale":"fr_FR","og_type":"article","og_title":"EgglestonWorks Kiva - Enceintes hifi - Exception Audio","og_description":"Egglestonworks Kiva : Enceinte colonne hifi 3 voies d\u00e9velopp\u00e9e dans la foul\u00e9e du lancement de la Viginti pour l'anniversaire de l'Andra 3.","og_url":"https:\/\/exceptionaudio.fr\/site\/produit\/enceinte-colonne-egglestonworks-kiva\/","og_site_name":"Exception Audio","article_publisher":"https:\/\/www.facebook.com\/ExceptionAudio","article_modified_time":"2025-11-05T09:07:46+00:00","og_image":[{"width":800,"height":1000,"url":"https:\/\/exceptionaudio.fr\/site\/wp-content\/uploads\/2021\/10\/1.-Kiva.jpg","type":"image\/jpeg"}],"twitter_card":"summary_large_image","schema":{"@context":"https:\/\/schema.org","@graph":[{"@type":"WebPage","@id":"https:\/\/exceptionaudio.fr\/site\/produit\/enceinte-colonne-egglestonworks-kiva\/","url":"https:\/\/exceptionaudio.fr\/site\/produit\/enceinte-colonne-egglestonworks-kiva\/","name":"EgglestonWorks Kiva - Enceintes hifi - Exception Audio","isPartOf":{"@id":"https:\/\/exceptionaudio.fr\/site\/#website"},"primaryImageOfPage":{"@id":"https:\/\/exceptionaudio.fr\/site\/produit\/enceinte-colonne-egglestonworks-kiva\/#primaryimage"},"image":{"@id":"https:\/\/exceptionaudio.fr\/site\/produit\/enceinte-colonne-egglestonworks-kiva\/#primaryimage"},"thumbnailUrl":"https:\/\/exceptionaudio.fr\/site\/wp-content\/uploads\/2021\/10\/1.-Kiva.jpg","datePublished":"2021-10-11T13:49:35+00:00","dateModified":"2025-11-05T09:07:46+00:00","description":"Egglestonworks Kiva : Enceinte colonne hifi 3 voies d\u00e9velopp\u00e9e dans la foul\u00e9e du lancement de la Viginti pour l'anniversaire de l'Andra 3.","breadcrumb":{"@id":"https:\/\/exceptionaudio.fr\/site\/produit\/enceinte-colonne-egglestonworks-kiva\/#breadcrumb"},"inLanguage":"fr-FR","potentialAction":[{"@type":"ReadAction","target":["https:\/\/exceptionaudio.fr\/site\/produit\/enceinte-colonne-egglestonworks-kiva\/"]}]},{"@type":"ImageObject","inLanguage":"fr-FR","@id":"https:\/\/exceptionaudio.fr\/site\/produit\/enceinte-colonne-egglestonworks-kiva\/#primaryimage","url":"https:\/\/exceptionaudio.fr\/site\/wp-content\/uploads\/2021\/10\/1.-Kiva.jpg","contentUrl":"https:\/\/exceptionaudio.fr\/site\/wp-content\/uploads\/2021\/10\/1.-Kiva.jpg","width":800,"height":1000,"caption":"Enceintes colonnes hifi egglestonworks Kiva grise Exception Audio"},{"@type":"BreadcrumbList","@id":"https:\/\/exceptionaudio.fr\/site\/produit\/enceinte-colonne-egglestonworks-kiva\/#breadcrumb","itemListElement":[{"@type":"ListItem","position":1,"name":"Accueil","item":"https:\/\/exceptionaudio.fr\/site\/"},{"@type":"ListItem","position":2,"name":"Boutique","item":"https:\/\/exceptionaudio.fr\/site\/boutique\/"},{"@type":"ListItem","position":3,"name":"EgglestonWorks Kiva"}]},{"@type":"WebSite","@id":"https:\/\/exceptionaudio.fr\/site\/#website","url":"https:\/\/exceptionaudio.fr\/site\/","name":"Exception Audio","description":"Magasin hi-fi Antibes","publisher":{"@id":"https:\/\/exceptionaudio.fr\/site\/#organization"},"potentialAction":[{"@type":"SearchAction","target":{"@type":"EntryPoint","urlTemplate":"https:\/\/exceptionaudio.fr\/site\/?s={search_term_string}"},"query-input":{"@type":"PropertyValueSpecification","valueRequired":true,"valueName":"search_term_string"}}],"inLanguage":"fr-FR"},{"@type":"Organization","@id":"https:\/\/exceptionaudio.fr\/site\/#organization","name":"Exception Audio","url":"https:\/\/exceptionaudio.fr\/site\/","logo":{"@type":"ImageObject","inLanguage":"fr-FR","@id":"https:\/\/exceptionaudio.fr\/site\/#\/schema\/logo\/image\/","url":"https:\/\/exceptionaudio.fr\/site\/wp-content\/uploads\/2021\/10\/largeur-exception-audio-logos-noir.png","contentUrl":"https:\/\/exceptionaudio.fr\/site\/wp-content\/uploads\/2021\/10\/largeur-exception-audio-logos-noir.png","width":357,"height":54,"caption":"Exception Audio"},"image":{"@id":"https:\/\/exceptionaudio.fr\/site\/#\/schema\/logo\/image\/"},"sameAs":["https:\/\/www.facebook.com\/ExceptionAudio","https:\/\/www.instagram.com\/exception_audio\/"]}]}},"_links":{"self":[{"href":"https:\/\/exceptionaudio.fr\/site\/wp-json\/wp\/v2\/product\/2562","targetHints":{"allow":["GET"]}}],"collection":[{"href":"https:\/\/exceptionaudio.fr\/site\/wp-json\/wp\/v2\/product"}],"about":[{"href":"https:\/\/exceptionaudio.fr\/site\/wp-json\/wp\/v2\/types\/product"}],"version-history":[{"count":1,"href":"https:\/\/exceptionaudio.fr\/site\/wp-json\/wp\/v2\/product\/2562\/revisions"}],"predecessor-version":[{"id":9781,"href":"https:\/\/exceptionaudio.fr\/site\/wp-json\/wp\/v2\/product\/2562\/revisions\/9781"}],"wp:featuredmedia":[{"embeddable":true,"href":"https:\/\/exceptionaudio.fr\/site\/wp-json\/wp\/v2\/media\/2567"}],"wp:attachment":[{"href":"https:\/\/exceptionaudio.fr\/site\/wp-json\/wp\/v2\/media?parent=2562"}],"wp:term":[{"taxonomy":"product_brand","embeddable":true,"href":"https:\/\/exceptionaudio.fr\/site\/wp-json\/wp\/v2\/product_brand?post=2562"},{"taxonomy":"product_cat","embeddable":true,"href":"https:\/\/exceptionaudio.fr\/site\/wp-json\/wp\/v2\/product_cat?post=2562"},{"taxonomy":"product_tag","embeddable":true,"href":"https:\/\/exceptionaudio.fr\/site\/wp-json\/wp\/v2\/product_tag?post=2562"}],"curies":[{"name":"wp","href":"https:\/\/api.w.org\/{rel}","templated":true}]}}