{"id":2576,"date":"2021-10-11T16:04:18","date_gmt":"2021-10-11T14:04:18","guid":{"rendered":"https:\/\/exceptionaudio.fr\/site\/?post_type=product&#038;p=2576"},"modified":"2025-11-05T10:37:33","modified_gmt":"2025-11-05T09:37:33","slug":"enceinte-colonne-egglestonworks-andra-iii-se","status":"publish","type":"product","link":"https:\/\/exceptionaudio.fr\/site\/produit\/enceinte-colonne-egglestonworks-andra-iii-se\/","title":{"rendered":"EgglestonWorks Andra III SE"},"content":{"rendered":"","protected":false},"excerpt":{"rendered":"<p>Peu de noms dans la haute-fid\u00e9lit\u00e9 sont aussi embl\u00e9matiques que l\u2019EgglestonWorks Andra. En 1997, un groupe d\u2019artisans m\u00e9lomanes de Memphis a secou\u00e9 le monde audiophile avec les d\u00e9buts de l\u2019Andra. EgglestonWorks n\u2019\u00e9tait pas tr\u00e8s connu \u00e0 l\u2019\u00e9poque mais l\u2019Andra a tr\u00e8s vite chang\u00e9 la donne. L\u2019Andra a \u00e9t\u00e9 imm\u00e9diatement acclam\u00e9e par la critique, remportant le prestigieux \u00ab Speaker of the Year \u00bb de Stereophile. Le dernier n\u00e9 de l\u2019\u00e9volution d\u2019un produit aussi mythique, l\u2019Andra 3, ne d\u00e9\u00e7oit pas. L\u2019Andra III SE est clairement digne de sa r\u00e9putation.<\/p>\n","protected":false},"featured_media":2581,"template":"","meta":[],"product_brand":[],"product_cat":[241],"product_tag":[],"class_list":{"0":"post-2576","1":"product","2":"type-product","3":"status-publish","4":"has-post-thumbnail","6":"product_cat-archives","8":"first","9":"instock","10":"taxable","11":"shipping-taxable","12":"purchasable","13":"product-type-variable"},"yoast_head":"<!-- This site is optimized with the Yoast SEO plugin v27.3 - https:\/\/yoast.com\/product\/yoast-seo-wordpress\/ -->\n<title>EgglestonWorks Andra III SE - Enceintes hifi - Exception Audio<\/title>\n<meta name=\"description\" content=\"Egglestonworks Andra III SE : Peu de noms dans la haute-fid\u00e9lit\u00e9 sont aussi embl\u00e9matiques que l\u2019enceinte colonne hifi 3 voies Andra.\" \/>\n<meta name=\"robots\" content=\"index, follow, max-snippet:-1, max-image-preview:large, max-video-preview:-1\" \/>\n<link rel=\"canonical\" href=\"https:\/\/exceptionaudio.fr\/site\/produit\/enceinte-colonne-egglestonworks-andra-iii-se\/\" \/>\n<meta property=\"og:locale\" content=\"fr_FR\" \/>\n<meta property=\"og:type\" content=\"article\" \/>\n<meta property=\"og:title\" content=\"EgglestonWorks Andra III SE - Enceintes hifi - Exception Audio\" \/>\n<meta property=\"og:description\" content=\"Egglestonworks Andra III SE : Peu de noms dans la haute-fid\u00e9lit\u00e9 sont aussi embl\u00e9matiques que l\u2019enceinte colonne hifi 3 voies Andra.\" \/>\n<meta property=\"og:url\" content=\"https:\/\/exceptionaudio.fr\/site\/produit\/enceinte-colonne-egglestonworks-andra-iii-se\/\" \/>\n<meta property=\"og:site_name\" content=\"Exception Audio\" \/>\n<meta property=\"article:publisher\" content=\"https:\/\/www.facebook.com\/ExceptionAudio\" \/>\n<meta property=\"article:modified_time\" content=\"2025-11-05T09:37:33+00:00\" \/>\n<meta property=\"og:image\" content=\"https:\/\/exceptionaudio.fr\/site\/wp-content\/uploads\/2021\/10\/1.-Andra.jpg\" \/>\n\t<meta property=\"og:image:width\" content=\"1280\" \/>\n\t<meta property=\"og:image:height\" content=\"1280\" \/>\n\t<meta property=\"og:image:type\" content=\"image\/jpeg\" \/>\n<meta name=\"twitter:card\" content=\"summary_large_image\" \/>\n<script type=\"application\/ld+json\" class=\"yoast-schema-graph\">{\"@context\":\"https:\\\/\\\/schema.org\",\"@graph\":[{\"@type\":\"WebPage\",\"@id\":\"https:\\\/\\\/exceptionaudio.fr\\\/site\\\/produit\\\/enceinte-colonne-egglestonworks-andra-iii-se\\\/\",\"url\":\"https:\\\/\\\/exceptionaudio.fr\\\/site\\\/produit\\\/enceinte-colonne-egglestonworks-andra-iii-se\\\/\",\"name\":\"EgglestonWorks Andra III SE - Enceintes hifi - Exception Audio\",\"isPartOf\":{\"@id\":\"https:\\\/\\\/exceptionaudio.fr\\\/site\\\/#website\"},\"primaryImageOfPage\":{\"@id\":\"https:\\\/\\\/exceptionaudio.fr\\\/site\\\/produit\\\/enceinte-colonne-egglestonworks-andra-iii-se\\\/#primaryimage\"},\"image\":{\"@id\":\"https:\\\/\\\/exceptionaudio.fr\\\/site\\\/produit\\\/enceinte-colonne-egglestonworks-andra-iii-se\\\/#primaryimage\"},\"thumbnailUrl\":\"https:\\\/\\\/exceptionaudio.fr\\\/site\\\/wp-content\\\/uploads\\\/2021\\\/10\\\/1.-Andra.jpg\",\"datePublished\":\"2021-10-11T14:04:18+00:00\",\"dateModified\":\"2025-11-05T09:37:33+00:00\",\"description\":\"Egglestonworks Andra III SE : Peu de noms dans la haute-fid\u00e9lit\u00e9 sont aussi embl\u00e9matiques que l\u2019enceinte colonne hifi 3 voies Andra.\",\"breadcrumb\":{\"@id\":\"https:\\\/\\\/exceptionaudio.fr\\\/site\\\/produit\\\/enceinte-colonne-egglestonworks-andra-iii-se\\\/#breadcrumb\"},\"inLanguage\":\"fr-FR\",\"potentialAction\":[{\"@type\":\"ReadAction\",\"target\":[\"https:\\\/\\\/exceptionaudio.fr\\\/site\\\/produit\\\/enceinte-colonne-egglestonworks-andra-iii-se\\\/\"]}]},{\"@type\":\"ImageObject\",\"inLanguage\":\"fr-FR\",\"@id\":\"https:\\\/\\\/exceptionaudio.fr\\\/site\\\/produit\\\/enceinte-colonne-egglestonworks-andra-iii-se\\\/#primaryimage\",\"url\":\"https:\\\/\\\/exceptionaudio.fr\\\/site\\\/wp-content\\\/uploads\\\/2021\\\/10\\\/1.-Andra.jpg\",\"contentUrl\":\"https:\\\/\\\/exceptionaudio.fr\\\/site\\\/wp-content\\\/uploads\\\/2021\\\/10\\\/1.-Andra.jpg\",\"width\":1280,\"height\":1280,\"caption\":\"Enceintes colonnes hifi egglestonworks Andra III SE Exception Audio\"},{\"@type\":\"BreadcrumbList\",\"@id\":\"https:\\\/\\\/exceptionaudio.fr\\\/site\\\/produit\\\/enceinte-colonne-egglestonworks-andra-iii-se\\\/#breadcrumb\",\"itemListElement\":[{\"@type\":\"ListItem\",\"position\":1,\"name\":\"Accueil\",\"item\":\"https:\\\/\\\/exceptionaudio.fr\\\/site\\\/\"},{\"@type\":\"ListItem\",\"position\":2,\"name\":\"Boutique\",\"item\":\"https:\\\/\\\/exceptionaudio.fr\\\/site\\\/boutique\\\/\"},{\"@type\":\"ListItem\",\"position\":3,\"name\":\"EgglestonWorks Andra III SE\"}]},{\"@type\":\"WebSite\",\"@id\":\"https:\\\/\\\/exceptionaudio.fr\\\/site\\\/#website\",\"url\":\"https:\\\/\\\/exceptionaudio.fr\\\/site\\\/\",\"name\":\"Exception Audio\",\"description\":\"Magasin hi-fi Antibes\",\"publisher\":{\"@id\":\"https:\\\/\\\/exceptionaudio.fr\\\/site\\\/#organization\"},\"potentialAction\":[{\"@type\":\"SearchAction\",\"target\":{\"@type\":\"EntryPoint\",\"urlTemplate\":\"https:\\\/\\\/exceptionaudio.fr\\\/site\\\/?s={search_term_string}\"},\"query-input\":{\"@type\":\"PropertyValueSpecification\",\"valueRequired\":true,\"valueName\":\"search_term_string\"}}],\"inLanguage\":\"fr-FR\"},{\"@type\":\"Organization\",\"@id\":\"https:\\\/\\\/exceptionaudio.fr\\\/site\\\/#organization\",\"name\":\"Exception Audio\",\"url\":\"https:\\\/\\\/exceptionaudio.fr\\\/site\\\/\",\"logo\":{\"@type\":\"ImageObject\",\"inLanguage\":\"fr-FR\",\"@id\":\"https:\\\/\\\/exceptionaudio.fr\\\/site\\\/#\\\/schema\\\/logo\\\/image\\\/\",\"url\":\"https:\\\/\\\/exceptionaudio.fr\\\/site\\\/wp-content\\\/uploads\\\/2021\\\/10\\\/largeur-exception-audio-logos-noir.png\",\"contentUrl\":\"https:\\\/\\\/exceptionaudio.fr\\\/site\\\/wp-content\\\/uploads\\\/2021\\\/10\\\/largeur-exception-audio-logos-noir.png\",\"width\":357,\"height\":54,\"caption\":\"Exception Audio\"},\"image\":{\"@id\":\"https:\\\/\\\/exceptionaudio.fr\\\/site\\\/#\\\/schema\\\/logo\\\/image\\\/\"},\"sameAs\":[\"https:\\\/\\\/www.facebook.com\\\/ExceptionAudio\",\"https:\\\/\\\/www.instagram.com\\\/exception_audio\\\/\"]}]}<\/script>\n<!-- \/ Yoast SEO plugin. -->","yoast_head_json":{"title":"EgglestonWorks Andra III SE - Enceintes hifi - Exception Audio","description":"Egglestonworks Andra III SE : Peu de noms dans la haute-fid\u00e9lit\u00e9 sont aussi embl\u00e9matiques que l\u2019enceinte colonne hifi 3 voies Andra.","robots":{"index":"index","follow":"follow","max-snippet":"max-snippet:-1","max-image-preview":"max-image-preview:large","max-video-preview":"max-video-preview:-1"},"canonical":"https:\/\/exceptionaudio.fr\/site\/produit\/enceinte-colonne-egglestonworks-andra-iii-se\/","og_locale":"fr_FR","og_type":"article","og_title":"EgglestonWorks Andra III SE - Enceintes hifi - Exception Audio","og_description":"Egglestonworks Andra III SE : Peu de noms dans la haute-fid\u00e9lit\u00e9 sont aussi embl\u00e9matiques que l\u2019enceinte colonne hifi 3 voies Andra.","og_url":"https:\/\/exceptionaudio.fr\/site\/produit\/enceinte-colonne-egglestonworks-andra-iii-se\/","og_site_name":"Exception Audio","article_publisher":"https:\/\/www.facebook.com\/ExceptionAudio","article_modified_time":"2025-11-05T09:37:33+00:00","og_image":[{"width":1280,"height":1280,"url":"https:\/\/exceptionaudio.fr\/site\/wp-content\/uploads\/2021\/10\/1.-Andra.jpg","type":"image\/jpeg"}],"twitter_card":"summary_large_image","schema":{"@context":"https:\/\/schema.org","@graph":[{"@type":"WebPage","@id":"https:\/\/exceptionaudio.fr\/site\/produit\/enceinte-colonne-egglestonworks-andra-iii-se\/","url":"https:\/\/exceptionaudio.fr\/site\/produit\/enceinte-colonne-egglestonworks-andra-iii-se\/","name":"EgglestonWorks Andra III SE - Enceintes hifi - Exception Audio","isPartOf":{"@id":"https:\/\/exceptionaudio.fr\/site\/#website"},"primaryImageOfPage":{"@id":"https:\/\/exceptionaudio.fr\/site\/produit\/enceinte-colonne-egglestonworks-andra-iii-se\/#primaryimage"},"image":{"@id":"https:\/\/exceptionaudio.fr\/site\/produit\/enceinte-colonne-egglestonworks-andra-iii-se\/#primaryimage"},"thumbnailUrl":"https:\/\/exceptionaudio.fr\/site\/wp-content\/uploads\/2021\/10\/1.-Andra.jpg","datePublished":"2021-10-11T14:04:18+00:00","dateModified":"2025-11-05T09:37:33+00:00","description":"Egglestonworks Andra III SE : Peu de noms dans la haute-fid\u00e9lit\u00e9 sont aussi embl\u00e9matiques que l\u2019enceinte colonne hifi 3 voies Andra.","breadcrumb":{"@id":"https:\/\/exceptionaudio.fr\/site\/produit\/enceinte-colonne-egglestonworks-andra-iii-se\/#breadcrumb"},"inLanguage":"fr-FR","potentialAction":[{"@type":"ReadAction","target":["https:\/\/exceptionaudio.fr\/site\/produit\/enceinte-colonne-egglestonworks-andra-iii-se\/"]}]},{"@type":"ImageObject","inLanguage":"fr-FR","@id":"https:\/\/exceptionaudio.fr\/site\/produit\/enceinte-colonne-egglestonworks-andra-iii-se\/#primaryimage","url":"https:\/\/exceptionaudio.fr\/site\/wp-content\/uploads\/2021\/10\/1.-Andra.jpg","contentUrl":"https:\/\/exceptionaudio.fr\/site\/wp-content\/uploads\/2021\/10\/1.-Andra.jpg","width":1280,"height":1280,"caption":"Enceintes colonnes hifi egglestonworks Andra III SE Exception Audio"},{"@type":"BreadcrumbList","@id":"https:\/\/exceptionaudio.fr\/site\/produit\/enceinte-colonne-egglestonworks-andra-iii-se\/#breadcrumb","itemListElement":[{"@type":"ListItem","position":1,"name":"Accueil","item":"https:\/\/exceptionaudio.fr\/site\/"},{"@type":"ListItem","position":2,"name":"Boutique","item":"https:\/\/exceptionaudio.fr\/site\/boutique\/"},{"@type":"ListItem","position":3,"name":"EgglestonWorks Andra III SE"}]},{"@type":"WebSite","@id":"https:\/\/exceptionaudio.fr\/site\/#website","url":"https:\/\/exceptionaudio.fr\/site\/","name":"Exception Audio","description":"Magasin hi-fi Antibes","publisher":{"@id":"https:\/\/exceptionaudio.fr\/site\/#organization"},"potentialAction":[{"@type":"SearchAction","target":{"@type":"EntryPoint","urlTemplate":"https:\/\/exceptionaudio.fr\/site\/?s={search_term_string}"},"query-input":{"@type":"PropertyValueSpecification","valueRequired":true,"valueName":"search_term_string"}}],"inLanguage":"fr-FR"},{"@type":"Organization","@id":"https:\/\/exceptionaudio.fr\/site\/#organization","name":"Exception Audio","url":"https:\/\/exceptionaudio.fr\/site\/","logo":{"@type":"ImageObject","inLanguage":"fr-FR","@id":"https:\/\/exceptionaudio.fr\/site\/#\/schema\/logo\/image\/","url":"https:\/\/exceptionaudio.fr\/site\/wp-content\/uploads\/2021\/10\/largeur-exception-audio-logos-noir.png","contentUrl":"https:\/\/exceptionaudio.fr\/site\/wp-content\/uploads\/2021\/10\/largeur-exception-audio-logos-noir.png","width":357,"height":54,"caption":"Exception Audio"},"image":{"@id":"https:\/\/exceptionaudio.fr\/site\/#\/schema\/logo\/image\/"},"sameAs":["https:\/\/www.facebook.com\/ExceptionAudio","https:\/\/www.instagram.com\/exception_audio\/"]}]}},"_links":{"self":[{"href":"https:\/\/exceptionaudio.fr\/site\/wp-json\/wp\/v2\/product\/2576","targetHints":{"allow":["GET"]}}],"collection":[{"href":"https:\/\/exceptionaudio.fr\/site\/wp-json\/wp\/v2\/product"}],"about":[{"href":"https:\/\/exceptionaudio.fr\/site\/wp-json\/wp\/v2\/types\/product"}],"version-history":[{"count":2,"href":"https:\/\/exceptionaudio.fr\/site\/wp-json\/wp\/v2\/product\/2576\/revisions"}],"predecessor-version":[{"id":9782,"href":"https:\/\/exceptionaudio.fr\/site\/wp-json\/wp\/v2\/product\/2576\/revisions\/9782"}],"wp:featuredmedia":[{"embeddable":true,"href":"https:\/\/exceptionaudio.fr\/site\/wp-json\/wp\/v2\/media\/2581"}],"wp:attachment":[{"href":"https:\/\/exceptionaudio.fr\/site\/wp-json\/wp\/v2\/media?parent=2576"}],"wp:term":[{"taxonomy":"product_brand","embeddable":true,"href":"https:\/\/exceptionaudio.fr\/site\/wp-json\/wp\/v2\/product_brand?post=2576"},{"taxonomy":"product_cat","embeddable":true,"href":"https:\/\/exceptionaudio.fr\/site\/wp-json\/wp\/v2\/product_cat?post=2576"},{"taxonomy":"product_tag","embeddable":true,"href":"https:\/\/exceptionaudio.fr\/site\/wp-json\/wp\/v2\/product_tag?post=2576"}],"curies":[{"name":"wp","href":"https:\/\/api.w.org\/{rel}","templated":true}]}}