{"id":2607,"date":"2021-10-12T13:56:19","date_gmt":"2021-10-12T11:56:19","guid":{"rendered":"https:\/\/exceptionaudio.fr\/site\/?post_type=product&#038;p=2607"},"modified":"2024-06-07T15:57:13","modified_gmt":"2024-06-07T13:57:13","slug":"enceintes-hifi-jern-11","status":"publish","type":"product","link":"https:\/\/exceptionaudio.fr\/site\/produit\/enceintes-hifi-jern-11\/","title":{"rendered":"Jern 11"},"content":{"rendered":"","protected":false},"excerpt":{"rendered":"<p>La Jern 11 est la porte d\u2019entr\u00e9e dans le monde des enceintes biblioth\u00e8ques hifi en fonte. Les enceintes <a href=\"https:\/\/exceptionaudio.fr\/site\/etiquette-produit\/jern\/\">Jern<\/a> sont \u00e9l\u00e9gantes et petites, mais elles offrent une qualit\u00e9 sonore de tr\u00e8s haut niveau. Les cl\u00e9s de leurs performances sont leur forme, leurs composants et le choix des mat\u00e9riaux. La Jern 11 reprend le coffret en fonte de la 12, 14 et <a href=\"https:\/\/exceptionaudio.fr\/site\/produit\/enceinte-bibliotheque-jern-15\/\">15<\/a> mais avec des haut-parleurs moins ambitieux pour proposer une enceinte avec un rapport musicalit\u00e9 prix exceptionnel.<\/p>\n","protected":false},"featured_media":5622,"template":"","meta":[],"product_brand":[],"product_cat":[90,92],"product_tag":[173],"class_list":{"0":"post-2607","1":"product","2":"type-product","3":"status-publish","4":"has-post-thumbnail","6":"product_cat-enceintes-bibliotheques-colonnes-hifi","7":"product_cat-enceintes-bibliotheques","8":"product_tag-jern","10":"first","11":"instock","12":"taxable","13":"shipping-taxable","14":"purchasable","15":"product-type-variable"},"yoast_head":"<!-- This site is optimized with the Yoast SEO plugin v27.3 - https:\/\/yoast.com\/product\/yoast-seo-wordpress\/ -->\n<title>Jern 11 - Enceintes biblioth\u00e8ques hifi - Exception Audio<\/title>\n<meta name=\"description\" content=\"La Jern 11 est la porte d\u2019entr\u00e9e dans le monde des enceintes biblioth\u00e8ques hifi en fonte pr\u00e9sentant un rapport musicalit\u00e9 prix exceptionnel.\" \/>\n<meta name=\"robots\" content=\"index, follow, max-snippet:-1, max-image-preview:large, max-video-preview:-1\" \/>\n<link rel=\"canonical\" href=\"https:\/\/exceptionaudio.fr\/site\/produit\/enceintes-hifi-jern-11\/\" \/>\n<meta property=\"og:locale\" content=\"fr_FR\" \/>\n<meta property=\"og:type\" content=\"article\" \/>\n<meta property=\"og:title\" content=\"Jern 11 - Enceintes biblioth\u00e8ques hifi - Exception Audio\" \/>\n<meta property=\"og:description\" content=\"La Jern 11 est la porte d\u2019entr\u00e9e dans le monde des enceintes biblioth\u00e8ques hifi en fonte pr\u00e9sentant un rapport musicalit\u00e9 prix exceptionnel.\" \/>\n<meta property=\"og:url\" content=\"https:\/\/exceptionaudio.fr\/site\/produit\/enceintes-hifi-jern-11\/\" \/>\n<meta property=\"og:site_name\" content=\"Exception Audio\" \/>\n<meta property=\"article:publisher\" content=\"https:\/\/www.facebook.com\/ExceptionAudio\" \/>\n<meta property=\"article:modified_time\" content=\"2024-06-07T13:57:13+00:00\" \/>\n<meta property=\"og:image\" content=\"https:\/\/exceptionaudio.fr\/site\/wp-content\/uploads\/2021\/10\/1.-Jern11.jpg\" \/>\n\t<meta property=\"og:image:width\" content=\"430\" \/>\n\t<meta property=\"og:image:height\" content=\"500\" \/>\n\t<meta property=\"og:image:type\" content=\"image\/jpeg\" \/>\n<meta name=\"twitter:card\" content=\"summary_large_image\" \/>\n<meta name=\"twitter:label1\" content=\"Dur\u00e9e de lecture estim\u00e9e\" \/>\n\t<meta name=\"twitter:data1\" content=\"1 minute\" \/>\n<script type=\"application\/ld+json\" class=\"yoast-schema-graph\">{\"@context\":\"https:\\\/\\\/schema.org\",\"@graph\":[{\"@type\":\"WebPage\",\"@id\":\"https:\\\/\\\/exceptionaudio.fr\\\/site\\\/produit\\\/enceintes-hifi-jern-11\\\/\",\"url\":\"https:\\\/\\\/exceptionaudio.fr\\\/site\\\/produit\\\/enceintes-hifi-jern-11\\\/\",\"name\":\"Jern 11 - Enceintes biblioth\u00e8ques hifi - Exception Audio\",\"isPartOf\":{\"@id\":\"https:\\\/\\\/exceptionaudio.fr\\\/site\\\/#website\"},\"primaryImageOfPage\":{\"@id\":\"https:\\\/\\\/exceptionaudio.fr\\\/site\\\/produit\\\/enceintes-hifi-jern-11\\\/#primaryimage\"},\"image\":{\"@id\":\"https:\\\/\\\/exceptionaudio.fr\\\/site\\\/produit\\\/enceintes-hifi-jern-11\\\/#primaryimage\"},\"thumbnailUrl\":\"https:\\\/\\\/exceptionaudio.fr\\\/site\\\/wp-content\\\/uploads\\\/2021\\\/10\\\/1.-Jern11.jpg\",\"datePublished\":\"2021-10-12T11:56:19+00:00\",\"dateModified\":\"2024-06-07T13:57:13+00:00\",\"description\":\"La Jern 11 est la porte d\u2019entr\u00e9e dans le monde des enceintes biblioth\u00e8ques hifi en fonte pr\u00e9sentant un rapport musicalit\u00e9 prix exceptionnel.\",\"breadcrumb\":{\"@id\":\"https:\\\/\\\/exceptionaudio.fr\\\/site\\\/produit\\\/enceintes-hifi-jern-11\\\/#breadcrumb\"},\"inLanguage\":\"fr-FR\",\"potentialAction\":[{\"@type\":\"ReadAction\",\"target\":[\"https:\\\/\\\/exceptionaudio.fr\\\/site\\\/produit\\\/enceintes-hifi-jern-11\\\/\"]}]},{\"@type\":\"ImageObject\",\"inLanguage\":\"fr-FR\",\"@id\":\"https:\\\/\\\/exceptionaudio.fr\\\/site\\\/produit\\\/enceintes-hifi-jern-11\\\/#primaryimage\",\"url\":\"https:\\\/\\\/exceptionaudio.fr\\\/site\\\/wp-content\\\/uploads\\\/2021\\\/10\\\/1.-Jern11.jpg\",\"contentUrl\":\"https:\\\/\\\/exceptionaudio.fr\\\/site\\\/wp-content\\\/uploads\\\/2021\\\/10\\\/1.-Jern11.jpg\",\"width\":430,\"height\":500,\"caption\":\"Enceinte biblioth\u00e8que fonte jern rouge Exception Audio\"},{\"@type\":\"BreadcrumbList\",\"@id\":\"https:\\\/\\\/exceptionaudio.fr\\\/site\\\/produit\\\/enceintes-hifi-jern-11\\\/#breadcrumb\",\"itemListElement\":[{\"@type\":\"ListItem\",\"position\":1,\"name\":\"Accueil\",\"item\":\"https:\\\/\\\/exceptionaudio.fr\\\/site\\\/\"},{\"@type\":\"ListItem\",\"position\":2,\"name\":\"Boutique\",\"item\":\"https:\\\/\\\/exceptionaudio.fr\\\/site\\\/boutique\\\/\"},{\"@type\":\"ListItem\",\"position\":3,\"name\":\"Jern 11\"}]},{\"@type\":\"WebSite\",\"@id\":\"https:\\\/\\\/exceptionaudio.fr\\\/site\\\/#website\",\"url\":\"https:\\\/\\\/exceptionaudio.fr\\\/site\\\/\",\"name\":\"Exception Audio\",\"description\":\"Magasin hi-fi Antibes\",\"publisher\":{\"@id\":\"https:\\\/\\\/exceptionaudio.fr\\\/site\\\/#organization\"},\"potentialAction\":[{\"@type\":\"SearchAction\",\"target\":{\"@type\":\"EntryPoint\",\"urlTemplate\":\"https:\\\/\\\/exceptionaudio.fr\\\/site\\\/?s={search_term_string}\"},\"query-input\":{\"@type\":\"PropertyValueSpecification\",\"valueRequired\":true,\"valueName\":\"search_term_string\"}}],\"inLanguage\":\"fr-FR\"},{\"@type\":\"Organization\",\"@id\":\"https:\\\/\\\/exceptionaudio.fr\\\/site\\\/#organization\",\"name\":\"Exception Audio\",\"url\":\"https:\\\/\\\/exceptionaudio.fr\\\/site\\\/\",\"logo\":{\"@type\":\"ImageObject\",\"inLanguage\":\"fr-FR\",\"@id\":\"https:\\\/\\\/exceptionaudio.fr\\\/site\\\/#\\\/schema\\\/logo\\\/image\\\/\",\"url\":\"https:\\\/\\\/exceptionaudio.fr\\\/site\\\/wp-content\\\/uploads\\\/2021\\\/10\\\/largeur-exception-audio-logos-noir.png\",\"contentUrl\":\"https:\\\/\\\/exceptionaudio.fr\\\/site\\\/wp-content\\\/uploads\\\/2021\\\/10\\\/largeur-exception-audio-logos-noir.png\",\"width\":357,\"height\":54,\"caption\":\"Exception Audio\"},\"image\":{\"@id\":\"https:\\\/\\\/exceptionaudio.fr\\\/site\\\/#\\\/schema\\\/logo\\\/image\\\/\"},\"sameAs\":[\"https:\\\/\\\/www.facebook.com\\\/ExceptionAudio\",\"https:\\\/\\\/www.instagram.com\\\/exception_audio\\\/\"]}]}<\/script>\n<!-- \/ Yoast SEO plugin. -->","yoast_head_json":{"title":"Jern 11 - Enceintes biblioth\u00e8ques hifi - Exception Audio","description":"La Jern 11 est la porte d\u2019entr\u00e9e dans le monde des enceintes biblioth\u00e8ques hifi en fonte pr\u00e9sentant un rapport musicalit\u00e9 prix exceptionnel.","robots":{"index":"index","follow":"follow","max-snippet":"max-snippet:-1","max-image-preview":"max-image-preview:large","max-video-preview":"max-video-preview:-1"},"canonical":"https:\/\/exceptionaudio.fr\/site\/produit\/enceintes-hifi-jern-11\/","og_locale":"fr_FR","og_type":"article","og_title":"Jern 11 - Enceintes biblioth\u00e8ques hifi - Exception Audio","og_description":"La Jern 11 est la porte d\u2019entr\u00e9e dans le monde des enceintes biblioth\u00e8ques hifi en fonte pr\u00e9sentant un rapport musicalit\u00e9 prix exceptionnel.","og_url":"https:\/\/exceptionaudio.fr\/site\/produit\/enceintes-hifi-jern-11\/","og_site_name":"Exception Audio","article_publisher":"https:\/\/www.facebook.com\/ExceptionAudio","article_modified_time":"2024-06-07T13:57:13+00:00","og_image":[{"width":430,"height":500,"url":"https:\/\/exceptionaudio.fr\/site\/wp-content\/uploads\/2021\/10\/1.-Jern11.jpg","type":"image\/jpeg"}],"twitter_card":"summary_large_image","twitter_misc":{"Dur\u00e9e de lecture estim\u00e9e":"1 minute"},"schema":{"@context":"https:\/\/schema.org","@graph":[{"@type":"WebPage","@id":"https:\/\/exceptionaudio.fr\/site\/produit\/enceintes-hifi-jern-11\/","url":"https:\/\/exceptionaudio.fr\/site\/produit\/enceintes-hifi-jern-11\/","name":"Jern 11 - Enceintes biblioth\u00e8ques hifi - Exception Audio","isPartOf":{"@id":"https:\/\/exceptionaudio.fr\/site\/#website"},"primaryImageOfPage":{"@id":"https:\/\/exceptionaudio.fr\/site\/produit\/enceintes-hifi-jern-11\/#primaryimage"},"image":{"@id":"https:\/\/exceptionaudio.fr\/site\/produit\/enceintes-hifi-jern-11\/#primaryimage"},"thumbnailUrl":"https:\/\/exceptionaudio.fr\/site\/wp-content\/uploads\/2021\/10\/1.-Jern11.jpg","datePublished":"2021-10-12T11:56:19+00:00","dateModified":"2024-06-07T13:57:13+00:00","description":"La Jern 11 est la porte d\u2019entr\u00e9e dans le monde des enceintes biblioth\u00e8ques hifi en fonte pr\u00e9sentant un rapport musicalit\u00e9 prix exceptionnel.","breadcrumb":{"@id":"https:\/\/exceptionaudio.fr\/site\/produit\/enceintes-hifi-jern-11\/#breadcrumb"},"inLanguage":"fr-FR","potentialAction":[{"@type":"ReadAction","target":["https:\/\/exceptionaudio.fr\/site\/produit\/enceintes-hifi-jern-11\/"]}]},{"@type":"ImageObject","inLanguage":"fr-FR","@id":"https:\/\/exceptionaudio.fr\/site\/produit\/enceintes-hifi-jern-11\/#primaryimage","url":"https:\/\/exceptionaudio.fr\/site\/wp-content\/uploads\/2021\/10\/1.-Jern11.jpg","contentUrl":"https:\/\/exceptionaudio.fr\/site\/wp-content\/uploads\/2021\/10\/1.-Jern11.jpg","width":430,"height":500,"caption":"Enceinte biblioth\u00e8que fonte jern rouge Exception Audio"},{"@type":"BreadcrumbList","@id":"https:\/\/exceptionaudio.fr\/site\/produit\/enceintes-hifi-jern-11\/#breadcrumb","itemListElement":[{"@type":"ListItem","position":1,"name":"Accueil","item":"https:\/\/exceptionaudio.fr\/site\/"},{"@type":"ListItem","position":2,"name":"Boutique","item":"https:\/\/exceptionaudio.fr\/site\/boutique\/"},{"@type":"ListItem","position":3,"name":"Jern 11"}]},{"@type":"WebSite","@id":"https:\/\/exceptionaudio.fr\/site\/#website","url":"https:\/\/exceptionaudio.fr\/site\/","name":"Exception Audio","description":"Magasin hi-fi Antibes","publisher":{"@id":"https:\/\/exceptionaudio.fr\/site\/#organization"},"potentialAction":[{"@type":"SearchAction","target":{"@type":"EntryPoint","urlTemplate":"https:\/\/exceptionaudio.fr\/site\/?s={search_term_string}"},"query-input":{"@type":"PropertyValueSpecification","valueRequired":true,"valueName":"search_term_string"}}],"inLanguage":"fr-FR"},{"@type":"Organization","@id":"https:\/\/exceptionaudio.fr\/site\/#organization","name":"Exception Audio","url":"https:\/\/exceptionaudio.fr\/site\/","logo":{"@type":"ImageObject","inLanguage":"fr-FR","@id":"https:\/\/exceptionaudio.fr\/site\/#\/schema\/logo\/image\/","url":"https:\/\/exceptionaudio.fr\/site\/wp-content\/uploads\/2021\/10\/largeur-exception-audio-logos-noir.png","contentUrl":"https:\/\/exceptionaudio.fr\/site\/wp-content\/uploads\/2021\/10\/largeur-exception-audio-logos-noir.png","width":357,"height":54,"caption":"Exception Audio"},"image":{"@id":"https:\/\/exceptionaudio.fr\/site\/#\/schema\/logo\/image\/"},"sameAs":["https:\/\/www.facebook.com\/ExceptionAudio","https:\/\/www.instagram.com\/exception_audio\/"]}]}},"_links":{"self":[{"href":"https:\/\/exceptionaudio.fr\/site\/wp-json\/wp\/v2\/product\/2607","targetHints":{"allow":["GET"]}}],"collection":[{"href":"https:\/\/exceptionaudio.fr\/site\/wp-json\/wp\/v2\/product"}],"about":[{"href":"https:\/\/exceptionaudio.fr\/site\/wp-json\/wp\/v2\/types\/product"}],"version-history":[{"count":1,"href":"https:\/\/exceptionaudio.fr\/site\/wp-json\/wp\/v2\/product\/2607\/revisions"}],"predecessor-version":[{"id":8501,"href":"https:\/\/exceptionaudio.fr\/site\/wp-json\/wp\/v2\/product\/2607\/revisions\/8501"}],"wp:featuredmedia":[{"embeddable":true,"href":"https:\/\/exceptionaudio.fr\/site\/wp-json\/wp\/v2\/media\/5622"}],"wp:attachment":[{"href":"https:\/\/exceptionaudio.fr\/site\/wp-json\/wp\/v2\/media?parent=2607"}],"wp:term":[{"taxonomy":"product_brand","embeddable":true,"href":"https:\/\/exceptionaudio.fr\/site\/wp-json\/wp\/v2\/product_brand?post=2607"},{"taxonomy":"product_cat","embeddable":true,"href":"https:\/\/exceptionaudio.fr\/site\/wp-json\/wp\/v2\/product_cat?post=2607"},{"taxonomy":"product_tag","embeddable":true,"href":"https:\/\/exceptionaudio.fr\/site\/wp-json\/wp\/v2\/product_tag?post=2607"}],"curies":[{"name":"wp","href":"https:\/\/api.w.org\/{rel}","templated":true}]}}