{"id":2733,"date":"2021-11-15T12:03:14","date_gmt":"2021-11-15T11:03:14","guid":{"rendered":"https:\/\/exceptionaudio.fr\/site\/?post_type=product&#038;p=2733"},"modified":"2023-07-05T11:33:29","modified_gmt":"2023-07-05T09:33:29","slug":"lecteur-reseau-streamer-auralic-aries-g1","status":"publish","type":"product","link":"https:\/\/exceptionaudio.fr\/site\/produit\/lecteur-reseau-streamer-auralic-aries-g1\/","title":{"rendered":"Auralic Aries G1"},"content":{"rendered":"","protected":false},"excerpt":{"rendered":"<p>Le Auralic Aries G1 est le lecteur r\u00e9seau hifi (transport sans DAC) le plus accessible de la gamme. Ce qui ne l\u2019emp\u00eache pas de recevoir un \u00e9quipement extr\u00eamement complet, une construction s\u00e9rieuse et une musicalit\u00e9 de premier ordre. L&rsquo;Aries G1 offre l&rsquo;exp\u00e9rience de streaming Auralic \u00e0 une vari\u00e9t\u00e9 de DACs \u00e0 un prix attractif.<\/p>\n","protected":false},"featured_media":2938,"template":"","meta":[],"product_brand":[],"product_cat":[241],"product_tag":[],"class_list":{"0":"post-2733","1":"product","2":"type-product","3":"status-publish","4":"has-post-thumbnail","6":"product_cat-archives","8":"first","9":"instock","10":"taxable","11":"shipping-taxable","12":"purchasable","13":"product-type-simple"},"yoast_head":"<!-- This site is optimized with the Yoast SEO plugin v27.4 - https:\/\/yoast.com\/product\/yoast-seo-wordpress\/ -->\n<title>Auralic Aries G1 - Lecteur r\u00e9seau hifi streamer audio - Exception Audio<\/title>\n<meta name=\"description\" content=\"Auralic Aries G1 : lecteur r\u00e9seau serveur audio streamer hifi (sans DAC) le plus accessible de la gamme tout en restant tr\u00e8s performant.\" \/>\n<meta name=\"robots\" content=\"index, follow, max-snippet:-1, max-image-preview:large, max-video-preview:-1\" \/>\n<link rel=\"canonical\" href=\"https:\/\/exceptionaudio.fr\/site\/produit\/lecteur-reseau-streamer-auralic-aries-g1\/\" \/>\n<meta property=\"og:locale\" content=\"fr_FR\" \/>\n<meta property=\"og:type\" content=\"article\" \/>\n<meta property=\"og:title\" content=\"Auralic Aries G1 - Lecteur r\u00e9seau hifi streamer audio - Exception Audio\" \/>\n<meta property=\"og:description\" content=\"Auralic Aries G1 : lecteur r\u00e9seau serveur audio streamer hifi (sans DAC) le plus accessible de la gamme tout en restant tr\u00e8s performant.\" \/>\n<meta property=\"og:url\" content=\"https:\/\/exceptionaudio.fr\/site\/produit\/lecteur-reseau-streamer-auralic-aries-g1\/\" \/>\n<meta property=\"og:site_name\" content=\"Exception Audio\" \/>\n<meta property=\"article:publisher\" content=\"https:\/\/www.facebook.com\/ExceptionAudio\" \/>\n<meta property=\"article:modified_time\" content=\"2023-07-05T09:33:29+00:00\" \/>\n<meta property=\"og:image\" content=\"https:\/\/exceptionaudio.fr\/site\/wp-content\/uploads\/2021\/11\/ariesg1_front_web.jpg\" \/>\n\t<meta property=\"og:image:width\" content=\"1000\" \/>\n\t<meta property=\"og:image:height\" content=\"1000\" \/>\n\t<meta property=\"og:image:type\" content=\"image\/jpeg\" \/>\n<meta name=\"twitter:card\" content=\"summary_large_image\" \/>\n<script type=\"application\/ld+json\" class=\"yoast-schema-graph\">{\"@context\":\"https:\\\/\\\/schema.org\",\"@graph\":[{\"@type\":\"WebPage\",\"@id\":\"https:\\\/\\\/exceptionaudio.fr\\\/site\\\/produit\\\/lecteur-reseau-streamer-auralic-aries-g1\\\/\",\"url\":\"https:\\\/\\\/exceptionaudio.fr\\\/site\\\/produit\\\/lecteur-reseau-streamer-auralic-aries-g1\\\/\",\"name\":\"Auralic Aries G1 - Lecteur r\u00e9seau hifi streamer audio - Exception Audio\",\"isPartOf\":{\"@id\":\"https:\\\/\\\/exceptionaudio.fr\\\/site\\\/#website\"},\"primaryImageOfPage\":{\"@id\":\"https:\\\/\\\/exceptionaudio.fr\\\/site\\\/produit\\\/lecteur-reseau-streamer-auralic-aries-g1\\\/#primaryimage\"},\"image\":{\"@id\":\"https:\\\/\\\/exceptionaudio.fr\\\/site\\\/produit\\\/lecteur-reseau-streamer-auralic-aries-g1\\\/#primaryimage\"},\"thumbnailUrl\":\"https:\\\/\\\/exceptionaudio.fr\\\/site\\\/wp-content\\\/uploads\\\/2021\\\/11\\\/ariesg1_front_web.jpg\",\"datePublished\":\"2021-11-15T11:03:14+00:00\",\"dateModified\":\"2023-07-05T09:33:29+00:00\",\"description\":\"Auralic Aries G1 : lecteur r\u00e9seau serveur audio streamer hifi (sans DAC) le plus accessible de la gamme tout en restant tr\u00e8s performant.\",\"breadcrumb\":{\"@id\":\"https:\\\/\\\/exceptionaudio.fr\\\/site\\\/produit\\\/lecteur-reseau-streamer-auralic-aries-g1\\\/#breadcrumb\"},\"inLanguage\":\"fr-FR\",\"potentialAction\":[{\"@type\":\"ReadAction\",\"target\":[\"https:\\\/\\\/exceptionaudio.fr\\\/site\\\/produit\\\/lecteur-reseau-streamer-auralic-aries-g1\\\/\"]}]},{\"@type\":\"ImageObject\",\"inLanguage\":\"fr-FR\",\"@id\":\"https:\\\/\\\/exceptionaudio.fr\\\/site\\\/produit\\\/lecteur-reseau-streamer-auralic-aries-g1\\\/#primaryimage\",\"url\":\"https:\\\/\\\/exceptionaudio.fr\\\/site\\\/wp-content\\\/uploads\\\/2021\\\/11\\\/ariesg1_front_web.jpg\",\"contentUrl\":\"https:\\\/\\\/exceptionaudio.fr\\\/site\\\/wp-content\\\/uploads\\\/2021\\\/11\\\/ariesg1_front_web.jpg\",\"width\":1000,\"height\":1000,\"caption\":\"Auralic Altair G1 lecteur r\u00e9seau streamer hifi\"},{\"@type\":\"BreadcrumbList\",\"@id\":\"https:\\\/\\\/exceptionaudio.fr\\\/site\\\/produit\\\/lecteur-reseau-streamer-auralic-aries-g1\\\/#breadcrumb\",\"itemListElement\":[{\"@type\":\"ListItem\",\"position\":1,\"name\":\"Accueil\",\"item\":\"https:\\\/\\\/exceptionaudio.fr\\\/site\\\/\"},{\"@type\":\"ListItem\",\"position\":2,\"name\":\"Boutique\",\"item\":\"https:\\\/\\\/exceptionaudio.fr\\\/site\\\/boutique\\\/\"},{\"@type\":\"ListItem\",\"position\":3,\"name\":\"Auralic Aries G1\"}]},{\"@type\":\"WebSite\",\"@id\":\"https:\\\/\\\/exceptionaudio.fr\\\/site\\\/#website\",\"url\":\"https:\\\/\\\/exceptionaudio.fr\\\/site\\\/\",\"name\":\"Exception Audio\",\"description\":\"Magasin hi-fi Antibes\",\"publisher\":{\"@id\":\"https:\\\/\\\/exceptionaudio.fr\\\/site\\\/#organization\"},\"potentialAction\":[{\"@type\":\"SearchAction\",\"target\":{\"@type\":\"EntryPoint\",\"urlTemplate\":\"https:\\\/\\\/exceptionaudio.fr\\\/site\\\/?s={search_term_string}\"},\"query-input\":{\"@type\":\"PropertyValueSpecification\",\"valueRequired\":true,\"valueName\":\"search_term_string\"}}],\"inLanguage\":\"fr-FR\"},{\"@type\":\"Organization\",\"@id\":\"https:\\\/\\\/exceptionaudio.fr\\\/site\\\/#organization\",\"name\":\"Exception Audio\",\"url\":\"https:\\\/\\\/exceptionaudio.fr\\\/site\\\/\",\"logo\":{\"@type\":\"ImageObject\",\"inLanguage\":\"fr-FR\",\"@id\":\"https:\\\/\\\/exceptionaudio.fr\\\/site\\\/#\\\/schema\\\/logo\\\/image\\\/\",\"url\":\"https:\\\/\\\/exceptionaudio.fr\\\/site\\\/wp-content\\\/uploads\\\/2021\\\/10\\\/largeur-exception-audio-logos-noir.png\",\"contentUrl\":\"https:\\\/\\\/exceptionaudio.fr\\\/site\\\/wp-content\\\/uploads\\\/2021\\\/10\\\/largeur-exception-audio-logos-noir.png\",\"width\":357,\"height\":54,\"caption\":\"Exception Audio\"},\"image\":{\"@id\":\"https:\\\/\\\/exceptionaudio.fr\\\/site\\\/#\\\/schema\\\/logo\\\/image\\\/\"},\"sameAs\":[\"https:\\\/\\\/www.facebook.com\\\/ExceptionAudio\",\"https:\\\/\\\/www.instagram.com\\\/exception_audio\\\/\"]}]}<\/script>\n<!-- \/ Yoast SEO plugin. -->","yoast_head_json":{"title":"Auralic Aries G1 - Lecteur r\u00e9seau hifi streamer audio - Exception Audio","description":"Auralic Aries G1 : lecteur r\u00e9seau serveur audio streamer hifi (sans DAC) le plus accessible de la gamme tout en restant tr\u00e8s performant.","robots":{"index":"index","follow":"follow","max-snippet":"max-snippet:-1","max-image-preview":"max-image-preview:large","max-video-preview":"max-video-preview:-1"},"canonical":"https:\/\/exceptionaudio.fr\/site\/produit\/lecteur-reseau-streamer-auralic-aries-g1\/","og_locale":"fr_FR","og_type":"article","og_title":"Auralic Aries G1 - Lecteur r\u00e9seau hifi streamer audio - Exception Audio","og_description":"Auralic Aries G1 : lecteur r\u00e9seau serveur audio streamer hifi (sans DAC) le plus accessible de la gamme tout en restant tr\u00e8s performant.","og_url":"https:\/\/exceptionaudio.fr\/site\/produit\/lecteur-reseau-streamer-auralic-aries-g1\/","og_site_name":"Exception Audio","article_publisher":"https:\/\/www.facebook.com\/ExceptionAudio","article_modified_time":"2023-07-05T09:33:29+00:00","og_image":[{"width":1000,"height":1000,"url":"https:\/\/exceptionaudio.fr\/site\/wp-content\/uploads\/2021\/11\/ariesg1_front_web.jpg","type":"image\/jpeg"}],"twitter_card":"summary_large_image","schema":{"@context":"https:\/\/schema.org","@graph":[{"@type":"WebPage","@id":"https:\/\/exceptionaudio.fr\/site\/produit\/lecteur-reseau-streamer-auralic-aries-g1\/","url":"https:\/\/exceptionaudio.fr\/site\/produit\/lecteur-reseau-streamer-auralic-aries-g1\/","name":"Auralic Aries G1 - Lecteur r\u00e9seau hifi streamer audio - Exception Audio","isPartOf":{"@id":"https:\/\/exceptionaudio.fr\/site\/#website"},"primaryImageOfPage":{"@id":"https:\/\/exceptionaudio.fr\/site\/produit\/lecteur-reseau-streamer-auralic-aries-g1\/#primaryimage"},"image":{"@id":"https:\/\/exceptionaudio.fr\/site\/produit\/lecteur-reseau-streamer-auralic-aries-g1\/#primaryimage"},"thumbnailUrl":"https:\/\/exceptionaudio.fr\/site\/wp-content\/uploads\/2021\/11\/ariesg1_front_web.jpg","datePublished":"2021-11-15T11:03:14+00:00","dateModified":"2023-07-05T09:33:29+00:00","description":"Auralic Aries G1 : lecteur r\u00e9seau serveur audio streamer hifi (sans DAC) le plus accessible de la gamme tout en restant tr\u00e8s performant.","breadcrumb":{"@id":"https:\/\/exceptionaudio.fr\/site\/produit\/lecteur-reseau-streamer-auralic-aries-g1\/#breadcrumb"},"inLanguage":"fr-FR","potentialAction":[{"@type":"ReadAction","target":["https:\/\/exceptionaudio.fr\/site\/produit\/lecteur-reseau-streamer-auralic-aries-g1\/"]}]},{"@type":"ImageObject","inLanguage":"fr-FR","@id":"https:\/\/exceptionaudio.fr\/site\/produit\/lecteur-reseau-streamer-auralic-aries-g1\/#primaryimage","url":"https:\/\/exceptionaudio.fr\/site\/wp-content\/uploads\/2021\/11\/ariesg1_front_web.jpg","contentUrl":"https:\/\/exceptionaudio.fr\/site\/wp-content\/uploads\/2021\/11\/ariesg1_front_web.jpg","width":1000,"height":1000,"caption":"Auralic Altair G1 lecteur r\u00e9seau streamer hifi"},{"@type":"BreadcrumbList","@id":"https:\/\/exceptionaudio.fr\/site\/produit\/lecteur-reseau-streamer-auralic-aries-g1\/#breadcrumb","itemListElement":[{"@type":"ListItem","position":1,"name":"Accueil","item":"https:\/\/exceptionaudio.fr\/site\/"},{"@type":"ListItem","position":2,"name":"Boutique","item":"https:\/\/exceptionaudio.fr\/site\/boutique\/"},{"@type":"ListItem","position":3,"name":"Auralic Aries G1"}]},{"@type":"WebSite","@id":"https:\/\/exceptionaudio.fr\/site\/#website","url":"https:\/\/exceptionaudio.fr\/site\/","name":"Exception Audio","description":"Magasin hi-fi Antibes","publisher":{"@id":"https:\/\/exceptionaudio.fr\/site\/#organization"},"potentialAction":[{"@type":"SearchAction","target":{"@type":"EntryPoint","urlTemplate":"https:\/\/exceptionaudio.fr\/site\/?s={search_term_string}"},"query-input":{"@type":"PropertyValueSpecification","valueRequired":true,"valueName":"search_term_string"}}],"inLanguage":"fr-FR"},{"@type":"Organization","@id":"https:\/\/exceptionaudio.fr\/site\/#organization","name":"Exception Audio","url":"https:\/\/exceptionaudio.fr\/site\/","logo":{"@type":"ImageObject","inLanguage":"fr-FR","@id":"https:\/\/exceptionaudio.fr\/site\/#\/schema\/logo\/image\/","url":"https:\/\/exceptionaudio.fr\/site\/wp-content\/uploads\/2021\/10\/largeur-exception-audio-logos-noir.png","contentUrl":"https:\/\/exceptionaudio.fr\/site\/wp-content\/uploads\/2021\/10\/largeur-exception-audio-logos-noir.png","width":357,"height":54,"caption":"Exception Audio"},"image":{"@id":"https:\/\/exceptionaudio.fr\/site\/#\/schema\/logo\/image\/"},"sameAs":["https:\/\/www.facebook.com\/ExceptionAudio","https:\/\/www.instagram.com\/exception_audio\/"]}]}},"_links":{"self":[{"href":"https:\/\/exceptionaudio.fr\/site\/wp-json\/wp\/v2\/product\/2733","targetHints":{"allow":["GET"]}}],"collection":[{"href":"https:\/\/exceptionaudio.fr\/site\/wp-json\/wp\/v2\/product"}],"about":[{"href":"https:\/\/exceptionaudio.fr\/site\/wp-json\/wp\/v2\/types\/product"}],"version-history":[{"count":1,"href":"https:\/\/exceptionaudio.fr\/site\/wp-json\/wp\/v2\/product\/2733\/revisions"}],"predecessor-version":[{"id":7618,"href":"https:\/\/exceptionaudio.fr\/site\/wp-json\/wp\/v2\/product\/2733\/revisions\/7618"}],"wp:featuredmedia":[{"embeddable":true,"href":"https:\/\/exceptionaudio.fr\/site\/wp-json\/wp\/v2\/media\/2938"}],"wp:attachment":[{"href":"https:\/\/exceptionaudio.fr\/site\/wp-json\/wp\/v2\/media?parent=2733"}],"wp:term":[{"taxonomy":"product_brand","embeddable":true,"href":"https:\/\/exceptionaudio.fr\/site\/wp-json\/wp\/v2\/product_brand?post=2733"},{"taxonomy":"product_cat","embeddable":true,"href":"https:\/\/exceptionaudio.fr\/site\/wp-json\/wp\/v2\/product_cat?post=2733"},{"taxonomy":"product_tag","embeddable":true,"href":"https:\/\/exceptionaudio.fr\/site\/wp-json\/wp\/v2\/product_tag?post=2733"}],"curies":[{"name":"wp","href":"https:\/\/api.w.org\/{rel}","templated":true}]}}