{"id":2787,"date":"2021-11-16T10:11:24","date_gmt":"2021-11-16T09:11:24","guid":{"rendered":"https:\/\/exceptionaudio.fr\/site\/?post_type=product&#038;p=2787"},"modified":"2024-07-10T19:41:42","modified_gmt":"2024-07-10T17:41:42","slug":"lecteur-reseau-dac-auralic-altair-g2-1","status":"publish","type":"product","link":"https:\/\/exceptionaudio.fr\/site\/produit\/lecteur-reseau-dac-auralic-altair-g2-1\/","title":{"rendered":"Auralic Altair G2.1"},"content":{"rendered":"","protected":false},"excerpt":{"rendered":"<p>L\u2019Auralic Altair G2.1 offre une solution hifi extr\u00eamement compl\u00e8te pour lire la musique d\u00e9mat\u00e9rialis\u00e9e \u00e0 travers un lecteur r\u00e9seau, serveur audio, un convertisseur\/DAC et un pr\u00e9amplificateur parfait pour les m\u00e9lomanes les plus exigeants. Il trouvera parfaitement sa place dans les syst\u00e8mes haute fid\u00e9lit\u00e9s les plus haut de gamme.<\/p>\n","protected":false},"featured_media":2933,"template":"","meta":[],"product_brand":[],"product_cat":[241],"product_tag":[],"class_list":{"0":"post-2787","1":"product","2":"type-product","3":"status-publish","4":"has-post-thumbnail","6":"product_cat-archives","8":"first","9":"instock","10":"taxable","11":"shipping-taxable","12":"purchasable","13":"product-type-simple"},"yoast_head":"<!-- This site is optimized with the Yoast SEO plugin v27.4 - https:\/\/yoast.com\/product\/yoast-seo-wordpress\/ -->\n<title>Auralic Altair G2.1 - Lecteur r\u00e9seau streamer DAC hifi - Exception Audio<\/title>\n<meta name=\"description\" content=\"Auralic Altair G2.1 : Solution compl\u00e8te hifi \u00e0 travers un lecteur r\u00e9seau\/streamer, DAC et pr\u00e9amplificateur pour les m\u00e9lomanes exigeants.\" \/>\n<meta name=\"robots\" content=\"index, follow, max-snippet:-1, max-image-preview:large, max-video-preview:-1\" \/>\n<link rel=\"canonical\" href=\"https:\/\/exceptionaudio.fr\/site\/produit\/lecteur-reseau-dac-auralic-altair-g2-1\/\" \/>\n<meta property=\"og:locale\" content=\"fr_FR\" \/>\n<meta property=\"og:type\" content=\"article\" \/>\n<meta property=\"og:title\" content=\"Auralic Altair G2.1 - Lecteur r\u00e9seau streamer DAC hifi - Exception Audio\" \/>\n<meta property=\"og:description\" content=\"Auralic Altair G2.1 : Solution compl\u00e8te hifi \u00e0 travers un lecteur r\u00e9seau\/streamer, DAC et pr\u00e9amplificateur pour les m\u00e9lomanes exigeants.\" \/>\n<meta property=\"og:url\" content=\"https:\/\/exceptionaudio.fr\/site\/produit\/lecteur-reseau-dac-auralic-altair-g2-1\/\" \/>\n<meta property=\"og:site_name\" content=\"Exception Audio\" \/>\n<meta property=\"article:publisher\" content=\"https:\/\/www.facebook.com\/ExceptionAudio\" \/>\n<meta property=\"article:modified_time\" content=\"2024-07-10T17:41:42+00:00\" \/>\n<meta property=\"og:image\" content=\"https:\/\/exceptionaudio.fr\/site\/wp-content\/uploads\/2021\/11\/altairg2.1_front_web.jpg\" \/>\n\t<meta property=\"og:image:width\" content=\"1000\" \/>\n\t<meta property=\"og:image:height\" content=\"1000\" \/>\n\t<meta property=\"og:image:type\" content=\"image\/jpeg\" \/>\n<meta name=\"twitter:card\" content=\"summary_large_image\" \/>\n<meta name=\"twitter:label1\" content=\"Dur\u00e9e de lecture estim\u00e9e\" \/>\n\t<meta name=\"twitter:data1\" content=\"1 minute\" \/>\n<script type=\"application\/ld+json\" class=\"yoast-schema-graph\">{\"@context\":\"https:\\\/\\\/schema.org\",\"@graph\":[{\"@type\":\"WebPage\",\"@id\":\"https:\\\/\\\/exceptionaudio.fr\\\/site\\\/produit\\\/lecteur-reseau-dac-auralic-altair-g2-1\\\/\",\"url\":\"https:\\\/\\\/exceptionaudio.fr\\\/site\\\/produit\\\/lecteur-reseau-dac-auralic-altair-g2-1\\\/\",\"name\":\"Auralic Altair G2.1 - Lecteur r\u00e9seau streamer DAC hifi - Exception Audio\",\"isPartOf\":{\"@id\":\"https:\\\/\\\/exceptionaudio.fr\\\/site\\\/#website\"},\"primaryImageOfPage\":{\"@id\":\"https:\\\/\\\/exceptionaudio.fr\\\/site\\\/produit\\\/lecteur-reseau-dac-auralic-altair-g2-1\\\/#primaryimage\"},\"image\":{\"@id\":\"https:\\\/\\\/exceptionaudio.fr\\\/site\\\/produit\\\/lecteur-reseau-dac-auralic-altair-g2-1\\\/#primaryimage\"},\"thumbnailUrl\":\"https:\\\/\\\/exceptionaudio.fr\\\/site\\\/wp-content\\\/uploads\\\/2021\\\/11\\\/altairg2.1_front_web.jpg\",\"datePublished\":\"2021-11-16T09:11:24+00:00\",\"dateModified\":\"2024-07-10T17:41:42+00:00\",\"description\":\"Auralic Altair G2.1 : Solution compl\u00e8te hifi \u00e0 travers un lecteur r\u00e9seau\\\/streamer, DAC et pr\u00e9amplificateur pour les m\u00e9lomanes exigeants.\",\"breadcrumb\":{\"@id\":\"https:\\\/\\\/exceptionaudio.fr\\\/site\\\/produit\\\/lecteur-reseau-dac-auralic-altair-g2-1\\\/#breadcrumb\"},\"inLanguage\":\"fr-FR\",\"potentialAction\":[{\"@type\":\"ReadAction\",\"target\":[\"https:\\\/\\\/exceptionaudio.fr\\\/site\\\/produit\\\/lecteur-reseau-dac-auralic-altair-g2-1\\\/\"]}]},{\"@type\":\"ImageObject\",\"inLanguage\":\"fr-FR\",\"@id\":\"https:\\\/\\\/exceptionaudio.fr\\\/site\\\/produit\\\/lecteur-reseau-dac-auralic-altair-g2-1\\\/#primaryimage\",\"url\":\"https:\\\/\\\/exceptionaudio.fr\\\/site\\\/wp-content\\\/uploads\\\/2021\\\/11\\\/altairg2.1_front_web.jpg\",\"contentUrl\":\"https:\\\/\\\/exceptionaudio.fr\\\/site\\\/wp-content\\\/uploads\\\/2021\\\/11\\\/altairg2.1_front_web.jpg\",\"width\":1000,\"height\":1000,\"caption\":\"Auralic Altair G2.1 lecteur r\u00e9seau streamer DAC hifi\"},{\"@type\":\"BreadcrumbList\",\"@id\":\"https:\\\/\\\/exceptionaudio.fr\\\/site\\\/produit\\\/lecteur-reseau-dac-auralic-altair-g2-1\\\/#breadcrumb\",\"itemListElement\":[{\"@type\":\"ListItem\",\"position\":1,\"name\":\"Accueil\",\"item\":\"https:\\\/\\\/exceptionaudio.fr\\\/site\\\/\"},{\"@type\":\"ListItem\",\"position\":2,\"name\":\"Boutique\",\"item\":\"https:\\\/\\\/exceptionaudio.fr\\\/site\\\/boutique\\\/\"},{\"@type\":\"ListItem\",\"position\":3,\"name\":\"Auralic Altair G2.1\"}]},{\"@type\":\"WebSite\",\"@id\":\"https:\\\/\\\/exceptionaudio.fr\\\/site\\\/#website\",\"url\":\"https:\\\/\\\/exceptionaudio.fr\\\/site\\\/\",\"name\":\"Exception Audio\",\"description\":\"Magasin hi-fi Antibes\",\"publisher\":{\"@id\":\"https:\\\/\\\/exceptionaudio.fr\\\/site\\\/#organization\"},\"potentialAction\":[{\"@type\":\"SearchAction\",\"target\":{\"@type\":\"EntryPoint\",\"urlTemplate\":\"https:\\\/\\\/exceptionaudio.fr\\\/site\\\/?s={search_term_string}\"},\"query-input\":{\"@type\":\"PropertyValueSpecification\",\"valueRequired\":true,\"valueName\":\"search_term_string\"}}],\"inLanguage\":\"fr-FR\"},{\"@type\":\"Organization\",\"@id\":\"https:\\\/\\\/exceptionaudio.fr\\\/site\\\/#organization\",\"name\":\"Exception Audio\",\"url\":\"https:\\\/\\\/exceptionaudio.fr\\\/site\\\/\",\"logo\":{\"@type\":\"ImageObject\",\"inLanguage\":\"fr-FR\",\"@id\":\"https:\\\/\\\/exceptionaudio.fr\\\/site\\\/#\\\/schema\\\/logo\\\/image\\\/\",\"url\":\"https:\\\/\\\/exceptionaudio.fr\\\/site\\\/wp-content\\\/uploads\\\/2021\\\/10\\\/largeur-exception-audio-logos-noir.png\",\"contentUrl\":\"https:\\\/\\\/exceptionaudio.fr\\\/site\\\/wp-content\\\/uploads\\\/2021\\\/10\\\/largeur-exception-audio-logos-noir.png\",\"width\":357,\"height\":54,\"caption\":\"Exception Audio\"},\"image\":{\"@id\":\"https:\\\/\\\/exceptionaudio.fr\\\/site\\\/#\\\/schema\\\/logo\\\/image\\\/\"},\"sameAs\":[\"https:\\\/\\\/www.facebook.com\\\/ExceptionAudio\",\"https:\\\/\\\/www.instagram.com\\\/exception_audio\\\/\"]}]}<\/script>\n<!-- \/ Yoast SEO plugin. -->","yoast_head_json":{"title":"Auralic Altair G2.1 - Lecteur r\u00e9seau streamer DAC hifi - Exception Audio","description":"Auralic Altair G2.1 : Solution compl\u00e8te hifi \u00e0 travers un lecteur r\u00e9seau\/streamer, DAC et pr\u00e9amplificateur pour les m\u00e9lomanes exigeants.","robots":{"index":"index","follow":"follow","max-snippet":"max-snippet:-1","max-image-preview":"max-image-preview:large","max-video-preview":"max-video-preview:-1"},"canonical":"https:\/\/exceptionaudio.fr\/site\/produit\/lecteur-reseau-dac-auralic-altair-g2-1\/","og_locale":"fr_FR","og_type":"article","og_title":"Auralic Altair G2.1 - Lecteur r\u00e9seau streamer DAC hifi - Exception Audio","og_description":"Auralic Altair G2.1 : Solution compl\u00e8te hifi \u00e0 travers un lecteur r\u00e9seau\/streamer, DAC et pr\u00e9amplificateur pour les m\u00e9lomanes exigeants.","og_url":"https:\/\/exceptionaudio.fr\/site\/produit\/lecteur-reseau-dac-auralic-altair-g2-1\/","og_site_name":"Exception Audio","article_publisher":"https:\/\/www.facebook.com\/ExceptionAudio","article_modified_time":"2024-07-10T17:41:42+00:00","og_image":[{"width":1000,"height":1000,"url":"https:\/\/exceptionaudio.fr\/site\/wp-content\/uploads\/2021\/11\/altairg2.1_front_web.jpg","type":"image\/jpeg"}],"twitter_card":"summary_large_image","twitter_misc":{"Dur\u00e9e de lecture estim\u00e9e":"1 minute"},"schema":{"@context":"https:\/\/schema.org","@graph":[{"@type":"WebPage","@id":"https:\/\/exceptionaudio.fr\/site\/produit\/lecteur-reseau-dac-auralic-altair-g2-1\/","url":"https:\/\/exceptionaudio.fr\/site\/produit\/lecteur-reseau-dac-auralic-altair-g2-1\/","name":"Auralic Altair G2.1 - Lecteur r\u00e9seau streamer DAC hifi - Exception Audio","isPartOf":{"@id":"https:\/\/exceptionaudio.fr\/site\/#website"},"primaryImageOfPage":{"@id":"https:\/\/exceptionaudio.fr\/site\/produit\/lecteur-reseau-dac-auralic-altair-g2-1\/#primaryimage"},"image":{"@id":"https:\/\/exceptionaudio.fr\/site\/produit\/lecteur-reseau-dac-auralic-altair-g2-1\/#primaryimage"},"thumbnailUrl":"https:\/\/exceptionaudio.fr\/site\/wp-content\/uploads\/2021\/11\/altairg2.1_front_web.jpg","datePublished":"2021-11-16T09:11:24+00:00","dateModified":"2024-07-10T17:41:42+00:00","description":"Auralic Altair G2.1 : Solution compl\u00e8te hifi \u00e0 travers un lecteur r\u00e9seau\/streamer, DAC et pr\u00e9amplificateur pour les m\u00e9lomanes exigeants.","breadcrumb":{"@id":"https:\/\/exceptionaudio.fr\/site\/produit\/lecteur-reseau-dac-auralic-altair-g2-1\/#breadcrumb"},"inLanguage":"fr-FR","potentialAction":[{"@type":"ReadAction","target":["https:\/\/exceptionaudio.fr\/site\/produit\/lecteur-reseau-dac-auralic-altair-g2-1\/"]}]},{"@type":"ImageObject","inLanguage":"fr-FR","@id":"https:\/\/exceptionaudio.fr\/site\/produit\/lecteur-reseau-dac-auralic-altair-g2-1\/#primaryimage","url":"https:\/\/exceptionaudio.fr\/site\/wp-content\/uploads\/2021\/11\/altairg2.1_front_web.jpg","contentUrl":"https:\/\/exceptionaudio.fr\/site\/wp-content\/uploads\/2021\/11\/altairg2.1_front_web.jpg","width":1000,"height":1000,"caption":"Auralic Altair G2.1 lecteur r\u00e9seau streamer DAC hifi"},{"@type":"BreadcrumbList","@id":"https:\/\/exceptionaudio.fr\/site\/produit\/lecteur-reseau-dac-auralic-altair-g2-1\/#breadcrumb","itemListElement":[{"@type":"ListItem","position":1,"name":"Accueil","item":"https:\/\/exceptionaudio.fr\/site\/"},{"@type":"ListItem","position":2,"name":"Boutique","item":"https:\/\/exceptionaudio.fr\/site\/boutique\/"},{"@type":"ListItem","position":3,"name":"Auralic Altair G2.1"}]},{"@type":"WebSite","@id":"https:\/\/exceptionaudio.fr\/site\/#website","url":"https:\/\/exceptionaudio.fr\/site\/","name":"Exception Audio","description":"Magasin hi-fi Antibes","publisher":{"@id":"https:\/\/exceptionaudio.fr\/site\/#organization"},"potentialAction":[{"@type":"SearchAction","target":{"@type":"EntryPoint","urlTemplate":"https:\/\/exceptionaudio.fr\/site\/?s={search_term_string}"},"query-input":{"@type":"PropertyValueSpecification","valueRequired":true,"valueName":"search_term_string"}}],"inLanguage":"fr-FR"},{"@type":"Organization","@id":"https:\/\/exceptionaudio.fr\/site\/#organization","name":"Exception Audio","url":"https:\/\/exceptionaudio.fr\/site\/","logo":{"@type":"ImageObject","inLanguage":"fr-FR","@id":"https:\/\/exceptionaudio.fr\/site\/#\/schema\/logo\/image\/","url":"https:\/\/exceptionaudio.fr\/site\/wp-content\/uploads\/2021\/10\/largeur-exception-audio-logos-noir.png","contentUrl":"https:\/\/exceptionaudio.fr\/site\/wp-content\/uploads\/2021\/10\/largeur-exception-audio-logos-noir.png","width":357,"height":54,"caption":"Exception Audio"},"image":{"@id":"https:\/\/exceptionaudio.fr\/site\/#\/schema\/logo\/image\/"},"sameAs":["https:\/\/www.facebook.com\/ExceptionAudio","https:\/\/www.instagram.com\/exception_audio\/"]}]}},"_links":{"self":[{"href":"https:\/\/exceptionaudio.fr\/site\/wp-json\/wp\/v2\/product\/2787","targetHints":{"allow":["GET"]}}],"collection":[{"href":"https:\/\/exceptionaudio.fr\/site\/wp-json\/wp\/v2\/product"}],"about":[{"href":"https:\/\/exceptionaudio.fr\/site\/wp-json\/wp\/v2\/types\/product"}],"version-history":[{"count":1,"href":"https:\/\/exceptionaudio.fr\/site\/wp-json\/wp\/v2\/product\/2787\/revisions"}],"predecessor-version":[{"id":8800,"href":"https:\/\/exceptionaudio.fr\/site\/wp-json\/wp\/v2\/product\/2787\/revisions\/8800"}],"wp:featuredmedia":[{"embeddable":true,"href":"https:\/\/exceptionaudio.fr\/site\/wp-json\/wp\/v2\/media\/2933"}],"wp:attachment":[{"href":"https:\/\/exceptionaudio.fr\/site\/wp-json\/wp\/v2\/media?parent=2787"}],"wp:term":[{"taxonomy":"product_brand","embeddable":true,"href":"https:\/\/exceptionaudio.fr\/site\/wp-json\/wp\/v2\/product_brand?post=2787"},{"taxonomy":"product_cat","embeddable":true,"href":"https:\/\/exceptionaudio.fr\/site\/wp-json\/wp\/v2\/product_cat?post=2787"},{"taxonomy":"product_tag","embeddable":true,"href":"https:\/\/exceptionaudio.fr\/site\/wp-json\/wp\/v2\/product_tag?post=2787"}],"curies":[{"name":"wp","href":"https:\/\/api.w.org\/{rel}","templated":true}]}}