{"id":3884,"date":"2022-01-11T18:10:59","date_gmt":"2022-01-11T17:10:59","guid":{"rendered":"https:\/\/exceptionaudio.fr\/site\/?post_type=product&#038;p=3884"},"modified":"2026-03-26T11:50:28","modified_gmt":"2026-03-26T10:50:28","slug":"preamplificateur-constellation-audio-preamp-1-0","status":"publish","type":"product","link":"https:\/\/exceptionaudio.fr\/site\/produit\/preamplificateur-constellation-audio-preamp-1-0\/","title":{"rendered":"Constellation Audio Preamp 1.0"},"content":{"rendered":"","protected":false},"excerpt":{"rendered":"<p>Le pr\u00e9amplificateur Preamp 1.0 est la porte d\u2019entr\u00e9e dans l\u2019univers Constellation Audio.<b> <\/b>Il est remarquable de constater \u00e0 quel point la technologie des pr\u00e9amplificateurs Altair II et Virgo II des s\u00e9ries Performance est pr\u00e9serv\u00e9e dans l&rsquo;Inspiration Preamp 1.0. Les circuits sont les m\u00eames. L&rsquo;alimentation conserve sa conception \u00e0 triple transformateur. Le design dual mono est l\u00e0 aussi. Le ch\u00e2ssis est construit \u00e0 partir d\u2019aluminium usin\u00e9e similaire aux bo\u00eetiers des \u00e9l\u00e9ments des s\u00e9ries Reference et Performance.<\/p>\n<p>Appareil de d\u00e9monstration en parfait \u00e9tat, complet.<\/p>\n","protected":false},"featured_media":5718,"template":"","meta":[],"product_brand":[],"product_cat":[93,96,241],"product_tag":[196],"class_list":{"0":"post-3884","1":"product","2":"type-product","3":"status-publish","4":"has-post-thumbnail","6":"product_cat-amplification-hifi","7":"product_cat-preamplificateurs-hifi","8":"product_cat-archives","9":"product_tag-constellation-audio","11":"first","12":"instock","13":"taxable","14":"shipping-taxable","15":"purchasable","16":"product-type-simple"},"yoast_head":"<!-- This site is optimized with the Yoast SEO plugin v27.4 - https:\/\/yoast.com\/product\/yoast-seo-wordpress\/ -->\n<title>Constellation Audio Preamp 1.0 - Pr\u00e9amplificateur hifi - Exception Audio<\/title>\n<meta name=\"description\" content=\"Constellation Audio Preamp 1.0 : pr\u00e9amplificateur hifi qui est la porte d\u2019entr\u00e9e dans l\u2019univers Constellation Audio\" \/>\n<meta name=\"robots\" content=\"index, follow, max-snippet:-1, max-image-preview:large, max-video-preview:-1\" \/>\n<link rel=\"canonical\" href=\"https:\/\/exceptionaudio.fr\/site\/produit\/preamplificateur-constellation-audio-preamp-1-0\/\" \/>\n<meta property=\"og:locale\" content=\"fr_FR\" \/>\n<meta property=\"og:type\" content=\"article\" \/>\n<meta property=\"og:title\" content=\"Constellation Audio Preamp 1.0 - Pr\u00e9amplificateur hifi - Exception Audio\" \/>\n<meta property=\"og:description\" content=\"Constellation Audio Preamp 1.0 : pr\u00e9amplificateur hifi qui est la porte d\u2019entr\u00e9e dans l\u2019univers Constellation Audio\" \/>\n<meta property=\"og:url\" content=\"https:\/\/exceptionaudio.fr\/site\/produit\/preamplificateur-constellation-audio-preamp-1-0\/\" \/>\n<meta property=\"og:site_name\" content=\"Exception Audio\" \/>\n<meta property=\"article:publisher\" content=\"https:\/\/www.facebook.com\/ExceptionAudio\" \/>\n<meta property=\"article:modified_time\" content=\"2026-03-26T10:50:28+00:00\" \/>\n<meta property=\"og:image\" content=\"https:\/\/exceptionaudio.fr\/site\/wp-content\/uploads\/2022\/01\/1.-Constellation-Audio-Preamp1.0.jpg\" \/>\n\t<meta property=\"og:image:width\" content=\"1000\" \/>\n\t<meta property=\"og:image:height\" content=\"1000\" \/>\n\t<meta property=\"og:image:type\" content=\"image\/jpeg\" \/>\n<meta name=\"twitter:card\" content=\"summary_large_image\" \/>\n<meta name=\"twitter:label1\" content=\"Dur\u00e9e de lecture estim\u00e9e\" \/>\n\t<meta name=\"twitter:data1\" content=\"1 minute\" \/>\n<script type=\"application\/ld+json\" class=\"yoast-schema-graph\">{\"@context\":\"https:\\\/\\\/schema.org\",\"@graph\":[{\"@type\":\"WebPage\",\"@id\":\"https:\\\/\\\/exceptionaudio.fr\\\/site\\\/produit\\\/preamplificateur-constellation-audio-preamp-1-0\\\/\",\"url\":\"https:\\\/\\\/exceptionaudio.fr\\\/site\\\/produit\\\/preamplificateur-constellation-audio-preamp-1-0\\\/\",\"name\":\"Constellation Audio Preamp 1.0 - Pr\u00e9amplificateur hifi - Exception Audio\",\"isPartOf\":{\"@id\":\"https:\\\/\\\/exceptionaudio.fr\\\/site\\\/#website\"},\"primaryImageOfPage\":{\"@id\":\"https:\\\/\\\/exceptionaudio.fr\\\/site\\\/produit\\\/preamplificateur-constellation-audio-preamp-1-0\\\/#primaryimage\"},\"image\":{\"@id\":\"https:\\\/\\\/exceptionaudio.fr\\\/site\\\/produit\\\/preamplificateur-constellation-audio-preamp-1-0\\\/#primaryimage\"},\"thumbnailUrl\":\"https:\\\/\\\/exceptionaudio.fr\\\/site\\\/wp-content\\\/uploads\\\/2022\\\/01\\\/1.-Constellation-Audio-Preamp1.0.jpg\",\"datePublished\":\"2022-01-11T17:10:59+00:00\",\"dateModified\":\"2026-03-26T10:50:28+00:00\",\"description\":\"Constellation Audio Preamp 1.0 : pr\u00e9amplificateur hifi qui est la porte d\u2019entr\u00e9e dans l\u2019univers Constellation Audio\",\"breadcrumb\":{\"@id\":\"https:\\\/\\\/exceptionaudio.fr\\\/site\\\/produit\\\/preamplificateur-constellation-audio-preamp-1-0\\\/#breadcrumb\"},\"inLanguage\":\"fr-FR\",\"potentialAction\":[{\"@type\":\"ReadAction\",\"target\":[\"https:\\\/\\\/exceptionaudio.fr\\\/site\\\/produit\\\/preamplificateur-constellation-audio-preamp-1-0\\\/\"]}]},{\"@type\":\"ImageObject\",\"inLanguage\":\"fr-FR\",\"@id\":\"https:\\\/\\\/exceptionaudio.fr\\\/site\\\/produit\\\/preamplificateur-constellation-audio-preamp-1-0\\\/#primaryimage\",\"url\":\"https:\\\/\\\/exceptionaudio.fr\\\/site\\\/wp-content\\\/uploads\\\/2022\\\/01\\\/1.-Constellation-Audio-Preamp1.0.jpg\",\"contentUrl\":\"https:\\\/\\\/exceptionaudio.fr\\\/site\\\/wp-content\\\/uploads\\\/2022\\\/01\\\/1.-Constellation-Audio-Preamp1.0.jpg\",\"width\":1000,\"height\":1000,\"caption\":\"pr\u00e9amplificateur hifi Constellation Audio Preamp 1.0 Exception Audio\"},{\"@type\":\"BreadcrumbList\",\"@id\":\"https:\\\/\\\/exceptionaudio.fr\\\/site\\\/produit\\\/preamplificateur-constellation-audio-preamp-1-0\\\/#breadcrumb\",\"itemListElement\":[{\"@type\":\"ListItem\",\"position\":1,\"name\":\"Accueil\",\"item\":\"https:\\\/\\\/exceptionaudio.fr\\\/site\\\/\"},{\"@type\":\"ListItem\",\"position\":2,\"name\":\"Boutique\",\"item\":\"https:\\\/\\\/exceptionaudio.fr\\\/site\\\/boutique\\\/\"},{\"@type\":\"ListItem\",\"position\":3,\"name\":\"Constellation Audio Preamp 1.0\"}]},{\"@type\":\"WebSite\",\"@id\":\"https:\\\/\\\/exceptionaudio.fr\\\/site\\\/#website\",\"url\":\"https:\\\/\\\/exceptionaudio.fr\\\/site\\\/\",\"name\":\"Exception Audio\",\"description\":\"Magasin hi-fi Antibes\",\"publisher\":{\"@id\":\"https:\\\/\\\/exceptionaudio.fr\\\/site\\\/#organization\"},\"potentialAction\":[{\"@type\":\"SearchAction\",\"target\":{\"@type\":\"EntryPoint\",\"urlTemplate\":\"https:\\\/\\\/exceptionaudio.fr\\\/site\\\/?s={search_term_string}\"},\"query-input\":{\"@type\":\"PropertyValueSpecification\",\"valueRequired\":true,\"valueName\":\"search_term_string\"}}],\"inLanguage\":\"fr-FR\"},{\"@type\":\"Organization\",\"@id\":\"https:\\\/\\\/exceptionaudio.fr\\\/site\\\/#organization\",\"name\":\"Exception Audio\",\"url\":\"https:\\\/\\\/exceptionaudio.fr\\\/site\\\/\",\"logo\":{\"@type\":\"ImageObject\",\"inLanguage\":\"fr-FR\",\"@id\":\"https:\\\/\\\/exceptionaudio.fr\\\/site\\\/#\\\/schema\\\/logo\\\/image\\\/\",\"url\":\"https:\\\/\\\/exceptionaudio.fr\\\/site\\\/wp-content\\\/uploads\\\/2021\\\/10\\\/largeur-exception-audio-logos-noir.png\",\"contentUrl\":\"https:\\\/\\\/exceptionaudio.fr\\\/site\\\/wp-content\\\/uploads\\\/2021\\\/10\\\/largeur-exception-audio-logos-noir.png\",\"width\":357,\"height\":54,\"caption\":\"Exception Audio\"},\"image\":{\"@id\":\"https:\\\/\\\/exceptionaudio.fr\\\/site\\\/#\\\/schema\\\/logo\\\/image\\\/\"},\"sameAs\":[\"https:\\\/\\\/www.facebook.com\\\/ExceptionAudio\",\"https:\\\/\\\/www.instagram.com\\\/exception_audio\\\/\"]}]}<\/script>\n<!-- \/ Yoast SEO plugin. -->","yoast_head_json":{"title":"Constellation Audio Preamp 1.0 - Pr\u00e9amplificateur hifi - Exception Audio","description":"Constellation Audio Preamp 1.0 : pr\u00e9amplificateur hifi qui est la porte d\u2019entr\u00e9e dans l\u2019univers Constellation Audio","robots":{"index":"index","follow":"follow","max-snippet":"max-snippet:-1","max-image-preview":"max-image-preview:large","max-video-preview":"max-video-preview:-1"},"canonical":"https:\/\/exceptionaudio.fr\/site\/produit\/preamplificateur-constellation-audio-preamp-1-0\/","og_locale":"fr_FR","og_type":"article","og_title":"Constellation Audio Preamp 1.0 - Pr\u00e9amplificateur hifi - Exception Audio","og_description":"Constellation Audio Preamp 1.0 : pr\u00e9amplificateur hifi qui est la porte d\u2019entr\u00e9e dans l\u2019univers Constellation Audio","og_url":"https:\/\/exceptionaudio.fr\/site\/produit\/preamplificateur-constellation-audio-preamp-1-0\/","og_site_name":"Exception Audio","article_publisher":"https:\/\/www.facebook.com\/ExceptionAudio","article_modified_time":"2026-03-26T10:50:28+00:00","og_image":[{"width":1000,"height":1000,"url":"https:\/\/exceptionaudio.fr\/site\/wp-content\/uploads\/2022\/01\/1.-Constellation-Audio-Preamp1.0.jpg","type":"image\/jpeg"}],"twitter_card":"summary_large_image","twitter_misc":{"Dur\u00e9e de lecture estim\u00e9e":"1 minute"},"schema":{"@context":"https:\/\/schema.org","@graph":[{"@type":"WebPage","@id":"https:\/\/exceptionaudio.fr\/site\/produit\/preamplificateur-constellation-audio-preamp-1-0\/","url":"https:\/\/exceptionaudio.fr\/site\/produit\/preamplificateur-constellation-audio-preamp-1-0\/","name":"Constellation Audio Preamp 1.0 - Pr\u00e9amplificateur hifi - Exception Audio","isPartOf":{"@id":"https:\/\/exceptionaudio.fr\/site\/#website"},"primaryImageOfPage":{"@id":"https:\/\/exceptionaudio.fr\/site\/produit\/preamplificateur-constellation-audio-preamp-1-0\/#primaryimage"},"image":{"@id":"https:\/\/exceptionaudio.fr\/site\/produit\/preamplificateur-constellation-audio-preamp-1-0\/#primaryimage"},"thumbnailUrl":"https:\/\/exceptionaudio.fr\/site\/wp-content\/uploads\/2022\/01\/1.-Constellation-Audio-Preamp1.0.jpg","datePublished":"2022-01-11T17:10:59+00:00","dateModified":"2026-03-26T10:50:28+00:00","description":"Constellation Audio Preamp 1.0 : pr\u00e9amplificateur hifi qui est la porte d\u2019entr\u00e9e dans l\u2019univers Constellation Audio","breadcrumb":{"@id":"https:\/\/exceptionaudio.fr\/site\/produit\/preamplificateur-constellation-audio-preamp-1-0\/#breadcrumb"},"inLanguage":"fr-FR","potentialAction":[{"@type":"ReadAction","target":["https:\/\/exceptionaudio.fr\/site\/produit\/preamplificateur-constellation-audio-preamp-1-0\/"]}]},{"@type":"ImageObject","inLanguage":"fr-FR","@id":"https:\/\/exceptionaudio.fr\/site\/produit\/preamplificateur-constellation-audio-preamp-1-0\/#primaryimage","url":"https:\/\/exceptionaudio.fr\/site\/wp-content\/uploads\/2022\/01\/1.-Constellation-Audio-Preamp1.0.jpg","contentUrl":"https:\/\/exceptionaudio.fr\/site\/wp-content\/uploads\/2022\/01\/1.-Constellation-Audio-Preamp1.0.jpg","width":1000,"height":1000,"caption":"pr\u00e9amplificateur hifi Constellation Audio Preamp 1.0 Exception Audio"},{"@type":"BreadcrumbList","@id":"https:\/\/exceptionaudio.fr\/site\/produit\/preamplificateur-constellation-audio-preamp-1-0\/#breadcrumb","itemListElement":[{"@type":"ListItem","position":1,"name":"Accueil","item":"https:\/\/exceptionaudio.fr\/site\/"},{"@type":"ListItem","position":2,"name":"Boutique","item":"https:\/\/exceptionaudio.fr\/site\/boutique\/"},{"@type":"ListItem","position":3,"name":"Constellation Audio Preamp 1.0"}]},{"@type":"WebSite","@id":"https:\/\/exceptionaudio.fr\/site\/#website","url":"https:\/\/exceptionaudio.fr\/site\/","name":"Exception Audio","description":"Magasin hi-fi Antibes","publisher":{"@id":"https:\/\/exceptionaudio.fr\/site\/#organization"},"potentialAction":[{"@type":"SearchAction","target":{"@type":"EntryPoint","urlTemplate":"https:\/\/exceptionaudio.fr\/site\/?s={search_term_string}"},"query-input":{"@type":"PropertyValueSpecification","valueRequired":true,"valueName":"search_term_string"}}],"inLanguage":"fr-FR"},{"@type":"Organization","@id":"https:\/\/exceptionaudio.fr\/site\/#organization","name":"Exception Audio","url":"https:\/\/exceptionaudio.fr\/site\/","logo":{"@type":"ImageObject","inLanguage":"fr-FR","@id":"https:\/\/exceptionaudio.fr\/site\/#\/schema\/logo\/image\/","url":"https:\/\/exceptionaudio.fr\/site\/wp-content\/uploads\/2021\/10\/largeur-exception-audio-logos-noir.png","contentUrl":"https:\/\/exceptionaudio.fr\/site\/wp-content\/uploads\/2021\/10\/largeur-exception-audio-logos-noir.png","width":357,"height":54,"caption":"Exception Audio"},"image":{"@id":"https:\/\/exceptionaudio.fr\/site\/#\/schema\/logo\/image\/"},"sameAs":["https:\/\/www.facebook.com\/ExceptionAudio","https:\/\/www.instagram.com\/exception_audio\/"]}]}},"_links":{"self":[{"href":"https:\/\/exceptionaudio.fr\/site\/wp-json\/wp\/v2\/product\/3884","targetHints":{"allow":["GET"]}}],"collection":[{"href":"https:\/\/exceptionaudio.fr\/site\/wp-json\/wp\/v2\/product"}],"about":[{"href":"https:\/\/exceptionaudio.fr\/site\/wp-json\/wp\/v2\/types\/product"}],"version-history":[{"count":3,"href":"https:\/\/exceptionaudio.fr\/site\/wp-json\/wp\/v2\/product\/3884\/revisions"}],"predecessor-version":[{"id":9724,"href":"https:\/\/exceptionaudio.fr\/site\/wp-json\/wp\/v2\/product\/3884\/revisions\/9724"}],"wp:featuredmedia":[{"embeddable":true,"href":"https:\/\/exceptionaudio.fr\/site\/wp-json\/wp\/v2\/media\/5718"}],"wp:attachment":[{"href":"https:\/\/exceptionaudio.fr\/site\/wp-json\/wp\/v2\/media?parent=3884"}],"wp:term":[{"taxonomy":"product_brand","embeddable":true,"href":"https:\/\/exceptionaudio.fr\/site\/wp-json\/wp\/v2\/product_brand?post=3884"},{"taxonomy":"product_cat","embeddable":true,"href":"https:\/\/exceptionaudio.fr\/site\/wp-json\/wp\/v2\/product_cat?post=3884"},{"taxonomy":"product_tag","embeddable":true,"href":"https:\/\/exceptionaudio.fr\/site\/wp-json\/wp\/v2\/product_tag?post=3884"}],"curies":[{"name":"wp","href":"https:\/\/api.w.org\/{rel}","templated":true}]}}