{"id":3996,"date":"2022-01-12T11:57:28","date_gmt":"2022-01-12T10:57:28","guid":{"rendered":"https:\/\/exceptionaudio.fr\/site\/?post_type=product&#038;p=3996"},"modified":"2024-05-04T10:15:36","modified_gmt":"2024-05-04T08:15:36","slug":"preamplificateur-luxman-cl-38uc","status":"publish","type":"product","link":"https:\/\/exceptionaudio.fr\/site\/produit\/preamplificateur-luxman-cl-38uc\/","title":{"rendered":"Luxman CL-38uC"},"content":{"rendered":"","protected":false},"excerpt":{"rendered":"<p>Le pr\u00e9amplificateur \u00e0 tube Luxman CL-38uC reprend la conception et le design caract\u00e9ristique de la marque japonaise. Le CL-38uC utilise un circuit SRPP (Shunt Regulated Push Pull) pour tous les \u00e9tages afin d&rsquo;obtenir le meilleur de la qualit\u00e9 sonore. Le CL-38uC dispose de trois entr\u00e9es RCA, une entr\u00e9e XLR et une v\u00e9ritable entr\u00e9e phono (MM &amp; MC) ainsi qu\u2019une sortie Tape et deux sorties RCA. La conception ext\u00e9rieure raffin\u00e9e et les entr\u00e9es sym\u00e9triques nouvellement ajout\u00e9es font de ce pr\u00e9amplificateur \u00e0 tube un nouveau standard pour sa g\u00e9n\u00e9ration.<\/p>\n","protected":false},"featured_media":3997,"template":"","meta":[],"product_brand":[],"product_cat":[93,96],"product_tag":[201],"class_list":{"0":"post-3996","1":"product","2":"type-product","3":"status-publish","4":"has-post-thumbnail","6":"product_cat-amplification-hifi","7":"product_cat-preamplificateurs-hifi","8":"product_tag-luxman","10":"first","11":"instock","12":"taxable","13":"shipping-taxable","14":"purchasable","15":"product-type-simple"},"yoast_head":"<!-- This site is optimized with the Yoast SEO plugin v27.5 - https:\/\/yoast.com\/product\/yoast-seo-wordpress\/ -->\n<title>Luxman CL-38uC - Pr\u00e9ampli \u00e0 tube hifi - Exception Audio<\/title>\n<meta name=\"description\" content=\"Luxman CL-38uC : Pr\u00e9amplificateur \u00e0 tube disposant de trois entr\u00e9es RCA, une entr\u00e9e XLR et une entr\u00e9e phono (MM\/MC) pour brancher une platine\" \/>\n<meta name=\"robots\" content=\"index, follow, max-snippet:-1, max-image-preview:large, max-video-preview:-1\" \/>\n<link rel=\"canonical\" href=\"https:\/\/exceptionaudio.fr\/site\/produit\/preamplificateur-luxman-cl-38uc\/\" \/>\n<meta property=\"og:locale\" content=\"fr_FR\" \/>\n<meta property=\"og:type\" content=\"article\" \/>\n<meta property=\"og:title\" content=\"Luxman CL-38uC - Pr\u00e9ampli \u00e0 tube hifi - Exception Audio\" \/>\n<meta property=\"og:description\" content=\"Luxman CL-38uC : Pr\u00e9amplificateur \u00e0 tube disposant de trois entr\u00e9es RCA, une entr\u00e9e XLR et une entr\u00e9e phono (MM\/MC) pour brancher une platine\" \/>\n<meta property=\"og:url\" content=\"https:\/\/exceptionaudio.fr\/site\/produit\/preamplificateur-luxman-cl-38uc\/\" \/>\n<meta property=\"og:site_name\" content=\"Exception Audio\" \/>\n<meta property=\"article:publisher\" content=\"https:\/\/www.facebook.com\/ExceptionAudio\" \/>\n<meta property=\"article:modified_time\" content=\"2024-05-04T08:15:36+00:00\" \/>\n<meta property=\"og:image\" content=\"https:\/\/exceptionaudio.fr\/site\/wp-content\/uploads\/2022\/01\/1-luxman-cl-38uC.jpg\" \/>\n\t<meta property=\"og:image:width\" content=\"1000\" \/>\n\t<meta property=\"og:image:height\" content=\"1000\" \/>\n\t<meta property=\"og:image:type\" content=\"image\/jpeg\" \/>\n<meta name=\"twitter:card\" content=\"summary_large_image\" \/>\n<script type=\"application\/ld+json\" class=\"yoast-schema-graph\">{\"@context\":\"https:\\\/\\\/schema.org\",\"@graph\":[{\"@type\":\"WebPage\",\"@id\":\"https:\\\/\\\/exceptionaudio.fr\\\/site\\\/produit\\\/preamplificateur-luxman-cl-38uc\\\/\",\"url\":\"https:\\\/\\\/exceptionaudio.fr\\\/site\\\/produit\\\/preamplificateur-luxman-cl-38uc\\\/\",\"name\":\"Luxman CL-38uC - Pr\u00e9ampli \u00e0 tube hifi - Exception Audio\",\"isPartOf\":{\"@id\":\"https:\\\/\\\/exceptionaudio.fr\\\/site\\\/#website\"},\"primaryImageOfPage\":{\"@id\":\"https:\\\/\\\/exceptionaudio.fr\\\/site\\\/produit\\\/preamplificateur-luxman-cl-38uc\\\/#primaryimage\"},\"image\":{\"@id\":\"https:\\\/\\\/exceptionaudio.fr\\\/site\\\/produit\\\/preamplificateur-luxman-cl-38uc\\\/#primaryimage\"},\"thumbnailUrl\":\"https:\\\/\\\/exceptionaudio.fr\\\/site\\\/wp-content\\\/uploads\\\/2022\\\/01\\\/1-luxman-cl-38uC.jpg\",\"datePublished\":\"2022-01-12T10:57:28+00:00\",\"dateModified\":\"2024-05-04T08:15:36+00:00\",\"description\":\"Luxman CL-38uC : Pr\u00e9amplificateur \u00e0 tube disposant de trois entr\u00e9es RCA, une entr\u00e9e XLR et une entr\u00e9e phono (MM\\\/MC) pour brancher une platine\",\"breadcrumb\":{\"@id\":\"https:\\\/\\\/exceptionaudio.fr\\\/site\\\/produit\\\/preamplificateur-luxman-cl-38uc\\\/#breadcrumb\"},\"inLanguage\":\"fr-FR\",\"potentialAction\":[{\"@type\":\"ReadAction\",\"target\":[\"https:\\\/\\\/exceptionaudio.fr\\\/site\\\/produit\\\/preamplificateur-luxman-cl-38uc\\\/\"]}]},{\"@type\":\"ImageObject\",\"inLanguage\":\"fr-FR\",\"@id\":\"https:\\\/\\\/exceptionaudio.fr\\\/site\\\/produit\\\/preamplificateur-luxman-cl-38uc\\\/#primaryimage\",\"url\":\"https:\\\/\\\/exceptionaudio.fr\\\/site\\\/wp-content\\\/uploads\\\/2022\\\/01\\\/1-luxman-cl-38uC.jpg\",\"contentUrl\":\"https:\\\/\\\/exceptionaudio.fr\\\/site\\\/wp-content\\\/uploads\\\/2022\\\/01\\\/1-luxman-cl-38uC.jpg\",\"width\":1000,\"height\":1000,\"caption\":\"Luxman CL-38uC pr\u00e9amplificateur hifi \u00e0 tubes\"},{\"@type\":\"BreadcrumbList\",\"@id\":\"https:\\\/\\\/exceptionaudio.fr\\\/site\\\/produit\\\/preamplificateur-luxman-cl-38uc\\\/#breadcrumb\",\"itemListElement\":[{\"@type\":\"ListItem\",\"position\":1,\"name\":\"Accueil\",\"item\":\"https:\\\/\\\/exceptionaudio.fr\\\/site\\\/\"},{\"@type\":\"ListItem\",\"position\":2,\"name\":\"Boutique\",\"item\":\"https:\\\/\\\/exceptionaudio.fr\\\/site\\\/boutique\\\/\"},{\"@type\":\"ListItem\",\"position\":3,\"name\":\"Luxman CL-38uC\"}]},{\"@type\":\"WebSite\",\"@id\":\"https:\\\/\\\/exceptionaudio.fr\\\/site\\\/#website\",\"url\":\"https:\\\/\\\/exceptionaudio.fr\\\/site\\\/\",\"name\":\"Exception Audio\",\"description\":\"Magasin hi-fi Antibes\",\"publisher\":{\"@id\":\"https:\\\/\\\/exceptionaudio.fr\\\/site\\\/#organization\"},\"potentialAction\":[{\"@type\":\"SearchAction\",\"target\":{\"@type\":\"EntryPoint\",\"urlTemplate\":\"https:\\\/\\\/exceptionaudio.fr\\\/site\\\/?s={search_term_string}\"},\"query-input\":{\"@type\":\"PropertyValueSpecification\",\"valueRequired\":true,\"valueName\":\"search_term_string\"}}],\"inLanguage\":\"fr-FR\"},{\"@type\":\"Organization\",\"@id\":\"https:\\\/\\\/exceptionaudio.fr\\\/site\\\/#organization\",\"name\":\"Exception Audio\",\"url\":\"https:\\\/\\\/exceptionaudio.fr\\\/site\\\/\",\"logo\":{\"@type\":\"ImageObject\",\"inLanguage\":\"fr-FR\",\"@id\":\"https:\\\/\\\/exceptionaudio.fr\\\/site\\\/#\\\/schema\\\/logo\\\/image\\\/\",\"url\":\"https:\\\/\\\/exceptionaudio.fr\\\/site\\\/wp-content\\\/uploads\\\/2021\\\/10\\\/largeur-exception-audio-logos-noir.png\",\"contentUrl\":\"https:\\\/\\\/exceptionaudio.fr\\\/site\\\/wp-content\\\/uploads\\\/2021\\\/10\\\/largeur-exception-audio-logos-noir.png\",\"width\":357,\"height\":54,\"caption\":\"Exception Audio\"},\"image\":{\"@id\":\"https:\\\/\\\/exceptionaudio.fr\\\/site\\\/#\\\/schema\\\/logo\\\/image\\\/\"},\"sameAs\":[\"https:\\\/\\\/www.facebook.com\\\/ExceptionAudio\",\"https:\\\/\\\/www.instagram.com\\\/exception_audio\\\/\"]}]}<\/script>\n<!-- \/ Yoast SEO plugin. -->","yoast_head_json":{"title":"Luxman CL-38uC - Pr\u00e9ampli \u00e0 tube hifi - Exception Audio","description":"Luxman CL-38uC : Pr\u00e9amplificateur \u00e0 tube disposant de trois entr\u00e9es RCA, une entr\u00e9e XLR et une entr\u00e9e phono (MM\/MC) pour brancher une platine","robots":{"index":"index","follow":"follow","max-snippet":"max-snippet:-1","max-image-preview":"max-image-preview:large","max-video-preview":"max-video-preview:-1"},"canonical":"https:\/\/exceptionaudio.fr\/site\/produit\/preamplificateur-luxman-cl-38uc\/","og_locale":"fr_FR","og_type":"article","og_title":"Luxman CL-38uC - Pr\u00e9ampli \u00e0 tube hifi - Exception Audio","og_description":"Luxman CL-38uC : Pr\u00e9amplificateur \u00e0 tube disposant de trois entr\u00e9es RCA, une entr\u00e9e XLR et une entr\u00e9e phono (MM\/MC) pour brancher une platine","og_url":"https:\/\/exceptionaudio.fr\/site\/produit\/preamplificateur-luxman-cl-38uc\/","og_site_name":"Exception Audio","article_publisher":"https:\/\/www.facebook.com\/ExceptionAudio","article_modified_time":"2024-05-04T08:15:36+00:00","og_image":[{"width":1000,"height":1000,"url":"https:\/\/exceptionaudio.fr\/site\/wp-content\/uploads\/2022\/01\/1-luxman-cl-38uC.jpg","type":"image\/jpeg"}],"twitter_card":"summary_large_image","schema":{"@context":"https:\/\/schema.org","@graph":[{"@type":"WebPage","@id":"https:\/\/exceptionaudio.fr\/site\/produit\/preamplificateur-luxman-cl-38uc\/","url":"https:\/\/exceptionaudio.fr\/site\/produit\/preamplificateur-luxman-cl-38uc\/","name":"Luxman CL-38uC - Pr\u00e9ampli \u00e0 tube hifi - Exception Audio","isPartOf":{"@id":"https:\/\/exceptionaudio.fr\/site\/#website"},"primaryImageOfPage":{"@id":"https:\/\/exceptionaudio.fr\/site\/produit\/preamplificateur-luxman-cl-38uc\/#primaryimage"},"image":{"@id":"https:\/\/exceptionaudio.fr\/site\/produit\/preamplificateur-luxman-cl-38uc\/#primaryimage"},"thumbnailUrl":"https:\/\/exceptionaudio.fr\/site\/wp-content\/uploads\/2022\/01\/1-luxman-cl-38uC.jpg","datePublished":"2022-01-12T10:57:28+00:00","dateModified":"2024-05-04T08:15:36+00:00","description":"Luxman CL-38uC : Pr\u00e9amplificateur \u00e0 tube disposant de trois entr\u00e9es RCA, une entr\u00e9e XLR et une entr\u00e9e phono (MM\/MC) pour brancher une platine","breadcrumb":{"@id":"https:\/\/exceptionaudio.fr\/site\/produit\/preamplificateur-luxman-cl-38uc\/#breadcrumb"},"inLanguage":"fr-FR","potentialAction":[{"@type":"ReadAction","target":["https:\/\/exceptionaudio.fr\/site\/produit\/preamplificateur-luxman-cl-38uc\/"]}]},{"@type":"ImageObject","inLanguage":"fr-FR","@id":"https:\/\/exceptionaudio.fr\/site\/produit\/preamplificateur-luxman-cl-38uc\/#primaryimage","url":"https:\/\/exceptionaudio.fr\/site\/wp-content\/uploads\/2022\/01\/1-luxman-cl-38uC.jpg","contentUrl":"https:\/\/exceptionaudio.fr\/site\/wp-content\/uploads\/2022\/01\/1-luxman-cl-38uC.jpg","width":1000,"height":1000,"caption":"Luxman CL-38uC pr\u00e9amplificateur hifi \u00e0 tubes"},{"@type":"BreadcrumbList","@id":"https:\/\/exceptionaudio.fr\/site\/produit\/preamplificateur-luxman-cl-38uc\/#breadcrumb","itemListElement":[{"@type":"ListItem","position":1,"name":"Accueil","item":"https:\/\/exceptionaudio.fr\/site\/"},{"@type":"ListItem","position":2,"name":"Boutique","item":"https:\/\/exceptionaudio.fr\/site\/boutique\/"},{"@type":"ListItem","position":3,"name":"Luxman CL-38uC"}]},{"@type":"WebSite","@id":"https:\/\/exceptionaudio.fr\/site\/#website","url":"https:\/\/exceptionaudio.fr\/site\/","name":"Exception Audio","description":"Magasin hi-fi Antibes","publisher":{"@id":"https:\/\/exceptionaudio.fr\/site\/#organization"},"potentialAction":[{"@type":"SearchAction","target":{"@type":"EntryPoint","urlTemplate":"https:\/\/exceptionaudio.fr\/site\/?s={search_term_string}"},"query-input":{"@type":"PropertyValueSpecification","valueRequired":true,"valueName":"search_term_string"}}],"inLanguage":"fr-FR"},{"@type":"Organization","@id":"https:\/\/exceptionaudio.fr\/site\/#organization","name":"Exception Audio","url":"https:\/\/exceptionaudio.fr\/site\/","logo":{"@type":"ImageObject","inLanguage":"fr-FR","@id":"https:\/\/exceptionaudio.fr\/site\/#\/schema\/logo\/image\/","url":"https:\/\/exceptionaudio.fr\/site\/wp-content\/uploads\/2021\/10\/largeur-exception-audio-logos-noir.png","contentUrl":"https:\/\/exceptionaudio.fr\/site\/wp-content\/uploads\/2021\/10\/largeur-exception-audio-logos-noir.png","width":357,"height":54,"caption":"Exception Audio"},"image":{"@id":"https:\/\/exceptionaudio.fr\/site\/#\/schema\/logo\/image\/"},"sameAs":["https:\/\/www.facebook.com\/ExceptionAudio","https:\/\/www.instagram.com\/exception_audio\/"]}]}},"_links":{"self":[{"href":"https:\/\/exceptionaudio.fr\/site\/wp-json\/wp\/v2\/product\/3996","targetHints":{"allow":["GET"]}}],"collection":[{"href":"https:\/\/exceptionaudio.fr\/site\/wp-json\/wp\/v2\/product"}],"about":[{"href":"https:\/\/exceptionaudio.fr\/site\/wp-json\/wp\/v2\/types\/product"}],"version-history":[{"count":1,"href":"https:\/\/exceptionaudio.fr\/site\/wp-json\/wp\/v2\/product\/3996\/revisions"}],"predecessor-version":[{"id":7718,"href":"https:\/\/exceptionaudio.fr\/site\/wp-json\/wp\/v2\/product\/3996\/revisions\/7718"}],"wp:featuredmedia":[{"embeddable":true,"href":"https:\/\/exceptionaudio.fr\/site\/wp-json\/wp\/v2\/media\/3997"}],"wp:attachment":[{"href":"https:\/\/exceptionaudio.fr\/site\/wp-json\/wp\/v2\/media?parent=3996"}],"wp:term":[{"taxonomy":"product_brand","embeddable":true,"href":"https:\/\/exceptionaudio.fr\/site\/wp-json\/wp\/v2\/product_brand?post=3996"},{"taxonomy":"product_cat","embeddable":true,"href":"https:\/\/exceptionaudio.fr\/site\/wp-json\/wp\/v2\/product_cat?post=3996"},{"taxonomy":"product_tag","embeddable":true,"href":"https:\/\/exceptionaudio.fr\/site\/wp-json\/wp\/v2\/product_tag?post=3996"}],"curies":[{"name":"wp","href":"https:\/\/api.w.org\/{rel}","templated":true}]}}