{"id":4004,"date":"2022-01-12T12:00:47","date_gmt":"2022-01-12T11:00:47","guid":{"rendered":"https:\/\/exceptionaudio.fr\/site\/?post_type=product&#038;p=4004"},"modified":"2024-05-04T10:16:30","modified_gmt":"2024-05-04T08:16:30","slug":"amplificateur-puissance-tube-luxman-mq-88uc","status":"publish","type":"product","link":"https:\/\/exceptionaudio.fr\/site\/produit\/amplificateur-puissance-tube-luxman-mq-88uc\/","title":{"rendered":"Luxman MQ-88uC"},"content":{"rendered":"","protected":false},"excerpt":{"rendered":"<p>Le Luxman MQ-88uC est un amplificateur de puissance \u00e0 tube en KT-88 reposant sur une \u00e9l\u00e9gante finition brun fonc\u00e9, rappelant le look vintage caract\u00e9ristique de la marque nipponne. Le MQ-88uC est bas\u00e9 sur un sch\u00e9ma de type Mullard (Push-Pull) compos\u00e9 de tubes KT88 en mode triode pour 25 watts par canal.<\/p>\n","protected":false},"featured_media":4005,"template":"","meta":[],"product_brand":[],"product_cat":[93,95],"product_tag":[201],"class_list":{"0":"post-4004","1":"product","2":"type-product","3":"status-publish","4":"has-post-thumbnail","6":"product_cat-amplification-hifi","7":"product_cat-amplificateurs-de-puissance","8":"product_tag-luxman","10":"first","11":"instock","12":"taxable","13":"shipping-taxable","14":"purchasable","15":"product-type-simple"},"yoast_head":"<!-- This site is optimized with the Yoast SEO plugin v27.4 - https:\/\/yoast.com\/product\/yoast-seo-wordpress\/ -->\n<title>Luxman MQ-88uC - ampli de puissance \u00e0 tube hifi - Exception Audio<\/title>\n<meta name=\"description\" content=\"Luxman MQ-88uC : Amplificateur de puissance st\u00e9r\u00e9o \u00e0 tube en KT-88 rappelant le look vintage proposant un r\u00e9glage de volume en facade.\" \/>\n<meta name=\"robots\" content=\"index, follow, max-snippet:-1, max-image-preview:large, max-video-preview:-1\" \/>\n<link rel=\"canonical\" href=\"https:\/\/exceptionaudio.fr\/site\/produit\/amplificateur-puissance-tube-luxman-mq-88uc\/\" \/>\n<meta property=\"og:locale\" content=\"fr_FR\" \/>\n<meta property=\"og:type\" content=\"article\" \/>\n<meta property=\"og:title\" content=\"Luxman MQ-88uC - ampli de puissance \u00e0 tube hifi - Exception Audio\" \/>\n<meta property=\"og:description\" content=\"Luxman MQ-88uC : Amplificateur de puissance st\u00e9r\u00e9o \u00e0 tube en KT-88 rappelant le look vintage proposant un r\u00e9glage de volume en facade.\" \/>\n<meta property=\"og:url\" content=\"https:\/\/exceptionaudio.fr\/site\/produit\/amplificateur-puissance-tube-luxman-mq-88uc\/\" \/>\n<meta property=\"og:site_name\" content=\"Exception Audio\" \/>\n<meta property=\"article:publisher\" content=\"https:\/\/www.facebook.com\/ExceptionAudio\" \/>\n<meta property=\"article:modified_time\" content=\"2024-05-04T08:16:30+00:00\" \/>\n<meta property=\"og:image\" content=\"https:\/\/exceptionaudio.fr\/site\/wp-content\/uploads\/2022\/01\/1-MQ88uC.jpg\" \/>\n\t<meta property=\"og:image:width\" content=\"1000\" \/>\n\t<meta property=\"og:image:height\" content=\"1000\" \/>\n\t<meta property=\"og:image:type\" content=\"image\/jpeg\" \/>\n<meta name=\"twitter:card\" content=\"summary_large_image\" \/>\n<script type=\"application\/ld+json\" class=\"yoast-schema-graph\">{\"@context\":\"https:\\\/\\\/schema.org\",\"@graph\":[{\"@type\":\"WebPage\",\"@id\":\"https:\\\/\\\/exceptionaudio.fr\\\/site\\\/produit\\\/amplificateur-puissance-tube-luxman-mq-88uc\\\/\",\"url\":\"https:\\\/\\\/exceptionaudio.fr\\\/site\\\/produit\\\/amplificateur-puissance-tube-luxman-mq-88uc\\\/\",\"name\":\"Luxman MQ-88uC - ampli de puissance \u00e0 tube hifi - Exception Audio\",\"isPartOf\":{\"@id\":\"https:\\\/\\\/exceptionaudio.fr\\\/site\\\/#website\"},\"primaryImageOfPage\":{\"@id\":\"https:\\\/\\\/exceptionaudio.fr\\\/site\\\/produit\\\/amplificateur-puissance-tube-luxman-mq-88uc\\\/#primaryimage\"},\"image\":{\"@id\":\"https:\\\/\\\/exceptionaudio.fr\\\/site\\\/produit\\\/amplificateur-puissance-tube-luxman-mq-88uc\\\/#primaryimage\"},\"thumbnailUrl\":\"https:\\\/\\\/exceptionaudio.fr\\\/site\\\/wp-content\\\/uploads\\\/2022\\\/01\\\/1-MQ88uC.jpg\",\"datePublished\":\"2022-01-12T11:00:47+00:00\",\"dateModified\":\"2024-05-04T08:16:30+00:00\",\"description\":\"Luxman MQ-88uC : Amplificateur de puissance st\u00e9r\u00e9o \u00e0 tube en KT-88 rappelant le look vintage proposant un r\u00e9glage de volume en facade.\",\"breadcrumb\":{\"@id\":\"https:\\\/\\\/exceptionaudio.fr\\\/site\\\/produit\\\/amplificateur-puissance-tube-luxman-mq-88uc\\\/#breadcrumb\"},\"inLanguage\":\"fr-FR\",\"potentialAction\":[{\"@type\":\"ReadAction\",\"target\":[\"https:\\\/\\\/exceptionaudio.fr\\\/site\\\/produit\\\/amplificateur-puissance-tube-luxman-mq-88uc\\\/\"]}]},{\"@type\":\"ImageObject\",\"inLanguage\":\"fr-FR\",\"@id\":\"https:\\\/\\\/exceptionaudio.fr\\\/site\\\/produit\\\/amplificateur-puissance-tube-luxman-mq-88uc\\\/#primaryimage\",\"url\":\"https:\\\/\\\/exceptionaudio.fr\\\/site\\\/wp-content\\\/uploads\\\/2022\\\/01\\\/1-MQ88uC.jpg\",\"contentUrl\":\"https:\\\/\\\/exceptionaudio.fr\\\/site\\\/wp-content\\\/uploads\\\/2022\\\/01\\\/1-MQ88uC.jpg\",\"width\":1000,\"height\":1000,\"caption\":\"Luxman MQ-88uC amplificateur de puissance \u00e0 tube KT88 hifi\"},{\"@type\":\"BreadcrumbList\",\"@id\":\"https:\\\/\\\/exceptionaudio.fr\\\/site\\\/produit\\\/amplificateur-puissance-tube-luxman-mq-88uc\\\/#breadcrumb\",\"itemListElement\":[{\"@type\":\"ListItem\",\"position\":1,\"name\":\"Accueil\",\"item\":\"https:\\\/\\\/exceptionaudio.fr\\\/site\\\/\"},{\"@type\":\"ListItem\",\"position\":2,\"name\":\"Boutique\",\"item\":\"https:\\\/\\\/exceptionaudio.fr\\\/site\\\/boutique\\\/\"},{\"@type\":\"ListItem\",\"position\":3,\"name\":\"Luxman MQ-88uC\"}]},{\"@type\":\"WebSite\",\"@id\":\"https:\\\/\\\/exceptionaudio.fr\\\/site\\\/#website\",\"url\":\"https:\\\/\\\/exceptionaudio.fr\\\/site\\\/\",\"name\":\"Exception Audio\",\"description\":\"Magasin hi-fi Antibes\",\"publisher\":{\"@id\":\"https:\\\/\\\/exceptionaudio.fr\\\/site\\\/#organization\"},\"potentialAction\":[{\"@type\":\"SearchAction\",\"target\":{\"@type\":\"EntryPoint\",\"urlTemplate\":\"https:\\\/\\\/exceptionaudio.fr\\\/site\\\/?s={search_term_string}\"},\"query-input\":{\"@type\":\"PropertyValueSpecification\",\"valueRequired\":true,\"valueName\":\"search_term_string\"}}],\"inLanguage\":\"fr-FR\"},{\"@type\":\"Organization\",\"@id\":\"https:\\\/\\\/exceptionaudio.fr\\\/site\\\/#organization\",\"name\":\"Exception Audio\",\"url\":\"https:\\\/\\\/exceptionaudio.fr\\\/site\\\/\",\"logo\":{\"@type\":\"ImageObject\",\"inLanguage\":\"fr-FR\",\"@id\":\"https:\\\/\\\/exceptionaudio.fr\\\/site\\\/#\\\/schema\\\/logo\\\/image\\\/\",\"url\":\"https:\\\/\\\/exceptionaudio.fr\\\/site\\\/wp-content\\\/uploads\\\/2021\\\/10\\\/largeur-exception-audio-logos-noir.png\",\"contentUrl\":\"https:\\\/\\\/exceptionaudio.fr\\\/site\\\/wp-content\\\/uploads\\\/2021\\\/10\\\/largeur-exception-audio-logos-noir.png\",\"width\":357,\"height\":54,\"caption\":\"Exception Audio\"},\"image\":{\"@id\":\"https:\\\/\\\/exceptionaudio.fr\\\/site\\\/#\\\/schema\\\/logo\\\/image\\\/\"},\"sameAs\":[\"https:\\\/\\\/www.facebook.com\\\/ExceptionAudio\",\"https:\\\/\\\/www.instagram.com\\\/exception_audio\\\/\"]}]}<\/script>\n<!-- \/ Yoast SEO plugin. -->","yoast_head_json":{"title":"Luxman MQ-88uC - ampli de puissance \u00e0 tube hifi - Exception Audio","description":"Luxman MQ-88uC : Amplificateur de puissance st\u00e9r\u00e9o \u00e0 tube en KT-88 rappelant le look vintage proposant un r\u00e9glage de volume en facade.","robots":{"index":"index","follow":"follow","max-snippet":"max-snippet:-1","max-image-preview":"max-image-preview:large","max-video-preview":"max-video-preview:-1"},"canonical":"https:\/\/exceptionaudio.fr\/site\/produit\/amplificateur-puissance-tube-luxman-mq-88uc\/","og_locale":"fr_FR","og_type":"article","og_title":"Luxman MQ-88uC - ampli de puissance \u00e0 tube hifi - Exception Audio","og_description":"Luxman MQ-88uC : Amplificateur de puissance st\u00e9r\u00e9o \u00e0 tube en KT-88 rappelant le look vintage proposant un r\u00e9glage de volume en facade.","og_url":"https:\/\/exceptionaudio.fr\/site\/produit\/amplificateur-puissance-tube-luxman-mq-88uc\/","og_site_name":"Exception Audio","article_publisher":"https:\/\/www.facebook.com\/ExceptionAudio","article_modified_time":"2024-05-04T08:16:30+00:00","og_image":[{"width":1000,"height":1000,"url":"https:\/\/exceptionaudio.fr\/site\/wp-content\/uploads\/2022\/01\/1-MQ88uC.jpg","type":"image\/jpeg"}],"twitter_card":"summary_large_image","schema":{"@context":"https:\/\/schema.org","@graph":[{"@type":"WebPage","@id":"https:\/\/exceptionaudio.fr\/site\/produit\/amplificateur-puissance-tube-luxman-mq-88uc\/","url":"https:\/\/exceptionaudio.fr\/site\/produit\/amplificateur-puissance-tube-luxman-mq-88uc\/","name":"Luxman MQ-88uC - ampli de puissance \u00e0 tube hifi - Exception Audio","isPartOf":{"@id":"https:\/\/exceptionaudio.fr\/site\/#website"},"primaryImageOfPage":{"@id":"https:\/\/exceptionaudio.fr\/site\/produit\/amplificateur-puissance-tube-luxman-mq-88uc\/#primaryimage"},"image":{"@id":"https:\/\/exceptionaudio.fr\/site\/produit\/amplificateur-puissance-tube-luxman-mq-88uc\/#primaryimage"},"thumbnailUrl":"https:\/\/exceptionaudio.fr\/site\/wp-content\/uploads\/2022\/01\/1-MQ88uC.jpg","datePublished":"2022-01-12T11:00:47+00:00","dateModified":"2024-05-04T08:16:30+00:00","description":"Luxman MQ-88uC : Amplificateur de puissance st\u00e9r\u00e9o \u00e0 tube en KT-88 rappelant le look vintage proposant un r\u00e9glage de volume en facade.","breadcrumb":{"@id":"https:\/\/exceptionaudio.fr\/site\/produit\/amplificateur-puissance-tube-luxman-mq-88uc\/#breadcrumb"},"inLanguage":"fr-FR","potentialAction":[{"@type":"ReadAction","target":["https:\/\/exceptionaudio.fr\/site\/produit\/amplificateur-puissance-tube-luxman-mq-88uc\/"]}]},{"@type":"ImageObject","inLanguage":"fr-FR","@id":"https:\/\/exceptionaudio.fr\/site\/produit\/amplificateur-puissance-tube-luxman-mq-88uc\/#primaryimage","url":"https:\/\/exceptionaudio.fr\/site\/wp-content\/uploads\/2022\/01\/1-MQ88uC.jpg","contentUrl":"https:\/\/exceptionaudio.fr\/site\/wp-content\/uploads\/2022\/01\/1-MQ88uC.jpg","width":1000,"height":1000,"caption":"Luxman MQ-88uC amplificateur de puissance \u00e0 tube KT88 hifi"},{"@type":"BreadcrumbList","@id":"https:\/\/exceptionaudio.fr\/site\/produit\/amplificateur-puissance-tube-luxman-mq-88uc\/#breadcrumb","itemListElement":[{"@type":"ListItem","position":1,"name":"Accueil","item":"https:\/\/exceptionaudio.fr\/site\/"},{"@type":"ListItem","position":2,"name":"Boutique","item":"https:\/\/exceptionaudio.fr\/site\/boutique\/"},{"@type":"ListItem","position":3,"name":"Luxman MQ-88uC"}]},{"@type":"WebSite","@id":"https:\/\/exceptionaudio.fr\/site\/#website","url":"https:\/\/exceptionaudio.fr\/site\/","name":"Exception Audio","description":"Magasin hi-fi Antibes","publisher":{"@id":"https:\/\/exceptionaudio.fr\/site\/#organization"},"potentialAction":[{"@type":"SearchAction","target":{"@type":"EntryPoint","urlTemplate":"https:\/\/exceptionaudio.fr\/site\/?s={search_term_string}"},"query-input":{"@type":"PropertyValueSpecification","valueRequired":true,"valueName":"search_term_string"}}],"inLanguage":"fr-FR"},{"@type":"Organization","@id":"https:\/\/exceptionaudio.fr\/site\/#organization","name":"Exception Audio","url":"https:\/\/exceptionaudio.fr\/site\/","logo":{"@type":"ImageObject","inLanguage":"fr-FR","@id":"https:\/\/exceptionaudio.fr\/site\/#\/schema\/logo\/image\/","url":"https:\/\/exceptionaudio.fr\/site\/wp-content\/uploads\/2021\/10\/largeur-exception-audio-logos-noir.png","contentUrl":"https:\/\/exceptionaudio.fr\/site\/wp-content\/uploads\/2021\/10\/largeur-exception-audio-logos-noir.png","width":357,"height":54,"caption":"Exception Audio"},"image":{"@id":"https:\/\/exceptionaudio.fr\/site\/#\/schema\/logo\/image\/"},"sameAs":["https:\/\/www.facebook.com\/ExceptionAudio","https:\/\/www.instagram.com\/exception_audio\/"]}]}},"_links":{"self":[{"href":"https:\/\/exceptionaudio.fr\/site\/wp-json\/wp\/v2\/product\/4004","targetHints":{"allow":["GET"]}}],"collection":[{"href":"https:\/\/exceptionaudio.fr\/site\/wp-json\/wp\/v2\/product"}],"about":[{"href":"https:\/\/exceptionaudio.fr\/site\/wp-json\/wp\/v2\/types\/product"}],"version-history":[{"count":1,"href":"https:\/\/exceptionaudio.fr\/site\/wp-json\/wp\/v2\/product\/4004\/revisions"}],"predecessor-version":[{"id":7717,"href":"https:\/\/exceptionaudio.fr\/site\/wp-json\/wp\/v2\/product\/4004\/revisions\/7717"}],"wp:featuredmedia":[{"embeddable":true,"href":"https:\/\/exceptionaudio.fr\/site\/wp-json\/wp\/v2\/media\/4005"}],"wp:attachment":[{"href":"https:\/\/exceptionaudio.fr\/site\/wp-json\/wp\/v2\/media?parent=4004"}],"wp:term":[{"taxonomy":"product_brand","embeddable":true,"href":"https:\/\/exceptionaudio.fr\/site\/wp-json\/wp\/v2\/product_brand?post=4004"},{"taxonomy":"product_cat","embeddable":true,"href":"https:\/\/exceptionaudio.fr\/site\/wp-json\/wp\/v2\/product_cat?post=4004"},{"taxonomy":"product_tag","embeddable":true,"href":"https:\/\/exceptionaudio.fr\/site\/wp-json\/wp\/v2\/product_tag?post=4004"}],"curies":[{"name":"wp","href":"https:\/\/api.w.org\/{rel}","templated":true}]}}