{"id":4031,"date":"2022-01-12T12:11:58","date_gmt":"2022-01-12T11:11:58","guid":{"rendered":"https:\/\/exceptionaudio.fr\/site\/?post_type=product&#038;p=4031"},"modified":"2024-05-22T15:30:22","modified_gmt":"2024-05-22T13:30:22","slug":"enceintes-hifi-magico-a5","status":"publish","type":"product","link":"https:\/\/exceptionaudio.fr\/site\/produit\/enceintes-hifi-magico-a5\/","title":{"rendered":"Magico A5"},"content":{"rendered":"","protected":false},"excerpt":{"rendered":"<p>Mod\u00e8le de r\u00e9f\u00e9rence de la s\u00e9rie A, la Magico A5 est une enceinte colonne 3 voies compos\u00e9e de 5 haut-parleurs dans une caisse close en aluminium bross\u00e9 noir de qualit\u00e9 a\u00e9ronautique. Elle se diff\u00e9rencie de la s\u00e9rie A par l\u2019utilisation de nouveaux haut-parleur d\u00e9riv\u00e9 de la s\u00e9rie M. Comparativement \u00e0 la A3, elle offrira une bande passante plus large avec une coh\u00e9rence et un naturel des timbres am\u00e9lior\u00e9s. Alon Wolf, fondateur de Magico : \u00abLa s\u00e9rie A a \u00e9t\u00e9 un grand succ\u00e8s pour atteindre un public plus large. L\u2019A5 s\u2019appuie sur ce succ\u00e8s avec un nouveau m\u00e9dium de 5 pouces d\u2019une musicalit\u00e9 extraordinaire. Elle \u00ab joue plus grand \u00bb, avec une plage dynamique puissamment \u00e9tendue. \u00bb<\/p>\n","protected":false},"featured_media":6111,"template":"","meta":[],"product_brand":[],"product_cat":[241],"product_tag":[197],"class_list":{"0":"post-4031","1":"product","2":"type-product","3":"status-publish","4":"has-post-thumbnail","6":"product_cat-archives","7":"product_tag-magico","9":"first","10":"instock","11":"taxable","12":"shipping-taxable","13":"purchasable","14":"product-type-simple"},"yoast_head":"<!-- This site is optimized with the Yoast SEO plugin v27.3 - https:\/\/yoast.com\/product\/yoast-seo-wordpress\/ -->\n<title>Magico A5 - Enceintes colonnes hifi - Exception Audio<\/title>\n<meta name=\"description\" content=\"Magico A5 : Enceintes colonne 3 voies compos\u00e9e de 5 haut-parleurs dans une caisse close en aluminium. Mod\u00e8le r\u00e9f\u00e9rence de la s\u00e9rie A.\" \/>\n<meta name=\"robots\" content=\"index, follow, max-snippet:-1, max-image-preview:large, max-video-preview:-1\" \/>\n<link rel=\"canonical\" href=\"https:\/\/exceptionaudio.fr\/site\/produit\/enceintes-hifi-magico-a5\/\" \/>\n<meta property=\"og:locale\" content=\"fr_FR\" \/>\n<meta property=\"og:type\" content=\"article\" \/>\n<meta property=\"og:title\" content=\"Magico A5 - Enceintes colonnes hifi - Exception Audio\" \/>\n<meta property=\"og:description\" content=\"Magico A5 : Enceintes colonne 3 voies compos\u00e9e de 5 haut-parleurs dans une caisse close en aluminium. Mod\u00e8le r\u00e9f\u00e9rence de la s\u00e9rie A.\" \/>\n<meta property=\"og:url\" content=\"https:\/\/exceptionaudio.fr\/site\/produit\/enceintes-hifi-magico-a5\/\" \/>\n<meta property=\"og:site_name\" content=\"Exception Audio\" \/>\n<meta property=\"article:publisher\" content=\"https:\/\/www.facebook.com\/ExceptionAudio\" \/>\n<meta property=\"article:modified_time\" content=\"2024-05-22T13:30:22+00:00\" \/>\n<meta property=\"og:image\" content=\"https:\/\/exceptionaudio.fr\/site\/wp-content\/uploads\/2022\/01\/Magico-A5.jpg\" \/>\n\t<meta property=\"og:image:width\" content=\"1000\" \/>\n\t<meta property=\"og:image:height\" content=\"1000\" \/>\n\t<meta property=\"og:image:type\" content=\"image\/jpeg\" \/>\n<meta name=\"twitter:card\" content=\"summary_large_image\" \/>\n<script type=\"application\/ld+json\" class=\"yoast-schema-graph\">{\"@context\":\"https:\\\/\\\/schema.org\",\"@graph\":[{\"@type\":\"WebPage\",\"@id\":\"https:\\\/\\\/exceptionaudio.fr\\\/site\\\/produit\\\/enceintes-hifi-magico-a5\\\/\",\"url\":\"https:\\\/\\\/exceptionaudio.fr\\\/site\\\/produit\\\/enceintes-hifi-magico-a5\\\/\",\"name\":\"Magico A5 - Enceintes colonnes hifi - Exception Audio\",\"isPartOf\":{\"@id\":\"https:\\\/\\\/exceptionaudio.fr\\\/site\\\/#website\"},\"primaryImageOfPage\":{\"@id\":\"https:\\\/\\\/exceptionaudio.fr\\\/site\\\/produit\\\/enceintes-hifi-magico-a5\\\/#primaryimage\"},\"image\":{\"@id\":\"https:\\\/\\\/exceptionaudio.fr\\\/site\\\/produit\\\/enceintes-hifi-magico-a5\\\/#primaryimage\"},\"thumbnailUrl\":\"https:\\\/\\\/exceptionaudio.fr\\\/site\\\/wp-content\\\/uploads\\\/2022\\\/01\\\/Magico-A5.jpg\",\"datePublished\":\"2022-01-12T11:11:58+00:00\",\"dateModified\":\"2024-05-22T13:30:22+00:00\",\"description\":\"Magico A5 : Enceintes colonne 3 voies compos\u00e9e de 5 haut-parleurs dans une caisse close en aluminium. Mod\u00e8le r\u00e9f\u00e9rence de la s\u00e9rie A.\",\"breadcrumb\":{\"@id\":\"https:\\\/\\\/exceptionaudio.fr\\\/site\\\/produit\\\/enceintes-hifi-magico-a5\\\/#breadcrumb\"},\"inLanguage\":\"fr-FR\",\"potentialAction\":[{\"@type\":\"ReadAction\",\"target\":[\"https:\\\/\\\/exceptionaudio.fr\\\/site\\\/produit\\\/enceintes-hifi-magico-a5\\\/\"]}]},{\"@type\":\"ImageObject\",\"inLanguage\":\"fr-FR\",\"@id\":\"https:\\\/\\\/exceptionaudio.fr\\\/site\\\/produit\\\/enceintes-hifi-magico-a5\\\/#primaryimage\",\"url\":\"https:\\\/\\\/exceptionaudio.fr\\\/site\\\/wp-content\\\/uploads\\\/2022\\\/01\\\/Magico-A5.jpg\",\"contentUrl\":\"https:\\\/\\\/exceptionaudio.fr\\\/site\\\/wp-content\\\/uploads\\\/2022\\\/01\\\/Magico-A5.jpg\",\"width\":1000,\"height\":1000,\"caption\":\"Enceintes colonnes hifi Magico A5 Exception Audio\"},{\"@type\":\"BreadcrumbList\",\"@id\":\"https:\\\/\\\/exceptionaudio.fr\\\/site\\\/produit\\\/enceintes-hifi-magico-a5\\\/#breadcrumb\",\"itemListElement\":[{\"@type\":\"ListItem\",\"position\":1,\"name\":\"Accueil\",\"item\":\"https:\\\/\\\/exceptionaudio.fr\\\/site\\\/\"},{\"@type\":\"ListItem\",\"position\":2,\"name\":\"Boutique\",\"item\":\"https:\\\/\\\/exceptionaudio.fr\\\/site\\\/boutique\\\/\"},{\"@type\":\"ListItem\",\"position\":3,\"name\":\"Magico A5\"}]},{\"@type\":\"WebSite\",\"@id\":\"https:\\\/\\\/exceptionaudio.fr\\\/site\\\/#website\",\"url\":\"https:\\\/\\\/exceptionaudio.fr\\\/site\\\/\",\"name\":\"Exception Audio\",\"description\":\"Magasin hi-fi Antibes\",\"publisher\":{\"@id\":\"https:\\\/\\\/exceptionaudio.fr\\\/site\\\/#organization\"},\"potentialAction\":[{\"@type\":\"SearchAction\",\"target\":{\"@type\":\"EntryPoint\",\"urlTemplate\":\"https:\\\/\\\/exceptionaudio.fr\\\/site\\\/?s={search_term_string}\"},\"query-input\":{\"@type\":\"PropertyValueSpecification\",\"valueRequired\":true,\"valueName\":\"search_term_string\"}}],\"inLanguage\":\"fr-FR\"},{\"@type\":\"Organization\",\"@id\":\"https:\\\/\\\/exceptionaudio.fr\\\/site\\\/#organization\",\"name\":\"Exception Audio\",\"url\":\"https:\\\/\\\/exceptionaudio.fr\\\/site\\\/\",\"logo\":{\"@type\":\"ImageObject\",\"inLanguage\":\"fr-FR\",\"@id\":\"https:\\\/\\\/exceptionaudio.fr\\\/site\\\/#\\\/schema\\\/logo\\\/image\\\/\",\"url\":\"https:\\\/\\\/exceptionaudio.fr\\\/site\\\/wp-content\\\/uploads\\\/2021\\\/10\\\/largeur-exception-audio-logos-noir.png\",\"contentUrl\":\"https:\\\/\\\/exceptionaudio.fr\\\/site\\\/wp-content\\\/uploads\\\/2021\\\/10\\\/largeur-exception-audio-logos-noir.png\",\"width\":357,\"height\":54,\"caption\":\"Exception Audio\"},\"image\":{\"@id\":\"https:\\\/\\\/exceptionaudio.fr\\\/site\\\/#\\\/schema\\\/logo\\\/image\\\/\"},\"sameAs\":[\"https:\\\/\\\/www.facebook.com\\\/ExceptionAudio\",\"https:\\\/\\\/www.instagram.com\\\/exception_audio\\\/\"]}]}<\/script>\n<!-- \/ Yoast SEO plugin. -->","yoast_head_json":{"title":"Magico A5 - Enceintes colonnes hifi - Exception Audio","description":"Magico A5 : Enceintes colonne 3 voies compos\u00e9e de 5 haut-parleurs dans une caisse close en aluminium. Mod\u00e8le r\u00e9f\u00e9rence de la s\u00e9rie A.","robots":{"index":"index","follow":"follow","max-snippet":"max-snippet:-1","max-image-preview":"max-image-preview:large","max-video-preview":"max-video-preview:-1"},"canonical":"https:\/\/exceptionaudio.fr\/site\/produit\/enceintes-hifi-magico-a5\/","og_locale":"fr_FR","og_type":"article","og_title":"Magico A5 - Enceintes colonnes hifi - Exception Audio","og_description":"Magico A5 : Enceintes colonne 3 voies compos\u00e9e de 5 haut-parleurs dans une caisse close en aluminium. Mod\u00e8le r\u00e9f\u00e9rence de la s\u00e9rie A.","og_url":"https:\/\/exceptionaudio.fr\/site\/produit\/enceintes-hifi-magico-a5\/","og_site_name":"Exception Audio","article_publisher":"https:\/\/www.facebook.com\/ExceptionAudio","article_modified_time":"2024-05-22T13:30:22+00:00","og_image":[{"width":1000,"height":1000,"url":"https:\/\/exceptionaudio.fr\/site\/wp-content\/uploads\/2022\/01\/Magico-A5.jpg","type":"image\/jpeg"}],"twitter_card":"summary_large_image","schema":{"@context":"https:\/\/schema.org","@graph":[{"@type":"WebPage","@id":"https:\/\/exceptionaudio.fr\/site\/produit\/enceintes-hifi-magico-a5\/","url":"https:\/\/exceptionaudio.fr\/site\/produit\/enceintes-hifi-magico-a5\/","name":"Magico A5 - Enceintes colonnes hifi - Exception Audio","isPartOf":{"@id":"https:\/\/exceptionaudio.fr\/site\/#website"},"primaryImageOfPage":{"@id":"https:\/\/exceptionaudio.fr\/site\/produit\/enceintes-hifi-magico-a5\/#primaryimage"},"image":{"@id":"https:\/\/exceptionaudio.fr\/site\/produit\/enceintes-hifi-magico-a5\/#primaryimage"},"thumbnailUrl":"https:\/\/exceptionaudio.fr\/site\/wp-content\/uploads\/2022\/01\/Magico-A5.jpg","datePublished":"2022-01-12T11:11:58+00:00","dateModified":"2024-05-22T13:30:22+00:00","description":"Magico A5 : Enceintes colonne 3 voies compos\u00e9e de 5 haut-parleurs dans une caisse close en aluminium. Mod\u00e8le r\u00e9f\u00e9rence de la s\u00e9rie A.","breadcrumb":{"@id":"https:\/\/exceptionaudio.fr\/site\/produit\/enceintes-hifi-magico-a5\/#breadcrumb"},"inLanguage":"fr-FR","potentialAction":[{"@type":"ReadAction","target":["https:\/\/exceptionaudio.fr\/site\/produit\/enceintes-hifi-magico-a5\/"]}]},{"@type":"ImageObject","inLanguage":"fr-FR","@id":"https:\/\/exceptionaudio.fr\/site\/produit\/enceintes-hifi-magico-a5\/#primaryimage","url":"https:\/\/exceptionaudio.fr\/site\/wp-content\/uploads\/2022\/01\/Magico-A5.jpg","contentUrl":"https:\/\/exceptionaudio.fr\/site\/wp-content\/uploads\/2022\/01\/Magico-A5.jpg","width":1000,"height":1000,"caption":"Enceintes colonnes hifi Magico A5 Exception Audio"},{"@type":"BreadcrumbList","@id":"https:\/\/exceptionaudio.fr\/site\/produit\/enceintes-hifi-magico-a5\/#breadcrumb","itemListElement":[{"@type":"ListItem","position":1,"name":"Accueil","item":"https:\/\/exceptionaudio.fr\/site\/"},{"@type":"ListItem","position":2,"name":"Boutique","item":"https:\/\/exceptionaudio.fr\/site\/boutique\/"},{"@type":"ListItem","position":3,"name":"Magico A5"}]},{"@type":"WebSite","@id":"https:\/\/exceptionaudio.fr\/site\/#website","url":"https:\/\/exceptionaudio.fr\/site\/","name":"Exception Audio","description":"Magasin hi-fi Antibes","publisher":{"@id":"https:\/\/exceptionaudio.fr\/site\/#organization"},"potentialAction":[{"@type":"SearchAction","target":{"@type":"EntryPoint","urlTemplate":"https:\/\/exceptionaudio.fr\/site\/?s={search_term_string}"},"query-input":{"@type":"PropertyValueSpecification","valueRequired":true,"valueName":"search_term_string"}}],"inLanguage":"fr-FR"},{"@type":"Organization","@id":"https:\/\/exceptionaudio.fr\/site\/#organization","name":"Exception Audio","url":"https:\/\/exceptionaudio.fr\/site\/","logo":{"@type":"ImageObject","inLanguage":"fr-FR","@id":"https:\/\/exceptionaudio.fr\/site\/#\/schema\/logo\/image\/","url":"https:\/\/exceptionaudio.fr\/site\/wp-content\/uploads\/2021\/10\/largeur-exception-audio-logos-noir.png","contentUrl":"https:\/\/exceptionaudio.fr\/site\/wp-content\/uploads\/2021\/10\/largeur-exception-audio-logos-noir.png","width":357,"height":54,"caption":"Exception Audio"},"image":{"@id":"https:\/\/exceptionaudio.fr\/site\/#\/schema\/logo\/image\/"},"sameAs":["https:\/\/www.facebook.com\/ExceptionAudio","https:\/\/www.instagram.com\/exception_audio\/"]}]}},"_links":{"self":[{"href":"https:\/\/exceptionaudio.fr\/site\/wp-json\/wp\/v2\/product\/4031","targetHints":{"allow":["GET"]}}],"collection":[{"href":"https:\/\/exceptionaudio.fr\/site\/wp-json\/wp\/v2\/product"}],"about":[{"href":"https:\/\/exceptionaudio.fr\/site\/wp-json\/wp\/v2\/types\/product"}],"version-history":[{"count":1,"href":"https:\/\/exceptionaudio.fr\/site\/wp-json\/wp\/v2\/product\/4031\/revisions"}],"predecessor-version":[{"id":7903,"href":"https:\/\/exceptionaudio.fr\/site\/wp-json\/wp\/v2\/product\/4031\/revisions\/7903"}],"wp:featuredmedia":[{"embeddable":true,"href":"https:\/\/exceptionaudio.fr\/site\/wp-json\/wp\/v2\/media\/6111"}],"wp:attachment":[{"href":"https:\/\/exceptionaudio.fr\/site\/wp-json\/wp\/v2\/media?parent=4031"}],"wp:term":[{"taxonomy":"product_brand","embeddable":true,"href":"https:\/\/exceptionaudio.fr\/site\/wp-json\/wp\/v2\/product_brand?post=4031"},{"taxonomy":"product_cat","embeddable":true,"href":"https:\/\/exceptionaudio.fr\/site\/wp-json\/wp\/v2\/product_cat?post=4031"},{"taxonomy":"product_tag","embeddable":true,"href":"https:\/\/exceptionaudio.fr\/site\/wp-json\/wp\/v2\/product_tag?post=4031"}],"curies":[{"name":"wp","href":"https:\/\/api.w.org\/{rel}","templated":true}]}}