{"id":5625,"date":"2022-01-25T12:43:21","date_gmt":"2022-01-25T11:43:21","guid":{"rendered":"https:\/\/exceptionaudio.fr\/site\/?post_type=product&#038;p=5625"},"modified":"2024-11-14T10:39:28","modified_gmt":"2024-11-14T09:39:28","slug":"wattson-audio-emerson-analog","status":"publish","type":"product","link":"https:\/\/exceptionaudio.fr\/site\/produit\/wattson-audio-emerson-analog\/","title":{"rendered":"Wattson Audio Emerson Analog"},"content":{"rendered":"","protected":false},"excerpt":{"rendered":"<p>Le Wattson Audio Emerson Analog est un lecteur r\u00e9seau muni d\u2019un DAC avec une sortie RCA qui traite les signaux PCM 24-bits de 44.1 kHz \u00e0 384 kHz, DSD64, avec une connexion LAN 100 Mbit\/s. Le choix s\u2019est port\u00e9 sur le DAC WM8742 de Cirrus Logic. Ce circuit int\u00e9gr\u00e9 n\u2019est pas nouveau, mais il est capable d\u2019une impressionnante qualit\u00e9 de restitution lorsqu\u2019il est mis en action de mani\u00e8re optimale. Son alimentation, la topologie des \u00e9tages de sortie et les circuits de filtrage ont n\u00e9cessit\u00e9 beaucoup d\u2019ajustements, de mesures et d\u2019\u00e9coutes, avant de valider la solution finale en accord avec la philosophie du produit.<\/p>\n","protected":false},"featured_media":7335,"template":"","meta":[],"product_brand":[],"product_cat":[98,99,100],"product_tag":[208],"class_list":{"0":"post-5625","1":"product","2":"type-product","3":"status-publish","4":"has-post-thumbnail","6":"product_cat-sources-hifi","7":"product_cat-convertisseurs-dac-hifi","8":"product_cat-lecteurs-reseau-hifi-serveurs-audio-streamer","9":"product_tag-wattson-audio","11":"first","12":"instock","13":"taxable","14":"shipping-taxable","15":"purchasable","16":"product-type-simple"},"yoast_head":"<!-- This site is optimized with the Yoast SEO plugin v27.4 - https:\/\/yoast.com\/product\/yoast-seo-wordpress\/ -->\n<title>Wattson Audio Emerson Analog - Exception Audio<\/title>\n<meta name=\"description\" content=\"Wattson Audio Emerson Analog : Lecteur r\u00e9seau streamer hifi muni d\u2019un DAC convertisseur pour vous donner acc\u00e8s \u00e0 la musique d\u00e9mat\u00e9rialis\u00e9e.\" \/>\n<meta name=\"robots\" content=\"index, follow, max-snippet:-1, max-image-preview:large, max-video-preview:-1\" \/>\n<link rel=\"canonical\" href=\"https:\/\/exceptionaudio.fr\/site\/produit\/wattson-audio-emerson-analog\/\" \/>\n<meta property=\"og:locale\" content=\"fr_FR\" \/>\n<meta property=\"og:type\" content=\"article\" \/>\n<meta property=\"og:title\" content=\"Wattson Audio Emerson Analog - Exception Audio\" \/>\n<meta property=\"og:description\" content=\"Wattson Audio Emerson Analog : Lecteur r\u00e9seau streamer hifi muni d\u2019un DAC convertisseur pour vous donner acc\u00e8s \u00e0 la musique d\u00e9mat\u00e9rialis\u00e9e.\" \/>\n<meta property=\"og:url\" content=\"https:\/\/exceptionaudio.fr\/site\/produit\/wattson-audio-emerson-analog\/\" \/>\n<meta property=\"og:site_name\" content=\"Exception Audio\" \/>\n<meta property=\"article:publisher\" content=\"https:\/\/www.facebook.com\/ExceptionAudio\" \/>\n<meta property=\"article:modified_time\" content=\"2024-11-14T09:39:28+00:00\" \/>\n<meta property=\"og:image\" content=\"https:\/\/exceptionaudio.fr\/site\/wp-content\/uploads\/2022\/01\/Wattson-Audio-Emerson-Analog.jpg\" \/>\n\t<meta property=\"og:image:width\" content=\"1000\" \/>\n\t<meta property=\"og:image:height\" content=\"1000\" \/>\n\t<meta property=\"og:image:type\" content=\"image\/jpeg\" \/>\n<meta name=\"twitter:card\" content=\"summary_large_image\" \/>\n<script type=\"application\/ld+json\" class=\"yoast-schema-graph\">{\"@context\":\"https:\\\/\\\/schema.org\",\"@graph\":[{\"@type\":\"WebPage\",\"@id\":\"https:\\\/\\\/exceptionaudio.fr\\\/site\\\/produit\\\/wattson-audio-emerson-analog\\\/\",\"url\":\"https:\\\/\\\/exceptionaudio.fr\\\/site\\\/produit\\\/wattson-audio-emerson-analog\\\/\",\"name\":\"Wattson Audio Emerson Analog - Exception Audio\",\"isPartOf\":{\"@id\":\"https:\\\/\\\/exceptionaudio.fr\\\/site\\\/#website\"},\"primaryImageOfPage\":{\"@id\":\"https:\\\/\\\/exceptionaudio.fr\\\/site\\\/produit\\\/wattson-audio-emerson-analog\\\/#primaryimage\"},\"image\":{\"@id\":\"https:\\\/\\\/exceptionaudio.fr\\\/site\\\/produit\\\/wattson-audio-emerson-analog\\\/#primaryimage\"},\"thumbnailUrl\":\"https:\\\/\\\/exceptionaudio.fr\\\/site\\\/wp-content\\\/uploads\\\/2022\\\/01\\\/Wattson-Audio-Emerson-Analog.jpg\",\"datePublished\":\"2022-01-25T11:43:21+00:00\",\"dateModified\":\"2024-11-14T09:39:28+00:00\",\"description\":\"Wattson Audio Emerson Analog : Lecteur r\u00e9seau streamer hifi muni d\u2019un DAC convertisseur pour vous donner acc\u00e8s \u00e0 la musique d\u00e9mat\u00e9rialis\u00e9e.\",\"breadcrumb\":{\"@id\":\"https:\\\/\\\/exceptionaudio.fr\\\/site\\\/produit\\\/wattson-audio-emerson-analog\\\/#breadcrumb\"},\"inLanguage\":\"fr-FR\",\"potentialAction\":[{\"@type\":\"ReadAction\",\"target\":[\"https:\\\/\\\/exceptionaudio.fr\\\/site\\\/produit\\\/wattson-audio-emerson-analog\\\/\"]}]},{\"@type\":\"ImageObject\",\"inLanguage\":\"fr-FR\",\"@id\":\"https:\\\/\\\/exceptionaudio.fr\\\/site\\\/produit\\\/wattson-audio-emerson-analog\\\/#primaryimage\",\"url\":\"https:\\\/\\\/exceptionaudio.fr\\\/site\\\/wp-content\\\/uploads\\\/2022\\\/01\\\/Wattson-Audio-Emerson-Analog.jpg\",\"contentUrl\":\"https:\\\/\\\/exceptionaudio.fr\\\/site\\\/wp-content\\\/uploads\\\/2022\\\/01\\\/Wattson-Audio-Emerson-Analog.jpg\",\"width\":1000,\"height\":1000,\"caption\":\"Wattson Audio Emerson Analog streamer lecteur r\u00e9seau DAC hifi\"},{\"@type\":\"BreadcrumbList\",\"@id\":\"https:\\\/\\\/exceptionaudio.fr\\\/site\\\/produit\\\/wattson-audio-emerson-analog\\\/#breadcrumb\",\"itemListElement\":[{\"@type\":\"ListItem\",\"position\":1,\"name\":\"Accueil\",\"item\":\"https:\\\/\\\/exceptionaudio.fr\\\/site\\\/\"},{\"@type\":\"ListItem\",\"position\":2,\"name\":\"Boutique\",\"item\":\"https:\\\/\\\/exceptionaudio.fr\\\/site\\\/boutique\\\/\"},{\"@type\":\"ListItem\",\"position\":3,\"name\":\"Wattson Audio Emerson Analog\"}]},{\"@type\":\"WebSite\",\"@id\":\"https:\\\/\\\/exceptionaudio.fr\\\/site\\\/#website\",\"url\":\"https:\\\/\\\/exceptionaudio.fr\\\/site\\\/\",\"name\":\"Exception Audio\",\"description\":\"Magasin hi-fi Antibes\",\"publisher\":{\"@id\":\"https:\\\/\\\/exceptionaudio.fr\\\/site\\\/#organization\"},\"potentialAction\":[{\"@type\":\"SearchAction\",\"target\":{\"@type\":\"EntryPoint\",\"urlTemplate\":\"https:\\\/\\\/exceptionaudio.fr\\\/site\\\/?s={search_term_string}\"},\"query-input\":{\"@type\":\"PropertyValueSpecification\",\"valueRequired\":true,\"valueName\":\"search_term_string\"}}],\"inLanguage\":\"fr-FR\"},{\"@type\":\"Organization\",\"@id\":\"https:\\\/\\\/exceptionaudio.fr\\\/site\\\/#organization\",\"name\":\"Exception Audio\",\"url\":\"https:\\\/\\\/exceptionaudio.fr\\\/site\\\/\",\"logo\":{\"@type\":\"ImageObject\",\"inLanguage\":\"fr-FR\",\"@id\":\"https:\\\/\\\/exceptionaudio.fr\\\/site\\\/#\\\/schema\\\/logo\\\/image\\\/\",\"url\":\"https:\\\/\\\/exceptionaudio.fr\\\/site\\\/wp-content\\\/uploads\\\/2021\\\/10\\\/largeur-exception-audio-logos-noir.png\",\"contentUrl\":\"https:\\\/\\\/exceptionaudio.fr\\\/site\\\/wp-content\\\/uploads\\\/2021\\\/10\\\/largeur-exception-audio-logos-noir.png\",\"width\":357,\"height\":54,\"caption\":\"Exception Audio\"},\"image\":{\"@id\":\"https:\\\/\\\/exceptionaudio.fr\\\/site\\\/#\\\/schema\\\/logo\\\/image\\\/\"},\"sameAs\":[\"https:\\\/\\\/www.facebook.com\\\/ExceptionAudio\",\"https:\\\/\\\/www.instagram.com\\\/exception_audio\\\/\"]}]}<\/script>\n<!-- \/ Yoast SEO plugin. -->","yoast_head_json":{"title":"Wattson Audio Emerson Analog - Exception Audio","description":"Wattson Audio Emerson Analog : Lecteur r\u00e9seau streamer hifi muni d\u2019un DAC convertisseur pour vous donner acc\u00e8s \u00e0 la musique d\u00e9mat\u00e9rialis\u00e9e.","robots":{"index":"index","follow":"follow","max-snippet":"max-snippet:-1","max-image-preview":"max-image-preview:large","max-video-preview":"max-video-preview:-1"},"canonical":"https:\/\/exceptionaudio.fr\/site\/produit\/wattson-audio-emerson-analog\/","og_locale":"fr_FR","og_type":"article","og_title":"Wattson Audio Emerson Analog - Exception Audio","og_description":"Wattson Audio Emerson Analog : Lecteur r\u00e9seau streamer hifi muni d\u2019un DAC convertisseur pour vous donner acc\u00e8s \u00e0 la musique d\u00e9mat\u00e9rialis\u00e9e.","og_url":"https:\/\/exceptionaudio.fr\/site\/produit\/wattson-audio-emerson-analog\/","og_site_name":"Exception Audio","article_publisher":"https:\/\/www.facebook.com\/ExceptionAudio","article_modified_time":"2024-11-14T09:39:28+00:00","og_image":[{"width":1000,"height":1000,"url":"https:\/\/exceptionaudio.fr\/site\/wp-content\/uploads\/2022\/01\/Wattson-Audio-Emerson-Analog.jpg","type":"image\/jpeg"}],"twitter_card":"summary_large_image","schema":{"@context":"https:\/\/schema.org","@graph":[{"@type":"WebPage","@id":"https:\/\/exceptionaudio.fr\/site\/produit\/wattson-audio-emerson-analog\/","url":"https:\/\/exceptionaudio.fr\/site\/produit\/wattson-audio-emerson-analog\/","name":"Wattson Audio Emerson Analog - Exception Audio","isPartOf":{"@id":"https:\/\/exceptionaudio.fr\/site\/#website"},"primaryImageOfPage":{"@id":"https:\/\/exceptionaudio.fr\/site\/produit\/wattson-audio-emerson-analog\/#primaryimage"},"image":{"@id":"https:\/\/exceptionaudio.fr\/site\/produit\/wattson-audio-emerson-analog\/#primaryimage"},"thumbnailUrl":"https:\/\/exceptionaudio.fr\/site\/wp-content\/uploads\/2022\/01\/Wattson-Audio-Emerson-Analog.jpg","datePublished":"2022-01-25T11:43:21+00:00","dateModified":"2024-11-14T09:39:28+00:00","description":"Wattson Audio Emerson Analog : Lecteur r\u00e9seau streamer hifi muni d\u2019un DAC convertisseur pour vous donner acc\u00e8s \u00e0 la musique d\u00e9mat\u00e9rialis\u00e9e.","breadcrumb":{"@id":"https:\/\/exceptionaudio.fr\/site\/produit\/wattson-audio-emerson-analog\/#breadcrumb"},"inLanguage":"fr-FR","potentialAction":[{"@type":"ReadAction","target":["https:\/\/exceptionaudio.fr\/site\/produit\/wattson-audio-emerson-analog\/"]}]},{"@type":"ImageObject","inLanguage":"fr-FR","@id":"https:\/\/exceptionaudio.fr\/site\/produit\/wattson-audio-emerson-analog\/#primaryimage","url":"https:\/\/exceptionaudio.fr\/site\/wp-content\/uploads\/2022\/01\/Wattson-Audio-Emerson-Analog.jpg","contentUrl":"https:\/\/exceptionaudio.fr\/site\/wp-content\/uploads\/2022\/01\/Wattson-Audio-Emerson-Analog.jpg","width":1000,"height":1000,"caption":"Wattson Audio Emerson Analog streamer lecteur r\u00e9seau DAC hifi"},{"@type":"BreadcrumbList","@id":"https:\/\/exceptionaudio.fr\/site\/produit\/wattson-audio-emerson-analog\/#breadcrumb","itemListElement":[{"@type":"ListItem","position":1,"name":"Accueil","item":"https:\/\/exceptionaudio.fr\/site\/"},{"@type":"ListItem","position":2,"name":"Boutique","item":"https:\/\/exceptionaudio.fr\/site\/boutique\/"},{"@type":"ListItem","position":3,"name":"Wattson Audio Emerson Analog"}]},{"@type":"WebSite","@id":"https:\/\/exceptionaudio.fr\/site\/#website","url":"https:\/\/exceptionaudio.fr\/site\/","name":"Exception Audio","description":"Magasin hi-fi Antibes","publisher":{"@id":"https:\/\/exceptionaudio.fr\/site\/#organization"},"potentialAction":[{"@type":"SearchAction","target":{"@type":"EntryPoint","urlTemplate":"https:\/\/exceptionaudio.fr\/site\/?s={search_term_string}"},"query-input":{"@type":"PropertyValueSpecification","valueRequired":true,"valueName":"search_term_string"}}],"inLanguage":"fr-FR"},{"@type":"Organization","@id":"https:\/\/exceptionaudio.fr\/site\/#organization","name":"Exception Audio","url":"https:\/\/exceptionaudio.fr\/site\/","logo":{"@type":"ImageObject","inLanguage":"fr-FR","@id":"https:\/\/exceptionaudio.fr\/site\/#\/schema\/logo\/image\/","url":"https:\/\/exceptionaudio.fr\/site\/wp-content\/uploads\/2021\/10\/largeur-exception-audio-logos-noir.png","contentUrl":"https:\/\/exceptionaudio.fr\/site\/wp-content\/uploads\/2021\/10\/largeur-exception-audio-logos-noir.png","width":357,"height":54,"caption":"Exception Audio"},"image":{"@id":"https:\/\/exceptionaudio.fr\/site\/#\/schema\/logo\/image\/"},"sameAs":["https:\/\/www.facebook.com\/ExceptionAudio","https:\/\/www.instagram.com\/exception_audio\/"]}]}},"_links":{"self":[{"href":"https:\/\/exceptionaudio.fr\/site\/wp-json\/wp\/v2\/product\/5625","targetHints":{"allow":["GET"]}}],"collection":[{"href":"https:\/\/exceptionaudio.fr\/site\/wp-json\/wp\/v2\/product"}],"about":[{"href":"https:\/\/exceptionaudio.fr\/site\/wp-json\/wp\/v2\/types\/product"}],"version-history":[{"count":1,"href":"https:\/\/exceptionaudio.fr\/site\/wp-json\/wp\/v2\/product\/5625\/revisions"}],"predecessor-version":[{"id":8020,"href":"https:\/\/exceptionaudio.fr\/site\/wp-json\/wp\/v2\/product\/5625\/revisions\/8020"}],"wp:featuredmedia":[{"embeddable":true,"href":"https:\/\/exceptionaudio.fr\/site\/wp-json\/wp\/v2\/media\/7335"}],"wp:attachment":[{"href":"https:\/\/exceptionaudio.fr\/site\/wp-json\/wp\/v2\/media?parent=5625"}],"wp:term":[{"taxonomy":"product_brand","embeddable":true,"href":"https:\/\/exceptionaudio.fr\/site\/wp-json\/wp\/v2\/product_brand?post=5625"},{"taxonomy":"product_cat","embeddable":true,"href":"https:\/\/exceptionaudio.fr\/site\/wp-json\/wp\/v2\/product_cat?post=5625"},{"taxonomy":"product_tag","embeddable":true,"href":"https:\/\/exceptionaudio.fr\/site\/wp-json\/wp\/v2\/product_tag?post=5625"}],"curies":[{"name":"wp","href":"https:\/\/api.w.org\/{rel}","templated":true}]}}