{"id":5638,"date":"2022-01-25T13:26:29","date_gmt":"2022-01-25T12:26:29","guid":{"rendered":"https:\/\/exceptionaudio.fr\/site\/?post_type=product&#038;p=5638"},"modified":"2024-11-14T10:39:17","modified_gmt":"2024-11-14T09:39:17","slug":"wattson-audio-emerson-digital","status":"publish","type":"product","link":"https:\/\/exceptionaudio.fr\/site\/produit\/wattson-audio-emerson-digital\/","title":{"rendered":"Wattson Audio Emerson Digital"},"content":{"rendered":"","protected":false},"excerpt":{"rendered":"<p>L\u2019Emerson Digital de chez Wattson Audio est un streamer audio qui se connecte sur votre DAC gr\u00e2ce \u00e0 un c\u00e2ble digital Coaxial ou AES\/EBU. Il utilise deux modulateurs distincts pour la sortie S\/PDIF et la sortie AES\/EBU. Des \u00e9tages de sortie \u00e0 grande vitesse, synchronis\u00e9s par l\u2019horloge principale pour \u00e9viter tout jitter, et les meilleurs transformateurs du march\u00e9 assurent deux sorties isol\u00e9es ainsi qu\u2019une parfaite r\u00e9jection des probl\u00e8mes de mode commun pour des performances sup\u00e9rieures.<\/p>\n","protected":false},"featured_media":5639,"template":"","meta":[],"product_brand":[],"product_cat":[98,100],"product_tag":[208],"class_list":{"0":"post-5638","1":"product","2":"type-product","3":"status-publish","4":"has-post-thumbnail","6":"product_cat-sources-hifi","7":"product_cat-lecteurs-reseau-hifi-serveurs-audio-streamer","8":"product_tag-wattson-audio","10":"first","11":"instock","12":"taxable","13":"shipping-taxable","14":"purchasable","15":"product-type-simple"},"yoast_head":"<!-- This site is optimized with the Yoast SEO plugin v27.3 - https:\/\/yoast.com\/product\/yoast-seo-wordpress\/ -->\n<title>Wattson Audio Emerson Digital - Exception Audio<\/title>\n<meta name=\"description\" content=\"Wattson Audio Emerson Digital : Lecteur r\u00e9seau streamer hifi qui se connecte sur votre DAC gr\u00e2ce \u00e0 un c\u00e2ble audio digital coaxial ou AES\/EBU.\" \/>\n<meta name=\"robots\" content=\"index, follow, max-snippet:-1, max-image-preview:large, max-video-preview:-1\" \/>\n<link rel=\"canonical\" href=\"https:\/\/exceptionaudio.fr\/site\/produit\/wattson-audio-emerson-digital\/\" \/>\n<meta property=\"og:locale\" content=\"fr_FR\" \/>\n<meta property=\"og:type\" content=\"article\" \/>\n<meta property=\"og:title\" content=\"Wattson Audio Emerson Digital - Exception Audio\" \/>\n<meta property=\"og:description\" content=\"Wattson Audio Emerson Digital : Lecteur r\u00e9seau streamer hifi qui se connecte sur votre DAC gr\u00e2ce \u00e0 un c\u00e2ble audio digital coaxial ou AES\/EBU.\" \/>\n<meta property=\"og:url\" content=\"https:\/\/exceptionaudio.fr\/site\/produit\/wattson-audio-emerson-digital\/\" \/>\n<meta property=\"og:site_name\" content=\"Exception Audio\" \/>\n<meta property=\"article:publisher\" content=\"https:\/\/www.facebook.com\/ExceptionAudio\" \/>\n<meta property=\"article:modified_time\" content=\"2024-11-14T09:39:17+00:00\" \/>\n<meta property=\"og:image\" content=\"https:\/\/exceptionaudio.fr\/site\/wp-content\/uploads\/2022\/02\/1.-Emerson-Digital.jpg\" \/>\n\t<meta property=\"og:image:width\" content=\"1000\" \/>\n\t<meta property=\"og:image:height\" content=\"1000\" \/>\n\t<meta property=\"og:image:type\" content=\"image\/jpeg\" \/>\n<meta name=\"twitter:card\" content=\"summary_large_image\" \/>\n<script type=\"application\/ld+json\" class=\"yoast-schema-graph\">{\"@context\":\"https:\\\/\\\/schema.org\",\"@graph\":[{\"@type\":\"WebPage\",\"@id\":\"https:\\\/\\\/exceptionaudio.fr\\\/site\\\/produit\\\/wattson-audio-emerson-digital\\\/\",\"url\":\"https:\\\/\\\/exceptionaudio.fr\\\/site\\\/produit\\\/wattson-audio-emerson-digital\\\/\",\"name\":\"Wattson Audio Emerson Digital - Exception Audio\",\"isPartOf\":{\"@id\":\"https:\\\/\\\/exceptionaudio.fr\\\/site\\\/#website\"},\"primaryImageOfPage\":{\"@id\":\"https:\\\/\\\/exceptionaudio.fr\\\/site\\\/produit\\\/wattson-audio-emerson-digital\\\/#primaryimage\"},\"image\":{\"@id\":\"https:\\\/\\\/exceptionaudio.fr\\\/site\\\/produit\\\/wattson-audio-emerson-digital\\\/#primaryimage\"},\"thumbnailUrl\":\"https:\\\/\\\/exceptionaudio.fr\\\/site\\\/wp-content\\\/uploads\\\/2022\\\/02\\\/1.-Emerson-Digital.jpg\",\"datePublished\":\"2022-01-25T12:26:29+00:00\",\"dateModified\":\"2024-11-14T09:39:17+00:00\",\"description\":\"Wattson Audio Emerson Digital : Lecteur r\u00e9seau streamer hifi qui se connecte sur votre DAC gr\u00e2ce \u00e0 un c\u00e2ble audio digital coaxial ou AES\\\/EBU.\",\"breadcrumb\":{\"@id\":\"https:\\\/\\\/exceptionaudio.fr\\\/site\\\/produit\\\/wattson-audio-emerson-digital\\\/#breadcrumb\"},\"inLanguage\":\"fr-FR\",\"potentialAction\":[{\"@type\":\"ReadAction\",\"target\":[\"https:\\\/\\\/exceptionaudio.fr\\\/site\\\/produit\\\/wattson-audio-emerson-digital\\\/\"]}]},{\"@type\":\"ImageObject\",\"inLanguage\":\"fr-FR\",\"@id\":\"https:\\\/\\\/exceptionaudio.fr\\\/site\\\/produit\\\/wattson-audio-emerson-digital\\\/#primaryimage\",\"url\":\"https:\\\/\\\/exceptionaudio.fr\\\/site\\\/wp-content\\\/uploads\\\/2022\\\/02\\\/1.-Emerson-Digital.jpg\",\"contentUrl\":\"https:\\\/\\\/exceptionaudio.fr\\\/site\\\/wp-content\\\/uploads\\\/2022\\\/02\\\/1.-Emerson-Digital.jpg\",\"width\":1000,\"height\":1000,\"caption\":\"lecteur r\u00e9seau streamer hifi Wattson Audio Emerson Digital Exception Audio\"},{\"@type\":\"BreadcrumbList\",\"@id\":\"https:\\\/\\\/exceptionaudio.fr\\\/site\\\/produit\\\/wattson-audio-emerson-digital\\\/#breadcrumb\",\"itemListElement\":[{\"@type\":\"ListItem\",\"position\":1,\"name\":\"Accueil\",\"item\":\"https:\\\/\\\/exceptionaudio.fr\\\/site\\\/\"},{\"@type\":\"ListItem\",\"position\":2,\"name\":\"Boutique\",\"item\":\"https:\\\/\\\/exceptionaudio.fr\\\/site\\\/boutique\\\/\"},{\"@type\":\"ListItem\",\"position\":3,\"name\":\"Wattson Audio Emerson Digital\"}]},{\"@type\":\"WebSite\",\"@id\":\"https:\\\/\\\/exceptionaudio.fr\\\/site\\\/#website\",\"url\":\"https:\\\/\\\/exceptionaudio.fr\\\/site\\\/\",\"name\":\"Exception Audio\",\"description\":\"Magasin hi-fi Antibes\",\"publisher\":{\"@id\":\"https:\\\/\\\/exceptionaudio.fr\\\/site\\\/#organization\"},\"potentialAction\":[{\"@type\":\"SearchAction\",\"target\":{\"@type\":\"EntryPoint\",\"urlTemplate\":\"https:\\\/\\\/exceptionaudio.fr\\\/site\\\/?s={search_term_string}\"},\"query-input\":{\"@type\":\"PropertyValueSpecification\",\"valueRequired\":true,\"valueName\":\"search_term_string\"}}],\"inLanguage\":\"fr-FR\"},{\"@type\":\"Organization\",\"@id\":\"https:\\\/\\\/exceptionaudio.fr\\\/site\\\/#organization\",\"name\":\"Exception Audio\",\"url\":\"https:\\\/\\\/exceptionaudio.fr\\\/site\\\/\",\"logo\":{\"@type\":\"ImageObject\",\"inLanguage\":\"fr-FR\",\"@id\":\"https:\\\/\\\/exceptionaudio.fr\\\/site\\\/#\\\/schema\\\/logo\\\/image\\\/\",\"url\":\"https:\\\/\\\/exceptionaudio.fr\\\/site\\\/wp-content\\\/uploads\\\/2021\\\/10\\\/largeur-exception-audio-logos-noir.png\",\"contentUrl\":\"https:\\\/\\\/exceptionaudio.fr\\\/site\\\/wp-content\\\/uploads\\\/2021\\\/10\\\/largeur-exception-audio-logos-noir.png\",\"width\":357,\"height\":54,\"caption\":\"Exception Audio\"},\"image\":{\"@id\":\"https:\\\/\\\/exceptionaudio.fr\\\/site\\\/#\\\/schema\\\/logo\\\/image\\\/\"},\"sameAs\":[\"https:\\\/\\\/www.facebook.com\\\/ExceptionAudio\",\"https:\\\/\\\/www.instagram.com\\\/exception_audio\\\/\"]}]}<\/script>\n<!-- \/ Yoast SEO plugin. -->","yoast_head_json":{"title":"Wattson Audio Emerson Digital - Exception Audio","description":"Wattson Audio Emerson Digital : Lecteur r\u00e9seau streamer hifi qui se connecte sur votre DAC gr\u00e2ce \u00e0 un c\u00e2ble audio digital coaxial ou AES\/EBU.","robots":{"index":"index","follow":"follow","max-snippet":"max-snippet:-1","max-image-preview":"max-image-preview:large","max-video-preview":"max-video-preview:-1"},"canonical":"https:\/\/exceptionaudio.fr\/site\/produit\/wattson-audio-emerson-digital\/","og_locale":"fr_FR","og_type":"article","og_title":"Wattson Audio Emerson Digital - Exception Audio","og_description":"Wattson Audio Emerson Digital : Lecteur r\u00e9seau streamer hifi qui se connecte sur votre DAC gr\u00e2ce \u00e0 un c\u00e2ble audio digital coaxial ou AES\/EBU.","og_url":"https:\/\/exceptionaudio.fr\/site\/produit\/wattson-audio-emerson-digital\/","og_site_name":"Exception Audio","article_publisher":"https:\/\/www.facebook.com\/ExceptionAudio","article_modified_time":"2024-11-14T09:39:17+00:00","og_image":[{"width":1000,"height":1000,"url":"https:\/\/exceptionaudio.fr\/site\/wp-content\/uploads\/2022\/02\/1.-Emerson-Digital.jpg","type":"image\/jpeg"}],"twitter_card":"summary_large_image","schema":{"@context":"https:\/\/schema.org","@graph":[{"@type":"WebPage","@id":"https:\/\/exceptionaudio.fr\/site\/produit\/wattson-audio-emerson-digital\/","url":"https:\/\/exceptionaudio.fr\/site\/produit\/wattson-audio-emerson-digital\/","name":"Wattson Audio Emerson Digital - Exception Audio","isPartOf":{"@id":"https:\/\/exceptionaudio.fr\/site\/#website"},"primaryImageOfPage":{"@id":"https:\/\/exceptionaudio.fr\/site\/produit\/wattson-audio-emerson-digital\/#primaryimage"},"image":{"@id":"https:\/\/exceptionaudio.fr\/site\/produit\/wattson-audio-emerson-digital\/#primaryimage"},"thumbnailUrl":"https:\/\/exceptionaudio.fr\/site\/wp-content\/uploads\/2022\/02\/1.-Emerson-Digital.jpg","datePublished":"2022-01-25T12:26:29+00:00","dateModified":"2024-11-14T09:39:17+00:00","description":"Wattson Audio Emerson Digital : Lecteur r\u00e9seau streamer hifi qui se connecte sur votre DAC gr\u00e2ce \u00e0 un c\u00e2ble audio digital coaxial ou AES\/EBU.","breadcrumb":{"@id":"https:\/\/exceptionaudio.fr\/site\/produit\/wattson-audio-emerson-digital\/#breadcrumb"},"inLanguage":"fr-FR","potentialAction":[{"@type":"ReadAction","target":["https:\/\/exceptionaudio.fr\/site\/produit\/wattson-audio-emerson-digital\/"]}]},{"@type":"ImageObject","inLanguage":"fr-FR","@id":"https:\/\/exceptionaudio.fr\/site\/produit\/wattson-audio-emerson-digital\/#primaryimage","url":"https:\/\/exceptionaudio.fr\/site\/wp-content\/uploads\/2022\/02\/1.-Emerson-Digital.jpg","contentUrl":"https:\/\/exceptionaudio.fr\/site\/wp-content\/uploads\/2022\/02\/1.-Emerson-Digital.jpg","width":1000,"height":1000,"caption":"lecteur r\u00e9seau streamer hifi Wattson Audio Emerson Digital Exception Audio"},{"@type":"BreadcrumbList","@id":"https:\/\/exceptionaudio.fr\/site\/produit\/wattson-audio-emerson-digital\/#breadcrumb","itemListElement":[{"@type":"ListItem","position":1,"name":"Accueil","item":"https:\/\/exceptionaudio.fr\/site\/"},{"@type":"ListItem","position":2,"name":"Boutique","item":"https:\/\/exceptionaudio.fr\/site\/boutique\/"},{"@type":"ListItem","position":3,"name":"Wattson Audio Emerson Digital"}]},{"@type":"WebSite","@id":"https:\/\/exceptionaudio.fr\/site\/#website","url":"https:\/\/exceptionaudio.fr\/site\/","name":"Exception Audio","description":"Magasin hi-fi Antibes","publisher":{"@id":"https:\/\/exceptionaudio.fr\/site\/#organization"},"potentialAction":[{"@type":"SearchAction","target":{"@type":"EntryPoint","urlTemplate":"https:\/\/exceptionaudio.fr\/site\/?s={search_term_string}"},"query-input":{"@type":"PropertyValueSpecification","valueRequired":true,"valueName":"search_term_string"}}],"inLanguage":"fr-FR"},{"@type":"Organization","@id":"https:\/\/exceptionaudio.fr\/site\/#organization","name":"Exception Audio","url":"https:\/\/exceptionaudio.fr\/site\/","logo":{"@type":"ImageObject","inLanguage":"fr-FR","@id":"https:\/\/exceptionaudio.fr\/site\/#\/schema\/logo\/image\/","url":"https:\/\/exceptionaudio.fr\/site\/wp-content\/uploads\/2021\/10\/largeur-exception-audio-logos-noir.png","contentUrl":"https:\/\/exceptionaudio.fr\/site\/wp-content\/uploads\/2021\/10\/largeur-exception-audio-logos-noir.png","width":357,"height":54,"caption":"Exception Audio"},"image":{"@id":"https:\/\/exceptionaudio.fr\/site\/#\/schema\/logo\/image\/"},"sameAs":["https:\/\/www.facebook.com\/ExceptionAudio","https:\/\/www.instagram.com\/exception_audio\/"]}]}},"_links":{"self":[{"href":"https:\/\/exceptionaudio.fr\/site\/wp-json\/wp\/v2\/product\/5638","targetHints":{"allow":["GET"]}}],"collection":[{"href":"https:\/\/exceptionaudio.fr\/site\/wp-json\/wp\/v2\/product"}],"about":[{"href":"https:\/\/exceptionaudio.fr\/site\/wp-json\/wp\/v2\/types\/product"}],"version-history":[{"count":1,"href":"https:\/\/exceptionaudio.fr\/site\/wp-json\/wp\/v2\/product\/5638\/revisions"}],"predecessor-version":[{"id":8021,"href":"https:\/\/exceptionaudio.fr\/site\/wp-json\/wp\/v2\/product\/5638\/revisions\/8021"}],"wp:featuredmedia":[{"embeddable":true,"href":"https:\/\/exceptionaudio.fr\/site\/wp-json\/wp\/v2\/media\/5639"}],"wp:attachment":[{"href":"https:\/\/exceptionaudio.fr\/site\/wp-json\/wp\/v2\/media?parent=5638"}],"wp:term":[{"taxonomy":"product_brand","embeddable":true,"href":"https:\/\/exceptionaudio.fr\/site\/wp-json\/wp\/v2\/product_brand?post=5638"},{"taxonomy":"product_cat","embeddable":true,"href":"https:\/\/exceptionaudio.fr\/site\/wp-json\/wp\/v2\/product_cat?post=5638"},{"taxonomy":"product_tag","embeddable":true,"href":"https:\/\/exceptionaudio.fr\/site\/wp-json\/wp\/v2\/product_tag?post=5638"}],"curies":[{"name":"wp","href":"https:\/\/api.w.org\/{rel}","templated":true}]}}