{"id":5643,"date":"2022-01-25T10:07:28","date_gmt":"2022-01-25T09:07:28","guid":{"rendered":"https:\/\/exceptionaudio.fr\/site\/?post_type=product&#038;p=5643"},"modified":"2024-05-04T12:21:52","modified_gmt":"2024-05-04T10:21:52","slug":"vivid-audio-giya-g2-serie-2","status":"publish","type":"product","link":"https:\/\/exceptionaudio.fr\/site\/produit\/vivid-audio-giya-g2-serie-2\/","title":{"rendered":"Vivid Audio Giya G2 Serie 2"},"content":{"rendered":"<p>|<\/p>\n","protected":false},"excerpt":{"rendered":"<p>La Giya G2 Serie 2 de chez Vivid Audio a \u00e9t\u00e9 con\u00e7ue comme une \u00e9volution du mod\u00e8le flagship de chez Vivid Audio, la Giya G1 originale. Elle offre la m\u00eame technologie autour de cinq haut-parleurs mais avec 80% de la hauteur et la moiti\u00e9 du volume de sa grande s\u0153ur. La Giya G2 est parfaitement proportionn\u00e9 pour les pi\u00e8ces de taille moyenne, ainsi que pour les grands espaces. Elle est peut-\u00eatre l&rsquo;enceinte colonne haute fid\u00e9lit\u00e9 de la gamme offrant le meilleur compromis entre encombrement et prestation sonore.<\/p>\n","protected":false},"featured_media":5648,"template":"","meta":[],"product_brand":[],"product_cat":[90,91],"product_tag":[179],"class_list":{"0":"post-5643","1":"product","2":"type-product","3":"status-publish","4":"has-post-thumbnail","6":"product_cat-enceintes-bibliotheques-colonnes-hifi","7":"product_cat-enceintes-colonnes","8":"product_tag-vivid-audio","10":"first","11":"instock","12":"taxable","13":"shipping-taxable","14":"purchasable","15":"product-type-variable"},"yoast_head":"<!-- This site is optimized with the Yoast SEO plugin v27.4 - https:\/\/yoast.com\/product\/yoast-seo-wordpress\/ -->\n<title>Vivid Audio Giya G2 Serie 2 - Enceintes hifi - Exception Audio<\/title>\n<meta name=\"description\" content=\"Vivid Audio Giya G2 Serie 2 : Enceinte colonne hifi con\u00e7ue comme une \u00e9volution du mod\u00e8le flagship de chez Vivid Audio, la Giya G1 originale.\" \/>\n<meta name=\"robots\" content=\"index, follow, max-snippet:-1, max-image-preview:large, max-video-preview:-1\" \/>\n<link rel=\"canonical\" href=\"https:\/\/exceptionaudio.fr\/site\/produit\/vivid-audio-giya-g2-serie-2\/\" \/>\n<meta property=\"og:locale\" content=\"fr_FR\" \/>\n<meta property=\"og:type\" content=\"article\" \/>\n<meta property=\"og:title\" content=\"Vivid Audio Giya G2 Serie 2 - Enceintes hifi - Exception Audio\" \/>\n<meta property=\"og:description\" content=\"Vivid Audio Giya G2 Serie 2 : Enceinte colonne hifi con\u00e7ue comme une \u00e9volution du mod\u00e8le flagship de chez Vivid Audio, la Giya G1 originale.\" \/>\n<meta property=\"og:url\" content=\"https:\/\/exceptionaudio.fr\/site\/produit\/vivid-audio-giya-g2-serie-2\/\" \/>\n<meta property=\"og:site_name\" content=\"Exception Audio\" \/>\n<meta property=\"article:publisher\" content=\"https:\/\/www.facebook.com\/ExceptionAudio\" \/>\n<meta property=\"article:modified_time\" content=\"2024-05-04T10:21:52+00:00\" \/>\n<meta property=\"og:image\" content=\"https:\/\/exceptionaudio.fr\/site\/wp-content\/uploads\/2022\/02\/1.-Giya-G2-serie2.jpeg\" \/>\n\t<meta property=\"og:image:width\" content=\"1800\" \/>\n\t<meta property=\"og:image:height\" content=\"1800\" \/>\n\t<meta property=\"og:image:type\" content=\"image\/jpeg\" \/>\n<meta name=\"twitter:card\" content=\"summary_large_image\" \/>\n<meta name=\"twitter:label1\" content=\"Dur\u00e9e de lecture estim\u00e9e\" \/>\n\t<meta name=\"twitter:data1\" content=\"1 minute\" \/>\n<script type=\"application\/ld+json\" class=\"yoast-schema-graph\">{\"@context\":\"https:\\\/\\\/schema.org\",\"@graph\":[{\"@type\":\"WebPage\",\"@id\":\"https:\\\/\\\/exceptionaudio.fr\\\/site\\\/produit\\\/vivid-audio-giya-g2-serie-2\\\/\",\"url\":\"https:\\\/\\\/exceptionaudio.fr\\\/site\\\/produit\\\/vivid-audio-giya-g2-serie-2\\\/\",\"name\":\"Vivid Audio Giya G2 Serie 2 - Enceintes hifi - Exception Audio\",\"isPartOf\":{\"@id\":\"https:\\\/\\\/exceptionaudio.fr\\\/site\\\/#website\"},\"primaryImageOfPage\":{\"@id\":\"https:\\\/\\\/exceptionaudio.fr\\\/site\\\/produit\\\/vivid-audio-giya-g2-serie-2\\\/#primaryimage\"},\"image\":{\"@id\":\"https:\\\/\\\/exceptionaudio.fr\\\/site\\\/produit\\\/vivid-audio-giya-g2-serie-2\\\/#primaryimage\"},\"thumbnailUrl\":\"https:\\\/\\\/exceptionaudio.fr\\\/site\\\/wp-content\\\/uploads\\\/2022\\\/02\\\/1.-Giya-G2-serie2.jpeg\",\"datePublished\":\"2022-01-25T09:07:28+00:00\",\"dateModified\":\"2024-05-04T10:21:52+00:00\",\"description\":\"Vivid Audio Giya G2 Serie 2 : Enceinte colonne hifi con\u00e7ue comme une \u00e9volution du mod\u00e8le flagship de chez Vivid Audio, la Giya G1 originale.\",\"breadcrumb\":{\"@id\":\"https:\\\/\\\/exceptionaudio.fr\\\/site\\\/produit\\\/vivid-audio-giya-g2-serie-2\\\/#breadcrumb\"},\"inLanguage\":\"fr-FR\",\"potentialAction\":[{\"@type\":\"ReadAction\",\"target\":[\"https:\\\/\\\/exceptionaudio.fr\\\/site\\\/produit\\\/vivid-audio-giya-g2-serie-2\\\/\"]}]},{\"@type\":\"ImageObject\",\"inLanguage\":\"fr-FR\",\"@id\":\"https:\\\/\\\/exceptionaudio.fr\\\/site\\\/produit\\\/vivid-audio-giya-g2-serie-2\\\/#primaryimage\",\"url\":\"https:\\\/\\\/exceptionaudio.fr\\\/site\\\/wp-content\\\/uploads\\\/2022\\\/02\\\/1.-Giya-G2-serie2.jpeg\",\"contentUrl\":\"https:\\\/\\\/exceptionaudio.fr\\\/site\\\/wp-content\\\/uploads\\\/2022\\\/02\\\/1.-Giya-G2-serie2.jpeg\",\"width\":1800,\"height\":1800,\"caption\":\"Enceintes colonnes hifi laurence dickie Vivid Audio Giya G2 serie 2 orange Exception Audio\"},{\"@type\":\"BreadcrumbList\",\"@id\":\"https:\\\/\\\/exceptionaudio.fr\\\/site\\\/produit\\\/vivid-audio-giya-g2-serie-2\\\/#breadcrumb\",\"itemListElement\":[{\"@type\":\"ListItem\",\"position\":1,\"name\":\"Accueil\",\"item\":\"https:\\\/\\\/exceptionaudio.fr\\\/site\\\/\"},{\"@type\":\"ListItem\",\"position\":2,\"name\":\"Boutique\",\"item\":\"https:\\\/\\\/exceptionaudio.fr\\\/site\\\/boutique\\\/\"},{\"@type\":\"ListItem\",\"position\":3,\"name\":\"Vivid Audio Giya G2 Serie 2\"}]},{\"@type\":\"WebSite\",\"@id\":\"https:\\\/\\\/exceptionaudio.fr\\\/site\\\/#website\",\"url\":\"https:\\\/\\\/exceptionaudio.fr\\\/site\\\/\",\"name\":\"Exception Audio\",\"description\":\"Magasin hi-fi Antibes\",\"publisher\":{\"@id\":\"https:\\\/\\\/exceptionaudio.fr\\\/site\\\/#organization\"},\"potentialAction\":[{\"@type\":\"SearchAction\",\"target\":{\"@type\":\"EntryPoint\",\"urlTemplate\":\"https:\\\/\\\/exceptionaudio.fr\\\/site\\\/?s={search_term_string}\"},\"query-input\":{\"@type\":\"PropertyValueSpecification\",\"valueRequired\":true,\"valueName\":\"search_term_string\"}}],\"inLanguage\":\"fr-FR\"},{\"@type\":\"Organization\",\"@id\":\"https:\\\/\\\/exceptionaudio.fr\\\/site\\\/#organization\",\"name\":\"Exception Audio\",\"url\":\"https:\\\/\\\/exceptionaudio.fr\\\/site\\\/\",\"logo\":{\"@type\":\"ImageObject\",\"inLanguage\":\"fr-FR\",\"@id\":\"https:\\\/\\\/exceptionaudio.fr\\\/site\\\/#\\\/schema\\\/logo\\\/image\\\/\",\"url\":\"https:\\\/\\\/exceptionaudio.fr\\\/site\\\/wp-content\\\/uploads\\\/2021\\\/10\\\/largeur-exception-audio-logos-noir.png\",\"contentUrl\":\"https:\\\/\\\/exceptionaudio.fr\\\/site\\\/wp-content\\\/uploads\\\/2021\\\/10\\\/largeur-exception-audio-logos-noir.png\",\"width\":357,\"height\":54,\"caption\":\"Exception Audio\"},\"image\":{\"@id\":\"https:\\\/\\\/exceptionaudio.fr\\\/site\\\/#\\\/schema\\\/logo\\\/image\\\/\"},\"sameAs\":[\"https:\\\/\\\/www.facebook.com\\\/ExceptionAudio\",\"https:\\\/\\\/www.instagram.com\\\/exception_audio\\\/\"]}]}<\/script>\n<!-- \/ Yoast SEO plugin. -->","yoast_head_json":{"title":"Vivid Audio Giya G2 Serie 2 - Enceintes hifi - Exception Audio","description":"Vivid Audio Giya G2 Serie 2 : Enceinte colonne hifi con\u00e7ue comme une \u00e9volution du mod\u00e8le flagship de chez Vivid Audio, la Giya G1 originale.","robots":{"index":"index","follow":"follow","max-snippet":"max-snippet:-1","max-image-preview":"max-image-preview:large","max-video-preview":"max-video-preview:-1"},"canonical":"https:\/\/exceptionaudio.fr\/site\/produit\/vivid-audio-giya-g2-serie-2\/","og_locale":"fr_FR","og_type":"article","og_title":"Vivid Audio Giya G2 Serie 2 - Enceintes hifi - Exception Audio","og_description":"Vivid Audio Giya G2 Serie 2 : Enceinte colonne hifi con\u00e7ue comme une \u00e9volution du mod\u00e8le flagship de chez Vivid Audio, la Giya G1 originale.","og_url":"https:\/\/exceptionaudio.fr\/site\/produit\/vivid-audio-giya-g2-serie-2\/","og_site_name":"Exception Audio","article_publisher":"https:\/\/www.facebook.com\/ExceptionAudio","article_modified_time":"2024-05-04T10:21:52+00:00","og_image":[{"width":1800,"height":1800,"url":"https:\/\/exceptionaudio.fr\/site\/wp-content\/uploads\/2022\/02\/1.-Giya-G2-serie2.jpeg","type":"image\/jpeg"}],"twitter_card":"summary_large_image","twitter_misc":{"Dur\u00e9e de lecture estim\u00e9e":"1 minute"},"schema":{"@context":"https:\/\/schema.org","@graph":[{"@type":"WebPage","@id":"https:\/\/exceptionaudio.fr\/site\/produit\/vivid-audio-giya-g2-serie-2\/","url":"https:\/\/exceptionaudio.fr\/site\/produit\/vivid-audio-giya-g2-serie-2\/","name":"Vivid Audio Giya G2 Serie 2 - Enceintes hifi - Exception Audio","isPartOf":{"@id":"https:\/\/exceptionaudio.fr\/site\/#website"},"primaryImageOfPage":{"@id":"https:\/\/exceptionaudio.fr\/site\/produit\/vivid-audio-giya-g2-serie-2\/#primaryimage"},"image":{"@id":"https:\/\/exceptionaudio.fr\/site\/produit\/vivid-audio-giya-g2-serie-2\/#primaryimage"},"thumbnailUrl":"https:\/\/exceptionaudio.fr\/site\/wp-content\/uploads\/2022\/02\/1.-Giya-G2-serie2.jpeg","datePublished":"2022-01-25T09:07:28+00:00","dateModified":"2024-05-04T10:21:52+00:00","description":"Vivid Audio Giya G2 Serie 2 : Enceinte colonne hifi con\u00e7ue comme une \u00e9volution du mod\u00e8le flagship de chez Vivid Audio, la Giya G1 originale.","breadcrumb":{"@id":"https:\/\/exceptionaudio.fr\/site\/produit\/vivid-audio-giya-g2-serie-2\/#breadcrumb"},"inLanguage":"fr-FR","potentialAction":[{"@type":"ReadAction","target":["https:\/\/exceptionaudio.fr\/site\/produit\/vivid-audio-giya-g2-serie-2\/"]}]},{"@type":"ImageObject","inLanguage":"fr-FR","@id":"https:\/\/exceptionaudio.fr\/site\/produit\/vivid-audio-giya-g2-serie-2\/#primaryimage","url":"https:\/\/exceptionaudio.fr\/site\/wp-content\/uploads\/2022\/02\/1.-Giya-G2-serie2.jpeg","contentUrl":"https:\/\/exceptionaudio.fr\/site\/wp-content\/uploads\/2022\/02\/1.-Giya-G2-serie2.jpeg","width":1800,"height":1800,"caption":"Enceintes colonnes hifi laurence dickie Vivid Audio Giya G2 serie 2 orange Exception Audio"},{"@type":"BreadcrumbList","@id":"https:\/\/exceptionaudio.fr\/site\/produit\/vivid-audio-giya-g2-serie-2\/#breadcrumb","itemListElement":[{"@type":"ListItem","position":1,"name":"Accueil","item":"https:\/\/exceptionaudio.fr\/site\/"},{"@type":"ListItem","position":2,"name":"Boutique","item":"https:\/\/exceptionaudio.fr\/site\/boutique\/"},{"@type":"ListItem","position":3,"name":"Vivid Audio Giya G2 Serie 2"}]},{"@type":"WebSite","@id":"https:\/\/exceptionaudio.fr\/site\/#website","url":"https:\/\/exceptionaudio.fr\/site\/","name":"Exception Audio","description":"Magasin hi-fi Antibes","publisher":{"@id":"https:\/\/exceptionaudio.fr\/site\/#organization"},"potentialAction":[{"@type":"SearchAction","target":{"@type":"EntryPoint","urlTemplate":"https:\/\/exceptionaudio.fr\/site\/?s={search_term_string}"},"query-input":{"@type":"PropertyValueSpecification","valueRequired":true,"valueName":"search_term_string"}}],"inLanguage":"fr-FR"},{"@type":"Organization","@id":"https:\/\/exceptionaudio.fr\/site\/#organization","name":"Exception Audio","url":"https:\/\/exceptionaudio.fr\/site\/","logo":{"@type":"ImageObject","inLanguage":"fr-FR","@id":"https:\/\/exceptionaudio.fr\/site\/#\/schema\/logo\/image\/","url":"https:\/\/exceptionaudio.fr\/site\/wp-content\/uploads\/2021\/10\/largeur-exception-audio-logos-noir.png","contentUrl":"https:\/\/exceptionaudio.fr\/site\/wp-content\/uploads\/2021\/10\/largeur-exception-audio-logos-noir.png","width":357,"height":54,"caption":"Exception Audio"},"image":{"@id":"https:\/\/exceptionaudio.fr\/site\/#\/schema\/logo\/image\/"},"sameAs":["https:\/\/www.facebook.com\/ExceptionAudio","https:\/\/www.instagram.com\/exception_audio\/"]}]}},"_links":{"self":[{"href":"https:\/\/exceptionaudio.fr\/site\/wp-json\/wp\/v2\/product\/5643","targetHints":{"allow":["GET"]}}],"collection":[{"href":"https:\/\/exceptionaudio.fr\/site\/wp-json\/wp\/v2\/product"}],"about":[{"href":"https:\/\/exceptionaudio.fr\/site\/wp-json\/wp\/v2\/types\/product"}],"version-history":[{"count":0,"href":"https:\/\/exceptionaudio.fr\/site\/wp-json\/wp\/v2\/product\/5643\/revisions"}],"wp:featuredmedia":[{"embeddable":true,"href":"https:\/\/exceptionaudio.fr\/site\/wp-json\/wp\/v2\/media\/5648"}],"wp:attachment":[{"href":"https:\/\/exceptionaudio.fr\/site\/wp-json\/wp\/v2\/media?parent=5643"}],"wp:term":[{"taxonomy":"product_brand","embeddable":true,"href":"https:\/\/exceptionaudio.fr\/site\/wp-json\/wp\/v2\/product_brand?post=5643"},{"taxonomy":"product_cat","embeddable":true,"href":"https:\/\/exceptionaudio.fr\/site\/wp-json\/wp\/v2\/product_cat?post=5643"},{"taxonomy":"product_tag","embeddable":true,"href":"https:\/\/exceptionaudio.fr\/site\/wp-json\/wp\/v2\/product_tag?post=5643"}],"curies":[{"name":"wp","href":"https:\/\/api.w.org\/{rel}","templated":true}]}}