{"id":5821,"date":"2022-01-19T18:14:40","date_gmt":"2022-01-19T17:14:40","guid":{"rendered":"https:\/\/exceptionaudio.fr\/site\/?post_type=product&#038;p=5821"},"modified":"2024-05-03T12:29:04","modified_gmt":"2024-05-03T10:29:04","slug":"enceinte-colonne-acoustic-energy-ae309","status":"publish","type":"product","link":"https:\/\/exceptionaudio.fr\/site\/produit\/enceinte-colonne-acoustic-energy-ae309\/","title":{"rendered":"Acoustic Energy AE509"},"content":{"rendered":"","protected":false},"excerpt":{"rendered":"<p style=\"font-weight: 400;\">L\u2019Acoustic Energy AE509 est une enceinte colonne de 2,5 voies \u00e9quip\u00e9e du nouveau tweeter et de deux haut-parleurs m\u00e9dium\/grave en fibre de carbone. Similaire \u00e0 la comparaison AE500, l&rsquo;AE509 offre des niveaux de restitution et de finition plus \u00e9lev\u00e9s que son \u00e9quivalent de la s\u00e9rie 300. L&rsquo;AE509 est une enceinte colonne haute fid\u00e9lit\u00e9 aux dimensions compactes, adapt\u00e9e aux pi\u00e8ces d\u2019\u00e9coute de taille moyenne \u00e0 grande.<\/p>\n","protected":false},"featured_media":5825,"template":"","meta":[],"product_brand":[],"product_cat":[91],"product_tag":[214],"class_list":{"0":"post-5821","1":"product","2":"type-product","3":"status-publish","4":"has-post-thumbnail","6":"product_cat-enceintes-colonnes","7":"product_tag-enceinte-hifi-acoustic-energy","9":"first","10":"instock","11":"taxable","12":"shipping-taxable","13":"purchasable","14":"product-type-variable"},"yoast_head":"<!-- This site is optimized with the Yoast SEO plugin v27.3 - https:\/\/yoast.com\/product\/yoast-seo-wordpress\/ -->\n<title>Acoustic Energy AE509 - Enceintes colonnes hifi - Exception Audio<\/title>\n<meta name=\"description\" content=\"Acoustic Energy AE509 : Enceinte colonne hifi 2,5 voies \u00e9quip\u00e9e d&#039;un tweeter et de deux haut-parleurs m\u00e9dium\/grave en fibre de carbone.\" \/>\n<meta name=\"robots\" content=\"index, follow, max-snippet:-1, max-image-preview:large, max-video-preview:-1\" \/>\n<link rel=\"canonical\" href=\"https:\/\/exceptionaudio.fr\/site\/produit\/enceinte-colonne-acoustic-energy-ae309\/\" \/>\n<meta property=\"og:locale\" content=\"fr_FR\" \/>\n<meta property=\"og:type\" content=\"article\" \/>\n<meta property=\"og:title\" content=\"Acoustic Energy AE509 - Enceintes colonnes hifi - Exception Audio\" \/>\n<meta property=\"og:description\" content=\"Acoustic Energy AE509 : Enceinte colonne hifi 2,5 voies \u00e9quip\u00e9e d&#039;un tweeter et de deux haut-parleurs m\u00e9dium\/grave en fibre de carbone.\" \/>\n<meta property=\"og:url\" content=\"https:\/\/exceptionaudio.fr\/site\/produit\/enceinte-colonne-acoustic-energy-ae309\/\" \/>\n<meta property=\"og:site_name\" content=\"Exception Audio\" \/>\n<meta property=\"article:publisher\" content=\"https:\/\/www.facebook.com\/ExceptionAudio\" \/>\n<meta property=\"article:modified_time\" content=\"2024-05-03T10:29:04+00:00\" \/>\n<meta property=\"og:image\" content=\"https:\/\/exceptionaudio.fr\/site\/wp-content\/uploads\/2022\/04\/Acoustic-Energy-AE509-Noir.jpg\" \/>\n\t<meta property=\"og:image:width\" content=\"1000\" \/>\n\t<meta property=\"og:image:height\" content=\"1000\" \/>\n\t<meta property=\"og:image:type\" content=\"image\/jpeg\" \/>\n<meta name=\"twitter:card\" content=\"summary_large_image\" \/>\n<meta name=\"twitter:label1\" content=\"Dur\u00e9e de lecture estim\u00e9e\" \/>\n\t<meta name=\"twitter:data1\" content=\"1 minute\" \/>\n<script type=\"application\/ld+json\" class=\"yoast-schema-graph\">{\"@context\":\"https:\\\/\\\/schema.org\",\"@graph\":[{\"@type\":\"WebPage\",\"@id\":\"https:\\\/\\\/exceptionaudio.fr\\\/site\\\/produit\\\/enceinte-colonne-acoustic-energy-ae309\\\/\",\"url\":\"https:\\\/\\\/exceptionaudio.fr\\\/site\\\/produit\\\/enceinte-colonne-acoustic-energy-ae309\\\/\",\"name\":\"Acoustic Energy AE509 - Enceintes colonnes hifi - Exception Audio\",\"isPartOf\":{\"@id\":\"https:\\\/\\\/exceptionaudio.fr\\\/site\\\/#website\"},\"primaryImageOfPage\":{\"@id\":\"https:\\\/\\\/exceptionaudio.fr\\\/site\\\/produit\\\/enceinte-colonne-acoustic-energy-ae309\\\/#primaryimage\"},\"image\":{\"@id\":\"https:\\\/\\\/exceptionaudio.fr\\\/site\\\/produit\\\/enceinte-colonne-acoustic-energy-ae309\\\/#primaryimage\"},\"thumbnailUrl\":\"https:\\\/\\\/exceptionaudio.fr\\\/site\\\/wp-content\\\/uploads\\\/2022\\\/04\\\/Acoustic-Energy-AE509-Noir.jpg\",\"datePublished\":\"2022-01-19T17:14:40+00:00\",\"dateModified\":\"2024-05-03T10:29:04+00:00\",\"description\":\"Acoustic Energy AE509 : Enceinte colonne hifi 2,5 voies \u00e9quip\u00e9e d'un tweeter et de deux haut-parleurs m\u00e9dium\\\/grave en fibre de carbone.\",\"breadcrumb\":{\"@id\":\"https:\\\/\\\/exceptionaudio.fr\\\/site\\\/produit\\\/enceinte-colonne-acoustic-energy-ae309\\\/#breadcrumb\"},\"inLanguage\":\"fr-FR\",\"potentialAction\":[{\"@type\":\"ReadAction\",\"target\":[\"https:\\\/\\\/exceptionaudio.fr\\\/site\\\/produit\\\/enceinte-colonne-acoustic-energy-ae309\\\/\"]}]},{\"@type\":\"ImageObject\",\"inLanguage\":\"fr-FR\",\"@id\":\"https:\\\/\\\/exceptionaudio.fr\\\/site\\\/produit\\\/enceinte-colonne-acoustic-energy-ae309\\\/#primaryimage\",\"url\":\"https:\\\/\\\/exceptionaudio.fr\\\/site\\\/wp-content\\\/uploads\\\/2022\\\/04\\\/Acoustic-Energy-AE509-Noir.jpg\",\"contentUrl\":\"https:\\\/\\\/exceptionaudio.fr\\\/site\\\/wp-content\\\/uploads\\\/2022\\\/04\\\/Acoustic-Energy-AE509-Noir.jpg\",\"width\":1000,\"height\":1000,\"caption\":\"Enceintes colonnes hifi Acoustic Energy AE509 Noir\"},{\"@type\":\"BreadcrumbList\",\"@id\":\"https:\\\/\\\/exceptionaudio.fr\\\/site\\\/produit\\\/enceinte-colonne-acoustic-energy-ae309\\\/#breadcrumb\",\"itemListElement\":[{\"@type\":\"ListItem\",\"position\":1,\"name\":\"Accueil\",\"item\":\"https:\\\/\\\/exceptionaudio.fr\\\/site\\\/\"},{\"@type\":\"ListItem\",\"position\":2,\"name\":\"Boutique\",\"item\":\"https:\\\/\\\/exceptionaudio.fr\\\/site\\\/boutique\\\/\"},{\"@type\":\"ListItem\",\"position\":3,\"name\":\"Acoustic Energy AE509\"}]},{\"@type\":\"WebSite\",\"@id\":\"https:\\\/\\\/exceptionaudio.fr\\\/site\\\/#website\",\"url\":\"https:\\\/\\\/exceptionaudio.fr\\\/site\\\/\",\"name\":\"Exception Audio\",\"description\":\"Magasin hi-fi Antibes\",\"publisher\":{\"@id\":\"https:\\\/\\\/exceptionaudio.fr\\\/site\\\/#organization\"},\"potentialAction\":[{\"@type\":\"SearchAction\",\"target\":{\"@type\":\"EntryPoint\",\"urlTemplate\":\"https:\\\/\\\/exceptionaudio.fr\\\/site\\\/?s={search_term_string}\"},\"query-input\":{\"@type\":\"PropertyValueSpecification\",\"valueRequired\":true,\"valueName\":\"search_term_string\"}}],\"inLanguage\":\"fr-FR\"},{\"@type\":\"Organization\",\"@id\":\"https:\\\/\\\/exceptionaudio.fr\\\/site\\\/#organization\",\"name\":\"Exception Audio\",\"url\":\"https:\\\/\\\/exceptionaudio.fr\\\/site\\\/\",\"logo\":{\"@type\":\"ImageObject\",\"inLanguage\":\"fr-FR\",\"@id\":\"https:\\\/\\\/exceptionaudio.fr\\\/site\\\/#\\\/schema\\\/logo\\\/image\\\/\",\"url\":\"https:\\\/\\\/exceptionaudio.fr\\\/site\\\/wp-content\\\/uploads\\\/2021\\\/10\\\/largeur-exception-audio-logos-noir.png\",\"contentUrl\":\"https:\\\/\\\/exceptionaudio.fr\\\/site\\\/wp-content\\\/uploads\\\/2021\\\/10\\\/largeur-exception-audio-logos-noir.png\",\"width\":357,\"height\":54,\"caption\":\"Exception Audio\"},\"image\":{\"@id\":\"https:\\\/\\\/exceptionaudio.fr\\\/site\\\/#\\\/schema\\\/logo\\\/image\\\/\"},\"sameAs\":[\"https:\\\/\\\/www.facebook.com\\\/ExceptionAudio\",\"https:\\\/\\\/www.instagram.com\\\/exception_audio\\\/\"]}]}<\/script>\n<!-- \/ Yoast SEO plugin. -->","yoast_head_json":{"title":"Acoustic Energy AE509 - Enceintes colonnes hifi - Exception Audio","description":"Acoustic Energy AE509 : Enceinte colonne hifi 2,5 voies \u00e9quip\u00e9e d'un tweeter et de deux haut-parleurs m\u00e9dium\/grave en fibre de carbone.","robots":{"index":"index","follow":"follow","max-snippet":"max-snippet:-1","max-image-preview":"max-image-preview:large","max-video-preview":"max-video-preview:-1"},"canonical":"https:\/\/exceptionaudio.fr\/site\/produit\/enceinte-colonne-acoustic-energy-ae309\/","og_locale":"fr_FR","og_type":"article","og_title":"Acoustic Energy AE509 - Enceintes colonnes hifi - Exception Audio","og_description":"Acoustic Energy AE509 : Enceinte colonne hifi 2,5 voies \u00e9quip\u00e9e d'un tweeter et de deux haut-parleurs m\u00e9dium\/grave en fibre de carbone.","og_url":"https:\/\/exceptionaudio.fr\/site\/produit\/enceinte-colonne-acoustic-energy-ae309\/","og_site_name":"Exception Audio","article_publisher":"https:\/\/www.facebook.com\/ExceptionAudio","article_modified_time":"2024-05-03T10:29:04+00:00","og_image":[{"width":1000,"height":1000,"url":"https:\/\/exceptionaudio.fr\/site\/wp-content\/uploads\/2022\/04\/Acoustic-Energy-AE509-Noir.jpg","type":"image\/jpeg"}],"twitter_card":"summary_large_image","twitter_misc":{"Dur\u00e9e de lecture estim\u00e9e":"1 minute"},"schema":{"@context":"https:\/\/schema.org","@graph":[{"@type":"WebPage","@id":"https:\/\/exceptionaudio.fr\/site\/produit\/enceinte-colonne-acoustic-energy-ae309\/","url":"https:\/\/exceptionaudio.fr\/site\/produit\/enceinte-colonne-acoustic-energy-ae309\/","name":"Acoustic Energy AE509 - Enceintes colonnes hifi - Exception Audio","isPartOf":{"@id":"https:\/\/exceptionaudio.fr\/site\/#website"},"primaryImageOfPage":{"@id":"https:\/\/exceptionaudio.fr\/site\/produit\/enceinte-colonne-acoustic-energy-ae309\/#primaryimage"},"image":{"@id":"https:\/\/exceptionaudio.fr\/site\/produit\/enceinte-colonne-acoustic-energy-ae309\/#primaryimage"},"thumbnailUrl":"https:\/\/exceptionaudio.fr\/site\/wp-content\/uploads\/2022\/04\/Acoustic-Energy-AE509-Noir.jpg","datePublished":"2022-01-19T17:14:40+00:00","dateModified":"2024-05-03T10:29:04+00:00","description":"Acoustic Energy AE509 : Enceinte colonne hifi 2,5 voies \u00e9quip\u00e9e d'un tweeter et de deux haut-parleurs m\u00e9dium\/grave en fibre de carbone.","breadcrumb":{"@id":"https:\/\/exceptionaudio.fr\/site\/produit\/enceinte-colonne-acoustic-energy-ae309\/#breadcrumb"},"inLanguage":"fr-FR","potentialAction":[{"@type":"ReadAction","target":["https:\/\/exceptionaudio.fr\/site\/produit\/enceinte-colonne-acoustic-energy-ae309\/"]}]},{"@type":"ImageObject","inLanguage":"fr-FR","@id":"https:\/\/exceptionaudio.fr\/site\/produit\/enceinte-colonne-acoustic-energy-ae309\/#primaryimage","url":"https:\/\/exceptionaudio.fr\/site\/wp-content\/uploads\/2022\/04\/Acoustic-Energy-AE509-Noir.jpg","contentUrl":"https:\/\/exceptionaudio.fr\/site\/wp-content\/uploads\/2022\/04\/Acoustic-Energy-AE509-Noir.jpg","width":1000,"height":1000,"caption":"Enceintes colonnes hifi Acoustic Energy AE509 Noir"},{"@type":"BreadcrumbList","@id":"https:\/\/exceptionaudio.fr\/site\/produit\/enceinte-colonne-acoustic-energy-ae309\/#breadcrumb","itemListElement":[{"@type":"ListItem","position":1,"name":"Accueil","item":"https:\/\/exceptionaudio.fr\/site\/"},{"@type":"ListItem","position":2,"name":"Boutique","item":"https:\/\/exceptionaudio.fr\/site\/boutique\/"},{"@type":"ListItem","position":3,"name":"Acoustic Energy AE509"}]},{"@type":"WebSite","@id":"https:\/\/exceptionaudio.fr\/site\/#website","url":"https:\/\/exceptionaudio.fr\/site\/","name":"Exception Audio","description":"Magasin hi-fi Antibes","publisher":{"@id":"https:\/\/exceptionaudio.fr\/site\/#organization"},"potentialAction":[{"@type":"SearchAction","target":{"@type":"EntryPoint","urlTemplate":"https:\/\/exceptionaudio.fr\/site\/?s={search_term_string}"},"query-input":{"@type":"PropertyValueSpecification","valueRequired":true,"valueName":"search_term_string"}}],"inLanguage":"fr-FR"},{"@type":"Organization","@id":"https:\/\/exceptionaudio.fr\/site\/#organization","name":"Exception Audio","url":"https:\/\/exceptionaudio.fr\/site\/","logo":{"@type":"ImageObject","inLanguage":"fr-FR","@id":"https:\/\/exceptionaudio.fr\/site\/#\/schema\/logo\/image\/","url":"https:\/\/exceptionaudio.fr\/site\/wp-content\/uploads\/2021\/10\/largeur-exception-audio-logos-noir.png","contentUrl":"https:\/\/exceptionaudio.fr\/site\/wp-content\/uploads\/2021\/10\/largeur-exception-audio-logos-noir.png","width":357,"height":54,"caption":"Exception Audio"},"image":{"@id":"https:\/\/exceptionaudio.fr\/site\/#\/schema\/logo\/image\/"},"sameAs":["https:\/\/www.facebook.com\/ExceptionAudio","https:\/\/www.instagram.com\/exception_audio\/"]}]}},"_links":{"self":[{"href":"https:\/\/exceptionaudio.fr\/site\/wp-json\/wp\/v2\/product\/5821","targetHints":{"allow":["GET"]}}],"collection":[{"href":"https:\/\/exceptionaudio.fr\/site\/wp-json\/wp\/v2\/product"}],"about":[{"href":"https:\/\/exceptionaudio.fr\/site\/wp-json\/wp\/v2\/types\/product"}],"version-history":[{"count":1,"href":"https:\/\/exceptionaudio.fr\/site\/wp-json\/wp\/v2\/product\/5821\/revisions"}],"predecessor-version":[{"id":8795,"href":"https:\/\/exceptionaudio.fr\/site\/wp-json\/wp\/v2\/product\/5821\/revisions\/8795"}],"wp:featuredmedia":[{"embeddable":true,"href":"https:\/\/exceptionaudio.fr\/site\/wp-json\/wp\/v2\/media\/5825"}],"wp:attachment":[{"href":"https:\/\/exceptionaudio.fr\/site\/wp-json\/wp\/v2\/media?parent=5821"}],"wp:term":[{"taxonomy":"product_brand","embeddable":true,"href":"https:\/\/exceptionaudio.fr\/site\/wp-json\/wp\/v2\/product_brand?post=5821"},{"taxonomy":"product_cat","embeddable":true,"href":"https:\/\/exceptionaudio.fr\/site\/wp-json\/wp\/v2\/product_cat?post=5821"},{"taxonomy":"product_tag","embeddable":true,"href":"https:\/\/exceptionaudio.fr\/site\/wp-json\/wp\/v2\/product_tag?post=5821"}],"curies":[{"name":"wp","href":"https:\/\/api.w.org\/{rel}","templated":true}]}}