{"id":5839,"date":"2022-01-23T12:10:48","date_gmt":"2022-01-23T11:10:48","guid":{"rendered":"https:\/\/exceptionaudio.fr\/site\/?post_type=product&#038;p=5839"},"modified":"2022-05-25T12:52:54","modified_gmt":"2022-05-25T10:52:54","slug":"esprit-audio-alpha-cable-secteur","status":"publish","type":"product","link":"https:\/\/exceptionaudio.fr\/site\/produit\/esprit-audio-alpha-cable-secteur\/","title":{"rendered":"Esprit Alpha c\u00e2ble secteur"},"content":{"rendered":"","protected":false},"excerpt":{"rendered":"<p style=\"font-weight: 400;\">Le c\u00e2ble secteur de la s\u00e9rie Alpha est l\u2019entr\u00e9e de gamme de la marque Esprit, mais il h\u00e9rite des technologies d\u00e9velopp\u00e9es par Esprit depuis sa cr\u00e9ation. Esprit a mis tout son amour dans le mod\u00e8le Alpha pour permettre de d\u00e9couvrir un univers musical fait de richesse et de transparence, tout en restant accessible aux m\u00e9lomanes exigeants qui veulent consacrer un budget mod\u00e9r\u00e9 aux c\u00e2bles. Que ce soit la qualit\u00e9 du cuivre, celle des connecteurs plaqu\u00e9s cuivre\/argent ou la qualit\u00e9 de la finition, c\u2019est d\u00e9j\u00e0 un Esprit \u00e0 part enti\u00e8re, mont\u00e9 avec attention, et tr\u00e8s certainement la premi\u00e8re marche vers une ascension vers une gamme sup\u00e9rieure Esprit.<\/p>\n","protected":false},"featured_media":5844,"template":"","meta":[],"product_brand":[],"product_cat":[104,110],"product_tag":[204],"class_list":{"0":"post-5839","1":"product","2":"type-product","3":"status-publish","4":"has-post-thumbnail","6":"product_cat-cables-hifi","7":"product_cat-cables-secteur-hifi","8":"product_tag-esprit-audio","10":"first","11":"instock","12":"taxable","13":"shipping-taxable","14":"purchasable","15":"product-type-variable"},"yoast_head":"<!-- This site is optimized with the Yoast SEO plugin v27.4 - https:\/\/yoast.com\/product\/yoast-seo-wordpress\/ -->\n<title>Esprit Alpha c\u00e2ble secteur - Exception Audio<\/title>\n<meta name=\"description\" content=\"Le c\u00e2ble secteur Esprit Alpha constitue l\u2019entr\u00e9e de gamme, mais il h\u00e9rite des technologies d\u00e9velopp\u00e9es par Esprit Audio depuis sa cr\u00e9ation.\" \/>\n<meta name=\"robots\" content=\"index, follow, max-snippet:-1, max-image-preview:large, max-video-preview:-1\" \/>\n<link rel=\"canonical\" href=\"https:\/\/exceptionaudio.fr\/site\/produit\/esprit-audio-alpha-cable-secteur\/\" \/>\n<meta property=\"og:locale\" content=\"fr_FR\" \/>\n<meta property=\"og:type\" content=\"article\" \/>\n<meta property=\"og:title\" content=\"Esprit Alpha c\u00e2ble secteur - Exception Audio\" \/>\n<meta property=\"og:description\" content=\"Le c\u00e2ble secteur Esprit Alpha constitue l\u2019entr\u00e9e de gamme, mais il h\u00e9rite des technologies d\u00e9velopp\u00e9es par Esprit Audio depuis sa cr\u00e9ation.\" \/>\n<meta property=\"og:url\" content=\"https:\/\/exceptionaudio.fr\/site\/produit\/esprit-audio-alpha-cable-secteur\/\" \/>\n<meta property=\"og:site_name\" content=\"Exception Audio\" \/>\n<meta property=\"article:publisher\" content=\"https:\/\/www.facebook.com\/ExceptionAudio\" \/>\n<meta property=\"article:modified_time\" content=\"2022-05-25T10:52:54+00:00\" \/>\n<meta property=\"og:image\" content=\"https:\/\/exceptionaudio.fr\/site\/wp-content\/uploads\/2022\/04\/Esprit-Audio-Alpha-secteur.jpeg\" \/>\n\t<meta property=\"og:image:width\" content=\"1500\" \/>\n\t<meta property=\"og:image:height\" content=\"1124\" \/>\n\t<meta property=\"og:image:type\" content=\"image\/jpeg\" \/>\n<meta name=\"twitter:card\" content=\"summary_large_image\" \/>\n<script type=\"application\/ld+json\" class=\"yoast-schema-graph\">{\"@context\":\"https:\\\/\\\/schema.org\",\"@graph\":[{\"@type\":\"WebPage\",\"@id\":\"https:\\\/\\\/exceptionaudio.fr\\\/site\\\/produit\\\/esprit-audio-alpha-cable-secteur\\\/\",\"url\":\"https:\\\/\\\/exceptionaudio.fr\\\/site\\\/produit\\\/esprit-audio-alpha-cable-secteur\\\/\",\"name\":\"Esprit Alpha c\u00e2ble secteur - Exception Audio\",\"isPartOf\":{\"@id\":\"https:\\\/\\\/exceptionaudio.fr\\\/site\\\/#website\"},\"primaryImageOfPage\":{\"@id\":\"https:\\\/\\\/exceptionaudio.fr\\\/site\\\/produit\\\/esprit-audio-alpha-cable-secteur\\\/#primaryimage\"},\"image\":{\"@id\":\"https:\\\/\\\/exceptionaudio.fr\\\/site\\\/produit\\\/esprit-audio-alpha-cable-secteur\\\/#primaryimage\"},\"thumbnailUrl\":\"https:\\\/\\\/exceptionaudio.fr\\\/site\\\/wp-content\\\/uploads\\\/2022\\\/04\\\/Esprit-Audio-Alpha-secteur.jpeg\",\"datePublished\":\"2022-01-23T11:10:48+00:00\",\"dateModified\":\"2022-05-25T10:52:54+00:00\",\"description\":\"Le c\u00e2ble secteur Esprit Alpha constitue l\u2019entr\u00e9e de gamme, mais il h\u00e9rite des technologies d\u00e9velopp\u00e9es par Esprit Audio depuis sa cr\u00e9ation.\",\"breadcrumb\":{\"@id\":\"https:\\\/\\\/exceptionaudio.fr\\\/site\\\/produit\\\/esprit-audio-alpha-cable-secteur\\\/#breadcrumb\"},\"inLanguage\":\"fr-FR\",\"potentialAction\":[{\"@type\":\"ReadAction\",\"target\":[\"https:\\\/\\\/exceptionaudio.fr\\\/site\\\/produit\\\/esprit-audio-alpha-cable-secteur\\\/\"]}]},{\"@type\":\"ImageObject\",\"inLanguage\":\"fr-FR\",\"@id\":\"https:\\\/\\\/exceptionaudio.fr\\\/site\\\/produit\\\/esprit-audio-alpha-cable-secteur\\\/#primaryimage\",\"url\":\"https:\\\/\\\/exceptionaudio.fr\\\/site\\\/wp-content\\\/uploads\\\/2022\\\/04\\\/Esprit-Audio-Alpha-secteur.jpeg\",\"contentUrl\":\"https:\\\/\\\/exceptionaudio.fr\\\/site\\\/wp-content\\\/uploads\\\/2022\\\/04\\\/Esprit-Audio-Alpha-secteur.jpeg\",\"width\":1500,\"height\":1124,\"caption\":\"c\u00e2ble secteur hifi Esprit Audio Alpha\"},{\"@type\":\"BreadcrumbList\",\"@id\":\"https:\\\/\\\/exceptionaudio.fr\\\/site\\\/produit\\\/esprit-audio-alpha-cable-secteur\\\/#breadcrumb\",\"itemListElement\":[{\"@type\":\"ListItem\",\"position\":1,\"name\":\"Accueil\",\"item\":\"https:\\\/\\\/exceptionaudio.fr\\\/site\\\/\"},{\"@type\":\"ListItem\",\"position\":2,\"name\":\"Boutique\",\"item\":\"https:\\\/\\\/exceptionaudio.fr\\\/site\\\/boutique\\\/\"},{\"@type\":\"ListItem\",\"position\":3,\"name\":\"Esprit Alpha c\u00e2ble secteur\"}]},{\"@type\":\"WebSite\",\"@id\":\"https:\\\/\\\/exceptionaudio.fr\\\/site\\\/#website\",\"url\":\"https:\\\/\\\/exceptionaudio.fr\\\/site\\\/\",\"name\":\"Exception Audio\",\"description\":\"Magasin hi-fi Antibes\",\"publisher\":{\"@id\":\"https:\\\/\\\/exceptionaudio.fr\\\/site\\\/#organization\"},\"potentialAction\":[{\"@type\":\"SearchAction\",\"target\":{\"@type\":\"EntryPoint\",\"urlTemplate\":\"https:\\\/\\\/exceptionaudio.fr\\\/site\\\/?s={search_term_string}\"},\"query-input\":{\"@type\":\"PropertyValueSpecification\",\"valueRequired\":true,\"valueName\":\"search_term_string\"}}],\"inLanguage\":\"fr-FR\"},{\"@type\":\"Organization\",\"@id\":\"https:\\\/\\\/exceptionaudio.fr\\\/site\\\/#organization\",\"name\":\"Exception Audio\",\"url\":\"https:\\\/\\\/exceptionaudio.fr\\\/site\\\/\",\"logo\":{\"@type\":\"ImageObject\",\"inLanguage\":\"fr-FR\",\"@id\":\"https:\\\/\\\/exceptionaudio.fr\\\/site\\\/#\\\/schema\\\/logo\\\/image\\\/\",\"url\":\"https:\\\/\\\/exceptionaudio.fr\\\/site\\\/wp-content\\\/uploads\\\/2021\\\/10\\\/largeur-exception-audio-logos-noir.png\",\"contentUrl\":\"https:\\\/\\\/exceptionaudio.fr\\\/site\\\/wp-content\\\/uploads\\\/2021\\\/10\\\/largeur-exception-audio-logos-noir.png\",\"width\":357,\"height\":54,\"caption\":\"Exception Audio\"},\"image\":{\"@id\":\"https:\\\/\\\/exceptionaudio.fr\\\/site\\\/#\\\/schema\\\/logo\\\/image\\\/\"},\"sameAs\":[\"https:\\\/\\\/www.facebook.com\\\/ExceptionAudio\",\"https:\\\/\\\/www.instagram.com\\\/exception_audio\\\/\"]}]}<\/script>\n<!-- \/ Yoast SEO plugin. -->","yoast_head_json":{"title":"Esprit Alpha c\u00e2ble secteur - Exception Audio","description":"Le c\u00e2ble secteur Esprit Alpha constitue l\u2019entr\u00e9e de gamme, mais il h\u00e9rite des technologies d\u00e9velopp\u00e9es par Esprit Audio depuis sa cr\u00e9ation.","robots":{"index":"index","follow":"follow","max-snippet":"max-snippet:-1","max-image-preview":"max-image-preview:large","max-video-preview":"max-video-preview:-1"},"canonical":"https:\/\/exceptionaudio.fr\/site\/produit\/esprit-audio-alpha-cable-secteur\/","og_locale":"fr_FR","og_type":"article","og_title":"Esprit Alpha c\u00e2ble secteur - Exception Audio","og_description":"Le c\u00e2ble secteur Esprit Alpha constitue l\u2019entr\u00e9e de gamme, mais il h\u00e9rite des technologies d\u00e9velopp\u00e9es par Esprit Audio depuis sa cr\u00e9ation.","og_url":"https:\/\/exceptionaudio.fr\/site\/produit\/esprit-audio-alpha-cable-secteur\/","og_site_name":"Exception Audio","article_publisher":"https:\/\/www.facebook.com\/ExceptionAudio","article_modified_time":"2022-05-25T10:52:54+00:00","og_image":[{"width":1500,"height":1124,"url":"https:\/\/exceptionaudio.fr\/site\/wp-content\/uploads\/2022\/04\/Esprit-Audio-Alpha-secteur.jpeg","type":"image\/jpeg"}],"twitter_card":"summary_large_image","schema":{"@context":"https:\/\/schema.org","@graph":[{"@type":"WebPage","@id":"https:\/\/exceptionaudio.fr\/site\/produit\/esprit-audio-alpha-cable-secteur\/","url":"https:\/\/exceptionaudio.fr\/site\/produit\/esprit-audio-alpha-cable-secteur\/","name":"Esprit Alpha c\u00e2ble secteur - Exception Audio","isPartOf":{"@id":"https:\/\/exceptionaudio.fr\/site\/#website"},"primaryImageOfPage":{"@id":"https:\/\/exceptionaudio.fr\/site\/produit\/esprit-audio-alpha-cable-secteur\/#primaryimage"},"image":{"@id":"https:\/\/exceptionaudio.fr\/site\/produit\/esprit-audio-alpha-cable-secteur\/#primaryimage"},"thumbnailUrl":"https:\/\/exceptionaudio.fr\/site\/wp-content\/uploads\/2022\/04\/Esprit-Audio-Alpha-secteur.jpeg","datePublished":"2022-01-23T11:10:48+00:00","dateModified":"2022-05-25T10:52:54+00:00","description":"Le c\u00e2ble secteur Esprit Alpha constitue l\u2019entr\u00e9e de gamme, mais il h\u00e9rite des technologies d\u00e9velopp\u00e9es par Esprit Audio depuis sa cr\u00e9ation.","breadcrumb":{"@id":"https:\/\/exceptionaudio.fr\/site\/produit\/esprit-audio-alpha-cable-secteur\/#breadcrumb"},"inLanguage":"fr-FR","potentialAction":[{"@type":"ReadAction","target":["https:\/\/exceptionaudio.fr\/site\/produit\/esprit-audio-alpha-cable-secteur\/"]}]},{"@type":"ImageObject","inLanguage":"fr-FR","@id":"https:\/\/exceptionaudio.fr\/site\/produit\/esprit-audio-alpha-cable-secteur\/#primaryimage","url":"https:\/\/exceptionaudio.fr\/site\/wp-content\/uploads\/2022\/04\/Esprit-Audio-Alpha-secteur.jpeg","contentUrl":"https:\/\/exceptionaudio.fr\/site\/wp-content\/uploads\/2022\/04\/Esprit-Audio-Alpha-secteur.jpeg","width":1500,"height":1124,"caption":"c\u00e2ble secteur hifi Esprit Audio Alpha"},{"@type":"BreadcrumbList","@id":"https:\/\/exceptionaudio.fr\/site\/produit\/esprit-audio-alpha-cable-secteur\/#breadcrumb","itemListElement":[{"@type":"ListItem","position":1,"name":"Accueil","item":"https:\/\/exceptionaudio.fr\/site\/"},{"@type":"ListItem","position":2,"name":"Boutique","item":"https:\/\/exceptionaudio.fr\/site\/boutique\/"},{"@type":"ListItem","position":3,"name":"Esprit Alpha c\u00e2ble secteur"}]},{"@type":"WebSite","@id":"https:\/\/exceptionaudio.fr\/site\/#website","url":"https:\/\/exceptionaudio.fr\/site\/","name":"Exception Audio","description":"Magasin hi-fi Antibes","publisher":{"@id":"https:\/\/exceptionaudio.fr\/site\/#organization"},"potentialAction":[{"@type":"SearchAction","target":{"@type":"EntryPoint","urlTemplate":"https:\/\/exceptionaudio.fr\/site\/?s={search_term_string}"},"query-input":{"@type":"PropertyValueSpecification","valueRequired":true,"valueName":"search_term_string"}}],"inLanguage":"fr-FR"},{"@type":"Organization","@id":"https:\/\/exceptionaudio.fr\/site\/#organization","name":"Exception Audio","url":"https:\/\/exceptionaudio.fr\/site\/","logo":{"@type":"ImageObject","inLanguage":"fr-FR","@id":"https:\/\/exceptionaudio.fr\/site\/#\/schema\/logo\/image\/","url":"https:\/\/exceptionaudio.fr\/site\/wp-content\/uploads\/2021\/10\/largeur-exception-audio-logos-noir.png","contentUrl":"https:\/\/exceptionaudio.fr\/site\/wp-content\/uploads\/2021\/10\/largeur-exception-audio-logos-noir.png","width":357,"height":54,"caption":"Exception Audio"},"image":{"@id":"https:\/\/exceptionaudio.fr\/site\/#\/schema\/logo\/image\/"},"sameAs":["https:\/\/www.facebook.com\/ExceptionAudio","https:\/\/www.instagram.com\/exception_audio\/"]}]}},"_links":{"self":[{"href":"https:\/\/exceptionaudio.fr\/site\/wp-json\/wp\/v2\/product\/5839","targetHints":{"allow":["GET"]}}],"collection":[{"href":"https:\/\/exceptionaudio.fr\/site\/wp-json\/wp\/v2\/product"}],"about":[{"href":"https:\/\/exceptionaudio.fr\/site\/wp-json\/wp\/v2\/types\/product"}],"version-history":[{"count":0,"href":"https:\/\/exceptionaudio.fr\/site\/wp-json\/wp\/v2\/product\/5839\/revisions"}],"wp:featuredmedia":[{"embeddable":true,"href":"https:\/\/exceptionaudio.fr\/site\/wp-json\/wp\/v2\/media\/5844"}],"wp:attachment":[{"href":"https:\/\/exceptionaudio.fr\/site\/wp-json\/wp\/v2\/media?parent=5839"}],"wp:term":[{"taxonomy":"product_brand","embeddable":true,"href":"https:\/\/exceptionaudio.fr\/site\/wp-json\/wp\/v2\/product_brand?post=5839"},{"taxonomy":"product_cat","embeddable":true,"href":"https:\/\/exceptionaudio.fr\/site\/wp-json\/wp\/v2\/product_cat?post=5839"},{"taxonomy":"product_tag","embeddable":true,"href":"https:\/\/exceptionaudio.fr\/site\/wp-json\/wp\/v2\/product_tag?post=5839"}],"curies":[{"name":"wp","href":"https:\/\/api.w.org\/{rel}","templated":true}]}}