{"id":5976,"date":"2022-01-27T15:24:29","date_gmt":"2022-01-27T14:24:29","guid":{"rendered":"https:\/\/exceptionaudio.fr\/site\/?post_type=product&#038;p=5976"},"modified":"2022-05-31T15:26:46","modified_gmt":"2022-05-31T13:26:46","slug":"esprit-audio-celesta-cable-rj45","status":"publish","type":"product","link":"https:\/\/exceptionaudio.fr\/site\/produit\/esprit-audio-celesta-cable-rj45\/","title":{"rendered":"Esprit Celesta c\u00e2ble RJ 45"},"content":{"rendered":"","protected":false},"excerpt":{"rendered":"<p style=\"font-weight: 400;\">Les c\u00e2bles RJ 45 Celesta de chez Esprit sont de v\u00e9ritables r\u00e9f\u00e9rences haute-fid\u00e9lit\u00e9s. Le r\u00e9sultat est un accroissement consid\u00e9rable des d\u00e9tails et de la qualit\u00e9 des petits signaux, o\u00f9 le message musical pur et rythm\u00e9 est comme lib\u00e9r\u00e9 de toute contrainte. Ravivez votre passion pour la musique en d\u00e9couvrant de nouvelles \u00e9motions musicales gr\u00e2ce \u00e0 toute la ligne Celesta.<\/p>\n","protected":false},"featured_media":5983,"template":"","meta":[],"product_brand":[],"product_cat":[104,106],"product_tag":[204],"class_list":{"0":"post-5976","1":"product","2":"type-product","3":"status-publish","4":"has-post-thumbnail","6":"product_cat-cables-hifi","7":"product_cat-cables-audio-numeriques-hifi","8":"product_tag-esprit-audio","10":"first","11":"instock","12":"taxable","13":"shipping-taxable","14":"purchasable","15":"product-type-variable"},"yoast_head":"<!-- This site is optimized with the Yoast SEO plugin v27.4 - https:\/\/yoast.com\/product\/yoast-seo-wordpress\/ -->\n<title>Esprit Celesta c\u00e2ble RJ 45 - Exception Audio<\/title>\n<meta name=\"description\" content=\"Le c\u00e2ble ethernet RJ45 Esprit Audio Celesta permet la liaison d&#039;un switch audiophile \u00e0 un lecteur r\u00e9seau ou serveur audio hifi.\" \/>\n<meta name=\"robots\" content=\"index, follow, max-snippet:-1, max-image-preview:large, max-video-preview:-1\" \/>\n<link rel=\"canonical\" href=\"https:\/\/exceptionaudio.fr\/site\/produit\/esprit-audio-celesta-cable-rj45\/\" \/>\n<meta property=\"og:locale\" content=\"fr_FR\" \/>\n<meta property=\"og:type\" content=\"article\" \/>\n<meta property=\"og:title\" content=\"Esprit Celesta c\u00e2ble RJ 45 - Exception Audio\" \/>\n<meta property=\"og:description\" content=\"Le c\u00e2ble ethernet RJ45 Esprit Audio Celesta permet la liaison d&#039;un switch audiophile \u00e0 un lecteur r\u00e9seau ou serveur audio hifi.\" \/>\n<meta property=\"og:url\" content=\"https:\/\/exceptionaudio.fr\/site\/produit\/esprit-audio-celesta-cable-rj45\/\" \/>\n<meta property=\"og:site_name\" content=\"Exception Audio\" \/>\n<meta property=\"article:publisher\" content=\"https:\/\/www.facebook.com\/ExceptionAudio\" \/>\n<meta property=\"article:modified_time\" content=\"2022-05-31T13:26:46+00:00\" \/>\n<meta property=\"og:image\" content=\"https:\/\/exceptionaudio.fr\/site\/wp-content\/uploads\/2022\/04\/Esprit-Celesta-RJ45.jpeg\" \/>\n\t<meta property=\"og:image:width\" content=\"1500\" \/>\n\t<meta property=\"og:image:height\" content=\"1124\" \/>\n\t<meta property=\"og:image:type\" content=\"image\/jpeg\" \/>\n<meta name=\"twitter:card\" content=\"summary_large_image\" \/>\n<script type=\"application\/ld+json\" class=\"yoast-schema-graph\">{\"@context\":\"https:\\\/\\\/schema.org\",\"@graph\":[{\"@type\":\"WebPage\",\"@id\":\"https:\\\/\\\/exceptionaudio.fr\\\/site\\\/produit\\\/esprit-audio-celesta-cable-rj45\\\/\",\"url\":\"https:\\\/\\\/exceptionaudio.fr\\\/site\\\/produit\\\/esprit-audio-celesta-cable-rj45\\\/\",\"name\":\"Esprit Celesta c\u00e2ble RJ 45 - Exception Audio\",\"isPartOf\":{\"@id\":\"https:\\\/\\\/exceptionaudio.fr\\\/site\\\/#website\"},\"primaryImageOfPage\":{\"@id\":\"https:\\\/\\\/exceptionaudio.fr\\\/site\\\/produit\\\/esprit-audio-celesta-cable-rj45\\\/#primaryimage\"},\"image\":{\"@id\":\"https:\\\/\\\/exceptionaudio.fr\\\/site\\\/produit\\\/esprit-audio-celesta-cable-rj45\\\/#primaryimage\"},\"thumbnailUrl\":\"https:\\\/\\\/exceptionaudio.fr\\\/site\\\/wp-content\\\/uploads\\\/2022\\\/04\\\/Esprit-Celesta-RJ45.jpeg\",\"datePublished\":\"2022-01-27T14:24:29+00:00\",\"dateModified\":\"2022-05-31T13:26:46+00:00\",\"description\":\"Le c\u00e2ble ethernet RJ45 Esprit Audio Celesta permet la liaison d'un switch audiophile \u00e0 un lecteur r\u00e9seau ou serveur audio hifi.\",\"breadcrumb\":{\"@id\":\"https:\\\/\\\/exceptionaudio.fr\\\/site\\\/produit\\\/esprit-audio-celesta-cable-rj45\\\/#breadcrumb\"},\"inLanguage\":\"fr-FR\",\"potentialAction\":[{\"@type\":\"ReadAction\",\"target\":[\"https:\\\/\\\/exceptionaudio.fr\\\/site\\\/produit\\\/esprit-audio-celesta-cable-rj45\\\/\"]}]},{\"@type\":\"ImageObject\",\"inLanguage\":\"fr-FR\",\"@id\":\"https:\\\/\\\/exceptionaudio.fr\\\/site\\\/produit\\\/esprit-audio-celesta-cable-rj45\\\/#primaryimage\",\"url\":\"https:\\\/\\\/exceptionaudio.fr\\\/site\\\/wp-content\\\/uploads\\\/2022\\\/04\\\/Esprit-Celesta-RJ45.jpeg\",\"contentUrl\":\"https:\\\/\\\/exceptionaudio.fr\\\/site\\\/wp-content\\\/uploads\\\/2022\\\/04\\\/Esprit-Celesta-RJ45.jpeg\",\"width\":1500,\"height\":1124,\"caption\":\"c\u00e2ble audio num\u00e9rique digital hifi Esprit Celesta ethernet RJ45\"},{\"@type\":\"BreadcrumbList\",\"@id\":\"https:\\\/\\\/exceptionaudio.fr\\\/site\\\/produit\\\/esprit-audio-celesta-cable-rj45\\\/#breadcrumb\",\"itemListElement\":[{\"@type\":\"ListItem\",\"position\":1,\"name\":\"Accueil\",\"item\":\"https:\\\/\\\/exceptionaudio.fr\\\/site\\\/\"},{\"@type\":\"ListItem\",\"position\":2,\"name\":\"Boutique\",\"item\":\"https:\\\/\\\/exceptionaudio.fr\\\/site\\\/boutique\\\/\"},{\"@type\":\"ListItem\",\"position\":3,\"name\":\"Esprit Celesta c\u00e2ble RJ 45\"}]},{\"@type\":\"WebSite\",\"@id\":\"https:\\\/\\\/exceptionaudio.fr\\\/site\\\/#website\",\"url\":\"https:\\\/\\\/exceptionaudio.fr\\\/site\\\/\",\"name\":\"Exception Audio\",\"description\":\"Magasin hi-fi Antibes\",\"publisher\":{\"@id\":\"https:\\\/\\\/exceptionaudio.fr\\\/site\\\/#organization\"},\"potentialAction\":[{\"@type\":\"SearchAction\",\"target\":{\"@type\":\"EntryPoint\",\"urlTemplate\":\"https:\\\/\\\/exceptionaudio.fr\\\/site\\\/?s={search_term_string}\"},\"query-input\":{\"@type\":\"PropertyValueSpecification\",\"valueRequired\":true,\"valueName\":\"search_term_string\"}}],\"inLanguage\":\"fr-FR\"},{\"@type\":\"Organization\",\"@id\":\"https:\\\/\\\/exceptionaudio.fr\\\/site\\\/#organization\",\"name\":\"Exception Audio\",\"url\":\"https:\\\/\\\/exceptionaudio.fr\\\/site\\\/\",\"logo\":{\"@type\":\"ImageObject\",\"inLanguage\":\"fr-FR\",\"@id\":\"https:\\\/\\\/exceptionaudio.fr\\\/site\\\/#\\\/schema\\\/logo\\\/image\\\/\",\"url\":\"https:\\\/\\\/exceptionaudio.fr\\\/site\\\/wp-content\\\/uploads\\\/2021\\\/10\\\/largeur-exception-audio-logos-noir.png\",\"contentUrl\":\"https:\\\/\\\/exceptionaudio.fr\\\/site\\\/wp-content\\\/uploads\\\/2021\\\/10\\\/largeur-exception-audio-logos-noir.png\",\"width\":357,\"height\":54,\"caption\":\"Exception Audio\"},\"image\":{\"@id\":\"https:\\\/\\\/exceptionaudio.fr\\\/site\\\/#\\\/schema\\\/logo\\\/image\\\/\"},\"sameAs\":[\"https:\\\/\\\/www.facebook.com\\\/ExceptionAudio\",\"https:\\\/\\\/www.instagram.com\\\/exception_audio\\\/\"]}]}<\/script>\n<!-- \/ Yoast SEO plugin. -->","yoast_head_json":{"title":"Esprit Celesta c\u00e2ble RJ 45 - Exception Audio","description":"Le c\u00e2ble ethernet RJ45 Esprit Audio Celesta permet la liaison d'un switch audiophile \u00e0 un lecteur r\u00e9seau ou serveur audio hifi.","robots":{"index":"index","follow":"follow","max-snippet":"max-snippet:-1","max-image-preview":"max-image-preview:large","max-video-preview":"max-video-preview:-1"},"canonical":"https:\/\/exceptionaudio.fr\/site\/produit\/esprit-audio-celesta-cable-rj45\/","og_locale":"fr_FR","og_type":"article","og_title":"Esprit Celesta c\u00e2ble RJ 45 - Exception Audio","og_description":"Le c\u00e2ble ethernet RJ45 Esprit Audio Celesta permet la liaison d'un switch audiophile \u00e0 un lecteur r\u00e9seau ou serveur audio hifi.","og_url":"https:\/\/exceptionaudio.fr\/site\/produit\/esprit-audio-celesta-cable-rj45\/","og_site_name":"Exception Audio","article_publisher":"https:\/\/www.facebook.com\/ExceptionAudio","article_modified_time":"2022-05-31T13:26:46+00:00","og_image":[{"width":1500,"height":1124,"url":"https:\/\/exceptionaudio.fr\/site\/wp-content\/uploads\/2022\/04\/Esprit-Celesta-RJ45.jpeg","type":"image\/jpeg"}],"twitter_card":"summary_large_image","schema":{"@context":"https:\/\/schema.org","@graph":[{"@type":"WebPage","@id":"https:\/\/exceptionaudio.fr\/site\/produit\/esprit-audio-celesta-cable-rj45\/","url":"https:\/\/exceptionaudio.fr\/site\/produit\/esprit-audio-celesta-cable-rj45\/","name":"Esprit Celesta c\u00e2ble RJ 45 - Exception Audio","isPartOf":{"@id":"https:\/\/exceptionaudio.fr\/site\/#website"},"primaryImageOfPage":{"@id":"https:\/\/exceptionaudio.fr\/site\/produit\/esprit-audio-celesta-cable-rj45\/#primaryimage"},"image":{"@id":"https:\/\/exceptionaudio.fr\/site\/produit\/esprit-audio-celesta-cable-rj45\/#primaryimage"},"thumbnailUrl":"https:\/\/exceptionaudio.fr\/site\/wp-content\/uploads\/2022\/04\/Esprit-Celesta-RJ45.jpeg","datePublished":"2022-01-27T14:24:29+00:00","dateModified":"2022-05-31T13:26:46+00:00","description":"Le c\u00e2ble ethernet RJ45 Esprit Audio Celesta permet la liaison d'un switch audiophile \u00e0 un lecteur r\u00e9seau ou serveur audio hifi.","breadcrumb":{"@id":"https:\/\/exceptionaudio.fr\/site\/produit\/esprit-audio-celesta-cable-rj45\/#breadcrumb"},"inLanguage":"fr-FR","potentialAction":[{"@type":"ReadAction","target":["https:\/\/exceptionaudio.fr\/site\/produit\/esprit-audio-celesta-cable-rj45\/"]}]},{"@type":"ImageObject","inLanguage":"fr-FR","@id":"https:\/\/exceptionaudio.fr\/site\/produit\/esprit-audio-celesta-cable-rj45\/#primaryimage","url":"https:\/\/exceptionaudio.fr\/site\/wp-content\/uploads\/2022\/04\/Esprit-Celesta-RJ45.jpeg","contentUrl":"https:\/\/exceptionaudio.fr\/site\/wp-content\/uploads\/2022\/04\/Esprit-Celesta-RJ45.jpeg","width":1500,"height":1124,"caption":"c\u00e2ble audio num\u00e9rique digital hifi Esprit Celesta ethernet RJ45"},{"@type":"BreadcrumbList","@id":"https:\/\/exceptionaudio.fr\/site\/produit\/esprit-audio-celesta-cable-rj45\/#breadcrumb","itemListElement":[{"@type":"ListItem","position":1,"name":"Accueil","item":"https:\/\/exceptionaudio.fr\/site\/"},{"@type":"ListItem","position":2,"name":"Boutique","item":"https:\/\/exceptionaudio.fr\/site\/boutique\/"},{"@type":"ListItem","position":3,"name":"Esprit Celesta c\u00e2ble RJ 45"}]},{"@type":"WebSite","@id":"https:\/\/exceptionaudio.fr\/site\/#website","url":"https:\/\/exceptionaudio.fr\/site\/","name":"Exception Audio","description":"Magasin hi-fi Antibes","publisher":{"@id":"https:\/\/exceptionaudio.fr\/site\/#organization"},"potentialAction":[{"@type":"SearchAction","target":{"@type":"EntryPoint","urlTemplate":"https:\/\/exceptionaudio.fr\/site\/?s={search_term_string}"},"query-input":{"@type":"PropertyValueSpecification","valueRequired":true,"valueName":"search_term_string"}}],"inLanguage":"fr-FR"},{"@type":"Organization","@id":"https:\/\/exceptionaudio.fr\/site\/#organization","name":"Exception Audio","url":"https:\/\/exceptionaudio.fr\/site\/","logo":{"@type":"ImageObject","inLanguage":"fr-FR","@id":"https:\/\/exceptionaudio.fr\/site\/#\/schema\/logo\/image\/","url":"https:\/\/exceptionaudio.fr\/site\/wp-content\/uploads\/2021\/10\/largeur-exception-audio-logos-noir.png","contentUrl":"https:\/\/exceptionaudio.fr\/site\/wp-content\/uploads\/2021\/10\/largeur-exception-audio-logos-noir.png","width":357,"height":54,"caption":"Exception Audio"},"image":{"@id":"https:\/\/exceptionaudio.fr\/site\/#\/schema\/logo\/image\/"},"sameAs":["https:\/\/www.facebook.com\/ExceptionAudio","https:\/\/www.instagram.com\/exception_audio\/"]}]}},"_links":{"self":[{"href":"https:\/\/exceptionaudio.fr\/site\/wp-json\/wp\/v2\/product\/5976","targetHints":{"allow":["GET"]}}],"collection":[{"href":"https:\/\/exceptionaudio.fr\/site\/wp-json\/wp\/v2\/product"}],"about":[{"href":"https:\/\/exceptionaudio.fr\/site\/wp-json\/wp\/v2\/types\/product"}],"version-history":[{"count":0,"href":"https:\/\/exceptionaudio.fr\/site\/wp-json\/wp\/v2\/product\/5976\/revisions"}],"wp:featuredmedia":[{"embeddable":true,"href":"https:\/\/exceptionaudio.fr\/site\/wp-json\/wp\/v2\/media\/5983"}],"wp:attachment":[{"href":"https:\/\/exceptionaudio.fr\/site\/wp-json\/wp\/v2\/media?parent=5976"}],"wp:term":[{"taxonomy":"product_brand","embeddable":true,"href":"https:\/\/exceptionaudio.fr\/site\/wp-json\/wp\/v2\/product_brand?post=5976"},{"taxonomy":"product_cat","embeddable":true,"href":"https:\/\/exceptionaudio.fr\/site\/wp-json\/wp\/v2\/product_cat?post=5976"},{"taxonomy":"product_tag","embeddable":true,"href":"https:\/\/exceptionaudio.fr\/site\/wp-json\/wp\/v2\/product_tag?post=5976"}],"curies":[{"name":"wp","href":"https:\/\/api.w.org\/{rel}","templated":true}]}}