{"id":6027,"date":"2022-01-27T16:09:33","date_gmt":"2022-01-27T15:09:33","guid":{"rendered":"https:\/\/exceptionaudio.fr\/site\/?post_type=product&#038;p=6027"},"modified":"2022-05-31T15:51:11","modified_gmt":"2022-05-31T13:51:11","slug":"esprit-celesta-cables-enceintes","status":"publish","type":"product","link":"https:\/\/exceptionaudio.fr\/site\/produit\/esprit-celesta-cables-enceintes\/","title":{"rendered":"Esprit Celesta c\u00e2bles enceintes"},"content":{"rendered":"","protected":false},"excerpt":{"rendered":"<p style=\"font-weight: 400;\">Les c\u00e2bles d\u2019enceintes Celesta de chez Esprit sont de v\u00e9ritables r\u00e9f\u00e9rences haute-fid\u00e9lit\u00e9s. En plus de toutes les autres particularit\u00e9s de la ligne Kappa, la modulation Celesta adopte ici les deux tors asym\u00e9triques, alors que le nombre de brins est presque doubl\u00e9 sur le c\u00e2ble haut-parleurs, et surtout cette gamme acc\u00e8de aux prises de haute qualit\u00e9 EH100 RCA, au plaquage multicouche cuivre\/argent 10 microns. Les connecteurs bananes sont en argent pur et les fourches en cuivre plaqu\u00e9es argent 40 microns. Le r\u00e9sultat est un accroissement consid\u00e9rable des d\u00e9tails et de la qualit\u00e9 des petits signaux, o\u00f9 le message musical pur et rythm\u00e9 est comme lib\u00e9r\u00e9 de toute contrainte. Ravivez votre passion pour la musique en d\u00e9couvrant de nouvelles \u00e9motions musicales gr\u00e2ce \u00e0 toute la ligne Celesta.<\/p>\n","protected":false},"featured_media":6052,"template":"","meta":[],"product_brand":[],"product_cat":[104,105],"product_tag":[204],"class_list":{"0":"post-6027","1":"product","2":"type-product","3":"status-publish","4":"has-post-thumbnail","6":"product_cat-cables-hifi","7":"product_cat-cables-enceintes-hifi","8":"product_tag-esprit-audio","10":"first","11":"instock","12":"taxable","13":"shipping-taxable","14":"purchasable","15":"product-type-variable"},"yoast_head":"<!-- This site is optimized with the Yoast SEO plugin v27.4 - https:\/\/yoast.com\/product\/yoast-seo-wordpress\/ -->\n<title>Esprit Celesta c\u00e2bles enceintes - Exception Audio<\/title>\n<meta name=\"description\" content=\"Le c\u00e2ble haut parleur Esprit Audio Celesta permet la liaison des enceintes biblioth\u00e8ques et colonnes \u00e0 votre amplificateur hifi.\" \/>\n<meta name=\"robots\" content=\"index, follow, max-snippet:-1, max-image-preview:large, max-video-preview:-1\" \/>\n<link rel=\"canonical\" href=\"https:\/\/exceptionaudio.fr\/site\/produit\/esprit-celesta-cables-enceintes\/\" \/>\n<meta property=\"og:locale\" content=\"fr_FR\" \/>\n<meta property=\"og:type\" content=\"article\" \/>\n<meta property=\"og:title\" content=\"Esprit Celesta c\u00e2bles enceintes - Exception Audio\" \/>\n<meta property=\"og:description\" content=\"Le c\u00e2ble haut parleur Esprit Audio Celesta permet la liaison des enceintes biblioth\u00e8ques et colonnes \u00e0 votre amplificateur hifi.\" \/>\n<meta property=\"og:url\" content=\"https:\/\/exceptionaudio.fr\/site\/produit\/esprit-celesta-cables-enceintes\/\" \/>\n<meta property=\"og:site_name\" content=\"Exception Audio\" \/>\n<meta property=\"article:publisher\" content=\"https:\/\/www.facebook.com\/ExceptionAudio\" \/>\n<meta property=\"article:modified_time\" content=\"2022-05-31T13:51:11+00:00\" \/>\n<meta property=\"og:image\" content=\"https:\/\/exceptionaudio.fr\/site\/wp-content\/uploads\/2022\/04\/Esprit-Celesta-HP.jpeg\" \/>\n\t<meta property=\"og:image:width\" content=\"1500\" \/>\n\t<meta property=\"og:image:height\" content=\"1126\" \/>\n\t<meta property=\"og:image:type\" content=\"image\/jpeg\" \/>\n<meta name=\"twitter:card\" content=\"summary_large_image\" \/>\n<script type=\"application\/ld+json\" class=\"yoast-schema-graph\">{\"@context\":\"https:\\\/\\\/schema.org\",\"@graph\":[{\"@type\":\"WebPage\",\"@id\":\"https:\\\/\\\/exceptionaudio.fr\\\/site\\\/produit\\\/esprit-celesta-cables-enceintes\\\/\",\"url\":\"https:\\\/\\\/exceptionaudio.fr\\\/site\\\/produit\\\/esprit-celesta-cables-enceintes\\\/\",\"name\":\"Esprit Celesta c\u00e2bles enceintes - Exception Audio\",\"isPartOf\":{\"@id\":\"https:\\\/\\\/exceptionaudio.fr\\\/site\\\/#website\"},\"primaryImageOfPage\":{\"@id\":\"https:\\\/\\\/exceptionaudio.fr\\\/site\\\/produit\\\/esprit-celesta-cables-enceintes\\\/#primaryimage\"},\"image\":{\"@id\":\"https:\\\/\\\/exceptionaudio.fr\\\/site\\\/produit\\\/esprit-celesta-cables-enceintes\\\/#primaryimage\"},\"thumbnailUrl\":\"https:\\\/\\\/exceptionaudio.fr\\\/site\\\/wp-content\\\/uploads\\\/2022\\\/04\\\/Esprit-Celesta-HP.jpeg\",\"datePublished\":\"2022-01-27T15:09:33+00:00\",\"dateModified\":\"2022-05-31T13:51:11+00:00\",\"description\":\"Le c\u00e2ble haut parleur Esprit Audio Celesta permet la liaison des enceintes biblioth\u00e8ques et colonnes \u00e0 votre amplificateur hifi.\",\"breadcrumb\":{\"@id\":\"https:\\\/\\\/exceptionaudio.fr\\\/site\\\/produit\\\/esprit-celesta-cables-enceintes\\\/#breadcrumb\"},\"inLanguage\":\"fr-FR\",\"potentialAction\":[{\"@type\":\"ReadAction\",\"target\":[\"https:\\\/\\\/exceptionaudio.fr\\\/site\\\/produit\\\/esprit-celesta-cables-enceintes\\\/\"]}]},{\"@type\":\"ImageObject\",\"inLanguage\":\"fr-FR\",\"@id\":\"https:\\\/\\\/exceptionaudio.fr\\\/site\\\/produit\\\/esprit-celesta-cables-enceintes\\\/#primaryimage\",\"url\":\"https:\\\/\\\/exceptionaudio.fr\\\/site\\\/wp-content\\\/uploads\\\/2022\\\/04\\\/Esprit-Celesta-HP.jpeg\",\"contentUrl\":\"https:\\\/\\\/exceptionaudio.fr\\\/site\\\/wp-content\\\/uploads\\\/2022\\\/04\\\/Esprit-Celesta-HP.jpeg\",\"width\":1500,\"height\":1126,\"caption\":\"c\u00e2bles enceintes haut parleur hifi audio audiophile Esprit Celesta\"},{\"@type\":\"BreadcrumbList\",\"@id\":\"https:\\\/\\\/exceptionaudio.fr\\\/site\\\/produit\\\/esprit-celesta-cables-enceintes\\\/#breadcrumb\",\"itemListElement\":[{\"@type\":\"ListItem\",\"position\":1,\"name\":\"Accueil\",\"item\":\"https:\\\/\\\/exceptionaudio.fr\\\/site\\\/\"},{\"@type\":\"ListItem\",\"position\":2,\"name\":\"Boutique\",\"item\":\"https:\\\/\\\/exceptionaudio.fr\\\/site\\\/boutique\\\/\"},{\"@type\":\"ListItem\",\"position\":3,\"name\":\"Esprit Celesta c\u00e2bles enceintes\"}]},{\"@type\":\"WebSite\",\"@id\":\"https:\\\/\\\/exceptionaudio.fr\\\/site\\\/#website\",\"url\":\"https:\\\/\\\/exceptionaudio.fr\\\/site\\\/\",\"name\":\"Exception Audio\",\"description\":\"Magasin hi-fi Antibes\",\"publisher\":{\"@id\":\"https:\\\/\\\/exceptionaudio.fr\\\/site\\\/#organization\"},\"potentialAction\":[{\"@type\":\"SearchAction\",\"target\":{\"@type\":\"EntryPoint\",\"urlTemplate\":\"https:\\\/\\\/exceptionaudio.fr\\\/site\\\/?s={search_term_string}\"},\"query-input\":{\"@type\":\"PropertyValueSpecification\",\"valueRequired\":true,\"valueName\":\"search_term_string\"}}],\"inLanguage\":\"fr-FR\"},{\"@type\":\"Organization\",\"@id\":\"https:\\\/\\\/exceptionaudio.fr\\\/site\\\/#organization\",\"name\":\"Exception Audio\",\"url\":\"https:\\\/\\\/exceptionaudio.fr\\\/site\\\/\",\"logo\":{\"@type\":\"ImageObject\",\"inLanguage\":\"fr-FR\",\"@id\":\"https:\\\/\\\/exceptionaudio.fr\\\/site\\\/#\\\/schema\\\/logo\\\/image\\\/\",\"url\":\"https:\\\/\\\/exceptionaudio.fr\\\/site\\\/wp-content\\\/uploads\\\/2021\\\/10\\\/largeur-exception-audio-logos-noir.png\",\"contentUrl\":\"https:\\\/\\\/exceptionaudio.fr\\\/site\\\/wp-content\\\/uploads\\\/2021\\\/10\\\/largeur-exception-audio-logos-noir.png\",\"width\":357,\"height\":54,\"caption\":\"Exception Audio\"},\"image\":{\"@id\":\"https:\\\/\\\/exceptionaudio.fr\\\/site\\\/#\\\/schema\\\/logo\\\/image\\\/\"},\"sameAs\":[\"https:\\\/\\\/www.facebook.com\\\/ExceptionAudio\",\"https:\\\/\\\/www.instagram.com\\\/exception_audio\\\/\"]}]}<\/script>\n<!-- \/ Yoast SEO plugin. -->","yoast_head_json":{"title":"Esprit Celesta c\u00e2bles enceintes - Exception Audio","description":"Le c\u00e2ble haut parleur Esprit Audio Celesta permet la liaison des enceintes biblioth\u00e8ques et colonnes \u00e0 votre amplificateur hifi.","robots":{"index":"index","follow":"follow","max-snippet":"max-snippet:-1","max-image-preview":"max-image-preview:large","max-video-preview":"max-video-preview:-1"},"canonical":"https:\/\/exceptionaudio.fr\/site\/produit\/esprit-celesta-cables-enceintes\/","og_locale":"fr_FR","og_type":"article","og_title":"Esprit Celesta c\u00e2bles enceintes - Exception Audio","og_description":"Le c\u00e2ble haut parleur Esprit Audio Celesta permet la liaison des enceintes biblioth\u00e8ques et colonnes \u00e0 votre amplificateur hifi.","og_url":"https:\/\/exceptionaudio.fr\/site\/produit\/esprit-celesta-cables-enceintes\/","og_site_name":"Exception Audio","article_publisher":"https:\/\/www.facebook.com\/ExceptionAudio","article_modified_time":"2022-05-31T13:51:11+00:00","og_image":[{"width":1500,"height":1126,"url":"https:\/\/exceptionaudio.fr\/site\/wp-content\/uploads\/2022\/04\/Esprit-Celesta-HP.jpeg","type":"image\/jpeg"}],"twitter_card":"summary_large_image","schema":{"@context":"https:\/\/schema.org","@graph":[{"@type":"WebPage","@id":"https:\/\/exceptionaudio.fr\/site\/produit\/esprit-celesta-cables-enceintes\/","url":"https:\/\/exceptionaudio.fr\/site\/produit\/esprit-celesta-cables-enceintes\/","name":"Esprit Celesta c\u00e2bles enceintes - Exception Audio","isPartOf":{"@id":"https:\/\/exceptionaudio.fr\/site\/#website"},"primaryImageOfPage":{"@id":"https:\/\/exceptionaudio.fr\/site\/produit\/esprit-celesta-cables-enceintes\/#primaryimage"},"image":{"@id":"https:\/\/exceptionaudio.fr\/site\/produit\/esprit-celesta-cables-enceintes\/#primaryimage"},"thumbnailUrl":"https:\/\/exceptionaudio.fr\/site\/wp-content\/uploads\/2022\/04\/Esprit-Celesta-HP.jpeg","datePublished":"2022-01-27T15:09:33+00:00","dateModified":"2022-05-31T13:51:11+00:00","description":"Le c\u00e2ble haut parleur Esprit Audio Celesta permet la liaison des enceintes biblioth\u00e8ques et colonnes \u00e0 votre amplificateur hifi.","breadcrumb":{"@id":"https:\/\/exceptionaudio.fr\/site\/produit\/esprit-celesta-cables-enceintes\/#breadcrumb"},"inLanguage":"fr-FR","potentialAction":[{"@type":"ReadAction","target":["https:\/\/exceptionaudio.fr\/site\/produit\/esprit-celesta-cables-enceintes\/"]}]},{"@type":"ImageObject","inLanguage":"fr-FR","@id":"https:\/\/exceptionaudio.fr\/site\/produit\/esprit-celesta-cables-enceintes\/#primaryimage","url":"https:\/\/exceptionaudio.fr\/site\/wp-content\/uploads\/2022\/04\/Esprit-Celesta-HP.jpeg","contentUrl":"https:\/\/exceptionaudio.fr\/site\/wp-content\/uploads\/2022\/04\/Esprit-Celesta-HP.jpeg","width":1500,"height":1126,"caption":"c\u00e2bles enceintes haut parleur hifi audio audiophile Esprit Celesta"},{"@type":"BreadcrumbList","@id":"https:\/\/exceptionaudio.fr\/site\/produit\/esprit-celesta-cables-enceintes\/#breadcrumb","itemListElement":[{"@type":"ListItem","position":1,"name":"Accueil","item":"https:\/\/exceptionaudio.fr\/site\/"},{"@type":"ListItem","position":2,"name":"Boutique","item":"https:\/\/exceptionaudio.fr\/site\/boutique\/"},{"@type":"ListItem","position":3,"name":"Esprit Celesta c\u00e2bles enceintes"}]},{"@type":"WebSite","@id":"https:\/\/exceptionaudio.fr\/site\/#website","url":"https:\/\/exceptionaudio.fr\/site\/","name":"Exception Audio","description":"Magasin hi-fi Antibes","publisher":{"@id":"https:\/\/exceptionaudio.fr\/site\/#organization"},"potentialAction":[{"@type":"SearchAction","target":{"@type":"EntryPoint","urlTemplate":"https:\/\/exceptionaudio.fr\/site\/?s={search_term_string}"},"query-input":{"@type":"PropertyValueSpecification","valueRequired":true,"valueName":"search_term_string"}}],"inLanguage":"fr-FR"},{"@type":"Organization","@id":"https:\/\/exceptionaudio.fr\/site\/#organization","name":"Exception Audio","url":"https:\/\/exceptionaudio.fr\/site\/","logo":{"@type":"ImageObject","inLanguage":"fr-FR","@id":"https:\/\/exceptionaudio.fr\/site\/#\/schema\/logo\/image\/","url":"https:\/\/exceptionaudio.fr\/site\/wp-content\/uploads\/2021\/10\/largeur-exception-audio-logos-noir.png","contentUrl":"https:\/\/exceptionaudio.fr\/site\/wp-content\/uploads\/2021\/10\/largeur-exception-audio-logos-noir.png","width":357,"height":54,"caption":"Exception Audio"},"image":{"@id":"https:\/\/exceptionaudio.fr\/site\/#\/schema\/logo\/image\/"},"sameAs":["https:\/\/www.facebook.com\/ExceptionAudio","https:\/\/www.instagram.com\/exception_audio\/"]}]}},"_links":{"self":[{"href":"https:\/\/exceptionaudio.fr\/site\/wp-json\/wp\/v2\/product\/6027","targetHints":{"allow":["GET"]}}],"collection":[{"href":"https:\/\/exceptionaudio.fr\/site\/wp-json\/wp\/v2\/product"}],"about":[{"href":"https:\/\/exceptionaudio.fr\/site\/wp-json\/wp\/v2\/types\/product"}],"version-history":[{"count":0,"href":"https:\/\/exceptionaudio.fr\/site\/wp-json\/wp\/v2\/product\/6027\/revisions"}],"wp:featuredmedia":[{"embeddable":true,"href":"https:\/\/exceptionaudio.fr\/site\/wp-json\/wp\/v2\/media\/6052"}],"wp:attachment":[{"href":"https:\/\/exceptionaudio.fr\/site\/wp-json\/wp\/v2\/media?parent=6027"}],"wp:term":[{"taxonomy":"product_brand","embeddable":true,"href":"https:\/\/exceptionaudio.fr\/site\/wp-json\/wp\/v2\/product_brand?post=6027"},{"taxonomy":"product_cat","embeddable":true,"href":"https:\/\/exceptionaudio.fr\/site\/wp-json\/wp\/v2\/product_cat?post=6027"},{"taxonomy":"product_tag","embeddable":true,"href":"https:\/\/exceptionaudio.fr\/site\/wp-json\/wp\/v2\/product_tag?post=6027"}],"curies":[{"name":"wp","href":"https:\/\/api.w.org\/{rel}","templated":true}]}}