{"id":6126,"date":"2022-01-04T15:55:29","date_gmt":"2022-01-04T14:55:29","guid":{"rendered":"https:\/\/exceptionaudio.fr\/site\/?post_type=product&#038;p=6126"},"modified":"2022-05-24T18:33:50","modified_gmt":"2022-05-24T16:33:50","slug":"vinyle-nina-simone-sings-the-blues-speakers-corner","status":"publish","type":"product","link":"https:\/\/exceptionaudio.fr\/site\/produit\/vinyle-nina-simone-sings-the-blues-speakers-corner\/","title":{"rendered":"Nina Simone &#8211; Sings The Blues"},"content":{"rendered":"","protected":false},"excerpt":{"rendered":"<p>Nina Simone\u00a0est une pianiste am\u00e9ricaine, chanteuse, compositrice et militante pour les droits civiques aux \u00c9tats-Unis. Elle\u00a0enregistre au cours de sa carri\u00e8re plus de 40 albums avec un style\u00a0original issu de la fusion du jazz, du blues, du gospel et de la musique classique. Sings the Blues s\u2019inscrit comme une r\u00e9f\u00e9rence au sein de sa carri\u00e8re.<\/p>\n<p>Red\u00e9couvrez ce disque vinyle dans une version audiophile du label <a href=\"https:\/\/exceptionaudio.fr\/site\/etiquette-produit\/disques-vinyles-speakers-corner\/\">Speakers Corner<\/a>.<\/p>\n","protected":false},"featured_media":6127,"template":"","meta":[],"product_brand":[],"product_cat":[209],"product_tag":[210],"class_list":{"0":"post-6126","1":"product","2":"type-product","3":"status-publish","4":"has-post-thumbnail","6":"product_cat-disques-vinyles-audiophiles","7":"product_tag-disques-vinyles-speakers-corner","9":"first","10":"instock","11":"taxable","12":"shipping-taxable","13":"purchasable","14":"product-type-simple"},"yoast_head":"<!-- This site is optimized with the Yoast SEO plugin v27.4 - https:\/\/yoast.com\/product\/yoast-seo-wordpress\/ -->\n<title>Nina Simone Sings the Blues - Disque vinyle audiophile - Exception Audio<\/title>\n<meta name=\"description\" content=\"Nina Simone Sings the Blues : Disque vinyle audiophile jazz du label Speakers Corner. Exploiter 100% de votre platine vinyle hifi !\" \/>\n<meta name=\"robots\" content=\"index, follow, max-snippet:-1, max-image-preview:large, max-video-preview:-1\" \/>\n<link rel=\"canonical\" href=\"https:\/\/exceptionaudio.fr\/site\/produit\/vinyle-nina-simone-sings-the-blues-speakers-corner\/\" \/>\n<meta property=\"og:locale\" content=\"fr_FR\" \/>\n<meta property=\"og:type\" content=\"article\" \/>\n<meta property=\"og:title\" content=\"Nina Simone Sings the Blues - Disque vinyle audiophile - Exception Audio\" \/>\n<meta property=\"og:description\" content=\"Nina Simone Sings the Blues : Disque vinyle audiophile jazz du label Speakers Corner. Exploiter 100% de votre platine vinyle hifi !\" \/>\n<meta property=\"og:url\" content=\"https:\/\/exceptionaudio.fr\/site\/produit\/vinyle-nina-simone-sings-the-blues-speakers-corner\/\" \/>\n<meta property=\"og:site_name\" content=\"Exception Audio\" \/>\n<meta property=\"article:publisher\" content=\"https:\/\/www.facebook.com\/ExceptionAudio\" \/>\n<meta property=\"article:modified_time\" content=\"2022-05-24T16:33:50+00:00\" \/>\n<meta property=\"og:image\" content=\"https:\/\/exceptionaudio.fr\/site\/wp-content\/uploads\/2022\/05\/Nina-Simone-Sings-the-Blues-Speakers-Corner.jpg\" \/>\n\t<meta property=\"og:image:width\" content=\"1000\" \/>\n\t<meta property=\"og:image:height\" content=\"1000\" \/>\n\t<meta property=\"og:image:type\" content=\"image\/jpeg\" \/>\n<meta name=\"twitter:card\" content=\"summary_large_image\" \/>\n<script type=\"application\/ld+json\" class=\"yoast-schema-graph\">{\"@context\":\"https:\\\/\\\/schema.org\",\"@graph\":[{\"@type\":\"WebPage\",\"@id\":\"https:\\\/\\\/exceptionaudio.fr\\\/site\\\/produit\\\/vinyle-nina-simone-sings-the-blues-speakers-corner\\\/\",\"url\":\"https:\\\/\\\/exceptionaudio.fr\\\/site\\\/produit\\\/vinyle-nina-simone-sings-the-blues-speakers-corner\\\/\",\"name\":\"Nina Simone Sings the Blues - Disque vinyle audiophile - Exception Audio\",\"isPartOf\":{\"@id\":\"https:\\\/\\\/exceptionaudio.fr\\\/site\\\/#website\"},\"primaryImageOfPage\":{\"@id\":\"https:\\\/\\\/exceptionaudio.fr\\\/site\\\/produit\\\/vinyle-nina-simone-sings-the-blues-speakers-corner\\\/#primaryimage\"},\"image\":{\"@id\":\"https:\\\/\\\/exceptionaudio.fr\\\/site\\\/produit\\\/vinyle-nina-simone-sings-the-blues-speakers-corner\\\/#primaryimage\"},\"thumbnailUrl\":\"https:\\\/\\\/exceptionaudio.fr\\\/site\\\/wp-content\\\/uploads\\\/2022\\\/05\\\/Nina-Simone-Sings-the-Blues-Speakers-Corner.jpg\",\"datePublished\":\"2022-01-04T14:55:29+00:00\",\"dateModified\":\"2022-05-24T16:33:50+00:00\",\"description\":\"Nina Simone Sings the Blues : Disque vinyle audiophile jazz du label Speakers Corner. Exploiter 100% de votre platine vinyle hifi !\",\"breadcrumb\":{\"@id\":\"https:\\\/\\\/exceptionaudio.fr\\\/site\\\/produit\\\/vinyle-nina-simone-sings-the-blues-speakers-corner\\\/#breadcrumb\"},\"inLanguage\":\"fr-FR\",\"potentialAction\":[{\"@type\":\"ReadAction\",\"target\":[\"https:\\\/\\\/exceptionaudio.fr\\\/site\\\/produit\\\/vinyle-nina-simone-sings-the-blues-speakers-corner\\\/\"]}]},{\"@type\":\"ImageObject\",\"inLanguage\":\"fr-FR\",\"@id\":\"https:\\\/\\\/exceptionaudio.fr\\\/site\\\/produit\\\/vinyle-nina-simone-sings-the-blues-speakers-corner\\\/#primaryimage\",\"url\":\"https:\\\/\\\/exceptionaudio.fr\\\/site\\\/wp-content\\\/uploads\\\/2022\\\/05\\\/Nina-Simone-Sings-the-Blues-Speakers-Corner.jpg\",\"contentUrl\":\"https:\\\/\\\/exceptionaudio.fr\\\/site\\\/wp-content\\\/uploads\\\/2022\\\/05\\\/Nina-Simone-Sings-the-Blues-Speakers-Corner.jpg\",\"width\":1000,\"height\":1000,\"caption\":\"Disque vinyle audiophile Nina Simone Sings the Blues Speakers Corner Exception Audio\"},{\"@type\":\"BreadcrumbList\",\"@id\":\"https:\\\/\\\/exceptionaudio.fr\\\/site\\\/produit\\\/vinyle-nina-simone-sings-the-blues-speakers-corner\\\/#breadcrumb\",\"itemListElement\":[{\"@type\":\"ListItem\",\"position\":1,\"name\":\"Accueil\",\"item\":\"https:\\\/\\\/exceptionaudio.fr\\\/site\\\/\"},{\"@type\":\"ListItem\",\"position\":2,\"name\":\"Boutique\",\"item\":\"https:\\\/\\\/exceptionaudio.fr\\\/site\\\/boutique\\\/\"},{\"@type\":\"ListItem\",\"position\":3,\"name\":\"Nina Simone &#8211; Sings The Blues\"}]},{\"@type\":\"WebSite\",\"@id\":\"https:\\\/\\\/exceptionaudio.fr\\\/site\\\/#website\",\"url\":\"https:\\\/\\\/exceptionaudio.fr\\\/site\\\/\",\"name\":\"Exception Audio\",\"description\":\"Magasin hi-fi Antibes\",\"publisher\":{\"@id\":\"https:\\\/\\\/exceptionaudio.fr\\\/site\\\/#organization\"},\"potentialAction\":[{\"@type\":\"SearchAction\",\"target\":{\"@type\":\"EntryPoint\",\"urlTemplate\":\"https:\\\/\\\/exceptionaudio.fr\\\/site\\\/?s={search_term_string}\"},\"query-input\":{\"@type\":\"PropertyValueSpecification\",\"valueRequired\":true,\"valueName\":\"search_term_string\"}}],\"inLanguage\":\"fr-FR\"},{\"@type\":\"Organization\",\"@id\":\"https:\\\/\\\/exceptionaudio.fr\\\/site\\\/#organization\",\"name\":\"Exception Audio\",\"url\":\"https:\\\/\\\/exceptionaudio.fr\\\/site\\\/\",\"logo\":{\"@type\":\"ImageObject\",\"inLanguage\":\"fr-FR\",\"@id\":\"https:\\\/\\\/exceptionaudio.fr\\\/site\\\/#\\\/schema\\\/logo\\\/image\\\/\",\"url\":\"https:\\\/\\\/exceptionaudio.fr\\\/site\\\/wp-content\\\/uploads\\\/2021\\\/10\\\/largeur-exception-audio-logos-noir.png\",\"contentUrl\":\"https:\\\/\\\/exceptionaudio.fr\\\/site\\\/wp-content\\\/uploads\\\/2021\\\/10\\\/largeur-exception-audio-logos-noir.png\",\"width\":357,\"height\":54,\"caption\":\"Exception Audio\"},\"image\":{\"@id\":\"https:\\\/\\\/exceptionaudio.fr\\\/site\\\/#\\\/schema\\\/logo\\\/image\\\/\"},\"sameAs\":[\"https:\\\/\\\/www.facebook.com\\\/ExceptionAudio\",\"https:\\\/\\\/www.instagram.com\\\/exception_audio\\\/\"]}]}<\/script>\n<!-- \/ Yoast SEO plugin. -->","yoast_head_json":{"title":"Nina Simone Sings the Blues - Disque vinyle audiophile - Exception Audio","description":"Nina Simone Sings the Blues : Disque vinyle audiophile jazz du label Speakers Corner. Exploiter 100% de votre platine vinyle hifi !","robots":{"index":"index","follow":"follow","max-snippet":"max-snippet:-1","max-image-preview":"max-image-preview:large","max-video-preview":"max-video-preview:-1"},"canonical":"https:\/\/exceptionaudio.fr\/site\/produit\/vinyle-nina-simone-sings-the-blues-speakers-corner\/","og_locale":"fr_FR","og_type":"article","og_title":"Nina Simone Sings the Blues - Disque vinyle audiophile - Exception Audio","og_description":"Nina Simone Sings the Blues : Disque vinyle audiophile jazz du label Speakers Corner. Exploiter 100% de votre platine vinyle hifi !","og_url":"https:\/\/exceptionaudio.fr\/site\/produit\/vinyle-nina-simone-sings-the-blues-speakers-corner\/","og_site_name":"Exception Audio","article_publisher":"https:\/\/www.facebook.com\/ExceptionAudio","article_modified_time":"2022-05-24T16:33:50+00:00","og_image":[{"width":1000,"height":1000,"url":"https:\/\/exceptionaudio.fr\/site\/wp-content\/uploads\/2022\/05\/Nina-Simone-Sings-the-Blues-Speakers-Corner.jpg","type":"image\/jpeg"}],"twitter_card":"summary_large_image","schema":{"@context":"https:\/\/schema.org","@graph":[{"@type":"WebPage","@id":"https:\/\/exceptionaudio.fr\/site\/produit\/vinyle-nina-simone-sings-the-blues-speakers-corner\/","url":"https:\/\/exceptionaudio.fr\/site\/produit\/vinyle-nina-simone-sings-the-blues-speakers-corner\/","name":"Nina Simone Sings the Blues - Disque vinyle audiophile - Exception Audio","isPartOf":{"@id":"https:\/\/exceptionaudio.fr\/site\/#website"},"primaryImageOfPage":{"@id":"https:\/\/exceptionaudio.fr\/site\/produit\/vinyle-nina-simone-sings-the-blues-speakers-corner\/#primaryimage"},"image":{"@id":"https:\/\/exceptionaudio.fr\/site\/produit\/vinyle-nina-simone-sings-the-blues-speakers-corner\/#primaryimage"},"thumbnailUrl":"https:\/\/exceptionaudio.fr\/site\/wp-content\/uploads\/2022\/05\/Nina-Simone-Sings-the-Blues-Speakers-Corner.jpg","datePublished":"2022-01-04T14:55:29+00:00","dateModified":"2022-05-24T16:33:50+00:00","description":"Nina Simone Sings the Blues : Disque vinyle audiophile jazz du label Speakers Corner. Exploiter 100% de votre platine vinyle hifi !","breadcrumb":{"@id":"https:\/\/exceptionaudio.fr\/site\/produit\/vinyle-nina-simone-sings-the-blues-speakers-corner\/#breadcrumb"},"inLanguage":"fr-FR","potentialAction":[{"@type":"ReadAction","target":["https:\/\/exceptionaudio.fr\/site\/produit\/vinyle-nina-simone-sings-the-blues-speakers-corner\/"]}]},{"@type":"ImageObject","inLanguage":"fr-FR","@id":"https:\/\/exceptionaudio.fr\/site\/produit\/vinyle-nina-simone-sings-the-blues-speakers-corner\/#primaryimage","url":"https:\/\/exceptionaudio.fr\/site\/wp-content\/uploads\/2022\/05\/Nina-Simone-Sings-the-Blues-Speakers-Corner.jpg","contentUrl":"https:\/\/exceptionaudio.fr\/site\/wp-content\/uploads\/2022\/05\/Nina-Simone-Sings-the-Blues-Speakers-Corner.jpg","width":1000,"height":1000,"caption":"Disque vinyle audiophile Nina Simone Sings the Blues Speakers Corner Exception Audio"},{"@type":"BreadcrumbList","@id":"https:\/\/exceptionaudio.fr\/site\/produit\/vinyle-nina-simone-sings-the-blues-speakers-corner\/#breadcrumb","itemListElement":[{"@type":"ListItem","position":1,"name":"Accueil","item":"https:\/\/exceptionaudio.fr\/site\/"},{"@type":"ListItem","position":2,"name":"Boutique","item":"https:\/\/exceptionaudio.fr\/site\/boutique\/"},{"@type":"ListItem","position":3,"name":"Nina Simone &#8211; Sings The Blues"}]},{"@type":"WebSite","@id":"https:\/\/exceptionaudio.fr\/site\/#website","url":"https:\/\/exceptionaudio.fr\/site\/","name":"Exception Audio","description":"Magasin hi-fi Antibes","publisher":{"@id":"https:\/\/exceptionaudio.fr\/site\/#organization"},"potentialAction":[{"@type":"SearchAction","target":{"@type":"EntryPoint","urlTemplate":"https:\/\/exceptionaudio.fr\/site\/?s={search_term_string}"},"query-input":{"@type":"PropertyValueSpecification","valueRequired":true,"valueName":"search_term_string"}}],"inLanguage":"fr-FR"},{"@type":"Organization","@id":"https:\/\/exceptionaudio.fr\/site\/#organization","name":"Exception Audio","url":"https:\/\/exceptionaudio.fr\/site\/","logo":{"@type":"ImageObject","inLanguage":"fr-FR","@id":"https:\/\/exceptionaudio.fr\/site\/#\/schema\/logo\/image\/","url":"https:\/\/exceptionaudio.fr\/site\/wp-content\/uploads\/2021\/10\/largeur-exception-audio-logos-noir.png","contentUrl":"https:\/\/exceptionaudio.fr\/site\/wp-content\/uploads\/2021\/10\/largeur-exception-audio-logos-noir.png","width":357,"height":54,"caption":"Exception Audio"},"image":{"@id":"https:\/\/exceptionaudio.fr\/site\/#\/schema\/logo\/image\/"},"sameAs":["https:\/\/www.facebook.com\/ExceptionAudio","https:\/\/www.instagram.com\/exception_audio\/"]}]}},"_links":{"self":[{"href":"https:\/\/exceptionaudio.fr\/site\/wp-json\/wp\/v2\/product\/6126","targetHints":{"allow":["GET"]}}],"collection":[{"href":"https:\/\/exceptionaudio.fr\/site\/wp-json\/wp\/v2\/product"}],"about":[{"href":"https:\/\/exceptionaudio.fr\/site\/wp-json\/wp\/v2\/types\/product"}],"version-history":[{"count":1,"href":"https:\/\/exceptionaudio.fr\/site\/wp-json\/wp\/v2\/product\/6126\/revisions"}],"predecessor-version":[{"id":8894,"href":"https:\/\/exceptionaudio.fr\/site\/wp-json\/wp\/v2\/product\/6126\/revisions\/8894"}],"wp:featuredmedia":[{"embeddable":true,"href":"https:\/\/exceptionaudio.fr\/site\/wp-json\/wp\/v2\/media\/6127"}],"wp:attachment":[{"href":"https:\/\/exceptionaudio.fr\/site\/wp-json\/wp\/v2\/media?parent=6126"}],"wp:term":[{"taxonomy":"product_brand","embeddable":true,"href":"https:\/\/exceptionaudio.fr\/site\/wp-json\/wp\/v2\/product_brand?post=6126"},{"taxonomy":"product_cat","embeddable":true,"href":"https:\/\/exceptionaudio.fr\/site\/wp-json\/wp\/v2\/product_cat?post=6126"},{"taxonomy":"product_tag","embeddable":true,"href":"https:\/\/exceptionaudio.fr\/site\/wp-json\/wp\/v2\/product_tag?post=6126"}],"curies":[{"name":"wp","href":"https:\/\/api.w.org\/{rel}","templated":true}]}}