{"id":6135,"date":"2022-01-04T17:29:39","date_gmt":"2022-01-04T16:29:39","guid":{"rendered":"https:\/\/exceptionaudio.fr\/site\/?post_type=product&#038;p=6135"},"modified":"2022-05-24T18:32:02","modified_gmt":"2022-05-24T16:32:02","slug":"vinyle-john-lee-hooker-dont-turn-me-from-your-door","status":"publish","type":"product","link":"https:\/\/exceptionaudio.fr\/site\/produit\/vinyle-john-lee-hooker-dont-turn-me-from-your-door\/","title":{"rendered":"John Lee Hooker &#8211; Don&rsquo;t Turn Me From Your Door"},"content":{"rendered":"","protected":false},"excerpt":{"rendered":"<p>Don&rsquo;t Turn Me From Your Door est un album du bluesman John Lee Hooker, sorti en 1963. Cet album a \u00e9t\u00e9 enregistr\u00e9 en deux temps : une premi\u00e8re fois \u00e0 Cincinnati en 1953 et une deuxi\u00e8me \u00e0 Miami en 1961. Il devient une r\u00e9f\u00e9rence incontournable blues.<\/p>\n<p>Red\u00e9couvrez ce disque vinyle dans une version audiophile du label <a href=\"https:\/\/exceptionaudio.fr\/site\/etiquette-produit\/disques-vinyles-speakers-corner\/\">Speakers Corner<\/a>.<\/p>\n","protected":false},"featured_media":6136,"template":"","meta":[],"product_brand":[],"product_cat":[209],"product_tag":[210],"class_list":{"0":"post-6135","1":"product","2":"type-product","3":"status-publish","4":"has-post-thumbnail","6":"product_cat-disques-vinyles-audiophiles","7":"product_tag-disques-vinyles-speakers-corner","9":"first","10":"instock","11":"taxable","12":"shipping-taxable","13":"purchasable","14":"product-type-simple"},"yoast_head":"<!-- This site is optimized with the Yoast SEO plugin v27.4 - https:\/\/yoast.com\/product\/yoast-seo-wordpress\/ -->\n<title>John Lee Hooker Don&#039;t Turn Me From Your Door - Vinyle - Exception Audio<\/title>\n<meta name=\"description\" content=\"John Lee Hooker Don&#039;t Turn Me From Your Door : Disque vinyle audiophile blues du label Speakers Corner. Exploiter 100% de votre platine vinyle\" \/>\n<meta name=\"robots\" content=\"index, follow, max-snippet:-1, max-image-preview:large, max-video-preview:-1\" \/>\n<link rel=\"canonical\" href=\"https:\/\/exceptionaudio.fr\/site\/produit\/vinyle-john-lee-hooker-dont-turn-me-from-your-door\/\" \/>\n<meta property=\"og:locale\" content=\"fr_FR\" \/>\n<meta property=\"og:type\" content=\"article\" \/>\n<meta property=\"og:title\" content=\"John Lee Hooker Don&#039;t Turn Me From Your Door - Vinyle - Exception Audio\" \/>\n<meta property=\"og:description\" content=\"John Lee Hooker Don&#039;t Turn Me From Your Door : Disque vinyle audiophile blues du label Speakers Corner. Exploiter 100% de votre platine vinyle\" \/>\n<meta property=\"og:url\" content=\"https:\/\/exceptionaudio.fr\/site\/produit\/vinyle-john-lee-hooker-dont-turn-me-from-your-door\/\" \/>\n<meta property=\"og:site_name\" content=\"Exception Audio\" \/>\n<meta property=\"article:publisher\" content=\"https:\/\/www.facebook.com\/ExceptionAudio\" \/>\n<meta property=\"article:modified_time\" content=\"2022-05-24T16:32:02+00:00\" \/>\n<meta property=\"og:image\" content=\"https:\/\/exceptionaudio.fr\/site\/wp-content\/uploads\/2022\/05\/vinyle-John-Lee-Hooker-Dont-Turn-Me-From-Your-Door-Speakers-Corner.jpg\" \/>\n\t<meta property=\"og:image:width\" content=\"1000\" \/>\n\t<meta property=\"og:image:height\" content=\"1000\" \/>\n\t<meta property=\"og:image:type\" content=\"image\/jpeg\" \/>\n<meta name=\"twitter:card\" content=\"summary_large_image\" \/>\n<script type=\"application\/ld+json\" class=\"yoast-schema-graph\">{\"@context\":\"https:\\\/\\\/schema.org\",\"@graph\":[{\"@type\":\"WebPage\",\"@id\":\"https:\\\/\\\/exceptionaudio.fr\\\/site\\\/produit\\\/vinyle-john-lee-hooker-dont-turn-me-from-your-door\\\/\",\"url\":\"https:\\\/\\\/exceptionaudio.fr\\\/site\\\/produit\\\/vinyle-john-lee-hooker-dont-turn-me-from-your-door\\\/\",\"name\":\"John Lee Hooker Don't Turn Me From Your Door - Vinyle - Exception Audio\",\"isPartOf\":{\"@id\":\"https:\\\/\\\/exceptionaudio.fr\\\/site\\\/#website\"},\"primaryImageOfPage\":{\"@id\":\"https:\\\/\\\/exceptionaudio.fr\\\/site\\\/produit\\\/vinyle-john-lee-hooker-dont-turn-me-from-your-door\\\/#primaryimage\"},\"image\":{\"@id\":\"https:\\\/\\\/exceptionaudio.fr\\\/site\\\/produit\\\/vinyle-john-lee-hooker-dont-turn-me-from-your-door\\\/#primaryimage\"},\"thumbnailUrl\":\"https:\\\/\\\/exceptionaudio.fr\\\/site\\\/wp-content\\\/uploads\\\/2022\\\/05\\\/vinyle-John-Lee-Hooker-Dont-Turn-Me-From-Your-Door-Speakers-Corner.jpg\",\"datePublished\":\"2022-01-04T16:29:39+00:00\",\"dateModified\":\"2022-05-24T16:32:02+00:00\",\"description\":\"John Lee Hooker Don't Turn Me From Your Door : Disque vinyle audiophile blues du label Speakers Corner. Exploiter 100% de votre platine vinyle\",\"breadcrumb\":{\"@id\":\"https:\\\/\\\/exceptionaudio.fr\\\/site\\\/produit\\\/vinyle-john-lee-hooker-dont-turn-me-from-your-door\\\/#breadcrumb\"},\"inLanguage\":\"fr-FR\",\"potentialAction\":[{\"@type\":\"ReadAction\",\"target\":[\"https:\\\/\\\/exceptionaudio.fr\\\/site\\\/produit\\\/vinyle-john-lee-hooker-dont-turn-me-from-your-door\\\/\"]}]},{\"@type\":\"ImageObject\",\"inLanguage\":\"fr-FR\",\"@id\":\"https:\\\/\\\/exceptionaudio.fr\\\/site\\\/produit\\\/vinyle-john-lee-hooker-dont-turn-me-from-your-door\\\/#primaryimage\",\"url\":\"https:\\\/\\\/exceptionaudio.fr\\\/site\\\/wp-content\\\/uploads\\\/2022\\\/05\\\/vinyle-John-Lee-Hooker-Dont-Turn-Me-From-Your-Door-Speakers-Corner.jpg\",\"contentUrl\":\"https:\\\/\\\/exceptionaudio.fr\\\/site\\\/wp-content\\\/uploads\\\/2022\\\/05\\\/vinyle-John-Lee-Hooker-Dont-Turn-Me-From-Your-Door-Speakers-Corner.jpg\",\"width\":1000,\"height\":1000,\"caption\":\"Disque vinyle audiophile John Lee Hooker Don't Turn Me From Your Door Speakers Corner Exception Audio\"},{\"@type\":\"BreadcrumbList\",\"@id\":\"https:\\\/\\\/exceptionaudio.fr\\\/site\\\/produit\\\/vinyle-john-lee-hooker-dont-turn-me-from-your-door\\\/#breadcrumb\",\"itemListElement\":[{\"@type\":\"ListItem\",\"position\":1,\"name\":\"Accueil\",\"item\":\"https:\\\/\\\/exceptionaudio.fr\\\/site\\\/\"},{\"@type\":\"ListItem\",\"position\":2,\"name\":\"Boutique\",\"item\":\"https:\\\/\\\/exceptionaudio.fr\\\/site\\\/boutique\\\/\"},{\"@type\":\"ListItem\",\"position\":3,\"name\":\"John Lee Hooker &#8211; Don&#8217;t Turn Me From Your Door\"}]},{\"@type\":\"WebSite\",\"@id\":\"https:\\\/\\\/exceptionaudio.fr\\\/site\\\/#website\",\"url\":\"https:\\\/\\\/exceptionaudio.fr\\\/site\\\/\",\"name\":\"Exception Audio\",\"description\":\"Magasin hi-fi Antibes\",\"publisher\":{\"@id\":\"https:\\\/\\\/exceptionaudio.fr\\\/site\\\/#organization\"},\"potentialAction\":[{\"@type\":\"SearchAction\",\"target\":{\"@type\":\"EntryPoint\",\"urlTemplate\":\"https:\\\/\\\/exceptionaudio.fr\\\/site\\\/?s={search_term_string}\"},\"query-input\":{\"@type\":\"PropertyValueSpecification\",\"valueRequired\":true,\"valueName\":\"search_term_string\"}}],\"inLanguage\":\"fr-FR\"},{\"@type\":\"Organization\",\"@id\":\"https:\\\/\\\/exceptionaudio.fr\\\/site\\\/#organization\",\"name\":\"Exception Audio\",\"url\":\"https:\\\/\\\/exceptionaudio.fr\\\/site\\\/\",\"logo\":{\"@type\":\"ImageObject\",\"inLanguage\":\"fr-FR\",\"@id\":\"https:\\\/\\\/exceptionaudio.fr\\\/site\\\/#\\\/schema\\\/logo\\\/image\\\/\",\"url\":\"https:\\\/\\\/exceptionaudio.fr\\\/site\\\/wp-content\\\/uploads\\\/2021\\\/10\\\/largeur-exception-audio-logos-noir.png\",\"contentUrl\":\"https:\\\/\\\/exceptionaudio.fr\\\/site\\\/wp-content\\\/uploads\\\/2021\\\/10\\\/largeur-exception-audio-logos-noir.png\",\"width\":357,\"height\":54,\"caption\":\"Exception Audio\"},\"image\":{\"@id\":\"https:\\\/\\\/exceptionaudio.fr\\\/site\\\/#\\\/schema\\\/logo\\\/image\\\/\"},\"sameAs\":[\"https:\\\/\\\/www.facebook.com\\\/ExceptionAudio\",\"https:\\\/\\\/www.instagram.com\\\/exception_audio\\\/\"]}]}<\/script>\n<!-- \/ Yoast SEO plugin. -->","yoast_head_json":{"title":"John Lee Hooker Don't Turn Me From Your Door - Vinyle - Exception Audio","description":"John Lee Hooker Don't Turn Me From Your Door : Disque vinyle audiophile blues du label Speakers Corner. Exploiter 100% de votre platine vinyle","robots":{"index":"index","follow":"follow","max-snippet":"max-snippet:-1","max-image-preview":"max-image-preview:large","max-video-preview":"max-video-preview:-1"},"canonical":"https:\/\/exceptionaudio.fr\/site\/produit\/vinyle-john-lee-hooker-dont-turn-me-from-your-door\/","og_locale":"fr_FR","og_type":"article","og_title":"John Lee Hooker Don't Turn Me From Your Door - Vinyle - Exception Audio","og_description":"John Lee Hooker Don't Turn Me From Your Door : Disque vinyle audiophile blues du label Speakers Corner. Exploiter 100% de votre platine vinyle","og_url":"https:\/\/exceptionaudio.fr\/site\/produit\/vinyle-john-lee-hooker-dont-turn-me-from-your-door\/","og_site_name":"Exception Audio","article_publisher":"https:\/\/www.facebook.com\/ExceptionAudio","article_modified_time":"2022-05-24T16:32:02+00:00","og_image":[{"width":1000,"height":1000,"url":"https:\/\/exceptionaudio.fr\/site\/wp-content\/uploads\/2022\/05\/vinyle-John-Lee-Hooker-Dont-Turn-Me-From-Your-Door-Speakers-Corner.jpg","type":"image\/jpeg"}],"twitter_card":"summary_large_image","schema":{"@context":"https:\/\/schema.org","@graph":[{"@type":"WebPage","@id":"https:\/\/exceptionaudio.fr\/site\/produit\/vinyle-john-lee-hooker-dont-turn-me-from-your-door\/","url":"https:\/\/exceptionaudio.fr\/site\/produit\/vinyle-john-lee-hooker-dont-turn-me-from-your-door\/","name":"John Lee Hooker Don't Turn Me From Your Door - Vinyle - Exception Audio","isPartOf":{"@id":"https:\/\/exceptionaudio.fr\/site\/#website"},"primaryImageOfPage":{"@id":"https:\/\/exceptionaudio.fr\/site\/produit\/vinyle-john-lee-hooker-dont-turn-me-from-your-door\/#primaryimage"},"image":{"@id":"https:\/\/exceptionaudio.fr\/site\/produit\/vinyle-john-lee-hooker-dont-turn-me-from-your-door\/#primaryimage"},"thumbnailUrl":"https:\/\/exceptionaudio.fr\/site\/wp-content\/uploads\/2022\/05\/vinyle-John-Lee-Hooker-Dont-Turn-Me-From-Your-Door-Speakers-Corner.jpg","datePublished":"2022-01-04T16:29:39+00:00","dateModified":"2022-05-24T16:32:02+00:00","description":"John Lee Hooker Don't Turn Me From Your Door : Disque vinyle audiophile blues du label Speakers Corner. Exploiter 100% de votre platine vinyle","breadcrumb":{"@id":"https:\/\/exceptionaudio.fr\/site\/produit\/vinyle-john-lee-hooker-dont-turn-me-from-your-door\/#breadcrumb"},"inLanguage":"fr-FR","potentialAction":[{"@type":"ReadAction","target":["https:\/\/exceptionaudio.fr\/site\/produit\/vinyle-john-lee-hooker-dont-turn-me-from-your-door\/"]}]},{"@type":"ImageObject","inLanguage":"fr-FR","@id":"https:\/\/exceptionaudio.fr\/site\/produit\/vinyle-john-lee-hooker-dont-turn-me-from-your-door\/#primaryimage","url":"https:\/\/exceptionaudio.fr\/site\/wp-content\/uploads\/2022\/05\/vinyle-John-Lee-Hooker-Dont-Turn-Me-From-Your-Door-Speakers-Corner.jpg","contentUrl":"https:\/\/exceptionaudio.fr\/site\/wp-content\/uploads\/2022\/05\/vinyle-John-Lee-Hooker-Dont-Turn-Me-From-Your-Door-Speakers-Corner.jpg","width":1000,"height":1000,"caption":"Disque vinyle audiophile John Lee Hooker Don't Turn Me From Your Door Speakers Corner Exception Audio"},{"@type":"BreadcrumbList","@id":"https:\/\/exceptionaudio.fr\/site\/produit\/vinyle-john-lee-hooker-dont-turn-me-from-your-door\/#breadcrumb","itemListElement":[{"@type":"ListItem","position":1,"name":"Accueil","item":"https:\/\/exceptionaudio.fr\/site\/"},{"@type":"ListItem","position":2,"name":"Boutique","item":"https:\/\/exceptionaudio.fr\/site\/boutique\/"},{"@type":"ListItem","position":3,"name":"John Lee Hooker &#8211; Don&#8217;t Turn Me From Your Door"}]},{"@type":"WebSite","@id":"https:\/\/exceptionaudio.fr\/site\/#website","url":"https:\/\/exceptionaudio.fr\/site\/","name":"Exception Audio","description":"Magasin hi-fi Antibes","publisher":{"@id":"https:\/\/exceptionaudio.fr\/site\/#organization"},"potentialAction":[{"@type":"SearchAction","target":{"@type":"EntryPoint","urlTemplate":"https:\/\/exceptionaudio.fr\/site\/?s={search_term_string}"},"query-input":{"@type":"PropertyValueSpecification","valueRequired":true,"valueName":"search_term_string"}}],"inLanguage":"fr-FR"},{"@type":"Organization","@id":"https:\/\/exceptionaudio.fr\/site\/#organization","name":"Exception Audio","url":"https:\/\/exceptionaudio.fr\/site\/","logo":{"@type":"ImageObject","inLanguage":"fr-FR","@id":"https:\/\/exceptionaudio.fr\/site\/#\/schema\/logo\/image\/","url":"https:\/\/exceptionaudio.fr\/site\/wp-content\/uploads\/2021\/10\/largeur-exception-audio-logos-noir.png","contentUrl":"https:\/\/exceptionaudio.fr\/site\/wp-content\/uploads\/2021\/10\/largeur-exception-audio-logos-noir.png","width":357,"height":54,"caption":"Exception Audio"},"image":{"@id":"https:\/\/exceptionaudio.fr\/site\/#\/schema\/logo\/image\/"},"sameAs":["https:\/\/www.facebook.com\/ExceptionAudio","https:\/\/www.instagram.com\/exception_audio\/"]}]}},"_links":{"self":[{"href":"https:\/\/exceptionaudio.fr\/site\/wp-json\/wp\/v2\/product\/6135","targetHints":{"allow":["GET"]}}],"collection":[{"href":"https:\/\/exceptionaudio.fr\/site\/wp-json\/wp\/v2\/product"}],"about":[{"href":"https:\/\/exceptionaudio.fr\/site\/wp-json\/wp\/v2\/types\/product"}],"version-history":[{"count":0,"href":"https:\/\/exceptionaudio.fr\/site\/wp-json\/wp\/v2\/product\/6135\/revisions"}],"wp:featuredmedia":[{"embeddable":true,"href":"https:\/\/exceptionaudio.fr\/site\/wp-json\/wp\/v2\/media\/6136"}],"wp:attachment":[{"href":"https:\/\/exceptionaudio.fr\/site\/wp-json\/wp\/v2\/media?parent=6135"}],"wp:term":[{"taxonomy":"product_brand","embeddable":true,"href":"https:\/\/exceptionaudio.fr\/site\/wp-json\/wp\/v2\/product_brand?post=6135"},{"taxonomy":"product_cat","embeddable":true,"href":"https:\/\/exceptionaudio.fr\/site\/wp-json\/wp\/v2\/product_cat?post=6135"},{"taxonomy":"product_tag","embeddable":true,"href":"https:\/\/exceptionaudio.fr\/site\/wp-json\/wp\/v2\/product_tag?post=6135"}],"curies":[{"name":"wp","href":"https:\/\/api.w.org\/{rel}","templated":true}]}}