{"id":6138,"date":"2022-01-04T18:03:58","date_gmt":"2022-01-04T17:03:58","guid":{"rendered":"https:\/\/exceptionaudio.fr\/site\/?post_type=product&#038;p=6138"},"modified":"2026-02-10T08:52:29","modified_gmt":"2026-02-10T07:52:29","slug":"vinyle-donny-hathaway-everything-is-everything-speakers-corner","status":"publish","type":"product","link":"https:\/\/exceptionaudio.fr\/site\/produit\/vinyle-donny-hathaway-everything-is-everything-speakers-corner\/","title":{"rendered":"Donny Hathaway \u2013 Everything Is Everything"},"content":{"rendered":"","protected":false},"excerpt":{"rendered":"<p>Everything is Everything est le premier album studio de l&rsquo;artiste soul Donny Hathaway, sorti en 1970. Il est consid\u00e9r\u00e9 comme son meilleur album marqu\u00e9 par un groove subtil rythm\u00e9 de soul, gospel, funk et jazz. Un album mythique \u00a0\u00e0 (re)d\u00e9couvrir !<\/p>\n<p>Red\u00e9couvrez ce disque vinyle dans une version audiophile du label <a href=\"https:\/\/exceptionaudio.fr\/site\/etiquette-produit\/disques-vinyles-speakers-corner\/\">Speakers Corner<\/a>.<\/p>\n","protected":false},"featured_media":6139,"template":"","meta":[],"product_brand":[],"product_cat":[209],"product_tag":[210],"class_list":{"0":"post-6138","1":"product","2":"type-product","3":"status-publish","4":"has-post-thumbnail","6":"product_cat-disques-vinyles-audiophiles","7":"product_tag-disques-vinyles-speakers-corner","9":"first","10":"outofstock","11":"taxable","12":"shipping-taxable","13":"purchasable","14":"product-type-simple"},"yoast_head":"<!-- This site is optimized with the Yoast SEO plugin v27.3 - https:\/\/yoast.com\/product\/yoast-seo-wordpress\/ -->\n<title>Donny Hathaway Everything Is Everything - Vinyle - Exception Audio<\/title>\n<meta name=\"description\" content=\"Donny Hathaway Everything Is Everything : Disque vinyle audiophile soul du label Speakers Corner. Exploiter 100% de votre platine vinyle hifi.\" \/>\n<meta name=\"robots\" content=\"index, follow, max-snippet:-1, max-image-preview:large, max-video-preview:-1\" \/>\n<link rel=\"canonical\" href=\"https:\/\/exceptionaudio.fr\/site\/produit\/vinyle-donny-hathaway-everything-is-everything-speakers-corner\/\" \/>\n<meta property=\"og:locale\" content=\"fr_FR\" \/>\n<meta property=\"og:type\" content=\"article\" \/>\n<meta property=\"og:title\" content=\"Donny Hathaway Everything Is Everything - Vinyle - Exception Audio\" \/>\n<meta property=\"og:description\" content=\"Donny Hathaway Everything Is Everything : Disque vinyle audiophile soul du label Speakers Corner. Exploiter 100% de votre platine vinyle hifi.\" \/>\n<meta property=\"og:url\" content=\"https:\/\/exceptionaudio.fr\/site\/produit\/vinyle-donny-hathaway-everything-is-everything-speakers-corner\/\" \/>\n<meta property=\"og:site_name\" content=\"Exception Audio\" \/>\n<meta property=\"article:publisher\" content=\"https:\/\/www.facebook.com\/ExceptionAudio\" \/>\n<meta property=\"article:modified_time\" content=\"2026-02-10T07:52:29+00:00\" \/>\n<meta property=\"og:image\" content=\"https:\/\/exceptionaudio.fr\/site\/wp-content\/uploads\/2022\/05\/Donny-Hathaway-Everything-is-everything-Speakers-Corner.jpg\" \/>\n\t<meta property=\"og:image:width\" content=\"1000\" \/>\n\t<meta property=\"og:image:height\" content=\"1000\" \/>\n\t<meta property=\"og:image:type\" content=\"image\/jpeg\" \/>\n<meta name=\"twitter:card\" content=\"summary_large_image\" \/>\n<meta name=\"twitter:label1\" content=\"Dur\u00e9e de lecture estim\u00e9e\" \/>\n\t<meta name=\"twitter:data1\" content=\"1 minute\" \/>\n<script type=\"application\/ld+json\" class=\"yoast-schema-graph\">{\"@context\":\"https:\\\/\\\/schema.org\",\"@graph\":[{\"@type\":\"WebPage\",\"@id\":\"https:\\\/\\\/exceptionaudio.fr\\\/site\\\/produit\\\/vinyle-donny-hathaway-everything-is-everything-speakers-corner\\\/\",\"url\":\"https:\\\/\\\/exceptionaudio.fr\\\/site\\\/produit\\\/vinyle-donny-hathaway-everything-is-everything-speakers-corner\\\/\",\"name\":\"Donny Hathaway Everything Is Everything - Vinyle - Exception Audio\",\"isPartOf\":{\"@id\":\"https:\\\/\\\/exceptionaudio.fr\\\/site\\\/#website\"},\"primaryImageOfPage\":{\"@id\":\"https:\\\/\\\/exceptionaudio.fr\\\/site\\\/produit\\\/vinyle-donny-hathaway-everything-is-everything-speakers-corner\\\/#primaryimage\"},\"image\":{\"@id\":\"https:\\\/\\\/exceptionaudio.fr\\\/site\\\/produit\\\/vinyle-donny-hathaway-everything-is-everything-speakers-corner\\\/#primaryimage\"},\"thumbnailUrl\":\"https:\\\/\\\/exceptionaudio.fr\\\/site\\\/wp-content\\\/uploads\\\/2022\\\/05\\\/Donny-Hathaway-Everything-is-everything-Speakers-Corner.jpg\",\"datePublished\":\"2022-01-04T17:03:58+00:00\",\"dateModified\":\"2026-02-10T07:52:29+00:00\",\"description\":\"Donny Hathaway Everything Is Everything : Disque vinyle audiophile soul du label Speakers Corner. Exploiter 100% de votre platine vinyle hifi.\",\"breadcrumb\":{\"@id\":\"https:\\\/\\\/exceptionaudio.fr\\\/site\\\/produit\\\/vinyle-donny-hathaway-everything-is-everything-speakers-corner\\\/#breadcrumb\"},\"inLanguage\":\"fr-FR\",\"potentialAction\":[{\"@type\":\"ReadAction\",\"target\":[\"https:\\\/\\\/exceptionaudio.fr\\\/site\\\/produit\\\/vinyle-donny-hathaway-everything-is-everything-speakers-corner\\\/\"]}]},{\"@type\":\"ImageObject\",\"inLanguage\":\"fr-FR\",\"@id\":\"https:\\\/\\\/exceptionaudio.fr\\\/site\\\/produit\\\/vinyle-donny-hathaway-everything-is-everything-speakers-corner\\\/#primaryimage\",\"url\":\"https:\\\/\\\/exceptionaudio.fr\\\/site\\\/wp-content\\\/uploads\\\/2022\\\/05\\\/Donny-Hathaway-Everything-is-everything-Speakers-Corner.jpg\",\"contentUrl\":\"https:\\\/\\\/exceptionaudio.fr\\\/site\\\/wp-content\\\/uploads\\\/2022\\\/05\\\/Donny-Hathaway-Everything-is-everything-Speakers-Corner.jpg\",\"width\":1000,\"height\":1000,\"caption\":\"Disque vinyle audiophile Donny Hathaway Everything is everything Speakers Corner Exception Audio\"},{\"@type\":\"BreadcrumbList\",\"@id\":\"https:\\\/\\\/exceptionaudio.fr\\\/site\\\/produit\\\/vinyle-donny-hathaway-everything-is-everything-speakers-corner\\\/#breadcrumb\",\"itemListElement\":[{\"@type\":\"ListItem\",\"position\":1,\"name\":\"Accueil\",\"item\":\"https:\\\/\\\/exceptionaudio.fr\\\/site\\\/\"},{\"@type\":\"ListItem\",\"position\":2,\"name\":\"Boutique\",\"item\":\"https:\\\/\\\/exceptionaudio.fr\\\/site\\\/boutique\\\/\"},{\"@type\":\"ListItem\",\"position\":3,\"name\":\"Donny Hathaway \u2013 Everything Is Everything\"}]},{\"@type\":\"WebSite\",\"@id\":\"https:\\\/\\\/exceptionaudio.fr\\\/site\\\/#website\",\"url\":\"https:\\\/\\\/exceptionaudio.fr\\\/site\\\/\",\"name\":\"Exception Audio\",\"description\":\"Magasin hi-fi Antibes\",\"publisher\":{\"@id\":\"https:\\\/\\\/exceptionaudio.fr\\\/site\\\/#organization\"},\"potentialAction\":[{\"@type\":\"SearchAction\",\"target\":{\"@type\":\"EntryPoint\",\"urlTemplate\":\"https:\\\/\\\/exceptionaudio.fr\\\/site\\\/?s={search_term_string}\"},\"query-input\":{\"@type\":\"PropertyValueSpecification\",\"valueRequired\":true,\"valueName\":\"search_term_string\"}}],\"inLanguage\":\"fr-FR\"},{\"@type\":\"Organization\",\"@id\":\"https:\\\/\\\/exceptionaudio.fr\\\/site\\\/#organization\",\"name\":\"Exception Audio\",\"url\":\"https:\\\/\\\/exceptionaudio.fr\\\/site\\\/\",\"logo\":{\"@type\":\"ImageObject\",\"inLanguage\":\"fr-FR\",\"@id\":\"https:\\\/\\\/exceptionaudio.fr\\\/site\\\/#\\\/schema\\\/logo\\\/image\\\/\",\"url\":\"https:\\\/\\\/exceptionaudio.fr\\\/site\\\/wp-content\\\/uploads\\\/2021\\\/10\\\/largeur-exception-audio-logos-noir.png\",\"contentUrl\":\"https:\\\/\\\/exceptionaudio.fr\\\/site\\\/wp-content\\\/uploads\\\/2021\\\/10\\\/largeur-exception-audio-logos-noir.png\",\"width\":357,\"height\":54,\"caption\":\"Exception Audio\"},\"image\":{\"@id\":\"https:\\\/\\\/exceptionaudio.fr\\\/site\\\/#\\\/schema\\\/logo\\\/image\\\/\"},\"sameAs\":[\"https:\\\/\\\/www.facebook.com\\\/ExceptionAudio\",\"https:\\\/\\\/www.instagram.com\\\/exception_audio\\\/\"]}]}<\/script>\n<!-- \/ Yoast SEO plugin. -->","yoast_head_json":{"title":"Donny Hathaway Everything Is Everything - Vinyle - Exception Audio","description":"Donny Hathaway Everything Is Everything : Disque vinyle audiophile soul du label Speakers Corner. Exploiter 100% de votre platine vinyle hifi.","robots":{"index":"index","follow":"follow","max-snippet":"max-snippet:-1","max-image-preview":"max-image-preview:large","max-video-preview":"max-video-preview:-1"},"canonical":"https:\/\/exceptionaudio.fr\/site\/produit\/vinyle-donny-hathaway-everything-is-everything-speakers-corner\/","og_locale":"fr_FR","og_type":"article","og_title":"Donny Hathaway Everything Is Everything - Vinyle - Exception Audio","og_description":"Donny Hathaway Everything Is Everything : Disque vinyle audiophile soul du label Speakers Corner. Exploiter 100% de votre platine vinyle hifi.","og_url":"https:\/\/exceptionaudio.fr\/site\/produit\/vinyle-donny-hathaway-everything-is-everything-speakers-corner\/","og_site_name":"Exception Audio","article_publisher":"https:\/\/www.facebook.com\/ExceptionAudio","article_modified_time":"2026-02-10T07:52:29+00:00","og_image":[{"width":1000,"height":1000,"url":"https:\/\/exceptionaudio.fr\/site\/wp-content\/uploads\/2022\/05\/Donny-Hathaway-Everything-is-everything-Speakers-Corner.jpg","type":"image\/jpeg"}],"twitter_card":"summary_large_image","twitter_misc":{"Dur\u00e9e de lecture estim\u00e9e":"1 minute"},"schema":{"@context":"https:\/\/schema.org","@graph":[{"@type":"WebPage","@id":"https:\/\/exceptionaudio.fr\/site\/produit\/vinyle-donny-hathaway-everything-is-everything-speakers-corner\/","url":"https:\/\/exceptionaudio.fr\/site\/produit\/vinyle-donny-hathaway-everything-is-everything-speakers-corner\/","name":"Donny Hathaway Everything Is Everything - Vinyle - Exception Audio","isPartOf":{"@id":"https:\/\/exceptionaudio.fr\/site\/#website"},"primaryImageOfPage":{"@id":"https:\/\/exceptionaudio.fr\/site\/produit\/vinyle-donny-hathaway-everything-is-everything-speakers-corner\/#primaryimage"},"image":{"@id":"https:\/\/exceptionaudio.fr\/site\/produit\/vinyle-donny-hathaway-everything-is-everything-speakers-corner\/#primaryimage"},"thumbnailUrl":"https:\/\/exceptionaudio.fr\/site\/wp-content\/uploads\/2022\/05\/Donny-Hathaway-Everything-is-everything-Speakers-Corner.jpg","datePublished":"2022-01-04T17:03:58+00:00","dateModified":"2026-02-10T07:52:29+00:00","description":"Donny Hathaway Everything Is Everything : Disque vinyle audiophile soul du label Speakers Corner. Exploiter 100% de votre platine vinyle hifi.","breadcrumb":{"@id":"https:\/\/exceptionaudio.fr\/site\/produit\/vinyle-donny-hathaway-everything-is-everything-speakers-corner\/#breadcrumb"},"inLanguage":"fr-FR","potentialAction":[{"@type":"ReadAction","target":["https:\/\/exceptionaudio.fr\/site\/produit\/vinyle-donny-hathaway-everything-is-everything-speakers-corner\/"]}]},{"@type":"ImageObject","inLanguage":"fr-FR","@id":"https:\/\/exceptionaudio.fr\/site\/produit\/vinyle-donny-hathaway-everything-is-everything-speakers-corner\/#primaryimage","url":"https:\/\/exceptionaudio.fr\/site\/wp-content\/uploads\/2022\/05\/Donny-Hathaway-Everything-is-everything-Speakers-Corner.jpg","contentUrl":"https:\/\/exceptionaudio.fr\/site\/wp-content\/uploads\/2022\/05\/Donny-Hathaway-Everything-is-everything-Speakers-Corner.jpg","width":1000,"height":1000,"caption":"Disque vinyle audiophile Donny Hathaway Everything is everything Speakers Corner Exception Audio"},{"@type":"BreadcrumbList","@id":"https:\/\/exceptionaudio.fr\/site\/produit\/vinyle-donny-hathaway-everything-is-everything-speakers-corner\/#breadcrumb","itemListElement":[{"@type":"ListItem","position":1,"name":"Accueil","item":"https:\/\/exceptionaudio.fr\/site\/"},{"@type":"ListItem","position":2,"name":"Boutique","item":"https:\/\/exceptionaudio.fr\/site\/boutique\/"},{"@type":"ListItem","position":3,"name":"Donny Hathaway \u2013 Everything Is Everything"}]},{"@type":"WebSite","@id":"https:\/\/exceptionaudio.fr\/site\/#website","url":"https:\/\/exceptionaudio.fr\/site\/","name":"Exception Audio","description":"Magasin hi-fi Antibes","publisher":{"@id":"https:\/\/exceptionaudio.fr\/site\/#organization"},"potentialAction":[{"@type":"SearchAction","target":{"@type":"EntryPoint","urlTemplate":"https:\/\/exceptionaudio.fr\/site\/?s={search_term_string}"},"query-input":{"@type":"PropertyValueSpecification","valueRequired":true,"valueName":"search_term_string"}}],"inLanguage":"fr-FR"},{"@type":"Organization","@id":"https:\/\/exceptionaudio.fr\/site\/#organization","name":"Exception Audio","url":"https:\/\/exceptionaudio.fr\/site\/","logo":{"@type":"ImageObject","inLanguage":"fr-FR","@id":"https:\/\/exceptionaudio.fr\/site\/#\/schema\/logo\/image\/","url":"https:\/\/exceptionaudio.fr\/site\/wp-content\/uploads\/2021\/10\/largeur-exception-audio-logos-noir.png","contentUrl":"https:\/\/exceptionaudio.fr\/site\/wp-content\/uploads\/2021\/10\/largeur-exception-audio-logos-noir.png","width":357,"height":54,"caption":"Exception Audio"},"image":{"@id":"https:\/\/exceptionaudio.fr\/site\/#\/schema\/logo\/image\/"},"sameAs":["https:\/\/www.facebook.com\/ExceptionAudio","https:\/\/www.instagram.com\/exception_audio\/"]}]}},"_links":{"self":[{"href":"https:\/\/exceptionaudio.fr\/site\/wp-json\/wp\/v2\/product\/6138","targetHints":{"allow":["GET"]}}],"collection":[{"href":"https:\/\/exceptionaudio.fr\/site\/wp-json\/wp\/v2\/product"}],"about":[{"href":"https:\/\/exceptionaudio.fr\/site\/wp-json\/wp\/v2\/types\/product"}],"version-history":[{"count":1,"href":"https:\/\/exceptionaudio.fr\/site\/wp-json\/wp\/v2\/product\/6138\/revisions"}],"predecessor-version":[{"id":9943,"href":"https:\/\/exceptionaudio.fr\/site\/wp-json\/wp\/v2\/product\/6138\/revisions\/9943"}],"wp:featuredmedia":[{"embeddable":true,"href":"https:\/\/exceptionaudio.fr\/site\/wp-json\/wp\/v2\/media\/6139"}],"wp:attachment":[{"href":"https:\/\/exceptionaudio.fr\/site\/wp-json\/wp\/v2\/media?parent=6138"}],"wp:term":[{"taxonomy":"product_brand","embeddable":true,"href":"https:\/\/exceptionaudio.fr\/site\/wp-json\/wp\/v2\/product_brand?post=6138"},{"taxonomy":"product_cat","embeddable":true,"href":"https:\/\/exceptionaudio.fr\/site\/wp-json\/wp\/v2\/product_cat?post=6138"},{"taxonomy":"product_tag","embeddable":true,"href":"https:\/\/exceptionaudio.fr\/site\/wp-json\/wp\/v2\/product_tag?post=6138"}],"curies":[{"name":"wp","href":"https:\/\/api.w.org\/{rel}","templated":true}]}}