{"id":6145,"date":"2022-01-05T11:07:32","date_gmt":"2022-01-05T10:07:32","guid":{"rendered":"https:\/\/exceptionaudio.fr\/site\/?post_type=product&#038;p=6145"},"modified":"2024-05-04T12:25:10","modified_gmt":"2024-05-04T10:25:10","slug":"preampli-phono-zanden-audio-model-120","status":"publish","type":"product","link":"https:\/\/exceptionaudio.fr\/site\/produit\/preampli-phono-zanden-audio-model-120\/","title":{"rendered":"Zanden Audio Model 120"},"content":{"rendered":"","protected":false},"excerpt":{"rendered":"<p style=\"font-weight: 400;\">Le pr\u00e9amplificateur phono Zanden Audio Model 120 \u00e9tait, \u00e0 sa sortie, le tout premier et toujours le seul mod\u00e8le \u00e0 transistor. Il reprend tous les principes de conception essentiels du mod\u00e8le phare 1200 &#8211; le circuit LCR unique \u00e0 imp\u00e9dance fixe et l&rsquo;\u00e9tage d&rsquo;\u00e9galisation avec 5 options de courbes d&rsquo;\u00e9galisation diff\u00e9rentes\u00a0: RIAA, Decca, Columbia, EMI et Teldec. Le Model 120 dispose de deux entr\u00e9es \u00e0 haute (470 Ohm) et basse (36 Ohm) imp\u00e9dance, chacune pouvant \u00eatre utilis\u00e9e en mode asym\u00e9trique (RCA) ou sym\u00e9trique (XLR). Un commutateur de polarit\u00e9 absolue est \u00e9galement sur le panneau avant.<\/p>\n","protected":false},"featured_media":6146,"template":"","meta":[],"product_brand":[],"product_cat":[93,116],"product_tag":[198],"class_list":{"0":"post-6145","1":"product","2":"type-product","3":"status-publish","4":"has-post-thumbnail","6":"product_cat-amplification-hifi","7":"product_cat-preamplificateurs-phono","8":"product_tag-zanden-audio","10":"first","11":"instock","12":"taxable","13":"shipping-taxable","14":"purchasable","15":"product-type-simple"},"yoast_head":"<!-- This site is optimized with the Yoast SEO plugin v27.4 - https:\/\/yoast.com\/product\/yoast-seo-wordpress\/ -->\n<title>Zanden Audio Model 120 - Pr\u00e9amplificateur phono hifi - Exception Audio<\/title>\n<meta name=\"description\" content=\"Zanden Audio Model 120 : Pr\u00e9amplificateur phono \u00e0 tubes hifi. Compatible cellules phono MM et MC haute (470 Ohm) et basse (36 Ohm) imp\u00e9dance.\" \/>\n<meta name=\"robots\" content=\"index, follow, max-snippet:-1, max-image-preview:large, max-video-preview:-1\" \/>\n<link rel=\"canonical\" href=\"https:\/\/exceptionaudio.fr\/site\/produit\/preampli-phono-zanden-audio-model-120\/\" \/>\n<meta property=\"og:locale\" content=\"fr_FR\" \/>\n<meta property=\"og:type\" content=\"article\" \/>\n<meta property=\"og:title\" content=\"Zanden Audio Model 120 - Pr\u00e9amplificateur phono hifi - Exception Audio\" \/>\n<meta property=\"og:description\" content=\"Zanden Audio Model 120 : Pr\u00e9amplificateur phono \u00e0 tubes hifi. Compatible cellules phono MM et MC haute (470 Ohm) et basse (36 Ohm) imp\u00e9dance.\" \/>\n<meta property=\"og:url\" content=\"https:\/\/exceptionaudio.fr\/site\/produit\/preampli-phono-zanden-audio-model-120\/\" \/>\n<meta property=\"og:site_name\" content=\"Exception Audio\" \/>\n<meta property=\"article:publisher\" content=\"https:\/\/www.facebook.com\/ExceptionAudio\" \/>\n<meta property=\"article:modified_time\" content=\"2024-05-04T10:25:10+00:00\" \/>\n<meta property=\"og:image\" content=\"https:\/\/exceptionaudio.fr\/site\/wp-content\/uploads\/2022\/05\/1.-Model-120.webp\" \/>\n\t<meta property=\"og:image:width\" content=\"1000\" \/>\n\t<meta property=\"og:image:height\" content=\"1000\" \/>\n\t<meta property=\"og:image:type\" content=\"image\/webp\" \/>\n<meta name=\"twitter:card\" content=\"summary_large_image\" \/>\n<script type=\"application\/ld+json\" class=\"yoast-schema-graph\">{\"@context\":\"https:\\\/\\\/schema.org\",\"@graph\":[{\"@type\":\"WebPage\",\"@id\":\"https:\\\/\\\/exceptionaudio.fr\\\/site\\\/produit\\\/preampli-phono-zanden-audio-model-120\\\/\",\"url\":\"https:\\\/\\\/exceptionaudio.fr\\\/site\\\/produit\\\/preampli-phono-zanden-audio-model-120\\\/\",\"name\":\"Zanden Audio Model 120 - Pr\u00e9amplificateur phono hifi - Exception Audio\",\"isPartOf\":{\"@id\":\"https:\\\/\\\/exceptionaudio.fr\\\/site\\\/#website\"},\"primaryImageOfPage\":{\"@id\":\"https:\\\/\\\/exceptionaudio.fr\\\/site\\\/produit\\\/preampli-phono-zanden-audio-model-120\\\/#primaryimage\"},\"image\":{\"@id\":\"https:\\\/\\\/exceptionaudio.fr\\\/site\\\/produit\\\/preampli-phono-zanden-audio-model-120\\\/#primaryimage\"},\"thumbnailUrl\":\"https:\\\/\\\/exceptionaudio.fr\\\/site\\\/wp-content\\\/uploads\\\/2022\\\/05\\\/1.-Model-120.webp\",\"datePublished\":\"2022-01-05T10:07:32+00:00\",\"dateModified\":\"2024-05-04T10:25:10+00:00\",\"description\":\"Zanden Audio Model 120 : Pr\u00e9amplificateur phono \u00e0 tubes hifi. Compatible cellules phono MM et MC haute (470 Ohm) et basse (36 Ohm) imp\u00e9dance.\",\"breadcrumb\":{\"@id\":\"https:\\\/\\\/exceptionaudio.fr\\\/site\\\/produit\\\/preampli-phono-zanden-audio-model-120\\\/#breadcrumb\"},\"inLanguage\":\"fr-FR\",\"potentialAction\":[{\"@type\":\"ReadAction\",\"target\":[\"https:\\\/\\\/exceptionaudio.fr\\\/site\\\/produit\\\/preampli-phono-zanden-audio-model-120\\\/\"]}]},{\"@type\":\"ImageObject\",\"inLanguage\":\"fr-FR\",\"@id\":\"https:\\\/\\\/exceptionaudio.fr\\\/site\\\/produit\\\/preampli-phono-zanden-audio-model-120\\\/#primaryimage\",\"url\":\"https:\\\/\\\/exceptionaudio.fr\\\/site\\\/wp-content\\\/uploads\\\/2022\\\/05\\\/1.-Model-120.webp\",\"contentUrl\":\"https:\\\/\\\/exceptionaudio.fr\\\/site\\\/wp-content\\\/uploads\\\/2022\\\/05\\\/1.-Model-120.webp\",\"width\":1000,\"height\":1000,\"caption\":\"pr\u00e9ampli phono vinyle Zanden Audio Model 120 Exception Audio\"},{\"@type\":\"BreadcrumbList\",\"@id\":\"https:\\\/\\\/exceptionaudio.fr\\\/site\\\/produit\\\/preampli-phono-zanden-audio-model-120\\\/#breadcrumb\",\"itemListElement\":[{\"@type\":\"ListItem\",\"position\":1,\"name\":\"Accueil\",\"item\":\"https:\\\/\\\/exceptionaudio.fr\\\/site\\\/\"},{\"@type\":\"ListItem\",\"position\":2,\"name\":\"Boutique\",\"item\":\"https:\\\/\\\/exceptionaudio.fr\\\/site\\\/boutique\\\/\"},{\"@type\":\"ListItem\",\"position\":3,\"name\":\"Zanden Audio Model 120\"}]},{\"@type\":\"WebSite\",\"@id\":\"https:\\\/\\\/exceptionaudio.fr\\\/site\\\/#website\",\"url\":\"https:\\\/\\\/exceptionaudio.fr\\\/site\\\/\",\"name\":\"Exception Audio\",\"description\":\"Magasin hi-fi Antibes\",\"publisher\":{\"@id\":\"https:\\\/\\\/exceptionaudio.fr\\\/site\\\/#organization\"},\"potentialAction\":[{\"@type\":\"SearchAction\",\"target\":{\"@type\":\"EntryPoint\",\"urlTemplate\":\"https:\\\/\\\/exceptionaudio.fr\\\/site\\\/?s={search_term_string}\"},\"query-input\":{\"@type\":\"PropertyValueSpecification\",\"valueRequired\":true,\"valueName\":\"search_term_string\"}}],\"inLanguage\":\"fr-FR\"},{\"@type\":\"Organization\",\"@id\":\"https:\\\/\\\/exceptionaudio.fr\\\/site\\\/#organization\",\"name\":\"Exception Audio\",\"url\":\"https:\\\/\\\/exceptionaudio.fr\\\/site\\\/\",\"logo\":{\"@type\":\"ImageObject\",\"inLanguage\":\"fr-FR\",\"@id\":\"https:\\\/\\\/exceptionaudio.fr\\\/site\\\/#\\\/schema\\\/logo\\\/image\\\/\",\"url\":\"https:\\\/\\\/exceptionaudio.fr\\\/site\\\/wp-content\\\/uploads\\\/2021\\\/10\\\/largeur-exception-audio-logos-noir.png\",\"contentUrl\":\"https:\\\/\\\/exceptionaudio.fr\\\/site\\\/wp-content\\\/uploads\\\/2021\\\/10\\\/largeur-exception-audio-logos-noir.png\",\"width\":357,\"height\":54,\"caption\":\"Exception Audio\"},\"image\":{\"@id\":\"https:\\\/\\\/exceptionaudio.fr\\\/site\\\/#\\\/schema\\\/logo\\\/image\\\/\"},\"sameAs\":[\"https:\\\/\\\/www.facebook.com\\\/ExceptionAudio\",\"https:\\\/\\\/www.instagram.com\\\/exception_audio\\\/\"]}]}<\/script>\n<!-- \/ Yoast SEO plugin. -->","yoast_head_json":{"title":"Zanden Audio Model 120 - Pr\u00e9amplificateur phono hifi - Exception Audio","description":"Zanden Audio Model 120 : Pr\u00e9amplificateur phono \u00e0 tubes hifi. Compatible cellules phono MM et MC haute (470 Ohm) et basse (36 Ohm) imp\u00e9dance.","robots":{"index":"index","follow":"follow","max-snippet":"max-snippet:-1","max-image-preview":"max-image-preview:large","max-video-preview":"max-video-preview:-1"},"canonical":"https:\/\/exceptionaudio.fr\/site\/produit\/preampli-phono-zanden-audio-model-120\/","og_locale":"fr_FR","og_type":"article","og_title":"Zanden Audio Model 120 - Pr\u00e9amplificateur phono hifi - Exception Audio","og_description":"Zanden Audio Model 120 : Pr\u00e9amplificateur phono \u00e0 tubes hifi. Compatible cellules phono MM et MC haute (470 Ohm) et basse (36 Ohm) imp\u00e9dance.","og_url":"https:\/\/exceptionaudio.fr\/site\/produit\/preampli-phono-zanden-audio-model-120\/","og_site_name":"Exception Audio","article_publisher":"https:\/\/www.facebook.com\/ExceptionAudio","article_modified_time":"2024-05-04T10:25:10+00:00","og_image":[{"width":1000,"height":1000,"url":"https:\/\/exceptionaudio.fr\/site\/wp-content\/uploads\/2022\/05\/1.-Model-120.webp","type":"image\/webp"}],"twitter_card":"summary_large_image","schema":{"@context":"https:\/\/schema.org","@graph":[{"@type":"WebPage","@id":"https:\/\/exceptionaudio.fr\/site\/produit\/preampli-phono-zanden-audio-model-120\/","url":"https:\/\/exceptionaudio.fr\/site\/produit\/preampli-phono-zanden-audio-model-120\/","name":"Zanden Audio Model 120 - Pr\u00e9amplificateur phono hifi - Exception Audio","isPartOf":{"@id":"https:\/\/exceptionaudio.fr\/site\/#website"},"primaryImageOfPage":{"@id":"https:\/\/exceptionaudio.fr\/site\/produit\/preampli-phono-zanden-audio-model-120\/#primaryimage"},"image":{"@id":"https:\/\/exceptionaudio.fr\/site\/produit\/preampli-phono-zanden-audio-model-120\/#primaryimage"},"thumbnailUrl":"https:\/\/exceptionaudio.fr\/site\/wp-content\/uploads\/2022\/05\/1.-Model-120.webp","datePublished":"2022-01-05T10:07:32+00:00","dateModified":"2024-05-04T10:25:10+00:00","description":"Zanden Audio Model 120 : Pr\u00e9amplificateur phono \u00e0 tubes hifi. Compatible cellules phono MM et MC haute (470 Ohm) et basse (36 Ohm) imp\u00e9dance.","breadcrumb":{"@id":"https:\/\/exceptionaudio.fr\/site\/produit\/preampli-phono-zanden-audio-model-120\/#breadcrumb"},"inLanguage":"fr-FR","potentialAction":[{"@type":"ReadAction","target":["https:\/\/exceptionaudio.fr\/site\/produit\/preampli-phono-zanden-audio-model-120\/"]}]},{"@type":"ImageObject","inLanguage":"fr-FR","@id":"https:\/\/exceptionaudio.fr\/site\/produit\/preampli-phono-zanden-audio-model-120\/#primaryimage","url":"https:\/\/exceptionaudio.fr\/site\/wp-content\/uploads\/2022\/05\/1.-Model-120.webp","contentUrl":"https:\/\/exceptionaudio.fr\/site\/wp-content\/uploads\/2022\/05\/1.-Model-120.webp","width":1000,"height":1000,"caption":"pr\u00e9ampli phono vinyle Zanden Audio Model 120 Exception Audio"},{"@type":"BreadcrumbList","@id":"https:\/\/exceptionaudio.fr\/site\/produit\/preampli-phono-zanden-audio-model-120\/#breadcrumb","itemListElement":[{"@type":"ListItem","position":1,"name":"Accueil","item":"https:\/\/exceptionaudio.fr\/site\/"},{"@type":"ListItem","position":2,"name":"Boutique","item":"https:\/\/exceptionaudio.fr\/site\/boutique\/"},{"@type":"ListItem","position":3,"name":"Zanden Audio Model 120"}]},{"@type":"WebSite","@id":"https:\/\/exceptionaudio.fr\/site\/#website","url":"https:\/\/exceptionaudio.fr\/site\/","name":"Exception Audio","description":"Magasin hi-fi Antibes","publisher":{"@id":"https:\/\/exceptionaudio.fr\/site\/#organization"},"potentialAction":[{"@type":"SearchAction","target":{"@type":"EntryPoint","urlTemplate":"https:\/\/exceptionaudio.fr\/site\/?s={search_term_string}"},"query-input":{"@type":"PropertyValueSpecification","valueRequired":true,"valueName":"search_term_string"}}],"inLanguage":"fr-FR"},{"@type":"Organization","@id":"https:\/\/exceptionaudio.fr\/site\/#organization","name":"Exception Audio","url":"https:\/\/exceptionaudio.fr\/site\/","logo":{"@type":"ImageObject","inLanguage":"fr-FR","@id":"https:\/\/exceptionaudio.fr\/site\/#\/schema\/logo\/image\/","url":"https:\/\/exceptionaudio.fr\/site\/wp-content\/uploads\/2021\/10\/largeur-exception-audio-logos-noir.png","contentUrl":"https:\/\/exceptionaudio.fr\/site\/wp-content\/uploads\/2021\/10\/largeur-exception-audio-logos-noir.png","width":357,"height":54,"caption":"Exception Audio"},"image":{"@id":"https:\/\/exceptionaudio.fr\/site\/#\/schema\/logo\/image\/"},"sameAs":["https:\/\/www.facebook.com\/ExceptionAudio","https:\/\/www.instagram.com\/exception_audio\/"]}]}},"_links":{"self":[{"href":"https:\/\/exceptionaudio.fr\/site\/wp-json\/wp\/v2\/product\/6145","targetHints":{"allow":["GET"]}}],"collection":[{"href":"https:\/\/exceptionaudio.fr\/site\/wp-json\/wp\/v2\/product"}],"about":[{"href":"https:\/\/exceptionaudio.fr\/site\/wp-json\/wp\/v2\/types\/product"}],"version-history":[{"count":1,"href":"https:\/\/exceptionaudio.fr\/site\/wp-json\/wp\/v2\/product\/6145\/revisions"}],"predecessor-version":[{"id":7610,"href":"https:\/\/exceptionaudio.fr\/site\/wp-json\/wp\/v2\/product\/6145\/revisions\/7610"}],"wp:featuredmedia":[{"embeddable":true,"href":"https:\/\/exceptionaudio.fr\/site\/wp-json\/wp\/v2\/media\/6146"}],"wp:attachment":[{"href":"https:\/\/exceptionaudio.fr\/site\/wp-json\/wp\/v2\/media?parent=6145"}],"wp:term":[{"taxonomy":"product_brand","embeddable":true,"href":"https:\/\/exceptionaudio.fr\/site\/wp-json\/wp\/v2\/product_brand?post=6145"},{"taxonomy":"product_cat","embeddable":true,"href":"https:\/\/exceptionaudio.fr\/site\/wp-json\/wp\/v2\/product_cat?post=6145"},{"taxonomy":"product_tag","embeddable":true,"href":"https:\/\/exceptionaudio.fr\/site\/wp-json\/wp\/v2\/product_tag?post=6145"}],"curies":[{"name":"wp","href":"https:\/\/api.w.org\/{rel}","templated":true}]}}