{"id":6172,"date":"2022-01-14T17:53:18","date_gmt":"2022-01-14T16:53:18","guid":{"rendered":"https:\/\/exceptionaudio.fr\/site\/?post_type=product&#038;p=6172"},"modified":"2025-03-28T09:43:55","modified_gmt":"2025-03-28T08:43:55","slug":"tsuyoshi-yamamoto-trio-midnight-sugar-impex-records","status":"publish","type":"product","link":"https:\/\/exceptionaudio.fr\/site\/produit\/tsuyoshi-yamamoto-trio-midnight-sugar-impex-records\/","title":{"rendered":"Tsuyoshi Yamamoto Trio \u2013 Midnight Sugar"},"content":{"rendered":"","protected":false},"excerpt":{"rendered":"<p>Sur l&rsquo;album Midnight Sugar, Tsuyoshi Yamamoto Trio joue deux des propres improvisations de blues de Tsuyoshi, suivies de ballades de jazz qui sont devenues des standards pour le Trio. La combinaison de ces titres est exceptionnelle. Cet album\u00a0a remport\u00e9 le prix de la meilleure prise son et le prix du disque de jazz du Swing Journal en 1974. Ce trio pour piano vous fascinera avec cette grande collection de standards, sa superbe musicalit\u00e9 et ses sonorit\u00e9s impressionnantes. Midnight Sugar est l&rsquo;un des albums les plus recherch\u00e9s du c\u00e9l\u00e8bre catalogue Three Blind Mice.<\/p>\n","protected":false},"featured_media":6173,"template":"","meta":[],"product_brand":[],"product_cat":[209],"product_tag":[218],"class_list":{"0":"post-6172","1":"product","2":"type-product","3":"status-publish","4":"has-post-thumbnail","6":"product_cat-disques-vinyles-audiophiles","7":"product_tag-disques-vinyles-impex-records","9":"first","10":"outofstock","11":"taxable","12":"shipping-taxable","13":"purchasable","14":"product-type-simple"},"yoast_head":"<!-- This site is optimized with the Yoast SEO plugin v27.4 - https:\/\/yoast.com\/product\/yoast-seo-wordpress\/ -->\n<title>Tsuyoshi Yamamoto Trio \u2013 Midnight Sugar - Vinyle- Exception Audio<\/title>\n<meta name=\"description\" content=\"Tsuyoshi Yamamoto Trio Midnight Sugar : album incontournable du catalogue Three Blind Mice. Disque vinyle audiophile Impex Records.\" \/>\n<meta name=\"robots\" content=\"index, follow, max-snippet:-1, max-image-preview:large, max-video-preview:-1\" \/>\n<link rel=\"canonical\" href=\"https:\/\/exceptionaudio.fr\/site\/produit\/tsuyoshi-yamamoto-trio-midnight-sugar-impex-records\/\" \/>\n<meta property=\"og:locale\" content=\"fr_FR\" \/>\n<meta property=\"og:type\" content=\"article\" \/>\n<meta property=\"og:title\" content=\"Tsuyoshi Yamamoto Trio \u2013 Midnight Sugar - Vinyle- Exception Audio\" \/>\n<meta property=\"og:description\" content=\"Tsuyoshi Yamamoto Trio Midnight Sugar : album incontournable du catalogue Three Blind Mice. Disque vinyle audiophile Impex Records.\" \/>\n<meta property=\"og:url\" content=\"https:\/\/exceptionaudio.fr\/site\/produit\/tsuyoshi-yamamoto-trio-midnight-sugar-impex-records\/\" \/>\n<meta property=\"og:site_name\" content=\"Exception Audio\" \/>\n<meta property=\"article:publisher\" content=\"https:\/\/www.facebook.com\/ExceptionAudio\" \/>\n<meta property=\"article:modified_time\" content=\"2025-03-28T08:43:55+00:00\" \/>\n<meta property=\"og:image\" content=\"https:\/\/exceptionaudio.fr\/site\/wp-content\/uploads\/2022\/05\/Yamamoto-Tsuyoshi-Trio-Midnight-Sugar-Impex-Records.jpg\" \/>\n\t<meta property=\"og:image:width\" content=\"1000\" \/>\n\t<meta property=\"og:image:height\" content=\"1000\" \/>\n\t<meta property=\"og:image:type\" content=\"image\/jpeg\" \/>\n<meta name=\"twitter:card\" content=\"summary_large_image\" \/>\n<script type=\"application\/ld+json\" class=\"yoast-schema-graph\">{\"@context\":\"https:\\\/\\\/schema.org\",\"@graph\":[{\"@type\":\"WebPage\",\"@id\":\"https:\\\/\\\/exceptionaudio.fr\\\/site\\\/produit\\\/tsuyoshi-yamamoto-trio-midnight-sugar-impex-records\\\/\",\"url\":\"https:\\\/\\\/exceptionaudio.fr\\\/site\\\/produit\\\/tsuyoshi-yamamoto-trio-midnight-sugar-impex-records\\\/\",\"name\":\"Tsuyoshi Yamamoto Trio \u2013 Midnight Sugar - Vinyle- Exception Audio\",\"isPartOf\":{\"@id\":\"https:\\\/\\\/exceptionaudio.fr\\\/site\\\/#website\"},\"primaryImageOfPage\":{\"@id\":\"https:\\\/\\\/exceptionaudio.fr\\\/site\\\/produit\\\/tsuyoshi-yamamoto-trio-midnight-sugar-impex-records\\\/#primaryimage\"},\"image\":{\"@id\":\"https:\\\/\\\/exceptionaudio.fr\\\/site\\\/produit\\\/tsuyoshi-yamamoto-trio-midnight-sugar-impex-records\\\/#primaryimage\"},\"thumbnailUrl\":\"https:\\\/\\\/exceptionaudio.fr\\\/site\\\/wp-content\\\/uploads\\\/2022\\\/05\\\/Yamamoto-Tsuyoshi-Trio-Midnight-Sugar-Impex-Records.jpg\",\"datePublished\":\"2022-01-14T16:53:18+00:00\",\"dateModified\":\"2025-03-28T08:43:55+00:00\",\"description\":\"Tsuyoshi Yamamoto Trio Midnight Sugar : album incontournable du catalogue Three Blind Mice. Disque vinyle audiophile Impex Records.\",\"breadcrumb\":{\"@id\":\"https:\\\/\\\/exceptionaudio.fr\\\/site\\\/produit\\\/tsuyoshi-yamamoto-trio-midnight-sugar-impex-records\\\/#breadcrumb\"},\"inLanguage\":\"fr-FR\",\"potentialAction\":[{\"@type\":\"ReadAction\",\"target\":[\"https:\\\/\\\/exceptionaudio.fr\\\/site\\\/produit\\\/tsuyoshi-yamamoto-trio-midnight-sugar-impex-records\\\/\"]}]},{\"@type\":\"ImageObject\",\"inLanguage\":\"fr-FR\",\"@id\":\"https:\\\/\\\/exceptionaudio.fr\\\/site\\\/produit\\\/tsuyoshi-yamamoto-trio-midnight-sugar-impex-records\\\/#primaryimage\",\"url\":\"https:\\\/\\\/exceptionaudio.fr\\\/site\\\/wp-content\\\/uploads\\\/2022\\\/05\\\/Yamamoto-Tsuyoshi-Trio-Midnight-Sugar-Impex-Records.jpg\",\"contentUrl\":\"https:\\\/\\\/exceptionaudio.fr\\\/site\\\/wp-content\\\/uploads\\\/2022\\\/05\\\/Yamamoto-Tsuyoshi-Trio-Midnight-Sugar-Impex-Records.jpg\",\"width\":1000,\"height\":1000,\"caption\":\"Disque vinyle audiophile Yamamoto Tsuyoshi Trio Midnight Sugar Impex Records Exception Audio\"},{\"@type\":\"BreadcrumbList\",\"@id\":\"https:\\\/\\\/exceptionaudio.fr\\\/site\\\/produit\\\/tsuyoshi-yamamoto-trio-midnight-sugar-impex-records\\\/#breadcrumb\",\"itemListElement\":[{\"@type\":\"ListItem\",\"position\":1,\"name\":\"Accueil\",\"item\":\"https:\\\/\\\/exceptionaudio.fr\\\/site\\\/\"},{\"@type\":\"ListItem\",\"position\":2,\"name\":\"Boutique\",\"item\":\"https:\\\/\\\/exceptionaudio.fr\\\/site\\\/boutique\\\/\"},{\"@type\":\"ListItem\",\"position\":3,\"name\":\"Tsuyoshi Yamamoto Trio \u2013 Midnight Sugar\"}]},{\"@type\":\"WebSite\",\"@id\":\"https:\\\/\\\/exceptionaudio.fr\\\/site\\\/#website\",\"url\":\"https:\\\/\\\/exceptionaudio.fr\\\/site\\\/\",\"name\":\"Exception Audio\",\"description\":\"Magasin hi-fi Antibes\",\"publisher\":{\"@id\":\"https:\\\/\\\/exceptionaudio.fr\\\/site\\\/#organization\"},\"potentialAction\":[{\"@type\":\"SearchAction\",\"target\":{\"@type\":\"EntryPoint\",\"urlTemplate\":\"https:\\\/\\\/exceptionaudio.fr\\\/site\\\/?s={search_term_string}\"},\"query-input\":{\"@type\":\"PropertyValueSpecification\",\"valueRequired\":true,\"valueName\":\"search_term_string\"}}],\"inLanguage\":\"fr-FR\"},{\"@type\":\"Organization\",\"@id\":\"https:\\\/\\\/exceptionaudio.fr\\\/site\\\/#organization\",\"name\":\"Exception Audio\",\"url\":\"https:\\\/\\\/exceptionaudio.fr\\\/site\\\/\",\"logo\":{\"@type\":\"ImageObject\",\"inLanguage\":\"fr-FR\",\"@id\":\"https:\\\/\\\/exceptionaudio.fr\\\/site\\\/#\\\/schema\\\/logo\\\/image\\\/\",\"url\":\"https:\\\/\\\/exceptionaudio.fr\\\/site\\\/wp-content\\\/uploads\\\/2021\\\/10\\\/largeur-exception-audio-logos-noir.png\",\"contentUrl\":\"https:\\\/\\\/exceptionaudio.fr\\\/site\\\/wp-content\\\/uploads\\\/2021\\\/10\\\/largeur-exception-audio-logos-noir.png\",\"width\":357,\"height\":54,\"caption\":\"Exception Audio\"},\"image\":{\"@id\":\"https:\\\/\\\/exceptionaudio.fr\\\/site\\\/#\\\/schema\\\/logo\\\/image\\\/\"},\"sameAs\":[\"https:\\\/\\\/www.facebook.com\\\/ExceptionAudio\",\"https:\\\/\\\/www.instagram.com\\\/exception_audio\\\/\"]}]}<\/script>\n<!-- \/ Yoast SEO plugin. -->","yoast_head_json":{"title":"Tsuyoshi Yamamoto Trio \u2013 Midnight Sugar - Vinyle- Exception Audio","description":"Tsuyoshi Yamamoto Trio Midnight Sugar : album incontournable du catalogue Three Blind Mice. Disque vinyle audiophile Impex Records.","robots":{"index":"index","follow":"follow","max-snippet":"max-snippet:-1","max-image-preview":"max-image-preview:large","max-video-preview":"max-video-preview:-1"},"canonical":"https:\/\/exceptionaudio.fr\/site\/produit\/tsuyoshi-yamamoto-trio-midnight-sugar-impex-records\/","og_locale":"fr_FR","og_type":"article","og_title":"Tsuyoshi Yamamoto Trio \u2013 Midnight Sugar - Vinyle- Exception Audio","og_description":"Tsuyoshi Yamamoto Trio Midnight Sugar : album incontournable du catalogue Three Blind Mice. Disque vinyle audiophile Impex Records.","og_url":"https:\/\/exceptionaudio.fr\/site\/produit\/tsuyoshi-yamamoto-trio-midnight-sugar-impex-records\/","og_site_name":"Exception Audio","article_publisher":"https:\/\/www.facebook.com\/ExceptionAudio","article_modified_time":"2025-03-28T08:43:55+00:00","og_image":[{"width":1000,"height":1000,"url":"https:\/\/exceptionaudio.fr\/site\/wp-content\/uploads\/2022\/05\/Yamamoto-Tsuyoshi-Trio-Midnight-Sugar-Impex-Records.jpg","type":"image\/jpeg"}],"twitter_card":"summary_large_image","schema":{"@context":"https:\/\/schema.org","@graph":[{"@type":"WebPage","@id":"https:\/\/exceptionaudio.fr\/site\/produit\/tsuyoshi-yamamoto-trio-midnight-sugar-impex-records\/","url":"https:\/\/exceptionaudio.fr\/site\/produit\/tsuyoshi-yamamoto-trio-midnight-sugar-impex-records\/","name":"Tsuyoshi Yamamoto Trio \u2013 Midnight Sugar - Vinyle- Exception Audio","isPartOf":{"@id":"https:\/\/exceptionaudio.fr\/site\/#website"},"primaryImageOfPage":{"@id":"https:\/\/exceptionaudio.fr\/site\/produit\/tsuyoshi-yamamoto-trio-midnight-sugar-impex-records\/#primaryimage"},"image":{"@id":"https:\/\/exceptionaudio.fr\/site\/produit\/tsuyoshi-yamamoto-trio-midnight-sugar-impex-records\/#primaryimage"},"thumbnailUrl":"https:\/\/exceptionaudio.fr\/site\/wp-content\/uploads\/2022\/05\/Yamamoto-Tsuyoshi-Trio-Midnight-Sugar-Impex-Records.jpg","datePublished":"2022-01-14T16:53:18+00:00","dateModified":"2025-03-28T08:43:55+00:00","description":"Tsuyoshi Yamamoto Trio Midnight Sugar : album incontournable du catalogue Three Blind Mice. Disque vinyle audiophile Impex Records.","breadcrumb":{"@id":"https:\/\/exceptionaudio.fr\/site\/produit\/tsuyoshi-yamamoto-trio-midnight-sugar-impex-records\/#breadcrumb"},"inLanguage":"fr-FR","potentialAction":[{"@type":"ReadAction","target":["https:\/\/exceptionaudio.fr\/site\/produit\/tsuyoshi-yamamoto-trio-midnight-sugar-impex-records\/"]}]},{"@type":"ImageObject","inLanguage":"fr-FR","@id":"https:\/\/exceptionaudio.fr\/site\/produit\/tsuyoshi-yamamoto-trio-midnight-sugar-impex-records\/#primaryimage","url":"https:\/\/exceptionaudio.fr\/site\/wp-content\/uploads\/2022\/05\/Yamamoto-Tsuyoshi-Trio-Midnight-Sugar-Impex-Records.jpg","contentUrl":"https:\/\/exceptionaudio.fr\/site\/wp-content\/uploads\/2022\/05\/Yamamoto-Tsuyoshi-Trio-Midnight-Sugar-Impex-Records.jpg","width":1000,"height":1000,"caption":"Disque vinyle audiophile Yamamoto Tsuyoshi Trio Midnight Sugar Impex Records Exception Audio"},{"@type":"BreadcrumbList","@id":"https:\/\/exceptionaudio.fr\/site\/produit\/tsuyoshi-yamamoto-trio-midnight-sugar-impex-records\/#breadcrumb","itemListElement":[{"@type":"ListItem","position":1,"name":"Accueil","item":"https:\/\/exceptionaudio.fr\/site\/"},{"@type":"ListItem","position":2,"name":"Boutique","item":"https:\/\/exceptionaudio.fr\/site\/boutique\/"},{"@type":"ListItem","position":3,"name":"Tsuyoshi Yamamoto Trio \u2013 Midnight Sugar"}]},{"@type":"WebSite","@id":"https:\/\/exceptionaudio.fr\/site\/#website","url":"https:\/\/exceptionaudio.fr\/site\/","name":"Exception Audio","description":"Magasin hi-fi Antibes","publisher":{"@id":"https:\/\/exceptionaudio.fr\/site\/#organization"},"potentialAction":[{"@type":"SearchAction","target":{"@type":"EntryPoint","urlTemplate":"https:\/\/exceptionaudio.fr\/site\/?s={search_term_string}"},"query-input":{"@type":"PropertyValueSpecification","valueRequired":true,"valueName":"search_term_string"}}],"inLanguage":"fr-FR"},{"@type":"Organization","@id":"https:\/\/exceptionaudio.fr\/site\/#organization","name":"Exception Audio","url":"https:\/\/exceptionaudio.fr\/site\/","logo":{"@type":"ImageObject","inLanguage":"fr-FR","@id":"https:\/\/exceptionaudio.fr\/site\/#\/schema\/logo\/image\/","url":"https:\/\/exceptionaudio.fr\/site\/wp-content\/uploads\/2021\/10\/largeur-exception-audio-logos-noir.png","contentUrl":"https:\/\/exceptionaudio.fr\/site\/wp-content\/uploads\/2021\/10\/largeur-exception-audio-logos-noir.png","width":357,"height":54,"caption":"Exception Audio"},"image":{"@id":"https:\/\/exceptionaudio.fr\/site\/#\/schema\/logo\/image\/"},"sameAs":["https:\/\/www.facebook.com\/ExceptionAudio","https:\/\/www.instagram.com\/exception_audio\/"]}]}},"_links":{"self":[{"href":"https:\/\/exceptionaudio.fr\/site\/wp-json\/wp\/v2\/product\/6172","targetHints":{"allow":["GET"]}}],"collection":[{"href":"https:\/\/exceptionaudio.fr\/site\/wp-json\/wp\/v2\/product"}],"about":[{"href":"https:\/\/exceptionaudio.fr\/site\/wp-json\/wp\/v2\/types\/product"}],"version-history":[{"count":1,"href":"https:\/\/exceptionaudio.fr\/site\/wp-json\/wp\/v2\/product\/6172\/revisions"}],"predecessor-version":[{"id":9473,"href":"https:\/\/exceptionaudio.fr\/site\/wp-json\/wp\/v2\/product\/6172\/revisions\/9473"}],"wp:featuredmedia":[{"embeddable":true,"href":"https:\/\/exceptionaudio.fr\/site\/wp-json\/wp\/v2\/media\/6173"}],"wp:attachment":[{"href":"https:\/\/exceptionaudio.fr\/site\/wp-json\/wp\/v2\/media?parent=6172"}],"wp:term":[{"taxonomy":"product_brand","embeddable":true,"href":"https:\/\/exceptionaudio.fr\/site\/wp-json\/wp\/v2\/product_brand?post=6172"},{"taxonomy":"product_cat","embeddable":true,"href":"https:\/\/exceptionaudio.fr\/site\/wp-json\/wp\/v2\/product_cat?post=6172"},{"taxonomy":"product_tag","embeddable":true,"href":"https:\/\/exceptionaudio.fr\/site\/wp-json\/wp\/v2\/product_tag?post=6172"}],"curies":[{"name":"wp","href":"https:\/\/api.w.org\/{rel}","templated":true}]}}