{"id":6362,"date":"2022-01-25T15:43:57","date_gmt":"2022-01-25T14:43:57","guid":{"rendered":"https:\/\/exceptionaudio.fr\/site\/?post_type=product&#038;p=6362"},"modified":"2024-05-04T12:26:49","modified_gmt":"2024-05-04T10:26:49","slug":"zanden-audio-zva-1","status":"publish","type":"product","link":"https:\/\/exceptionaudio.fr\/site\/produit\/zanden-audio-zva-1\/","title":{"rendered":"Zanden Audio ZVA-1"},"content":{"rendered":"","protected":false},"excerpt":{"rendered":"<p style=\"font-weight: 400;\">Le Zanden Audio ZVA-1 est un accessoire de d\u00e9couplage r\u00e9alis\u00e9 en Hanenite, un mat\u00e9riau \u00e9lastique permettant d\u2019\u00e9liminer les vibrations ind\u00e9sirables. Ils sont con\u00e7us pour une utilisation sous diff\u00e9rents \u00e9lectroniques hifi, comme par exemple des amplificateurs, lecteurs\/transports CD, lecteurs r\u00e9seau, DAC\/convertisseurs ou encore des alimentations mais aussi sous des platines vinyles \u2026<\/p>\n","protected":false},"featured_media":6363,"template":"","meta":[],"product_brand":[],"product_cat":[238],"product_tag":[198],"class_list":{"0":"post-6362","1":"product","2":"type-product","3":"status-publish","4":"has-post-thumbnail","6":"product_cat-accessoires-de-decouplage","7":"product_tag-zanden-audio","9":"first","10":"instock","11":"taxable","12":"shipping-taxable","13":"purchasable","14":"product-type-simple"},"yoast_head":"<!-- This site is optimized with the Yoast SEO plugin v27.4 - https:\/\/yoast.com\/product\/yoast-seo-wordpress\/ -->\n<title>Zanden Audio ZVA-1 - Pieds de d\u00e9couplage hifi - Exception Audio<\/title>\n<meta name=\"description\" content=\"Zanden Audio ZVA-1 : Accessoire de d\u00e9couplage hifi permettant d\u2019\u00e9liminer les vibrations ind\u00e9sirables sous les ampli, lecteurs CD, DAC ...\" \/>\n<meta name=\"robots\" content=\"index, follow, max-snippet:-1, max-image-preview:large, max-video-preview:-1\" \/>\n<link rel=\"canonical\" href=\"https:\/\/exceptionaudio.fr\/site\/produit\/zanden-audio-zva-1\/\" \/>\n<meta property=\"og:locale\" content=\"fr_FR\" \/>\n<meta property=\"og:type\" content=\"article\" \/>\n<meta property=\"og:title\" content=\"Zanden Audio ZVA-1 - Pieds de d\u00e9couplage hifi - Exception Audio\" \/>\n<meta property=\"og:description\" content=\"Zanden Audio ZVA-1 : Accessoire de d\u00e9couplage hifi permettant d\u2019\u00e9liminer les vibrations ind\u00e9sirables sous les ampli, lecteurs CD, DAC ...\" \/>\n<meta property=\"og:url\" content=\"https:\/\/exceptionaudio.fr\/site\/produit\/zanden-audio-zva-1\/\" \/>\n<meta property=\"og:site_name\" content=\"Exception Audio\" \/>\n<meta property=\"article:publisher\" content=\"https:\/\/www.facebook.com\/ExceptionAudio\" \/>\n<meta property=\"article:modified_time\" content=\"2024-05-04T10:26:49+00:00\" \/>\n<meta property=\"og:image\" content=\"https:\/\/exceptionaudio.fr\/site\/wp-content\/uploads\/2022\/06\/Zanden-Audio-ZVA-1.jpg\" \/>\n\t<meta property=\"og:image:width\" content=\"1000\" \/>\n\t<meta property=\"og:image:height\" content=\"1000\" \/>\n\t<meta property=\"og:image:type\" content=\"image\/jpeg\" \/>\n<meta name=\"twitter:card\" content=\"summary_large_image\" \/>\n<script type=\"application\/ld+json\" class=\"yoast-schema-graph\">{\"@context\":\"https:\\\/\\\/schema.org\",\"@graph\":[{\"@type\":\"WebPage\",\"@id\":\"https:\\\/\\\/exceptionaudio.fr\\\/site\\\/produit\\\/zanden-audio-zva-1\\\/\",\"url\":\"https:\\\/\\\/exceptionaudio.fr\\\/site\\\/produit\\\/zanden-audio-zva-1\\\/\",\"name\":\"Zanden Audio ZVA-1 - Pieds de d\u00e9couplage hifi - Exception Audio\",\"isPartOf\":{\"@id\":\"https:\\\/\\\/exceptionaudio.fr\\\/site\\\/#website\"},\"primaryImageOfPage\":{\"@id\":\"https:\\\/\\\/exceptionaudio.fr\\\/site\\\/produit\\\/zanden-audio-zva-1\\\/#primaryimage\"},\"image\":{\"@id\":\"https:\\\/\\\/exceptionaudio.fr\\\/site\\\/produit\\\/zanden-audio-zva-1\\\/#primaryimage\"},\"thumbnailUrl\":\"https:\\\/\\\/exceptionaudio.fr\\\/site\\\/wp-content\\\/uploads\\\/2022\\\/06\\\/Zanden-Audio-ZVA-1.jpg\",\"datePublished\":\"2022-01-25T14:43:57+00:00\",\"dateModified\":\"2024-05-04T10:26:49+00:00\",\"description\":\"Zanden Audio ZVA-1 : Accessoire de d\u00e9couplage hifi permettant d\u2019\u00e9liminer les vibrations ind\u00e9sirables sous les ampli, lecteurs CD, DAC ...\",\"breadcrumb\":{\"@id\":\"https:\\\/\\\/exceptionaudio.fr\\\/site\\\/produit\\\/zanden-audio-zva-1\\\/#breadcrumb\"},\"inLanguage\":\"fr-FR\",\"potentialAction\":[{\"@type\":\"ReadAction\",\"target\":[\"https:\\\/\\\/exceptionaudio.fr\\\/site\\\/produit\\\/zanden-audio-zva-1\\\/\"]}]},{\"@type\":\"ImageObject\",\"inLanguage\":\"fr-FR\",\"@id\":\"https:\\\/\\\/exceptionaudio.fr\\\/site\\\/produit\\\/zanden-audio-zva-1\\\/#primaryimage\",\"url\":\"https:\\\/\\\/exceptionaudio.fr\\\/site\\\/wp-content\\\/uploads\\\/2022\\\/06\\\/Zanden-Audio-ZVA-1.jpg\",\"contentUrl\":\"https:\\\/\\\/exceptionaudio.fr\\\/site\\\/wp-content\\\/uploads\\\/2022\\\/06\\\/Zanden-Audio-ZVA-1.jpg\",\"width\":1000,\"height\":1000,\"caption\":\"pieds de d\u00e9couplage hifi Zanden Audio ZVA-1\"},{\"@type\":\"BreadcrumbList\",\"@id\":\"https:\\\/\\\/exceptionaudio.fr\\\/site\\\/produit\\\/zanden-audio-zva-1\\\/#breadcrumb\",\"itemListElement\":[{\"@type\":\"ListItem\",\"position\":1,\"name\":\"Accueil\",\"item\":\"https:\\\/\\\/exceptionaudio.fr\\\/site\\\/\"},{\"@type\":\"ListItem\",\"position\":2,\"name\":\"Boutique\",\"item\":\"https:\\\/\\\/exceptionaudio.fr\\\/site\\\/boutique\\\/\"},{\"@type\":\"ListItem\",\"position\":3,\"name\":\"Zanden Audio ZVA-1\"}]},{\"@type\":\"WebSite\",\"@id\":\"https:\\\/\\\/exceptionaudio.fr\\\/site\\\/#website\",\"url\":\"https:\\\/\\\/exceptionaudio.fr\\\/site\\\/\",\"name\":\"Exception Audio\",\"description\":\"Magasin hi-fi Antibes\",\"publisher\":{\"@id\":\"https:\\\/\\\/exceptionaudio.fr\\\/site\\\/#organization\"},\"potentialAction\":[{\"@type\":\"SearchAction\",\"target\":{\"@type\":\"EntryPoint\",\"urlTemplate\":\"https:\\\/\\\/exceptionaudio.fr\\\/site\\\/?s={search_term_string}\"},\"query-input\":{\"@type\":\"PropertyValueSpecification\",\"valueRequired\":true,\"valueName\":\"search_term_string\"}}],\"inLanguage\":\"fr-FR\"},{\"@type\":\"Organization\",\"@id\":\"https:\\\/\\\/exceptionaudio.fr\\\/site\\\/#organization\",\"name\":\"Exception Audio\",\"url\":\"https:\\\/\\\/exceptionaudio.fr\\\/site\\\/\",\"logo\":{\"@type\":\"ImageObject\",\"inLanguage\":\"fr-FR\",\"@id\":\"https:\\\/\\\/exceptionaudio.fr\\\/site\\\/#\\\/schema\\\/logo\\\/image\\\/\",\"url\":\"https:\\\/\\\/exceptionaudio.fr\\\/site\\\/wp-content\\\/uploads\\\/2021\\\/10\\\/largeur-exception-audio-logos-noir.png\",\"contentUrl\":\"https:\\\/\\\/exceptionaudio.fr\\\/site\\\/wp-content\\\/uploads\\\/2021\\\/10\\\/largeur-exception-audio-logos-noir.png\",\"width\":357,\"height\":54,\"caption\":\"Exception Audio\"},\"image\":{\"@id\":\"https:\\\/\\\/exceptionaudio.fr\\\/site\\\/#\\\/schema\\\/logo\\\/image\\\/\"},\"sameAs\":[\"https:\\\/\\\/www.facebook.com\\\/ExceptionAudio\",\"https:\\\/\\\/www.instagram.com\\\/exception_audio\\\/\"]}]}<\/script>\n<!-- \/ Yoast SEO plugin. -->","yoast_head_json":{"title":"Zanden Audio ZVA-1 - Pieds de d\u00e9couplage hifi - Exception Audio","description":"Zanden Audio ZVA-1 : Accessoire de d\u00e9couplage hifi permettant d\u2019\u00e9liminer les vibrations ind\u00e9sirables sous les ampli, lecteurs CD, DAC ...","robots":{"index":"index","follow":"follow","max-snippet":"max-snippet:-1","max-image-preview":"max-image-preview:large","max-video-preview":"max-video-preview:-1"},"canonical":"https:\/\/exceptionaudio.fr\/site\/produit\/zanden-audio-zva-1\/","og_locale":"fr_FR","og_type":"article","og_title":"Zanden Audio ZVA-1 - Pieds de d\u00e9couplage hifi - Exception Audio","og_description":"Zanden Audio ZVA-1 : Accessoire de d\u00e9couplage hifi permettant d\u2019\u00e9liminer les vibrations ind\u00e9sirables sous les ampli, lecteurs CD, DAC ...","og_url":"https:\/\/exceptionaudio.fr\/site\/produit\/zanden-audio-zva-1\/","og_site_name":"Exception Audio","article_publisher":"https:\/\/www.facebook.com\/ExceptionAudio","article_modified_time":"2024-05-04T10:26:49+00:00","og_image":[{"width":1000,"height":1000,"url":"https:\/\/exceptionaudio.fr\/site\/wp-content\/uploads\/2022\/06\/Zanden-Audio-ZVA-1.jpg","type":"image\/jpeg"}],"twitter_card":"summary_large_image","schema":{"@context":"https:\/\/schema.org","@graph":[{"@type":"WebPage","@id":"https:\/\/exceptionaudio.fr\/site\/produit\/zanden-audio-zva-1\/","url":"https:\/\/exceptionaudio.fr\/site\/produit\/zanden-audio-zva-1\/","name":"Zanden Audio ZVA-1 - Pieds de d\u00e9couplage hifi - Exception Audio","isPartOf":{"@id":"https:\/\/exceptionaudio.fr\/site\/#website"},"primaryImageOfPage":{"@id":"https:\/\/exceptionaudio.fr\/site\/produit\/zanden-audio-zva-1\/#primaryimage"},"image":{"@id":"https:\/\/exceptionaudio.fr\/site\/produit\/zanden-audio-zva-1\/#primaryimage"},"thumbnailUrl":"https:\/\/exceptionaudio.fr\/site\/wp-content\/uploads\/2022\/06\/Zanden-Audio-ZVA-1.jpg","datePublished":"2022-01-25T14:43:57+00:00","dateModified":"2024-05-04T10:26:49+00:00","description":"Zanden Audio ZVA-1 : Accessoire de d\u00e9couplage hifi permettant d\u2019\u00e9liminer les vibrations ind\u00e9sirables sous les ampli, lecteurs CD, DAC ...","breadcrumb":{"@id":"https:\/\/exceptionaudio.fr\/site\/produit\/zanden-audio-zva-1\/#breadcrumb"},"inLanguage":"fr-FR","potentialAction":[{"@type":"ReadAction","target":["https:\/\/exceptionaudio.fr\/site\/produit\/zanden-audio-zva-1\/"]}]},{"@type":"ImageObject","inLanguage":"fr-FR","@id":"https:\/\/exceptionaudio.fr\/site\/produit\/zanden-audio-zva-1\/#primaryimage","url":"https:\/\/exceptionaudio.fr\/site\/wp-content\/uploads\/2022\/06\/Zanden-Audio-ZVA-1.jpg","contentUrl":"https:\/\/exceptionaudio.fr\/site\/wp-content\/uploads\/2022\/06\/Zanden-Audio-ZVA-1.jpg","width":1000,"height":1000,"caption":"pieds de d\u00e9couplage hifi Zanden Audio ZVA-1"},{"@type":"BreadcrumbList","@id":"https:\/\/exceptionaudio.fr\/site\/produit\/zanden-audio-zva-1\/#breadcrumb","itemListElement":[{"@type":"ListItem","position":1,"name":"Accueil","item":"https:\/\/exceptionaudio.fr\/site\/"},{"@type":"ListItem","position":2,"name":"Boutique","item":"https:\/\/exceptionaudio.fr\/site\/boutique\/"},{"@type":"ListItem","position":3,"name":"Zanden Audio ZVA-1"}]},{"@type":"WebSite","@id":"https:\/\/exceptionaudio.fr\/site\/#website","url":"https:\/\/exceptionaudio.fr\/site\/","name":"Exception Audio","description":"Magasin hi-fi Antibes","publisher":{"@id":"https:\/\/exceptionaudio.fr\/site\/#organization"},"potentialAction":[{"@type":"SearchAction","target":{"@type":"EntryPoint","urlTemplate":"https:\/\/exceptionaudio.fr\/site\/?s={search_term_string}"},"query-input":{"@type":"PropertyValueSpecification","valueRequired":true,"valueName":"search_term_string"}}],"inLanguage":"fr-FR"},{"@type":"Organization","@id":"https:\/\/exceptionaudio.fr\/site\/#organization","name":"Exception Audio","url":"https:\/\/exceptionaudio.fr\/site\/","logo":{"@type":"ImageObject","inLanguage":"fr-FR","@id":"https:\/\/exceptionaudio.fr\/site\/#\/schema\/logo\/image\/","url":"https:\/\/exceptionaudio.fr\/site\/wp-content\/uploads\/2021\/10\/largeur-exception-audio-logos-noir.png","contentUrl":"https:\/\/exceptionaudio.fr\/site\/wp-content\/uploads\/2021\/10\/largeur-exception-audio-logos-noir.png","width":357,"height":54,"caption":"Exception Audio"},"image":{"@id":"https:\/\/exceptionaudio.fr\/site\/#\/schema\/logo\/image\/"},"sameAs":["https:\/\/www.facebook.com\/ExceptionAudio","https:\/\/www.instagram.com\/exception_audio\/"]}]}},"_links":{"self":[{"href":"https:\/\/exceptionaudio.fr\/site\/wp-json\/wp\/v2\/product\/6362","targetHints":{"allow":["GET"]}}],"collection":[{"href":"https:\/\/exceptionaudio.fr\/site\/wp-json\/wp\/v2\/product"}],"about":[{"href":"https:\/\/exceptionaudio.fr\/site\/wp-json\/wp\/v2\/types\/product"}],"version-history":[{"count":1,"href":"https:\/\/exceptionaudio.fr\/site\/wp-json\/wp\/v2\/product\/6362\/revisions"}],"predecessor-version":[{"id":7649,"href":"https:\/\/exceptionaudio.fr\/site\/wp-json\/wp\/v2\/product\/6362\/revisions\/7649"}],"wp:featuredmedia":[{"embeddable":true,"href":"https:\/\/exceptionaudio.fr\/site\/wp-json\/wp\/v2\/media\/6363"}],"wp:attachment":[{"href":"https:\/\/exceptionaudio.fr\/site\/wp-json\/wp\/v2\/media?parent=6362"}],"wp:term":[{"taxonomy":"product_brand","embeddable":true,"href":"https:\/\/exceptionaudio.fr\/site\/wp-json\/wp\/v2\/product_brand?post=6362"},{"taxonomy":"product_cat","embeddable":true,"href":"https:\/\/exceptionaudio.fr\/site\/wp-json\/wp\/v2\/product_cat?post=6362"},{"taxonomy":"product_tag","embeddable":true,"href":"https:\/\/exceptionaudio.fr\/site\/wp-json\/wp\/v2\/product_tag?post=6362"}],"curies":[{"name":"wp","href":"https:\/\/api.w.org\/{rel}","templated":true}]}}