{"id":6777,"date":"2022-10-14T13:58:59","date_gmt":"2022-10-14T11:58:59","guid":{"rendered":"https:\/\/exceptionaudio.fr\/site\/?post_type=product&#038;p=6777"},"modified":"2024-05-04T12:03:42","modified_gmt":"2024-05-04T10:03:42","slug":"silent-angel-bonn-n8","status":"publish","type":"product","link":"https:\/\/exceptionaudio.fr\/site\/produit\/silent-angel-bonn-n8\/","title":{"rendered":"Silent Angel Bonn N8"},"content":{"rendered":"","protected":false},"excerpt":{"rendered":"<p style=\"font-weight: 400;\">Le Silent Angel Bonn N8 est le <a href=\"https:\/\/exceptionaudio.fr\/site\/categorie-produit\/switch-audiophile\/\">switch audiophile<\/a> le plus accessible con\u00e7u pour les m\u00e9lomanes qui souhaitent obtenir le meilleur de leur source hifi num\u00e9rique. Le Bonn N8 permet de cr\u00e9er un r\u00e9seau stable et isol\u00e9 au sein de son syst\u00e8me hifi. Cela permet de transmettre des donn\u00e9es avec moins d&rsquo;interf\u00e9rences, synchronis\u00e9es avec pr\u00e9cision, et de maximiser le potentiel des syst\u00e8mes hifi num\u00e9riques. Si vous avez un streamer \/ DAC de qualit\u00e9 ne passez pas \u00e0 c\u00f4te de ce switch \u00ab accessible \u00bb\u00a0!<\/p>\n","protected":false},"featured_media":6783,"template":"","meta":[],"product_brand":[],"product_cat":[225,230],"product_tag":[229],"class_list":{"0":"post-6777","1":"product","2":"type-product","3":"status-publish","4":"has-post-thumbnail","6":"product_cat-accessoires-hifi","7":"product_cat-switch-audiophile","8":"product_tag-silent-angel","10":"first","11":"instock","12":"taxable","13":"shipping-taxable","14":"purchasable","15":"product-type-variable"},"yoast_head":"<!-- This site is optimized with the Yoast SEO plugin v27.3 - https:\/\/yoast.com\/product\/yoast-seo-wordpress\/ -->\n<title>Silent Angel Bonn N8 - Switch audiophile - Exception Audio<\/title>\n<meta name=\"description\" content=\"Silent Angel Bonn N8 : switch ethernet audiophile accessible con\u00e7u pour les m\u00e9lomanes qui souhaitent obtenir le meilleur de leurs sources hifi num\u00e9riques.\" \/>\n<meta name=\"robots\" content=\"index, follow, max-snippet:-1, max-image-preview:large, max-video-preview:-1\" \/>\n<link rel=\"canonical\" href=\"https:\/\/exceptionaudio.fr\/site\/produit\/silent-angel-bonn-n8\/\" \/>\n<meta property=\"og:locale\" content=\"fr_FR\" \/>\n<meta property=\"og:type\" content=\"article\" \/>\n<meta property=\"og:title\" content=\"Silent Angel Bonn N8 - Switch audiophile - Exception Audio\" \/>\n<meta property=\"og:description\" content=\"Silent Angel Bonn N8 : switch ethernet audiophile accessible con\u00e7u pour les m\u00e9lomanes qui souhaitent obtenir le meilleur de leurs sources hifi num\u00e9riques.\" \/>\n<meta property=\"og:url\" content=\"https:\/\/exceptionaudio.fr\/site\/produit\/silent-angel-bonn-n8\/\" \/>\n<meta property=\"og:site_name\" content=\"Exception Audio\" \/>\n<meta property=\"article:publisher\" content=\"https:\/\/www.facebook.com\/ExceptionAudio\" \/>\n<meta property=\"article:modified_time\" content=\"2024-05-04T10:03:42+00:00\" \/>\n<meta property=\"og:image\" content=\"https:\/\/exceptionaudio.fr\/site\/wp-content\/uploads\/2022\/10\/Silent-Angel-Bonn-N8.jpg\" \/>\n\t<meta property=\"og:image:width\" content=\"1000\" \/>\n\t<meta property=\"og:image:height\" content=\"1000\" \/>\n\t<meta property=\"og:image:type\" content=\"image\/jpeg\" \/>\n<meta name=\"twitter:card\" content=\"summary_large_image\" \/>\n<script type=\"application\/ld+json\" class=\"yoast-schema-graph\">{\"@context\":\"https:\\\/\\\/schema.org\",\"@graph\":[{\"@type\":\"WebPage\",\"@id\":\"https:\\\/\\\/exceptionaudio.fr\\\/site\\\/produit\\\/silent-angel-bonn-n8\\\/\",\"url\":\"https:\\\/\\\/exceptionaudio.fr\\\/site\\\/produit\\\/silent-angel-bonn-n8\\\/\",\"name\":\"Silent Angel Bonn N8 - Switch audiophile - Exception Audio\",\"isPartOf\":{\"@id\":\"https:\\\/\\\/exceptionaudio.fr\\\/site\\\/#website\"},\"primaryImageOfPage\":{\"@id\":\"https:\\\/\\\/exceptionaudio.fr\\\/site\\\/produit\\\/silent-angel-bonn-n8\\\/#primaryimage\"},\"image\":{\"@id\":\"https:\\\/\\\/exceptionaudio.fr\\\/site\\\/produit\\\/silent-angel-bonn-n8\\\/#primaryimage\"},\"thumbnailUrl\":\"https:\\\/\\\/exceptionaudio.fr\\\/site\\\/wp-content\\\/uploads\\\/2022\\\/10\\\/Silent-Angel-Bonn-N8.jpg\",\"datePublished\":\"2022-10-14T11:58:59+00:00\",\"dateModified\":\"2024-05-04T10:03:42+00:00\",\"description\":\"Silent Angel Bonn N8 : switch ethernet audiophile accessible con\u00e7u pour les m\u00e9lomanes qui souhaitent obtenir le meilleur de leurs sources hifi num\u00e9riques.\",\"breadcrumb\":{\"@id\":\"https:\\\/\\\/exceptionaudio.fr\\\/site\\\/produit\\\/silent-angel-bonn-n8\\\/#breadcrumb\"},\"inLanguage\":\"fr-FR\",\"potentialAction\":[{\"@type\":\"ReadAction\",\"target\":[\"https:\\\/\\\/exceptionaudio.fr\\\/site\\\/produit\\\/silent-angel-bonn-n8\\\/\"]}]},{\"@type\":\"ImageObject\",\"inLanguage\":\"fr-FR\",\"@id\":\"https:\\\/\\\/exceptionaudio.fr\\\/site\\\/produit\\\/silent-angel-bonn-n8\\\/#primaryimage\",\"url\":\"https:\\\/\\\/exceptionaudio.fr\\\/site\\\/wp-content\\\/uploads\\\/2022\\\/10\\\/Silent-Angel-Bonn-N8.jpg\",\"contentUrl\":\"https:\\\/\\\/exceptionaudio.fr\\\/site\\\/wp-content\\\/uploads\\\/2022\\\/10\\\/Silent-Angel-Bonn-N8.jpg\",\"width\":1000,\"height\":1000,\"caption\":\"Switch ethernet RJ45 audiophile hifi Silent Angel Bonn N8\"},{\"@type\":\"BreadcrumbList\",\"@id\":\"https:\\\/\\\/exceptionaudio.fr\\\/site\\\/produit\\\/silent-angel-bonn-n8\\\/#breadcrumb\",\"itemListElement\":[{\"@type\":\"ListItem\",\"position\":1,\"name\":\"Accueil\",\"item\":\"https:\\\/\\\/exceptionaudio.fr\\\/site\\\/\"},{\"@type\":\"ListItem\",\"position\":2,\"name\":\"Boutique\",\"item\":\"https:\\\/\\\/exceptionaudio.fr\\\/site\\\/boutique\\\/\"},{\"@type\":\"ListItem\",\"position\":3,\"name\":\"Silent Angel Bonn N8\"}]},{\"@type\":\"WebSite\",\"@id\":\"https:\\\/\\\/exceptionaudio.fr\\\/site\\\/#website\",\"url\":\"https:\\\/\\\/exceptionaudio.fr\\\/site\\\/\",\"name\":\"Exception Audio\",\"description\":\"Magasin hi-fi Antibes\",\"publisher\":{\"@id\":\"https:\\\/\\\/exceptionaudio.fr\\\/site\\\/#organization\"},\"potentialAction\":[{\"@type\":\"SearchAction\",\"target\":{\"@type\":\"EntryPoint\",\"urlTemplate\":\"https:\\\/\\\/exceptionaudio.fr\\\/site\\\/?s={search_term_string}\"},\"query-input\":{\"@type\":\"PropertyValueSpecification\",\"valueRequired\":true,\"valueName\":\"search_term_string\"}}],\"inLanguage\":\"fr-FR\"},{\"@type\":\"Organization\",\"@id\":\"https:\\\/\\\/exceptionaudio.fr\\\/site\\\/#organization\",\"name\":\"Exception Audio\",\"url\":\"https:\\\/\\\/exceptionaudio.fr\\\/site\\\/\",\"logo\":{\"@type\":\"ImageObject\",\"inLanguage\":\"fr-FR\",\"@id\":\"https:\\\/\\\/exceptionaudio.fr\\\/site\\\/#\\\/schema\\\/logo\\\/image\\\/\",\"url\":\"https:\\\/\\\/exceptionaudio.fr\\\/site\\\/wp-content\\\/uploads\\\/2021\\\/10\\\/largeur-exception-audio-logos-noir.png\",\"contentUrl\":\"https:\\\/\\\/exceptionaudio.fr\\\/site\\\/wp-content\\\/uploads\\\/2021\\\/10\\\/largeur-exception-audio-logos-noir.png\",\"width\":357,\"height\":54,\"caption\":\"Exception Audio\"},\"image\":{\"@id\":\"https:\\\/\\\/exceptionaudio.fr\\\/site\\\/#\\\/schema\\\/logo\\\/image\\\/\"},\"sameAs\":[\"https:\\\/\\\/www.facebook.com\\\/ExceptionAudio\",\"https:\\\/\\\/www.instagram.com\\\/exception_audio\\\/\"]}]}<\/script>\n<!-- \/ Yoast SEO plugin. -->","yoast_head_json":{"title":"Silent Angel Bonn N8 - Switch audiophile - Exception Audio","description":"Silent Angel Bonn N8 : switch ethernet audiophile accessible con\u00e7u pour les m\u00e9lomanes qui souhaitent obtenir le meilleur de leurs sources hifi num\u00e9riques.","robots":{"index":"index","follow":"follow","max-snippet":"max-snippet:-1","max-image-preview":"max-image-preview:large","max-video-preview":"max-video-preview:-1"},"canonical":"https:\/\/exceptionaudio.fr\/site\/produit\/silent-angel-bonn-n8\/","og_locale":"fr_FR","og_type":"article","og_title":"Silent Angel Bonn N8 - Switch audiophile - Exception Audio","og_description":"Silent Angel Bonn N8 : switch ethernet audiophile accessible con\u00e7u pour les m\u00e9lomanes qui souhaitent obtenir le meilleur de leurs sources hifi num\u00e9riques.","og_url":"https:\/\/exceptionaudio.fr\/site\/produit\/silent-angel-bonn-n8\/","og_site_name":"Exception Audio","article_publisher":"https:\/\/www.facebook.com\/ExceptionAudio","article_modified_time":"2024-05-04T10:03:42+00:00","og_image":[{"width":1000,"height":1000,"url":"https:\/\/exceptionaudio.fr\/site\/wp-content\/uploads\/2022\/10\/Silent-Angel-Bonn-N8.jpg","type":"image\/jpeg"}],"twitter_card":"summary_large_image","schema":{"@context":"https:\/\/schema.org","@graph":[{"@type":"WebPage","@id":"https:\/\/exceptionaudio.fr\/site\/produit\/silent-angel-bonn-n8\/","url":"https:\/\/exceptionaudio.fr\/site\/produit\/silent-angel-bonn-n8\/","name":"Silent Angel Bonn N8 - Switch audiophile - Exception Audio","isPartOf":{"@id":"https:\/\/exceptionaudio.fr\/site\/#website"},"primaryImageOfPage":{"@id":"https:\/\/exceptionaudio.fr\/site\/produit\/silent-angel-bonn-n8\/#primaryimage"},"image":{"@id":"https:\/\/exceptionaudio.fr\/site\/produit\/silent-angel-bonn-n8\/#primaryimage"},"thumbnailUrl":"https:\/\/exceptionaudio.fr\/site\/wp-content\/uploads\/2022\/10\/Silent-Angel-Bonn-N8.jpg","datePublished":"2022-10-14T11:58:59+00:00","dateModified":"2024-05-04T10:03:42+00:00","description":"Silent Angel Bonn N8 : switch ethernet audiophile accessible con\u00e7u pour les m\u00e9lomanes qui souhaitent obtenir le meilleur de leurs sources hifi num\u00e9riques.","breadcrumb":{"@id":"https:\/\/exceptionaudio.fr\/site\/produit\/silent-angel-bonn-n8\/#breadcrumb"},"inLanguage":"fr-FR","potentialAction":[{"@type":"ReadAction","target":["https:\/\/exceptionaudio.fr\/site\/produit\/silent-angel-bonn-n8\/"]}]},{"@type":"ImageObject","inLanguage":"fr-FR","@id":"https:\/\/exceptionaudio.fr\/site\/produit\/silent-angel-bonn-n8\/#primaryimage","url":"https:\/\/exceptionaudio.fr\/site\/wp-content\/uploads\/2022\/10\/Silent-Angel-Bonn-N8.jpg","contentUrl":"https:\/\/exceptionaudio.fr\/site\/wp-content\/uploads\/2022\/10\/Silent-Angel-Bonn-N8.jpg","width":1000,"height":1000,"caption":"Switch ethernet RJ45 audiophile hifi Silent Angel Bonn N8"},{"@type":"BreadcrumbList","@id":"https:\/\/exceptionaudio.fr\/site\/produit\/silent-angel-bonn-n8\/#breadcrumb","itemListElement":[{"@type":"ListItem","position":1,"name":"Accueil","item":"https:\/\/exceptionaudio.fr\/site\/"},{"@type":"ListItem","position":2,"name":"Boutique","item":"https:\/\/exceptionaudio.fr\/site\/boutique\/"},{"@type":"ListItem","position":3,"name":"Silent Angel Bonn N8"}]},{"@type":"WebSite","@id":"https:\/\/exceptionaudio.fr\/site\/#website","url":"https:\/\/exceptionaudio.fr\/site\/","name":"Exception Audio","description":"Magasin hi-fi Antibes","publisher":{"@id":"https:\/\/exceptionaudio.fr\/site\/#organization"},"potentialAction":[{"@type":"SearchAction","target":{"@type":"EntryPoint","urlTemplate":"https:\/\/exceptionaudio.fr\/site\/?s={search_term_string}"},"query-input":{"@type":"PropertyValueSpecification","valueRequired":true,"valueName":"search_term_string"}}],"inLanguage":"fr-FR"},{"@type":"Organization","@id":"https:\/\/exceptionaudio.fr\/site\/#organization","name":"Exception Audio","url":"https:\/\/exceptionaudio.fr\/site\/","logo":{"@type":"ImageObject","inLanguage":"fr-FR","@id":"https:\/\/exceptionaudio.fr\/site\/#\/schema\/logo\/image\/","url":"https:\/\/exceptionaudio.fr\/site\/wp-content\/uploads\/2021\/10\/largeur-exception-audio-logos-noir.png","contentUrl":"https:\/\/exceptionaudio.fr\/site\/wp-content\/uploads\/2021\/10\/largeur-exception-audio-logos-noir.png","width":357,"height":54,"caption":"Exception Audio"},"image":{"@id":"https:\/\/exceptionaudio.fr\/site\/#\/schema\/logo\/image\/"},"sameAs":["https:\/\/www.facebook.com\/ExceptionAudio","https:\/\/www.instagram.com\/exception_audio\/"]}]}},"_links":{"self":[{"href":"https:\/\/exceptionaudio.fr\/site\/wp-json\/wp\/v2\/product\/6777","targetHints":{"allow":["GET"]}}],"collection":[{"href":"https:\/\/exceptionaudio.fr\/site\/wp-json\/wp\/v2\/product"}],"about":[{"href":"https:\/\/exceptionaudio.fr\/site\/wp-json\/wp\/v2\/types\/product"}],"version-history":[{"count":1,"href":"https:\/\/exceptionaudio.fr\/site\/wp-json\/wp\/v2\/product\/6777\/revisions"}],"predecessor-version":[{"id":7636,"href":"https:\/\/exceptionaudio.fr\/site\/wp-json\/wp\/v2\/product\/6777\/revisions\/7636"}],"wp:featuredmedia":[{"embeddable":true,"href":"https:\/\/exceptionaudio.fr\/site\/wp-json\/wp\/v2\/media\/6783"}],"wp:attachment":[{"href":"https:\/\/exceptionaudio.fr\/site\/wp-json\/wp\/v2\/media?parent=6777"}],"wp:term":[{"taxonomy":"product_brand","embeddable":true,"href":"https:\/\/exceptionaudio.fr\/site\/wp-json\/wp\/v2\/product_brand?post=6777"},{"taxonomy":"product_cat","embeddable":true,"href":"https:\/\/exceptionaudio.fr\/site\/wp-json\/wp\/v2\/product_cat?post=6777"},{"taxonomy":"product_tag","embeddable":true,"href":"https:\/\/exceptionaudio.fr\/site\/wp-json\/wp\/v2\/product_tag?post=6777"}],"curies":[{"name":"wp","href":"https:\/\/api.w.org\/{rel}","templated":true}]}}