{"id":6851,"date":"2022-11-10T10:34:09","date_gmt":"2022-11-10T09:34:09","guid":{"rendered":"https:\/\/exceptionaudio.fr\/site\/?post_type=product&#038;p=6851"},"modified":"2024-05-16T10:28:58","modified_gmt":"2024-05-16T08:28:58","slug":"dac-lecteur-reseau-moon-680d","status":"publish","type":"product","link":"https:\/\/exceptionaudio.fr\/site\/produit\/dac-lecteur-reseau-moon-680d\/","title":{"rendered":"DAC\/Lecteur r\u00e9seau Moon 680D"},"content":{"rendered":"","protected":false},"excerpt":{"rendered":"<p style=\"font-weight: 400;\">Le Moon 680D est le petit fr\u00e8re prodigue du 780D\u00a0: Lecteur R\u00e9seau &amp; DAC ESS ES9028 Pro 32bits \/ 384kHz. DSD256. MQA. Alimentation MHP. Bluetooth. MiND 2, Airplay2, Roon, Tidal, Qobuz, Deezer. Entr\u00e9es et sorties : XLR, RCA, AES-EBU, Optique, Coaxial, USB, RJ45 Base-T. WiFi.<\/p>\n<p style=\"font-weight: 400;\">Appareil en parfait \u00e9tat (\u00e0 peine rod\u00e9) achet\u00e9 le 13\/09\/2022.\u00a0Fournis avec carton d\u2019origine et accessoires.<\/p>\n<p style=\"font-weight: 400;\">Appareil garantie Moon 5 ans.<\/p>\n","protected":false},"featured_media":6852,"template":"","meta":[],"product_brand":[],"product_cat":[241],"product_tag":[],"class_list":{"0":"post-6851","1":"product","2":"type-product","3":"status-publish","4":"has-post-thumbnail","6":"product_cat-archives","8":"first","9":"outofstock","10":"taxable","11":"shipping-taxable","12":"product-type-simple"},"yoast_head":"<!-- This site is optimized with the Yoast SEO plugin v27.4 - https:\/\/yoast.com\/product\/yoast-seo-wordpress\/ -->\n<title>DAC\/Lecteur r\u00e9seau Moon 680D - Exception Audio<\/title>\n<meta name=\"description\" content=\"DAC\/Lecteur r\u00e9seau Moon 680D est le petit fr\u00e8re prodigue du 780D\u00a0: Lecteur R\u00e9seau &amp; DAC ESS ES9028 Pro 32bits \/ 384kHz. DSD256. MiND 2.\" \/>\n<meta name=\"robots\" content=\"index, follow, max-snippet:-1, max-image-preview:large, max-video-preview:-1\" \/>\n<link rel=\"canonical\" href=\"https:\/\/exceptionaudio.fr\/site\/produit\/dac-lecteur-reseau-moon-680d\/\" \/>\n<meta property=\"og:locale\" content=\"fr_FR\" \/>\n<meta property=\"og:type\" content=\"article\" \/>\n<meta property=\"og:title\" content=\"DAC\/Lecteur r\u00e9seau Moon 680D - Exception Audio\" \/>\n<meta property=\"og:description\" content=\"DAC\/Lecteur r\u00e9seau Moon 680D est le petit fr\u00e8re prodigue du 780D\u00a0: Lecteur R\u00e9seau &amp; DAC ESS ES9028 Pro 32bits \/ 384kHz. DSD256. MiND 2.\" \/>\n<meta property=\"og:url\" content=\"https:\/\/exceptionaudio.fr\/site\/produit\/dac-lecteur-reseau-moon-680d\/\" \/>\n<meta property=\"og:site_name\" content=\"Exception Audio\" \/>\n<meta property=\"article:publisher\" content=\"https:\/\/www.facebook.com\/ExceptionAudio\" \/>\n<meta property=\"article:modified_time\" content=\"2024-05-16T08:28:58+00:00\" \/>\n<meta property=\"og:image\" content=\"https:\/\/exceptionaudio.fr\/site\/wp-content\/uploads\/2022\/11\/Moon-680D-scaled.jpg\" \/>\n\t<meta property=\"og:image:width\" content=\"2560\" \/>\n\t<meta property=\"og:image:height\" content=\"1860\" \/>\n\t<meta property=\"og:image:type\" content=\"image\/jpeg\" \/>\n<meta name=\"twitter:card\" content=\"summary_large_image\" \/>\n<script type=\"application\/ld+json\" class=\"yoast-schema-graph\">{\"@context\":\"https:\\\/\\\/schema.org\",\"@graph\":[{\"@type\":\"WebPage\",\"@id\":\"https:\\\/\\\/exceptionaudio.fr\\\/site\\\/produit\\\/dac-lecteur-reseau-moon-680d\\\/\",\"url\":\"https:\\\/\\\/exceptionaudio.fr\\\/site\\\/produit\\\/dac-lecteur-reseau-moon-680d\\\/\",\"name\":\"DAC\\\/Lecteur r\u00e9seau Moon 680D - Exception Audio\",\"isPartOf\":{\"@id\":\"https:\\\/\\\/exceptionaudio.fr\\\/site\\\/#website\"},\"primaryImageOfPage\":{\"@id\":\"https:\\\/\\\/exceptionaudio.fr\\\/site\\\/produit\\\/dac-lecteur-reseau-moon-680d\\\/#primaryimage\"},\"image\":{\"@id\":\"https:\\\/\\\/exceptionaudio.fr\\\/site\\\/produit\\\/dac-lecteur-reseau-moon-680d\\\/#primaryimage\"},\"thumbnailUrl\":\"https:\\\/\\\/exceptionaudio.fr\\\/site\\\/wp-content\\\/uploads\\\/2022\\\/11\\\/Moon-680D-scaled.jpg\",\"datePublished\":\"2022-11-10T09:34:09+00:00\",\"dateModified\":\"2024-05-16T08:28:58+00:00\",\"description\":\"DAC\\\/Lecteur r\u00e9seau Moon 680D est le petit fr\u00e8re prodigue du 780D\u00a0: Lecteur R\u00e9seau & DAC ESS ES9028 Pro 32bits \\\/ 384kHz. DSD256. MiND 2.\",\"breadcrumb\":{\"@id\":\"https:\\\/\\\/exceptionaudio.fr\\\/site\\\/produit\\\/dac-lecteur-reseau-moon-680d\\\/#breadcrumb\"},\"inLanguage\":\"fr-FR\",\"potentialAction\":[{\"@type\":\"ReadAction\",\"target\":[\"https:\\\/\\\/exceptionaudio.fr\\\/site\\\/produit\\\/dac-lecteur-reseau-moon-680d\\\/\"]}]},{\"@type\":\"ImageObject\",\"inLanguage\":\"fr-FR\",\"@id\":\"https:\\\/\\\/exceptionaudio.fr\\\/site\\\/produit\\\/dac-lecteur-reseau-moon-680d\\\/#primaryimage\",\"url\":\"https:\\\/\\\/exceptionaudio.fr\\\/site\\\/wp-content\\\/uploads\\\/2022\\\/11\\\/Moon-680D-scaled.jpg\",\"contentUrl\":\"https:\\\/\\\/exceptionaudio.fr\\\/site\\\/wp-content\\\/uploads\\\/2022\\\/11\\\/Moon-680D-scaled.jpg\",\"width\":2560,\"height\":1860,\"caption\":\"DAC Lecteur r\u00e9seau Moon 680D\"},{\"@type\":\"BreadcrumbList\",\"@id\":\"https:\\\/\\\/exceptionaudio.fr\\\/site\\\/produit\\\/dac-lecteur-reseau-moon-680d\\\/#breadcrumb\",\"itemListElement\":[{\"@type\":\"ListItem\",\"position\":1,\"name\":\"Accueil\",\"item\":\"https:\\\/\\\/exceptionaudio.fr\\\/site\\\/\"},{\"@type\":\"ListItem\",\"position\":2,\"name\":\"Boutique\",\"item\":\"https:\\\/\\\/exceptionaudio.fr\\\/site\\\/boutique\\\/\"},{\"@type\":\"ListItem\",\"position\":3,\"name\":\"DAC\\\/Lecteur r\u00e9seau Moon 680D\"}]},{\"@type\":\"WebSite\",\"@id\":\"https:\\\/\\\/exceptionaudio.fr\\\/site\\\/#website\",\"url\":\"https:\\\/\\\/exceptionaudio.fr\\\/site\\\/\",\"name\":\"Exception Audio\",\"description\":\"Magasin hi-fi Antibes\",\"publisher\":{\"@id\":\"https:\\\/\\\/exceptionaudio.fr\\\/site\\\/#organization\"},\"potentialAction\":[{\"@type\":\"SearchAction\",\"target\":{\"@type\":\"EntryPoint\",\"urlTemplate\":\"https:\\\/\\\/exceptionaudio.fr\\\/site\\\/?s={search_term_string}\"},\"query-input\":{\"@type\":\"PropertyValueSpecification\",\"valueRequired\":true,\"valueName\":\"search_term_string\"}}],\"inLanguage\":\"fr-FR\"},{\"@type\":\"Organization\",\"@id\":\"https:\\\/\\\/exceptionaudio.fr\\\/site\\\/#organization\",\"name\":\"Exception Audio\",\"url\":\"https:\\\/\\\/exceptionaudio.fr\\\/site\\\/\",\"logo\":{\"@type\":\"ImageObject\",\"inLanguage\":\"fr-FR\",\"@id\":\"https:\\\/\\\/exceptionaudio.fr\\\/site\\\/#\\\/schema\\\/logo\\\/image\\\/\",\"url\":\"https:\\\/\\\/exceptionaudio.fr\\\/site\\\/wp-content\\\/uploads\\\/2021\\\/10\\\/largeur-exception-audio-logos-noir.png\",\"contentUrl\":\"https:\\\/\\\/exceptionaudio.fr\\\/site\\\/wp-content\\\/uploads\\\/2021\\\/10\\\/largeur-exception-audio-logos-noir.png\",\"width\":357,\"height\":54,\"caption\":\"Exception Audio\"},\"image\":{\"@id\":\"https:\\\/\\\/exceptionaudio.fr\\\/site\\\/#\\\/schema\\\/logo\\\/image\\\/\"},\"sameAs\":[\"https:\\\/\\\/www.facebook.com\\\/ExceptionAudio\",\"https:\\\/\\\/www.instagram.com\\\/exception_audio\\\/\"]}]}<\/script>\n<!-- \/ Yoast SEO plugin. -->","yoast_head_json":{"title":"DAC\/Lecteur r\u00e9seau Moon 680D - Exception Audio","description":"DAC\/Lecteur r\u00e9seau Moon 680D est le petit fr\u00e8re prodigue du 780D\u00a0: Lecteur R\u00e9seau & DAC ESS ES9028 Pro 32bits \/ 384kHz. DSD256. MiND 2.","robots":{"index":"index","follow":"follow","max-snippet":"max-snippet:-1","max-image-preview":"max-image-preview:large","max-video-preview":"max-video-preview:-1"},"canonical":"https:\/\/exceptionaudio.fr\/site\/produit\/dac-lecteur-reseau-moon-680d\/","og_locale":"fr_FR","og_type":"article","og_title":"DAC\/Lecteur r\u00e9seau Moon 680D - Exception Audio","og_description":"DAC\/Lecteur r\u00e9seau Moon 680D est le petit fr\u00e8re prodigue du 780D\u00a0: Lecteur R\u00e9seau & DAC ESS ES9028 Pro 32bits \/ 384kHz. DSD256. MiND 2.","og_url":"https:\/\/exceptionaudio.fr\/site\/produit\/dac-lecteur-reseau-moon-680d\/","og_site_name":"Exception Audio","article_publisher":"https:\/\/www.facebook.com\/ExceptionAudio","article_modified_time":"2024-05-16T08:28:58+00:00","og_image":[{"width":2560,"height":1860,"url":"https:\/\/exceptionaudio.fr\/site\/wp-content\/uploads\/2022\/11\/Moon-680D-scaled.jpg","type":"image\/jpeg"}],"twitter_card":"summary_large_image","schema":{"@context":"https:\/\/schema.org","@graph":[{"@type":"WebPage","@id":"https:\/\/exceptionaudio.fr\/site\/produit\/dac-lecteur-reseau-moon-680d\/","url":"https:\/\/exceptionaudio.fr\/site\/produit\/dac-lecteur-reseau-moon-680d\/","name":"DAC\/Lecteur r\u00e9seau Moon 680D - Exception Audio","isPartOf":{"@id":"https:\/\/exceptionaudio.fr\/site\/#website"},"primaryImageOfPage":{"@id":"https:\/\/exceptionaudio.fr\/site\/produit\/dac-lecteur-reseau-moon-680d\/#primaryimage"},"image":{"@id":"https:\/\/exceptionaudio.fr\/site\/produit\/dac-lecteur-reseau-moon-680d\/#primaryimage"},"thumbnailUrl":"https:\/\/exceptionaudio.fr\/site\/wp-content\/uploads\/2022\/11\/Moon-680D-scaled.jpg","datePublished":"2022-11-10T09:34:09+00:00","dateModified":"2024-05-16T08:28:58+00:00","description":"DAC\/Lecteur r\u00e9seau Moon 680D est le petit fr\u00e8re prodigue du 780D\u00a0: Lecteur R\u00e9seau & DAC ESS ES9028 Pro 32bits \/ 384kHz. DSD256. MiND 2.","breadcrumb":{"@id":"https:\/\/exceptionaudio.fr\/site\/produit\/dac-lecteur-reseau-moon-680d\/#breadcrumb"},"inLanguage":"fr-FR","potentialAction":[{"@type":"ReadAction","target":["https:\/\/exceptionaudio.fr\/site\/produit\/dac-lecteur-reseau-moon-680d\/"]}]},{"@type":"ImageObject","inLanguage":"fr-FR","@id":"https:\/\/exceptionaudio.fr\/site\/produit\/dac-lecteur-reseau-moon-680d\/#primaryimage","url":"https:\/\/exceptionaudio.fr\/site\/wp-content\/uploads\/2022\/11\/Moon-680D-scaled.jpg","contentUrl":"https:\/\/exceptionaudio.fr\/site\/wp-content\/uploads\/2022\/11\/Moon-680D-scaled.jpg","width":2560,"height":1860,"caption":"DAC Lecteur r\u00e9seau Moon 680D"},{"@type":"BreadcrumbList","@id":"https:\/\/exceptionaudio.fr\/site\/produit\/dac-lecteur-reseau-moon-680d\/#breadcrumb","itemListElement":[{"@type":"ListItem","position":1,"name":"Accueil","item":"https:\/\/exceptionaudio.fr\/site\/"},{"@type":"ListItem","position":2,"name":"Boutique","item":"https:\/\/exceptionaudio.fr\/site\/boutique\/"},{"@type":"ListItem","position":3,"name":"DAC\/Lecteur r\u00e9seau Moon 680D"}]},{"@type":"WebSite","@id":"https:\/\/exceptionaudio.fr\/site\/#website","url":"https:\/\/exceptionaudio.fr\/site\/","name":"Exception Audio","description":"Magasin hi-fi Antibes","publisher":{"@id":"https:\/\/exceptionaudio.fr\/site\/#organization"},"potentialAction":[{"@type":"SearchAction","target":{"@type":"EntryPoint","urlTemplate":"https:\/\/exceptionaudio.fr\/site\/?s={search_term_string}"},"query-input":{"@type":"PropertyValueSpecification","valueRequired":true,"valueName":"search_term_string"}}],"inLanguage":"fr-FR"},{"@type":"Organization","@id":"https:\/\/exceptionaudio.fr\/site\/#organization","name":"Exception Audio","url":"https:\/\/exceptionaudio.fr\/site\/","logo":{"@type":"ImageObject","inLanguage":"fr-FR","@id":"https:\/\/exceptionaudio.fr\/site\/#\/schema\/logo\/image\/","url":"https:\/\/exceptionaudio.fr\/site\/wp-content\/uploads\/2021\/10\/largeur-exception-audio-logos-noir.png","contentUrl":"https:\/\/exceptionaudio.fr\/site\/wp-content\/uploads\/2021\/10\/largeur-exception-audio-logos-noir.png","width":357,"height":54,"caption":"Exception Audio"},"image":{"@id":"https:\/\/exceptionaudio.fr\/site\/#\/schema\/logo\/image\/"},"sameAs":["https:\/\/www.facebook.com\/ExceptionAudio","https:\/\/www.instagram.com\/exception_audio\/"]}]}},"_links":{"self":[{"href":"https:\/\/exceptionaudio.fr\/site\/wp-json\/wp\/v2\/product\/6851","targetHints":{"allow":["GET"]}}],"collection":[{"href":"https:\/\/exceptionaudio.fr\/site\/wp-json\/wp\/v2\/product"}],"about":[{"href":"https:\/\/exceptionaudio.fr\/site\/wp-json\/wp\/v2\/types\/product"}],"version-history":[{"count":2,"href":"https:\/\/exceptionaudio.fr\/site\/wp-json\/wp\/v2\/product\/6851\/revisions"}],"predecessor-version":[{"id":7877,"href":"https:\/\/exceptionaudio.fr\/site\/wp-json\/wp\/v2\/product\/6851\/revisions\/7877"}],"wp:featuredmedia":[{"embeddable":true,"href":"https:\/\/exceptionaudio.fr\/site\/wp-json\/wp\/v2\/media\/6852"}],"wp:attachment":[{"href":"https:\/\/exceptionaudio.fr\/site\/wp-json\/wp\/v2\/media?parent=6851"}],"wp:term":[{"taxonomy":"product_brand","embeddable":true,"href":"https:\/\/exceptionaudio.fr\/site\/wp-json\/wp\/v2\/product_brand?post=6851"},{"taxonomy":"product_cat","embeddable":true,"href":"https:\/\/exceptionaudio.fr\/site\/wp-json\/wp\/v2\/product_cat?post=6851"},{"taxonomy":"product_tag","embeddable":true,"href":"https:\/\/exceptionaudio.fr\/site\/wp-json\/wp\/v2\/product_tag?post=6851"}],"curies":[{"name":"wp","href":"https:\/\/api.w.org\/{rel}","templated":true}]}}