{"id":6920,"date":"2022-11-30T14:39:02","date_gmt":"2022-11-30T13:39:02","guid":{"rendered":"https:\/\/exceptionaudio.fr\/site\/?post_type=product&#038;p=6920"},"modified":"2025-11-26T12:12:04","modified_gmt":"2025-11-26T11:12:04","slug":"bluesound-pulse-flex-2i","status":"publish","type":"product","link":"https:\/\/exceptionaudio.fr\/site\/produit\/bluesound-pulse-flex-2i\/","title":{"rendered":"Bluesound Pulse Flex 2i"},"content":{"rendered":"","protected":false},"excerpt":{"rendered":"<p style=\"font-weight: 400;\">La Bluesound Pulse Flex 2i est une enceinte connect\u00e9e compacte d\u00e9veloppant 20 watts mais qui ne l\u2019emp\u00eache pas de d\u00e9livrer un son dynamique de haute qualit\u00e9. Elle embarque un processeur ARM Cortex A9 Dual Core, une connectivit\u00e9 r\u00e9seau Ethernet RJ45 et WiFi (dual band 2,4 et 5 GHz), un r\u00e9cepteur audio Bluetooth apt-X HD, Apple AirPlay 2, une entr\u00e9e auxiliaire hybride optique\/analogique au format mini-jack ainsi qu&rsquo;une sortie casque. Elle est con\u00e7ue pour int\u00e9grer facilement une installation multiroom constitu\u00e9e d&rsquo;autres \u00e9l\u00e9ments Bluesound ou d&rsquo;enceintes compatibles Apple AirPlay 2. Elle vous permet de profiter d&rsquo;une musique de qualit\u00e9 dans tous les coins de votre maison.<\/p>\n","protected":false},"featured_media":6925,"template":"","meta":[],"product_brand":[],"product_cat":[90,256],"product_tag":[213],"class_list":{"0":"post-6920","1":"product","2":"type-product","3":"status-publish","4":"has-post-thumbnail","6":"product_cat-enceintes-bibliotheques-colonnes-hifi","7":"product_cat-enceintes-connectees-nomades","8":"product_tag-bluesound","10":"first","11":"instock","12":"taxable","13":"shipping-taxable","14":"purchasable","15":"product-type-variable"},"yoast_head":"<!-- This site is optimized with the Yoast SEO plugin v27.3 - https:\/\/yoast.com\/product\/yoast-seo-wordpress\/ -->\n<title>Bluesound Pulse Flex 2i - Enceinte connect\u00e9e - Exception Audio<\/title>\n<meta name=\"description\" content=\"Bluesound Pulse Flex 2i : Compacte et performante, l&#039;enceinte connect\u00e9e est parfaite dans une chambre, un bureau ou une cuisine pour profiter de sa musique en qualit\u00e9 hi-fi.\" \/>\n<meta name=\"robots\" content=\"index, follow, max-snippet:-1, max-image-preview:large, max-video-preview:-1\" \/>\n<link rel=\"canonical\" href=\"https:\/\/exceptionaudio.fr\/site\/produit\/bluesound-pulse-flex-2i\/\" \/>\n<meta property=\"og:locale\" content=\"fr_FR\" \/>\n<meta property=\"og:type\" content=\"article\" \/>\n<meta property=\"og:title\" content=\"Bluesound Pulse Flex 2i - Enceinte connect\u00e9e - Exception Audio\" \/>\n<meta property=\"og:description\" content=\"Bluesound Pulse Flex 2i : Compacte et performante, l&#039;enceinte connect\u00e9e est parfaite dans une chambre, un bureau ou une cuisine pour profiter de sa musique en qualit\u00e9 hi-fi.\" \/>\n<meta property=\"og:url\" content=\"https:\/\/exceptionaudio.fr\/site\/produit\/bluesound-pulse-flex-2i\/\" \/>\n<meta property=\"og:site_name\" content=\"Exception Audio\" \/>\n<meta property=\"article:publisher\" content=\"https:\/\/www.facebook.com\/ExceptionAudio\" \/>\n<meta property=\"article:modified_time\" content=\"2025-11-26T11:12:04+00:00\" \/>\n<meta property=\"og:image\" content=\"https:\/\/exceptionaudio.fr\/site\/wp-content\/uploads\/2022\/11\/Bluesound-Pulse-Flex-2i-Noir.jpg\" \/>\n\t<meta property=\"og:image:width\" content=\"1000\" \/>\n\t<meta property=\"og:image:height\" content=\"1000\" \/>\n\t<meta property=\"og:image:type\" content=\"image\/jpeg\" \/>\n<meta name=\"twitter:card\" content=\"summary_large_image\" \/>\n<meta name=\"twitter:label1\" content=\"Dur\u00e9e de lecture estim\u00e9e\" \/>\n\t<meta name=\"twitter:data1\" content=\"1 minute\" \/>\n<script type=\"application\/ld+json\" class=\"yoast-schema-graph\">{\"@context\":\"https:\\\/\\\/schema.org\",\"@graph\":[{\"@type\":\"WebPage\",\"@id\":\"https:\\\/\\\/exceptionaudio.fr\\\/site\\\/produit\\\/bluesound-pulse-flex-2i\\\/\",\"url\":\"https:\\\/\\\/exceptionaudio.fr\\\/site\\\/produit\\\/bluesound-pulse-flex-2i\\\/\",\"name\":\"Bluesound Pulse Flex 2i - Enceinte connect\u00e9e - Exception Audio\",\"isPartOf\":{\"@id\":\"https:\\\/\\\/exceptionaudio.fr\\\/site\\\/#website\"},\"primaryImageOfPage\":{\"@id\":\"https:\\\/\\\/exceptionaudio.fr\\\/site\\\/produit\\\/bluesound-pulse-flex-2i\\\/#primaryimage\"},\"image\":{\"@id\":\"https:\\\/\\\/exceptionaudio.fr\\\/site\\\/produit\\\/bluesound-pulse-flex-2i\\\/#primaryimage\"},\"thumbnailUrl\":\"https:\\\/\\\/exceptionaudio.fr\\\/site\\\/wp-content\\\/uploads\\\/2022\\\/11\\\/Bluesound-Pulse-Flex-2i-Noir.jpg\",\"datePublished\":\"2022-11-30T13:39:02+00:00\",\"dateModified\":\"2025-11-26T11:12:04+00:00\",\"description\":\"Bluesound Pulse Flex 2i : Compacte et performante, l'enceinte connect\u00e9e est parfaite dans une chambre, un bureau ou une cuisine pour profiter de sa musique en qualit\u00e9 hi-fi.\",\"breadcrumb\":{\"@id\":\"https:\\\/\\\/exceptionaudio.fr\\\/site\\\/produit\\\/bluesound-pulse-flex-2i\\\/#breadcrumb\"},\"inLanguage\":\"fr-FR\",\"potentialAction\":[{\"@type\":\"ReadAction\",\"target\":[\"https:\\\/\\\/exceptionaudio.fr\\\/site\\\/produit\\\/bluesound-pulse-flex-2i\\\/\"]}]},{\"@type\":\"ImageObject\",\"inLanguage\":\"fr-FR\",\"@id\":\"https:\\\/\\\/exceptionaudio.fr\\\/site\\\/produit\\\/bluesound-pulse-flex-2i\\\/#primaryimage\",\"url\":\"https:\\\/\\\/exceptionaudio.fr\\\/site\\\/wp-content\\\/uploads\\\/2022\\\/11\\\/Bluesound-Pulse-Flex-2i-Noir.jpg\",\"contentUrl\":\"https:\\\/\\\/exceptionaudio.fr\\\/site\\\/wp-content\\\/uploads\\\/2022\\\/11\\\/Bluesound-Pulse-Flex-2i-Noir.jpg\",\"width\":1000,\"height\":1000,\"caption\":\"Enceinte connect\u00e9e sans fil hifi Bluesound Pulse Flex 2i Noir\"},{\"@type\":\"BreadcrumbList\",\"@id\":\"https:\\\/\\\/exceptionaudio.fr\\\/site\\\/produit\\\/bluesound-pulse-flex-2i\\\/#breadcrumb\",\"itemListElement\":[{\"@type\":\"ListItem\",\"position\":1,\"name\":\"Accueil\",\"item\":\"https:\\\/\\\/exceptionaudio.fr\\\/site\\\/\"},{\"@type\":\"ListItem\",\"position\":2,\"name\":\"Boutique\",\"item\":\"https:\\\/\\\/exceptionaudio.fr\\\/site\\\/boutique\\\/\"},{\"@type\":\"ListItem\",\"position\":3,\"name\":\"Bluesound Pulse Flex 2i\"}]},{\"@type\":\"WebSite\",\"@id\":\"https:\\\/\\\/exceptionaudio.fr\\\/site\\\/#website\",\"url\":\"https:\\\/\\\/exceptionaudio.fr\\\/site\\\/\",\"name\":\"Exception Audio\",\"description\":\"Magasin hi-fi Antibes\",\"publisher\":{\"@id\":\"https:\\\/\\\/exceptionaudio.fr\\\/site\\\/#organization\"},\"potentialAction\":[{\"@type\":\"SearchAction\",\"target\":{\"@type\":\"EntryPoint\",\"urlTemplate\":\"https:\\\/\\\/exceptionaudio.fr\\\/site\\\/?s={search_term_string}\"},\"query-input\":{\"@type\":\"PropertyValueSpecification\",\"valueRequired\":true,\"valueName\":\"search_term_string\"}}],\"inLanguage\":\"fr-FR\"},{\"@type\":\"Organization\",\"@id\":\"https:\\\/\\\/exceptionaudio.fr\\\/site\\\/#organization\",\"name\":\"Exception Audio\",\"url\":\"https:\\\/\\\/exceptionaudio.fr\\\/site\\\/\",\"logo\":{\"@type\":\"ImageObject\",\"inLanguage\":\"fr-FR\",\"@id\":\"https:\\\/\\\/exceptionaudio.fr\\\/site\\\/#\\\/schema\\\/logo\\\/image\\\/\",\"url\":\"https:\\\/\\\/exceptionaudio.fr\\\/site\\\/wp-content\\\/uploads\\\/2021\\\/10\\\/largeur-exception-audio-logos-noir.png\",\"contentUrl\":\"https:\\\/\\\/exceptionaudio.fr\\\/site\\\/wp-content\\\/uploads\\\/2021\\\/10\\\/largeur-exception-audio-logos-noir.png\",\"width\":357,\"height\":54,\"caption\":\"Exception Audio\"},\"image\":{\"@id\":\"https:\\\/\\\/exceptionaudio.fr\\\/site\\\/#\\\/schema\\\/logo\\\/image\\\/\"},\"sameAs\":[\"https:\\\/\\\/www.facebook.com\\\/ExceptionAudio\",\"https:\\\/\\\/www.instagram.com\\\/exception_audio\\\/\"]}]}<\/script>\n<!-- \/ Yoast SEO plugin. -->","yoast_head_json":{"title":"Bluesound Pulse Flex 2i - Enceinte connect\u00e9e - Exception Audio","description":"Bluesound Pulse Flex 2i : Compacte et performante, l'enceinte connect\u00e9e est parfaite dans une chambre, un bureau ou une cuisine pour profiter de sa musique en qualit\u00e9 hi-fi.","robots":{"index":"index","follow":"follow","max-snippet":"max-snippet:-1","max-image-preview":"max-image-preview:large","max-video-preview":"max-video-preview:-1"},"canonical":"https:\/\/exceptionaudio.fr\/site\/produit\/bluesound-pulse-flex-2i\/","og_locale":"fr_FR","og_type":"article","og_title":"Bluesound Pulse Flex 2i - Enceinte connect\u00e9e - Exception Audio","og_description":"Bluesound Pulse Flex 2i : Compacte et performante, l'enceinte connect\u00e9e est parfaite dans une chambre, un bureau ou une cuisine pour profiter de sa musique en qualit\u00e9 hi-fi.","og_url":"https:\/\/exceptionaudio.fr\/site\/produit\/bluesound-pulse-flex-2i\/","og_site_name":"Exception Audio","article_publisher":"https:\/\/www.facebook.com\/ExceptionAudio","article_modified_time":"2025-11-26T11:12:04+00:00","og_image":[{"width":1000,"height":1000,"url":"https:\/\/exceptionaudio.fr\/site\/wp-content\/uploads\/2022\/11\/Bluesound-Pulse-Flex-2i-Noir.jpg","type":"image\/jpeg"}],"twitter_card":"summary_large_image","twitter_misc":{"Dur\u00e9e de lecture estim\u00e9e":"1 minute"},"schema":{"@context":"https:\/\/schema.org","@graph":[{"@type":"WebPage","@id":"https:\/\/exceptionaudio.fr\/site\/produit\/bluesound-pulse-flex-2i\/","url":"https:\/\/exceptionaudio.fr\/site\/produit\/bluesound-pulse-flex-2i\/","name":"Bluesound Pulse Flex 2i - Enceinte connect\u00e9e - Exception Audio","isPartOf":{"@id":"https:\/\/exceptionaudio.fr\/site\/#website"},"primaryImageOfPage":{"@id":"https:\/\/exceptionaudio.fr\/site\/produit\/bluesound-pulse-flex-2i\/#primaryimage"},"image":{"@id":"https:\/\/exceptionaudio.fr\/site\/produit\/bluesound-pulse-flex-2i\/#primaryimage"},"thumbnailUrl":"https:\/\/exceptionaudio.fr\/site\/wp-content\/uploads\/2022\/11\/Bluesound-Pulse-Flex-2i-Noir.jpg","datePublished":"2022-11-30T13:39:02+00:00","dateModified":"2025-11-26T11:12:04+00:00","description":"Bluesound Pulse Flex 2i : Compacte et performante, l'enceinte connect\u00e9e est parfaite dans une chambre, un bureau ou une cuisine pour profiter de sa musique en qualit\u00e9 hi-fi.","breadcrumb":{"@id":"https:\/\/exceptionaudio.fr\/site\/produit\/bluesound-pulse-flex-2i\/#breadcrumb"},"inLanguage":"fr-FR","potentialAction":[{"@type":"ReadAction","target":["https:\/\/exceptionaudio.fr\/site\/produit\/bluesound-pulse-flex-2i\/"]}]},{"@type":"ImageObject","inLanguage":"fr-FR","@id":"https:\/\/exceptionaudio.fr\/site\/produit\/bluesound-pulse-flex-2i\/#primaryimage","url":"https:\/\/exceptionaudio.fr\/site\/wp-content\/uploads\/2022\/11\/Bluesound-Pulse-Flex-2i-Noir.jpg","contentUrl":"https:\/\/exceptionaudio.fr\/site\/wp-content\/uploads\/2022\/11\/Bluesound-Pulse-Flex-2i-Noir.jpg","width":1000,"height":1000,"caption":"Enceinte connect\u00e9e sans fil hifi Bluesound Pulse Flex 2i Noir"},{"@type":"BreadcrumbList","@id":"https:\/\/exceptionaudio.fr\/site\/produit\/bluesound-pulse-flex-2i\/#breadcrumb","itemListElement":[{"@type":"ListItem","position":1,"name":"Accueil","item":"https:\/\/exceptionaudio.fr\/site\/"},{"@type":"ListItem","position":2,"name":"Boutique","item":"https:\/\/exceptionaudio.fr\/site\/boutique\/"},{"@type":"ListItem","position":3,"name":"Bluesound Pulse Flex 2i"}]},{"@type":"WebSite","@id":"https:\/\/exceptionaudio.fr\/site\/#website","url":"https:\/\/exceptionaudio.fr\/site\/","name":"Exception Audio","description":"Magasin hi-fi Antibes","publisher":{"@id":"https:\/\/exceptionaudio.fr\/site\/#organization"},"potentialAction":[{"@type":"SearchAction","target":{"@type":"EntryPoint","urlTemplate":"https:\/\/exceptionaudio.fr\/site\/?s={search_term_string}"},"query-input":{"@type":"PropertyValueSpecification","valueRequired":true,"valueName":"search_term_string"}}],"inLanguage":"fr-FR"},{"@type":"Organization","@id":"https:\/\/exceptionaudio.fr\/site\/#organization","name":"Exception Audio","url":"https:\/\/exceptionaudio.fr\/site\/","logo":{"@type":"ImageObject","inLanguage":"fr-FR","@id":"https:\/\/exceptionaudio.fr\/site\/#\/schema\/logo\/image\/","url":"https:\/\/exceptionaudio.fr\/site\/wp-content\/uploads\/2021\/10\/largeur-exception-audio-logos-noir.png","contentUrl":"https:\/\/exceptionaudio.fr\/site\/wp-content\/uploads\/2021\/10\/largeur-exception-audio-logos-noir.png","width":357,"height":54,"caption":"Exception Audio"},"image":{"@id":"https:\/\/exceptionaudio.fr\/site\/#\/schema\/logo\/image\/"},"sameAs":["https:\/\/www.facebook.com\/ExceptionAudio","https:\/\/www.instagram.com\/exception_audio\/"]}]}},"_links":{"self":[{"href":"https:\/\/exceptionaudio.fr\/site\/wp-json\/wp\/v2\/product\/6920","targetHints":{"allow":["GET"]}}],"collection":[{"href":"https:\/\/exceptionaudio.fr\/site\/wp-json\/wp\/v2\/product"}],"about":[{"href":"https:\/\/exceptionaudio.fr\/site\/wp-json\/wp\/v2\/types\/product"}],"version-history":[{"count":1,"href":"https:\/\/exceptionaudio.fr\/site\/wp-json\/wp\/v2\/product\/6920\/revisions"}],"predecessor-version":[{"id":7859,"href":"https:\/\/exceptionaudio.fr\/site\/wp-json\/wp\/v2\/product\/6920\/revisions\/7859"}],"wp:featuredmedia":[{"embeddable":true,"href":"https:\/\/exceptionaudio.fr\/site\/wp-json\/wp\/v2\/media\/6925"}],"wp:attachment":[{"href":"https:\/\/exceptionaudio.fr\/site\/wp-json\/wp\/v2\/media?parent=6920"}],"wp:term":[{"taxonomy":"product_brand","embeddable":true,"href":"https:\/\/exceptionaudio.fr\/site\/wp-json\/wp\/v2\/product_brand?post=6920"},{"taxonomy":"product_cat","embeddable":true,"href":"https:\/\/exceptionaudio.fr\/site\/wp-json\/wp\/v2\/product_cat?post=6920"},{"taxonomy":"product_tag","embeddable":true,"href":"https:\/\/exceptionaudio.fr\/site\/wp-json\/wp\/v2\/product_tag?post=6920"}],"curies":[{"name":"wp","href":"https:\/\/api.w.org\/{rel}","templated":true}]}}