{"id":7155,"date":"2023-01-02T20:56:26","date_gmt":"2023-01-02T19:56:26","guid":{"rendered":"https:\/\/exceptionaudio.fr\/site\/?post_type=product&#038;p=7155"},"modified":"2025-02-18T13:42:53","modified_gmt":"2025-02-18T12:42:53","slug":"roksan-attessa-integrated-amplifier","status":"publish","type":"product","link":"https:\/\/exceptionaudio.fr\/site\/produit\/roksan-attessa-integrated-amplifier\/","title":{"rendered":"Roksan Attessa Integrated Amplifier"},"content":{"rendered":"","protected":false},"excerpt":{"rendered":"<p style=\"font-weight: 400;\">Le Roksan Attessa Integrated Amplifier est un amplificateur int\u00e9gr\u00e9 qui d\u00e9veloppe 80 watts par canal (sous 8 ohms) et 130 watts par canal (sous 4 ohms). L\u2019Attessa Integrated adopte la m\u00eame conception que le Roksan Attessa Streaming Amplifier avec le lecteur r\u00e9seau BluOS en moins. Il offre n\u00e9anmoins une connectique compl\u00e8te, avec entr\u00e9es analogiques et num\u00e9riques gr\u00e2ce \u00e0 son DAC 24 bits \/ 192 kHz et un module Bluetooth aptX.<\/p>\n","protected":false},"featured_media":7160,"template":"","meta":[],"product_brand":[],"product_cat":[93,94],"product_tag":[237],"class_list":{"0":"post-7155","1":"product","2":"type-product","3":"status-publish","4":"has-post-thumbnail","6":"product_cat-amplification-hifi","7":"product_cat-amplificateurs-integres","8":"product_tag-roksan","10":"first","11":"instock","12":"sale","13":"taxable","14":"shipping-taxable","15":"purchasable","16":"product-type-variable"},"yoast_head":"<!-- This site is optimized with the Yoast SEO plugin v27.4 - https:\/\/yoast.com\/product\/yoast-seo-wordpress\/ -->\n<title>Roksan Attessa Integrated Amplifier - Ampli hifi - Exception Audio<\/title>\n<meta name=\"description\" content=\"Roksan Attessa Integrated Amplifier : 2x 80 watts (8 ohms) ; 2x 130 watts (4 ohms) ; DAC 24 bits \/ 192 kHz ; module Bluetooth aptX ; entr\u00e9e phono MM\" \/>\n<meta name=\"robots\" content=\"index, follow, max-snippet:-1, max-image-preview:large, max-video-preview:-1\" \/>\n<link rel=\"canonical\" href=\"https:\/\/exceptionaudio.fr\/site\/produit\/roksan-attessa-integrated-amplifier\/\" \/>\n<meta property=\"og:locale\" content=\"fr_FR\" \/>\n<meta property=\"og:type\" content=\"article\" \/>\n<meta property=\"og:title\" content=\"Roksan Attessa Integrated Amplifier - Ampli hifi - Exception Audio\" \/>\n<meta property=\"og:description\" content=\"Roksan Attessa Integrated Amplifier : 2x 80 watts (8 ohms) ; 2x 130 watts (4 ohms) ; DAC 24 bits \/ 192 kHz ; module Bluetooth aptX ; entr\u00e9e phono MM\" \/>\n<meta property=\"og:url\" content=\"https:\/\/exceptionaudio.fr\/site\/produit\/roksan-attessa-integrated-amplifier\/\" \/>\n<meta property=\"og:site_name\" content=\"Exception Audio\" \/>\n<meta property=\"article:publisher\" content=\"https:\/\/www.facebook.com\/ExceptionAudio\" \/>\n<meta property=\"article:modified_time\" content=\"2025-02-18T12:42:53+00:00\" \/>\n<meta property=\"og:image\" content=\"https:\/\/exceptionaudio.fr\/site\/wp-content\/uploads\/2023\/01\/Roksan-Attessa-Integrated-Amplifier.jpg\" \/>\n\t<meta property=\"og:image:width\" content=\"1000\" \/>\n\t<meta property=\"og:image:height\" content=\"1000\" \/>\n\t<meta property=\"og:image:type\" content=\"image\/jpeg\" \/>\n<meta name=\"twitter:card\" content=\"summary_large_image\" \/>\n<script type=\"application\/ld+json\" class=\"yoast-schema-graph\">{\"@context\":\"https:\\\/\\\/schema.org\",\"@graph\":[{\"@type\":\"WebPage\",\"@id\":\"https:\\\/\\\/exceptionaudio.fr\\\/site\\\/produit\\\/roksan-attessa-integrated-amplifier\\\/\",\"url\":\"https:\\\/\\\/exceptionaudio.fr\\\/site\\\/produit\\\/roksan-attessa-integrated-amplifier\\\/\",\"name\":\"Roksan Attessa Integrated Amplifier - Ampli hifi - Exception Audio\",\"isPartOf\":{\"@id\":\"https:\\\/\\\/exceptionaudio.fr\\\/site\\\/#website\"},\"primaryImageOfPage\":{\"@id\":\"https:\\\/\\\/exceptionaudio.fr\\\/site\\\/produit\\\/roksan-attessa-integrated-amplifier\\\/#primaryimage\"},\"image\":{\"@id\":\"https:\\\/\\\/exceptionaudio.fr\\\/site\\\/produit\\\/roksan-attessa-integrated-amplifier\\\/#primaryimage\"},\"thumbnailUrl\":\"https:\\\/\\\/exceptionaudio.fr\\\/site\\\/wp-content\\\/uploads\\\/2023\\\/01\\\/Roksan-Attessa-Integrated-Amplifier.jpg\",\"datePublished\":\"2023-01-02T19:56:26+00:00\",\"dateModified\":\"2025-02-18T12:42:53+00:00\",\"description\":\"Roksan Attessa Integrated Amplifier : 2x 80 watts (8 ohms) ; 2x 130 watts (4 ohms) ; DAC 24 bits \\\/ 192 kHz ; module Bluetooth aptX ; entr\u00e9e phono MM\",\"breadcrumb\":{\"@id\":\"https:\\\/\\\/exceptionaudio.fr\\\/site\\\/produit\\\/roksan-attessa-integrated-amplifier\\\/#breadcrumb\"},\"inLanguage\":\"fr-FR\",\"potentialAction\":[{\"@type\":\"ReadAction\",\"target\":[\"https:\\\/\\\/exceptionaudio.fr\\\/site\\\/produit\\\/roksan-attessa-integrated-amplifier\\\/\"]}]},{\"@type\":\"ImageObject\",\"inLanguage\":\"fr-FR\",\"@id\":\"https:\\\/\\\/exceptionaudio.fr\\\/site\\\/produit\\\/roksan-attessa-integrated-amplifier\\\/#primaryimage\",\"url\":\"https:\\\/\\\/exceptionaudio.fr\\\/site\\\/wp-content\\\/uploads\\\/2023\\\/01\\\/Roksan-Attessa-Integrated-Amplifier.jpg\",\"contentUrl\":\"https:\\\/\\\/exceptionaudio.fr\\\/site\\\/wp-content\\\/uploads\\\/2023\\\/01\\\/Roksan-Attessa-Integrated-Amplifier.jpg\",\"width\":1000,\"height\":1000,\"caption\":\"amplificateur int\u00e9gr\u00e9 hifi Roksan Attessa Integrated Amplifier Silver\"},{\"@type\":\"BreadcrumbList\",\"@id\":\"https:\\\/\\\/exceptionaudio.fr\\\/site\\\/produit\\\/roksan-attessa-integrated-amplifier\\\/#breadcrumb\",\"itemListElement\":[{\"@type\":\"ListItem\",\"position\":1,\"name\":\"Accueil\",\"item\":\"https:\\\/\\\/exceptionaudio.fr\\\/site\\\/\"},{\"@type\":\"ListItem\",\"position\":2,\"name\":\"Boutique\",\"item\":\"https:\\\/\\\/exceptionaudio.fr\\\/site\\\/boutique\\\/\"},{\"@type\":\"ListItem\",\"position\":3,\"name\":\"Roksan Attessa Integrated Amplifier\"}]},{\"@type\":\"WebSite\",\"@id\":\"https:\\\/\\\/exceptionaudio.fr\\\/site\\\/#website\",\"url\":\"https:\\\/\\\/exceptionaudio.fr\\\/site\\\/\",\"name\":\"Exception Audio\",\"description\":\"Magasin hi-fi Antibes\",\"publisher\":{\"@id\":\"https:\\\/\\\/exceptionaudio.fr\\\/site\\\/#organization\"},\"potentialAction\":[{\"@type\":\"SearchAction\",\"target\":{\"@type\":\"EntryPoint\",\"urlTemplate\":\"https:\\\/\\\/exceptionaudio.fr\\\/site\\\/?s={search_term_string}\"},\"query-input\":{\"@type\":\"PropertyValueSpecification\",\"valueRequired\":true,\"valueName\":\"search_term_string\"}}],\"inLanguage\":\"fr-FR\"},{\"@type\":\"Organization\",\"@id\":\"https:\\\/\\\/exceptionaudio.fr\\\/site\\\/#organization\",\"name\":\"Exception Audio\",\"url\":\"https:\\\/\\\/exceptionaudio.fr\\\/site\\\/\",\"logo\":{\"@type\":\"ImageObject\",\"inLanguage\":\"fr-FR\",\"@id\":\"https:\\\/\\\/exceptionaudio.fr\\\/site\\\/#\\\/schema\\\/logo\\\/image\\\/\",\"url\":\"https:\\\/\\\/exceptionaudio.fr\\\/site\\\/wp-content\\\/uploads\\\/2021\\\/10\\\/largeur-exception-audio-logos-noir.png\",\"contentUrl\":\"https:\\\/\\\/exceptionaudio.fr\\\/site\\\/wp-content\\\/uploads\\\/2021\\\/10\\\/largeur-exception-audio-logos-noir.png\",\"width\":357,\"height\":54,\"caption\":\"Exception Audio\"},\"image\":{\"@id\":\"https:\\\/\\\/exceptionaudio.fr\\\/site\\\/#\\\/schema\\\/logo\\\/image\\\/\"},\"sameAs\":[\"https:\\\/\\\/www.facebook.com\\\/ExceptionAudio\",\"https:\\\/\\\/www.instagram.com\\\/exception_audio\\\/\"]}]}<\/script>\n<!-- \/ Yoast SEO plugin. -->","yoast_head_json":{"title":"Roksan Attessa Integrated Amplifier - Ampli hifi - Exception Audio","description":"Roksan Attessa Integrated Amplifier : 2x 80 watts (8 ohms) ; 2x 130 watts (4 ohms) ; DAC 24 bits \/ 192 kHz ; module Bluetooth aptX ; entr\u00e9e phono MM","robots":{"index":"index","follow":"follow","max-snippet":"max-snippet:-1","max-image-preview":"max-image-preview:large","max-video-preview":"max-video-preview:-1"},"canonical":"https:\/\/exceptionaudio.fr\/site\/produit\/roksan-attessa-integrated-amplifier\/","og_locale":"fr_FR","og_type":"article","og_title":"Roksan Attessa Integrated Amplifier - Ampli hifi - Exception Audio","og_description":"Roksan Attessa Integrated Amplifier : 2x 80 watts (8 ohms) ; 2x 130 watts (4 ohms) ; DAC 24 bits \/ 192 kHz ; module Bluetooth aptX ; entr\u00e9e phono MM","og_url":"https:\/\/exceptionaudio.fr\/site\/produit\/roksan-attessa-integrated-amplifier\/","og_site_name":"Exception Audio","article_publisher":"https:\/\/www.facebook.com\/ExceptionAudio","article_modified_time":"2025-02-18T12:42:53+00:00","og_image":[{"width":1000,"height":1000,"url":"https:\/\/exceptionaudio.fr\/site\/wp-content\/uploads\/2023\/01\/Roksan-Attessa-Integrated-Amplifier.jpg","type":"image\/jpeg"}],"twitter_card":"summary_large_image","schema":{"@context":"https:\/\/schema.org","@graph":[{"@type":"WebPage","@id":"https:\/\/exceptionaudio.fr\/site\/produit\/roksan-attessa-integrated-amplifier\/","url":"https:\/\/exceptionaudio.fr\/site\/produit\/roksan-attessa-integrated-amplifier\/","name":"Roksan Attessa Integrated Amplifier - Ampli hifi - Exception Audio","isPartOf":{"@id":"https:\/\/exceptionaudio.fr\/site\/#website"},"primaryImageOfPage":{"@id":"https:\/\/exceptionaudio.fr\/site\/produit\/roksan-attessa-integrated-amplifier\/#primaryimage"},"image":{"@id":"https:\/\/exceptionaudio.fr\/site\/produit\/roksan-attessa-integrated-amplifier\/#primaryimage"},"thumbnailUrl":"https:\/\/exceptionaudio.fr\/site\/wp-content\/uploads\/2023\/01\/Roksan-Attessa-Integrated-Amplifier.jpg","datePublished":"2023-01-02T19:56:26+00:00","dateModified":"2025-02-18T12:42:53+00:00","description":"Roksan Attessa Integrated Amplifier : 2x 80 watts (8 ohms) ; 2x 130 watts (4 ohms) ; DAC 24 bits \/ 192 kHz ; module Bluetooth aptX ; entr\u00e9e phono MM","breadcrumb":{"@id":"https:\/\/exceptionaudio.fr\/site\/produit\/roksan-attessa-integrated-amplifier\/#breadcrumb"},"inLanguage":"fr-FR","potentialAction":[{"@type":"ReadAction","target":["https:\/\/exceptionaudio.fr\/site\/produit\/roksan-attessa-integrated-amplifier\/"]}]},{"@type":"ImageObject","inLanguage":"fr-FR","@id":"https:\/\/exceptionaudio.fr\/site\/produit\/roksan-attessa-integrated-amplifier\/#primaryimage","url":"https:\/\/exceptionaudio.fr\/site\/wp-content\/uploads\/2023\/01\/Roksan-Attessa-Integrated-Amplifier.jpg","contentUrl":"https:\/\/exceptionaudio.fr\/site\/wp-content\/uploads\/2023\/01\/Roksan-Attessa-Integrated-Amplifier.jpg","width":1000,"height":1000,"caption":"amplificateur int\u00e9gr\u00e9 hifi Roksan Attessa Integrated Amplifier Silver"},{"@type":"BreadcrumbList","@id":"https:\/\/exceptionaudio.fr\/site\/produit\/roksan-attessa-integrated-amplifier\/#breadcrumb","itemListElement":[{"@type":"ListItem","position":1,"name":"Accueil","item":"https:\/\/exceptionaudio.fr\/site\/"},{"@type":"ListItem","position":2,"name":"Boutique","item":"https:\/\/exceptionaudio.fr\/site\/boutique\/"},{"@type":"ListItem","position":3,"name":"Roksan Attessa Integrated Amplifier"}]},{"@type":"WebSite","@id":"https:\/\/exceptionaudio.fr\/site\/#website","url":"https:\/\/exceptionaudio.fr\/site\/","name":"Exception Audio","description":"Magasin hi-fi Antibes","publisher":{"@id":"https:\/\/exceptionaudio.fr\/site\/#organization"},"potentialAction":[{"@type":"SearchAction","target":{"@type":"EntryPoint","urlTemplate":"https:\/\/exceptionaudio.fr\/site\/?s={search_term_string}"},"query-input":{"@type":"PropertyValueSpecification","valueRequired":true,"valueName":"search_term_string"}}],"inLanguage":"fr-FR"},{"@type":"Organization","@id":"https:\/\/exceptionaudio.fr\/site\/#organization","name":"Exception Audio","url":"https:\/\/exceptionaudio.fr\/site\/","logo":{"@type":"ImageObject","inLanguage":"fr-FR","@id":"https:\/\/exceptionaudio.fr\/site\/#\/schema\/logo\/image\/","url":"https:\/\/exceptionaudio.fr\/site\/wp-content\/uploads\/2021\/10\/largeur-exception-audio-logos-noir.png","contentUrl":"https:\/\/exceptionaudio.fr\/site\/wp-content\/uploads\/2021\/10\/largeur-exception-audio-logos-noir.png","width":357,"height":54,"caption":"Exception Audio"},"image":{"@id":"https:\/\/exceptionaudio.fr\/site\/#\/schema\/logo\/image\/"},"sameAs":["https:\/\/www.facebook.com\/ExceptionAudio","https:\/\/www.instagram.com\/exception_audio\/"]}]}},"_links":{"self":[{"href":"https:\/\/exceptionaudio.fr\/site\/wp-json\/wp\/v2\/product\/7155","targetHints":{"allow":["GET"]}}],"collection":[{"href":"https:\/\/exceptionaudio.fr\/site\/wp-json\/wp\/v2\/product"}],"about":[{"href":"https:\/\/exceptionaudio.fr\/site\/wp-json\/wp\/v2\/types\/product"}],"version-history":[{"count":0,"href":"https:\/\/exceptionaudio.fr\/site\/wp-json\/wp\/v2\/product\/7155\/revisions"}],"wp:featuredmedia":[{"embeddable":true,"href":"https:\/\/exceptionaudio.fr\/site\/wp-json\/wp\/v2\/media\/7160"}],"wp:attachment":[{"href":"https:\/\/exceptionaudio.fr\/site\/wp-json\/wp\/v2\/media?parent=7155"}],"wp:term":[{"taxonomy":"product_brand","embeddable":true,"href":"https:\/\/exceptionaudio.fr\/site\/wp-json\/wp\/v2\/product_brand?post=7155"},{"taxonomy":"product_cat","embeddable":true,"href":"https:\/\/exceptionaudio.fr\/site\/wp-json\/wp\/v2\/product_cat?post=7155"},{"taxonomy":"product_tag","embeddable":true,"href":"https:\/\/exceptionaudio.fr\/site\/wp-json\/wp\/v2\/product_tag?post=7155"}],"curies":[{"name":"wp","href":"https:\/\/api.w.org\/{rel}","templated":true}]}}