{"id":7204,"date":"2023-01-13T15:56:08","date_gmt":"2023-01-13T14:56:08","guid":{"rendered":"https:\/\/exceptionaudio.fr\/site\/?post_type=product&#038;p=7204"},"modified":"2024-05-22T15:44:39","modified_gmt":"2024-05-22T13:44:39","slug":"degritter-mark-ii-ultrasonic","status":"publish","type":"product","link":"https:\/\/exceptionaudio.fr\/site\/produit\/degritter-mark-ii-ultrasonic\/","title":{"rendered":"Degritter Mark II"},"content":{"rendered":"","protected":false},"excerpt":{"rendered":"<p style=\"font-weight: 400;\">La Degritter Mark II est une machine \u00e0 laver les disques vinyle par ultrasons. Elle a \u00e9t\u00e9 d\u00e9velopp\u00e9e pour assurer un lavage en profondeur et une restauration afin de retrouver une qualit\u00e9 optimale, sans aucun dommage pour le disque. La machine vous remettra un disque nettoy\u00e9 et s\u00e9ch\u00e9 en l\u2019espace de 5 minutes. Elle est performante, compacte et simple d\u2019utilisation. Par rapport \u00e0 la premi\u00e8re version, la Degritter Ultrasonic Mark II a \u00e9t\u00e9 optimis\u00e9 pour rendre le nettoyage de vos disques encore plus efficace.<\/p>\n","protected":false},"featured_media":7208,"template":"","meta":[],"product_brand":[],"product_cat":[251,117],"product_tag":[215],"class_list":{"0":"post-7204","1":"product","2":"type-product","3":"status-publish","4":"has-post-thumbnail","6":"product_cat-machine-a-laver-les-disques-vinyles","7":"product_cat-accessoires-vinyles","8":"product_tag-vinyle-degritter","10":"first","11":"instock","12":"taxable","13":"shipping-taxable","14":"purchasable","15":"product-type-variable"},"yoast_head":"<!-- This site is optimized with the Yoast SEO plugin v27.4 - https:\/\/yoast.com\/product\/yoast-seo-wordpress\/ -->\n<title>Degritter Mark II - Machine \u00e0 laver les vinyles - Exception Audio<\/title>\n<meta name=\"description\" content=\"La Degritter Mark II est une machine \u00e0 laver les disques vinyle par ultrasons \u00e0 120 kHz. Elle est performante, compacte et simple d\u2019utilisation.\" \/>\n<meta name=\"robots\" content=\"index, follow, max-snippet:-1, max-image-preview:large, max-video-preview:-1\" \/>\n<link rel=\"canonical\" href=\"https:\/\/exceptionaudio.fr\/site\/produit\/degritter-mark-ii-ultrasonic\/\" \/>\n<meta property=\"og:locale\" content=\"fr_FR\" \/>\n<meta property=\"og:type\" content=\"article\" \/>\n<meta property=\"og:title\" content=\"Degritter Mark II - Machine \u00e0 laver les vinyles - Exception Audio\" \/>\n<meta property=\"og:description\" content=\"La Degritter Mark II est une machine \u00e0 laver les disques vinyle par ultrasons \u00e0 120 kHz. Elle est performante, compacte et simple d\u2019utilisation.\" \/>\n<meta property=\"og:url\" content=\"https:\/\/exceptionaudio.fr\/site\/produit\/degritter-mark-ii-ultrasonic\/\" \/>\n<meta property=\"og:site_name\" content=\"Exception Audio\" \/>\n<meta property=\"article:publisher\" content=\"https:\/\/www.facebook.com\/ExceptionAudio\" \/>\n<meta property=\"article:modified_time\" content=\"2024-05-22T13:44:39+00:00\" \/>\n<meta property=\"og:image\" content=\"https:\/\/exceptionaudio.fr\/site\/wp-content\/uploads\/2023\/01\/Degritter-Mark-II-Silver.jpg\" \/>\n\t<meta property=\"og:image:width\" content=\"1000\" \/>\n\t<meta property=\"og:image:height\" content=\"1000\" \/>\n\t<meta property=\"og:image:type\" content=\"image\/jpeg\" \/>\n<meta name=\"twitter:card\" content=\"summary_large_image\" \/>\n<script type=\"application\/ld+json\" class=\"yoast-schema-graph\">{\"@context\":\"https:\\\/\\\/schema.org\",\"@graph\":[{\"@type\":\"WebPage\",\"@id\":\"https:\\\/\\\/exceptionaudio.fr\\\/site\\\/produit\\\/degritter-mark-ii-ultrasonic\\\/\",\"url\":\"https:\\\/\\\/exceptionaudio.fr\\\/site\\\/produit\\\/degritter-mark-ii-ultrasonic\\\/\",\"name\":\"Degritter Mark II - Machine \u00e0 laver les vinyles - Exception Audio\",\"isPartOf\":{\"@id\":\"https:\\\/\\\/exceptionaudio.fr\\\/site\\\/#website\"},\"primaryImageOfPage\":{\"@id\":\"https:\\\/\\\/exceptionaudio.fr\\\/site\\\/produit\\\/degritter-mark-ii-ultrasonic\\\/#primaryimage\"},\"image\":{\"@id\":\"https:\\\/\\\/exceptionaudio.fr\\\/site\\\/produit\\\/degritter-mark-ii-ultrasonic\\\/#primaryimage\"},\"thumbnailUrl\":\"https:\\\/\\\/exceptionaudio.fr\\\/site\\\/wp-content\\\/uploads\\\/2023\\\/01\\\/Degritter-Mark-II-Silver.jpg\",\"datePublished\":\"2023-01-13T14:56:08+00:00\",\"dateModified\":\"2024-05-22T13:44:39+00:00\",\"description\":\"La Degritter Mark II est une machine \u00e0 laver les disques vinyle par ultrasons \u00e0 120 kHz. Elle est performante, compacte et simple d\u2019utilisation.\",\"breadcrumb\":{\"@id\":\"https:\\\/\\\/exceptionaudio.fr\\\/site\\\/produit\\\/degritter-mark-ii-ultrasonic\\\/#breadcrumb\"},\"inLanguage\":\"fr-FR\",\"potentialAction\":[{\"@type\":\"ReadAction\",\"target\":[\"https:\\\/\\\/exceptionaudio.fr\\\/site\\\/produit\\\/degritter-mark-ii-ultrasonic\\\/\"]}]},{\"@type\":\"ImageObject\",\"inLanguage\":\"fr-FR\",\"@id\":\"https:\\\/\\\/exceptionaudio.fr\\\/site\\\/produit\\\/degritter-mark-ii-ultrasonic\\\/#primaryimage\",\"url\":\"https:\\\/\\\/exceptionaudio.fr\\\/site\\\/wp-content\\\/uploads\\\/2023\\\/01\\\/Degritter-Mark-II-Silver.jpg\",\"contentUrl\":\"https:\\\/\\\/exceptionaudio.fr\\\/site\\\/wp-content\\\/uploads\\\/2023\\\/01\\\/Degritter-Mark-II-Silver.jpg\",\"width\":1000,\"height\":1000,\"caption\":\"Degritter Ultrasonic Mark II Silver Machine \u00e0 laver les disques vinyles\"},{\"@type\":\"BreadcrumbList\",\"@id\":\"https:\\\/\\\/exceptionaudio.fr\\\/site\\\/produit\\\/degritter-mark-ii-ultrasonic\\\/#breadcrumb\",\"itemListElement\":[{\"@type\":\"ListItem\",\"position\":1,\"name\":\"Accueil\",\"item\":\"https:\\\/\\\/exceptionaudio.fr\\\/site\\\/\"},{\"@type\":\"ListItem\",\"position\":2,\"name\":\"Boutique\",\"item\":\"https:\\\/\\\/exceptionaudio.fr\\\/site\\\/boutique\\\/\"},{\"@type\":\"ListItem\",\"position\":3,\"name\":\"Degritter Mark II\"}]},{\"@type\":\"WebSite\",\"@id\":\"https:\\\/\\\/exceptionaudio.fr\\\/site\\\/#website\",\"url\":\"https:\\\/\\\/exceptionaudio.fr\\\/site\\\/\",\"name\":\"Exception Audio\",\"description\":\"Magasin hi-fi Antibes\",\"publisher\":{\"@id\":\"https:\\\/\\\/exceptionaudio.fr\\\/site\\\/#organization\"},\"potentialAction\":[{\"@type\":\"SearchAction\",\"target\":{\"@type\":\"EntryPoint\",\"urlTemplate\":\"https:\\\/\\\/exceptionaudio.fr\\\/site\\\/?s={search_term_string}\"},\"query-input\":{\"@type\":\"PropertyValueSpecification\",\"valueRequired\":true,\"valueName\":\"search_term_string\"}}],\"inLanguage\":\"fr-FR\"},{\"@type\":\"Organization\",\"@id\":\"https:\\\/\\\/exceptionaudio.fr\\\/site\\\/#organization\",\"name\":\"Exception Audio\",\"url\":\"https:\\\/\\\/exceptionaudio.fr\\\/site\\\/\",\"logo\":{\"@type\":\"ImageObject\",\"inLanguage\":\"fr-FR\",\"@id\":\"https:\\\/\\\/exceptionaudio.fr\\\/site\\\/#\\\/schema\\\/logo\\\/image\\\/\",\"url\":\"https:\\\/\\\/exceptionaudio.fr\\\/site\\\/wp-content\\\/uploads\\\/2021\\\/10\\\/largeur-exception-audio-logos-noir.png\",\"contentUrl\":\"https:\\\/\\\/exceptionaudio.fr\\\/site\\\/wp-content\\\/uploads\\\/2021\\\/10\\\/largeur-exception-audio-logos-noir.png\",\"width\":357,\"height\":54,\"caption\":\"Exception Audio\"},\"image\":{\"@id\":\"https:\\\/\\\/exceptionaudio.fr\\\/site\\\/#\\\/schema\\\/logo\\\/image\\\/\"},\"sameAs\":[\"https:\\\/\\\/www.facebook.com\\\/ExceptionAudio\",\"https:\\\/\\\/www.instagram.com\\\/exception_audio\\\/\"]}]}<\/script>\n<!-- \/ Yoast SEO plugin. -->","yoast_head_json":{"title":"Degritter Mark II - Machine \u00e0 laver les vinyles - Exception Audio","description":"La Degritter Mark II est une machine \u00e0 laver les disques vinyle par ultrasons \u00e0 120 kHz. Elle est performante, compacte et simple d\u2019utilisation.","robots":{"index":"index","follow":"follow","max-snippet":"max-snippet:-1","max-image-preview":"max-image-preview:large","max-video-preview":"max-video-preview:-1"},"canonical":"https:\/\/exceptionaudio.fr\/site\/produit\/degritter-mark-ii-ultrasonic\/","og_locale":"fr_FR","og_type":"article","og_title":"Degritter Mark II - Machine \u00e0 laver les vinyles - Exception Audio","og_description":"La Degritter Mark II est une machine \u00e0 laver les disques vinyle par ultrasons \u00e0 120 kHz. Elle est performante, compacte et simple d\u2019utilisation.","og_url":"https:\/\/exceptionaudio.fr\/site\/produit\/degritter-mark-ii-ultrasonic\/","og_site_name":"Exception Audio","article_publisher":"https:\/\/www.facebook.com\/ExceptionAudio","article_modified_time":"2024-05-22T13:44:39+00:00","og_image":[{"width":1000,"height":1000,"url":"https:\/\/exceptionaudio.fr\/site\/wp-content\/uploads\/2023\/01\/Degritter-Mark-II-Silver.jpg","type":"image\/jpeg"}],"twitter_card":"summary_large_image","schema":{"@context":"https:\/\/schema.org","@graph":[{"@type":"WebPage","@id":"https:\/\/exceptionaudio.fr\/site\/produit\/degritter-mark-ii-ultrasonic\/","url":"https:\/\/exceptionaudio.fr\/site\/produit\/degritter-mark-ii-ultrasonic\/","name":"Degritter Mark II - Machine \u00e0 laver les vinyles - Exception Audio","isPartOf":{"@id":"https:\/\/exceptionaudio.fr\/site\/#website"},"primaryImageOfPage":{"@id":"https:\/\/exceptionaudio.fr\/site\/produit\/degritter-mark-ii-ultrasonic\/#primaryimage"},"image":{"@id":"https:\/\/exceptionaudio.fr\/site\/produit\/degritter-mark-ii-ultrasonic\/#primaryimage"},"thumbnailUrl":"https:\/\/exceptionaudio.fr\/site\/wp-content\/uploads\/2023\/01\/Degritter-Mark-II-Silver.jpg","datePublished":"2023-01-13T14:56:08+00:00","dateModified":"2024-05-22T13:44:39+00:00","description":"La Degritter Mark II est une machine \u00e0 laver les disques vinyle par ultrasons \u00e0 120 kHz. Elle est performante, compacte et simple d\u2019utilisation.","breadcrumb":{"@id":"https:\/\/exceptionaudio.fr\/site\/produit\/degritter-mark-ii-ultrasonic\/#breadcrumb"},"inLanguage":"fr-FR","potentialAction":[{"@type":"ReadAction","target":["https:\/\/exceptionaudio.fr\/site\/produit\/degritter-mark-ii-ultrasonic\/"]}]},{"@type":"ImageObject","inLanguage":"fr-FR","@id":"https:\/\/exceptionaudio.fr\/site\/produit\/degritter-mark-ii-ultrasonic\/#primaryimage","url":"https:\/\/exceptionaudio.fr\/site\/wp-content\/uploads\/2023\/01\/Degritter-Mark-II-Silver.jpg","contentUrl":"https:\/\/exceptionaudio.fr\/site\/wp-content\/uploads\/2023\/01\/Degritter-Mark-II-Silver.jpg","width":1000,"height":1000,"caption":"Degritter Ultrasonic Mark II Silver Machine \u00e0 laver les disques vinyles"},{"@type":"BreadcrumbList","@id":"https:\/\/exceptionaudio.fr\/site\/produit\/degritter-mark-ii-ultrasonic\/#breadcrumb","itemListElement":[{"@type":"ListItem","position":1,"name":"Accueil","item":"https:\/\/exceptionaudio.fr\/site\/"},{"@type":"ListItem","position":2,"name":"Boutique","item":"https:\/\/exceptionaudio.fr\/site\/boutique\/"},{"@type":"ListItem","position":3,"name":"Degritter Mark II"}]},{"@type":"WebSite","@id":"https:\/\/exceptionaudio.fr\/site\/#website","url":"https:\/\/exceptionaudio.fr\/site\/","name":"Exception Audio","description":"Magasin hi-fi Antibes","publisher":{"@id":"https:\/\/exceptionaudio.fr\/site\/#organization"},"potentialAction":[{"@type":"SearchAction","target":{"@type":"EntryPoint","urlTemplate":"https:\/\/exceptionaudio.fr\/site\/?s={search_term_string}"},"query-input":{"@type":"PropertyValueSpecification","valueRequired":true,"valueName":"search_term_string"}}],"inLanguage":"fr-FR"},{"@type":"Organization","@id":"https:\/\/exceptionaudio.fr\/site\/#organization","name":"Exception Audio","url":"https:\/\/exceptionaudio.fr\/site\/","logo":{"@type":"ImageObject","inLanguage":"fr-FR","@id":"https:\/\/exceptionaudio.fr\/site\/#\/schema\/logo\/image\/","url":"https:\/\/exceptionaudio.fr\/site\/wp-content\/uploads\/2021\/10\/largeur-exception-audio-logos-noir.png","contentUrl":"https:\/\/exceptionaudio.fr\/site\/wp-content\/uploads\/2021\/10\/largeur-exception-audio-logos-noir.png","width":357,"height":54,"caption":"Exception Audio"},"image":{"@id":"https:\/\/exceptionaudio.fr\/site\/#\/schema\/logo\/image\/"},"sameAs":["https:\/\/www.facebook.com\/ExceptionAudio","https:\/\/www.instagram.com\/exception_audio\/"]}]}},"_links":{"self":[{"href":"https:\/\/exceptionaudio.fr\/site\/wp-json\/wp\/v2\/product\/7204","targetHints":{"allow":["GET"]}}],"collection":[{"href":"https:\/\/exceptionaudio.fr\/site\/wp-json\/wp\/v2\/product"}],"about":[{"href":"https:\/\/exceptionaudio.fr\/site\/wp-json\/wp\/v2\/types\/product"}],"version-history":[{"count":1,"href":"https:\/\/exceptionaudio.fr\/site\/wp-json\/wp\/v2\/product\/7204\/revisions"}],"predecessor-version":[{"id":8416,"href":"https:\/\/exceptionaudio.fr\/site\/wp-json\/wp\/v2\/product\/7204\/revisions\/8416"}],"wp:featuredmedia":[{"embeddable":true,"href":"https:\/\/exceptionaudio.fr\/site\/wp-json\/wp\/v2\/media\/7208"}],"wp:attachment":[{"href":"https:\/\/exceptionaudio.fr\/site\/wp-json\/wp\/v2\/media?parent=7204"}],"wp:term":[{"taxonomy":"product_brand","embeddable":true,"href":"https:\/\/exceptionaudio.fr\/site\/wp-json\/wp\/v2\/product_brand?post=7204"},{"taxonomy":"product_cat","embeddable":true,"href":"https:\/\/exceptionaudio.fr\/site\/wp-json\/wp\/v2\/product_cat?post=7204"},{"taxonomy":"product_tag","embeddable":true,"href":"https:\/\/exceptionaudio.fr\/site\/wp-json\/wp\/v2\/product_tag?post=7204"}],"curies":[{"name":"wp","href":"https:\/\/api.w.org\/{rel}","templated":true}]}}