{"id":7210,"date":"2023-01-13T17:28:26","date_gmt":"2023-01-13T16:28:26","guid":{"rendered":"https:\/\/exceptionaudio.fr\/site\/?post_type=product&#038;p=7210"},"modified":"2024-05-04T12:04:48","modified_gmt":"2024-05-04T10:04:48","slug":"silent-angel-bonn-nx","status":"publish","type":"product","link":"https:\/\/exceptionaudio.fr\/site\/produit\/silent-angel-bonn-nx\/","title":{"rendered":"Silent Angel Bonn NX"},"content":{"rendered":"","protected":false},"excerpt":{"rendered":"<p style=\"font-weight: 400;\">Le Silent Angel Bonn NX est un <a href=\"https:\/\/exceptionaudio.fr\/site\/categorie-produit\/switch-audiophile\/\">switch audiophile<\/a> sans compromis con\u00e7u pour optimiser la synchronisation, la pr\u00e9cision et la puret\u00e9 des donn\u00e9es num\u00e9riques transmissent \u00e0 votre lecteur r\u00e9seau, streamer ou serveur audio. Il est \u00e9quip\u00e9 de huit ports Ethernet RJ45 plaqu\u00e9s or et isol\u00e9s. Ce switch Ethernet permet de lib\u00e9rer le potentiel ultime de votre musique num\u00e9rique.<\/p>\n","protected":false},"featured_media":7213,"template":"","meta":[],"product_brand":[],"product_cat":[225,230],"product_tag":[229],"class_list":{"0":"post-7210","1":"product","2":"type-product","3":"status-publish","4":"has-post-thumbnail","6":"product_cat-accessoires-hifi","7":"product_cat-switch-audiophile","8":"product_tag-silent-angel","10":"first","11":"instock","12":"taxable","13":"shipping-taxable","14":"purchasable","15":"product-type-variable"},"yoast_head":"<!-- This site is optimized with the Yoast SEO plugin v27.4 - https:\/\/yoast.com\/product\/yoast-seo-wordpress\/ -->\n<title>Silent Angel Bonn NX - Switch audiophile - Exception Audio<\/title>\n<meta name=\"description\" content=\"Silent Angel Bonn NX : Switch audiophile sans compromis con\u00e7u pour lib\u00e9rer le potentiel votre lecteur r\u00e9seau hifi, streamer ou serveur audio.\" \/>\n<meta name=\"robots\" content=\"index, follow, max-snippet:-1, max-image-preview:large, max-video-preview:-1\" \/>\n<link rel=\"canonical\" href=\"https:\/\/exceptionaudio.fr\/site\/produit\/silent-angel-bonn-nx\/\" \/>\n<meta property=\"og:locale\" content=\"fr_FR\" \/>\n<meta property=\"og:type\" content=\"article\" \/>\n<meta property=\"og:title\" content=\"Silent Angel Bonn NX - Switch audiophile - Exception Audio\" \/>\n<meta property=\"og:description\" content=\"Silent Angel Bonn NX : Switch audiophile sans compromis con\u00e7u pour lib\u00e9rer le potentiel votre lecteur r\u00e9seau hifi, streamer ou serveur audio.\" \/>\n<meta property=\"og:url\" content=\"https:\/\/exceptionaudio.fr\/site\/produit\/silent-angel-bonn-nx\/\" \/>\n<meta property=\"og:site_name\" content=\"Exception Audio\" \/>\n<meta property=\"article:publisher\" content=\"https:\/\/www.facebook.com\/ExceptionAudio\" \/>\n<meta property=\"article:modified_time\" content=\"2024-05-04T10:04:48+00:00\" \/>\n<meta property=\"og:image\" content=\"https:\/\/exceptionaudio.fr\/site\/wp-content\/uploads\/2023\/01\/Silent-Angel-Bonn-NX-Noir.jpg\" \/>\n\t<meta property=\"og:image:width\" content=\"1000\" \/>\n\t<meta property=\"og:image:height\" content=\"1000\" \/>\n\t<meta property=\"og:image:type\" content=\"image\/jpeg\" \/>\n<meta name=\"twitter:card\" content=\"summary_large_image\" \/>\n<script type=\"application\/ld+json\" class=\"yoast-schema-graph\">{\"@context\":\"https:\\\/\\\/schema.org\",\"@graph\":[{\"@type\":\"WebPage\",\"@id\":\"https:\\\/\\\/exceptionaudio.fr\\\/site\\\/produit\\\/silent-angel-bonn-nx\\\/\",\"url\":\"https:\\\/\\\/exceptionaudio.fr\\\/site\\\/produit\\\/silent-angel-bonn-nx\\\/\",\"name\":\"Silent Angel Bonn NX - Switch audiophile - Exception Audio\",\"isPartOf\":{\"@id\":\"https:\\\/\\\/exceptionaudio.fr\\\/site\\\/#website\"},\"primaryImageOfPage\":{\"@id\":\"https:\\\/\\\/exceptionaudio.fr\\\/site\\\/produit\\\/silent-angel-bonn-nx\\\/#primaryimage\"},\"image\":{\"@id\":\"https:\\\/\\\/exceptionaudio.fr\\\/site\\\/produit\\\/silent-angel-bonn-nx\\\/#primaryimage\"},\"thumbnailUrl\":\"https:\\\/\\\/exceptionaudio.fr\\\/site\\\/wp-content\\\/uploads\\\/2023\\\/01\\\/Silent-Angel-Bonn-NX-Noir.jpg\",\"datePublished\":\"2023-01-13T16:28:26+00:00\",\"dateModified\":\"2024-05-04T10:04:48+00:00\",\"description\":\"Silent Angel Bonn NX : Switch audiophile sans compromis con\u00e7u pour lib\u00e9rer le potentiel votre lecteur r\u00e9seau hifi, streamer ou serveur audio.\",\"breadcrumb\":{\"@id\":\"https:\\\/\\\/exceptionaudio.fr\\\/site\\\/produit\\\/silent-angel-bonn-nx\\\/#breadcrumb\"},\"inLanguage\":\"fr-FR\",\"potentialAction\":[{\"@type\":\"ReadAction\",\"target\":[\"https:\\\/\\\/exceptionaudio.fr\\\/site\\\/produit\\\/silent-angel-bonn-nx\\\/\"]}]},{\"@type\":\"ImageObject\",\"inLanguage\":\"fr-FR\",\"@id\":\"https:\\\/\\\/exceptionaudio.fr\\\/site\\\/produit\\\/silent-angel-bonn-nx\\\/#primaryimage\",\"url\":\"https:\\\/\\\/exceptionaudio.fr\\\/site\\\/wp-content\\\/uploads\\\/2023\\\/01\\\/Silent-Angel-Bonn-NX-Noir.jpg\",\"contentUrl\":\"https:\\\/\\\/exceptionaudio.fr\\\/site\\\/wp-content\\\/uploads\\\/2023\\\/01\\\/Silent-Angel-Bonn-NX-Noir.jpg\",\"width\":1000,\"height\":1000,\"caption\":\"Switch audiophile hifi Silent Angel Bonn NX Noir\"},{\"@type\":\"BreadcrumbList\",\"@id\":\"https:\\\/\\\/exceptionaudio.fr\\\/site\\\/produit\\\/silent-angel-bonn-nx\\\/#breadcrumb\",\"itemListElement\":[{\"@type\":\"ListItem\",\"position\":1,\"name\":\"Accueil\",\"item\":\"https:\\\/\\\/exceptionaudio.fr\\\/site\\\/\"},{\"@type\":\"ListItem\",\"position\":2,\"name\":\"Boutique\",\"item\":\"https:\\\/\\\/exceptionaudio.fr\\\/site\\\/boutique\\\/\"},{\"@type\":\"ListItem\",\"position\":3,\"name\":\"Silent Angel Bonn NX\"}]},{\"@type\":\"WebSite\",\"@id\":\"https:\\\/\\\/exceptionaudio.fr\\\/site\\\/#website\",\"url\":\"https:\\\/\\\/exceptionaudio.fr\\\/site\\\/\",\"name\":\"Exception Audio\",\"description\":\"Magasin hi-fi Antibes\",\"publisher\":{\"@id\":\"https:\\\/\\\/exceptionaudio.fr\\\/site\\\/#organization\"},\"potentialAction\":[{\"@type\":\"SearchAction\",\"target\":{\"@type\":\"EntryPoint\",\"urlTemplate\":\"https:\\\/\\\/exceptionaudio.fr\\\/site\\\/?s={search_term_string}\"},\"query-input\":{\"@type\":\"PropertyValueSpecification\",\"valueRequired\":true,\"valueName\":\"search_term_string\"}}],\"inLanguage\":\"fr-FR\"},{\"@type\":\"Organization\",\"@id\":\"https:\\\/\\\/exceptionaudio.fr\\\/site\\\/#organization\",\"name\":\"Exception Audio\",\"url\":\"https:\\\/\\\/exceptionaudio.fr\\\/site\\\/\",\"logo\":{\"@type\":\"ImageObject\",\"inLanguage\":\"fr-FR\",\"@id\":\"https:\\\/\\\/exceptionaudio.fr\\\/site\\\/#\\\/schema\\\/logo\\\/image\\\/\",\"url\":\"https:\\\/\\\/exceptionaudio.fr\\\/site\\\/wp-content\\\/uploads\\\/2021\\\/10\\\/largeur-exception-audio-logos-noir.png\",\"contentUrl\":\"https:\\\/\\\/exceptionaudio.fr\\\/site\\\/wp-content\\\/uploads\\\/2021\\\/10\\\/largeur-exception-audio-logos-noir.png\",\"width\":357,\"height\":54,\"caption\":\"Exception Audio\"},\"image\":{\"@id\":\"https:\\\/\\\/exceptionaudio.fr\\\/site\\\/#\\\/schema\\\/logo\\\/image\\\/\"},\"sameAs\":[\"https:\\\/\\\/www.facebook.com\\\/ExceptionAudio\",\"https:\\\/\\\/www.instagram.com\\\/exception_audio\\\/\"]}]}<\/script>\n<!-- \/ Yoast SEO plugin. -->","yoast_head_json":{"title":"Silent Angel Bonn NX - Switch audiophile - Exception Audio","description":"Silent Angel Bonn NX : Switch audiophile sans compromis con\u00e7u pour lib\u00e9rer le potentiel votre lecteur r\u00e9seau hifi, streamer ou serveur audio.","robots":{"index":"index","follow":"follow","max-snippet":"max-snippet:-1","max-image-preview":"max-image-preview:large","max-video-preview":"max-video-preview:-1"},"canonical":"https:\/\/exceptionaudio.fr\/site\/produit\/silent-angel-bonn-nx\/","og_locale":"fr_FR","og_type":"article","og_title":"Silent Angel Bonn NX - Switch audiophile - Exception Audio","og_description":"Silent Angel Bonn NX : Switch audiophile sans compromis con\u00e7u pour lib\u00e9rer le potentiel votre lecteur r\u00e9seau hifi, streamer ou serveur audio.","og_url":"https:\/\/exceptionaudio.fr\/site\/produit\/silent-angel-bonn-nx\/","og_site_name":"Exception Audio","article_publisher":"https:\/\/www.facebook.com\/ExceptionAudio","article_modified_time":"2024-05-04T10:04:48+00:00","og_image":[{"width":1000,"height":1000,"url":"https:\/\/exceptionaudio.fr\/site\/wp-content\/uploads\/2023\/01\/Silent-Angel-Bonn-NX-Noir.jpg","type":"image\/jpeg"}],"twitter_card":"summary_large_image","schema":{"@context":"https:\/\/schema.org","@graph":[{"@type":"WebPage","@id":"https:\/\/exceptionaudio.fr\/site\/produit\/silent-angel-bonn-nx\/","url":"https:\/\/exceptionaudio.fr\/site\/produit\/silent-angel-bonn-nx\/","name":"Silent Angel Bonn NX - Switch audiophile - Exception Audio","isPartOf":{"@id":"https:\/\/exceptionaudio.fr\/site\/#website"},"primaryImageOfPage":{"@id":"https:\/\/exceptionaudio.fr\/site\/produit\/silent-angel-bonn-nx\/#primaryimage"},"image":{"@id":"https:\/\/exceptionaudio.fr\/site\/produit\/silent-angel-bonn-nx\/#primaryimage"},"thumbnailUrl":"https:\/\/exceptionaudio.fr\/site\/wp-content\/uploads\/2023\/01\/Silent-Angel-Bonn-NX-Noir.jpg","datePublished":"2023-01-13T16:28:26+00:00","dateModified":"2024-05-04T10:04:48+00:00","description":"Silent Angel Bonn NX : Switch audiophile sans compromis con\u00e7u pour lib\u00e9rer le potentiel votre lecteur r\u00e9seau hifi, streamer ou serveur audio.","breadcrumb":{"@id":"https:\/\/exceptionaudio.fr\/site\/produit\/silent-angel-bonn-nx\/#breadcrumb"},"inLanguage":"fr-FR","potentialAction":[{"@type":"ReadAction","target":["https:\/\/exceptionaudio.fr\/site\/produit\/silent-angel-bonn-nx\/"]}]},{"@type":"ImageObject","inLanguage":"fr-FR","@id":"https:\/\/exceptionaudio.fr\/site\/produit\/silent-angel-bonn-nx\/#primaryimage","url":"https:\/\/exceptionaudio.fr\/site\/wp-content\/uploads\/2023\/01\/Silent-Angel-Bonn-NX-Noir.jpg","contentUrl":"https:\/\/exceptionaudio.fr\/site\/wp-content\/uploads\/2023\/01\/Silent-Angel-Bonn-NX-Noir.jpg","width":1000,"height":1000,"caption":"Switch audiophile hifi Silent Angel Bonn NX Noir"},{"@type":"BreadcrumbList","@id":"https:\/\/exceptionaudio.fr\/site\/produit\/silent-angel-bonn-nx\/#breadcrumb","itemListElement":[{"@type":"ListItem","position":1,"name":"Accueil","item":"https:\/\/exceptionaudio.fr\/site\/"},{"@type":"ListItem","position":2,"name":"Boutique","item":"https:\/\/exceptionaudio.fr\/site\/boutique\/"},{"@type":"ListItem","position":3,"name":"Silent Angel Bonn NX"}]},{"@type":"WebSite","@id":"https:\/\/exceptionaudio.fr\/site\/#website","url":"https:\/\/exceptionaudio.fr\/site\/","name":"Exception Audio","description":"Magasin hi-fi Antibes","publisher":{"@id":"https:\/\/exceptionaudio.fr\/site\/#organization"},"potentialAction":[{"@type":"SearchAction","target":{"@type":"EntryPoint","urlTemplate":"https:\/\/exceptionaudio.fr\/site\/?s={search_term_string}"},"query-input":{"@type":"PropertyValueSpecification","valueRequired":true,"valueName":"search_term_string"}}],"inLanguage":"fr-FR"},{"@type":"Organization","@id":"https:\/\/exceptionaudio.fr\/site\/#organization","name":"Exception Audio","url":"https:\/\/exceptionaudio.fr\/site\/","logo":{"@type":"ImageObject","inLanguage":"fr-FR","@id":"https:\/\/exceptionaudio.fr\/site\/#\/schema\/logo\/image\/","url":"https:\/\/exceptionaudio.fr\/site\/wp-content\/uploads\/2021\/10\/largeur-exception-audio-logos-noir.png","contentUrl":"https:\/\/exceptionaudio.fr\/site\/wp-content\/uploads\/2021\/10\/largeur-exception-audio-logos-noir.png","width":357,"height":54,"caption":"Exception Audio"},"image":{"@id":"https:\/\/exceptionaudio.fr\/site\/#\/schema\/logo\/image\/"},"sameAs":["https:\/\/www.facebook.com\/ExceptionAudio","https:\/\/www.instagram.com\/exception_audio\/"]}]}},"_links":{"self":[{"href":"https:\/\/exceptionaudio.fr\/site\/wp-json\/wp\/v2\/product\/7210","targetHints":{"allow":["GET"]}}],"collection":[{"href":"https:\/\/exceptionaudio.fr\/site\/wp-json\/wp\/v2\/product"}],"about":[{"href":"https:\/\/exceptionaudio.fr\/site\/wp-json\/wp\/v2\/types\/product"}],"version-history":[{"count":1,"href":"https:\/\/exceptionaudio.fr\/site\/wp-json\/wp\/v2\/product\/7210\/revisions"}],"predecessor-version":[{"id":8817,"href":"https:\/\/exceptionaudio.fr\/site\/wp-json\/wp\/v2\/product\/7210\/revisions\/8817"}],"wp:featuredmedia":[{"embeddable":true,"href":"https:\/\/exceptionaudio.fr\/site\/wp-json\/wp\/v2\/media\/7213"}],"wp:attachment":[{"href":"https:\/\/exceptionaudio.fr\/site\/wp-json\/wp\/v2\/media?parent=7210"}],"wp:term":[{"taxonomy":"product_brand","embeddable":true,"href":"https:\/\/exceptionaudio.fr\/site\/wp-json\/wp\/v2\/product_brand?post=7210"},{"taxonomy":"product_cat","embeddable":true,"href":"https:\/\/exceptionaudio.fr\/site\/wp-json\/wp\/v2\/product_cat?post=7210"},{"taxonomy":"product_tag","embeddable":true,"href":"https:\/\/exceptionaudio.fr\/site\/wp-json\/wp\/v2\/product_tag?post=7210"}],"curies":[{"name":"wp","href":"https:\/\/api.w.org\/{rel}","templated":true}]}}