{"id":7321,"date":"2023-01-16T19:04:16","date_gmt":"2023-01-16T18:04:16","guid":{"rendered":"https:\/\/exceptionaudio.fr\/site\/?post_type=product&#038;p=7321"},"modified":"2023-01-16T19:07:40","modified_gmt":"2023-01-16T18:07:40","slug":"esprit-audio-lumina-cable-usb","status":"publish","type":"product","link":"https:\/\/exceptionaudio.fr\/site\/produit\/esprit-audio-lumina-cable-usb\/","title":{"rendered":"Esprit Lumina c\u00e2ble USB A\/B"},"content":{"rendered":"","protected":false},"excerpt":{"rendered":"<p style=\"font-weight: 400;\">Les c\u00e2bles num\u00e9riques USB A\/B Lumina de chez Esprit Audio sont de v\u00e9ritables r\u00e9f\u00e9rences haute-fid\u00e9lit\u00e9s. Gr\u00e2ce \u00e0 une conception sans compromis et un assemblage \u00e0 la main d\u2019une extr\u00eame sophistication, qui r\u00e9clame beaucoup de temps au montage, les c\u00e2bles Esprit Lumina d\u00e9finissent les qualit\u00e9s d\u2019une restitution sonore touchant la perfection. Ils disposent des meilleurs connecteurs jamais con\u00e7us par Esprit, au plaquage en argent pur tr\u00e8s \u00e9pais. La capacit\u00e9 dynamique, la musicalit\u00e9 sans entrave et les d\u00e9tails inou\u00efs r\u00e9v\u00e9l\u00e9s par la transparence des Lumina en font un vecteur d\u2019\u00e9motion si performant que toute votre collection de musique est \u00e0 red\u00e9couvrir. Chaque attaque, chaque silence et le parfait suivi m\u00e9lodique d\u00e9limitent une sc\u00e8ne musicale jusqu\u2019alors insoup\u00e7onn\u00e9e, pour vous offrir une exp\u00e9rience incroyablement captivante.<\/p>\n","protected":false},"featured_media":7328,"template":"","meta":[],"product_brand":[],"product_cat":[104,106],"product_tag":[204],"class_list":{"0":"post-7321","1":"product","2":"type-product","3":"status-publish","4":"has-post-thumbnail","6":"product_cat-cables-hifi","7":"product_cat-cables-audio-numeriques-hifi","8":"product_tag-esprit-audio","10":"first","11":"instock","12":"taxable","13":"shipping-taxable","14":"purchasable","15":"product-type-variable"},"yoast_head":"<!-- This site is optimized with the Yoast SEO plugin v27.3 - https:\/\/yoast.com\/product\/yoast-seo-wordpress\/ -->\n<title>Esprit Lumina c\u00e2ble USB A\/B - Exception Audio<\/title>\n<meta name=\"description\" content=\"Le c\u00e2ble USB Lumina de chez Esprit Audi est une r\u00e9f\u00e9rence haute-fid\u00e9lit\u00e9 permettant la liaison de votre source num\u00e9rique \u00e0 votre DAC hifi.\" \/>\n<meta name=\"robots\" content=\"index, follow, max-snippet:-1, max-image-preview:large, max-video-preview:-1\" \/>\n<link rel=\"canonical\" href=\"https:\/\/exceptionaudio.fr\/site\/produit\/esprit-audio-lumina-cable-usb\/\" \/>\n<meta property=\"og:locale\" content=\"fr_FR\" \/>\n<meta property=\"og:type\" content=\"article\" \/>\n<meta property=\"og:title\" content=\"Esprit Lumina c\u00e2ble USB A\/B - Exception Audio\" \/>\n<meta property=\"og:description\" content=\"Le c\u00e2ble USB Lumina de chez Esprit Audi est une r\u00e9f\u00e9rence haute-fid\u00e9lit\u00e9 permettant la liaison de votre source num\u00e9rique \u00e0 votre DAC hifi.\" \/>\n<meta property=\"og:url\" content=\"https:\/\/exceptionaudio.fr\/site\/produit\/esprit-audio-lumina-cable-usb\/\" \/>\n<meta property=\"og:site_name\" content=\"Exception Audio\" \/>\n<meta property=\"article:publisher\" content=\"https:\/\/www.facebook.com\/ExceptionAudio\" \/>\n<meta property=\"article:modified_time\" content=\"2023-01-16T18:07:40+00:00\" \/>\n<meta property=\"og:image\" content=\"https:\/\/exceptionaudio.fr\/site\/wp-content\/uploads\/2023\/01\/Esprit-Audio-LUMINA-USB.jpeg\" \/>\n\t<meta property=\"og:image:width\" content=\"1500\" \/>\n\t<meta property=\"og:image:height\" content=\"1123\" \/>\n\t<meta property=\"og:image:type\" content=\"image\/jpeg\" \/>\n<meta name=\"twitter:card\" content=\"summary_large_image\" \/>\n<script type=\"application\/ld+json\" class=\"yoast-schema-graph\">{\"@context\":\"https:\\\/\\\/schema.org\",\"@graph\":[{\"@type\":\"WebPage\",\"@id\":\"https:\\\/\\\/exceptionaudio.fr\\\/site\\\/produit\\\/esprit-audio-lumina-cable-usb\\\/\",\"url\":\"https:\\\/\\\/exceptionaudio.fr\\\/site\\\/produit\\\/esprit-audio-lumina-cable-usb\\\/\",\"name\":\"Esprit Lumina c\u00e2ble USB A\\\/B - Exception Audio\",\"isPartOf\":{\"@id\":\"https:\\\/\\\/exceptionaudio.fr\\\/site\\\/#website\"},\"primaryImageOfPage\":{\"@id\":\"https:\\\/\\\/exceptionaudio.fr\\\/site\\\/produit\\\/esprit-audio-lumina-cable-usb\\\/#primaryimage\"},\"image\":{\"@id\":\"https:\\\/\\\/exceptionaudio.fr\\\/site\\\/produit\\\/esprit-audio-lumina-cable-usb\\\/#primaryimage\"},\"thumbnailUrl\":\"https:\\\/\\\/exceptionaudio.fr\\\/site\\\/wp-content\\\/uploads\\\/2023\\\/01\\\/Esprit-Audio-LUMINA-USB.jpeg\",\"datePublished\":\"2023-01-16T18:04:16+00:00\",\"dateModified\":\"2023-01-16T18:07:40+00:00\",\"description\":\"Le c\u00e2ble USB Lumina de chez Esprit Audi est une r\u00e9f\u00e9rence haute-fid\u00e9lit\u00e9 permettant la liaison de votre source num\u00e9rique \u00e0 votre DAC hifi.\",\"breadcrumb\":{\"@id\":\"https:\\\/\\\/exceptionaudio.fr\\\/site\\\/produit\\\/esprit-audio-lumina-cable-usb\\\/#breadcrumb\"},\"inLanguage\":\"fr-FR\",\"potentialAction\":[{\"@type\":\"ReadAction\",\"target\":[\"https:\\\/\\\/exceptionaudio.fr\\\/site\\\/produit\\\/esprit-audio-lumina-cable-usb\\\/\"]}]},{\"@type\":\"ImageObject\",\"inLanguage\":\"fr-FR\",\"@id\":\"https:\\\/\\\/exceptionaudio.fr\\\/site\\\/produit\\\/esprit-audio-lumina-cable-usb\\\/#primaryimage\",\"url\":\"https:\\\/\\\/exceptionaudio.fr\\\/site\\\/wp-content\\\/uploads\\\/2023\\\/01\\\/Esprit-Audio-LUMINA-USB.jpeg\",\"contentUrl\":\"https:\\\/\\\/exceptionaudio.fr\\\/site\\\/wp-content\\\/uploads\\\/2023\\\/01\\\/Esprit-Audio-LUMINA-USB.jpeg\",\"width\":1500,\"height\":1123,\"caption\":\"Esprit Audio LUMINA c\u00e2ble USB A\\\/B hifi haut de gamme haute fid\u00e9lit\u00e9\"},{\"@type\":\"BreadcrumbList\",\"@id\":\"https:\\\/\\\/exceptionaudio.fr\\\/site\\\/produit\\\/esprit-audio-lumina-cable-usb\\\/#breadcrumb\",\"itemListElement\":[{\"@type\":\"ListItem\",\"position\":1,\"name\":\"Accueil\",\"item\":\"https:\\\/\\\/exceptionaudio.fr\\\/site\\\/\"},{\"@type\":\"ListItem\",\"position\":2,\"name\":\"Boutique\",\"item\":\"https:\\\/\\\/exceptionaudio.fr\\\/site\\\/boutique\\\/\"},{\"@type\":\"ListItem\",\"position\":3,\"name\":\"Esprit Lumina c\u00e2ble USB A\\\/B\"}]},{\"@type\":\"WebSite\",\"@id\":\"https:\\\/\\\/exceptionaudio.fr\\\/site\\\/#website\",\"url\":\"https:\\\/\\\/exceptionaudio.fr\\\/site\\\/\",\"name\":\"Exception Audio\",\"description\":\"Magasin hi-fi Antibes\",\"publisher\":{\"@id\":\"https:\\\/\\\/exceptionaudio.fr\\\/site\\\/#organization\"},\"potentialAction\":[{\"@type\":\"SearchAction\",\"target\":{\"@type\":\"EntryPoint\",\"urlTemplate\":\"https:\\\/\\\/exceptionaudio.fr\\\/site\\\/?s={search_term_string}\"},\"query-input\":{\"@type\":\"PropertyValueSpecification\",\"valueRequired\":true,\"valueName\":\"search_term_string\"}}],\"inLanguage\":\"fr-FR\"},{\"@type\":\"Organization\",\"@id\":\"https:\\\/\\\/exceptionaudio.fr\\\/site\\\/#organization\",\"name\":\"Exception Audio\",\"url\":\"https:\\\/\\\/exceptionaudio.fr\\\/site\\\/\",\"logo\":{\"@type\":\"ImageObject\",\"inLanguage\":\"fr-FR\",\"@id\":\"https:\\\/\\\/exceptionaudio.fr\\\/site\\\/#\\\/schema\\\/logo\\\/image\\\/\",\"url\":\"https:\\\/\\\/exceptionaudio.fr\\\/site\\\/wp-content\\\/uploads\\\/2021\\\/10\\\/largeur-exception-audio-logos-noir.png\",\"contentUrl\":\"https:\\\/\\\/exceptionaudio.fr\\\/site\\\/wp-content\\\/uploads\\\/2021\\\/10\\\/largeur-exception-audio-logos-noir.png\",\"width\":357,\"height\":54,\"caption\":\"Exception Audio\"},\"image\":{\"@id\":\"https:\\\/\\\/exceptionaudio.fr\\\/site\\\/#\\\/schema\\\/logo\\\/image\\\/\"},\"sameAs\":[\"https:\\\/\\\/www.facebook.com\\\/ExceptionAudio\",\"https:\\\/\\\/www.instagram.com\\\/exception_audio\\\/\"]}]}<\/script>\n<!-- \/ Yoast SEO plugin. -->","yoast_head_json":{"title":"Esprit Lumina c\u00e2ble USB A\/B - Exception Audio","description":"Le c\u00e2ble USB Lumina de chez Esprit Audi est une r\u00e9f\u00e9rence haute-fid\u00e9lit\u00e9 permettant la liaison de votre source num\u00e9rique \u00e0 votre DAC hifi.","robots":{"index":"index","follow":"follow","max-snippet":"max-snippet:-1","max-image-preview":"max-image-preview:large","max-video-preview":"max-video-preview:-1"},"canonical":"https:\/\/exceptionaudio.fr\/site\/produit\/esprit-audio-lumina-cable-usb\/","og_locale":"fr_FR","og_type":"article","og_title":"Esprit Lumina c\u00e2ble USB A\/B - Exception Audio","og_description":"Le c\u00e2ble USB Lumina de chez Esprit Audi est une r\u00e9f\u00e9rence haute-fid\u00e9lit\u00e9 permettant la liaison de votre source num\u00e9rique \u00e0 votre DAC hifi.","og_url":"https:\/\/exceptionaudio.fr\/site\/produit\/esprit-audio-lumina-cable-usb\/","og_site_name":"Exception Audio","article_publisher":"https:\/\/www.facebook.com\/ExceptionAudio","article_modified_time":"2023-01-16T18:07:40+00:00","og_image":[{"width":1500,"height":1123,"url":"https:\/\/exceptionaudio.fr\/site\/wp-content\/uploads\/2023\/01\/Esprit-Audio-LUMINA-USB.jpeg","type":"image\/jpeg"}],"twitter_card":"summary_large_image","schema":{"@context":"https:\/\/schema.org","@graph":[{"@type":"WebPage","@id":"https:\/\/exceptionaudio.fr\/site\/produit\/esprit-audio-lumina-cable-usb\/","url":"https:\/\/exceptionaudio.fr\/site\/produit\/esprit-audio-lumina-cable-usb\/","name":"Esprit Lumina c\u00e2ble USB A\/B - Exception Audio","isPartOf":{"@id":"https:\/\/exceptionaudio.fr\/site\/#website"},"primaryImageOfPage":{"@id":"https:\/\/exceptionaudio.fr\/site\/produit\/esprit-audio-lumina-cable-usb\/#primaryimage"},"image":{"@id":"https:\/\/exceptionaudio.fr\/site\/produit\/esprit-audio-lumina-cable-usb\/#primaryimage"},"thumbnailUrl":"https:\/\/exceptionaudio.fr\/site\/wp-content\/uploads\/2023\/01\/Esprit-Audio-LUMINA-USB.jpeg","datePublished":"2023-01-16T18:04:16+00:00","dateModified":"2023-01-16T18:07:40+00:00","description":"Le c\u00e2ble USB Lumina de chez Esprit Audi est une r\u00e9f\u00e9rence haute-fid\u00e9lit\u00e9 permettant la liaison de votre source num\u00e9rique \u00e0 votre DAC hifi.","breadcrumb":{"@id":"https:\/\/exceptionaudio.fr\/site\/produit\/esprit-audio-lumina-cable-usb\/#breadcrumb"},"inLanguage":"fr-FR","potentialAction":[{"@type":"ReadAction","target":["https:\/\/exceptionaudio.fr\/site\/produit\/esprit-audio-lumina-cable-usb\/"]}]},{"@type":"ImageObject","inLanguage":"fr-FR","@id":"https:\/\/exceptionaudio.fr\/site\/produit\/esprit-audio-lumina-cable-usb\/#primaryimage","url":"https:\/\/exceptionaudio.fr\/site\/wp-content\/uploads\/2023\/01\/Esprit-Audio-LUMINA-USB.jpeg","contentUrl":"https:\/\/exceptionaudio.fr\/site\/wp-content\/uploads\/2023\/01\/Esprit-Audio-LUMINA-USB.jpeg","width":1500,"height":1123,"caption":"Esprit Audio LUMINA c\u00e2ble USB A\/B hifi haut de gamme haute fid\u00e9lit\u00e9"},{"@type":"BreadcrumbList","@id":"https:\/\/exceptionaudio.fr\/site\/produit\/esprit-audio-lumina-cable-usb\/#breadcrumb","itemListElement":[{"@type":"ListItem","position":1,"name":"Accueil","item":"https:\/\/exceptionaudio.fr\/site\/"},{"@type":"ListItem","position":2,"name":"Boutique","item":"https:\/\/exceptionaudio.fr\/site\/boutique\/"},{"@type":"ListItem","position":3,"name":"Esprit Lumina c\u00e2ble USB A\/B"}]},{"@type":"WebSite","@id":"https:\/\/exceptionaudio.fr\/site\/#website","url":"https:\/\/exceptionaudio.fr\/site\/","name":"Exception Audio","description":"Magasin hi-fi Antibes","publisher":{"@id":"https:\/\/exceptionaudio.fr\/site\/#organization"},"potentialAction":[{"@type":"SearchAction","target":{"@type":"EntryPoint","urlTemplate":"https:\/\/exceptionaudio.fr\/site\/?s={search_term_string}"},"query-input":{"@type":"PropertyValueSpecification","valueRequired":true,"valueName":"search_term_string"}}],"inLanguage":"fr-FR"},{"@type":"Organization","@id":"https:\/\/exceptionaudio.fr\/site\/#organization","name":"Exception Audio","url":"https:\/\/exceptionaudio.fr\/site\/","logo":{"@type":"ImageObject","inLanguage":"fr-FR","@id":"https:\/\/exceptionaudio.fr\/site\/#\/schema\/logo\/image\/","url":"https:\/\/exceptionaudio.fr\/site\/wp-content\/uploads\/2021\/10\/largeur-exception-audio-logos-noir.png","contentUrl":"https:\/\/exceptionaudio.fr\/site\/wp-content\/uploads\/2021\/10\/largeur-exception-audio-logos-noir.png","width":357,"height":54,"caption":"Exception Audio"},"image":{"@id":"https:\/\/exceptionaudio.fr\/site\/#\/schema\/logo\/image\/"},"sameAs":["https:\/\/www.facebook.com\/ExceptionAudio","https:\/\/www.instagram.com\/exception_audio\/"]}]}},"_links":{"self":[{"href":"https:\/\/exceptionaudio.fr\/site\/wp-json\/wp\/v2\/product\/7321","targetHints":{"allow":["GET"]}}],"collection":[{"href":"https:\/\/exceptionaudio.fr\/site\/wp-json\/wp\/v2\/product"}],"about":[{"href":"https:\/\/exceptionaudio.fr\/site\/wp-json\/wp\/v2\/types\/product"}],"version-history":[{"count":0,"href":"https:\/\/exceptionaudio.fr\/site\/wp-json\/wp\/v2\/product\/7321\/revisions"}],"wp:featuredmedia":[{"embeddable":true,"href":"https:\/\/exceptionaudio.fr\/site\/wp-json\/wp\/v2\/media\/7328"}],"wp:attachment":[{"href":"https:\/\/exceptionaudio.fr\/site\/wp-json\/wp\/v2\/media?parent=7321"}],"wp:term":[{"taxonomy":"product_brand","embeddable":true,"href":"https:\/\/exceptionaudio.fr\/site\/wp-json\/wp\/v2\/product_brand?post=7321"},{"taxonomy":"product_cat","embeddable":true,"href":"https:\/\/exceptionaudio.fr\/site\/wp-json\/wp\/v2\/product_cat?post=7321"},{"taxonomy":"product_tag","embeddable":true,"href":"https:\/\/exceptionaudio.fr\/site\/wp-json\/wp\/v2\/product_tag?post=7321"}],"curies":[{"name":"wp","href":"https:\/\/api.w.org\/{rel}","templated":true}]}}