{"id":7482,"date":"2023-02-15T21:28:09","date_gmt":"2023-02-15T20:28:09","guid":{"rendered":"https:\/\/exceptionaudio.fr\/site\/?post_type=product&#038;p=7482"},"modified":"2026-03-27T09:37:29","modified_gmt":"2026-03-27T08:37:29","slug":"innuos-zenmini-mk3","status":"publish","type":"product","link":"https:\/\/exceptionaudio.fr\/site\/produit\/innuos-zenmini-mk3\/","title":{"rendered":"Innuos ZENmini Mk3"},"content":{"rendered":"","protected":false},"excerpt":{"rendered":"<p style=\"font-weight: 400;\">L\u2019Innuos ZENmini Mk3 est un serveur audio qui propose le meilleur de vos fichiers audio et des plateformes de musique en ligne tel que Qobuz, Tidal ou encore Spotify. Gr\u00e2ce \u00e0 son disque dur interne, vous pourrez stocker toute votre biblioth\u00e8que musicale, ripper vos CD ou encore l\u2019utiliser en tant que serveur Roon Core. Vous pourrez le connecter \u00e0 votre DAC ou directement sur votre ampli via ses sorties analogiques RCA. Avec son faible encombrement, ses fonctionnalit\u00e9s et sa musicalit\u00e9, le ZENmini est un incontournable\u00a0!<\/p>\n","protected":false},"featured_media":7485,"template":"","meta":[],"product_brand":[],"product_cat":[241],"product_tag":[],"class_list":{"0":"post-7482","1":"product","2":"type-product","3":"status-publish","4":"has-post-thumbnail","6":"product_cat-archives","8":"first","9":"outofstock","10":"taxable","11":"shipping-taxable","12":"purchasable","13":"product-type-variable"},"yoast_head":"<!-- This site is optimized with the Yoast SEO plugin v27.4 - https:\/\/yoast.com\/product\/yoast-seo-wordpress\/ -->\n<title>Innuos ZENmini Mk3 - Serveur audio hifi - Exception Audio<\/title>\n<meta name=\"description\" content=\"Innuos ZENmini Mk3 : Serveur audio hifi fiable et performant pour h\u00e9berger, partager et lire toutes votre musique d\u00e9mat\u00e9rialis\u00e9e. Upnp, Roon, Qobuz, Tidal ...\" \/>\n<meta name=\"robots\" content=\"index, follow, max-snippet:-1, max-image-preview:large, max-video-preview:-1\" \/>\n<link rel=\"canonical\" href=\"https:\/\/exceptionaudio.fr\/site\/produit\/innuos-zenmini-mk3\/\" \/>\n<meta property=\"og:locale\" content=\"fr_FR\" \/>\n<meta property=\"og:type\" content=\"article\" \/>\n<meta property=\"og:title\" content=\"Innuos ZENmini Mk3 - Serveur audio hifi - Exception Audio\" \/>\n<meta property=\"og:description\" content=\"Innuos ZENmini Mk3 : Serveur audio hifi fiable et performant pour h\u00e9berger, partager et lire toutes votre musique d\u00e9mat\u00e9rialis\u00e9e. Upnp, Roon, Qobuz, Tidal ...\" \/>\n<meta property=\"og:url\" content=\"https:\/\/exceptionaudio.fr\/site\/produit\/innuos-zenmini-mk3\/\" \/>\n<meta property=\"og:site_name\" content=\"Exception Audio\" \/>\n<meta property=\"article:publisher\" content=\"https:\/\/www.facebook.com\/ExceptionAudio\" \/>\n<meta property=\"article:modified_time\" content=\"2026-03-27T08:37:29+00:00\" \/>\n<meta property=\"og:image\" content=\"https:\/\/exceptionaudio.fr\/site\/wp-content\/uploads\/2023\/02\/Innuos-ZENmini-Mk3.jpg\" \/>\n\t<meta property=\"og:image:width\" content=\"1000\" \/>\n\t<meta property=\"og:image:height\" content=\"1000\" \/>\n\t<meta property=\"og:image:type\" content=\"image\/jpeg\" \/>\n<meta name=\"twitter:card\" content=\"summary_large_image\" \/>\n<script type=\"application\/ld+json\" class=\"yoast-schema-graph\">{\"@context\":\"https:\\\/\\\/schema.org\",\"@graph\":[{\"@type\":\"WebPage\",\"@id\":\"https:\\\/\\\/exceptionaudio.fr\\\/site\\\/produit\\\/innuos-zenmini-mk3\\\/\",\"url\":\"https:\\\/\\\/exceptionaudio.fr\\\/site\\\/produit\\\/innuos-zenmini-mk3\\\/\",\"name\":\"Innuos ZENmini Mk3 - Serveur audio hifi - Exception Audio\",\"isPartOf\":{\"@id\":\"https:\\\/\\\/exceptionaudio.fr\\\/site\\\/#website\"},\"primaryImageOfPage\":{\"@id\":\"https:\\\/\\\/exceptionaudio.fr\\\/site\\\/produit\\\/innuos-zenmini-mk3\\\/#primaryimage\"},\"image\":{\"@id\":\"https:\\\/\\\/exceptionaudio.fr\\\/site\\\/produit\\\/innuos-zenmini-mk3\\\/#primaryimage\"},\"thumbnailUrl\":\"https:\\\/\\\/exceptionaudio.fr\\\/site\\\/wp-content\\\/uploads\\\/2023\\\/02\\\/Innuos-ZENmini-Mk3.jpg\",\"datePublished\":\"2023-02-15T20:28:09+00:00\",\"dateModified\":\"2026-03-27T08:37:29+00:00\",\"description\":\"Innuos ZENmini Mk3 : Serveur audio hifi fiable et performant pour h\u00e9berger, partager et lire toutes votre musique d\u00e9mat\u00e9rialis\u00e9e. Upnp, Roon, Qobuz, Tidal ...\",\"breadcrumb\":{\"@id\":\"https:\\\/\\\/exceptionaudio.fr\\\/site\\\/produit\\\/innuos-zenmini-mk3\\\/#breadcrumb\"},\"inLanguage\":\"fr-FR\",\"potentialAction\":[{\"@type\":\"ReadAction\",\"target\":[\"https:\\\/\\\/exceptionaudio.fr\\\/site\\\/produit\\\/innuos-zenmini-mk3\\\/\"]}]},{\"@type\":\"ImageObject\",\"inLanguage\":\"fr-FR\",\"@id\":\"https:\\\/\\\/exceptionaudio.fr\\\/site\\\/produit\\\/innuos-zenmini-mk3\\\/#primaryimage\",\"url\":\"https:\\\/\\\/exceptionaudio.fr\\\/site\\\/wp-content\\\/uploads\\\/2023\\\/02\\\/Innuos-ZENmini-Mk3.jpg\",\"contentUrl\":\"https:\\\/\\\/exceptionaudio.fr\\\/site\\\/wp-content\\\/uploads\\\/2023\\\/02\\\/Innuos-ZENmini-Mk3.jpg\",\"width\":1000,\"height\":1000,\"caption\":\"serveur audio streamer hifi Innuos zenmini mk3 roon upnp ripper cd\"},{\"@type\":\"BreadcrumbList\",\"@id\":\"https:\\\/\\\/exceptionaudio.fr\\\/site\\\/produit\\\/innuos-zenmini-mk3\\\/#breadcrumb\",\"itemListElement\":[{\"@type\":\"ListItem\",\"position\":1,\"name\":\"Accueil\",\"item\":\"https:\\\/\\\/exceptionaudio.fr\\\/site\\\/\"},{\"@type\":\"ListItem\",\"position\":2,\"name\":\"Boutique\",\"item\":\"https:\\\/\\\/exceptionaudio.fr\\\/site\\\/boutique\\\/\"},{\"@type\":\"ListItem\",\"position\":3,\"name\":\"Innuos ZENmini Mk3\"}]},{\"@type\":\"WebSite\",\"@id\":\"https:\\\/\\\/exceptionaudio.fr\\\/site\\\/#website\",\"url\":\"https:\\\/\\\/exceptionaudio.fr\\\/site\\\/\",\"name\":\"Exception Audio\",\"description\":\"Magasin hi-fi Antibes\",\"publisher\":{\"@id\":\"https:\\\/\\\/exceptionaudio.fr\\\/site\\\/#organization\"},\"potentialAction\":[{\"@type\":\"SearchAction\",\"target\":{\"@type\":\"EntryPoint\",\"urlTemplate\":\"https:\\\/\\\/exceptionaudio.fr\\\/site\\\/?s={search_term_string}\"},\"query-input\":{\"@type\":\"PropertyValueSpecification\",\"valueRequired\":true,\"valueName\":\"search_term_string\"}}],\"inLanguage\":\"fr-FR\"},{\"@type\":\"Organization\",\"@id\":\"https:\\\/\\\/exceptionaudio.fr\\\/site\\\/#organization\",\"name\":\"Exception Audio\",\"url\":\"https:\\\/\\\/exceptionaudio.fr\\\/site\\\/\",\"logo\":{\"@type\":\"ImageObject\",\"inLanguage\":\"fr-FR\",\"@id\":\"https:\\\/\\\/exceptionaudio.fr\\\/site\\\/#\\\/schema\\\/logo\\\/image\\\/\",\"url\":\"https:\\\/\\\/exceptionaudio.fr\\\/site\\\/wp-content\\\/uploads\\\/2021\\\/10\\\/largeur-exception-audio-logos-noir.png\",\"contentUrl\":\"https:\\\/\\\/exceptionaudio.fr\\\/site\\\/wp-content\\\/uploads\\\/2021\\\/10\\\/largeur-exception-audio-logos-noir.png\",\"width\":357,\"height\":54,\"caption\":\"Exception Audio\"},\"image\":{\"@id\":\"https:\\\/\\\/exceptionaudio.fr\\\/site\\\/#\\\/schema\\\/logo\\\/image\\\/\"},\"sameAs\":[\"https:\\\/\\\/www.facebook.com\\\/ExceptionAudio\",\"https:\\\/\\\/www.instagram.com\\\/exception_audio\\\/\"]}]}<\/script>\n<!-- \/ Yoast SEO plugin. -->","yoast_head_json":{"title":"Innuos ZENmini Mk3 - Serveur audio hifi - Exception Audio","description":"Innuos ZENmini Mk3 : Serveur audio hifi fiable et performant pour h\u00e9berger, partager et lire toutes votre musique d\u00e9mat\u00e9rialis\u00e9e. Upnp, Roon, Qobuz, Tidal ...","robots":{"index":"index","follow":"follow","max-snippet":"max-snippet:-1","max-image-preview":"max-image-preview:large","max-video-preview":"max-video-preview:-1"},"canonical":"https:\/\/exceptionaudio.fr\/site\/produit\/innuos-zenmini-mk3\/","og_locale":"fr_FR","og_type":"article","og_title":"Innuos ZENmini Mk3 - Serveur audio hifi - Exception Audio","og_description":"Innuos ZENmini Mk3 : Serveur audio hifi fiable et performant pour h\u00e9berger, partager et lire toutes votre musique d\u00e9mat\u00e9rialis\u00e9e. Upnp, Roon, Qobuz, Tidal ...","og_url":"https:\/\/exceptionaudio.fr\/site\/produit\/innuos-zenmini-mk3\/","og_site_name":"Exception Audio","article_publisher":"https:\/\/www.facebook.com\/ExceptionAudio","article_modified_time":"2026-03-27T08:37:29+00:00","og_image":[{"width":1000,"height":1000,"url":"https:\/\/exceptionaudio.fr\/site\/wp-content\/uploads\/2023\/02\/Innuos-ZENmini-Mk3.jpg","type":"image\/jpeg"}],"twitter_card":"summary_large_image","schema":{"@context":"https:\/\/schema.org","@graph":[{"@type":"WebPage","@id":"https:\/\/exceptionaudio.fr\/site\/produit\/innuos-zenmini-mk3\/","url":"https:\/\/exceptionaudio.fr\/site\/produit\/innuos-zenmini-mk3\/","name":"Innuos ZENmini Mk3 - Serveur audio hifi - Exception Audio","isPartOf":{"@id":"https:\/\/exceptionaudio.fr\/site\/#website"},"primaryImageOfPage":{"@id":"https:\/\/exceptionaudio.fr\/site\/produit\/innuos-zenmini-mk3\/#primaryimage"},"image":{"@id":"https:\/\/exceptionaudio.fr\/site\/produit\/innuos-zenmini-mk3\/#primaryimage"},"thumbnailUrl":"https:\/\/exceptionaudio.fr\/site\/wp-content\/uploads\/2023\/02\/Innuos-ZENmini-Mk3.jpg","datePublished":"2023-02-15T20:28:09+00:00","dateModified":"2026-03-27T08:37:29+00:00","description":"Innuos ZENmini Mk3 : Serveur audio hifi fiable et performant pour h\u00e9berger, partager et lire toutes votre musique d\u00e9mat\u00e9rialis\u00e9e. Upnp, Roon, Qobuz, Tidal ...","breadcrumb":{"@id":"https:\/\/exceptionaudio.fr\/site\/produit\/innuos-zenmini-mk3\/#breadcrumb"},"inLanguage":"fr-FR","potentialAction":[{"@type":"ReadAction","target":["https:\/\/exceptionaudio.fr\/site\/produit\/innuos-zenmini-mk3\/"]}]},{"@type":"ImageObject","inLanguage":"fr-FR","@id":"https:\/\/exceptionaudio.fr\/site\/produit\/innuos-zenmini-mk3\/#primaryimage","url":"https:\/\/exceptionaudio.fr\/site\/wp-content\/uploads\/2023\/02\/Innuos-ZENmini-Mk3.jpg","contentUrl":"https:\/\/exceptionaudio.fr\/site\/wp-content\/uploads\/2023\/02\/Innuos-ZENmini-Mk3.jpg","width":1000,"height":1000,"caption":"serveur audio streamer hifi Innuos zenmini mk3 roon upnp ripper cd"},{"@type":"BreadcrumbList","@id":"https:\/\/exceptionaudio.fr\/site\/produit\/innuos-zenmini-mk3\/#breadcrumb","itemListElement":[{"@type":"ListItem","position":1,"name":"Accueil","item":"https:\/\/exceptionaudio.fr\/site\/"},{"@type":"ListItem","position":2,"name":"Boutique","item":"https:\/\/exceptionaudio.fr\/site\/boutique\/"},{"@type":"ListItem","position":3,"name":"Innuos ZENmini Mk3"}]},{"@type":"WebSite","@id":"https:\/\/exceptionaudio.fr\/site\/#website","url":"https:\/\/exceptionaudio.fr\/site\/","name":"Exception Audio","description":"Magasin hi-fi Antibes","publisher":{"@id":"https:\/\/exceptionaudio.fr\/site\/#organization"},"potentialAction":[{"@type":"SearchAction","target":{"@type":"EntryPoint","urlTemplate":"https:\/\/exceptionaudio.fr\/site\/?s={search_term_string}"},"query-input":{"@type":"PropertyValueSpecification","valueRequired":true,"valueName":"search_term_string"}}],"inLanguage":"fr-FR"},{"@type":"Organization","@id":"https:\/\/exceptionaudio.fr\/site\/#organization","name":"Exception Audio","url":"https:\/\/exceptionaudio.fr\/site\/","logo":{"@type":"ImageObject","inLanguage":"fr-FR","@id":"https:\/\/exceptionaudio.fr\/site\/#\/schema\/logo\/image\/","url":"https:\/\/exceptionaudio.fr\/site\/wp-content\/uploads\/2021\/10\/largeur-exception-audio-logos-noir.png","contentUrl":"https:\/\/exceptionaudio.fr\/site\/wp-content\/uploads\/2021\/10\/largeur-exception-audio-logos-noir.png","width":357,"height":54,"caption":"Exception Audio"},"image":{"@id":"https:\/\/exceptionaudio.fr\/site\/#\/schema\/logo\/image\/"},"sameAs":["https:\/\/www.facebook.com\/ExceptionAudio","https:\/\/www.instagram.com\/exception_audio\/"]}]}},"_links":{"self":[{"href":"https:\/\/exceptionaudio.fr\/site\/wp-json\/wp\/v2\/product\/7482","targetHints":{"allow":["GET"]}}],"collection":[{"href":"https:\/\/exceptionaudio.fr\/site\/wp-json\/wp\/v2\/product"}],"about":[{"href":"https:\/\/exceptionaudio.fr\/site\/wp-json\/wp\/v2\/types\/product"}],"version-history":[{"count":1,"href":"https:\/\/exceptionaudio.fr\/site\/wp-json\/wp\/v2\/product\/7482\/revisions"}],"predecessor-version":[{"id":7666,"href":"https:\/\/exceptionaudio.fr\/site\/wp-json\/wp\/v2\/product\/7482\/revisions\/7666"}],"wp:featuredmedia":[{"embeddable":true,"href":"https:\/\/exceptionaudio.fr\/site\/wp-json\/wp\/v2\/media\/7485"}],"wp:attachment":[{"href":"https:\/\/exceptionaudio.fr\/site\/wp-json\/wp\/v2\/media?parent=7482"}],"wp:term":[{"taxonomy":"product_brand","embeddable":true,"href":"https:\/\/exceptionaudio.fr\/site\/wp-json\/wp\/v2\/product_brand?post=7482"},{"taxonomy":"product_cat","embeddable":true,"href":"https:\/\/exceptionaudio.fr\/site\/wp-json\/wp\/v2\/product_cat?post=7482"},{"taxonomy":"product_tag","embeddable":true,"href":"https:\/\/exceptionaudio.fr\/site\/wp-json\/wp\/v2\/product_tag?post=7482"}],"curies":[{"name":"wp","href":"https:\/\/api.w.org\/{rel}","templated":true}]}}