{"id":7705,"date":"2023-05-04T16:12:41","date_gmt":"2023-05-04T14:12:41","guid":{"rendered":"https:\/\/exceptionaudio.fr\/site\/?post_type=product&#038;p=7705"},"modified":"2024-05-03T20:12:03","modified_gmt":"2024-05-03T18:12:03","slug":"escape-p9","status":"publish","type":"product","link":"https:\/\/exceptionaudio.fr\/site\/produit\/escape-p9\/","title":{"rendered":"Escape P9"},"content":{"rendered":"","protected":false},"excerpt":{"rendered":"<p style=\"font-weight: 400;\">L&rsquo;Escape P9 est une <a href=\"https:\/\/exceptionaudio.fr\/site\/categorie-produit\/enceintes-bibliotheques-colonnes-hifi\/enceintes-exterieurs\/\">enceinte d\u2019ext\u00e9rieur<\/a> sans fil Bluetooth int\u00e9grant une batterie proposant jusqu\u2019\u00e0 16h d\u2019autonomie. Elle offre une qualit\u00e9 sonore sup\u00e9rieure \u00e0 l\u2019<a href=\"https:\/\/exceptionaudio.fr\/site\/produit\/escape-p6-bt\/\">Escape P6<\/a> gr\u00e2ce aux quatre haut-parleurs de haute qualit\u00e9 et son subwoofer de 20cm. Elle est id\u00e9ale pour sonoriser votre jardin, terrasse ou les abords de la piscine avec vos musiques diffus\u00e9es par Bluetooth depuis votre smartphone. Avec sa puissance, sa batterie et sa r\u00e9sistance \u00e0 l&rsquo;eau, l&rsquo;Escape P9 est l&rsquo;enceinte de l&rsquo;\u00e9t\u00e9. Vous pourrez associez une deuxi\u00e8me enceinte Escape P9 pour obtenir une configuration st\u00e9r\u00e9o.<\/p>\n","protected":false},"featured_media":7711,"template":"","meta":[],"product_brand":[],"product_cat":[90,256,240],"product_tag":[239],"class_list":{"0":"post-7705","1":"product","2":"type-product","3":"status-publish","4":"has-post-thumbnail","6":"product_cat-enceintes-bibliotheques-colonnes-hifi","7":"product_cat-enceintes-connectees-nomades","8":"product_cat-enceintes-exterieurs","9":"product_tag-escape-enceintes-exterieur","11":"first","12":"instock","13":"taxable","14":"shipping-taxable","15":"purchasable","16":"product-type-variable"},"yoast_head":"<!-- This site is optimized with the Yoast SEO plugin v27.3 - https:\/\/yoast.com\/product\/yoast-seo-wordpress\/ -->\n<title>Escape P9 - Enceinte d&#039;ext\u00e9rieur connect\u00e9e - Exception Audio<\/title>\n<meta name=\"description\" content=\"L\u2019Escape P9 est une enceinte d&#039;ext\u00e9rieur sans fil Bluetooth int\u00e9grant une batterie proposant jusqu\u2019\u00e0 16h d\u2019autonomie. Id\u00e9al pour votre jardin, terrasse ...\" \/>\n<meta name=\"robots\" content=\"index, follow, max-snippet:-1, max-image-preview:large, max-video-preview:-1\" \/>\n<link rel=\"canonical\" href=\"https:\/\/exceptionaudio.fr\/site\/produit\/escape-p9\/\" \/>\n<meta property=\"og:locale\" content=\"fr_FR\" \/>\n<meta property=\"og:type\" content=\"article\" \/>\n<meta property=\"og:title\" content=\"Escape P9 - Enceinte d&#039;ext\u00e9rieur connect\u00e9e - Exception Audio\" \/>\n<meta property=\"og:description\" content=\"L\u2019Escape P9 est une enceinte d&#039;ext\u00e9rieur sans fil Bluetooth int\u00e9grant une batterie proposant jusqu\u2019\u00e0 16h d\u2019autonomie. Id\u00e9al pour votre jardin, terrasse ...\" \/>\n<meta property=\"og:url\" content=\"https:\/\/exceptionaudio.fr\/site\/produit\/escape-p9\/\" \/>\n<meta property=\"og:site_name\" content=\"Exception Audio\" \/>\n<meta property=\"article:publisher\" content=\"https:\/\/www.facebook.com\/ExceptionAudio\" \/>\n<meta property=\"article:modified_time\" content=\"2024-05-03T18:12:03+00:00\" \/>\n<meta property=\"og:image\" content=\"https:\/\/exceptionaudio.fr\/site\/wp-content\/uploads\/2023\/05\/Escape-P9-Taupe.jpg\" \/>\n\t<meta property=\"og:image:width\" content=\"1000\" \/>\n\t<meta property=\"og:image:height\" content=\"1000\" \/>\n\t<meta property=\"og:image:type\" content=\"image\/jpeg\" \/>\n<meta name=\"twitter:card\" content=\"summary_large_image\" \/>\n<script type=\"application\/ld+json\" class=\"yoast-schema-graph\">{\"@context\":\"https:\\\/\\\/schema.org\",\"@graph\":[{\"@type\":\"WebPage\",\"@id\":\"https:\\\/\\\/exceptionaudio.fr\\\/site\\\/produit\\\/escape-p9\\\/\",\"url\":\"https:\\\/\\\/exceptionaudio.fr\\\/site\\\/produit\\\/escape-p9\\\/\",\"name\":\"Escape P9 - Enceinte d'ext\u00e9rieur connect\u00e9e - Exception Audio\",\"isPartOf\":{\"@id\":\"https:\\\/\\\/exceptionaudio.fr\\\/site\\\/#website\"},\"primaryImageOfPage\":{\"@id\":\"https:\\\/\\\/exceptionaudio.fr\\\/site\\\/produit\\\/escape-p9\\\/#primaryimage\"},\"image\":{\"@id\":\"https:\\\/\\\/exceptionaudio.fr\\\/site\\\/produit\\\/escape-p9\\\/#primaryimage\"},\"thumbnailUrl\":\"https:\\\/\\\/exceptionaudio.fr\\\/site\\\/wp-content\\\/uploads\\\/2023\\\/05\\\/Escape-P9-Taupe.jpg\",\"datePublished\":\"2023-05-04T14:12:41+00:00\",\"dateModified\":\"2024-05-03T18:12:03+00:00\",\"description\":\"L\u2019Escape P9 est une enceinte d'ext\u00e9rieur sans fil Bluetooth int\u00e9grant une batterie proposant jusqu\u2019\u00e0 16h d\u2019autonomie. Id\u00e9al pour votre jardin, terrasse ...\",\"breadcrumb\":{\"@id\":\"https:\\\/\\\/exceptionaudio.fr\\\/site\\\/produit\\\/escape-p9\\\/#breadcrumb\"},\"inLanguage\":\"fr-FR\",\"potentialAction\":[{\"@type\":\"ReadAction\",\"target\":[\"https:\\\/\\\/exceptionaudio.fr\\\/site\\\/produit\\\/escape-p9\\\/\"]}]},{\"@type\":\"ImageObject\",\"inLanguage\":\"fr-FR\",\"@id\":\"https:\\\/\\\/exceptionaudio.fr\\\/site\\\/produit\\\/escape-p9\\\/#primaryimage\",\"url\":\"https:\\\/\\\/exceptionaudio.fr\\\/site\\\/wp-content\\\/uploads\\\/2023\\\/05\\\/Escape-P9-Taupe.jpg\",\"contentUrl\":\"https:\\\/\\\/exceptionaudio.fr\\\/site\\\/wp-content\\\/uploads\\\/2023\\\/05\\\/Escape-P9-Taupe.jpg\",\"width\":1000,\"height\":1000,\"caption\":\"Escape Speakers P9 taupe Enceinte hifi ext\u00e9rieur connect\u00e9e sans fil sur batterie bluetooth audio\"},{\"@type\":\"BreadcrumbList\",\"@id\":\"https:\\\/\\\/exceptionaudio.fr\\\/site\\\/produit\\\/escape-p9\\\/#breadcrumb\",\"itemListElement\":[{\"@type\":\"ListItem\",\"position\":1,\"name\":\"Accueil\",\"item\":\"https:\\\/\\\/exceptionaudio.fr\\\/site\\\/\"},{\"@type\":\"ListItem\",\"position\":2,\"name\":\"Boutique\",\"item\":\"https:\\\/\\\/exceptionaudio.fr\\\/site\\\/boutique\\\/\"},{\"@type\":\"ListItem\",\"position\":3,\"name\":\"Escape P9\"}]},{\"@type\":\"WebSite\",\"@id\":\"https:\\\/\\\/exceptionaudio.fr\\\/site\\\/#website\",\"url\":\"https:\\\/\\\/exceptionaudio.fr\\\/site\\\/\",\"name\":\"Exception Audio\",\"description\":\"Magasin hi-fi Antibes\",\"publisher\":{\"@id\":\"https:\\\/\\\/exceptionaudio.fr\\\/site\\\/#organization\"},\"potentialAction\":[{\"@type\":\"SearchAction\",\"target\":{\"@type\":\"EntryPoint\",\"urlTemplate\":\"https:\\\/\\\/exceptionaudio.fr\\\/site\\\/?s={search_term_string}\"},\"query-input\":{\"@type\":\"PropertyValueSpecification\",\"valueRequired\":true,\"valueName\":\"search_term_string\"}}],\"inLanguage\":\"fr-FR\"},{\"@type\":\"Organization\",\"@id\":\"https:\\\/\\\/exceptionaudio.fr\\\/site\\\/#organization\",\"name\":\"Exception Audio\",\"url\":\"https:\\\/\\\/exceptionaudio.fr\\\/site\\\/\",\"logo\":{\"@type\":\"ImageObject\",\"inLanguage\":\"fr-FR\",\"@id\":\"https:\\\/\\\/exceptionaudio.fr\\\/site\\\/#\\\/schema\\\/logo\\\/image\\\/\",\"url\":\"https:\\\/\\\/exceptionaudio.fr\\\/site\\\/wp-content\\\/uploads\\\/2021\\\/10\\\/largeur-exception-audio-logos-noir.png\",\"contentUrl\":\"https:\\\/\\\/exceptionaudio.fr\\\/site\\\/wp-content\\\/uploads\\\/2021\\\/10\\\/largeur-exception-audio-logos-noir.png\",\"width\":357,\"height\":54,\"caption\":\"Exception Audio\"},\"image\":{\"@id\":\"https:\\\/\\\/exceptionaudio.fr\\\/site\\\/#\\\/schema\\\/logo\\\/image\\\/\"},\"sameAs\":[\"https:\\\/\\\/www.facebook.com\\\/ExceptionAudio\",\"https:\\\/\\\/www.instagram.com\\\/exception_audio\\\/\"]}]}<\/script>\n<!-- \/ Yoast SEO plugin. -->","yoast_head_json":{"title":"Escape P9 - Enceinte d'ext\u00e9rieur connect\u00e9e - Exception Audio","description":"L\u2019Escape P9 est une enceinte d'ext\u00e9rieur sans fil Bluetooth int\u00e9grant une batterie proposant jusqu\u2019\u00e0 16h d\u2019autonomie. Id\u00e9al pour votre jardin, terrasse ...","robots":{"index":"index","follow":"follow","max-snippet":"max-snippet:-1","max-image-preview":"max-image-preview:large","max-video-preview":"max-video-preview:-1"},"canonical":"https:\/\/exceptionaudio.fr\/site\/produit\/escape-p9\/","og_locale":"fr_FR","og_type":"article","og_title":"Escape P9 - Enceinte d'ext\u00e9rieur connect\u00e9e - Exception Audio","og_description":"L\u2019Escape P9 est une enceinte d'ext\u00e9rieur sans fil Bluetooth int\u00e9grant une batterie proposant jusqu\u2019\u00e0 16h d\u2019autonomie. Id\u00e9al pour votre jardin, terrasse ...","og_url":"https:\/\/exceptionaudio.fr\/site\/produit\/escape-p9\/","og_site_name":"Exception Audio","article_publisher":"https:\/\/www.facebook.com\/ExceptionAudio","article_modified_time":"2024-05-03T18:12:03+00:00","og_image":[{"width":1000,"height":1000,"url":"https:\/\/exceptionaudio.fr\/site\/wp-content\/uploads\/2023\/05\/Escape-P9-Taupe.jpg","type":"image\/jpeg"}],"twitter_card":"summary_large_image","schema":{"@context":"https:\/\/schema.org","@graph":[{"@type":"WebPage","@id":"https:\/\/exceptionaudio.fr\/site\/produit\/escape-p9\/","url":"https:\/\/exceptionaudio.fr\/site\/produit\/escape-p9\/","name":"Escape P9 - Enceinte d'ext\u00e9rieur connect\u00e9e - Exception Audio","isPartOf":{"@id":"https:\/\/exceptionaudio.fr\/site\/#website"},"primaryImageOfPage":{"@id":"https:\/\/exceptionaudio.fr\/site\/produit\/escape-p9\/#primaryimage"},"image":{"@id":"https:\/\/exceptionaudio.fr\/site\/produit\/escape-p9\/#primaryimage"},"thumbnailUrl":"https:\/\/exceptionaudio.fr\/site\/wp-content\/uploads\/2023\/05\/Escape-P9-Taupe.jpg","datePublished":"2023-05-04T14:12:41+00:00","dateModified":"2024-05-03T18:12:03+00:00","description":"L\u2019Escape P9 est une enceinte d'ext\u00e9rieur sans fil Bluetooth int\u00e9grant une batterie proposant jusqu\u2019\u00e0 16h d\u2019autonomie. Id\u00e9al pour votre jardin, terrasse ...","breadcrumb":{"@id":"https:\/\/exceptionaudio.fr\/site\/produit\/escape-p9\/#breadcrumb"},"inLanguage":"fr-FR","potentialAction":[{"@type":"ReadAction","target":["https:\/\/exceptionaudio.fr\/site\/produit\/escape-p9\/"]}]},{"@type":"ImageObject","inLanguage":"fr-FR","@id":"https:\/\/exceptionaudio.fr\/site\/produit\/escape-p9\/#primaryimage","url":"https:\/\/exceptionaudio.fr\/site\/wp-content\/uploads\/2023\/05\/Escape-P9-Taupe.jpg","contentUrl":"https:\/\/exceptionaudio.fr\/site\/wp-content\/uploads\/2023\/05\/Escape-P9-Taupe.jpg","width":1000,"height":1000,"caption":"Escape Speakers P9 taupe Enceinte hifi ext\u00e9rieur connect\u00e9e sans fil sur batterie bluetooth audio"},{"@type":"BreadcrumbList","@id":"https:\/\/exceptionaudio.fr\/site\/produit\/escape-p9\/#breadcrumb","itemListElement":[{"@type":"ListItem","position":1,"name":"Accueil","item":"https:\/\/exceptionaudio.fr\/site\/"},{"@type":"ListItem","position":2,"name":"Boutique","item":"https:\/\/exceptionaudio.fr\/site\/boutique\/"},{"@type":"ListItem","position":3,"name":"Escape P9"}]},{"@type":"WebSite","@id":"https:\/\/exceptionaudio.fr\/site\/#website","url":"https:\/\/exceptionaudio.fr\/site\/","name":"Exception Audio","description":"Magasin hi-fi Antibes","publisher":{"@id":"https:\/\/exceptionaudio.fr\/site\/#organization"},"potentialAction":[{"@type":"SearchAction","target":{"@type":"EntryPoint","urlTemplate":"https:\/\/exceptionaudio.fr\/site\/?s={search_term_string}"},"query-input":{"@type":"PropertyValueSpecification","valueRequired":true,"valueName":"search_term_string"}}],"inLanguage":"fr-FR"},{"@type":"Organization","@id":"https:\/\/exceptionaudio.fr\/site\/#organization","name":"Exception Audio","url":"https:\/\/exceptionaudio.fr\/site\/","logo":{"@type":"ImageObject","inLanguage":"fr-FR","@id":"https:\/\/exceptionaudio.fr\/site\/#\/schema\/logo\/image\/","url":"https:\/\/exceptionaudio.fr\/site\/wp-content\/uploads\/2021\/10\/largeur-exception-audio-logos-noir.png","contentUrl":"https:\/\/exceptionaudio.fr\/site\/wp-content\/uploads\/2021\/10\/largeur-exception-audio-logos-noir.png","width":357,"height":54,"caption":"Exception Audio"},"image":{"@id":"https:\/\/exceptionaudio.fr\/site\/#\/schema\/logo\/image\/"},"sameAs":["https:\/\/www.facebook.com\/ExceptionAudio","https:\/\/www.instagram.com\/exception_audio\/"]}]}},"_links":{"self":[{"href":"https:\/\/exceptionaudio.fr\/site\/wp-json\/wp\/v2\/product\/7705","targetHints":{"allow":["GET"]}}],"collection":[{"href":"https:\/\/exceptionaudio.fr\/site\/wp-json\/wp\/v2\/product"}],"about":[{"href":"https:\/\/exceptionaudio.fr\/site\/wp-json\/wp\/v2\/types\/product"}],"version-history":[{"count":2,"href":"https:\/\/exceptionaudio.fr\/site\/wp-json\/wp\/v2\/product\/7705\/revisions"}],"predecessor-version":[{"id":7715,"href":"https:\/\/exceptionaudio.fr\/site\/wp-json\/wp\/v2\/product\/7705\/revisions\/7715"}],"wp:featuredmedia":[{"embeddable":true,"href":"https:\/\/exceptionaudio.fr\/site\/wp-json\/wp\/v2\/media\/7711"}],"wp:attachment":[{"href":"https:\/\/exceptionaudio.fr\/site\/wp-json\/wp\/v2\/media?parent=7705"}],"wp:term":[{"taxonomy":"product_brand","embeddable":true,"href":"https:\/\/exceptionaudio.fr\/site\/wp-json\/wp\/v2\/product_brand?post=7705"},{"taxonomy":"product_cat","embeddable":true,"href":"https:\/\/exceptionaudio.fr\/site\/wp-json\/wp\/v2\/product_cat?post=7705"},{"taxonomy":"product_tag","embeddable":true,"href":"https:\/\/exceptionaudio.fr\/site\/wp-json\/wp\/v2\/product_tag?post=7705"}],"curies":[{"name":"wp","href":"https:\/\/api.w.org\/{rel}","templated":true}]}}