{"id":7848,"date":"2023-06-20T17:59:20","date_gmt":"2023-06-20T15:59:20","guid":{"rendered":"https:\/\/exceptionaudio.fr\/site\/?post_type=product&#038;p=7848"},"modified":"2023-09-18T12:03:14","modified_gmt":"2023-09-18T10:03:14","slug":"innuos-zen-mini-mk3-s-1tb","status":"publish","type":"product","link":"https:\/\/exceptionaudio.fr\/site\/produit\/innuos-zen-mini-mk3-s-1tb\/","title":{"rendered":"Innuos ZEN mini Mk3 S 1TB"},"content":{"rendered":"","protected":false},"excerpt":{"rendered":"<p>Le serveur audio\u00a0Innuos Innuos ZEN mini Mk3 SSD\u00a0est \u00e9quip\u00e9 d&rsquo;un disque SSD pour\u00a0stocker toute votre biblioth\u00e8que musicale et la partager \u00e0 haut d\u00e9bit sur un lecteur r\u00e9seau, ampli connect\u00e9 ou tout autre syst\u00e8me compatible DLNA ou \u00e9quip\u00e9 d&rsquo;une entr\u00e9e audio ou Ethernet. Ce serveur Innuos ZEN mini Mk3 SSD peut partager vos fichiers Hi-Res jusqu&rsquo;\u00e0 une\u00a0tr\u00e8s haute r\u00e9solution de 32 bits \/ 384 kHz, ainsi que les titres MQA et DSD512. D&rsquo;une grande\u00a0polyvalence, le serveur Innuos ZEN mini Mk3 SSD peut\u00a0acc\u00e9der \u00e0 de nombreux services de\u00a0streaming\u00a0comme\u00a0Qobuz, Spotify Connect et Tidal, tandis que son lecteur CD int\u00e9gr\u00e9 vous permet de lire et de num\u00e9riser toute votre\u00a0discographie.<\/p>\n<p>Appareil d&rsquo;occasion en parfait \u00e9tat. Livr\u00e9 avec sa bo\u00eete d&rsquo;origine et ses accessoires.<\/p>\n","protected":false},"featured_media":7849,"template":"","meta":[],"product_brand":[],"product_cat":[241],"product_tag":[],"class_list":{"0":"post-7848","1":"product","2":"type-product","3":"status-publish","4":"has-post-thumbnail","6":"product_cat-archives","8":"first","9":"outofstock","10":"taxable","11":"shipping-taxable","12":"product-type-simple"},"yoast_head":"<!-- This site is optimized with the Yoast SEO plugin v27.4 - https:\/\/yoast.com\/product\/yoast-seo-wordpress\/ -->\n<title>Innuos ZEN mini Mk3 S 1TB - Serveur audio - Exception Audio<\/title>\n<meta name=\"description\" content=\"Innuos ZEN mini Mk3 S 1TB - Occasion : Le serveur audio Innuos Innuos ZEN mini Mk3 SSD est \u00e9quip\u00e9 d&#039;un disque SSD pour stocker toute votre biblioth\u00e8que musicale.\" \/>\n<meta name=\"robots\" content=\"index, follow, max-snippet:-1, max-image-preview:large, max-video-preview:-1\" \/>\n<link rel=\"canonical\" href=\"https:\/\/exceptionaudio.fr\/site\/produit\/innuos-zen-mini-mk3-s-1tb\/\" \/>\n<meta property=\"og:locale\" content=\"fr_FR\" \/>\n<meta property=\"og:type\" content=\"article\" \/>\n<meta property=\"og:title\" content=\"Innuos ZEN mini Mk3 S 1TB - Serveur audio - Exception Audio\" \/>\n<meta property=\"og:description\" content=\"Innuos ZEN mini Mk3 S 1TB - Occasion : Le serveur audio Innuos Innuos ZEN mini Mk3 SSD est \u00e9quip\u00e9 d&#039;un disque SSD pour stocker toute votre biblioth\u00e8que musicale.\" \/>\n<meta property=\"og:url\" content=\"https:\/\/exceptionaudio.fr\/site\/produit\/innuos-zen-mini-mk3-s-1tb\/\" \/>\n<meta property=\"og:site_name\" content=\"Exception Audio\" \/>\n<meta property=\"article:publisher\" content=\"https:\/\/www.facebook.com\/ExceptionAudio\" \/>\n<meta property=\"article:modified_time\" content=\"2023-09-18T10:03:14+00:00\" \/>\n<meta property=\"og:image\" content=\"https:\/\/exceptionaudio.fr\/site\/wp-content\/uploads\/2023\/06\/IMG_9714-scaled.jpg\" \/>\n\t<meta property=\"og:image:width\" content=\"2560\" \/>\n\t<meta property=\"og:image:height\" content=\"1920\" \/>\n\t<meta property=\"og:image:type\" content=\"image\/jpeg\" \/>\n<meta name=\"twitter:card\" content=\"summary_large_image\" \/>\n<script type=\"application\/ld+json\" class=\"yoast-schema-graph\">{\"@context\":\"https:\\\/\\\/schema.org\",\"@graph\":[{\"@type\":\"WebPage\",\"@id\":\"https:\\\/\\\/exceptionaudio.fr\\\/site\\\/produit\\\/innuos-zen-mini-mk3-s-1tb\\\/\",\"url\":\"https:\\\/\\\/exceptionaudio.fr\\\/site\\\/produit\\\/innuos-zen-mini-mk3-s-1tb\\\/\",\"name\":\"Innuos ZEN mini Mk3 S 1TB - Serveur audio - Exception Audio\",\"isPartOf\":{\"@id\":\"https:\\\/\\\/exceptionaudio.fr\\\/site\\\/#website\"},\"primaryImageOfPage\":{\"@id\":\"https:\\\/\\\/exceptionaudio.fr\\\/site\\\/produit\\\/innuos-zen-mini-mk3-s-1tb\\\/#primaryimage\"},\"image\":{\"@id\":\"https:\\\/\\\/exceptionaudio.fr\\\/site\\\/produit\\\/innuos-zen-mini-mk3-s-1tb\\\/#primaryimage\"},\"thumbnailUrl\":\"https:\\\/\\\/exceptionaudio.fr\\\/site\\\/wp-content\\\/uploads\\\/2023\\\/06\\\/IMG_9714-scaled.jpg\",\"datePublished\":\"2023-06-20T15:59:20+00:00\",\"dateModified\":\"2023-09-18T10:03:14+00:00\",\"description\":\"Innuos ZEN mini Mk3 S 1TB - Occasion : Le serveur audio Innuos Innuos ZEN mini Mk3 SSD est \u00e9quip\u00e9 d'un disque SSD pour stocker toute votre biblioth\u00e8que musicale.\",\"breadcrumb\":{\"@id\":\"https:\\\/\\\/exceptionaudio.fr\\\/site\\\/produit\\\/innuos-zen-mini-mk3-s-1tb\\\/#breadcrumb\"},\"inLanguage\":\"fr-FR\",\"potentialAction\":[{\"@type\":\"ReadAction\",\"target\":[\"https:\\\/\\\/exceptionaudio.fr\\\/site\\\/produit\\\/innuos-zen-mini-mk3-s-1tb\\\/\"]}]},{\"@type\":\"ImageObject\",\"inLanguage\":\"fr-FR\",\"@id\":\"https:\\\/\\\/exceptionaudio.fr\\\/site\\\/produit\\\/innuos-zen-mini-mk3-s-1tb\\\/#primaryimage\",\"url\":\"https:\\\/\\\/exceptionaudio.fr\\\/site\\\/wp-content\\\/uploads\\\/2023\\\/06\\\/IMG_9714-scaled.jpg\",\"contentUrl\":\"https:\\\/\\\/exceptionaudio.fr\\\/site\\\/wp-content\\\/uploads\\\/2023\\\/06\\\/IMG_9714-scaled.jpg\",\"width\":2560,\"height\":1920,\"caption\":\"Innuos ZEN mini Mk3 S 1TB serveur audio hifi\"},{\"@type\":\"BreadcrumbList\",\"@id\":\"https:\\\/\\\/exceptionaudio.fr\\\/site\\\/produit\\\/innuos-zen-mini-mk3-s-1tb\\\/#breadcrumb\",\"itemListElement\":[{\"@type\":\"ListItem\",\"position\":1,\"name\":\"Accueil\",\"item\":\"https:\\\/\\\/exceptionaudio.fr\\\/site\\\/\"},{\"@type\":\"ListItem\",\"position\":2,\"name\":\"Boutique\",\"item\":\"https:\\\/\\\/exceptionaudio.fr\\\/site\\\/boutique\\\/\"},{\"@type\":\"ListItem\",\"position\":3,\"name\":\"Innuos ZEN mini Mk3 S 1TB\"}]},{\"@type\":\"WebSite\",\"@id\":\"https:\\\/\\\/exceptionaudio.fr\\\/site\\\/#website\",\"url\":\"https:\\\/\\\/exceptionaudio.fr\\\/site\\\/\",\"name\":\"Exception Audio\",\"description\":\"Magasin hi-fi Antibes\",\"publisher\":{\"@id\":\"https:\\\/\\\/exceptionaudio.fr\\\/site\\\/#organization\"},\"potentialAction\":[{\"@type\":\"SearchAction\",\"target\":{\"@type\":\"EntryPoint\",\"urlTemplate\":\"https:\\\/\\\/exceptionaudio.fr\\\/site\\\/?s={search_term_string}\"},\"query-input\":{\"@type\":\"PropertyValueSpecification\",\"valueRequired\":true,\"valueName\":\"search_term_string\"}}],\"inLanguage\":\"fr-FR\"},{\"@type\":\"Organization\",\"@id\":\"https:\\\/\\\/exceptionaudio.fr\\\/site\\\/#organization\",\"name\":\"Exception Audio\",\"url\":\"https:\\\/\\\/exceptionaudio.fr\\\/site\\\/\",\"logo\":{\"@type\":\"ImageObject\",\"inLanguage\":\"fr-FR\",\"@id\":\"https:\\\/\\\/exceptionaudio.fr\\\/site\\\/#\\\/schema\\\/logo\\\/image\\\/\",\"url\":\"https:\\\/\\\/exceptionaudio.fr\\\/site\\\/wp-content\\\/uploads\\\/2021\\\/10\\\/largeur-exception-audio-logos-noir.png\",\"contentUrl\":\"https:\\\/\\\/exceptionaudio.fr\\\/site\\\/wp-content\\\/uploads\\\/2021\\\/10\\\/largeur-exception-audio-logos-noir.png\",\"width\":357,\"height\":54,\"caption\":\"Exception Audio\"},\"image\":{\"@id\":\"https:\\\/\\\/exceptionaudio.fr\\\/site\\\/#\\\/schema\\\/logo\\\/image\\\/\"},\"sameAs\":[\"https:\\\/\\\/www.facebook.com\\\/ExceptionAudio\",\"https:\\\/\\\/www.instagram.com\\\/exception_audio\\\/\"]}]}<\/script>\n<!-- \/ Yoast SEO plugin. -->","yoast_head_json":{"title":"Innuos ZEN mini Mk3 S 1TB - Serveur audio - Exception Audio","description":"Innuos ZEN mini Mk3 S 1TB - Occasion : Le serveur audio Innuos Innuos ZEN mini Mk3 SSD est \u00e9quip\u00e9 d'un disque SSD pour stocker toute votre biblioth\u00e8que musicale.","robots":{"index":"index","follow":"follow","max-snippet":"max-snippet:-1","max-image-preview":"max-image-preview:large","max-video-preview":"max-video-preview:-1"},"canonical":"https:\/\/exceptionaudio.fr\/site\/produit\/innuos-zen-mini-mk3-s-1tb\/","og_locale":"fr_FR","og_type":"article","og_title":"Innuos ZEN mini Mk3 S 1TB - Serveur audio - Exception Audio","og_description":"Innuos ZEN mini Mk3 S 1TB - Occasion : Le serveur audio Innuos Innuos ZEN mini Mk3 SSD est \u00e9quip\u00e9 d'un disque SSD pour stocker toute votre biblioth\u00e8que musicale.","og_url":"https:\/\/exceptionaudio.fr\/site\/produit\/innuos-zen-mini-mk3-s-1tb\/","og_site_name":"Exception Audio","article_publisher":"https:\/\/www.facebook.com\/ExceptionAudio","article_modified_time":"2023-09-18T10:03:14+00:00","og_image":[{"width":2560,"height":1920,"url":"https:\/\/exceptionaudio.fr\/site\/wp-content\/uploads\/2023\/06\/IMG_9714-scaled.jpg","type":"image\/jpeg"}],"twitter_card":"summary_large_image","schema":{"@context":"https:\/\/schema.org","@graph":[{"@type":"WebPage","@id":"https:\/\/exceptionaudio.fr\/site\/produit\/innuos-zen-mini-mk3-s-1tb\/","url":"https:\/\/exceptionaudio.fr\/site\/produit\/innuos-zen-mini-mk3-s-1tb\/","name":"Innuos ZEN mini Mk3 S 1TB - Serveur audio - Exception Audio","isPartOf":{"@id":"https:\/\/exceptionaudio.fr\/site\/#website"},"primaryImageOfPage":{"@id":"https:\/\/exceptionaudio.fr\/site\/produit\/innuos-zen-mini-mk3-s-1tb\/#primaryimage"},"image":{"@id":"https:\/\/exceptionaudio.fr\/site\/produit\/innuos-zen-mini-mk3-s-1tb\/#primaryimage"},"thumbnailUrl":"https:\/\/exceptionaudio.fr\/site\/wp-content\/uploads\/2023\/06\/IMG_9714-scaled.jpg","datePublished":"2023-06-20T15:59:20+00:00","dateModified":"2023-09-18T10:03:14+00:00","description":"Innuos ZEN mini Mk3 S 1TB - Occasion : Le serveur audio Innuos Innuos ZEN mini Mk3 SSD est \u00e9quip\u00e9 d'un disque SSD pour stocker toute votre biblioth\u00e8que musicale.","breadcrumb":{"@id":"https:\/\/exceptionaudio.fr\/site\/produit\/innuos-zen-mini-mk3-s-1tb\/#breadcrumb"},"inLanguage":"fr-FR","potentialAction":[{"@type":"ReadAction","target":["https:\/\/exceptionaudio.fr\/site\/produit\/innuos-zen-mini-mk3-s-1tb\/"]}]},{"@type":"ImageObject","inLanguage":"fr-FR","@id":"https:\/\/exceptionaudio.fr\/site\/produit\/innuos-zen-mini-mk3-s-1tb\/#primaryimage","url":"https:\/\/exceptionaudio.fr\/site\/wp-content\/uploads\/2023\/06\/IMG_9714-scaled.jpg","contentUrl":"https:\/\/exceptionaudio.fr\/site\/wp-content\/uploads\/2023\/06\/IMG_9714-scaled.jpg","width":2560,"height":1920,"caption":"Innuos ZEN mini Mk3 S 1TB serveur audio hifi"},{"@type":"BreadcrumbList","@id":"https:\/\/exceptionaudio.fr\/site\/produit\/innuos-zen-mini-mk3-s-1tb\/#breadcrumb","itemListElement":[{"@type":"ListItem","position":1,"name":"Accueil","item":"https:\/\/exceptionaudio.fr\/site\/"},{"@type":"ListItem","position":2,"name":"Boutique","item":"https:\/\/exceptionaudio.fr\/site\/boutique\/"},{"@type":"ListItem","position":3,"name":"Innuos ZEN mini Mk3 S 1TB"}]},{"@type":"WebSite","@id":"https:\/\/exceptionaudio.fr\/site\/#website","url":"https:\/\/exceptionaudio.fr\/site\/","name":"Exception Audio","description":"Magasin hi-fi Antibes","publisher":{"@id":"https:\/\/exceptionaudio.fr\/site\/#organization"},"potentialAction":[{"@type":"SearchAction","target":{"@type":"EntryPoint","urlTemplate":"https:\/\/exceptionaudio.fr\/site\/?s={search_term_string}"},"query-input":{"@type":"PropertyValueSpecification","valueRequired":true,"valueName":"search_term_string"}}],"inLanguage":"fr-FR"},{"@type":"Organization","@id":"https:\/\/exceptionaudio.fr\/site\/#organization","name":"Exception Audio","url":"https:\/\/exceptionaudio.fr\/site\/","logo":{"@type":"ImageObject","inLanguage":"fr-FR","@id":"https:\/\/exceptionaudio.fr\/site\/#\/schema\/logo\/image\/","url":"https:\/\/exceptionaudio.fr\/site\/wp-content\/uploads\/2021\/10\/largeur-exception-audio-logos-noir.png","contentUrl":"https:\/\/exceptionaudio.fr\/site\/wp-content\/uploads\/2021\/10\/largeur-exception-audio-logos-noir.png","width":357,"height":54,"caption":"Exception Audio"},"image":{"@id":"https:\/\/exceptionaudio.fr\/site\/#\/schema\/logo\/image\/"},"sameAs":["https:\/\/www.facebook.com\/ExceptionAudio","https:\/\/www.instagram.com\/exception_audio\/"]}]}},"_links":{"self":[{"href":"https:\/\/exceptionaudio.fr\/site\/wp-json\/wp\/v2\/product\/7848","targetHints":{"allow":["GET"]}}],"collection":[{"href":"https:\/\/exceptionaudio.fr\/site\/wp-json\/wp\/v2\/product"}],"about":[{"href":"https:\/\/exceptionaudio.fr\/site\/wp-json\/wp\/v2\/types\/product"}],"version-history":[{"count":1,"href":"https:\/\/exceptionaudio.fr\/site\/wp-json\/wp\/v2\/product\/7848\/revisions"}],"predecessor-version":[{"id":7851,"href":"https:\/\/exceptionaudio.fr\/site\/wp-json\/wp\/v2\/product\/7848\/revisions\/7851"}],"wp:featuredmedia":[{"embeddable":true,"href":"https:\/\/exceptionaudio.fr\/site\/wp-json\/wp\/v2\/media\/7849"}],"wp:attachment":[{"href":"https:\/\/exceptionaudio.fr\/site\/wp-json\/wp\/v2\/media?parent=7848"}],"wp:term":[{"taxonomy":"product_brand","embeddable":true,"href":"https:\/\/exceptionaudio.fr\/site\/wp-json\/wp\/v2\/product_brand?post=7848"},{"taxonomy":"product_cat","embeddable":true,"href":"https:\/\/exceptionaudio.fr\/site\/wp-json\/wp\/v2\/product_cat?post=7848"},{"taxonomy":"product_tag","embeddable":true,"href":"https:\/\/exceptionaudio.fr\/site\/wp-json\/wp\/v2\/product_tag?post=7848"}],"curies":[{"name":"wp","href":"https:\/\/api.w.org\/{rel}","templated":true}]}}