{"id":7864,"date":"2023-06-28T15:48:22","date_gmt":"2023-06-28T13:48:22","guid":{"rendered":"https:\/\/exceptionaudio.fr\/site\/?post_type=product&#038;p=7864"},"modified":"2024-01-02T17:23:04","modified_gmt":"2024-01-02T16:23:04","slug":"cable-modulation-xlr-esprit-audio-celesta-g9-1-2m","status":"publish","type":"product","link":"https:\/\/exceptionaudio.fr\/site\/produit\/cable-modulation-xlr-esprit-audio-celesta-g9-1-2m\/","title":{"rendered":"C\u00e2ble modulation XLR Esprit Celesta G9 1.2M"},"content":{"rendered":"","protected":false},"excerpt":{"rendered":"<p>C\u00e2bles modulation XLR Esprit Audio Celesta G9 en longueur 1.2M.<\/p>\n<p>C\u00e2ble d&rsquo;occasion en parfait \u00e9tat. Livr\u00e9 sans sa bo\u00eete.<\/p>\n<p>Prix neuf : 990\u20ac<\/p>\n","protected":false},"featured_media":7866,"template":"","meta":[],"product_brand":[],"product_cat":[241],"product_tag":[],"class_list":{"0":"post-7864","1":"product","2":"type-product","3":"status-publish","4":"has-post-thumbnail","6":"product_cat-archives","8":"first","9":"instock","10":"taxable","11":"shipping-taxable","12":"product-type-simple"},"yoast_head":"<!-- This site is optimized with the Yoast SEO plugin v27.4 - https:\/\/yoast.com\/product\/yoast-seo-wordpress\/ -->\n<title>C\u00e2ble modulation XLR Esprit Celesta G9 1.2M - Bonnes affaires hifi - Exception Audio<\/title>\n<meta name=\"description\" content=\"C\u00e2ble modulation XLR Esprit Audio Celesta G9 1.2M - Bonnes affaires c\u00e2ble hifi\" \/>\n<meta name=\"robots\" content=\"index, follow, max-snippet:-1, max-image-preview:large, max-video-preview:-1\" \/>\n<link rel=\"canonical\" href=\"https:\/\/exceptionaudio.fr\/site\/produit\/cable-modulation-xlr-esprit-audio-celesta-g9-1-2m\/\" \/>\n<meta property=\"og:locale\" content=\"fr_FR\" \/>\n<meta property=\"og:type\" content=\"article\" \/>\n<meta property=\"og:title\" content=\"C\u00e2ble modulation XLR Esprit Celesta G9 1.2M - Bonnes affaires hifi - Exception Audio\" \/>\n<meta property=\"og:description\" content=\"C\u00e2ble modulation XLR Esprit Audio Celesta G9 1.2M - Bonnes affaires c\u00e2ble hifi\" \/>\n<meta property=\"og:url\" content=\"https:\/\/exceptionaudio.fr\/site\/produit\/cable-modulation-xlr-esprit-audio-celesta-g9-1-2m\/\" \/>\n<meta property=\"og:site_name\" content=\"Exception Audio\" \/>\n<meta property=\"article:publisher\" content=\"https:\/\/www.facebook.com\/ExceptionAudio\" \/>\n<meta property=\"article:modified_time\" content=\"2024-01-02T16:23:04+00:00\" \/>\n<meta property=\"og:image\" content=\"https:\/\/exceptionaudio.fr\/site\/wp-content\/uploads\/2023\/06\/IMG_9709-scaled.jpeg\" \/>\n\t<meta property=\"og:image:width\" content=\"1920\" \/>\n\t<meta property=\"og:image:height\" content=\"2560\" \/>\n\t<meta property=\"og:image:type\" content=\"image\/jpeg\" \/>\n<meta name=\"twitter:card\" content=\"summary_large_image\" \/>\n<meta name=\"twitter:label1\" content=\"Dur\u00e9e de lecture estim\u00e9e\" \/>\n\t<meta name=\"twitter:data1\" content=\"1 minute\" \/>\n<script type=\"application\/ld+json\" class=\"yoast-schema-graph\">{\"@context\":\"https:\\\/\\\/schema.org\",\"@graph\":[{\"@type\":\"WebPage\",\"@id\":\"https:\\\/\\\/exceptionaudio.fr\\\/site\\\/produit\\\/cable-modulation-xlr-esprit-audio-celesta-g9-1-2m\\\/\",\"url\":\"https:\\\/\\\/exceptionaudio.fr\\\/site\\\/produit\\\/cable-modulation-xlr-esprit-audio-celesta-g9-1-2m\\\/\",\"name\":\"C\u00e2ble modulation XLR Esprit Celesta G9 1.2M - Bonnes affaires hifi - Exception Audio\",\"isPartOf\":{\"@id\":\"https:\\\/\\\/exceptionaudio.fr\\\/site\\\/#website\"},\"primaryImageOfPage\":{\"@id\":\"https:\\\/\\\/exceptionaudio.fr\\\/site\\\/produit\\\/cable-modulation-xlr-esprit-audio-celesta-g9-1-2m\\\/#primaryimage\"},\"image\":{\"@id\":\"https:\\\/\\\/exceptionaudio.fr\\\/site\\\/produit\\\/cable-modulation-xlr-esprit-audio-celesta-g9-1-2m\\\/#primaryimage\"},\"thumbnailUrl\":\"https:\\\/\\\/exceptionaudio.fr\\\/site\\\/wp-content\\\/uploads\\\/2023\\\/06\\\/IMG_9709-scaled.jpeg\",\"datePublished\":\"2023-06-28T13:48:22+00:00\",\"dateModified\":\"2024-01-02T16:23:04+00:00\",\"description\":\"C\u00e2ble modulation XLR Esprit Audio Celesta G9 1.2M - Bonnes affaires c\u00e2ble hifi\",\"breadcrumb\":{\"@id\":\"https:\\\/\\\/exceptionaudio.fr\\\/site\\\/produit\\\/cable-modulation-xlr-esprit-audio-celesta-g9-1-2m\\\/#breadcrumb\"},\"inLanguage\":\"fr-FR\",\"potentialAction\":[{\"@type\":\"ReadAction\",\"target\":[\"https:\\\/\\\/exceptionaudio.fr\\\/site\\\/produit\\\/cable-modulation-xlr-esprit-audio-celesta-g9-1-2m\\\/\"]}]},{\"@type\":\"ImageObject\",\"inLanguage\":\"fr-FR\",\"@id\":\"https:\\\/\\\/exceptionaudio.fr\\\/site\\\/produit\\\/cable-modulation-xlr-esprit-audio-celesta-g9-1-2m\\\/#primaryimage\",\"url\":\"https:\\\/\\\/exceptionaudio.fr\\\/site\\\/wp-content\\\/uploads\\\/2023\\\/06\\\/IMG_9709-scaled.jpeg\",\"contentUrl\":\"https:\\\/\\\/exceptionaudio.fr\\\/site\\\/wp-content\\\/uploads\\\/2023\\\/06\\\/IMG_9709-scaled.jpeg\",\"width\":1920,\"height\":2560,\"caption\":\"C\u00e2bles modulation XLR Esprit Audio Celesta G9 1.2M bonnes affaires c\u00e2ble hifi\"},{\"@type\":\"BreadcrumbList\",\"@id\":\"https:\\\/\\\/exceptionaudio.fr\\\/site\\\/produit\\\/cable-modulation-xlr-esprit-audio-celesta-g9-1-2m\\\/#breadcrumb\",\"itemListElement\":[{\"@type\":\"ListItem\",\"position\":1,\"name\":\"Accueil\",\"item\":\"https:\\\/\\\/exceptionaudio.fr\\\/site\\\/\"},{\"@type\":\"ListItem\",\"position\":2,\"name\":\"Boutique\",\"item\":\"https:\\\/\\\/exceptionaudio.fr\\\/site\\\/boutique\\\/\"},{\"@type\":\"ListItem\",\"position\":3,\"name\":\"C\u00e2ble modulation XLR Esprit Celesta G9 1.2M\"}]},{\"@type\":\"WebSite\",\"@id\":\"https:\\\/\\\/exceptionaudio.fr\\\/site\\\/#website\",\"url\":\"https:\\\/\\\/exceptionaudio.fr\\\/site\\\/\",\"name\":\"Exception Audio\",\"description\":\"Magasin hi-fi Antibes\",\"publisher\":{\"@id\":\"https:\\\/\\\/exceptionaudio.fr\\\/site\\\/#organization\"},\"potentialAction\":[{\"@type\":\"SearchAction\",\"target\":{\"@type\":\"EntryPoint\",\"urlTemplate\":\"https:\\\/\\\/exceptionaudio.fr\\\/site\\\/?s={search_term_string}\"},\"query-input\":{\"@type\":\"PropertyValueSpecification\",\"valueRequired\":true,\"valueName\":\"search_term_string\"}}],\"inLanguage\":\"fr-FR\"},{\"@type\":\"Organization\",\"@id\":\"https:\\\/\\\/exceptionaudio.fr\\\/site\\\/#organization\",\"name\":\"Exception Audio\",\"url\":\"https:\\\/\\\/exceptionaudio.fr\\\/site\\\/\",\"logo\":{\"@type\":\"ImageObject\",\"inLanguage\":\"fr-FR\",\"@id\":\"https:\\\/\\\/exceptionaudio.fr\\\/site\\\/#\\\/schema\\\/logo\\\/image\\\/\",\"url\":\"https:\\\/\\\/exceptionaudio.fr\\\/site\\\/wp-content\\\/uploads\\\/2021\\\/10\\\/largeur-exception-audio-logos-noir.png\",\"contentUrl\":\"https:\\\/\\\/exceptionaudio.fr\\\/site\\\/wp-content\\\/uploads\\\/2021\\\/10\\\/largeur-exception-audio-logos-noir.png\",\"width\":357,\"height\":54,\"caption\":\"Exception Audio\"},\"image\":{\"@id\":\"https:\\\/\\\/exceptionaudio.fr\\\/site\\\/#\\\/schema\\\/logo\\\/image\\\/\"},\"sameAs\":[\"https:\\\/\\\/www.facebook.com\\\/ExceptionAudio\",\"https:\\\/\\\/www.instagram.com\\\/exception_audio\\\/\"]}]}<\/script>\n<!-- \/ Yoast SEO plugin. -->","yoast_head_json":{"title":"C\u00e2ble modulation XLR Esprit Celesta G9 1.2M - Bonnes affaires hifi - Exception Audio","description":"C\u00e2ble modulation XLR Esprit Audio Celesta G9 1.2M - Bonnes affaires c\u00e2ble hifi","robots":{"index":"index","follow":"follow","max-snippet":"max-snippet:-1","max-image-preview":"max-image-preview:large","max-video-preview":"max-video-preview:-1"},"canonical":"https:\/\/exceptionaudio.fr\/site\/produit\/cable-modulation-xlr-esprit-audio-celesta-g9-1-2m\/","og_locale":"fr_FR","og_type":"article","og_title":"C\u00e2ble modulation XLR Esprit Celesta G9 1.2M - Bonnes affaires hifi - Exception Audio","og_description":"C\u00e2ble modulation XLR Esprit Audio Celesta G9 1.2M - Bonnes affaires c\u00e2ble hifi","og_url":"https:\/\/exceptionaudio.fr\/site\/produit\/cable-modulation-xlr-esprit-audio-celesta-g9-1-2m\/","og_site_name":"Exception Audio","article_publisher":"https:\/\/www.facebook.com\/ExceptionAudio","article_modified_time":"2024-01-02T16:23:04+00:00","og_image":[{"width":1920,"height":2560,"url":"https:\/\/exceptionaudio.fr\/site\/wp-content\/uploads\/2023\/06\/IMG_9709-scaled.jpeg","type":"image\/jpeg"}],"twitter_card":"summary_large_image","twitter_misc":{"Dur\u00e9e de lecture estim\u00e9e":"1 minute"},"schema":{"@context":"https:\/\/schema.org","@graph":[{"@type":"WebPage","@id":"https:\/\/exceptionaudio.fr\/site\/produit\/cable-modulation-xlr-esprit-audio-celesta-g9-1-2m\/","url":"https:\/\/exceptionaudio.fr\/site\/produit\/cable-modulation-xlr-esprit-audio-celesta-g9-1-2m\/","name":"C\u00e2ble modulation XLR Esprit Celesta G9 1.2M - Bonnes affaires hifi - Exception Audio","isPartOf":{"@id":"https:\/\/exceptionaudio.fr\/site\/#website"},"primaryImageOfPage":{"@id":"https:\/\/exceptionaudio.fr\/site\/produit\/cable-modulation-xlr-esprit-audio-celesta-g9-1-2m\/#primaryimage"},"image":{"@id":"https:\/\/exceptionaudio.fr\/site\/produit\/cable-modulation-xlr-esprit-audio-celesta-g9-1-2m\/#primaryimage"},"thumbnailUrl":"https:\/\/exceptionaudio.fr\/site\/wp-content\/uploads\/2023\/06\/IMG_9709-scaled.jpeg","datePublished":"2023-06-28T13:48:22+00:00","dateModified":"2024-01-02T16:23:04+00:00","description":"C\u00e2ble modulation XLR Esprit Audio Celesta G9 1.2M - Bonnes affaires c\u00e2ble hifi","breadcrumb":{"@id":"https:\/\/exceptionaudio.fr\/site\/produit\/cable-modulation-xlr-esprit-audio-celesta-g9-1-2m\/#breadcrumb"},"inLanguage":"fr-FR","potentialAction":[{"@type":"ReadAction","target":["https:\/\/exceptionaudio.fr\/site\/produit\/cable-modulation-xlr-esprit-audio-celesta-g9-1-2m\/"]}]},{"@type":"ImageObject","inLanguage":"fr-FR","@id":"https:\/\/exceptionaudio.fr\/site\/produit\/cable-modulation-xlr-esprit-audio-celesta-g9-1-2m\/#primaryimage","url":"https:\/\/exceptionaudio.fr\/site\/wp-content\/uploads\/2023\/06\/IMG_9709-scaled.jpeg","contentUrl":"https:\/\/exceptionaudio.fr\/site\/wp-content\/uploads\/2023\/06\/IMG_9709-scaled.jpeg","width":1920,"height":2560,"caption":"C\u00e2bles modulation XLR Esprit Audio Celesta G9 1.2M bonnes affaires c\u00e2ble hifi"},{"@type":"BreadcrumbList","@id":"https:\/\/exceptionaudio.fr\/site\/produit\/cable-modulation-xlr-esprit-audio-celesta-g9-1-2m\/#breadcrumb","itemListElement":[{"@type":"ListItem","position":1,"name":"Accueil","item":"https:\/\/exceptionaudio.fr\/site\/"},{"@type":"ListItem","position":2,"name":"Boutique","item":"https:\/\/exceptionaudio.fr\/site\/boutique\/"},{"@type":"ListItem","position":3,"name":"C\u00e2ble modulation XLR Esprit Celesta G9 1.2M"}]},{"@type":"WebSite","@id":"https:\/\/exceptionaudio.fr\/site\/#website","url":"https:\/\/exceptionaudio.fr\/site\/","name":"Exception Audio","description":"Magasin hi-fi Antibes","publisher":{"@id":"https:\/\/exceptionaudio.fr\/site\/#organization"},"potentialAction":[{"@type":"SearchAction","target":{"@type":"EntryPoint","urlTemplate":"https:\/\/exceptionaudio.fr\/site\/?s={search_term_string}"},"query-input":{"@type":"PropertyValueSpecification","valueRequired":true,"valueName":"search_term_string"}}],"inLanguage":"fr-FR"},{"@type":"Organization","@id":"https:\/\/exceptionaudio.fr\/site\/#organization","name":"Exception Audio","url":"https:\/\/exceptionaudio.fr\/site\/","logo":{"@type":"ImageObject","inLanguage":"fr-FR","@id":"https:\/\/exceptionaudio.fr\/site\/#\/schema\/logo\/image\/","url":"https:\/\/exceptionaudio.fr\/site\/wp-content\/uploads\/2021\/10\/largeur-exception-audio-logos-noir.png","contentUrl":"https:\/\/exceptionaudio.fr\/site\/wp-content\/uploads\/2021\/10\/largeur-exception-audio-logos-noir.png","width":357,"height":54,"caption":"Exception Audio"},"image":{"@id":"https:\/\/exceptionaudio.fr\/site\/#\/schema\/logo\/image\/"},"sameAs":["https:\/\/www.facebook.com\/ExceptionAudio","https:\/\/www.instagram.com\/exception_audio\/"]}]}},"_links":{"self":[{"href":"https:\/\/exceptionaudio.fr\/site\/wp-json\/wp\/v2\/product\/7864","targetHints":{"allow":["GET"]}}],"collection":[{"href":"https:\/\/exceptionaudio.fr\/site\/wp-json\/wp\/v2\/product"}],"about":[{"href":"https:\/\/exceptionaudio.fr\/site\/wp-json\/wp\/v2\/types\/product"}],"version-history":[{"count":2,"href":"https:\/\/exceptionaudio.fr\/site\/wp-json\/wp\/v2\/product\/7864\/revisions"}],"predecessor-version":[{"id":8328,"href":"https:\/\/exceptionaudio.fr\/site\/wp-json\/wp\/v2\/product\/7864\/revisions\/8328"}],"wp:featuredmedia":[{"embeddable":true,"href":"https:\/\/exceptionaudio.fr\/site\/wp-json\/wp\/v2\/media\/7866"}],"wp:attachment":[{"href":"https:\/\/exceptionaudio.fr\/site\/wp-json\/wp\/v2\/media?parent=7864"}],"wp:term":[{"taxonomy":"product_brand","embeddable":true,"href":"https:\/\/exceptionaudio.fr\/site\/wp-json\/wp\/v2\/product_brand?post=7864"},{"taxonomy":"product_cat","embeddable":true,"href":"https:\/\/exceptionaudio.fr\/site\/wp-json\/wp\/v2\/product_cat?post=7864"},{"taxonomy":"product_tag","embeddable":true,"href":"https:\/\/exceptionaudio.fr\/site\/wp-json\/wp\/v2\/product_tag?post=7864"}],"curies":[{"name":"wp","href":"https:\/\/api.w.org\/{rel}","templated":true}]}}