{"id":7897,"date":"2023-07-05T11:25:38","date_gmt":"2023-07-05T09:25:38","guid":{"rendered":"https:\/\/exceptionaudio.fr\/site\/?post_type=product&#038;p=7897"},"modified":"2024-05-16T10:30:51","modified_gmt":"2024-05-16T08:30:51","slug":"auralic-aries-g2-2","status":"publish","type":"product","link":"https:\/\/exceptionaudio.fr\/site\/produit\/auralic-aries-g2-2\/","title":{"rendered":"Auralic Aries G2.2"},"content":{"rendered":"","protected":false},"excerpt":{"rendered":"<p style=\"font-weight: 400;\">L\u2019Aries G2.2 de chez Auralic est un lecteur r\u00e9seau qui m\u00e9rite d\u2019\u00eatre associ\u00e9 aux meilleurs convertisseurs du march\u00e9. Il int\u00e9gr\u00e9 la nouvelle plateforme Tesla G3 con\u00e7u avec 90 % de nouveaux composants et pr\u00e9sente une puissance de traitement huit fois sup\u00e9rieur que la version pr\u00e9c\u00e9dente, l&rsquo;Aries G2.2 est pr\u00eat pour le streaming d\u2019aujourd&rsquo;hui et du futur. Que votre musique r\u00e9side sur votre r\u00e9seau, un disque dur interne en option, une cl\u00e9 USB, sur des services de streaming comme Tidal et Qobuz, l&rsquo;Aries G2.2 offres des options infinies pour explorer votre biblioth\u00e8que \u00e0 partir de l\u2019application de contr\u00f4le Lightning DS ou encore Roon. En connectant un lecteur CD \u00e0 son entr\u00e9e USB, il peut \u00e9galement ripper vos CD et les sauvegarder sur son disque interne ou tout autre support de stockage de haute qualit\u00e9. Il est destin\u00e9 \u00e0 tous les m\u00e9lomanes d\u00e9sireux de s\u2019offrir un transport de r\u00e9f\u00e9rence alliant musicalit\u00e9 et fonctionnalit\u00e9.<\/p>\n","protected":false},"featured_media":7900,"template":"","meta":[],"product_brand":[],"product_cat":[98,100],"product_tag":[176],"class_list":{"0":"post-7897","1":"product","2":"type-product","3":"status-publish","4":"has-post-thumbnail","6":"product_cat-sources-hifi","7":"product_cat-lecteurs-reseau-hifi-serveurs-audio-streamer","8":"product_tag-auralic","10":"first","11":"instock","12":"taxable","13":"shipping-taxable","14":"purchasable","15":"product-type-simple"},"yoast_head":"<!-- This site is optimized with the Yoast SEO plugin v27.4 - https:\/\/yoast.com\/product\/yoast-seo-wordpress\/ -->\n<title>Auralic Aries G2.2 - lecteur r\u00e9seau hifi - Exception Audio<\/title>\n<meta name=\"description\" content=\"Auralic Aries G2.2 : Lecteur r\u00e9seau, streamer hifi et serveur audio con\u00e7u pour \u00eatre associ\u00e9 aux meilleurs convertisseurs\/DAC du march\u00e9.\" \/>\n<meta name=\"robots\" content=\"index, follow, max-snippet:-1, max-image-preview:large, max-video-preview:-1\" \/>\n<link rel=\"canonical\" href=\"https:\/\/exceptionaudio.fr\/site\/produit\/auralic-aries-g2-2\/\" \/>\n<meta property=\"og:locale\" content=\"fr_FR\" \/>\n<meta property=\"og:type\" content=\"article\" \/>\n<meta property=\"og:title\" content=\"Auralic Aries G2.2 - lecteur r\u00e9seau hifi - Exception Audio\" \/>\n<meta property=\"og:description\" content=\"Auralic Aries G2.2 : Lecteur r\u00e9seau, streamer hifi et serveur audio con\u00e7u pour \u00eatre associ\u00e9 aux meilleurs convertisseurs\/DAC du march\u00e9.\" \/>\n<meta property=\"og:url\" content=\"https:\/\/exceptionaudio.fr\/site\/produit\/auralic-aries-g2-2\/\" \/>\n<meta property=\"og:site_name\" content=\"Exception Audio\" \/>\n<meta property=\"article:publisher\" content=\"https:\/\/www.facebook.com\/ExceptionAudio\" \/>\n<meta property=\"article:modified_time\" content=\"2024-05-16T08:30:51+00:00\" \/>\n<meta property=\"og:image\" content=\"https:\/\/exceptionaudio.fr\/site\/wp-content\/uploads\/2023\/07\/Auralic-Aries-G2.2.jpg\" \/>\n\t<meta property=\"og:image:width\" content=\"1000\" \/>\n\t<meta property=\"og:image:height\" content=\"1000\" \/>\n\t<meta property=\"og:image:type\" content=\"image\/jpeg\" \/>\n<meta name=\"twitter:card\" content=\"summary_large_image\" \/>\n<script type=\"application\/ld+json\" class=\"yoast-schema-graph\">{\"@context\":\"https:\\\/\\\/schema.org\",\"@graph\":[{\"@type\":\"WebPage\",\"@id\":\"https:\\\/\\\/exceptionaudio.fr\\\/site\\\/produit\\\/auralic-aries-g2-2\\\/\",\"url\":\"https:\\\/\\\/exceptionaudio.fr\\\/site\\\/produit\\\/auralic-aries-g2-2\\\/\",\"name\":\"Auralic Aries G2.2 - lecteur r\u00e9seau hifi - Exception Audio\",\"isPartOf\":{\"@id\":\"https:\\\/\\\/exceptionaudio.fr\\\/site\\\/#website\"},\"primaryImageOfPage\":{\"@id\":\"https:\\\/\\\/exceptionaudio.fr\\\/site\\\/produit\\\/auralic-aries-g2-2\\\/#primaryimage\"},\"image\":{\"@id\":\"https:\\\/\\\/exceptionaudio.fr\\\/site\\\/produit\\\/auralic-aries-g2-2\\\/#primaryimage\"},\"thumbnailUrl\":\"https:\\\/\\\/exceptionaudio.fr\\\/site\\\/wp-content\\\/uploads\\\/2023\\\/07\\\/Auralic-Aries-G2.2.jpg\",\"datePublished\":\"2023-07-05T09:25:38+00:00\",\"dateModified\":\"2024-05-16T08:30:51+00:00\",\"description\":\"Auralic Aries G2.2 : Lecteur r\u00e9seau, streamer hifi et serveur audio con\u00e7u pour \u00eatre associ\u00e9 aux meilleurs convertisseurs\\\/DAC du march\u00e9.\",\"breadcrumb\":{\"@id\":\"https:\\\/\\\/exceptionaudio.fr\\\/site\\\/produit\\\/auralic-aries-g2-2\\\/#breadcrumb\"},\"inLanguage\":\"fr-FR\",\"potentialAction\":[{\"@type\":\"ReadAction\",\"target\":[\"https:\\\/\\\/exceptionaudio.fr\\\/site\\\/produit\\\/auralic-aries-g2-2\\\/\"]}]},{\"@type\":\"ImageObject\",\"inLanguage\":\"fr-FR\",\"@id\":\"https:\\\/\\\/exceptionaudio.fr\\\/site\\\/produit\\\/auralic-aries-g2-2\\\/#primaryimage\",\"url\":\"https:\\\/\\\/exceptionaudio.fr\\\/site\\\/wp-content\\\/uploads\\\/2023\\\/07\\\/Auralic-Aries-G2.2.jpg\",\"contentUrl\":\"https:\\\/\\\/exceptionaudio.fr\\\/site\\\/wp-content\\\/uploads\\\/2023\\\/07\\\/Auralic-Aries-G2.2.jpg\",\"width\":1000,\"height\":1000,\"caption\":\"Auralic Aries G2.2 lecteur r\u00e9seau streamer hifi serveur audio\"},{\"@type\":\"BreadcrumbList\",\"@id\":\"https:\\\/\\\/exceptionaudio.fr\\\/site\\\/produit\\\/auralic-aries-g2-2\\\/#breadcrumb\",\"itemListElement\":[{\"@type\":\"ListItem\",\"position\":1,\"name\":\"Accueil\",\"item\":\"https:\\\/\\\/exceptionaudio.fr\\\/site\\\/\"},{\"@type\":\"ListItem\",\"position\":2,\"name\":\"Boutique\",\"item\":\"https:\\\/\\\/exceptionaudio.fr\\\/site\\\/boutique\\\/\"},{\"@type\":\"ListItem\",\"position\":3,\"name\":\"Auralic Aries G2.2\"}]},{\"@type\":\"WebSite\",\"@id\":\"https:\\\/\\\/exceptionaudio.fr\\\/site\\\/#website\",\"url\":\"https:\\\/\\\/exceptionaudio.fr\\\/site\\\/\",\"name\":\"Exception Audio\",\"description\":\"Magasin hi-fi Antibes\",\"publisher\":{\"@id\":\"https:\\\/\\\/exceptionaudio.fr\\\/site\\\/#organization\"},\"potentialAction\":[{\"@type\":\"SearchAction\",\"target\":{\"@type\":\"EntryPoint\",\"urlTemplate\":\"https:\\\/\\\/exceptionaudio.fr\\\/site\\\/?s={search_term_string}\"},\"query-input\":{\"@type\":\"PropertyValueSpecification\",\"valueRequired\":true,\"valueName\":\"search_term_string\"}}],\"inLanguage\":\"fr-FR\"},{\"@type\":\"Organization\",\"@id\":\"https:\\\/\\\/exceptionaudio.fr\\\/site\\\/#organization\",\"name\":\"Exception Audio\",\"url\":\"https:\\\/\\\/exceptionaudio.fr\\\/site\\\/\",\"logo\":{\"@type\":\"ImageObject\",\"inLanguage\":\"fr-FR\",\"@id\":\"https:\\\/\\\/exceptionaudio.fr\\\/site\\\/#\\\/schema\\\/logo\\\/image\\\/\",\"url\":\"https:\\\/\\\/exceptionaudio.fr\\\/site\\\/wp-content\\\/uploads\\\/2021\\\/10\\\/largeur-exception-audio-logos-noir.png\",\"contentUrl\":\"https:\\\/\\\/exceptionaudio.fr\\\/site\\\/wp-content\\\/uploads\\\/2021\\\/10\\\/largeur-exception-audio-logos-noir.png\",\"width\":357,\"height\":54,\"caption\":\"Exception Audio\"},\"image\":{\"@id\":\"https:\\\/\\\/exceptionaudio.fr\\\/site\\\/#\\\/schema\\\/logo\\\/image\\\/\"},\"sameAs\":[\"https:\\\/\\\/www.facebook.com\\\/ExceptionAudio\",\"https:\\\/\\\/www.instagram.com\\\/exception_audio\\\/\"]}]}<\/script>\n<!-- \/ Yoast SEO plugin. -->","yoast_head_json":{"title":"Auralic Aries G2.2 - lecteur r\u00e9seau hifi - Exception Audio","description":"Auralic Aries G2.2 : Lecteur r\u00e9seau, streamer hifi et serveur audio con\u00e7u pour \u00eatre associ\u00e9 aux meilleurs convertisseurs\/DAC du march\u00e9.","robots":{"index":"index","follow":"follow","max-snippet":"max-snippet:-1","max-image-preview":"max-image-preview:large","max-video-preview":"max-video-preview:-1"},"canonical":"https:\/\/exceptionaudio.fr\/site\/produit\/auralic-aries-g2-2\/","og_locale":"fr_FR","og_type":"article","og_title":"Auralic Aries G2.2 - lecteur r\u00e9seau hifi - Exception Audio","og_description":"Auralic Aries G2.2 : Lecteur r\u00e9seau, streamer hifi et serveur audio con\u00e7u pour \u00eatre associ\u00e9 aux meilleurs convertisseurs\/DAC du march\u00e9.","og_url":"https:\/\/exceptionaudio.fr\/site\/produit\/auralic-aries-g2-2\/","og_site_name":"Exception Audio","article_publisher":"https:\/\/www.facebook.com\/ExceptionAudio","article_modified_time":"2024-05-16T08:30:51+00:00","og_image":[{"width":1000,"height":1000,"url":"https:\/\/exceptionaudio.fr\/site\/wp-content\/uploads\/2023\/07\/Auralic-Aries-G2.2.jpg","type":"image\/jpeg"}],"twitter_card":"summary_large_image","schema":{"@context":"https:\/\/schema.org","@graph":[{"@type":"WebPage","@id":"https:\/\/exceptionaudio.fr\/site\/produit\/auralic-aries-g2-2\/","url":"https:\/\/exceptionaudio.fr\/site\/produit\/auralic-aries-g2-2\/","name":"Auralic Aries G2.2 - lecteur r\u00e9seau hifi - Exception Audio","isPartOf":{"@id":"https:\/\/exceptionaudio.fr\/site\/#website"},"primaryImageOfPage":{"@id":"https:\/\/exceptionaudio.fr\/site\/produit\/auralic-aries-g2-2\/#primaryimage"},"image":{"@id":"https:\/\/exceptionaudio.fr\/site\/produit\/auralic-aries-g2-2\/#primaryimage"},"thumbnailUrl":"https:\/\/exceptionaudio.fr\/site\/wp-content\/uploads\/2023\/07\/Auralic-Aries-G2.2.jpg","datePublished":"2023-07-05T09:25:38+00:00","dateModified":"2024-05-16T08:30:51+00:00","description":"Auralic Aries G2.2 : Lecteur r\u00e9seau, streamer hifi et serveur audio con\u00e7u pour \u00eatre associ\u00e9 aux meilleurs convertisseurs\/DAC du march\u00e9.","breadcrumb":{"@id":"https:\/\/exceptionaudio.fr\/site\/produit\/auralic-aries-g2-2\/#breadcrumb"},"inLanguage":"fr-FR","potentialAction":[{"@type":"ReadAction","target":["https:\/\/exceptionaudio.fr\/site\/produit\/auralic-aries-g2-2\/"]}]},{"@type":"ImageObject","inLanguage":"fr-FR","@id":"https:\/\/exceptionaudio.fr\/site\/produit\/auralic-aries-g2-2\/#primaryimage","url":"https:\/\/exceptionaudio.fr\/site\/wp-content\/uploads\/2023\/07\/Auralic-Aries-G2.2.jpg","contentUrl":"https:\/\/exceptionaudio.fr\/site\/wp-content\/uploads\/2023\/07\/Auralic-Aries-G2.2.jpg","width":1000,"height":1000,"caption":"Auralic Aries G2.2 lecteur r\u00e9seau streamer hifi serveur audio"},{"@type":"BreadcrumbList","@id":"https:\/\/exceptionaudio.fr\/site\/produit\/auralic-aries-g2-2\/#breadcrumb","itemListElement":[{"@type":"ListItem","position":1,"name":"Accueil","item":"https:\/\/exceptionaudio.fr\/site\/"},{"@type":"ListItem","position":2,"name":"Boutique","item":"https:\/\/exceptionaudio.fr\/site\/boutique\/"},{"@type":"ListItem","position":3,"name":"Auralic Aries G2.2"}]},{"@type":"WebSite","@id":"https:\/\/exceptionaudio.fr\/site\/#website","url":"https:\/\/exceptionaudio.fr\/site\/","name":"Exception Audio","description":"Magasin hi-fi Antibes","publisher":{"@id":"https:\/\/exceptionaudio.fr\/site\/#organization"},"potentialAction":[{"@type":"SearchAction","target":{"@type":"EntryPoint","urlTemplate":"https:\/\/exceptionaudio.fr\/site\/?s={search_term_string}"},"query-input":{"@type":"PropertyValueSpecification","valueRequired":true,"valueName":"search_term_string"}}],"inLanguage":"fr-FR"},{"@type":"Organization","@id":"https:\/\/exceptionaudio.fr\/site\/#organization","name":"Exception Audio","url":"https:\/\/exceptionaudio.fr\/site\/","logo":{"@type":"ImageObject","inLanguage":"fr-FR","@id":"https:\/\/exceptionaudio.fr\/site\/#\/schema\/logo\/image\/","url":"https:\/\/exceptionaudio.fr\/site\/wp-content\/uploads\/2021\/10\/largeur-exception-audio-logos-noir.png","contentUrl":"https:\/\/exceptionaudio.fr\/site\/wp-content\/uploads\/2021\/10\/largeur-exception-audio-logos-noir.png","width":357,"height":54,"caption":"Exception Audio"},"image":{"@id":"https:\/\/exceptionaudio.fr\/site\/#\/schema\/logo\/image\/"},"sameAs":["https:\/\/www.facebook.com\/ExceptionAudio","https:\/\/www.instagram.com\/exception_audio\/"]}]}},"_links":{"self":[{"href":"https:\/\/exceptionaudio.fr\/site\/wp-json\/wp\/v2\/product\/7897","targetHints":{"allow":["GET"]}}],"collection":[{"href":"https:\/\/exceptionaudio.fr\/site\/wp-json\/wp\/v2\/product"}],"about":[{"href":"https:\/\/exceptionaudio.fr\/site\/wp-json\/wp\/v2\/types\/product"}],"version-history":[{"count":1,"href":"https:\/\/exceptionaudio.fr\/site\/wp-json\/wp\/v2\/product\/7897\/revisions"}],"predecessor-version":[{"id":7901,"href":"https:\/\/exceptionaudio.fr\/site\/wp-json\/wp\/v2\/product\/7897\/revisions\/7901"}],"wp:featuredmedia":[{"embeddable":true,"href":"https:\/\/exceptionaudio.fr\/site\/wp-json\/wp\/v2\/media\/7900"}],"wp:attachment":[{"href":"https:\/\/exceptionaudio.fr\/site\/wp-json\/wp\/v2\/media?parent=7897"}],"wp:term":[{"taxonomy":"product_brand","embeddable":true,"href":"https:\/\/exceptionaudio.fr\/site\/wp-json\/wp\/v2\/product_brand?post=7897"},{"taxonomy":"product_cat","embeddable":true,"href":"https:\/\/exceptionaudio.fr\/site\/wp-json\/wp\/v2\/product_cat?post=7897"},{"taxonomy":"product_tag","embeddable":true,"href":"https:\/\/exceptionaudio.fr\/site\/wp-json\/wp\/v2\/product_tag?post=7897"}],"curies":[{"name":"wp","href":"https:\/\/api.w.org\/{rel}","templated":true}]}}