{"id":7955,"date":"2023-07-26T14:21:07","date_gmt":"2023-07-26T12:21:07","guid":{"rendered":"https:\/\/exceptionaudio.fr\/site\/?post_type=product&#038;p=7955"},"modified":"2024-09-04T14:59:04","modified_gmt":"2024-09-04T12:59:04","slug":"devialet-mania","status":"publish","type":"product","link":"https:\/\/exceptionaudio.fr\/site\/produit\/devialet-mania\/","title":{"rendered":"Devialet Mania"},"content":{"rendered":"","protected":false},"excerpt":{"rendered":"<p style=\"font-weight: 400;\">La Mania est la premi\u00e8re enceinte connect\u00e9e portable chez Devialet. Elle d\u00e9livre un son st\u00e9r\u00e9o \u00e0 360\u00b0 qui s\u2019adapte \u00e0 son environnement. Elle propose une r\u00e9ponse en fr\u00e9quence de 30Hz \u00e0 20kHz qui permet de couvrir l\u2019ensemble du spectre audio avec un niveau sonore maximale de 95 dB. Elle pourra vous accompagner dans tous vos d\u00e9placements, gr\u00e2ce \u00e0 sa r\u00e9sistance aux \u00e9claboussures (IPX4) et sa batterie int\u00e9gr\u00e9e garantissant jusqu&rsquo;\u00e0 10 heures d\u2019\u00e9coute.<\/p>\n","protected":false},"featured_media":7959,"template":"","meta":[],"product_brand":[],"product_cat":[90,256],"product_tag":[244],"class_list":{"0":"post-7955","1":"product","2":"type-product","3":"status-publish","4":"has-post-thumbnail","6":"product_cat-enceintes-bibliotheques-colonnes-hifi","7":"product_cat-enceintes-connectees-nomades","8":"product_tag-devialet","10":"first","11":"instock","12":"taxable","13":"shipping-taxable","14":"purchasable","15":"product-type-variable"},"yoast_head":"<!-- This site is optimized with the Yoast SEO plugin v27.3 - https:\/\/yoast.com\/product\/yoast-seo-wordpress\/ -->\n<title>Devialet Mania - Enceinte portable connect\u00e9e - Exception Audio<\/title>\n<meta name=\"description\" content=\"La Mania est la premi\u00e8re enceinte connect\u00e9e portable chez Devialet. Elle d\u00e9livre un son st\u00e9r\u00e9o \u00e0 360\u00b0 sur batterie garantissant 10 heures d\u2019\u00e9coute.\" \/>\n<meta name=\"robots\" content=\"index, follow, max-snippet:-1, max-image-preview:large, max-video-preview:-1\" \/>\n<link rel=\"canonical\" href=\"https:\/\/exceptionaudio.fr\/site\/produit\/devialet-mania\/\" \/>\n<meta property=\"og:locale\" content=\"fr_FR\" \/>\n<meta property=\"og:type\" content=\"article\" \/>\n<meta property=\"og:title\" content=\"Devialet Mania - Enceinte portable connect\u00e9e - Exception Audio\" \/>\n<meta property=\"og:description\" content=\"La Mania est la premi\u00e8re enceinte connect\u00e9e portable chez Devialet. Elle d\u00e9livre un son st\u00e9r\u00e9o \u00e0 360\u00b0 sur batterie garantissant 10 heures d\u2019\u00e9coute.\" \/>\n<meta property=\"og:url\" content=\"https:\/\/exceptionaudio.fr\/site\/produit\/devialet-mania\/\" \/>\n<meta property=\"og:site_name\" content=\"Exception Audio\" \/>\n<meta property=\"article:publisher\" content=\"https:\/\/www.facebook.com\/ExceptionAudio\" \/>\n<meta property=\"article:modified_time\" content=\"2024-09-04T12:59:04+00:00\" \/>\n<meta property=\"og:image\" content=\"https:\/\/exceptionaudio.fr\/site\/wp-content\/uploads\/2023\/07\/Devialet-Mania-Black.jpg\" \/>\n\t<meta property=\"og:image:width\" content=\"1000\" \/>\n\t<meta property=\"og:image:height\" content=\"1000\" \/>\n\t<meta property=\"og:image:type\" content=\"image\/jpeg\" \/>\n<meta name=\"twitter:card\" content=\"summary_large_image\" \/>\n<meta name=\"twitter:label1\" content=\"Dur\u00e9e de lecture estim\u00e9e\" \/>\n\t<meta name=\"twitter:data1\" content=\"1 minute\" \/>\n<script type=\"application\/ld+json\" class=\"yoast-schema-graph\">{\"@context\":\"https:\\\/\\\/schema.org\",\"@graph\":[{\"@type\":\"WebPage\",\"@id\":\"https:\\\/\\\/exceptionaudio.fr\\\/site\\\/produit\\\/devialet-mania\\\/\",\"url\":\"https:\\\/\\\/exceptionaudio.fr\\\/site\\\/produit\\\/devialet-mania\\\/\",\"name\":\"Devialet Mania - Enceinte portable connect\u00e9e - Exception Audio\",\"isPartOf\":{\"@id\":\"https:\\\/\\\/exceptionaudio.fr\\\/site\\\/#website\"},\"primaryImageOfPage\":{\"@id\":\"https:\\\/\\\/exceptionaudio.fr\\\/site\\\/produit\\\/devialet-mania\\\/#primaryimage\"},\"image\":{\"@id\":\"https:\\\/\\\/exceptionaudio.fr\\\/site\\\/produit\\\/devialet-mania\\\/#primaryimage\"},\"thumbnailUrl\":\"https:\\\/\\\/exceptionaudio.fr\\\/site\\\/wp-content\\\/uploads\\\/2023\\\/07\\\/Devialet-Mania-Black.jpg\",\"datePublished\":\"2023-07-26T12:21:07+00:00\",\"dateModified\":\"2024-09-04T12:59:04+00:00\",\"description\":\"La Mania est la premi\u00e8re enceinte connect\u00e9e portable chez Devialet. Elle d\u00e9livre un son st\u00e9r\u00e9o \u00e0 360\u00b0 sur batterie garantissant 10 heures d\u2019\u00e9coute.\",\"breadcrumb\":{\"@id\":\"https:\\\/\\\/exceptionaudio.fr\\\/site\\\/produit\\\/devialet-mania\\\/#breadcrumb\"},\"inLanguage\":\"fr-FR\",\"potentialAction\":[{\"@type\":\"ReadAction\",\"target\":[\"https:\\\/\\\/exceptionaudio.fr\\\/site\\\/produit\\\/devialet-mania\\\/\"]}]},{\"@type\":\"ImageObject\",\"inLanguage\":\"fr-FR\",\"@id\":\"https:\\\/\\\/exceptionaudio.fr\\\/site\\\/produit\\\/devialet-mania\\\/#primaryimage\",\"url\":\"https:\\\/\\\/exceptionaudio.fr\\\/site\\\/wp-content\\\/uploads\\\/2023\\\/07\\\/Devialet-Mania-Black.jpg\",\"contentUrl\":\"https:\\\/\\\/exceptionaudio.fr\\\/site\\\/wp-content\\\/uploads\\\/2023\\\/07\\\/Devialet-Mania-Black.jpg\",\"width\":1000,\"height\":1000,\"caption\":\"Devialet Mania Black enceinte portable connect\u00e9e hifi bluetooth airplay 2\"},{\"@type\":\"BreadcrumbList\",\"@id\":\"https:\\\/\\\/exceptionaudio.fr\\\/site\\\/produit\\\/devialet-mania\\\/#breadcrumb\",\"itemListElement\":[{\"@type\":\"ListItem\",\"position\":1,\"name\":\"Accueil\",\"item\":\"https:\\\/\\\/exceptionaudio.fr\\\/site\\\/\"},{\"@type\":\"ListItem\",\"position\":2,\"name\":\"Boutique\",\"item\":\"https:\\\/\\\/exceptionaudio.fr\\\/site\\\/boutique\\\/\"},{\"@type\":\"ListItem\",\"position\":3,\"name\":\"Devialet Mania\"}]},{\"@type\":\"WebSite\",\"@id\":\"https:\\\/\\\/exceptionaudio.fr\\\/site\\\/#website\",\"url\":\"https:\\\/\\\/exceptionaudio.fr\\\/site\\\/\",\"name\":\"Exception Audio\",\"description\":\"Magasin hi-fi Antibes\",\"publisher\":{\"@id\":\"https:\\\/\\\/exceptionaudio.fr\\\/site\\\/#organization\"},\"potentialAction\":[{\"@type\":\"SearchAction\",\"target\":{\"@type\":\"EntryPoint\",\"urlTemplate\":\"https:\\\/\\\/exceptionaudio.fr\\\/site\\\/?s={search_term_string}\"},\"query-input\":{\"@type\":\"PropertyValueSpecification\",\"valueRequired\":true,\"valueName\":\"search_term_string\"}}],\"inLanguage\":\"fr-FR\"},{\"@type\":\"Organization\",\"@id\":\"https:\\\/\\\/exceptionaudio.fr\\\/site\\\/#organization\",\"name\":\"Exception Audio\",\"url\":\"https:\\\/\\\/exceptionaudio.fr\\\/site\\\/\",\"logo\":{\"@type\":\"ImageObject\",\"inLanguage\":\"fr-FR\",\"@id\":\"https:\\\/\\\/exceptionaudio.fr\\\/site\\\/#\\\/schema\\\/logo\\\/image\\\/\",\"url\":\"https:\\\/\\\/exceptionaudio.fr\\\/site\\\/wp-content\\\/uploads\\\/2021\\\/10\\\/largeur-exception-audio-logos-noir.png\",\"contentUrl\":\"https:\\\/\\\/exceptionaudio.fr\\\/site\\\/wp-content\\\/uploads\\\/2021\\\/10\\\/largeur-exception-audio-logos-noir.png\",\"width\":357,\"height\":54,\"caption\":\"Exception Audio\"},\"image\":{\"@id\":\"https:\\\/\\\/exceptionaudio.fr\\\/site\\\/#\\\/schema\\\/logo\\\/image\\\/\"},\"sameAs\":[\"https:\\\/\\\/www.facebook.com\\\/ExceptionAudio\",\"https:\\\/\\\/www.instagram.com\\\/exception_audio\\\/\"]}]}<\/script>\n<!-- \/ Yoast SEO plugin. -->","yoast_head_json":{"title":"Devialet Mania - Enceinte portable connect\u00e9e - Exception Audio","description":"La Mania est la premi\u00e8re enceinte connect\u00e9e portable chez Devialet. Elle d\u00e9livre un son st\u00e9r\u00e9o \u00e0 360\u00b0 sur batterie garantissant 10 heures d\u2019\u00e9coute.","robots":{"index":"index","follow":"follow","max-snippet":"max-snippet:-1","max-image-preview":"max-image-preview:large","max-video-preview":"max-video-preview:-1"},"canonical":"https:\/\/exceptionaudio.fr\/site\/produit\/devialet-mania\/","og_locale":"fr_FR","og_type":"article","og_title":"Devialet Mania - Enceinte portable connect\u00e9e - Exception Audio","og_description":"La Mania est la premi\u00e8re enceinte connect\u00e9e portable chez Devialet. Elle d\u00e9livre un son st\u00e9r\u00e9o \u00e0 360\u00b0 sur batterie garantissant 10 heures d\u2019\u00e9coute.","og_url":"https:\/\/exceptionaudio.fr\/site\/produit\/devialet-mania\/","og_site_name":"Exception Audio","article_publisher":"https:\/\/www.facebook.com\/ExceptionAudio","article_modified_time":"2024-09-04T12:59:04+00:00","og_image":[{"width":1000,"height":1000,"url":"https:\/\/exceptionaudio.fr\/site\/wp-content\/uploads\/2023\/07\/Devialet-Mania-Black.jpg","type":"image\/jpeg"}],"twitter_card":"summary_large_image","twitter_misc":{"Dur\u00e9e de lecture estim\u00e9e":"1 minute"},"schema":{"@context":"https:\/\/schema.org","@graph":[{"@type":"WebPage","@id":"https:\/\/exceptionaudio.fr\/site\/produit\/devialet-mania\/","url":"https:\/\/exceptionaudio.fr\/site\/produit\/devialet-mania\/","name":"Devialet Mania - Enceinte portable connect\u00e9e - Exception Audio","isPartOf":{"@id":"https:\/\/exceptionaudio.fr\/site\/#website"},"primaryImageOfPage":{"@id":"https:\/\/exceptionaudio.fr\/site\/produit\/devialet-mania\/#primaryimage"},"image":{"@id":"https:\/\/exceptionaudio.fr\/site\/produit\/devialet-mania\/#primaryimage"},"thumbnailUrl":"https:\/\/exceptionaudio.fr\/site\/wp-content\/uploads\/2023\/07\/Devialet-Mania-Black.jpg","datePublished":"2023-07-26T12:21:07+00:00","dateModified":"2024-09-04T12:59:04+00:00","description":"La Mania est la premi\u00e8re enceinte connect\u00e9e portable chez Devialet. Elle d\u00e9livre un son st\u00e9r\u00e9o \u00e0 360\u00b0 sur batterie garantissant 10 heures d\u2019\u00e9coute.","breadcrumb":{"@id":"https:\/\/exceptionaudio.fr\/site\/produit\/devialet-mania\/#breadcrumb"},"inLanguage":"fr-FR","potentialAction":[{"@type":"ReadAction","target":["https:\/\/exceptionaudio.fr\/site\/produit\/devialet-mania\/"]}]},{"@type":"ImageObject","inLanguage":"fr-FR","@id":"https:\/\/exceptionaudio.fr\/site\/produit\/devialet-mania\/#primaryimage","url":"https:\/\/exceptionaudio.fr\/site\/wp-content\/uploads\/2023\/07\/Devialet-Mania-Black.jpg","contentUrl":"https:\/\/exceptionaudio.fr\/site\/wp-content\/uploads\/2023\/07\/Devialet-Mania-Black.jpg","width":1000,"height":1000,"caption":"Devialet Mania Black enceinte portable connect\u00e9e hifi bluetooth airplay 2"},{"@type":"BreadcrumbList","@id":"https:\/\/exceptionaudio.fr\/site\/produit\/devialet-mania\/#breadcrumb","itemListElement":[{"@type":"ListItem","position":1,"name":"Accueil","item":"https:\/\/exceptionaudio.fr\/site\/"},{"@type":"ListItem","position":2,"name":"Boutique","item":"https:\/\/exceptionaudio.fr\/site\/boutique\/"},{"@type":"ListItem","position":3,"name":"Devialet Mania"}]},{"@type":"WebSite","@id":"https:\/\/exceptionaudio.fr\/site\/#website","url":"https:\/\/exceptionaudio.fr\/site\/","name":"Exception Audio","description":"Magasin hi-fi Antibes","publisher":{"@id":"https:\/\/exceptionaudio.fr\/site\/#organization"},"potentialAction":[{"@type":"SearchAction","target":{"@type":"EntryPoint","urlTemplate":"https:\/\/exceptionaudio.fr\/site\/?s={search_term_string}"},"query-input":{"@type":"PropertyValueSpecification","valueRequired":true,"valueName":"search_term_string"}}],"inLanguage":"fr-FR"},{"@type":"Organization","@id":"https:\/\/exceptionaudio.fr\/site\/#organization","name":"Exception Audio","url":"https:\/\/exceptionaudio.fr\/site\/","logo":{"@type":"ImageObject","inLanguage":"fr-FR","@id":"https:\/\/exceptionaudio.fr\/site\/#\/schema\/logo\/image\/","url":"https:\/\/exceptionaudio.fr\/site\/wp-content\/uploads\/2021\/10\/largeur-exception-audio-logos-noir.png","contentUrl":"https:\/\/exceptionaudio.fr\/site\/wp-content\/uploads\/2021\/10\/largeur-exception-audio-logos-noir.png","width":357,"height":54,"caption":"Exception Audio"},"image":{"@id":"https:\/\/exceptionaudio.fr\/site\/#\/schema\/logo\/image\/"},"sameAs":["https:\/\/www.facebook.com\/ExceptionAudio","https:\/\/www.instagram.com\/exception_audio\/"]}]}},"_links":{"self":[{"href":"https:\/\/exceptionaudio.fr\/site\/wp-json\/wp\/v2\/product\/7955","targetHints":{"allow":["GET"]}}],"collection":[{"href":"https:\/\/exceptionaudio.fr\/site\/wp-json\/wp\/v2\/product"}],"about":[{"href":"https:\/\/exceptionaudio.fr\/site\/wp-json\/wp\/v2\/types\/product"}],"version-history":[{"count":1,"href":"https:\/\/exceptionaudio.fr\/site\/wp-json\/wp\/v2\/product\/7955\/revisions"}],"predecessor-version":[{"id":7965,"href":"https:\/\/exceptionaudio.fr\/site\/wp-json\/wp\/v2\/product\/7955\/revisions\/7965"}],"wp:featuredmedia":[{"embeddable":true,"href":"https:\/\/exceptionaudio.fr\/site\/wp-json\/wp\/v2\/media\/7959"}],"wp:attachment":[{"href":"https:\/\/exceptionaudio.fr\/site\/wp-json\/wp\/v2\/media?parent=7955"}],"wp:term":[{"taxonomy":"product_brand","embeddable":true,"href":"https:\/\/exceptionaudio.fr\/site\/wp-json\/wp\/v2\/product_brand?post=7955"},{"taxonomy":"product_cat","embeddable":true,"href":"https:\/\/exceptionaudio.fr\/site\/wp-json\/wp\/v2\/product_cat?post=7955"},{"taxonomy":"product_tag","embeddable":true,"href":"https:\/\/exceptionaudio.fr\/site\/wp-json\/wp\/v2\/product_tag?post=7955"}],"curies":[{"name":"wp","href":"https:\/\/api.w.org\/{rel}","templated":true}]}}