{"id":8091,"date":"2023-09-30T10:43:58","date_gmt":"2023-09-30T08:43:58","guid":{"rendered":"https:\/\/exceptionaudio.fr\/site\/?post_type=product&#038;p=8091"},"modified":"2024-03-09T15:19:05","modified_gmt":"2024-03-09T14:19:05","slug":"aurender-w20","status":"publish","type":"product","link":"https:\/\/exceptionaudio.fr\/site\/produit\/aurender-w20\/","title":{"rendered":"Aurender W20 12TB"},"content":{"rendered":"","protected":false},"excerpt":{"rendered":"<p style=\"font-weight: 400;\">Con\u00e7u pour offrir \u00e0 la fois une qualit\u00e9 sonore sup\u00e9rieure et une grande commodit\u00e9, l&rsquo;Aurender W20 est un lecteur r\u00e9seau HiFi et serveur audio de r\u00e9f\u00e9rence.<\/p>\n<p>Mod\u00e8le d&rsquo;occasion en parfait \u00e9tat, livr\u00e9 avec sa boite et les accessoires.<\/p>\n","protected":false},"featured_media":8092,"template":"","meta":[],"product_brand":[],"product_cat":[241],"product_tag":[],"class_list":{"0":"post-8091","1":"product","2":"type-product","3":"status-publish","4":"has-post-thumbnail","6":"product_cat-archives","8":"first","9":"outofstock","10":"taxable","11":"shipping-taxable","12":"product-type-simple"},"yoast_head":"<!-- This site is optimized with the Yoast SEO plugin v27.4 - https:\/\/yoast.com\/product\/yoast-seo-wordpress\/ -->\n<title>Aurender W20 12TB - Lecteur serveur HiFi - Exception Audio<\/title>\n<meta name=\"description\" content=\"Con\u00e7u pour offrir \u00e0 la fois une qualit\u00e9 sonore sup\u00e9rieure et une grande commodit\u00e9, l&#039;Aurender W20 est un lecteur r\u00e9seau HiFi et serveur audio de r\u00e9f\u00e9rence.\" \/>\n<meta name=\"robots\" content=\"index, follow, max-snippet:-1, max-image-preview:large, max-video-preview:-1\" \/>\n<link rel=\"canonical\" href=\"https:\/\/exceptionaudio.fr\/site\/produit\/aurender-w20\/\" \/>\n<meta property=\"og:locale\" content=\"fr_FR\" \/>\n<meta property=\"og:type\" content=\"article\" \/>\n<meta property=\"og:title\" content=\"Aurender W20 12TB - Lecteur serveur HiFi - Exception Audio\" \/>\n<meta property=\"og:description\" content=\"Con\u00e7u pour offrir \u00e0 la fois une qualit\u00e9 sonore sup\u00e9rieure et une grande commodit\u00e9, l&#039;Aurender W20 est un lecteur r\u00e9seau HiFi et serveur audio de r\u00e9f\u00e9rence.\" \/>\n<meta property=\"og:url\" content=\"https:\/\/exceptionaudio.fr\/site\/produit\/aurender-w20\/\" \/>\n<meta property=\"og:site_name\" content=\"Exception Audio\" \/>\n<meta property=\"article:publisher\" content=\"https:\/\/www.facebook.com\/ExceptionAudio\" \/>\n<meta property=\"article:modified_time\" content=\"2024-03-09T14:19:05+00:00\" \/>\n<meta property=\"og:image\" content=\"https:\/\/exceptionaudio.fr\/site\/wp-content\/uploads\/2023\/09\/WhatsApp-Image-2023-09-14-at-18.02.11.jpeg\" \/>\n\t<meta property=\"og:image:width\" content=\"1024\" \/>\n\t<meta property=\"og:image:height\" content=\"768\" \/>\n\t<meta property=\"og:image:type\" content=\"image\/jpeg\" \/>\n<meta name=\"twitter:card\" content=\"summary_large_image\" \/>\n<script type=\"application\/ld+json\" class=\"yoast-schema-graph\">{\"@context\":\"https:\\\/\\\/schema.org\",\"@graph\":[{\"@type\":\"WebPage\",\"@id\":\"https:\\\/\\\/exceptionaudio.fr\\\/site\\\/produit\\\/aurender-w20\\\/\",\"url\":\"https:\\\/\\\/exceptionaudio.fr\\\/site\\\/produit\\\/aurender-w20\\\/\",\"name\":\"Aurender W20 12TB - Lecteur serveur HiFi - Exception Audio\",\"isPartOf\":{\"@id\":\"https:\\\/\\\/exceptionaudio.fr\\\/site\\\/#website\"},\"primaryImageOfPage\":{\"@id\":\"https:\\\/\\\/exceptionaudio.fr\\\/site\\\/produit\\\/aurender-w20\\\/#primaryimage\"},\"image\":{\"@id\":\"https:\\\/\\\/exceptionaudio.fr\\\/site\\\/produit\\\/aurender-w20\\\/#primaryimage\"},\"thumbnailUrl\":\"https:\\\/\\\/exceptionaudio.fr\\\/site\\\/wp-content\\\/uploads\\\/2023\\\/09\\\/WhatsApp-Image-2023-09-14-at-18.02.11.jpeg\",\"datePublished\":\"2023-09-30T08:43:58+00:00\",\"dateModified\":\"2024-03-09T14:19:05+00:00\",\"description\":\"Con\u00e7u pour offrir \u00e0 la fois une qualit\u00e9 sonore sup\u00e9rieure et une grande commodit\u00e9, l'Aurender W20 est un lecteur r\u00e9seau HiFi et serveur audio de r\u00e9f\u00e9rence.\",\"breadcrumb\":{\"@id\":\"https:\\\/\\\/exceptionaudio.fr\\\/site\\\/produit\\\/aurender-w20\\\/#breadcrumb\"},\"inLanguage\":\"fr-FR\",\"potentialAction\":[{\"@type\":\"ReadAction\",\"target\":[\"https:\\\/\\\/exceptionaudio.fr\\\/site\\\/produit\\\/aurender-w20\\\/\"]}]},{\"@type\":\"ImageObject\",\"inLanguage\":\"fr-FR\",\"@id\":\"https:\\\/\\\/exceptionaudio.fr\\\/site\\\/produit\\\/aurender-w20\\\/#primaryimage\",\"url\":\"https:\\\/\\\/exceptionaudio.fr\\\/site\\\/wp-content\\\/uploads\\\/2023\\\/09\\\/WhatsApp-Image-2023-09-14-at-18.02.11.jpeg\",\"contentUrl\":\"https:\\\/\\\/exceptionaudio.fr\\\/site\\\/wp-content\\\/uploads\\\/2023\\\/09\\\/WhatsApp-Image-2023-09-14-at-18.02.11.jpeg\",\"width\":1024,\"height\":768,\"caption\":\"Aurender W20\"},{\"@type\":\"BreadcrumbList\",\"@id\":\"https:\\\/\\\/exceptionaudio.fr\\\/site\\\/produit\\\/aurender-w20\\\/#breadcrumb\",\"itemListElement\":[{\"@type\":\"ListItem\",\"position\":1,\"name\":\"Accueil\",\"item\":\"https:\\\/\\\/exceptionaudio.fr\\\/site\\\/\"},{\"@type\":\"ListItem\",\"position\":2,\"name\":\"Boutique\",\"item\":\"https:\\\/\\\/exceptionaudio.fr\\\/site\\\/boutique\\\/\"},{\"@type\":\"ListItem\",\"position\":3,\"name\":\"Aurender W20 12TB\"}]},{\"@type\":\"WebSite\",\"@id\":\"https:\\\/\\\/exceptionaudio.fr\\\/site\\\/#website\",\"url\":\"https:\\\/\\\/exceptionaudio.fr\\\/site\\\/\",\"name\":\"Exception Audio\",\"description\":\"Magasin hi-fi Antibes\",\"publisher\":{\"@id\":\"https:\\\/\\\/exceptionaudio.fr\\\/site\\\/#organization\"},\"potentialAction\":[{\"@type\":\"SearchAction\",\"target\":{\"@type\":\"EntryPoint\",\"urlTemplate\":\"https:\\\/\\\/exceptionaudio.fr\\\/site\\\/?s={search_term_string}\"},\"query-input\":{\"@type\":\"PropertyValueSpecification\",\"valueRequired\":true,\"valueName\":\"search_term_string\"}}],\"inLanguage\":\"fr-FR\"},{\"@type\":\"Organization\",\"@id\":\"https:\\\/\\\/exceptionaudio.fr\\\/site\\\/#organization\",\"name\":\"Exception Audio\",\"url\":\"https:\\\/\\\/exceptionaudio.fr\\\/site\\\/\",\"logo\":{\"@type\":\"ImageObject\",\"inLanguage\":\"fr-FR\",\"@id\":\"https:\\\/\\\/exceptionaudio.fr\\\/site\\\/#\\\/schema\\\/logo\\\/image\\\/\",\"url\":\"https:\\\/\\\/exceptionaudio.fr\\\/site\\\/wp-content\\\/uploads\\\/2021\\\/10\\\/largeur-exception-audio-logos-noir.png\",\"contentUrl\":\"https:\\\/\\\/exceptionaudio.fr\\\/site\\\/wp-content\\\/uploads\\\/2021\\\/10\\\/largeur-exception-audio-logos-noir.png\",\"width\":357,\"height\":54,\"caption\":\"Exception Audio\"},\"image\":{\"@id\":\"https:\\\/\\\/exceptionaudio.fr\\\/site\\\/#\\\/schema\\\/logo\\\/image\\\/\"},\"sameAs\":[\"https:\\\/\\\/www.facebook.com\\\/ExceptionAudio\",\"https:\\\/\\\/www.instagram.com\\\/exception_audio\\\/\"]}]}<\/script>\n<!-- \/ Yoast SEO plugin. -->","yoast_head_json":{"title":"Aurender W20 12TB - Lecteur serveur HiFi - Exception Audio","description":"Con\u00e7u pour offrir \u00e0 la fois une qualit\u00e9 sonore sup\u00e9rieure et une grande commodit\u00e9, l'Aurender W20 est un lecteur r\u00e9seau HiFi et serveur audio de r\u00e9f\u00e9rence.","robots":{"index":"index","follow":"follow","max-snippet":"max-snippet:-1","max-image-preview":"max-image-preview:large","max-video-preview":"max-video-preview:-1"},"canonical":"https:\/\/exceptionaudio.fr\/site\/produit\/aurender-w20\/","og_locale":"fr_FR","og_type":"article","og_title":"Aurender W20 12TB - Lecteur serveur HiFi - Exception Audio","og_description":"Con\u00e7u pour offrir \u00e0 la fois une qualit\u00e9 sonore sup\u00e9rieure et une grande commodit\u00e9, l'Aurender W20 est un lecteur r\u00e9seau HiFi et serveur audio de r\u00e9f\u00e9rence.","og_url":"https:\/\/exceptionaudio.fr\/site\/produit\/aurender-w20\/","og_site_name":"Exception Audio","article_publisher":"https:\/\/www.facebook.com\/ExceptionAudio","article_modified_time":"2024-03-09T14:19:05+00:00","og_image":[{"width":1024,"height":768,"url":"https:\/\/exceptionaudio.fr\/site\/wp-content\/uploads\/2023\/09\/WhatsApp-Image-2023-09-14-at-18.02.11.jpeg","type":"image\/jpeg"}],"twitter_card":"summary_large_image","schema":{"@context":"https:\/\/schema.org","@graph":[{"@type":"WebPage","@id":"https:\/\/exceptionaudio.fr\/site\/produit\/aurender-w20\/","url":"https:\/\/exceptionaudio.fr\/site\/produit\/aurender-w20\/","name":"Aurender W20 12TB - Lecteur serveur HiFi - Exception Audio","isPartOf":{"@id":"https:\/\/exceptionaudio.fr\/site\/#website"},"primaryImageOfPage":{"@id":"https:\/\/exceptionaudio.fr\/site\/produit\/aurender-w20\/#primaryimage"},"image":{"@id":"https:\/\/exceptionaudio.fr\/site\/produit\/aurender-w20\/#primaryimage"},"thumbnailUrl":"https:\/\/exceptionaudio.fr\/site\/wp-content\/uploads\/2023\/09\/WhatsApp-Image-2023-09-14-at-18.02.11.jpeg","datePublished":"2023-09-30T08:43:58+00:00","dateModified":"2024-03-09T14:19:05+00:00","description":"Con\u00e7u pour offrir \u00e0 la fois une qualit\u00e9 sonore sup\u00e9rieure et une grande commodit\u00e9, l'Aurender W20 est un lecteur r\u00e9seau HiFi et serveur audio de r\u00e9f\u00e9rence.","breadcrumb":{"@id":"https:\/\/exceptionaudio.fr\/site\/produit\/aurender-w20\/#breadcrumb"},"inLanguage":"fr-FR","potentialAction":[{"@type":"ReadAction","target":["https:\/\/exceptionaudio.fr\/site\/produit\/aurender-w20\/"]}]},{"@type":"ImageObject","inLanguage":"fr-FR","@id":"https:\/\/exceptionaudio.fr\/site\/produit\/aurender-w20\/#primaryimage","url":"https:\/\/exceptionaudio.fr\/site\/wp-content\/uploads\/2023\/09\/WhatsApp-Image-2023-09-14-at-18.02.11.jpeg","contentUrl":"https:\/\/exceptionaudio.fr\/site\/wp-content\/uploads\/2023\/09\/WhatsApp-Image-2023-09-14-at-18.02.11.jpeg","width":1024,"height":768,"caption":"Aurender W20"},{"@type":"BreadcrumbList","@id":"https:\/\/exceptionaudio.fr\/site\/produit\/aurender-w20\/#breadcrumb","itemListElement":[{"@type":"ListItem","position":1,"name":"Accueil","item":"https:\/\/exceptionaudio.fr\/site\/"},{"@type":"ListItem","position":2,"name":"Boutique","item":"https:\/\/exceptionaudio.fr\/site\/boutique\/"},{"@type":"ListItem","position":3,"name":"Aurender W20 12TB"}]},{"@type":"WebSite","@id":"https:\/\/exceptionaudio.fr\/site\/#website","url":"https:\/\/exceptionaudio.fr\/site\/","name":"Exception Audio","description":"Magasin hi-fi Antibes","publisher":{"@id":"https:\/\/exceptionaudio.fr\/site\/#organization"},"potentialAction":[{"@type":"SearchAction","target":{"@type":"EntryPoint","urlTemplate":"https:\/\/exceptionaudio.fr\/site\/?s={search_term_string}"},"query-input":{"@type":"PropertyValueSpecification","valueRequired":true,"valueName":"search_term_string"}}],"inLanguage":"fr-FR"},{"@type":"Organization","@id":"https:\/\/exceptionaudio.fr\/site\/#organization","name":"Exception Audio","url":"https:\/\/exceptionaudio.fr\/site\/","logo":{"@type":"ImageObject","inLanguage":"fr-FR","@id":"https:\/\/exceptionaudio.fr\/site\/#\/schema\/logo\/image\/","url":"https:\/\/exceptionaudio.fr\/site\/wp-content\/uploads\/2021\/10\/largeur-exception-audio-logos-noir.png","contentUrl":"https:\/\/exceptionaudio.fr\/site\/wp-content\/uploads\/2021\/10\/largeur-exception-audio-logos-noir.png","width":357,"height":54,"caption":"Exception Audio"},"image":{"@id":"https:\/\/exceptionaudio.fr\/site\/#\/schema\/logo\/image\/"},"sameAs":["https:\/\/www.facebook.com\/ExceptionAudio","https:\/\/www.instagram.com\/exception_audio\/"]}]}},"_links":{"self":[{"href":"https:\/\/exceptionaudio.fr\/site\/wp-json\/wp\/v2\/product\/8091","targetHints":{"allow":["GET"]}}],"collection":[{"href":"https:\/\/exceptionaudio.fr\/site\/wp-json\/wp\/v2\/product"}],"about":[{"href":"https:\/\/exceptionaudio.fr\/site\/wp-json\/wp\/v2\/types\/product"}],"version-history":[{"count":1,"href":"https:\/\/exceptionaudio.fr\/site\/wp-json\/wp\/v2\/product\/8091\/revisions"}],"predecessor-version":[{"id":8094,"href":"https:\/\/exceptionaudio.fr\/site\/wp-json\/wp\/v2\/product\/8091\/revisions\/8094"}],"wp:featuredmedia":[{"embeddable":true,"href":"https:\/\/exceptionaudio.fr\/site\/wp-json\/wp\/v2\/media\/8092"}],"wp:attachment":[{"href":"https:\/\/exceptionaudio.fr\/site\/wp-json\/wp\/v2\/media?parent=8091"}],"wp:term":[{"taxonomy":"product_brand","embeddable":true,"href":"https:\/\/exceptionaudio.fr\/site\/wp-json\/wp\/v2\/product_brand?post=8091"},{"taxonomy":"product_cat","embeddable":true,"href":"https:\/\/exceptionaudio.fr\/site\/wp-json\/wp\/v2\/product_cat?post=8091"},{"taxonomy":"product_tag","embeddable":true,"href":"https:\/\/exceptionaudio.fr\/site\/wp-json\/wp\/v2\/product_tag?post=8091"}],"curies":[{"name":"wp","href":"https:\/\/api.w.org\/{rel}","templated":true}]}}