{"id":8123,"date":"2023-10-13T16:50:23","date_gmt":"2023-10-13T14:50:23","guid":{"rendered":"https:\/\/exceptionaudio.fr\/site\/?post_type=product&#038;p=8123"},"modified":"2024-06-17T22:33:26","modified_gmt":"2024-06-17T20:33:26","slug":"franc-audio-ceramic-disc-classic","status":"publish","type":"product","link":"https:\/\/exceptionaudio.fr\/site\/produit\/franc-audio-ceramic-disc-classic\/","title":{"rendered":"Franc Audio Ceramic Disc Classic"},"content":{"rendered":"","protected":false},"excerpt":{"rendered":"<p style=\"font-weight: 400;\">Con\u00e7u en 2007 par Franc Audio, le Ceramic Disc Classic est la r\u00e9f\u00e9rence de la gamme de pieds antivibratoires en c\u00e9ramique, parfaitement adapt\u00e9 \u00e0 tous les composants HiFi particuli\u00e8rement sensibles, comme les sources num\u00e9riques (lecteur CD, serveur audio, streamer et DAC), les appareils \u00e0 tubes et les platines vinyles.<\/p>\n","protected":false},"featured_media":8131,"template":"","meta":[],"product_brand":[],"product_cat":[238],"product_tag":[247],"class_list":{"0":"post-8123","1":"product","2":"type-product","3":"status-publish","4":"has-post-thumbnail","6":"product_cat-accessoires-de-decouplage","7":"product_tag-franc-audio-accessories","9":"first","10":"instock","11":"taxable","12":"shipping-taxable","13":"purchasable","14":"product-type-variable"},"yoast_head":"<!-- This site is optimized with the Yoast SEO plugin v27.3 - https:\/\/yoast.com\/product\/yoast-seo-wordpress\/ -->\n<title>Franc Audio Ceramic Disc Classic - Pieds de d\u00e9couplage HiFi - Exception Audio<\/title>\n<meta name=\"description\" content=\"Le France Audio Accessories Ceramic Disc Classic est la r\u00e9f\u00e9rence de la gamme de pieds antivibratoires en c\u00e9ramique, adapt\u00e9 \u00e0 tous les syst\u00e8mes HiFi.\" \/>\n<meta name=\"robots\" content=\"index, follow, max-snippet:-1, max-image-preview:large, max-video-preview:-1\" \/>\n<link rel=\"canonical\" href=\"https:\/\/exceptionaudio.fr\/site\/produit\/franc-audio-ceramic-disc-classic\/\" \/>\n<meta property=\"og:locale\" content=\"fr_FR\" \/>\n<meta property=\"og:type\" content=\"article\" \/>\n<meta property=\"og:title\" content=\"Franc Audio Ceramic Disc Classic - Pieds de d\u00e9couplage HiFi - Exception Audio\" \/>\n<meta property=\"og:description\" content=\"Le France Audio Accessories Ceramic Disc Classic est la r\u00e9f\u00e9rence de la gamme de pieds antivibratoires en c\u00e9ramique, adapt\u00e9 \u00e0 tous les syst\u00e8mes HiFi.\" \/>\n<meta property=\"og:url\" content=\"https:\/\/exceptionaudio.fr\/site\/produit\/franc-audio-ceramic-disc-classic\/\" \/>\n<meta property=\"og:site_name\" content=\"Exception Audio\" \/>\n<meta property=\"article:publisher\" content=\"https:\/\/www.facebook.com\/ExceptionAudio\" \/>\n<meta property=\"article:modified_time\" content=\"2024-06-17T20:33:26+00:00\" \/>\n<meta property=\"og:image\" content=\"https:\/\/exceptionaudio.fr\/site\/wp-content\/uploads\/2023\/10\/Franc-Audio-Ceramic-Disc-Classic.jpg\" \/>\n\t<meta property=\"og:image:width\" content=\"1000\" \/>\n\t<meta property=\"og:image:height\" content=\"1000\" \/>\n\t<meta property=\"og:image:type\" content=\"image\/jpeg\" \/>\n<meta name=\"twitter:card\" content=\"summary_large_image\" \/>\n<meta name=\"twitter:label1\" content=\"Dur\u00e9e de lecture estim\u00e9e\" \/>\n\t<meta name=\"twitter:data1\" content=\"1 minute\" \/>\n<script type=\"application\/ld+json\" class=\"yoast-schema-graph\">{\"@context\":\"https:\\\/\\\/schema.org\",\"@graph\":[{\"@type\":\"WebPage\",\"@id\":\"https:\\\/\\\/exceptionaudio.fr\\\/site\\\/produit\\\/franc-audio-ceramic-disc-classic\\\/\",\"url\":\"https:\\\/\\\/exceptionaudio.fr\\\/site\\\/produit\\\/franc-audio-ceramic-disc-classic\\\/\",\"name\":\"Franc Audio Ceramic Disc Classic - Pieds de d\u00e9couplage HiFi - Exception Audio\",\"isPartOf\":{\"@id\":\"https:\\\/\\\/exceptionaudio.fr\\\/site\\\/#website\"},\"primaryImageOfPage\":{\"@id\":\"https:\\\/\\\/exceptionaudio.fr\\\/site\\\/produit\\\/franc-audio-ceramic-disc-classic\\\/#primaryimage\"},\"image\":{\"@id\":\"https:\\\/\\\/exceptionaudio.fr\\\/site\\\/produit\\\/franc-audio-ceramic-disc-classic\\\/#primaryimage\"},\"thumbnailUrl\":\"https:\\\/\\\/exceptionaudio.fr\\\/site\\\/wp-content\\\/uploads\\\/2023\\\/10\\\/Franc-Audio-Ceramic-Disc-Classic.jpg\",\"datePublished\":\"2023-10-13T14:50:23+00:00\",\"dateModified\":\"2024-06-17T20:33:26+00:00\",\"description\":\"Le France Audio Accessories Ceramic Disc Classic est la r\u00e9f\u00e9rence de la gamme de pieds antivibratoires en c\u00e9ramique, adapt\u00e9 \u00e0 tous les syst\u00e8mes HiFi.\",\"breadcrumb\":{\"@id\":\"https:\\\/\\\/exceptionaudio.fr\\\/site\\\/produit\\\/franc-audio-ceramic-disc-classic\\\/#breadcrumb\"},\"inLanguage\":\"fr-FR\",\"potentialAction\":[{\"@type\":\"ReadAction\",\"target\":[\"https:\\\/\\\/exceptionaudio.fr\\\/site\\\/produit\\\/franc-audio-ceramic-disc-classic\\\/\"]}]},{\"@type\":\"ImageObject\",\"inLanguage\":\"fr-FR\",\"@id\":\"https:\\\/\\\/exceptionaudio.fr\\\/site\\\/produit\\\/franc-audio-ceramic-disc-classic\\\/#primaryimage\",\"url\":\"https:\\\/\\\/exceptionaudio.fr\\\/site\\\/wp-content\\\/uploads\\\/2023\\\/10\\\/Franc-Audio-Ceramic-Disc-Classic.jpg\",\"contentUrl\":\"https:\\\/\\\/exceptionaudio.fr\\\/site\\\/wp-content\\\/uploads\\\/2023\\\/10\\\/Franc-Audio-Ceramic-Disc-Classic.jpg\",\"width\":1000,\"height\":1000,\"caption\":\"Franc Audio Ceramic Disc Classic accessoires support pieds d\u00e9couplage hifi\"},{\"@type\":\"BreadcrumbList\",\"@id\":\"https:\\\/\\\/exceptionaudio.fr\\\/site\\\/produit\\\/franc-audio-ceramic-disc-classic\\\/#breadcrumb\",\"itemListElement\":[{\"@type\":\"ListItem\",\"position\":1,\"name\":\"Accueil\",\"item\":\"https:\\\/\\\/exceptionaudio.fr\\\/site\\\/\"},{\"@type\":\"ListItem\",\"position\":2,\"name\":\"Boutique\",\"item\":\"https:\\\/\\\/exceptionaudio.fr\\\/site\\\/boutique\\\/\"},{\"@type\":\"ListItem\",\"position\":3,\"name\":\"Franc Audio Ceramic Disc Classic\"}]},{\"@type\":\"WebSite\",\"@id\":\"https:\\\/\\\/exceptionaudio.fr\\\/site\\\/#website\",\"url\":\"https:\\\/\\\/exceptionaudio.fr\\\/site\\\/\",\"name\":\"Exception Audio\",\"description\":\"Magasin hi-fi Antibes\",\"publisher\":{\"@id\":\"https:\\\/\\\/exceptionaudio.fr\\\/site\\\/#organization\"},\"potentialAction\":[{\"@type\":\"SearchAction\",\"target\":{\"@type\":\"EntryPoint\",\"urlTemplate\":\"https:\\\/\\\/exceptionaudio.fr\\\/site\\\/?s={search_term_string}\"},\"query-input\":{\"@type\":\"PropertyValueSpecification\",\"valueRequired\":true,\"valueName\":\"search_term_string\"}}],\"inLanguage\":\"fr-FR\"},{\"@type\":\"Organization\",\"@id\":\"https:\\\/\\\/exceptionaudio.fr\\\/site\\\/#organization\",\"name\":\"Exception Audio\",\"url\":\"https:\\\/\\\/exceptionaudio.fr\\\/site\\\/\",\"logo\":{\"@type\":\"ImageObject\",\"inLanguage\":\"fr-FR\",\"@id\":\"https:\\\/\\\/exceptionaudio.fr\\\/site\\\/#\\\/schema\\\/logo\\\/image\\\/\",\"url\":\"https:\\\/\\\/exceptionaudio.fr\\\/site\\\/wp-content\\\/uploads\\\/2021\\\/10\\\/largeur-exception-audio-logos-noir.png\",\"contentUrl\":\"https:\\\/\\\/exceptionaudio.fr\\\/site\\\/wp-content\\\/uploads\\\/2021\\\/10\\\/largeur-exception-audio-logos-noir.png\",\"width\":357,\"height\":54,\"caption\":\"Exception Audio\"},\"image\":{\"@id\":\"https:\\\/\\\/exceptionaudio.fr\\\/site\\\/#\\\/schema\\\/logo\\\/image\\\/\"},\"sameAs\":[\"https:\\\/\\\/www.facebook.com\\\/ExceptionAudio\",\"https:\\\/\\\/www.instagram.com\\\/exception_audio\\\/\"]}]}<\/script>\n<!-- \/ Yoast SEO plugin. -->","yoast_head_json":{"title":"Franc Audio Ceramic Disc Classic - Pieds de d\u00e9couplage HiFi - Exception Audio","description":"Le France Audio Accessories Ceramic Disc Classic est la r\u00e9f\u00e9rence de la gamme de pieds antivibratoires en c\u00e9ramique, adapt\u00e9 \u00e0 tous les syst\u00e8mes HiFi.","robots":{"index":"index","follow":"follow","max-snippet":"max-snippet:-1","max-image-preview":"max-image-preview:large","max-video-preview":"max-video-preview:-1"},"canonical":"https:\/\/exceptionaudio.fr\/site\/produit\/franc-audio-ceramic-disc-classic\/","og_locale":"fr_FR","og_type":"article","og_title":"Franc Audio Ceramic Disc Classic - Pieds de d\u00e9couplage HiFi - Exception Audio","og_description":"Le France Audio Accessories Ceramic Disc Classic est la r\u00e9f\u00e9rence de la gamme de pieds antivibratoires en c\u00e9ramique, adapt\u00e9 \u00e0 tous les syst\u00e8mes HiFi.","og_url":"https:\/\/exceptionaudio.fr\/site\/produit\/franc-audio-ceramic-disc-classic\/","og_site_name":"Exception Audio","article_publisher":"https:\/\/www.facebook.com\/ExceptionAudio","article_modified_time":"2024-06-17T20:33:26+00:00","og_image":[{"width":1000,"height":1000,"url":"https:\/\/exceptionaudio.fr\/site\/wp-content\/uploads\/2023\/10\/Franc-Audio-Ceramic-Disc-Classic.jpg","type":"image\/jpeg"}],"twitter_card":"summary_large_image","twitter_misc":{"Dur\u00e9e de lecture estim\u00e9e":"1 minute"},"schema":{"@context":"https:\/\/schema.org","@graph":[{"@type":"WebPage","@id":"https:\/\/exceptionaudio.fr\/site\/produit\/franc-audio-ceramic-disc-classic\/","url":"https:\/\/exceptionaudio.fr\/site\/produit\/franc-audio-ceramic-disc-classic\/","name":"Franc Audio Ceramic Disc Classic - Pieds de d\u00e9couplage HiFi - Exception Audio","isPartOf":{"@id":"https:\/\/exceptionaudio.fr\/site\/#website"},"primaryImageOfPage":{"@id":"https:\/\/exceptionaudio.fr\/site\/produit\/franc-audio-ceramic-disc-classic\/#primaryimage"},"image":{"@id":"https:\/\/exceptionaudio.fr\/site\/produit\/franc-audio-ceramic-disc-classic\/#primaryimage"},"thumbnailUrl":"https:\/\/exceptionaudio.fr\/site\/wp-content\/uploads\/2023\/10\/Franc-Audio-Ceramic-Disc-Classic.jpg","datePublished":"2023-10-13T14:50:23+00:00","dateModified":"2024-06-17T20:33:26+00:00","description":"Le France Audio Accessories Ceramic Disc Classic est la r\u00e9f\u00e9rence de la gamme de pieds antivibratoires en c\u00e9ramique, adapt\u00e9 \u00e0 tous les syst\u00e8mes HiFi.","breadcrumb":{"@id":"https:\/\/exceptionaudio.fr\/site\/produit\/franc-audio-ceramic-disc-classic\/#breadcrumb"},"inLanguage":"fr-FR","potentialAction":[{"@type":"ReadAction","target":["https:\/\/exceptionaudio.fr\/site\/produit\/franc-audio-ceramic-disc-classic\/"]}]},{"@type":"ImageObject","inLanguage":"fr-FR","@id":"https:\/\/exceptionaudio.fr\/site\/produit\/franc-audio-ceramic-disc-classic\/#primaryimage","url":"https:\/\/exceptionaudio.fr\/site\/wp-content\/uploads\/2023\/10\/Franc-Audio-Ceramic-Disc-Classic.jpg","contentUrl":"https:\/\/exceptionaudio.fr\/site\/wp-content\/uploads\/2023\/10\/Franc-Audio-Ceramic-Disc-Classic.jpg","width":1000,"height":1000,"caption":"Franc Audio Ceramic Disc Classic accessoires support pieds d\u00e9couplage hifi"},{"@type":"BreadcrumbList","@id":"https:\/\/exceptionaudio.fr\/site\/produit\/franc-audio-ceramic-disc-classic\/#breadcrumb","itemListElement":[{"@type":"ListItem","position":1,"name":"Accueil","item":"https:\/\/exceptionaudio.fr\/site\/"},{"@type":"ListItem","position":2,"name":"Boutique","item":"https:\/\/exceptionaudio.fr\/site\/boutique\/"},{"@type":"ListItem","position":3,"name":"Franc Audio Ceramic Disc Classic"}]},{"@type":"WebSite","@id":"https:\/\/exceptionaudio.fr\/site\/#website","url":"https:\/\/exceptionaudio.fr\/site\/","name":"Exception Audio","description":"Magasin hi-fi Antibes","publisher":{"@id":"https:\/\/exceptionaudio.fr\/site\/#organization"},"potentialAction":[{"@type":"SearchAction","target":{"@type":"EntryPoint","urlTemplate":"https:\/\/exceptionaudio.fr\/site\/?s={search_term_string}"},"query-input":{"@type":"PropertyValueSpecification","valueRequired":true,"valueName":"search_term_string"}}],"inLanguage":"fr-FR"},{"@type":"Organization","@id":"https:\/\/exceptionaudio.fr\/site\/#organization","name":"Exception Audio","url":"https:\/\/exceptionaudio.fr\/site\/","logo":{"@type":"ImageObject","inLanguage":"fr-FR","@id":"https:\/\/exceptionaudio.fr\/site\/#\/schema\/logo\/image\/","url":"https:\/\/exceptionaudio.fr\/site\/wp-content\/uploads\/2021\/10\/largeur-exception-audio-logos-noir.png","contentUrl":"https:\/\/exceptionaudio.fr\/site\/wp-content\/uploads\/2021\/10\/largeur-exception-audio-logos-noir.png","width":357,"height":54,"caption":"Exception Audio"},"image":{"@id":"https:\/\/exceptionaudio.fr\/site\/#\/schema\/logo\/image\/"},"sameAs":["https:\/\/www.facebook.com\/ExceptionAudio","https:\/\/www.instagram.com\/exception_audio\/"]}]}},"_links":{"self":[{"href":"https:\/\/exceptionaudio.fr\/site\/wp-json\/wp\/v2\/product\/8123","targetHints":{"allow":["GET"]}}],"collection":[{"href":"https:\/\/exceptionaudio.fr\/site\/wp-json\/wp\/v2\/product"}],"about":[{"href":"https:\/\/exceptionaudio.fr\/site\/wp-json\/wp\/v2\/types\/product"}],"version-history":[{"count":2,"href":"https:\/\/exceptionaudio.fr\/site\/wp-json\/wp\/v2\/product\/8123\/revisions"}],"predecessor-version":[{"id":8916,"href":"https:\/\/exceptionaudio.fr\/site\/wp-json\/wp\/v2\/product\/8123\/revisions\/8916"}],"wp:featuredmedia":[{"embeddable":true,"href":"https:\/\/exceptionaudio.fr\/site\/wp-json\/wp\/v2\/media\/8131"}],"wp:attachment":[{"href":"https:\/\/exceptionaudio.fr\/site\/wp-json\/wp\/v2\/media?parent=8123"}],"wp:term":[{"taxonomy":"product_brand","embeddable":true,"href":"https:\/\/exceptionaudio.fr\/site\/wp-json\/wp\/v2\/product_brand?post=8123"},{"taxonomy":"product_cat","embeddable":true,"href":"https:\/\/exceptionaudio.fr\/site\/wp-json\/wp\/v2\/product_cat?post=8123"},{"taxonomy":"product_tag","embeddable":true,"href":"https:\/\/exceptionaudio.fr\/site\/wp-json\/wp\/v2\/product_tag?post=8123"}],"curies":[{"name":"wp","href":"https:\/\/api.w.org\/{rel}","templated":true}]}}