{"id":8179,"date":"2023-10-31T12:23:15","date_gmt":"2023-10-31T11:23:15","guid":{"rendered":"https:\/\/exceptionaudio.fr\/site\/?post_type=product&#038;p=8179"},"modified":"2026-03-20T18:32:13","modified_gmt":"2026-03-20T17:32:13","slug":"pmc-audio-twenty5-22i","status":"publish","type":"product","link":"https:\/\/exceptionaudio.fr\/site\/produit\/pmc-audio-twenty5-22i\/","title":{"rendered":"PMC Audio Twenty5 22i"},"content":{"rendered":"","protected":false},"excerpt":{"rendered":"<p style=\"font-weight: 400;\">La PMC Audio Twenty5 22i est l\u2019enceinte biblioth\u00e8que la plus ambitieuse de la marque britannique. Tout en restant compacte et \u00e9l\u00e9gante, elle est id\u00e9ale pour remplir des pi\u00e8ces de taille moyenne avec transparence et musicalit\u00e9 en offrant des basses \u00e9tendues sans effort.<\/p>\n","protected":false},"featured_media":8186,"template":"","meta":[],"product_brand":[],"product_cat":[241],"product_tag":[],"class_list":{"0":"post-8179","1":"product","2":"type-product","3":"status-publish","4":"has-post-thumbnail","6":"product_cat-archives","8":"first","9":"instock","10":"taxable","11":"shipping-taxable","12":"purchasable","13":"product-type-variable"},"yoast_head":"<!-- This site is optimized with the Yoast SEO plugin v27.4 - https:\/\/yoast.com\/product\/yoast-seo-wordpress\/ -->\n<title>PMC Audio Twenty5 22i - Enceinte biblioth\u00e8que hifi - Exception Audio<\/title>\n<meta name=\"description\" content=\"La PMC Audio Twenty5 22i est une enceinte HiFi deux voies compacte mais qui n\u2019a rien d\u2019une petite enceinte offrant transparence et musicalit\u00e9.\" \/>\n<meta name=\"robots\" content=\"index, follow, max-snippet:-1, max-image-preview:large, max-video-preview:-1\" \/>\n<link rel=\"canonical\" href=\"https:\/\/exceptionaudio.fr\/site\/produit\/pmc-audio-twenty5-22i\/\" \/>\n<meta property=\"og:locale\" content=\"fr_FR\" \/>\n<meta property=\"og:type\" content=\"article\" \/>\n<meta property=\"og:title\" content=\"PMC Audio Twenty5 22i - Enceinte biblioth\u00e8que hifi - Exception Audio\" \/>\n<meta property=\"og:description\" content=\"La PMC Audio Twenty5 22i est une enceinte HiFi deux voies compacte mais qui n\u2019a rien d\u2019une petite enceinte offrant transparence et musicalit\u00e9.\" \/>\n<meta property=\"og:url\" content=\"https:\/\/exceptionaudio.fr\/site\/produit\/pmc-audio-twenty5-22i\/\" \/>\n<meta property=\"og:site_name\" content=\"Exception Audio\" \/>\n<meta property=\"article:publisher\" content=\"https:\/\/www.facebook.com\/ExceptionAudio\" \/>\n<meta property=\"article:modified_time\" content=\"2026-03-20T17:32:13+00:00\" \/>\n<meta property=\"og:image\" content=\"https:\/\/exceptionaudio.fr\/site\/wp-content\/uploads\/2023\/10\/PMC-Twenty5-22i.jpg\" \/>\n\t<meta property=\"og:image:width\" content=\"1000\" \/>\n\t<meta property=\"og:image:height\" content=\"1000\" \/>\n\t<meta property=\"og:image:type\" content=\"image\/jpeg\" \/>\n<meta name=\"twitter:card\" content=\"summary_large_image\" \/>\n<script type=\"application\/ld+json\" class=\"yoast-schema-graph\">{\"@context\":\"https:\\\/\\\/schema.org\",\"@graph\":[{\"@type\":\"WebPage\",\"@id\":\"https:\\\/\\\/exceptionaudio.fr\\\/site\\\/produit\\\/pmc-audio-twenty5-22i\\\/\",\"url\":\"https:\\\/\\\/exceptionaudio.fr\\\/site\\\/produit\\\/pmc-audio-twenty5-22i\\\/\",\"name\":\"PMC Audio Twenty5 22i - Enceinte biblioth\u00e8que hifi - Exception Audio\",\"isPartOf\":{\"@id\":\"https:\\\/\\\/exceptionaudio.fr\\\/site\\\/#website\"},\"primaryImageOfPage\":{\"@id\":\"https:\\\/\\\/exceptionaudio.fr\\\/site\\\/produit\\\/pmc-audio-twenty5-22i\\\/#primaryimage\"},\"image\":{\"@id\":\"https:\\\/\\\/exceptionaudio.fr\\\/site\\\/produit\\\/pmc-audio-twenty5-22i\\\/#primaryimage\"},\"thumbnailUrl\":\"https:\\\/\\\/exceptionaudio.fr\\\/site\\\/wp-content\\\/uploads\\\/2023\\\/10\\\/PMC-Twenty5-22i.jpg\",\"datePublished\":\"2023-10-31T11:23:15+00:00\",\"dateModified\":\"2026-03-20T17:32:13+00:00\",\"description\":\"La PMC Audio Twenty5 22i est une enceinte HiFi deux voies compacte mais qui n\u2019a rien d\u2019une petite enceinte offrant transparence et musicalit\u00e9.\",\"breadcrumb\":{\"@id\":\"https:\\\/\\\/exceptionaudio.fr\\\/site\\\/produit\\\/pmc-audio-twenty5-22i\\\/#breadcrumb\"},\"inLanguage\":\"fr-FR\",\"potentialAction\":[{\"@type\":\"ReadAction\",\"target\":[\"https:\\\/\\\/exceptionaudio.fr\\\/site\\\/produit\\\/pmc-audio-twenty5-22i\\\/\"]}]},{\"@type\":\"ImageObject\",\"inLanguage\":\"fr-FR\",\"@id\":\"https:\\\/\\\/exceptionaudio.fr\\\/site\\\/produit\\\/pmc-audio-twenty5-22i\\\/#primaryimage\",\"url\":\"https:\\\/\\\/exceptionaudio.fr\\\/site\\\/wp-content\\\/uploads\\\/2023\\\/10\\\/PMC-Twenty5-22i.jpg\",\"contentUrl\":\"https:\\\/\\\/exceptionaudio.fr\\\/site\\\/wp-content\\\/uploads\\\/2023\\\/10\\\/PMC-Twenty5-22i.jpg\",\"width\":1000,\"height\":1000,\"caption\":\"PMC Audio Twenty5 22i enceinte biblioth\u00e8que hifi haute fid\u00e9lit\u00e9\"},{\"@type\":\"BreadcrumbList\",\"@id\":\"https:\\\/\\\/exceptionaudio.fr\\\/site\\\/produit\\\/pmc-audio-twenty5-22i\\\/#breadcrumb\",\"itemListElement\":[{\"@type\":\"ListItem\",\"position\":1,\"name\":\"Accueil\",\"item\":\"https:\\\/\\\/exceptionaudio.fr\\\/site\\\/\"},{\"@type\":\"ListItem\",\"position\":2,\"name\":\"Boutique\",\"item\":\"https:\\\/\\\/exceptionaudio.fr\\\/site\\\/boutique\\\/\"},{\"@type\":\"ListItem\",\"position\":3,\"name\":\"PMC Audio Twenty5 22i\"}]},{\"@type\":\"WebSite\",\"@id\":\"https:\\\/\\\/exceptionaudio.fr\\\/site\\\/#website\",\"url\":\"https:\\\/\\\/exceptionaudio.fr\\\/site\\\/\",\"name\":\"Exception Audio\",\"description\":\"Magasin hi-fi Antibes\",\"publisher\":{\"@id\":\"https:\\\/\\\/exceptionaudio.fr\\\/site\\\/#organization\"},\"potentialAction\":[{\"@type\":\"SearchAction\",\"target\":{\"@type\":\"EntryPoint\",\"urlTemplate\":\"https:\\\/\\\/exceptionaudio.fr\\\/site\\\/?s={search_term_string}\"},\"query-input\":{\"@type\":\"PropertyValueSpecification\",\"valueRequired\":true,\"valueName\":\"search_term_string\"}}],\"inLanguage\":\"fr-FR\"},{\"@type\":\"Organization\",\"@id\":\"https:\\\/\\\/exceptionaudio.fr\\\/site\\\/#organization\",\"name\":\"Exception Audio\",\"url\":\"https:\\\/\\\/exceptionaudio.fr\\\/site\\\/\",\"logo\":{\"@type\":\"ImageObject\",\"inLanguage\":\"fr-FR\",\"@id\":\"https:\\\/\\\/exceptionaudio.fr\\\/site\\\/#\\\/schema\\\/logo\\\/image\\\/\",\"url\":\"https:\\\/\\\/exceptionaudio.fr\\\/site\\\/wp-content\\\/uploads\\\/2021\\\/10\\\/largeur-exception-audio-logos-noir.png\",\"contentUrl\":\"https:\\\/\\\/exceptionaudio.fr\\\/site\\\/wp-content\\\/uploads\\\/2021\\\/10\\\/largeur-exception-audio-logos-noir.png\",\"width\":357,\"height\":54,\"caption\":\"Exception Audio\"},\"image\":{\"@id\":\"https:\\\/\\\/exceptionaudio.fr\\\/site\\\/#\\\/schema\\\/logo\\\/image\\\/\"},\"sameAs\":[\"https:\\\/\\\/www.facebook.com\\\/ExceptionAudio\",\"https:\\\/\\\/www.instagram.com\\\/exception_audio\\\/\"]}]}<\/script>\n<!-- \/ Yoast SEO plugin. -->","yoast_head_json":{"title":"PMC Audio Twenty5 22i - Enceinte biblioth\u00e8que hifi - Exception Audio","description":"La PMC Audio Twenty5 22i est une enceinte HiFi deux voies compacte mais qui n\u2019a rien d\u2019une petite enceinte offrant transparence et musicalit\u00e9.","robots":{"index":"index","follow":"follow","max-snippet":"max-snippet:-1","max-image-preview":"max-image-preview:large","max-video-preview":"max-video-preview:-1"},"canonical":"https:\/\/exceptionaudio.fr\/site\/produit\/pmc-audio-twenty5-22i\/","og_locale":"fr_FR","og_type":"article","og_title":"PMC Audio Twenty5 22i - Enceinte biblioth\u00e8que hifi - Exception Audio","og_description":"La PMC Audio Twenty5 22i est une enceinte HiFi deux voies compacte mais qui n\u2019a rien d\u2019une petite enceinte offrant transparence et musicalit\u00e9.","og_url":"https:\/\/exceptionaudio.fr\/site\/produit\/pmc-audio-twenty5-22i\/","og_site_name":"Exception Audio","article_publisher":"https:\/\/www.facebook.com\/ExceptionAudio","article_modified_time":"2026-03-20T17:32:13+00:00","og_image":[{"width":1000,"height":1000,"url":"https:\/\/exceptionaudio.fr\/site\/wp-content\/uploads\/2023\/10\/PMC-Twenty5-22i.jpg","type":"image\/jpeg"}],"twitter_card":"summary_large_image","schema":{"@context":"https:\/\/schema.org","@graph":[{"@type":"WebPage","@id":"https:\/\/exceptionaudio.fr\/site\/produit\/pmc-audio-twenty5-22i\/","url":"https:\/\/exceptionaudio.fr\/site\/produit\/pmc-audio-twenty5-22i\/","name":"PMC Audio Twenty5 22i - Enceinte biblioth\u00e8que hifi - Exception Audio","isPartOf":{"@id":"https:\/\/exceptionaudio.fr\/site\/#website"},"primaryImageOfPage":{"@id":"https:\/\/exceptionaudio.fr\/site\/produit\/pmc-audio-twenty5-22i\/#primaryimage"},"image":{"@id":"https:\/\/exceptionaudio.fr\/site\/produit\/pmc-audio-twenty5-22i\/#primaryimage"},"thumbnailUrl":"https:\/\/exceptionaudio.fr\/site\/wp-content\/uploads\/2023\/10\/PMC-Twenty5-22i.jpg","datePublished":"2023-10-31T11:23:15+00:00","dateModified":"2026-03-20T17:32:13+00:00","description":"La PMC Audio Twenty5 22i est une enceinte HiFi deux voies compacte mais qui n\u2019a rien d\u2019une petite enceinte offrant transparence et musicalit\u00e9.","breadcrumb":{"@id":"https:\/\/exceptionaudio.fr\/site\/produit\/pmc-audio-twenty5-22i\/#breadcrumb"},"inLanguage":"fr-FR","potentialAction":[{"@type":"ReadAction","target":["https:\/\/exceptionaudio.fr\/site\/produit\/pmc-audio-twenty5-22i\/"]}]},{"@type":"ImageObject","inLanguage":"fr-FR","@id":"https:\/\/exceptionaudio.fr\/site\/produit\/pmc-audio-twenty5-22i\/#primaryimage","url":"https:\/\/exceptionaudio.fr\/site\/wp-content\/uploads\/2023\/10\/PMC-Twenty5-22i.jpg","contentUrl":"https:\/\/exceptionaudio.fr\/site\/wp-content\/uploads\/2023\/10\/PMC-Twenty5-22i.jpg","width":1000,"height":1000,"caption":"PMC Audio Twenty5 22i enceinte biblioth\u00e8que hifi haute fid\u00e9lit\u00e9"},{"@type":"BreadcrumbList","@id":"https:\/\/exceptionaudio.fr\/site\/produit\/pmc-audio-twenty5-22i\/#breadcrumb","itemListElement":[{"@type":"ListItem","position":1,"name":"Accueil","item":"https:\/\/exceptionaudio.fr\/site\/"},{"@type":"ListItem","position":2,"name":"Boutique","item":"https:\/\/exceptionaudio.fr\/site\/boutique\/"},{"@type":"ListItem","position":3,"name":"PMC Audio Twenty5 22i"}]},{"@type":"WebSite","@id":"https:\/\/exceptionaudio.fr\/site\/#website","url":"https:\/\/exceptionaudio.fr\/site\/","name":"Exception Audio","description":"Magasin hi-fi Antibes","publisher":{"@id":"https:\/\/exceptionaudio.fr\/site\/#organization"},"potentialAction":[{"@type":"SearchAction","target":{"@type":"EntryPoint","urlTemplate":"https:\/\/exceptionaudio.fr\/site\/?s={search_term_string}"},"query-input":{"@type":"PropertyValueSpecification","valueRequired":true,"valueName":"search_term_string"}}],"inLanguage":"fr-FR"},{"@type":"Organization","@id":"https:\/\/exceptionaudio.fr\/site\/#organization","name":"Exception Audio","url":"https:\/\/exceptionaudio.fr\/site\/","logo":{"@type":"ImageObject","inLanguage":"fr-FR","@id":"https:\/\/exceptionaudio.fr\/site\/#\/schema\/logo\/image\/","url":"https:\/\/exceptionaudio.fr\/site\/wp-content\/uploads\/2021\/10\/largeur-exception-audio-logos-noir.png","contentUrl":"https:\/\/exceptionaudio.fr\/site\/wp-content\/uploads\/2021\/10\/largeur-exception-audio-logos-noir.png","width":357,"height":54,"caption":"Exception Audio"},"image":{"@id":"https:\/\/exceptionaudio.fr\/site\/#\/schema\/logo\/image\/"},"sameAs":["https:\/\/www.facebook.com\/ExceptionAudio","https:\/\/www.instagram.com\/exception_audio\/"]}]}},"_links":{"self":[{"href":"https:\/\/exceptionaudio.fr\/site\/wp-json\/wp\/v2\/product\/8179","targetHints":{"allow":["GET"]}}],"collection":[{"href":"https:\/\/exceptionaudio.fr\/site\/wp-json\/wp\/v2\/product"}],"about":[{"href":"https:\/\/exceptionaudio.fr\/site\/wp-json\/wp\/v2\/types\/product"}],"version-history":[{"count":1,"href":"https:\/\/exceptionaudio.fr\/site\/wp-json\/wp\/v2\/product\/8179\/revisions"}],"predecessor-version":[{"id":8187,"href":"https:\/\/exceptionaudio.fr\/site\/wp-json\/wp\/v2\/product\/8179\/revisions\/8187"}],"wp:featuredmedia":[{"embeddable":true,"href":"https:\/\/exceptionaudio.fr\/site\/wp-json\/wp\/v2\/media\/8186"}],"wp:attachment":[{"href":"https:\/\/exceptionaudio.fr\/site\/wp-json\/wp\/v2\/media?parent=8179"}],"wp:term":[{"taxonomy":"product_brand","embeddable":true,"href":"https:\/\/exceptionaudio.fr\/site\/wp-json\/wp\/v2\/product_brand?post=8179"},{"taxonomy":"product_cat","embeddable":true,"href":"https:\/\/exceptionaudio.fr\/site\/wp-json\/wp\/v2\/product_cat?post=8179"},{"taxonomy":"product_tag","embeddable":true,"href":"https:\/\/exceptionaudio.fr\/site\/wp-json\/wp\/v2\/product_tag?post=8179"}],"curies":[{"name":"wp","href":"https:\/\/api.w.org\/{rel}","templated":true}]}}