{"id":8472,"date":"2024-02-02T20:44:53","date_gmt":"2024-02-02T19:44:53","guid":{"rendered":"https:\/\/exceptionaudio.fr\/site\/?post_type=product&#038;p=8472"},"modified":"2024-05-04T10:23:10","modified_gmt":"2024-05-04T08:23:10","slug":"luxman-c-10x","status":"publish","type":"product","link":"https:\/\/exceptionaudio.fr\/site\/produit\/luxman-c-10x\/","title":{"rendered":"Luxman C-10X"},"content":{"rendered":"","protected":false},"excerpt":{"rendered":"<p style=\"font-weight: 400;\">Le C-10X est le pr\u00e9amplificateur phare de <a href=\"https:\/\/www.luxman.com\">Luxman<\/a>, con\u00e7u pour c\u00e9l\u00e9brer le 100e anniversaire de la marque en 2025. Il repr\u00e9sente l&rsquo;aboutissement de l&rsquo;expertise et du savoir-faire de Luxman en mati\u00e8re de reproduction sonore. Le C-10X est \u00e9quip\u00e9 du nouveau moteur de r\u00e9troaction \u00ab\u00a0LIFES\u00a0\u00bb et de la derni\u00e8re version de son potentiom\u00e8tre de volume motoris\u00e9 \u00e0 commande \u00e9lectronique \u00ab\u00a0LECUA-EX\u00a0\u00bb, des technologies d\u00e9velopp\u00e9es pour mener la marque japonaise vers le prochain si\u00e8cle.<\/p>\n","protected":false},"featured_media":8473,"template":"","meta":[],"product_brand":[],"product_cat":[93,96],"product_tag":[201],"class_list":{"0":"post-8472","1":"product","2":"type-product","3":"status-publish","4":"has-post-thumbnail","6":"product_cat-amplification-hifi","7":"product_cat-preamplificateurs-hifi","8":"product_tag-luxman","10":"first","11":"instock","12":"taxable","13":"shipping-taxable","14":"purchasable","15":"product-type-simple"},"yoast_head":"<!-- This site is optimized with the Yoast SEO plugin v27.4 - https:\/\/yoast.com\/product\/yoast-seo-wordpress\/ -->\n<title>Luxman C-10X - Pr\u00e9ampli HiFi - Exception Audio<\/title>\n<meta name=\"description\" content=\"Luxman C-10X : Pr\u00e9amplificateur HiFi \u00e9quip\u00e9 du nouveau moteur de r\u00e9troaction &quot;LIFES&quot; et de la derni\u00e8re version du contr\u00f4le de volume &quot;LECUA-EX&quot;.\" \/>\n<meta name=\"robots\" content=\"index, follow, max-snippet:-1, max-image-preview:large, max-video-preview:-1\" \/>\n<link rel=\"canonical\" href=\"https:\/\/exceptionaudio.fr\/site\/produit\/luxman-c-10x\/\" \/>\n<meta property=\"og:locale\" content=\"fr_FR\" \/>\n<meta property=\"og:type\" content=\"article\" \/>\n<meta property=\"og:title\" content=\"Luxman C-10X - Pr\u00e9ampli HiFi - Exception Audio\" \/>\n<meta property=\"og:description\" content=\"Luxman C-10X : Pr\u00e9amplificateur HiFi \u00e9quip\u00e9 du nouveau moteur de r\u00e9troaction &quot;LIFES&quot; et de la derni\u00e8re version du contr\u00f4le de volume &quot;LECUA-EX&quot;.\" \/>\n<meta property=\"og:url\" content=\"https:\/\/exceptionaudio.fr\/site\/produit\/luxman-c-10x\/\" \/>\n<meta property=\"og:site_name\" content=\"Exception Audio\" \/>\n<meta property=\"article:publisher\" content=\"https:\/\/www.facebook.com\/ExceptionAudio\" \/>\n<meta property=\"article:modified_time\" content=\"2024-05-04T08:23:10+00:00\" \/>\n<meta property=\"og:image\" content=\"https:\/\/exceptionaudio.fr\/site\/wp-content\/uploads\/2024\/02\/Luxman-C-10X-avant.png\" \/>\n\t<meta property=\"og:image:width\" content=\"1000\" \/>\n\t<meta property=\"og:image:height\" content=\"1000\" \/>\n\t<meta property=\"og:image:type\" content=\"image\/png\" \/>\n<meta name=\"twitter:card\" content=\"summary_large_image\" \/>\n<meta name=\"twitter:label1\" content=\"Dur\u00e9e de lecture estim\u00e9e\" \/>\n\t<meta name=\"twitter:data1\" content=\"1 minute\" \/>\n<script type=\"application\/ld+json\" class=\"yoast-schema-graph\">{\"@context\":\"https:\\\/\\\/schema.org\",\"@graph\":[{\"@type\":\"WebPage\",\"@id\":\"https:\\\/\\\/exceptionaudio.fr\\\/site\\\/produit\\\/luxman-c-10x\\\/\",\"url\":\"https:\\\/\\\/exceptionaudio.fr\\\/site\\\/produit\\\/luxman-c-10x\\\/\",\"name\":\"Luxman C-10X - Pr\u00e9ampli HiFi - Exception Audio\",\"isPartOf\":{\"@id\":\"https:\\\/\\\/exceptionaudio.fr\\\/site\\\/#website\"},\"primaryImageOfPage\":{\"@id\":\"https:\\\/\\\/exceptionaudio.fr\\\/site\\\/produit\\\/luxman-c-10x\\\/#primaryimage\"},\"image\":{\"@id\":\"https:\\\/\\\/exceptionaudio.fr\\\/site\\\/produit\\\/luxman-c-10x\\\/#primaryimage\"},\"thumbnailUrl\":\"https:\\\/\\\/exceptionaudio.fr\\\/site\\\/wp-content\\\/uploads\\\/2024\\\/02\\\/Luxman-C-10X-avant.png\",\"datePublished\":\"2024-02-02T19:44:53+00:00\",\"dateModified\":\"2024-05-04T08:23:10+00:00\",\"description\":\"Luxman C-10X : Pr\u00e9amplificateur HiFi \u00e9quip\u00e9 du nouveau moteur de r\u00e9troaction \\\"LIFES\\\" et de la derni\u00e8re version du contr\u00f4le de volume \\\"LECUA-EX\\\".\",\"breadcrumb\":{\"@id\":\"https:\\\/\\\/exceptionaudio.fr\\\/site\\\/produit\\\/luxman-c-10x\\\/#breadcrumb\"},\"inLanguage\":\"fr-FR\",\"potentialAction\":[{\"@type\":\"ReadAction\",\"target\":[\"https:\\\/\\\/exceptionaudio.fr\\\/site\\\/produit\\\/luxman-c-10x\\\/\"]}]},{\"@type\":\"ImageObject\",\"inLanguage\":\"fr-FR\",\"@id\":\"https:\\\/\\\/exceptionaudio.fr\\\/site\\\/produit\\\/luxman-c-10x\\\/#primaryimage\",\"url\":\"https:\\\/\\\/exceptionaudio.fr\\\/site\\\/wp-content\\\/uploads\\\/2024\\\/02\\\/Luxman-C-10X-avant.png\",\"contentUrl\":\"https:\\\/\\\/exceptionaudio.fr\\\/site\\\/wp-content\\\/uploads\\\/2024\\\/02\\\/Luxman-C-10X-avant.png\",\"width\":1000,\"height\":1000,\"caption\":\"Luxman C-10X face avant pr\u00e9amplificateur hifi haut de gamme\"},{\"@type\":\"BreadcrumbList\",\"@id\":\"https:\\\/\\\/exceptionaudio.fr\\\/site\\\/produit\\\/luxman-c-10x\\\/#breadcrumb\",\"itemListElement\":[{\"@type\":\"ListItem\",\"position\":1,\"name\":\"Accueil\",\"item\":\"https:\\\/\\\/exceptionaudio.fr\\\/site\\\/\"},{\"@type\":\"ListItem\",\"position\":2,\"name\":\"Boutique\",\"item\":\"https:\\\/\\\/exceptionaudio.fr\\\/site\\\/boutique\\\/\"},{\"@type\":\"ListItem\",\"position\":3,\"name\":\"Luxman C-10X\"}]},{\"@type\":\"WebSite\",\"@id\":\"https:\\\/\\\/exceptionaudio.fr\\\/site\\\/#website\",\"url\":\"https:\\\/\\\/exceptionaudio.fr\\\/site\\\/\",\"name\":\"Exception Audio\",\"description\":\"Magasin hi-fi Antibes\",\"publisher\":{\"@id\":\"https:\\\/\\\/exceptionaudio.fr\\\/site\\\/#organization\"},\"potentialAction\":[{\"@type\":\"SearchAction\",\"target\":{\"@type\":\"EntryPoint\",\"urlTemplate\":\"https:\\\/\\\/exceptionaudio.fr\\\/site\\\/?s={search_term_string}\"},\"query-input\":{\"@type\":\"PropertyValueSpecification\",\"valueRequired\":true,\"valueName\":\"search_term_string\"}}],\"inLanguage\":\"fr-FR\"},{\"@type\":\"Organization\",\"@id\":\"https:\\\/\\\/exceptionaudio.fr\\\/site\\\/#organization\",\"name\":\"Exception Audio\",\"url\":\"https:\\\/\\\/exceptionaudio.fr\\\/site\\\/\",\"logo\":{\"@type\":\"ImageObject\",\"inLanguage\":\"fr-FR\",\"@id\":\"https:\\\/\\\/exceptionaudio.fr\\\/site\\\/#\\\/schema\\\/logo\\\/image\\\/\",\"url\":\"https:\\\/\\\/exceptionaudio.fr\\\/site\\\/wp-content\\\/uploads\\\/2021\\\/10\\\/largeur-exception-audio-logos-noir.png\",\"contentUrl\":\"https:\\\/\\\/exceptionaudio.fr\\\/site\\\/wp-content\\\/uploads\\\/2021\\\/10\\\/largeur-exception-audio-logos-noir.png\",\"width\":357,\"height\":54,\"caption\":\"Exception Audio\"},\"image\":{\"@id\":\"https:\\\/\\\/exceptionaudio.fr\\\/site\\\/#\\\/schema\\\/logo\\\/image\\\/\"},\"sameAs\":[\"https:\\\/\\\/www.facebook.com\\\/ExceptionAudio\",\"https:\\\/\\\/www.instagram.com\\\/exception_audio\\\/\"]}]}<\/script>\n<!-- \/ Yoast SEO plugin. -->","yoast_head_json":{"title":"Luxman C-10X - Pr\u00e9ampli HiFi - Exception Audio","description":"Luxman C-10X : Pr\u00e9amplificateur HiFi \u00e9quip\u00e9 du nouveau moteur de r\u00e9troaction \"LIFES\" et de la derni\u00e8re version du contr\u00f4le de volume \"LECUA-EX\".","robots":{"index":"index","follow":"follow","max-snippet":"max-snippet:-1","max-image-preview":"max-image-preview:large","max-video-preview":"max-video-preview:-1"},"canonical":"https:\/\/exceptionaudio.fr\/site\/produit\/luxman-c-10x\/","og_locale":"fr_FR","og_type":"article","og_title":"Luxman C-10X - Pr\u00e9ampli HiFi - Exception Audio","og_description":"Luxman C-10X : Pr\u00e9amplificateur HiFi \u00e9quip\u00e9 du nouveau moteur de r\u00e9troaction \"LIFES\" et de la derni\u00e8re version du contr\u00f4le de volume \"LECUA-EX\".","og_url":"https:\/\/exceptionaudio.fr\/site\/produit\/luxman-c-10x\/","og_site_name":"Exception Audio","article_publisher":"https:\/\/www.facebook.com\/ExceptionAudio","article_modified_time":"2024-05-04T08:23:10+00:00","og_image":[{"width":1000,"height":1000,"url":"https:\/\/exceptionaudio.fr\/site\/wp-content\/uploads\/2024\/02\/Luxman-C-10X-avant.png","type":"image\/png"}],"twitter_card":"summary_large_image","twitter_misc":{"Dur\u00e9e de lecture estim\u00e9e":"1 minute"},"schema":{"@context":"https:\/\/schema.org","@graph":[{"@type":"WebPage","@id":"https:\/\/exceptionaudio.fr\/site\/produit\/luxman-c-10x\/","url":"https:\/\/exceptionaudio.fr\/site\/produit\/luxman-c-10x\/","name":"Luxman C-10X - Pr\u00e9ampli HiFi - Exception Audio","isPartOf":{"@id":"https:\/\/exceptionaudio.fr\/site\/#website"},"primaryImageOfPage":{"@id":"https:\/\/exceptionaudio.fr\/site\/produit\/luxman-c-10x\/#primaryimage"},"image":{"@id":"https:\/\/exceptionaudio.fr\/site\/produit\/luxman-c-10x\/#primaryimage"},"thumbnailUrl":"https:\/\/exceptionaudio.fr\/site\/wp-content\/uploads\/2024\/02\/Luxman-C-10X-avant.png","datePublished":"2024-02-02T19:44:53+00:00","dateModified":"2024-05-04T08:23:10+00:00","description":"Luxman C-10X : Pr\u00e9amplificateur HiFi \u00e9quip\u00e9 du nouveau moteur de r\u00e9troaction \"LIFES\" et de la derni\u00e8re version du contr\u00f4le de volume \"LECUA-EX\".","breadcrumb":{"@id":"https:\/\/exceptionaudio.fr\/site\/produit\/luxman-c-10x\/#breadcrumb"},"inLanguage":"fr-FR","potentialAction":[{"@type":"ReadAction","target":["https:\/\/exceptionaudio.fr\/site\/produit\/luxman-c-10x\/"]}]},{"@type":"ImageObject","inLanguage":"fr-FR","@id":"https:\/\/exceptionaudio.fr\/site\/produit\/luxman-c-10x\/#primaryimage","url":"https:\/\/exceptionaudio.fr\/site\/wp-content\/uploads\/2024\/02\/Luxman-C-10X-avant.png","contentUrl":"https:\/\/exceptionaudio.fr\/site\/wp-content\/uploads\/2024\/02\/Luxman-C-10X-avant.png","width":1000,"height":1000,"caption":"Luxman C-10X face avant pr\u00e9amplificateur hifi haut de gamme"},{"@type":"BreadcrumbList","@id":"https:\/\/exceptionaudio.fr\/site\/produit\/luxman-c-10x\/#breadcrumb","itemListElement":[{"@type":"ListItem","position":1,"name":"Accueil","item":"https:\/\/exceptionaudio.fr\/site\/"},{"@type":"ListItem","position":2,"name":"Boutique","item":"https:\/\/exceptionaudio.fr\/site\/boutique\/"},{"@type":"ListItem","position":3,"name":"Luxman C-10X"}]},{"@type":"WebSite","@id":"https:\/\/exceptionaudio.fr\/site\/#website","url":"https:\/\/exceptionaudio.fr\/site\/","name":"Exception Audio","description":"Magasin hi-fi Antibes","publisher":{"@id":"https:\/\/exceptionaudio.fr\/site\/#organization"},"potentialAction":[{"@type":"SearchAction","target":{"@type":"EntryPoint","urlTemplate":"https:\/\/exceptionaudio.fr\/site\/?s={search_term_string}"},"query-input":{"@type":"PropertyValueSpecification","valueRequired":true,"valueName":"search_term_string"}}],"inLanguage":"fr-FR"},{"@type":"Organization","@id":"https:\/\/exceptionaudio.fr\/site\/#organization","name":"Exception Audio","url":"https:\/\/exceptionaudio.fr\/site\/","logo":{"@type":"ImageObject","inLanguage":"fr-FR","@id":"https:\/\/exceptionaudio.fr\/site\/#\/schema\/logo\/image\/","url":"https:\/\/exceptionaudio.fr\/site\/wp-content\/uploads\/2021\/10\/largeur-exception-audio-logos-noir.png","contentUrl":"https:\/\/exceptionaudio.fr\/site\/wp-content\/uploads\/2021\/10\/largeur-exception-audio-logos-noir.png","width":357,"height":54,"caption":"Exception Audio"},"image":{"@id":"https:\/\/exceptionaudio.fr\/site\/#\/schema\/logo\/image\/"},"sameAs":["https:\/\/www.facebook.com\/ExceptionAudio","https:\/\/www.instagram.com\/exception_audio\/"]}]}},"_links":{"self":[{"href":"https:\/\/exceptionaudio.fr\/site\/wp-json\/wp\/v2\/product\/8472","targetHints":{"allow":["GET"]}}],"collection":[{"href":"https:\/\/exceptionaudio.fr\/site\/wp-json\/wp\/v2\/product"}],"about":[{"href":"https:\/\/exceptionaudio.fr\/site\/wp-json\/wp\/v2\/types\/product"}],"version-history":[{"count":2,"href":"https:\/\/exceptionaudio.fr\/site\/wp-json\/wp\/v2\/product\/8472\/revisions"}],"predecessor-version":[{"id":8812,"href":"https:\/\/exceptionaudio.fr\/site\/wp-json\/wp\/v2\/product\/8472\/revisions\/8812"}],"wp:featuredmedia":[{"embeddable":true,"href":"https:\/\/exceptionaudio.fr\/site\/wp-json\/wp\/v2\/media\/8473"}],"wp:attachment":[{"href":"https:\/\/exceptionaudio.fr\/site\/wp-json\/wp\/v2\/media?parent=8472"}],"wp:term":[{"taxonomy":"product_brand","embeddable":true,"href":"https:\/\/exceptionaudio.fr\/site\/wp-json\/wp\/v2\/product_brand?post=8472"},{"taxonomy":"product_cat","embeddable":true,"href":"https:\/\/exceptionaudio.fr\/site\/wp-json\/wp\/v2\/product_cat?post=8472"},{"taxonomy":"product_tag","embeddable":true,"href":"https:\/\/exceptionaudio.fr\/site\/wp-json\/wp\/v2\/product_tag?post=8472"}],"curies":[{"name":"wp","href":"https:\/\/api.w.org\/{rel}","templated":true}]}}