{"id":8552,"date":"2024-02-13T19:03:48","date_gmt":"2024-02-13T18:03:48","guid":{"rendered":"https:\/\/exceptionaudio.fr\/site\/?post_type=product&#038;p=8552"},"modified":"2024-09-21T17:05:37","modified_gmt":"2024-09-21T15:05:37","slug":"gryphon-diablo-333","status":"publish","type":"product","link":"https:\/\/exceptionaudio.fr\/site\/produit\/gryphon-diablo-333\/","title":{"rendered":"Gryphon Diablo 333"},"content":{"rendered":"","protected":false},"excerpt":{"rendered":"<p style=\"font-weight: 400;\">Le Diablo 333 est l\u2019amplificateur int\u00e9gr\u00e9 de r\u00e9f\u00e9rence de chez Gryphon Audio, h\u00e9ritier du mythique Diablo 300. Le Diablo 333 est l\u2019amplificateur int\u00e9gr\u00e9 ultime, il est incroyablement performant et capable d&rsquo;alimenter m\u00eame les enceintes les plus exigeantes. Il est capable de surclasser des concurrents en \u00e9l\u00e9ments s\u00e9par\u00e9s plus encombrant et co\u00fbteux. Sa construction modulaire permet de lui ajouter une carte phono pour y brancher sa platine vinyle et\/ou un DAC pour \u00e9couter sa musique num\u00e9rique haute d\u00e9finition.<\/p>\n","protected":false},"featured_media":8555,"template":"","meta":[],"product_brand":[],"product_cat":[93,94],"product_tag":[253],"class_list":{"0":"post-8552","1":"product","2":"type-product","3":"status-publish","4":"has-post-thumbnail","6":"product_cat-amplification-hifi","7":"product_cat-amplificateurs-integres","8":"product_tag-gryphon-audio","10":"first","11":"instock","12":"featured","13":"taxable","14":"shipping-taxable","15":"purchasable","16":"product-type-simple"},"yoast_head":"<!-- This site is optimized with the Yoast SEO plugin v27.3 - https:\/\/yoast.com\/product\/yoast-seo-wordpress\/ -->\n<title>Gryphon Diablo 333 - Amplificateur int\u00e9gr\u00e9 HiFi - Exception Audio<\/title>\n<meta name=\"description\" content=\"Le Gryphon Diablo 333 est le digne h\u00e9ritier du mythique Diablo 300. Le Diablo 333 est l\u2019amplificateur int\u00e9gr\u00e9 HiFi ultime, incroyablement performant.\" \/>\n<meta name=\"robots\" content=\"index, follow, max-snippet:-1, max-image-preview:large, max-video-preview:-1\" \/>\n<link rel=\"canonical\" href=\"https:\/\/exceptionaudio.fr\/site\/produit\/gryphon-diablo-333\/\" \/>\n<meta property=\"og:locale\" content=\"fr_FR\" \/>\n<meta property=\"og:type\" content=\"article\" \/>\n<meta property=\"og:title\" content=\"Gryphon Diablo 333 - Amplificateur int\u00e9gr\u00e9 HiFi - Exception Audio\" \/>\n<meta property=\"og:description\" content=\"Le Gryphon Diablo 333 est le digne h\u00e9ritier du mythique Diablo 300. Le Diablo 333 est l\u2019amplificateur int\u00e9gr\u00e9 HiFi ultime, incroyablement performant.\" \/>\n<meta property=\"og:url\" content=\"https:\/\/exceptionaudio.fr\/site\/produit\/gryphon-diablo-333\/\" \/>\n<meta property=\"og:site_name\" content=\"Exception Audio\" \/>\n<meta property=\"article:publisher\" content=\"https:\/\/www.facebook.com\/ExceptionAudio\" \/>\n<meta property=\"article:modified_time\" content=\"2024-09-21T15:05:37+00:00\" \/>\n<meta property=\"og:image\" content=\"https:\/\/exceptionaudio.fr\/site\/wp-content\/uploads\/2024\/02\/Gryphon-Audio-Diablo-333.png\" \/>\n\t<meta property=\"og:image:width\" content=\"1000\" \/>\n\t<meta property=\"og:image:height\" content=\"1000\" \/>\n\t<meta property=\"og:image:type\" content=\"image\/png\" \/>\n<meta name=\"twitter:card\" content=\"summary_large_image\" \/>\n<meta name=\"twitter:label1\" content=\"Dur\u00e9e de lecture estim\u00e9e\" \/>\n\t<meta name=\"twitter:data1\" content=\"1 minute\" \/>\n<script type=\"application\/ld+json\" class=\"yoast-schema-graph\">{\"@context\":\"https:\\\/\\\/schema.org\",\"@graph\":[{\"@type\":\"WebPage\",\"@id\":\"https:\\\/\\\/exceptionaudio.fr\\\/site\\\/produit\\\/gryphon-diablo-333\\\/\",\"url\":\"https:\\\/\\\/exceptionaudio.fr\\\/site\\\/produit\\\/gryphon-diablo-333\\\/\",\"name\":\"Gryphon Diablo 333 - Amplificateur int\u00e9gr\u00e9 HiFi - Exception Audio\",\"isPartOf\":{\"@id\":\"https:\\\/\\\/exceptionaudio.fr\\\/site\\\/#website\"},\"primaryImageOfPage\":{\"@id\":\"https:\\\/\\\/exceptionaudio.fr\\\/site\\\/produit\\\/gryphon-diablo-333\\\/#primaryimage\"},\"image\":{\"@id\":\"https:\\\/\\\/exceptionaudio.fr\\\/site\\\/produit\\\/gryphon-diablo-333\\\/#primaryimage\"},\"thumbnailUrl\":\"https:\\\/\\\/exceptionaudio.fr\\\/site\\\/wp-content\\\/uploads\\\/2024\\\/02\\\/Gryphon-Audio-Diablo-333.png\",\"datePublished\":\"2024-02-13T18:03:48+00:00\",\"dateModified\":\"2024-09-21T15:05:37+00:00\",\"description\":\"Le Gryphon Diablo 333 est le digne h\u00e9ritier du mythique Diablo 300. Le Diablo 333 est l\u2019amplificateur int\u00e9gr\u00e9 HiFi ultime, incroyablement performant.\",\"breadcrumb\":{\"@id\":\"https:\\\/\\\/exceptionaudio.fr\\\/site\\\/produit\\\/gryphon-diablo-333\\\/#breadcrumb\"},\"inLanguage\":\"fr-FR\",\"potentialAction\":[{\"@type\":\"ReadAction\",\"target\":[\"https:\\\/\\\/exceptionaudio.fr\\\/site\\\/produit\\\/gryphon-diablo-333\\\/\"]}]},{\"@type\":\"ImageObject\",\"inLanguage\":\"fr-FR\",\"@id\":\"https:\\\/\\\/exceptionaudio.fr\\\/site\\\/produit\\\/gryphon-diablo-333\\\/#primaryimage\",\"url\":\"https:\\\/\\\/exceptionaudio.fr\\\/site\\\/wp-content\\\/uploads\\\/2024\\\/02\\\/Gryphon-Audio-Diablo-333.png\",\"contentUrl\":\"https:\\\/\\\/exceptionaudio.fr\\\/site\\\/wp-content\\\/uploads\\\/2024\\\/02\\\/Gryphon-Audio-Diablo-333.png\",\"width\":1000,\"height\":1000,\"caption\":\"Gryphon Audio Diablo 333 amplificateur int\u00e9gr\u00e9 hifi haut fid\u00e9lit\u00e9 haut de gamme\"},{\"@type\":\"BreadcrumbList\",\"@id\":\"https:\\\/\\\/exceptionaudio.fr\\\/site\\\/produit\\\/gryphon-diablo-333\\\/#breadcrumb\",\"itemListElement\":[{\"@type\":\"ListItem\",\"position\":1,\"name\":\"Accueil\",\"item\":\"https:\\\/\\\/exceptionaudio.fr\\\/site\\\/\"},{\"@type\":\"ListItem\",\"position\":2,\"name\":\"Boutique\",\"item\":\"https:\\\/\\\/exceptionaudio.fr\\\/site\\\/boutique\\\/\"},{\"@type\":\"ListItem\",\"position\":3,\"name\":\"Gryphon Diablo 333\"}]},{\"@type\":\"WebSite\",\"@id\":\"https:\\\/\\\/exceptionaudio.fr\\\/site\\\/#website\",\"url\":\"https:\\\/\\\/exceptionaudio.fr\\\/site\\\/\",\"name\":\"Exception Audio\",\"description\":\"Magasin hi-fi Antibes\",\"publisher\":{\"@id\":\"https:\\\/\\\/exceptionaudio.fr\\\/site\\\/#organization\"},\"potentialAction\":[{\"@type\":\"SearchAction\",\"target\":{\"@type\":\"EntryPoint\",\"urlTemplate\":\"https:\\\/\\\/exceptionaudio.fr\\\/site\\\/?s={search_term_string}\"},\"query-input\":{\"@type\":\"PropertyValueSpecification\",\"valueRequired\":true,\"valueName\":\"search_term_string\"}}],\"inLanguage\":\"fr-FR\"},{\"@type\":\"Organization\",\"@id\":\"https:\\\/\\\/exceptionaudio.fr\\\/site\\\/#organization\",\"name\":\"Exception Audio\",\"url\":\"https:\\\/\\\/exceptionaudio.fr\\\/site\\\/\",\"logo\":{\"@type\":\"ImageObject\",\"inLanguage\":\"fr-FR\",\"@id\":\"https:\\\/\\\/exceptionaudio.fr\\\/site\\\/#\\\/schema\\\/logo\\\/image\\\/\",\"url\":\"https:\\\/\\\/exceptionaudio.fr\\\/site\\\/wp-content\\\/uploads\\\/2021\\\/10\\\/largeur-exception-audio-logos-noir.png\",\"contentUrl\":\"https:\\\/\\\/exceptionaudio.fr\\\/site\\\/wp-content\\\/uploads\\\/2021\\\/10\\\/largeur-exception-audio-logos-noir.png\",\"width\":357,\"height\":54,\"caption\":\"Exception Audio\"},\"image\":{\"@id\":\"https:\\\/\\\/exceptionaudio.fr\\\/site\\\/#\\\/schema\\\/logo\\\/image\\\/\"},\"sameAs\":[\"https:\\\/\\\/www.facebook.com\\\/ExceptionAudio\",\"https:\\\/\\\/www.instagram.com\\\/exception_audio\\\/\"]}]}<\/script>\n<!-- \/ Yoast SEO plugin. -->","yoast_head_json":{"title":"Gryphon Diablo 333 - Amplificateur int\u00e9gr\u00e9 HiFi - Exception Audio","description":"Le Gryphon Diablo 333 est le digne h\u00e9ritier du mythique Diablo 300. Le Diablo 333 est l\u2019amplificateur int\u00e9gr\u00e9 HiFi ultime, incroyablement performant.","robots":{"index":"index","follow":"follow","max-snippet":"max-snippet:-1","max-image-preview":"max-image-preview:large","max-video-preview":"max-video-preview:-1"},"canonical":"https:\/\/exceptionaudio.fr\/site\/produit\/gryphon-diablo-333\/","og_locale":"fr_FR","og_type":"article","og_title":"Gryphon Diablo 333 - Amplificateur int\u00e9gr\u00e9 HiFi - Exception Audio","og_description":"Le Gryphon Diablo 333 est le digne h\u00e9ritier du mythique Diablo 300. Le Diablo 333 est l\u2019amplificateur int\u00e9gr\u00e9 HiFi ultime, incroyablement performant.","og_url":"https:\/\/exceptionaudio.fr\/site\/produit\/gryphon-diablo-333\/","og_site_name":"Exception Audio","article_publisher":"https:\/\/www.facebook.com\/ExceptionAudio","article_modified_time":"2024-09-21T15:05:37+00:00","og_image":[{"width":1000,"height":1000,"url":"https:\/\/exceptionaudio.fr\/site\/wp-content\/uploads\/2024\/02\/Gryphon-Audio-Diablo-333.png","type":"image\/png"}],"twitter_card":"summary_large_image","twitter_misc":{"Dur\u00e9e de lecture estim\u00e9e":"1 minute"},"schema":{"@context":"https:\/\/schema.org","@graph":[{"@type":"WebPage","@id":"https:\/\/exceptionaudio.fr\/site\/produit\/gryphon-diablo-333\/","url":"https:\/\/exceptionaudio.fr\/site\/produit\/gryphon-diablo-333\/","name":"Gryphon Diablo 333 - Amplificateur int\u00e9gr\u00e9 HiFi - Exception Audio","isPartOf":{"@id":"https:\/\/exceptionaudio.fr\/site\/#website"},"primaryImageOfPage":{"@id":"https:\/\/exceptionaudio.fr\/site\/produit\/gryphon-diablo-333\/#primaryimage"},"image":{"@id":"https:\/\/exceptionaudio.fr\/site\/produit\/gryphon-diablo-333\/#primaryimage"},"thumbnailUrl":"https:\/\/exceptionaudio.fr\/site\/wp-content\/uploads\/2024\/02\/Gryphon-Audio-Diablo-333.png","datePublished":"2024-02-13T18:03:48+00:00","dateModified":"2024-09-21T15:05:37+00:00","description":"Le Gryphon Diablo 333 est le digne h\u00e9ritier du mythique Diablo 300. Le Diablo 333 est l\u2019amplificateur int\u00e9gr\u00e9 HiFi ultime, incroyablement performant.","breadcrumb":{"@id":"https:\/\/exceptionaudio.fr\/site\/produit\/gryphon-diablo-333\/#breadcrumb"},"inLanguage":"fr-FR","potentialAction":[{"@type":"ReadAction","target":["https:\/\/exceptionaudio.fr\/site\/produit\/gryphon-diablo-333\/"]}]},{"@type":"ImageObject","inLanguage":"fr-FR","@id":"https:\/\/exceptionaudio.fr\/site\/produit\/gryphon-diablo-333\/#primaryimage","url":"https:\/\/exceptionaudio.fr\/site\/wp-content\/uploads\/2024\/02\/Gryphon-Audio-Diablo-333.png","contentUrl":"https:\/\/exceptionaudio.fr\/site\/wp-content\/uploads\/2024\/02\/Gryphon-Audio-Diablo-333.png","width":1000,"height":1000,"caption":"Gryphon Audio Diablo 333 amplificateur int\u00e9gr\u00e9 hifi haut fid\u00e9lit\u00e9 haut de gamme"},{"@type":"BreadcrumbList","@id":"https:\/\/exceptionaudio.fr\/site\/produit\/gryphon-diablo-333\/#breadcrumb","itemListElement":[{"@type":"ListItem","position":1,"name":"Accueil","item":"https:\/\/exceptionaudio.fr\/site\/"},{"@type":"ListItem","position":2,"name":"Boutique","item":"https:\/\/exceptionaudio.fr\/site\/boutique\/"},{"@type":"ListItem","position":3,"name":"Gryphon Diablo 333"}]},{"@type":"WebSite","@id":"https:\/\/exceptionaudio.fr\/site\/#website","url":"https:\/\/exceptionaudio.fr\/site\/","name":"Exception Audio","description":"Magasin hi-fi Antibes","publisher":{"@id":"https:\/\/exceptionaudio.fr\/site\/#organization"},"potentialAction":[{"@type":"SearchAction","target":{"@type":"EntryPoint","urlTemplate":"https:\/\/exceptionaudio.fr\/site\/?s={search_term_string}"},"query-input":{"@type":"PropertyValueSpecification","valueRequired":true,"valueName":"search_term_string"}}],"inLanguage":"fr-FR"},{"@type":"Organization","@id":"https:\/\/exceptionaudio.fr\/site\/#organization","name":"Exception Audio","url":"https:\/\/exceptionaudio.fr\/site\/","logo":{"@type":"ImageObject","inLanguage":"fr-FR","@id":"https:\/\/exceptionaudio.fr\/site\/#\/schema\/logo\/image\/","url":"https:\/\/exceptionaudio.fr\/site\/wp-content\/uploads\/2021\/10\/largeur-exception-audio-logos-noir.png","contentUrl":"https:\/\/exceptionaudio.fr\/site\/wp-content\/uploads\/2021\/10\/largeur-exception-audio-logos-noir.png","width":357,"height":54,"caption":"Exception Audio"},"image":{"@id":"https:\/\/exceptionaudio.fr\/site\/#\/schema\/logo\/image\/"},"sameAs":["https:\/\/www.facebook.com\/ExceptionAudio","https:\/\/www.instagram.com\/exception_audio\/"]}]}},"_links":{"self":[{"href":"https:\/\/exceptionaudio.fr\/site\/wp-json\/wp\/v2\/product\/8552","targetHints":{"allow":["GET"]}}],"collection":[{"href":"https:\/\/exceptionaudio.fr\/site\/wp-json\/wp\/v2\/product"}],"about":[{"href":"https:\/\/exceptionaudio.fr\/site\/wp-json\/wp\/v2\/types\/product"}],"version-history":[{"count":1,"href":"https:\/\/exceptionaudio.fr\/site\/wp-json\/wp\/v2\/product\/8552\/revisions"}],"predecessor-version":[{"id":8556,"href":"https:\/\/exceptionaudio.fr\/site\/wp-json\/wp\/v2\/product\/8552\/revisions\/8556"}],"wp:featuredmedia":[{"embeddable":true,"href":"https:\/\/exceptionaudio.fr\/site\/wp-json\/wp\/v2\/media\/8555"}],"wp:attachment":[{"href":"https:\/\/exceptionaudio.fr\/site\/wp-json\/wp\/v2\/media?parent=8552"}],"wp:term":[{"taxonomy":"product_brand","embeddable":true,"href":"https:\/\/exceptionaudio.fr\/site\/wp-json\/wp\/v2\/product_brand?post=8552"},{"taxonomy":"product_cat","embeddable":true,"href":"https:\/\/exceptionaudio.fr\/site\/wp-json\/wp\/v2\/product_cat?post=8552"},{"taxonomy":"product_tag","embeddable":true,"href":"https:\/\/exceptionaudio.fr\/site\/wp-json\/wp\/v2\/product_tag?post=8552"}],"curies":[{"name":"wp","href":"https:\/\/api.w.org\/{rel}","templated":true}]}}