{"id":8633,"date":"2024-03-12T20:53:11","date_gmt":"2024-03-12T19:53:11","guid":{"rendered":"https:\/\/exceptionaudio.fr\/site\/?post_type=product&#038;p=8633"},"modified":"2024-05-04T09:47:11","modified_gmt":"2024-05-04T07:47:11","slug":"gryphon-audio-diablo-120","status":"publish","type":"product","link":"https:\/\/exceptionaudio.fr\/site\/produit\/gryphon-audio-diablo-120\/","title":{"rendered":"Gryphon Diablo 120"},"content":{"rendered":"","protected":false},"excerpt":{"rendered":"<p style=\"font-weight: 400;\">Le Gryphon Diablo 120 est un amplificateur int\u00e9gr\u00e9 haut de gamme, successeur du populaire Attila. Il d\u00e9livre une puissance impressionnante de 120 watts par canal sous 8 ohms, et peut grimper jusqu&rsquo;\u00e0 440 watts sous 2 ohms, lui permettant d&rsquo;alimenter m\u00eame les enceintes les plus exigeantes. Les performances musicales et la conception est tout simplement exceptionnelles, \u00e0 l&rsquo;image de son ain\u00e9 le Diablo 300. Sa construction modulaire permet de lui ajouter une carte phono pour y brancher sa platine vinyle et\/ou un DAC pour \u00e9couter sa musique num\u00e9rique haute d\u00e9finition.<\/p>\n","protected":false},"featured_media":8636,"template":"","meta":[],"product_brand":[],"product_cat":[93,94],"product_tag":[253],"class_list":{"0":"post-8633","1":"product","2":"type-product","3":"status-publish","4":"has-post-thumbnail","6":"product_cat-amplification-hifi","7":"product_cat-amplificateurs-integres","8":"product_tag-gryphon-audio","10":"first","11":"instock","12":"taxable","13":"shipping-taxable","14":"purchasable","15":"product-type-simple"},"yoast_head":"<!-- This site is optimized with the Yoast SEO plugin v27.4 - https:\/\/yoast.com\/product\/yoast-seo-wordpress\/ -->\n<title>Gryphon Diablo 120 - Amplificateur int\u00e9gr\u00e9 HiFi - Exception Audio<\/title>\n<meta name=\"description\" content=\"Le Gryphon Diablo 120 est le successeur de l&#039;Attila et h\u00e9ritier du mythique Diablo 300. Le Diablo 120 est l\u2019amplificateur int\u00e9gr\u00e9 HiFi ultime.\" \/>\n<meta name=\"robots\" content=\"index, follow, max-snippet:-1, max-image-preview:large, max-video-preview:-1\" \/>\n<link rel=\"canonical\" href=\"https:\/\/exceptionaudio.fr\/site\/produit\/gryphon-audio-diablo-120\/\" \/>\n<meta property=\"og:locale\" content=\"fr_FR\" \/>\n<meta property=\"og:type\" content=\"article\" \/>\n<meta property=\"og:title\" content=\"Gryphon Diablo 120 - Amplificateur int\u00e9gr\u00e9 HiFi - Exception Audio\" \/>\n<meta property=\"og:description\" content=\"Le Gryphon Diablo 120 est le successeur de l&#039;Attila et h\u00e9ritier du mythique Diablo 300. Le Diablo 120 est l\u2019amplificateur int\u00e9gr\u00e9 HiFi ultime.\" \/>\n<meta property=\"og:url\" content=\"https:\/\/exceptionaudio.fr\/site\/produit\/gryphon-audio-diablo-120\/\" \/>\n<meta property=\"og:site_name\" content=\"Exception Audio\" \/>\n<meta property=\"article:publisher\" content=\"https:\/\/www.facebook.com\/ExceptionAudio\" \/>\n<meta property=\"article:modified_time\" content=\"2024-05-04T07:47:11+00:00\" \/>\n<meta property=\"og:image\" content=\"https:\/\/exceptionaudio.fr\/site\/wp-content\/uploads\/2024\/03\/Gryphon-Diablo-120.png\" \/>\n\t<meta property=\"og:image:width\" content=\"1000\" \/>\n\t<meta property=\"og:image:height\" content=\"1000\" \/>\n\t<meta property=\"og:image:type\" content=\"image\/png\" \/>\n<meta name=\"twitter:card\" content=\"summary_large_image\" \/>\n<meta name=\"twitter:label1\" content=\"Dur\u00e9e de lecture estim\u00e9e\" \/>\n\t<meta name=\"twitter:data1\" content=\"1 minute\" \/>\n<script type=\"application\/ld+json\" class=\"yoast-schema-graph\">{\"@context\":\"https:\\\/\\\/schema.org\",\"@graph\":[{\"@type\":\"WebPage\",\"@id\":\"https:\\\/\\\/exceptionaudio.fr\\\/site\\\/produit\\\/gryphon-audio-diablo-120\\\/\",\"url\":\"https:\\\/\\\/exceptionaudio.fr\\\/site\\\/produit\\\/gryphon-audio-diablo-120\\\/\",\"name\":\"Gryphon Diablo 120 - Amplificateur int\u00e9gr\u00e9 HiFi - Exception Audio\",\"isPartOf\":{\"@id\":\"https:\\\/\\\/exceptionaudio.fr\\\/site\\\/#website\"},\"primaryImageOfPage\":{\"@id\":\"https:\\\/\\\/exceptionaudio.fr\\\/site\\\/produit\\\/gryphon-audio-diablo-120\\\/#primaryimage\"},\"image\":{\"@id\":\"https:\\\/\\\/exceptionaudio.fr\\\/site\\\/produit\\\/gryphon-audio-diablo-120\\\/#primaryimage\"},\"thumbnailUrl\":\"https:\\\/\\\/exceptionaudio.fr\\\/site\\\/wp-content\\\/uploads\\\/2024\\\/03\\\/Gryphon-Diablo-120.png\",\"datePublished\":\"2024-03-12T19:53:11+00:00\",\"dateModified\":\"2024-05-04T07:47:11+00:00\",\"description\":\"Le Gryphon Diablo 120 est le successeur de l'Attila et h\u00e9ritier du mythique Diablo 300. Le Diablo 120 est l\u2019amplificateur int\u00e9gr\u00e9 HiFi ultime.\",\"breadcrumb\":{\"@id\":\"https:\\\/\\\/exceptionaudio.fr\\\/site\\\/produit\\\/gryphon-audio-diablo-120\\\/#breadcrumb\"},\"inLanguage\":\"fr-FR\",\"potentialAction\":[{\"@type\":\"ReadAction\",\"target\":[\"https:\\\/\\\/exceptionaudio.fr\\\/site\\\/produit\\\/gryphon-audio-diablo-120\\\/\"]}]},{\"@type\":\"ImageObject\",\"inLanguage\":\"fr-FR\",\"@id\":\"https:\\\/\\\/exceptionaudio.fr\\\/site\\\/produit\\\/gryphon-audio-diablo-120\\\/#primaryimage\",\"url\":\"https:\\\/\\\/exceptionaudio.fr\\\/site\\\/wp-content\\\/uploads\\\/2024\\\/03\\\/Gryphon-Diablo-120.png\",\"contentUrl\":\"https:\\\/\\\/exceptionaudio.fr\\\/site\\\/wp-content\\\/uploads\\\/2024\\\/03\\\/Gryphon-Diablo-120.png\",\"width\":1000,\"height\":1000,\"caption\":\"Gryphon Audio Designs Diablo 120 amplificateur int\u00e9gr\u00e9 HiFi Haut de gamme\"},{\"@type\":\"BreadcrumbList\",\"@id\":\"https:\\\/\\\/exceptionaudio.fr\\\/site\\\/produit\\\/gryphon-audio-diablo-120\\\/#breadcrumb\",\"itemListElement\":[{\"@type\":\"ListItem\",\"position\":1,\"name\":\"Accueil\",\"item\":\"https:\\\/\\\/exceptionaudio.fr\\\/site\\\/\"},{\"@type\":\"ListItem\",\"position\":2,\"name\":\"Boutique\",\"item\":\"https:\\\/\\\/exceptionaudio.fr\\\/site\\\/boutique\\\/\"},{\"@type\":\"ListItem\",\"position\":3,\"name\":\"Gryphon Diablo 120\"}]},{\"@type\":\"WebSite\",\"@id\":\"https:\\\/\\\/exceptionaudio.fr\\\/site\\\/#website\",\"url\":\"https:\\\/\\\/exceptionaudio.fr\\\/site\\\/\",\"name\":\"Exception Audio\",\"description\":\"Magasin hi-fi Antibes\",\"publisher\":{\"@id\":\"https:\\\/\\\/exceptionaudio.fr\\\/site\\\/#organization\"},\"potentialAction\":[{\"@type\":\"SearchAction\",\"target\":{\"@type\":\"EntryPoint\",\"urlTemplate\":\"https:\\\/\\\/exceptionaudio.fr\\\/site\\\/?s={search_term_string}\"},\"query-input\":{\"@type\":\"PropertyValueSpecification\",\"valueRequired\":true,\"valueName\":\"search_term_string\"}}],\"inLanguage\":\"fr-FR\"},{\"@type\":\"Organization\",\"@id\":\"https:\\\/\\\/exceptionaudio.fr\\\/site\\\/#organization\",\"name\":\"Exception Audio\",\"url\":\"https:\\\/\\\/exceptionaudio.fr\\\/site\\\/\",\"logo\":{\"@type\":\"ImageObject\",\"inLanguage\":\"fr-FR\",\"@id\":\"https:\\\/\\\/exceptionaudio.fr\\\/site\\\/#\\\/schema\\\/logo\\\/image\\\/\",\"url\":\"https:\\\/\\\/exceptionaudio.fr\\\/site\\\/wp-content\\\/uploads\\\/2021\\\/10\\\/largeur-exception-audio-logos-noir.png\",\"contentUrl\":\"https:\\\/\\\/exceptionaudio.fr\\\/site\\\/wp-content\\\/uploads\\\/2021\\\/10\\\/largeur-exception-audio-logos-noir.png\",\"width\":357,\"height\":54,\"caption\":\"Exception Audio\"},\"image\":{\"@id\":\"https:\\\/\\\/exceptionaudio.fr\\\/site\\\/#\\\/schema\\\/logo\\\/image\\\/\"},\"sameAs\":[\"https:\\\/\\\/www.facebook.com\\\/ExceptionAudio\",\"https:\\\/\\\/www.instagram.com\\\/exception_audio\\\/\"]}]}<\/script>\n<!-- \/ Yoast SEO plugin. -->","yoast_head_json":{"title":"Gryphon Diablo 120 - Amplificateur int\u00e9gr\u00e9 HiFi - Exception Audio","description":"Le Gryphon Diablo 120 est le successeur de l'Attila et h\u00e9ritier du mythique Diablo 300. Le Diablo 120 est l\u2019amplificateur int\u00e9gr\u00e9 HiFi ultime.","robots":{"index":"index","follow":"follow","max-snippet":"max-snippet:-1","max-image-preview":"max-image-preview:large","max-video-preview":"max-video-preview:-1"},"canonical":"https:\/\/exceptionaudio.fr\/site\/produit\/gryphon-audio-diablo-120\/","og_locale":"fr_FR","og_type":"article","og_title":"Gryphon Diablo 120 - Amplificateur int\u00e9gr\u00e9 HiFi - Exception Audio","og_description":"Le Gryphon Diablo 120 est le successeur de l'Attila et h\u00e9ritier du mythique Diablo 300. Le Diablo 120 est l\u2019amplificateur int\u00e9gr\u00e9 HiFi ultime.","og_url":"https:\/\/exceptionaudio.fr\/site\/produit\/gryphon-audio-diablo-120\/","og_site_name":"Exception Audio","article_publisher":"https:\/\/www.facebook.com\/ExceptionAudio","article_modified_time":"2024-05-04T07:47:11+00:00","og_image":[{"width":1000,"height":1000,"url":"https:\/\/exceptionaudio.fr\/site\/wp-content\/uploads\/2024\/03\/Gryphon-Diablo-120.png","type":"image\/png"}],"twitter_card":"summary_large_image","twitter_misc":{"Dur\u00e9e de lecture estim\u00e9e":"1 minute"},"schema":{"@context":"https:\/\/schema.org","@graph":[{"@type":"WebPage","@id":"https:\/\/exceptionaudio.fr\/site\/produit\/gryphon-audio-diablo-120\/","url":"https:\/\/exceptionaudio.fr\/site\/produit\/gryphon-audio-diablo-120\/","name":"Gryphon Diablo 120 - Amplificateur int\u00e9gr\u00e9 HiFi - Exception Audio","isPartOf":{"@id":"https:\/\/exceptionaudio.fr\/site\/#website"},"primaryImageOfPage":{"@id":"https:\/\/exceptionaudio.fr\/site\/produit\/gryphon-audio-diablo-120\/#primaryimage"},"image":{"@id":"https:\/\/exceptionaudio.fr\/site\/produit\/gryphon-audio-diablo-120\/#primaryimage"},"thumbnailUrl":"https:\/\/exceptionaudio.fr\/site\/wp-content\/uploads\/2024\/03\/Gryphon-Diablo-120.png","datePublished":"2024-03-12T19:53:11+00:00","dateModified":"2024-05-04T07:47:11+00:00","description":"Le Gryphon Diablo 120 est le successeur de l'Attila et h\u00e9ritier du mythique Diablo 300. Le Diablo 120 est l\u2019amplificateur int\u00e9gr\u00e9 HiFi ultime.","breadcrumb":{"@id":"https:\/\/exceptionaudio.fr\/site\/produit\/gryphon-audio-diablo-120\/#breadcrumb"},"inLanguage":"fr-FR","potentialAction":[{"@type":"ReadAction","target":["https:\/\/exceptionaudio.fr\/site\/produit\/gryphon-audio-diablo-120\/"]}]},{"@type":"ImageObject","inLanguage":"fr-FR","@id":"https:\/\/exceptionaudio.fr\/site\/produit\/gryphon-audio-diablo-120\/#primaryimage","url":"https:\/\/exceptionaudio.fr\/site\/wp-content\/uploads\/2024\/03\/Gryphon-Diablo-120.png","contentUrl":"https:\/\/exceptionaudio.fr\/site\/wp-content\/uploads\/2024\/03\/Gryphon-Diablo-120.png","width":1000,"height":1000,"caption":"Gryphon Audio Designs Diablo 120 amplificateur int\u00e9gr\u00e9 HiFi Haut de gamme"},{"@type":"BreadcrumbList","@id":"https:\/\/exceptionaudio.fr\/site\/produit\/gryphon-audio-diablo-120\/#breadcrumb","itemListElement":[{"@type":"ListItem","position":1,"name":"Accueil","item":"https:\/\/exceptionaudio.fr\/site\/"},{"@type":"ListItem","position":2,"name":"Boutique","item":"https:\/\/exceptionaudio.fr\/site\/boutique\/"},{"@type":"ListItem","position":3,"name":"Gryphon Diablo 120"}]},{"@type":"WebSite","@id":"https:\/\/exceptionaudio.fr\/site\/#website","url":"https:\/\/exceptionaudio.fr\/site\/","name":"Exception Audio","description":"Magasin hi-fi Antibes","publisher":{"@id":"https:\/\/exceptionaudio.fr\/site\/#organization"},"potentialAction":[{"@type":"SearchAction","target":{"@type":"EntryPoint","urlTemplate":"https:\/\/exceptionaudio.fr\/site\/?s={search_term_string}"},"query-input":{"@type":"PropertyValueSpecification","valueRequired":true,"valueName":"search_term_string"}}],"inLanguage":"fr-FR"},{"@type":"Organization","@id":"https:\/\/exceptionaudio.fr\/site\/#organization","name":"Exception Audio","url":"https:\/\/exceptionaudio.fr\/site\/","logo":{"@type":"ImageObject","inLanguage":"fr-FR","@id":"https:\/\/exceptionaudio.fr\/site\/#\/schema\/logo\/image\/","url":"https:\/\/exceptionaudio.fr\/site\/wp-content\/uploads\/2021\/10\/largeur-exception-audio-logos-noir.png","contentUrl":"https:\/\/exceptionaudio.fr\/site\/wp-content\/uploads\/2021\/10\/largeur-exception-audio-logos-noir.png","width":357,"height":54,"caption":"Exception Audio"},"image":{"@id":"https:\/\/exceptionaudio.fr\/site\/#\/schema\/logo\/image\/"},"sameAs":["https:\/\/www.facebook.com\/ExceptionAudio","https:\/\/www.instagram.com\/exception_audio\/"]}]}},"_links":{"self":[{"href":"https:\/\/exceptionaudio.fr\/site\/wp-json\/wp\/v2\/product\/8633","targetHints":{"allow":["GET"]}}],"collection":[{"href":"https:\/\/exceptionaudio.fr\/site\/wp-json\/wp\/v2\/product"}],"about":[{"href":"https:\/\/exceptionaudio.fr\/site\/wp-json\/wp\/v2\/types\/product"}],"version-history":[{"count":1,"href":"https:\/\/exceptionaudio.fr\/site\/wp-json\/wp\/v2\/product\/8633\/revisions"}],"predecessor-version":[{"id":8637,"href":"https:\/\/exceptionaudio.fr\/site\/wp-json\/wp\/v2\/product\/8633\/revisions\/8637"}],"wp:featuredmedia":[{"embeddable":true,"href":"https:\/\/exceptionaudio.fr\/site\/wp-json\/wp\/v2\/media\/8636"}],"wp:attachment":[{"href":"https:\/\/exceptionaudio.fr\/site\/wp-json\/wp\/v2\/media?parent=8633"}],"wp:term":[{"taxonomy":"product_brand","embeddable":true,"href":"https:\/\/exceptionaudio.fr\/site\/wp-json\/wp\/v2\/product_brand?post=8633"},{"taxonomy":"product_cat","embeddable":true,"href":"https:\/\/exceptionaudio.fr\/site\/wp-json\/wp\/v2\/product_cat?post=8633"},{"taxonomy":"product_tag","embeddable":true,"href":"https:\/\/exceptionaudio.fr\/site\/wp-json\/wp\/v2\/product_tag?post=8633"}],"curies":[{"name":"wp","href":"https:\/\/api.w.org\/{rel}","templated":true}]}}