{"id":8646,"date":"2024-03-20T16:06:39","date_gmt":"2024-03-20T15:06:39","guid":{"rendered":"https:\/\/exceptionaudio.fr\/site\/?post_type=product&#038;p=8646"},"modified":"2024-05-04T09:48:20","modified_gmt":"2024-05-04T07:48:20","slug":"gryphon-essence-stereo","status":"publish","type":"product","link":"https:\/\/exceptionaudio.fr\/site\/produit\/gryphon-essence-stereo\/","title":{"rendered":"Gryphon Essence Stereo"},"content":{"rendered":"","protected":false},"excerpt":{"rendered":"<p style=\"font-weight: 400;\">Le Gryphon Essence est un amplificateur de puissance st\u00e9r\u00e9o n\u00e9 de la c\u00e9l\u00e9bration des 35 ans de la marque danoise <a href=\"https:\/\/exceptionaudio.fr\/site\/etiquette-produit\/gryphon-audio\/\">Gryphon Audio<\/a>. S&rsquo;inspirant des technologies du Mephisto, il offre une musicalit\u00e9 exceptionnelle \u00e0 un prix plus accessible. Il fonctionne en v\u00e9ritable classe A pour une restitution sonore d&rsquo;une grande finesse et sans distorsion, d\u00e9veloppant 50 watts par canal sous 8 ohms jusqu\u2019\u00e0 220 watts sous 2 ohms. Il est capable de driver avec aisance une large vari\u00e9t\u00e9 d&rsquo;enceintes.<\/p>\n","protected":false},"featured_media":8649,"template":"","meta":[],"product_brand":[],"product_cat":[93,95],"product_tag":[253],"class_list":{"0":"post-8646","1":"product","2":"type-product","3":"status-publish","4":"has-post-thumbnail","6":"product_cat-amplification-hifi","7":"product_cat-amplificateurs-de-puissance","8":"product_tag-gryphon-audio","10":"first","11":"instock","12":"taxable","13":"shipping-taxable","14":"purchasable","15":"product-type-simple"},"yoast_head":"<!-- This site is optimized with the Yoast SEO plugin v27.4 - https:\/\/yoast.com\/product\/yoast-seo-wordpress\/ -->\n<title>Gryphon Essence Stereo - Amplificateur HiFi - Exception Audio<\/title>\n<meta name=\"description\" content=\"Le Gryphon Audio Essence est un amplificateur de puissance Hifi en v\u00e9ritable classe A pour une restitution sonore d&#039;une grande finesse et sans distorsion.\" \/>\n<meta name=\"robots\" content=\"index, follow, max-snippet:-1, max-image-preview:large, max-video-preview:-1\" \/>\n<link rel=\"canonical\" href=\"https:\/\/exceptionaudio.fr\/site\/produit\/gryphon-essence-stereo\/\" \/>\n<meta property=\"og:locale\" content=\"fr_FR\" \/>\n<meta property=\"og:type\" content=\"article\" \/>\n<meta property=\"og:title\" content=\"Gryphon Essence Stereo - Amplificateur HiFi - Exception Audio\" \/>\n<meta property=\"og:description\" content=\"Le Gryphon Audio Essence est un amplificateur de puissance Hifi en v\u00e9ritable classe A pour une restitution sonore d&#039;une grande finesse et sans distorsion.\" \/>\n<meta property=\"og:url\" content=\"https:\/\/exceptionaudio.fr\/site\/produit\/gryphon-essence-stereo\/\" \/>\n<meta property=\"og:site_name\" content=\"Exception Audio\" \/>\n<meta property=\"article:publisher\" content=\"https:\/\/www.facebook.com\/ExceptionAudio\" \/>\n<meta property=\"article:modified_time\" content=\"2024-05-04T07:48:20+00:00\" \/>\n<meta property=\"og:image\" content=\"https:\/\/exceptionaudio.fr\/site\/wp-content\/uploads\/2024\/03\/Gryphon-Essence-Stereo.png\" \/>\n\t<meta property=\"og:image:width\" content=\"1000\" \/>\n\t<meta property=\"og:image:height\" content=\"1000\" \/>\n\t<meta property=\"og:image:type\" content=\"image\/png\" \/>\n<meta name=\"twitter:card\" content=\"summary_large_image\" \/>\n<meta name=\"twitter:label1\" content=\"Dur\u00e9e de lecture estim\u00e9e\" \/>\n\t<meta name=\"twitter:data1\" content=\"1 minute\" \/>\n<script type=\"application\/ld+json\" class=\"yoast-schema-graph\">{\"@context\":\"https:\\\/\\\/schema.org\",\"@graph\":[{\"@type\":\"WebPage\",\"@id\":\"https:\\\/\\\/exceptionaudio.fr\\\/site\\\/produit\\\/gryphon-essence-stereo\\\/\",\"url\":\"https:\\\/\\\/exceptionaudio.fr\\\/site\\\/produit\\\/gryphon-essence-stereo\\\/\",\"name\":\"Gryphon Essence Stereo - Amplificateur HiFi - Exception Audio\",\"isPartOf\":{\"@id\":\"https:\\\/\\\/exceptionaudio.fr\\\/site\\\/#website\"},\"primaryImageOfPage\":{\"@id\":\"https:\\\/\\\/exceptionaudio.fr\\\/site\\\/produit\\\/gryphon-essence-stereo\\\/#primaryimage\"},\"image\":{\"@id\":\"https:\\\/\\\/exceptionaudio.fr\\\/site\\\/produit\\\/gryphon-essence-stereo\\\/#primaryimage\"},\"thumbnailUrl\":\"https:\\\/\\\/exceptionaudio.fr\\\/site\\\/wp-content\\\/uploads\\\/2024\\\/03\\\/Gryphon-Essence-Stereo.png\",\"datePublished\":\"2024-03-20T15:06:39+00:00\",\"dateModified\":\"2024-05-04T07:48:20+00:00\",\"description\":\"Le Gryphon Audio Essence est un amplificateur de puissance Hifi en v\u00e9ritable classe A pour une restitution sonore d'une grande finesse et sans distorsion.\",\"breadcrumb\":{\"@id\":\"https:\\\/\\\/exceptionaudio.fr\\\/site\\\/produit\\\/gryphon-essence-stereo\\\/#breadcrumb\"},\"inLanguage\":\"fr-FR\",\"potentialAction\":[{\"@type\":\"ReadAction\",\"target\":[\"https:\\\/\\\/exceptionaudio.fr\\\/site\\\/produit\\\/gryphon-essence-stereo\\\/\"]}]},{\"@type\":\"ImageObject\",\"inLanguage\":\"fr-FR\",\"@id\":\"https:\\\/\\\/exceptionaudio.fr\\\/site\\\/produit\\\/gryphon-essence-stereo\\\/#primaryimage\",\"url\":\"https:\\\/\\\/exceptionaudio.fr\\\/site\\\/wp-content\\\/uploads\\\/2024\\\/03\\\/Gryphon-Essence-Stereo.png\",\"contentUrl\":\"https:\\\/\\\/exceptionaudio.fr\\\/site\\\/wp-content\\\/uploads\\\/2024\\\/03\\\/Gryphon-Essence-Stereo.png\",\"width\":1000,\"height\":1000,\"caption\":\"Gryphon Audio Essence Stereo amplificateur pure classe A Hifi haut de gamme\"},{\"@type\":\"BreadcrumbList\",\"@id\":\"https:\\\/\\\/exceptionaudio.fr\\\/site\\\/produit\\\/gryphon-essence-stereo\\\/#breadcrumb\",\"itemListElement\":[{\"@type\":\"ListItem\",\"position\":1,\"name\":\"Accueil\",\"item\":\"https:\\\/\\\/exceptionaudio.fr\\\/site\\\/\"},{\"@type\":\"ListItem\",\"position\":2,\"name\":\"Boutique\",\"item\":\"https:\\\/\\\/exceptionaudio.fr\\\/site\\\/boutique\\\/\"},{\"@type\":\"ListItem\",\"position\":3,\"name\":\"Gryphon Essence Stereo\"}]},{\"@type\":\"WebSite\",\"@id\":\"https:\\\/\\\/exceptionaudio.fr\\\/site\\\/#website\",\"url\":\"https:\\\/\\\/exceptionaudio.fr\\\/site\\\/\",\"name\":\"Exception Audio\",\"description\":\"Magasin hi-fi Antibes\",\"publisher\":{\"@id\":\"https:\\\/\\\/exceptionaudio.fr\\\/site\\\/#organization\"},\"potentialAction\":[{\"@type\":\"SearchAction\",\"target\":{\"@type\":\"EntryPoint\",\"urlTemplate\":\"https:\\\/\\\/exceptionaudio.fr\\\/site\\\/?s={search_term_string}\"},\"query-input\":{\"@type\":\"PropertyValueSpecification\",\"valueRequired\":true,\"valueName\":\"search_term_string\"}}],\"inLanguage\":\"fr-FR\"},{\"@type\":\"Organization\",\"@id\":\"https:\\\/\\\/exceptionaudio.fr\\\/site\\\/#organization\",\"name\":\"Exception Audio\",\"url\":\"https:\\\/\\\/exceptionaudio.fr\\\/site\\\/\",\"logo\":{\"@type\":\"ImageObject\",\"inLanguage\":\"fr-FR\",\"@id\":\"https:\\\/\\\/exceptionaudio.fr\\\/site\\\/#\\\/schema\\\/logo\\\/image\\\/\",\"url\":\"https:\\\/\\\/exceptionaudio.fr\\\/site\\\/wp-content\\\/uploads\\\/2021\\\/10\\\/largeur-exception-audio-logos-noir.png\",\"contentUrl\":\"https:\\\/\\\/exceptionaudio.fr\\\/site\\\/wp-content\\\/uploads\\\/2021\\\/10\\\/largeur-exception-audio-logos-noir.png\",\"width\":357,\"height\":54,\"caption\":\"Exception Audio\"},\"image\":{\"@id\":\"https:\\\/\\\/exceptionaudio.fr\\\/site\\\/#\\\/schema\\\/logo\\\/image\\\/\"},\"sameAs\":[\"https:\\\/\\\/www.facebook.com\\\/ExceptionAudio\",\"https:\\\/\\\/www.instagram.com\\\/exception_audio\\\/\"]}]}<\/script>\n<!-- \/ Yoast SEO plugin. -->","yoast_head_json":{"title":"Gryphon Essence Stereo - Amplificateur HiFi - Exception Audio","description":"Le Gryphon Audio Essence est un amplificateur de puissance Hifi en v\u00e9ritable classe A pour une restitution sonore d'une grande finesse et sans distorsion.","robots":{"index":"index","follow":"follow","max-snippet":"max-snippet:-1","max-image-preview":"max-image-preview:large","max-video-preview":"max-video-preview:-1"},"canonical":"https:\/\/exceptionaudio.fr\/site\/produit\/gryphon-essence-stereo\/","og_locale":"fr_FR","og_type":"article","og_title":"Gryphon Essence Stereo - Amplificateur HiFi - Exception Audio","og_description":"Le Gryphon Audio Essence est un amplificateur de puissance Hifi en v\u00e9ritable classe A pour une restitution sonore d'une grande finesse et sans distorsion.","og_url":"https:\/\/exceptionaudio.fr\/site\/produit\/gryphon-essence-stereo\/","og_site_name":"Exception Audio","article_publisher":"https:\/\/www.facebook.com\/ExceptionAudio","article_modified_time":"2024-05-04T07:48:20+00:00","og_image":[{"width":1000,"height":1000,"url":"https:\/\/exceptionaudio.fr\/site\/wp-content\/uploads\/2024\/03\/Gryphon-Essence-Stereo.png","type":"image\/png"}],"twitter_card":"summary_large_image","twitter_misc":{"Dur\u00e9e de lecture estim\u00e9e":"1 minute"},"schema":{"@context":"https:\/\/schema.org","@graph":[{"@type":"WebPage","@id":"https:\/\/exceptionaudio.fr\/site\/produit\/gryphon-essence-stereo\/","url":"https:\/\/exceptionaudio.fr\/site\/produit\/gryphon-essence-stereo\/","name":"Gryphon Essence Stereo - Amplificateur HiFi - Exception Audio","isPartOf":{"@id":"https:\/\/exceptionaudio.fr\/site\/#website"},"primaryImageOfPage":{"@id":"https:\/\/exceptionaudio.fr\/site\/produit\/gryphon-essence-stereo\/#primaryimage"},"image":{"@id":"https:\/\/exceptionaudio.fr\/site\/produit\/gryphon-essence-stereo\/#primaryimage"},"thumbnailUrl":"https:\/\/exceptionaudio.fr\/site\/wp-content\/uploads\/2024\/03\/Gryphon-Essence-Stereo.png","datePublished":"2024-03-20T15:06:39+00:00","dateModified":"2024-05-04T07:48:20+00:00","description":"Le Gryphon Audio Essence est un amplificateur de puissance Hifi en v\u00e9ritable classe A pour une restitution sonore d'une grande finesse et sans distorsion.","breadcrumb":{"@id":"https:\/\/exceptionaudio.fr\/site\/produit\/gryphon-essence-stereo\/#breadcrumb"},"inLanguage":"fr-FR","potentialAction":[{"@type":"ReadAction","target":["https:\/\/exceptionaudio.fr\/site\/produit\/gryphon-essence-stereo\/"]}]},{"@type":"ImageObject","inLanguage":"fr-FR","@id":"https:\/\/exceptionaudio.fr\/site\/produit\/gryphon-essence-stereo\/#primaryimage","url":"https:\/\/exceptionaudio.fr\/site\/wp-content\/uploads\/2024\/03\/Gryphon-Essence-Stereo.png","contentUrl":"https:\/\/exceptionaudio.fr\/site\/wp-content\/uploads\/2024\/03\/Gryphon-Essence-Stereo.png","width":1000,"height":1000,"caption":"Gryphon Audio Essence Stereo amplificateur pure classe A Hifi haut de gamme"},{"@type":"BreadcrumbList","@id":"https:\/\/exceptionaudio.fr\/site\/produit\/gryphon-essence-stereo\/#breadcrumb","itemListElement":[{"@type":"ListItem","position":1,"name":"Accueil","item":"https:\/\/exceptionaudio.fr\/site\/"},{"@type":"ListItem","position":2,"name":"Boutique","item":"https:\/\/exceptionaudio.fr\/site\/boutique\/"},{"@type":"ListItem","position":3,"name":"Gryphon Essence Stereo"}]},{"@type":"WebSite","@id":"https:\/\/exceptionaudio.fr\/site\/#website","url":"https:\/\/exceptionaudio.fr\/site\/","name":"Exception Audio","description":"Magasin hi-fi Antibes","publisher":{"@id":"https:\/\/exceptionaudio.fr\/site\/#organization"},"potentialAction":[{"@type":"SearchAction","target":{"@type":"EntryPoint","urlTemplate":"https:\/\/exceptionaudio.fr\/site\/?s={search_term_string}"},"query-input":{"@type":"PropertyValueSpecification","valueRequired":true,"valueName":"search_term_string"}}],"inLanguage":"fr-FR"},{"@type":"Organization","@id":"https:\/\/exceptionaudio.fr\/site\/#organization","name":"Exception Audio","url":"https:\/\/exceptionaudio.fr\/site\/","logo":{"@type":"ImageObject","inLanguage":"fr-FR","@id":"https:\/\/exceptionaudio.fr\/site\/#\/schema\/logo\/image\/","url":"https:\/\/exceptionaudio.fr\/site\/wp-content\/uploads\/2021\/10\/largeur-exception-audio-logos-noir.png","contentUrl":"https:\/\/exceptionaudio.fr\/site\/wp-content\/uploads\/2021\/10\/largeur-exception-audio-logos-noir.png","width":357,"height":54,"caption":"Exception Audio"},"image":{"@id":"https:\/\/exceptionaudio.fr\/site\/#\/schema\/logo\/image\/"},"sameAs":["https:\/\/www.facebook.com\/ExceptionAudio","https:\/\/www.instagram.com\/exception_audio\/"]}]}},"_links":{"self":[{"href":"https:\/\/exceptionaudio.fr\/site\/wp-json\/wp\/v2\/product\/8646","targetHints":{"allow":["GET"]}}],"collection":[{"href":"https:\/\/exceptionaudio.fr\/site\/wp-json\/wp\/v2\/product"}],"about":[{"href":"https:\/\/exceptionaudio.fr\/site\/wp-json\/wp\/v2\/types\/product"}],"version-history":[{"count":1,"href":"https:\/\/exceptionaudio.fr\/site\/wp-json\/wp\/v2\/product\/8646\/revisions"}],"predecessor-version":[{"id":8648,"href":"https:\/\/exceptionaudio.fr\/site\/wp-json\/wp\/v2\/product\/8646\/revisions\/8648"}],"wp:featuredmedia":[{"embeddable":true,"href":"https:\/\/exceptionaudio.fr\/site\/wp-json\/wp\/v2\/media\/8649"}],"wp:attachment":[{"href":"https:\/\/exceptionaudio.fr\/site\/wp-json\/wp\/v2\/media?parent=8646"}],"wp:term":[{"taxonomy":"product_brand","embeddable":true,"href":"https:\/\/exceptionaudio.fr\/site\/wp-json\/wp\/v2\/product_brand?post=8646"},{"taxonomy":"product_cat","embeddable":true,"href":"https:\/\/exceptionaudio.fr\/site\/wp-json\/wp\/v2\/product_cat?post=8646"},{"taxonomy":"product_tag","embeddable":true,"href":"https:\/\/exceptionaudio.fr\/site\/wp-json\/wp\/v2\/product_tag?post=8646"}],"curies":[{"name":"wp","href":"https:\/\/api.w.org\/{rel}","templated":true}]}}