{"id":8657,"date":"2024-03-26T18:46:42","date_gmt":"2024-03-26T17:46:42","guid":{"rendered":"https:\/\/exceptionaudio.fr\/site\/?post_type=product&#038;p=8657"},"modified":"2026-04-14T12:51:36","modified_gmt":"2026-04-14T10:51:36","slug":"b-audio-b-dac-one-ex","status":"publish","type":"product","link":"https:\/\/exceptionaudio.fr\/site\/produit\/b-audio-b-dac-one-ex\/","title":{"rendered":"B.Audio B.dac one EX"},"content":{"rendered":"","protected":false},"excerpt":{"rendered":"<p style=\"font-weight: 400;\">Le B.Audio B.dac one EX reprend le chassis et les techonologies du mod\u00e8le r\u00e9f\u00e9rence B.dac tout en simplifiant le circuit pour en faire un convertisseur plus raisonnable. N\u00e9anmoins, il conserve la technologie unique brevet\u00e9e, baptis\u00e9e SJR \u00ab Source Jitter Removal \u00bb. Cette version EX donne acc\u00e8s aux fonctionnalit\u00e9s de streaming (Qobuz, Tidal, Spotify\u2026) compatible UPnP, Roon ou encore AirPlay. En compl\u00e9ment, il embarque un DSP qui offre de multiples possibilit\u00e9s d\u2019adaptation \u00e0 l\u2019environnement d\u2019\u00e9coute. De plus, les entr\u00e9es num\u00e9riques sont tr\u00e8s nombreuses avec 2x Coaxial, 2x Optique, 1x AES\/EBU et 1x USB.<\/p>\n","protected":false},"featured_media":8658,"template":"","meta":[],"product_brand":[],"product_cat":[98,99,100],"product_tag":[255],"class_list":{"0":"post-8657","1":"product","2":"type-product","3":"status-publish","4":"has-post-thumbnail","6":"product_cat-sources-hifi","7":"product_cat-convertisseurs-dac-hifi","8":"product_cat-lecteurs-reseau-hifi-serveurs-audio-streamer","9":"product_tag-b-audio","11":"first","12":"instock","13":"taxable","14":"shipping-taxable","15":"purchasable","16":"product-type-simple"},"yoast_head":"<!-- This site is optimized with the Yoast SEO plugin v27.4 - https:\/\/yoast.com\/product\/yoast-seo-wordpress\/ -->\n<title>B.Audio B.dac one EX - DAC Streamer Hifi - Exception Audio<\/title>\n<meta name=\"description\" content=\"Le B.Audio B.dac one EX est un convertisseur DAC Hifi compl\u00e9t\u00e9 d\u2019un module lecteur r\u00e9seau - streamer. Il reprend les principales technologies du B.dac.\" \/>\n<meta name=\"robots\" content=\"index, follow, max-snippet:-1, max-image-preview:large, max-video-preview:-1\" \/>\n<link rel=\"canonical\" href=\"https:\/\/exceptionaudio.fr\/site\/produit\/b-audio-b-dac-one-ex\/\" \/>\n<meta property=\"og:locale\" content=\"fr_FR\" \/>\n<meta property=\"og:type\" content=\"article\" \/>\n<meta property=\"og:title\" content=\"B.Audio B.dac one EX - DAC Streamer Hifi - Exception Audio\" \/>\n<meta property=\"og:description\" content=\"Le B.Audio B.dac one EX est un convertisseur DAC Hifi compl\u00e9t\u00e9 d\u2019un module lecteur r\u00e9seau - streamer. Il reprend les principales technologies du B.dac.\" \/>\n<meta property=\"og:url\" content=\"https:\/\/exceptionaudio.fr\/site\/produit\/b-audio-b-dac-one-ex\/\" \/>\n<meta property=\"og:site_name\" content=\"Exception Audio\" \/>\n<meta property=\"article:publisher\" content=\"https:\/\/www.facebook.com\/ExceptionAudio\" \/>\n<meta property=\"article:modified_time\" content=\"2026-04-14T10:51:36+00:00\" \/>\n<meta property=\"og:image\" content=\"https:\/\/exceptionaudio.fr\/site\/wp-content\/uploads\/2024\/03\/B.dac-one-EX.png\" \/>\n\t<meta property=\"og:image:width\" content=\"1000\" \/>\n\t<meta property=\"og:image:height\" content=\"1000\" \/>\n\t<meta property=\"og:image:type\" content=\"image\/png\" \/>\n<meta name=\"twitter:card\" content=\"summary_large_image\" \/>\n<meta name=\"twitter:label1\" content=\"Dur\u00e9e de lecture estim\u00e9e\" \/>\n\t<meta name=\"twitter:data1\" content=\"1 minute\" \/>\n<script type=\"application\/ld+json\" class=\"yoast-schema-graph\">{\"@context\":\"https:\\\/\\\/schema.org\",\"@graph\":[{\"@type\":\"WebPage\",\"@id\":\"https:\\\/\\\/exceptionaudio.fr\\\/site\\\/produit\\\/b-audio-b-dac-one-ex\\\/\",\"url\":\"https:\\\/\\\/exceptionaudio.fr\\\/site\\\/produit\\\/b-audio-b-dac-one-ex\\\/\",\"name\":\"B.Audio B.dac one EX - DAC Streamer Hifi - Exception Audio\",\"isPartOf\":{\"@id\":\"https:\\\/\\\/exceptionaudio.fr\\\/site\\\/#website\"},\"primaryImageOfPage\":{\"@id\":\"https:\\\/\\\/exceptionaudio.fr\\\/site\\\/produit\\\/b-audio-b-dac-one-ex\\\/#primaryimage\"},\"image\":{\"@id\":\"https:\\\/\\\/exceptionaudio.fr\\\/site\\\/produit\\\/b-audio-b-dac-one-ex\\\/#primaryimage\"},\"thumbnailUrl\":\"https:\\\/\\\/exceptionaudio.fr\\\/site\\\/wp-content\\\/uploads\\\/2024\\\/03\\\/B.dac-one-EX.png\",\"datePublished\":\"2024-03-26T17:46:42+00:00\",\"dateModified\":\"2026-04-14T10:51:36+00:00\",\"description\":\"Le B.Audio B.dac one EX est un convertisseur DAC Hifi compl\u00e9t\u00e9 d\u2019un module lecteur r\u00e9seau - streamer. Il reprend les principales technologies du B.dac.\",\"breadcrumb\":{\"@id\":\"https:\\\/\\\/exceptionaudio.fr\\\/site\\\/produit\\\/b-audio-b-dac-one-ex\\\/#breadcrumb\"},\"inLanguage\":\"fr-FR\",\"potentialAction\":[{\"@type\":\"ReadAction\",\"target\":[\"https:\\\/\\\/exceptionaudio.fr\\\/site\\\/produit\\\/b-audio-b-dac-one-ex\\\/\"]}]},{\"@type\":\"ImageObject\",\"inLanguage\":\"fr-FR\",\"@id\":\"https:\\\/\\\/exceptionaudio.fr\\\/site\\\/produit\\\/b-audio-b-dac-one-ex\\\/#primaryimage\",\"url\":\"https:\\\/\\\/exceptionaudio.fr\\\/site\\\/wp-content\\\/uploads\\\/2024\\\/03\\\/B.dac-one-EX.png\",\"contentUrl\":\"https:\\\/\\\/exceptionaudio.fr\\\/site\\\/wp-content\\\/uploads\\\/2024\\\/03\\\/B.dac-one-EX.png\",\"width\":1000,\"height\":1000,\"caption\":\"B.Audio B dac one EX convertisseur num\u00e9rique analogique DAC streamer lecteur r\u00e9seau Hifi haute fid\u00e9lit\u00e9 haut de gamme\"},{\"@type\":\"BreadcrumbList\",\"@id\":\"https:\\\/\\\/exceptionaudio.fr\\\/site\\\/produit\\\/b-audio-b-dac-one-ex\\\/#breadcrumb\",\"itemListElement\":[{\"@type\":\"ListItem\",\"position\":1,\"name\":\"Accueil\",\"item\":\"https:\\\/\\\/exceptionaudio.fr\\\/site\\\/\"},{\"@type\":\"ListItem\",\"position\":2,\"name\":\"Boutique\",\"item\":\"https:\\\/\\\/exceptionaudio.fr\\\/site\\\/boutique\\\/\"},{\"@type\":\"ListItem\",\"position\":3,\"name\":\"B.Audio B.dac one EX\"}]},{\"@type\":\"WebSite\",\"@id\":\"https:\\\/\\\/exceptionaudio.fr\\\/site\\\/#website\",\"url\":\"https:\\\/\\\/exceptionaudio.fr\\\/site\\\/\",\"name\":\"Exception Audio\",\"description\":\"Magasin hi-fi Antibes\",\"publisher\":{\"@id\":\"https:\\\/\\\/exceptionaudio.fr\\\/site\\\/#organization\"},\"potentialAction\":[{\"@type\":\"SearchAction\",\"target\":{\"@type\":\"EntryPoint\",\"urlTemplate\":\"https:\\\/\\\/exceptionaudio.fr\\\/site\\\/?s={search_term_string}\"},\"query-input\":{\"@type\":\"PropertyValueSpecification\",\"valueRequired\":true,\"valueName\":\"search_term_string\"}}],\"inLanguage\":\"fr-FR\"},{\"@type\":\"Organization\",\"@id\":\"https:\\\/\\\/exceptionaudio.fr\\\/site\\\/#organization\",\"name\":\"Exception Audio\",\"url\":\"https:\\\/\\\/exceptionaudio.fr\\\/site\\\/\",\"logo\":{\"@type\":\"ImageObject\",\"inLanguage\":\"fr-FR\",\"@id\":\"https:\\\/\\\/exceptionaudio.fr\\\/site\\\/#\\\/schema\\\/logo\\\/image\\\/\",\"url\":\"https:\\\/\\\/exceptionaudio.fr\\\/site\\\/wp-content\\\/uploads\\\/2021\\\/10\\\/largeur-exception-audio-logos-noir.png\",\"contentUrl\":\"https:\\\/\\\/exceptionaudio.fr\\\/site\\\/wp-content\\\/uploads\\\/2021\\\/10\\\/largeur-exception-audio-logos-noir.png\",\"width\":357,\"height\":54,\"caption\":\"Exception Audio\"},\"image\":{\"@id\":\"https:\\\/\\\/exceptionaudio.fr\\\/site\\\/#\\\/schema\\\/logo\\\/image\\\/\"},\"sameAs\":[\"https:\\\/\\\/www.facebook.com\\\/ExceptionAudio\",\"https:\\\/\\\/www.instagram.com\\\/exception_audio\\\/\"]}]}<\/script>\n<!-- \/ Yoast SEO plugin. -->","yoast_head_json":{"title":"B.Audio B.dac one EX - DAC Streamer Hifi - Exception Audio","description":"Le B.Audio B.dac one EX est un convertisseur DAC Hifi compl\u00e9t\u00e9 d\u2019un module lecteur r\u00e9seau - streamer. Il reprend les principales technologies du B.dac.","robots":{"index":"index","follow":"follow","max-snippet":"max-snippet:-1","max-image-preview":"max-image-preview:large","max-video-preview":"max-video-preview:-1"},"canonical":"https:\/\/exceptionaudio.fr\/site\/produit\/b-audio-b-dac-one-ex\/","og_locale":"fr_FR","og_type":"article","og_title":"B.Audio B.dac one EX - DAC Streamer Hifi - Exception Audio","og_description":"Le B.Audio B.dac one EX est un convertisseur DAC Hifi compl\u00e9t\u00e9 d\u2019un module lecteur r\u00e9seau - streamer. Il reprend les principales technologies du B.dac.","og_url":"https:\/\/exceptionaudio.fr\/site\/produit\/b-audio-b-dac-one-ex\/","og_site_name":"Exception Audio","article_publisher":"https:\/\/www.facebook.com\/ExceptionAudio","article_modified_time":"2026-04-14T10:51:36+00:00","og_image":[{"width":1000,"height":1000,"url":"https:\/\/exceptionaudio.fr\/site\/wp-content\/uploads\/2024\/03\/B.dac-one-EX.png","type":"image\/png"}],"twitter_card":"summary_large_image","twitter_misc":{"Dur\u00e9e de lecture estim\u00e9e":"1 minute"},"schema":{"@context":"https:\/\/schema.org","@graph":[{"@type":"WebPage","@id":"https:\/\/exceptionaudio.fr\/site\/produit\/b-audio-b-dac-one-ex\/","url":"https:\/\/exceptionaudio.fr\/site\/produit\/b-audio-b-dac-one-ex\/","name":"B.Audio B.dac one EX - DAC Streamer Hifi - Exception Audio","isPartOf":{"@id":"https:\/\/exceptionaudio.fr\/site\/#website"},"primaryImageOfPage":{"@id":"https:\/\/exceptionaudio.fr\/site\/produit\/b-audio-b-dac-one-ex\/#primaryimage"},"image":{"@id":"https:\/\/exceptionaudio.fr\/site\/produit\/b-audio-b-dac-one-ex\/#primaryimage"},"thumbnailUrl":"https:\/\/exceptionaudio.fr\/site\/wp-content\/uploads\/2024\/03\/B.dac-one-EX.png","datePublished":"2024-03-26T17:46:42+00:00","dateModified":"2026-04-14T10:51:36+00:00","description":"Le B.Audio B.dac one EX est un convertisseur DAC Hifi compl\u00e9t\u00e9 d\u2019un module lecteur r\u00e9seau - streamer. Il reprend les principales technologies du B.dac.","breadcrumb":{"@id":"https:\/\/exceptionaudio.fr\/site\/produit\/b-audio-b-dac-one-ex\/#breadcrumb"},"inLanguage":"fr-FR","potentialAction":[{"@type":"ReadAction","target":["https:\/\/exceptionaudio.fr\/site\/produit\/b-audio-b-dac-one-ex\/"]}]},{"@type":"ImageObject","inLanguage":"fr-FR","@id":"https:\/\/exceptionaudio.fr\/site\/produit\/b-audio-b-dac-one-ex\/#primaryimage","url":"https:\/\/exceptionaudio.fr\/site\/wp-content\/uploads\/2024\/03\/B.dac-one-EX.png","contentUrl":"https:\/\/exceptionaudio.fr\/site\/wp-content\/uploads\/2024\/03\/B.dac-one-EX.png","width":1000,"height":1000,"caption":"B.Audio B dac one EX convertisseur num\u00e9rique analogique DAC streamer lecteur r\u00e9seau Hifi haute fid\u00e9lit\u00e9 haut de gamme"},{"@type":"BreadcrumbList","@id":"https:\/\/exceptionaudio.fr\/site\/produit\/b-audio-b-dac-one-ex\/#breadcrumb","itemListElement":[{"@type":"ListItem","position":1,"name":"Accueil","item":"https:\/\/exceptionaudio.fr\/site\/"},{"@type":"ListItem","position":2,"name":"Boutique","item":"https:\/\/exceptionaudio.fr\/site\/boutique\/"},{"@type":"ListItem","position":3,"name":"B.Audio B.dac one EX"}]},{"@type":"WebSite","@id":"https:\/\/exceptionaudio.fr\/site\/#website","url":"https:\/\/exceptionaudio.fr\/site\/","name":"Exception Audio","description":"Magasin hi-fi Antibes","publisher":{"@id":"https:\/\/exceptionaudio.fr\/site\/#organization"},"potentialAction":[{"@type":"SearchAction","target":{"@type":"EntryPoint","urlTemplate":"https:\/\/exceptionaudio.fr\/site\/?s={search_term_string}"},"query-input":{"@type":"PropertyValueSpecification","valueRequired":true,"valueName":"search_term_string"}}],"inLanguage":"fr-FR"},{"@type":"Organization","@id":"https:\/\/exceptionaudio.fr\/site\/#organization","name":"Exception Audio","url":"https:\/\/exceptionaudio.fr\/site\/","logo":{"@type":"ImageObject","inLanguage":"fr-FR","@id":"https:\/\/exceptionaudio.fr\/site\/#\/schema\/logo\/image\/","url":"https:\/\/exceptionaudio.fr\/site\/wp-content\/uploads\/2021\/10\/largeur-exception-audio-logos-noir.png","contentUrl":"https:\/\/exceptionaudio.fr\/site\/wp-content\/uploads\/2021\/10\/largeur-exception-audio-logos-noir.png","width":357,"height":54,"caption":"Exception Audio"},"image":{"@id":"https:\/\/exceptionaudio.fr\/site\/#\/schema\/logo\/image\/"},"sameAs":["https:\/\/www.facebook.com\/ExceptionAudio","https:\/\/www.instagram.com\/exception_audio\/"]}]}},"_links":{"self":[{"href":"https:\/\/exceptionaudio.fr\/site\/wp-json\/wp\/v2\/product\/8657","targetHints":{"allow":["GET"]}}],"collection":[{"href":"https:\/\/exceptionaudio.fr\/site\/wp-json\/wp\/v2\/product"}],"about":[{"href":"https:\/\/exceptionaudio.fr\/site\/wp-json\/wp\/v2\/types\/product"}],"version-history":[{"count":2,"href":"https:\/\/exceptionaudio.fr\/site\/wp-json\/wp\/v2\/product\/8657\/revisions"}],"predecessor-version":[{"id":8661,"href":"https:\/\/exceptionaudio.fr\/site\/wp-json\/wp\/v2\/product\/8657\/revisions\/8661"}],"wp:featuredmedia":[{"embeddable":true,"href":"https:\/\/exceptionaudio.fr\/site\/wp-json\/wp\/v2\/media\/8658"}],"wp:attachment":[{"href":"https:\/\/exceptionaudio.fr\/site\/wp-json\/wp\/v2\/media?parent=8657"}],"wp:term":[{"taxonomy":"product_brand","embeddable":true,"href":"https:\/\/exceptionaudio.fr\/site\/wp-json\/wp\/v2\/product_brand?post=8657"},{"taxonomy":"product_cat","embeddable":true,"href":"https:\/\/exceptionaudio.fr\/site\/wp-json\/wp\/v2\/product_cat?post=8657"},{"taxonomy":"product_tag","embeddable":true,"href":"https:\/\/exceptionaudio.fr\/site\/wp-json\/wp\/v2\/product_tag?post=8657"}],"curies":[{"name":"wp","href":"https:\/\/api.w.org\/{rel}","templated":true}]}}