{"id":8688,"date":"2024-03-30T15:17:04","date_gmt":"2024-03-30T14:17:04","guid":{"rendered":"https:\/\/exceptionaudio.fr\/site\/?post_type=product&#038;p=8688"},"modified":"2025-10-23T11:32:44","modified_gmt":"2025-10-23T09:32:44","slug":"egglestonworks-kiva-demo","status":"publish","type":"product","link":"https:\/\/exceptionaudio.fr\/site\/produit\/egglestonworks-kiva-demo\/","title":{"rendered":"EgglestonWorks Kiva DEMO"},"content":{"rendered":"","protected":false},"excerpt":{"rendered":"<p>L&rsquo;Egglestonworks Kiva vous fera retomber amoureux de la musique, pendant d\u2019innombrables heures. Imposante avec \u00e9l\u00e9gance, autorit\u00e9 avec subtilit\u00e9, dynamique avec douceur et raffinement sont les mots qui d\u00e9crivent le mieux ces fantastiques enceintes haute fid\u00e9lit\u00e9. E<span style=\"color: #00000a;\">lle est si \u00e9troitement d\u00e9riv\u00e9e de la Viginti qu&rsquo;elle est surnom\u00e9e \u00ab Baby Viginti \u00bb. Il s&rsquo;agit d&rsquo;une enceinte colonne hifi 3 voies qui rivalisent avec celles d\u2019un prix beaucoup plus \u00e9lev\u00e9.<\/span><\/p>\n<p>EgglestonWorks Kiva Noir &#8211; Mod\u00e8le de d\u00e9monstration.<\/p>\n","protected":false},"featured_media":8716,"template":"","meta":[],"product_brand":[],"product_cat":[241],"product_tag":[],"class_list":{"0":"post-8688","1":"product","2":"type-product","3":"status-publish","4":"has-post-thumbnail","6":"product_cat-archives","8":"first","9":"outofstock","10":"taxable","11":"shipping-taxable","12":"product-type-simple"},"yoast_head":"<!-- This site is optimized with the Yoast SEO plugin v27.4 - https:\/\/yoast.com\/product\/yoast-seo-wordpress\/ -->\n<title>EgglestonWorks Kiva DEMO - Enceintes hifi - Exception Audio<\/title>\n<meta name=\"description\" content=\"Egglestonworks Kiva - D\u00e9monstration : Enceinte colonne hifi 3 voies d\u00e9velopp\u00e9e dans la foul\u00e9e du lancement de la Viginti pour l&#039;anniversaire de l&#039;Andra 3.\" \/>\n<meta name=\"robots\" content=\"index, follow, max-snippet:-1, max-image-preview:large, max-video-preview:-1\" \/>\n<link rel=\"canonical\" href=\"https:\/\/exceptionaudio.fr\/site\/produit\/egglestonworks-kiva-demo\/\" \/>\n<meta property=\"og:locale\" content=\"fr_FR\" \/>\n<meta property=\"og:type\" content=\"article\" \/>\n<meta property=\"og:title\" content=\"EgglestonWorks Kiva DEMO - Enceintes hifi - Exception Audio\" \/>\n<meta property=\"og:description\" content=\"Egglestonworks Kiva - D\u00e9monstration : Enceinte colonne hifi 3 voies d\u00e9velopp\u00e9e dans la foul\u00e9e du lancement de la Viginti pour l&#039;anniversaire de l&#039;Andra 3.\" \/>\n<meta property=\"og:url\" content=\"https:\/\/exceptionaudio.fr\/site\/produit\/egglestonworks-kiva-demo\/\" \/>\n<meta property=\"og:site_name\" content=\"Exception Audio\" \/>\n<meta property=\"article:publisher\" content=\"https:\/\/www.facebook.com\/ExceptionAudio\" \/>\n<meta property=\"article:modified_time\" content=\"2025-10-23T09:32:44+00:00\" \/>\n<meta property=\"og:image\" content=\"https:\/\/exceptionaudio.fr\/site\/wp-content\/uploads\/2024\/03\/IMG_2302-scaled.jpg\" \/>\n\t<meta property=\"og:image:width\" content=\"1920\" \/>\n\t<meta property=\"og:image:height\" content=\"2560\" \/>\n\t<meta property=\"og:image:type\" content=\"image\/jpeg\" \/>\n<meta name=\"twitter:card\" content=\"summary_large_image\" \/>\n<meta name=\"twitter:label1\" content=\"Dur\u00e9e de lecture estim\u00e9e\" \/>\n\t<meta name=\"twitter:data1\" content=\"1 minute\" \/>\n<script type=\"application\/ld+json\" class=\"yoast-schema-graph\">{\"@context\":\"https:\\\/\\\/schema.org\",\"@graph\":[{\"@type\":\"WebPage\",\"@id\":\"https:\\\/\\\/exceptionaudio.fr\\\/site\\\/produit\\\/egglestonworks-kiva-demo\\\/\",\"url\":\"https:\\\/\\\/exceptionaudio.fr\\\/site\\\/produit\\\/egglestonworks-kiva-demo\\\/\",\"name\":\"EgglestonWorks Kiva DEMO - Enceintes hifi - Exception Audio\",\"isPartOf\":{\"@id\":\"https:\\\/\\\/exceptionaudio.fr\\\/site\\\/#website\"},\"primaryImageOfPage\":{\"@id\":\"https:\\\/\\\/exceptionaudio.fr\\\/site\\\/produit\\\/egglestonworks-kiva-demo\\\/#primaryimage\"},\"image\":{\"@id\":\"https:\\\/\\\/exceptionaudio.fr\\\/site\\\/produit\\\/egglestonworks-kiva-demo\\\/#primaryimage\"},\"thumbnailUrl\":\"https:\\\/\\\/exceptionaudio.fr\\\/site\\\/wp-content\\\/uploads\\\/2024\\\/03\\\/IMG_2302-scaled.jpg\",\"datePublished\":\"2024-03-30T14:17:04+00:00\",\"dateModified\":\"2025-10-23T09:32:44+00:00\",\"description\":\"Egglestonworks Kiva - D\u00e9monstration : Enceinte colonne hifi 3 voies d\u00e9velopp\u00e9e dans la foul\u00e9e du lancement de la Viginti pour l'anniversaire de l'Andra 3.\",\"breadcrumb\":{\"@id\":\"https:\\\/\\\/exceptionaudio.fr\\\/site\\\/produit\\\/egglestonworks-kiva-demo\\\/#breadcrumb\"},\"inLanguage\":\"fr-FR\",\"potentialAction\":[{\"@type\":\"ReadAction\",\"target\":[\"https:\\\/\\\/exceptionaudio.fr\\\/site\\\/produit\\\/egglestonworks-kiva-demo\\\/\"]}]},{\"@type\":\"ImageObject\",\"inLanguage\":\"fr-FR\",\"@id\":\"https:\\\/\\\/exceptionaudio.fr\\\/site\\\/produit\\\/egglestonworks-kiva-demo\\\/#primaryimage\",\"url\":\"https:\\\/\\\/exceptionaudio.fr\\\/site\\\/wp-content\\\/uploads\\\/2024\\\/03\\\/IMG_2302-scaled.jpg\",\"contentUrl\":\"https:\\\/\\\/exceptionaudio.fr\\\/site\\\/wp-content\\\/uploads\\\/2024\\\/03\\\/IMG_2302-scaled.jpg\",\"width\":1920,\"height\":2560,\"caption\":\"Egglestonworks Kiva enceinte hifi haut de gamme d\u00e9monstration exception audio\"},{\"@type\":\"BreadcrumbList\",\"@id\":\"https:\\\/\\\/exceptionaudio.fr\\\/site\\\/produit\\\/egglestonworks-kiva-demo\\\/#breadcrumb\",\"itemListElement\":[{\"@type\":\"ListItem\",\"position\":1,\"name\":\"Accueil\",\"item\":\"https:\\\/\\\/exceptionaudio.fr\\\/site\\\/\"},{\"@type\":\"ListItem\",\"position\":2,\"name\":\"Boutique\",\"item\":\"https:\\\/\\\/exceptionaudio.fr\\\/site\\\/boutique\\\/\"},{\"@type\":\"ListItem\",\"position\":3,\"name\":\"EgglestonWorks Kiva DEMO\"}]},{\"@type\":\"WebSite\",\"@id\":\"https:\\\/\\\/exceptionaudio.fr\\\/site\\\/#website\",\"url\":\"https:\\\/\\\/exceptionaudio.fr\\\/site\\\/\",\"name\":\"Exception Audio\",\"description\":\"Magasin hi-fi Antibes\",\"publisher\":{\"@id\":\"https:\\\/\\\/exceptionaudio.fr\\\/site\\\/#organization\"},\"potentialAction\":[{\"@type\":\"SearchAction\",\"target\":{\"@type\":\"EntryPoint\",\"urlTemplate\":\"https:\\\/\\\/exceptionaudio.fr\\\/site\\\/?s={search_term_string}\"},\"query-input\":{\"@type\":\"PropertyValueSpecification\",\"valueRequired\":true,\"valueName\":\"search_term_string\"}}],\"inLanguage\":\"fr-FR\"},{\"@type\":\"Organization\",\"@id\":\"https:\\\/\\\/exceptionaudio.fr\\\/site\\\/#organization\",\"name\":\"Exception Audio\",\"url\":\"https:\\\/\\\/exceptionaudio.fr\\\/site\\\/\",\"logo\":{\"@type\":\"ImageObject\",\"inLanguage\":\"fr-FR\",\"@id\":\"https:\\\/\\\/exceptionaudio.fr\\\/site\\\/#\\\/schema\\\/logo\\\/image\\\/\",\"url\":\"https:\\\/\\\/exceptionaudio.fr\\\/site\\\/wp-content\\\/uploads\\\/2021\\\/10\\\/largeur-exception-audio-logos-noir.png\",\"contentUrl\":\"https:\\\/\\\/exceptionaudio.fr\\\/site\\\/wp-content\\\/uploads\\\/2021\\\/10\\\/largeur-exception-audio-logos-noir.png\",\"width\":357,\"height\":54,\"caption\":\"Exception Audio\"},\"image\":{\"@id\":\"https:\\\/\\\/exceptionaudio.fr\\\/site\\\/#\\\/schema\\\/logo\\\/image\\\/\"},\"sameAs\":[\"https:\\\/\\\/www.facebook.com\\\/ExceptionAudio\",\"https:\\\/\\\/www.instagram.com\\\/exception_audio\\\/\"]}]}<\/script>\n<!-- \/ Yoast SEO plugin. -->","yoast_head_json":{"title":"EgglestonWorks Kiva DEMO - Enceintes hifi - Exception Audio","description":"Egglestonworks Kiva - D\u00e9monstration : Enceinte colonne hifi 3 voies d\u00e9velopp\u00e9e dans la foul\u00e9e du lancement de la Viginti pour l'anniversaire de l'Andra 3.","robots":{"index":"index","follow":"follow","max-snippet":"max-snippet:-1","max-image-preview":"max-image-preview:large","max-video-preview":"max-video-preview:-1"},"canonical":"https:\/\/exceptionaudio.fr\/site\/produit\/egglestonworks-kiva-demo\/","og_locale":"fr_FR","og_type":"article","og_title":"EgglestonWorks Kiva DEMO - Enceintes hifi - Exception Audio","og_description":"Egglestonworks Kiva - D\u00e9monstration : Enceinte colonne hifi 3 voies d\u00e9velopp\u00e9e dans la foul\u00e9e du lancement de la Viginti pour l'anniversaire de l'Andra 3.","og_url":"https:\/\/exceptionaudio.fr\/site\/produit\/egglestonworks-kiva-demo\/","og_site_name":"Exception Audio","article_publisher":"https:\/\/www.facebook.com\/ExceptionAudio","article_modified_time":"2025-10-23T09:32:44+00:00","og_image":[{"width":1920,"height":2560,"url":"https:\/\/exceptionaudio.fr\/site\/wp-content\/uploads\/2024\/03\/IMG_2302-scaled.jpg","type":"image\/jpeg"}],"twitter_card":"summary_large_image","twitter_misc":{"Dur\u00e9e de lecture estim\u00e9e":"1 minute"},"schema":{"@context":"https:\/\/schema.org","@graph":[{"@type":"WebPage","@id":"https:\/\/exceptionaudio.fr\/site\/produit\/egglestonworks-kiva-demo\/","url":"https:\/\/exceptionaudio.fr\/site\/produit\/egglestonworks-kiva-demo\/","name":"EgglestonWorks Kiva DEMO - Enceintes hifi - Exception Audio","isPartOf":{"@id":"https:\/\/exceptionaudio.fr\/site\/#website"},"primaryImageOfPage":{"@id":"https:\/\/exceptionaudio.fr\/site\/produit\/egglestonworks-kiva-demo\/#primaryimage"},"image":{"@id":"https:\/\/exceptionaudio.fr\/site\/produit\/egglestonworks-kiva-demo\/#primaryimage"},"thumbnailUrl":"https:\/\/exceptionaudio.fr\/site\/wp-content\/uploads\/2024\/03\/IMG_2302-scaled.jpg","datePublished":"2024-03-30T14:17:04+00:00","dateModified":"2025-10-23T09:32:44+00:00","description":"Egglestonworks Kiva - D\u00e9monstration : Enceinte colonne hifi 3 voies d\u00e9velopp\u00e9e dans la foul\u00e9e du lancement de la Viginti pour l'anniversaire de l'Andra 3.","breadcrumb":{"@id":"https:\/\/exceptionaudio.fr\/site\/produit\/egglestonworks-kiva-demo\/#breadcrumb"},"inLanguage":"fr-FR","potentialAction":[{"@type":"ReadAction","target":["https:\/\/exceptionaudio.fr\/site\/produit\/egglestonworks-kiva-demo\/"]}]},{"@type":"ImageObject","inLanguage":"fr-FR","@id":"https:\/\/exceptionaudio.fr\/site\/produit\/egglestonworks-kiva-demo\/#primaryimage","url":"https:\/\/exceptionaudio.fr\/site\/wp-content\/uploads\/2024\/03\/IMG_2302-scaled.jpg","contentUrl":"https:\/\/exceptionaudio.fr\/site\/wp-content\/uploads\/2024\/03\/IMG_2302-scaled.jpg","width":1920,"height":2560,"caption":"Egglestonworks Kiva enceinte hifi haut de gamme d\u00e9monstration exception audio"},{"@type":"BreadcrumbList","@id":"https:\/\/exceptionaudio.fr\/site\/produit\/egglestonworks-kiva-demo\/#breadcrumb","itemListElement":[{"@type":"ListItem","position":1,"name":"Accueil","item":"https:\/\/exceptionaudio.fr\/site\/"},{"@type":"ListItem","position":2,"name":"Boutique","item":"https:\/\/exceptionaudio.fr\/site\/boutique\/"},{"@type":"ListItem","position":3,"name":"EgglestonWorks Kiva DEMO"}]},{"@type":"WebSite","@id":"https:\/\/exceptionaudio.fr\/site\/#website","url":"https:\/\/exceptionaudio.fr\/site\/","name":"Exception Audio","description":"Magasin hi-fi Antibes","publisher":{"@id":"https:\/\/exceptionaudio.fr\/site\/#organization"},"potentialAction":[{"@type":"SearchAction","target":{"@type":"EntryPoint","urlTemplate":"https:\/\/exceptionaudio.fr\/site\/?s={search_term_string}"},"query-input":{"@type":"PropertyValueSpecification","valueRequired":true,"valueName":"search_term_string"}}],"inLanguage":"fr-FR"},{"@type":"Organization","@id":"https:\/\/exceptionaudio.fr\/site\/#organization","name":"Exception Audio","url":"https:\/\/exceptionaudio.fr\/site\/","logo":{"@type":"ImageObject","inLanguage":"fr-FR","@id":"https:\/\/exceptionaudio.fr\/site\/#\/schema\/logo\/image\/","url":"https:\/\/exceptionaudio.fr\/site\/wp-content\/uploads\/2021\/10\/largeur-exception-audio-logos-noir.png","contentUrl":"https:\/\/exceptionaudio.fr\/site\/wp-content\/uploads\/2021\/10\/largeur-exception-audio-logos-noir.png","width":357,"height":54,"caption":"Exception Audio"},"image":{"@id":"https:\/\/exceptionaudio.fr\/site\/#\/schema\/logo\/image\/"},"sameAs":["https:\/\/www.facebook.com\/ExceptionAudio","https:\/\/www.instagram.com\/exception_audio\/"]}]}},"_links":{"self":[{"href":"https:\/\/exceptionaudio.fr\/site\/wp-json\/wp\/v2\/product\/8688","targetHints":{"allow":["GET"]}}],"collection":[{"href":"https:\/\/exceptionaudio.fr\/site\/wp-json\/wp\/v2\/product"}],"about":[{"href":"https:\/\/exceptionaudio.fr\/site\/wp-json\/wp\/v2\/types\/product"}],"version-history":[{"count":3,"href":"https:\/\/exceptionaudio.fr\/site\/wp-json\/wp\/v2\/product\/8688\/revisions"}],"predecessor-version":[{"id":9390,"href":"https:\/\/exceptionaudio.fr\/site\/wp-json\/wp\/v2\/product\/8688\/revisions\/9390"}],"wp:featuredmedia":[{"embeddable":true,"href":"https:\/\/exceptionaudio.fr\/site\/wp-json\/wp\/v2\/media\/8716"}],"wp:attachment":[{"href":"https:\/\/exceptionaudio.fr\/site\/wp-json\/wp\/v2\/media?parent=8688"}],"wp:term":[{"taxonomy":"product_brand","embeddable":true,"href":"https:\/\/exceptionaudio.fr\/site\/wp-json\/wp\/v2\/product_brand?post=8688"},{"taxonomy":"product_cat","embeddable":true,"href":"https:\/\/exceptionaudio.fr\/site\/wp-json\/wp\/v2\/product_cat?post=8688"},{"taxonomy":"product_tag","embeddable":true,"href":"https:\/\/exceptionaudio.fr\/site\/wp-json\/wp\/v2\/product_tag?post=8688"}],"curies":[{"name":"wp","href":"https:\/\/api.w.org\/{rel}","templated":true}]}}