{"id":8764,"date":"2024-04-23T17:38:38","date_gmt":"2024-04-23T15:38:38","guid":{"rendered":"https:\/\/exceptionaudio.fr\/site\/?post_type=product&#038;p=8764"},"modified":"2026-04-14T12:51:59","modified_gmt":"2026-04-14T10:51:59","slug":"b-audio-b-dac","status":"publish","type":"product","link":"https:\/\/exceptionaudio.fr\/site\/produit\/b-audio-b-dac\/","title":{"rendered":"B.Audio B.dac"},"content":{"rendered":"","protected":false},"excerpt":{"rendered":"<p style=\"font-weight: 400;\">Le B.dac est le mod\u00e8le de r\u00e9f\u00e9rence du fabricant fran\u00e7ais <a href=\"https:\/\/exceptionaudio.fr\/site\/etiquette-produit\/b-audio\/\">B.Audio<\/a>, il est l\u2019aboutissement d\u2019une r\u00e9flexion globale guid\u00e9e par une recherche de perfection dans les synergies possibles entre les meilleurs composants et technologie. Il propose une technologie unique brevet\u00e9e, baptis\u00e9e SJR \u00ab Source Jitter Removal \u00bb. Les entr\u00e9es num\u00e9riques sont tr\u00e8s nombreuses avec 2x Coaxial, 2x Optique, 1x AES\/EBU et 1x USB. Pour ceux qui souhaiterait des entr\u00e9es analogiques, il suffit de se tourner vers le B.dac DPR.<\/p>\n","protected":false},"featured_media":8766,"template":"","meta":[],"product_brand":[],"product_cat":[98,99],"product_tag":[255],"class_list":{"0":"post-8764","1":"product","2":"type-product","3":"status-publish","4":"has-post-thumbnail","6":"product_cat-sources-hifi","7":"product_cat-convertisseurs-dac-hifi","8":"product_tag-b-audio","10":"first","11":"instock","12":"taxable","13":"shipping-taxable","14":"purchasable","15":"product-type-simple"},"yoast_head":"<!-- This site is optimized with the Yoast SEO plugin v27.4 - https:\/\/yoast.com\/product\/yoast-seo-wordpress\/ -->\n<title>B.Audio B.dac - Convertisseur DAC hifi - Exception Audio<\/title>\n<meta name=\"description\" content=\"Le B.dac est le DAC Hifi de r\u00e9f\u00e9rence du fabricant fran\u00e7ais B.Audio, il est l\u2019aboutissement d\u2019une r\u00e9flexion guid\u00e9e par une recherche de perfection musicale\" \/>\n<meta name=\"robots\" content=\"index, follow, max-snippet:-1, max-image-preview:large, max-video-preview:-1\" \/>\n<link rel=\"canonical\" href=\"https:\/\/exceptionaudio.fr\/site\/produit\/b-audio-b-dac\/\" \/>\n<meta property=\"og:locale\" content=\"fr_FR\" \/>\n<meta property=\"og:type\" content=\"article\" \/>\n<meta property=\"og:title\" content=\"B.Audio B.dac - Convertisseur DAC hifi - Exception Audio\" \/>\n<meta property=\"og:description\" content=\"Le B.dac est le DAC Hifi de r\u00e9f\u00e9rence du fabricant fran\u00e7ais B.Audio, il est l\u2019aboutissement d\u2019une r\u00e9flexion guid\u00e9e par une recherche de perfection musicale\" \/>\n<meta property=\"og:url\" content=\"https:\/\/exceptionaudio.fr\/site\/produit\/b-audio-b-dac\/\" \/>\n<meta property=\"og:site_name\" content=\"Exception Audio\" \/>\n<meta property=\"article:publisher\" content=\"https:\/\/www.facebook.com\/ExceptionAudio\" \/>\n<meta property=\"article:modified_time\" content=\"2026-04-14T10:51:59+00:00\" \/>\n<meta property=\"og:image\" content=\"https:\/\/exceptionaudio.fr\/site\/wp-content\/uploads\/2024\/04\/B.Audio-B.Dac_.jpg\" \/>\n\t<meta property=\"og:image:width\" content=\"1000\" \/>\n\t<meta property=\"og:image:height\" content=\"1000\" \/>\n\t<meta property=\"og:image:type\" content=\"image\/jpeg\" \/>\n<meta name=\"twitter:card\" content=\"summary_large_image\" \/>\n<meta name=\"twitter:label1\" content=\"Dur\u00e9e de lecture estim\u00e9e\" \/>\n\t<meta name=\"twitter:data1\" content=\"1 minute\" \/>\n<script type=\"application\/ld+json\" class=\"yoast-schema-graph\">{\"@context\":\"https:\\\/\\\/schema.org\",\"@graph\":[{\"@type\":\"WebPage\",\"@id\":\"https:\\\/\\\/exceptionaudio.fr\\\/site\\\/produit\\\/b-audio-b-dac\\\/\",\"url\":\"https:\\\/\\\/exceptionaudio.fr\\\/site\\\/produit\\\/b-audio-b-dac\\\/\",\"name\":\"B.Audio B.dac - Convertisseur DAC hifi - Exception Audio\",\"isPartOf\":{\"@id\":\"https:\\\/\\\/exceptionaudio.fr\\\/site\\\/#website\"},\"primaryImageOfPage\":{\"@id\":\"https:\\\/\\\/exceptionaudio.fr\\\/site\\\/produit\\\/b-audio-b-dac\\\/#primaryimage\"},\"image\":{\"@id\":\"https:\\\/\\\/exceptionaudio.fr\\\/site\\\/produit\\\/b-audio-b-dac\\\/#primaryimage\"},\"thumbnailUrl\":\"https:\\\/\\\/exceptionaudio.fr\\\/site\\\/wp-content\\\/uploads\\\/2024\\\/04\\\/B.Audio-B.Dac_.jpg\",\"datePublished\":\"2024-04-23T15:38:38+00:00\",\"dateModified\":\"2026-04-14T10:51:59+00:00\",\"description\":\"Le B.dac est le DAC Hifi de r\u00e9f\u00e9rence du fabricant fran\u00e7ais B.Audio, il est l\u2019aboutissement d\u2019une r\u00e9flexion guid\u00e9e par une recherche de perfection musicale\",\"breadcrumb\":{\"@id\":\"https:\\\/\\\/exceptionaudio.fr\\\/site\\\/produit\\\/b-audio-b-dac\\\/#breadcrumb\"},\"inLanguage\":\"fr-FR\",\"potentialAction\":[{\"@type\":\"ReadAction\",\"target\":[\"https:\\\/\\\/exceptionaudio.fr\\\/site\\\/produit\\\/b-audio-b-dac\\\/\"]}]},{\"@type\":\"ImageObject\",\"inLanguage\":\"fr-FR\",\"@id\":\"https:\\\/\\\/exceptionaudio.fr\\\/site\\\/produit\\\/b-audio-b-dac\\\/#primaryimage\",\"url\":\"https:\\\/\\\/exceptionaudio.fr\\\/site\\\/wp-content\\\/uploads\\\/2024\\\/04\\\/B.Audio-B.Dac_.jpg\",\"contentUrl\":\"https:\\\/\\\/exceptionaudio.fr\\\/site\\\/wp-content\\\/uploads\\\/2024\\\/04\\\/B.Audio-B.Dac_.jpg\",\"width\":1000,\"height\":1000,\"caption\":\"B.Audio B.Dac convertisseur D\\\/A haut de gamme\"},{\"@type\":\"BreadcrumbList\",\"@id\":\"https:\\\/\\\/exceptionaudio.fr\\\/site\\\/produit\\\/b-audio-b-dac\\\/#breadcrumb\",\"itemListElement\":[{\"@type\":\"ListItem\",\"position\":1,\"name\":\"Accueil\",\"item\":\"https:\\\/\\\/exceptionaudio.fr\\\/site\\\/\"},{\"@type\":\"ListItem\",\"position\":2,\"name\":\"Boutique\",\"item\":\"https:\\\/\\\/exceptionaudio.fr\\\/site\\\/boutique\\\/\"},{\"@type\":\"ListItem\",\"position\":3,\"name\":\"B.Audio B.dac\"}]},{\"@type\":\"WebSite\",\"@id\":\"https:\\\/\\\/exceptionaudio.fr\\\/site\\\/#website\",\"url\":\"https:\\\/\\\/exceptionaudio.fr\\\/site\\\/\",\"name\":\"Exception Audio\",\"description\":\"Magasin hi-fi Antibes\",\"publisher\":{\"@id\":\"https:\\\/\\\/exceptionaudio.fr\\\/site\\\/#organization\"},\"potentialAction\":[{\"@type\":\"SearchAction\",\"target\":{\"@type\":\"EntryPoint\",\"urlTemplate\":\"https:\\\/\\\/exceptionaudio.fr\\\/site\\\/?s={search_term_string}\"},\"query-input\":{\"@type\":\"PropertyValueSpecification\",\"valueRequired\":true,\"valueName\":\"search_term_string\"}}],\"inLanguage\":\"fr-FR\"},{\"@type\":\"Organization\",\"@id\":\"https:\\\/\\\/exceptionaudio.fr\\\/site\\\/#organization\",\"name\":\"Exception Audio\",\"url\":\"https:\\\/\\\/exceptionaudio.fr\\\/site\\\/\",\"logo\":{\"@type\":\"ImageObject\",\"inLanguage\":\"fr-FR\",\"@id\":\"https:\\\/\\\/exceptionaudio.fr\\\/site\\\/#\\\/schema\\\/logo\\\/image\\\/\",\"url\":\"https:\\\/\\\/exceptionaudio.fr\\\/site\\\/wp-content\\\/uploads\\\/2021\\\/10\\\/largeur-exception-audio-logos-noir.png\",\"contentUrl\":\"https:\\\/\\\/exceptionaudio.fr\\\/site\\\/wp-content\\\/uploads\\\/2021\\\/10\\\/largeur-exception-audio-logos-noir.png\",\"width\":357,\"height\":54,\"caption\":\"Exception Audio\"},\"image\":{\"@id\":\"https:\\\/\\\/exceptionaudio.fr\\\/site\\\/#\\\/schema\\\/logo\\\/image\\\/\"},\"sameAs\":[\"https:\\\/\\\/www.facebook.com\\\/ExceptionAudio\",\"https:\\\/\\\/www.instagram.com\\\/exception_audio\\\/\"]}]}<\/script>\n<!-- \/ Yoast SEO plugin. -->","yoast_head_json":{"title":"B.Audio B.dac - Convertisseur DAC hifi - Exception Audio","description":"Le B.dac est le DAC Hifi de r\u00e9f\u00e9rence du fabricant fran\u00e7ais B.Audio, il est l\u2019aboutissement d\u2019une r\u00e9flexion guid\u00e9e par une recherche de perfection musicale","robots":{"index":"index","follow":"follow","max-snippet":"max-snippet:-1","max-image-preview":"max-image-preview:large","max-video-preview":"max-video-preview:-1"},"canonical":"https:\/\/exceptionaudio.fr\/site\/produit\/b-audio-b-dac\/","og_locale":"fr_FR","og_type":"article","og_title":"B.Audio B.dac - Convertisseur DAC hifi - Exception Audio","og_description":"Le B.dac est le DAC Hifi de r\u00e9f\u00e9rence du fabricant fran\u00e7ais B.Audio, il est l\u2019aboutissement d\u2019une r\u00e9flexion guid\u00e9e par une recherche de perfection musicale","og_url":"https:\/\/exceptionaudio.fr\/site\/produit\/b-audio-b-dac\/","og_site_name":"Exception Audio","article_publisher":"https:\/\/www.facebook.com\/ExceptionAudio","article_modified_time":"2026-04-14T10:51:59+00:00","og_image":[{"width":1000,"height":1000,"url":"https:\/\/exceptionaudio.fr\/site\/wp-content\/uploads\/2024\/04\/B.Audio-B.Dac_.jpg","type":"image\/jpeg"}],"twitter_card":"summary_large_image","twitter_misc":{"Dur\u00e9e de lecture estim\u00e9e":"1 minute"},"schema":{"@context":"https:\/\/schema.org","@graph":[{"@type":"WebPage","@id":"https:\/\/exceptionaudio.fr\/site\/produit\/b-audio-b-dac\/","url":"https:\/\/exceptionaudio.fr\/site\/produit\/b-audio-b-dac\/","name":"B.Audio B.dac - Convertisseur DAC hifi - Exception Audio","isPartOf":{"@id":"https:\/\/exceptionaudio.fr\/site\/#website"},"primaryImageOfPage":{"@id":"https:\/\/exceptionaudio.fr\/site\/produit\/b-audio-b-dac\/#primaryimage"},"image":{"@id":"https:\/\/exceptionaudio.fr\/site\/produit\/b-audio-b-dac\/#primaryimage"},"thumbnailUrl":"https:\/\/exceptionaudio.fr\/site\/wp-content\/uploads\/2024\/04\/B.Audio-B.Dac_.jpg","datePublished":"2024-04-23T15:38:38+00:00","dateModified":"2026-04-14T10:51:59+00:00","description":"Le B.dac est le DAC Hifi de r\u00e9f\u00e9rence du fabricant fran\u00e7ais B.Audio, il est l\u2019aboutissement d\u2019une r\u00e9flexion guid\u00e9e par une recherche de perfection musicale","breadcrumb":{"@id":"https:\/\/exceptionaudio.fr\/site\/produit\/b-audio-b-dac\/#breadcrumb"},"inLanguage":"fr-FR","potentialAction":[{"@type":"ReadAction","target":["https:\/\/exceptionaudio.fr\/site\/produit\/b-audio-b-dac\/"]}]},{"@type":"ImageObject","inLanguage":"fr-FR","@id":"https:\/\/exceptionaudio.fr\/site\/produit\/b-audio-b-dac\/#primaryimage","url":"https:\/\/exceptionaudio.fr\/site\/wp-content\/uploads\/2024\/04\/B.Audio-B.Dac_.jpg","contentUrl":"https:\/\/exceptionaudio.fr\/site\/wp-content\/uploads\/2024\/04\/B.Audio-B.Dac_.jpg","width":1000,"height":1000,"caption":"B.Audio B.Dac convertisseur D\/A haut de gamme"},{"@type":"BreadcrumbList","@id":"https:\/\/exceptionaudio.fr\/site\/produit\/b-audio-b-dac\/#breadcrumb","itemListElement":[{"@type":"ListItem","position":1,"name":"Accueil","item":"https:\/\/exceptionaudio.fr\/site\/"},{"@type":"ListItem","position":2,"name":"Boutique","item":"https:\/\/exceptionaudio.fr\/site\/boutique\/"},{"@type":"ListItem","position":3,"name":"B.Audio B.dac"}]},{"@type":"WebSite","@id":"https:\/\/exceptionaudio.fr\/site\/#website","url":"https:\/\/exceptionaudio.fr\/site\/","name":"Exception Audio","description":"Magasin hi-fi Antibes","publisher":{"@id":"https:\/\/exceptionaudio.fr\/site\/#organization"},"potentialAction":[{"@type":"SearchAction","target":{"@type":"EntryPoint","urlTemplate":"https:\/\/exceptionaudio.fr\/site\/?s={search_term_string}"},"query-input":{"@type":"PropertyValueSpecification","valueRequired":true,"valueName":"search_term_string"}}],"inLanguage":"fr-FR"},{"@type":"Organization","@id":"https:\/\/exceptionaudio.fr\/site\/#organization","name":"Exception Audio","url":"https:\/\/exceptionaudio.fr\/site\/","logo":{"@type":"ImageObject","inLanguage":"fr-FR","@id":"https:\/\/exceptionaudio.fr\/site\/#\/schema\/logo\/image\/","url":"https:\/\/exceptionaudio.fr\/site\/wp-content\/uploads\/2021\/10\/largeur-exception-audio-logos-noir.png","contentUrl":"https:\/\/exceptionaudio.fr\/site\/wp-content\/uploads\/2021\/10\/largeur-exception-audio-logos-noir.png","width":357,"height":54,"caption":"Exception Audio"},"image":{"@id":"https:\/\/exceptionaudio.fr\/site\/#\/schema\/logo\/image\/"},"sameAs":["https:\/\/www.facebook.com\/ExceptionAudio","https:\/\/www.instagram.com\/exception_audio\/"]}]}},"_links":{"self":[{"href":"https:\/\/exceptionaudio.fr\/site\/wp-json\/wp\/v2\/product\/8764","targetHints":{"allow":["GET"]}}],"collection":[{"href":"https:\/\/exceptionaudio.fr\/site\/wp-json\/wp\/v2\/product"}],"about":[{"href":"https:\/\/exceptionaudio.fr\/site\/wp-json\/wp\/v2\/types\/product"}],"version-history":[{"count":1,"href":"https:\/\/exceptionaudio.fr\/site\/wp-json\/wp\/v2\/product\/8764\/revisions"}],"predecessor-version":[{"id":8767,"href":"https:\/\/exceptionaudio.fr\/site\/wp-json\/wp\/v2\/product\/8764\/revisions\/8767"}],"wp:featuredmedia":[{"embeddable":true,"href":"https:\/\/exceptionaudio.fr\/site\/wp-json\/wp\/v2\/media\/8766"}],"wp:attachment":[{"href":"https:\/\/exceptionaudio.fr\/site\/wp-json\/wp\/v2\/media?parent=8764"}],"wp:term":[{"taxonomy":"product_brand","embeddable":true,"href":"https:\/\/exceptionaudio.fr\/site\/wp-json\/wp\/v2\/product_brand?post=8764"},{"taxonomy":"product_cat","embeddable":true,"href":"https:\/\/exceptionaudio.fr\/site\/wp-json\/wp\/v2\/product_cat?post=8764"},{"taxonomy":"product_tag","embeddable":true,"href":"https:\/\/exceptionaudio.fr\/site\/wp-json\/wp\/v2\/product_tag?post=8764"}],"curies":[{"name":"wp","href":"https:\/\/api.w.org\/{rel}","templated":true}]}}