{"id":8834,"date":"2024-05-15T20:08:19","date_gmt":"2024-05-15T18:08:19","guid":{"rendered":"https:\/\/exceptionaudio.fr\/site\/?post_type=product&#038;p=8834"},"modified":"2024-10-07T16:39:02","modified_gmt":"2024-10-07T14:39:02","slug":"eversolo-dmp-a6","status":"publish","type":"product","link":"https:\/\/exceptionaudio.fr\/site\/produit\/eversolo-dmp-a6\/","title":{"rendered":"EverSolo DMP-A6"},"content":{"rendered":"","protected":false},"excerpt":{"rendered":"<p style=\"font-weight: 400;\">Le lecteur r\u00e9seau EverSolo DMP-A6 ouvre la porte au streaming haute-fid\u00e9lit\u00e9 avec un design raffin\u00e9, une interface intuitive et une qualit\u00e9 sonore exceptionnelle. Dot\u00e9 d&rsquo;un double DAC ES9038Q2M, ce mod\u00e8le haut de gamme assure la lecture de vos titres Hi-Res jusqu&rsquo;\u00e0 32 bits \/ 768 kHz, ainsi que les fichiers DSD512 et MQA. Extr\u00eamement polyvalent, le DMP-A6 Master Edition vous permet d\u2019acc\u00e8des \u00e0 vos services de streaming pr\u00e9f\u00e9r\u00e9s tel que Qobuz, Tidal, Amazon Music, Spotify&#8230; ou diffusez votre musique en uPNP, AirPlay 2, Bluetooth ou via Roon. Le contr\u00f4le s&rsquo;effectue en toute simplicit\u00e9 \u00e0 partir du grand \u00e9cran tactile ou de l&rsquo;application mobile d\u00e9di\u00e9e disponible sous iOS et Android.<\/p>\n","protected":false},"featured_media":8835,"template":"","meta":[],"product_brand":[],"product_cat":[98,99,100],"product_tag":[297],"class_list":{"0":"post-8834","1":"product","2":"type-product","3":"status-publish","4":"has-post-thumbnail","6":"product_cat-sources-hifi","7":"product_cat-convertisseurs-dac-hifi","8":"product_cat-lecteurs-reseau-hifi-serveurs-audio-streamer","9":"product_tag-eversolo","11":"first","12":"instock","13":"taxable","14":"shipping-taxable","15":"purchasable","16":"product-type-simple"},"yoast_head":"<!-- This site is optimized with the Yoast SEO plugin v27.4 - https:\/\/yoast.com\/product\/yoast-seo-wordpress\/ -->\n<title>EverSolo DMP-A6 - Lecteur r\u00e9seau DAC HiFi - Exception Audio<\/title>\n<meta name=\"description\" content=\"Le lecteur r\u00e9seau HiFi EverSolo DMP-A6 ouvre la porte au streaming haute-fid\u00e9lit\u00e9 : double DAC Sabre, \u00e9cran tactile et application iOS et Android\" \/>\n<meta name=\"robots\" content=\"index, follow, max-snippet:-1, max-image-preview:large, max-video-preview:-1\" \/>\n<link rel=\"canonical\" href=\"https:\/\/exceptionaudio.fr\/site\/produit\/eversolo-dmp-a6\/\" \/>\n<meta property=\"og:locale\" content=\"fr_FR\" \/>\n<meta property=\"og:type\" content=\"article\" \/>\n<meta property=\"og:title\" content=\"EverSolo DMP-A6 - Lecteur r\u00e9seau DAC HiFi - Exception Audio\" \/>\n<meta property=\"og:description\" content=\"Le lecteur r\u00e9seau HiFi EverSolo DMP-A6 ouvre la porte au streaming haute-fid\u00e9lit\u00e9 : double DAC Sabre, \u00e9cran tactile et application iOS et Android\" \/>\n<meta property=\"og:url\" content=\"https:\/\/exceptionaudio.fr\/site\/produit\/eversolo-dmp-a6\/\" \/>\n<meta property=\"og:site_name\" content=\"Exception Audio\" \/>\n<meta property=\"article:publisher\" content=\"https:\/\/www.facebook.com\/ExceptionAudio\" \/>\n<meta property=\"article:modified_time\" content=\"2024-10-07T14:39:02+00:00\" \/>\n<meta property=\"og:image\" content=\"https:\/\/exceptionaudio.fr\/site\/wp-content\/uploads\/2024\/05\/EverSolo-DMP-A6.jpg\" \/>\n\t<meta property=\"og:image:width\" content=\"1000\" \/>\n\t<meta property=\"og:image:height\" content=\"1000\" \/>\n\t<meta property=\"og:image:type\" content=\"image\/jpeg\" \/>\n<meta name=\"twitter:card\" content=\"summary_large_image\" \/>\n<meta name=\"twitter:label1\" content=\"Dur\u00e9e de lecture estim\u00e9e\" \/>\n\t<meta name=\"twitter:data1\" content=\"1 minute\" \/>\n<script type=\"application\/ld+json\" class=\"yoast-schema-graph\">{\"@context\":\"https:\\\/\\\/schema.org\",\"@graph\":[{\"@type\":\"WebPage\",\"@id\":\"https:\\\/\\\/exceptionaudio.fr\\\/site\\\/produit\\\/eversolo-dmp-a6\\\/\",\"url\":\"https:\\\/\\\/exceptionaudio.fr\\\/site\\\/produit\\\/eversolo-dmp-a6\\\/\",\"name\":\"EverSolo DMP-A6 - Lecteur r\u00e9seau DAC HiFi - Exception Audio\",\"isPartOf\":{\"@id\":\"https:\\\/\\\/exceptionaudio.fr\\\/site\\\/#website\"},\"primaryImageOfPage\":{\"@id\":\"https:\\\/\\\/exceptionaudio.fr\\\/site\\\/produit\\\/eversolo-dmp-a6\\\/#primaryimage\"},\"image\":{\"@id\":\"https:\\\/\\\/exceptionaudio.fr\\\/site\\\/produit\\\/eversolo-dmp-a6\\\/#primaryimage\"},\"thumbnailUrl\":\"https:\\\/\\\/exceptionaudio.fr\\\/site\\\/wp-content\\\/uploads\\\/2024\\\/05\\\/EverSolo-DMP-A6.jpg\",\"datePublished\":\"2024-05-15T18:08:19+00:00\",\"dateModified\":\"2024-10-07T14:39:02+00:00\",\"description\":\"Le lecteur r\u00e9seau HiFi EverSolo DMP-A6 ouvre la porte au streaming haute-fid\u00e9lit\u00e9 : double DAC Sabre, \u00e9cran tactile et application iOS et Android\",\"breadcrumb\":{\"@id\":\"https:\\\/\\\/exceptionaudio.fr\\\/site\\\/produit\\\/eversolo-dmp-a6\\\/#breadcrumb\"},\"inLanguage\":\"fr-FR\",\"potentialAction\":[{\"@type\":\"ReadAction\",\"target\":[\"https:\\\/\\\/exceptionaudio.fr\\\/site\\\/produit\\\/eversolo-dmp-a6\\\/\"]}]},{\"@type\":\"ImageObject\",\"inLanguage\":\"fr-FR\",\"@id\":\"https:\\\/\\\/exceptionaudio.fr\\\/site\\\/produit\\\/eversolo-dmp-a6\\\/#primaryimage\",\"url\":\"https:\\\/\\\/exceptionaudio.fr\\\/site\\\/wp-content\\\/uploads\\\/2024\\\/05\\\/EverSolo-DMP-A6.jpg\",\"contentUrl\":\"https:\\\/\\\/exceptionaudio.fr\\\/site\\\/wp-content\\\/uploads\\\/2024\\\/05\\\/EverSolo-DMP-A6.jpg\",\"width\":1000,\"height\":1000,\"caption\":\"EverSolo DMP-A6 Lecteur r\u00e9seau DAC HiFi Hi-res\"},{\"@type\":\"BreadcrumbList\",\"@id\":\"https:\\\/\\\/exceptionaudio.fr\\\/site\\\/produit\\\/eversolo-dmp-a6\\\/#breadcrumb\",\"itemListElement\":[{\"@type\":\"ListItem\",\"position\":1,\"name\":\"Accueil\",\"item\":\"https:\\\/\\\/exceptionaudio.fr\\\/site\\\/\"},{\"@type\":\"ListItem\",\"position\":2,\"name\":\"Boutique\",\"item\":\"https:\\\/\\\/exceptionaudio.fr\\\/site\\\/boutique\\\/\"},{\"@type\":\"ListItem\",\"position\":3,\"name\":\"EverSolo DMP-A6\"}]},{\"@type\":\"WebSite\",\"@id\":\"https:\\\/\\\/exceptionaudio.fr\\\/site\\\/#website\",\"url\":\"https:\\\/\\\/exceptionaudio.fr\\\/site\\\/\",\"name\":\"Exception Audio\",\"description\":\"Magasin hi-fi Antibes\",\"publisher\":{\"@id\":\"https:\\\/\\\/exceptionaudio.fr\\\/site\\\/#organization\"},\"potentialAction\":[{\"@type\":\"SearchAction\",\"target\":{\"@type\":\"EntryPoint\",\"urlTemplate\":\"https:\\\/\\\/exceptionaudio.fr\\\/site\\\/?s={search_term_string}\"},\"query-input\":{\"@type\":\"PropertyValueSpecification\",\"valueRequired\":true,\"valueName\":\"search_term_string\"}}],\"inLanguage\":\"fr-FR\"},{\"@type\":\"Organization\",\"@id\":\"https:\\\/\\\/exceptionaudio.fr\\\/site\\\/#organization\",\"name\":\"Exception Audio\",\"url\":\"https:\\\/\\\/exceptionaudio.fr\\\/site\\\/\",\"logo\":{\"@type\":\"ImageObject\",\"inLanguage\":\"fr-FR\",\"@id\":\"https:\\\/\\\/exceptionaudio.fr\\\/site\\\/#\\\/schema\\\/logo\\\/image\\\/\",\"url\":\"https:\\\/\\\/exceptionaudio.fr\\\/site\\\/wp-content\\\/uploads\\\/2021\\\/10\\\/largeur-exception-audio-logos-noir.png\",\"contentUrl\":\"https:\\\/\\\/exceptionaudio.fr\\\/site\\\/wp-content\\\/uploads\\\/2021\\\/10\\\/largeur-exception-audio-logos-noir.png\",\"width\":357,\"height\":54,\"caption\":\"Exception Audio\"},\"image\":{\"@id\":\"https:\\\/\\\/exceptionaudio.fr\\\/site\\\/#\\\/schema\\\/logo\\\/image\\\/\"},\"sameAs\":[\"https:\\\/\\\/www.facebook.com\\\/ExceptionAudio\",\"https:\\\/\\\/www.instagram.com\\\/exception_audio\\\/\"]}]}<\/script>\n<!-- \/ Yoast SEO plugin. -->","yoast_head_json":{"title":"EverSolo DMP-A6 - Lecteur r\u00e9seau DAC HiFi - Exception Audio","description":"Le lecteur r\u00e9seau HiFi EverSolo DMP-A6 ouvre la porte au streaming haute-fid\u00e9lit\u00e9 : double DAC Sabre, \u00e9cran tactile et application iOS et Android","robots":{"index":"index","follow":"follow","max-snippet":"max-snippet:-1","max-image-preview":"max-image-preview:large","max-video-preview":"max-video-preview:-1"},"canonical":"https:\/\/exceptionaudio.fr\/site\/produit\/eversolo-dmp-a6\/","og_locale":"fr_FR","og_type":"article","og_title":"EverSolo DMP-A6 - Lecteur r\u00e9seau DAC HiFi - Exception Audio","og_description":"Le lecteur r\u00e9seau HiFi EverSolo DMP-A6 ouvre la porte au streaming haute-fid\u00e9lit\u00e9 : double DAC Sabre, \u00e9cran tactile et application iOS et Android","og_url":"https:\/\/exceptionaudio.fr\/site\/produit\/eversolo-dmp-a6\/","og_site_name":"Exception Audio","article_publisher":"https:\/\/www.facebook.com\/ExceptionAudio","article_modified_time":"2024-10-07T14:39:02+00:00","og_image":[{"width":1000,"height":1000,"url":"https:\/\/exceptionaudio.fr\/site\/wp-content\/uploads\/2024\/05\/EverSolo-DMP-A6.jpg","type":"image\/jpeg"}],"twitter_card":"summary_large_image","twitter_misc":{"Dur\u00e9e de lecture estim\u00e9e":"1 minute"},"schema":{"@context":"https:\/\/schema.org","@graph":[{"@type":"WebPage","@id":"https:\/\/exceptionaudio.fr\/site\/produit\/eversolo-dmp-a6\/","url":"https:\/\/exceptionaudio.fr\/site\/produit\/eversolo-dmp-a6\/","name":"EverSolo DMP-A6 - Lecteur r\u00e9seau DAC HiFi - Exception Audio","isPartOf":{"@id":"https:\/\/exceptionaudio.fr\/site\/#website"},"primaryImageOfPage":{"@id":"https:\/\/exceptionaudio.fr\/site\/produit\/eversolo-dmp-a6\/#primaryimage"},"image":{"@id":"https:\/\/exceptionaudio.fr\/site\/produit\/eversolo-dmp-a6\/#primaryimage"},"thumbnailUrl":"https:\/\/exceptionaudio.fr\/site\/wp-content\/uploads\/2024\/05\/EverSolo-DMP-A6.jpg","datePublished":"2024-05-15T18:08:19+00:00","dateModified":"2024-10-07T14:39:02+00:00","description":"Le lecteur r\u00e9seau HiFi EverSolo DMP-A6 ouvre la porte au streaming haute-fid\u00e9lit\u00e9 : double DAC Sabre, \u00e9cran tactile et application iOS et Android","breadcrumb":{"@id":"https:\/\/exceptionaudio.fr\/site\/produit\/eversolo-dmp-a6\/#breadcrumb"},"inLanguage":"fr-FR","potentialAction":[{"@type":"ReadAction","target":["https:\/\/exceptionaudio.fr\/site\/produit\/eversolo-dmp-a6\/"]}]},{"@type":"ImageObject","inLanguage":"fr-FR","@id":"https:\/\/exceptionaudio.fr\/site\/produit\/eversolo-dmp-a6\/#primaryimage","url":"https:\/\/exceptionaudio.fr\/site\/wp-content\/uploads\/2024\/05\/EverSolo-DMP-A6.jpg","contentUrl":"https:\/\/exceptionaudio.fr\/site\/wp-content\/uploads\/2024\/05\/EverSolo-DMP-A6.jpg","width":1000,"height":1000,"caption":"EverSolo DMP-A6 Lecteur r\u00e9seau DAC HiFi Hi-res"},{"@type":"BreadcrumbList","@id":"https:\/\/exceptionaudio.fr\/site\/produit\/eversolo-dmp-a6\/#breadcrumb","itemListElement":[{"@type":"ListItem","position":1,"name":"Accueil","item":"https:\/\/exceptionaudio.fr\/site\/"},{"@type":"ListItem","position":2,"name":"Boutique","item":"https:\/\/exceptionaudio.fr\/site\/boutique\/"},{"@type":"ListItem","position":3,"name":"EverSolo DMP-A6"}]},{"@type":"WebSite","@id":"https:\/\/exceptionaudio.fr\/site\/#website","url":"https:\/\/exceptionaudio.fr\/site\/","name":"Exception Audio","description":"Magasin hi-fi Antibes","publisher":{"@id":"https:\/\/exceptionaudio.fr\/site\/#organization"},"potentialAction":[{"@type":"SearchAction","target":{"@type":"EntryPoint","urlTemplate":"https:\/\/exceptionaudio.fr\/site\/?s={search_term_string}"},"query-input":{"@type":"PropertyValueSpecification","valueRequired":true,"valueName":"search_term_string"}}],"inLanguage":"fr-FR"},{"@type":"Organization","@id":"https:\/\/exceptionaudio.fr\/site\/#organization","name":"Exception Audio","url":"https:\/\/exceptionaudio.fr\/site\/","logo":{"@type":"ImageObject","inLanguage":"fr-FR","@id":"https:\/\/exceptionaudio.fr\/site\/#\/schema\/logo\/image\/","url":"https:\/\/exceptionaudio.fr\/site\/wp-content\/uploads\/2021\/10\/largeur-exception-audio-logos-noir.png","contentUrl":"https:\/\/exceptionaudio.fr\/site\/wp-content\/uploads\/2021\/10\/largeur-exception-audio-logos-noir.png","width":357,"height":54,"caption":"Exception Audio"},"image":{"@id":"https:\/\/exceptionaudio.fr\/site\/#\/schema\/logo\/image\/"},"sameAs":["https:\/\/www.facebook.com\/ExceptionAudio","https:\/\/www.instagram.com\/exception_audio\/"]}]}},"_links":{"self":[{"href":"https:\/\/exceptionaudio.fr\/site\/wp-json\/wp\/v2\/product\/8834","targetHints":{"allow":["GET"]}}],"collection":[{"href":"https:\/\/exceptionaudio.fr\/site\/wp-json\/wp\/v2\/product"}],"about":[{"href":"https:\/\/exceptionaudio.fr\/site\/wp-json\/wp\/v2\/types\/product"}],"version-history":[{"count":1,"href":"https:\/\/exceptionaudio.fr\/site\/wp-json\/wp\/v2\/product\/8834\/revisions"}],"predecessor-version":[{"id":8837,"href":"https:\/\/exceptionaudio.fr\/site\/wp-json\/wp\/v2\/product\/8834\/revisions\/8837"}],"wp:featuredmedia":[{"embeddable":true,"href":"https:\/\/exceptionaudio.fr\/site\/wp-json\/wp\/v2\/media\/8835"}],"wp:attachment":[{"href":"https:\/\/exceptionaudio.fr\/site\/wp-json\/wp\/v2\/media?parent=8834"}],"wp:term":[{"taxonomy":"product_brand","embeddable":true,"href":"https:\/\/exceptionaudio.fr\/site\/wp-json\/wp\/v2\/product_brand?post=8834"},{"taxonomy":"product_cat","embeddable":true,"href":"https:\/\/exceptionaudio.fr\/site\/wp-json\/wp\/v2\/product_cat?post=8834"},{"taxonomy":"product_tag","embeddable":true,"href":"https:\/\/exceptionaudio.fr\/site\/wp-json\/wp\/v2\/product_tag?post=8834"}],"curies":[{"name":"wp","href":"https:\/\/api.w.org\/{rel}","templated":true}]}}