{"id":8838,"date":"2024-05-16T10:13:54","date_gmt":"2024-05-16T08:13:54","guid":{"rendered":"https:\/\/exceptionaudio.fr\/site\/?post_type=product&#038;p=8838"},"modified":"2024-09-21T17:03:09","modified_gmt":"2024-09-21T15:03:09","slug":"eversolo-dmp-a8","status":"publish","type":"product","link":"https:\/\/exceptionaudio.fr\/site\/produit\/eversolo-dmp-a8\/","title":{"rendered":"EverSolo DMP-A8"},"content":{"rendered":"","protected":false},"excerpt":{"rendered":"<p style=\"font-weight: 400;\">Le DMP-A8 est le lecteur de r\u00e9seau de r\u00e9f\u00e9rence du fabricant EverSolo, il r\u00e9unit dans un seul appareil un concentr\u00e9 de technologies pour une exp\u00e9rience musicale unique. Dot\u00e9 d&rsquo;un DAC AK4499EX avec module AK4191EQ, il garantit la lecture de vos morceaux Hi-Res jusqu&rsquo;\u00e0 32 bits \/ 768 kHz et les fichiers DSD512. Sa polyvalence lui permet d&rsquo;acc\u00e9der \u00e0 vos services de streaming pr\u00e9f\u00e9r\u00e9s tel que Qobuz, Tidal, Amazon Music, Spotify&#8230; et de diffuser de la musique en uPNP, AirPlay 2, Bluetooth ou via Roon. De plus, il offre une connectivit\u00e9 compl\u00e8te pour une int\u00e9gration parfaite dans votre chaine HiFi gr\u00e2ce \u00e0 son pr\u00e9ampli et ses entr\u00e9es analogiques et num\u00e9riques. Le contr\u00f4le s&rsquo;effectue en toute simplicit\u00e9 \u00e0 partir du grand \u00e9cran tactile ou de l&rsquo;application mobile d\u00e9di\u00e9e disponible sous iOS et Android.<\/p>\n","protected":false},"featured_media":8839,"template":"","meta":[],"product_brand":[],"product_cat":[98,99,100],"product_tag":[297],"class_list":{"0":"post-8838","1":"product","2":"type-product","3":"status-publish","4":"has-post-thumbnail","6":"product_cat-sources-hifi","7":"product_cat-convertisseurs-dac-hifi","8":"product_cat-lecteurs-reseau-hifi-serveurs-audio-streamer","9":"product_tag-eversolo","11":"first","12":"instock","13":"taxable","14":"shipping-taxable","15":"purchasable","16":"product-type-simple"},"yoast_head":"<!-- This site is optimized with the Yoast SEO plugin v27.3 - https:\/\/yoast.com\/product\/yoast-seo-wordpress\/ -->\n<title>EverSolo DMP-A8 - Lecteur r\u00e9seau DAC HiFi - Exception Audio<\/title>\n<meta name=\"description\" content=\"Le DMP-A8 est la r\u00e9f\u00e9rence d&#039;EverSolo : lecteur r\u00e9seau audio Hi-Res, DAC HiFi, pr\u00e9amplificateur, \u00e9cran tactile, application mobile iOS et Android...\" \/>\n<meta name=\"robots\" content=\"index, follow, max-snippet:-1, max-image-preview:large, max-video-preview:-1\" \/>\n<link rel=\"canonical\" href=\"https:\/\/exceptionaudio.fr\/site\/produit\/eversolo-dmp-a8\/\" \/>\n<meta property=\"og:locale\" content=\"fr_FR\" \/>\n<meta property=\"og:type\" content=\"article\" \/>\n<meta property=\"og:title\" content=\"EverSolo DMP-A8 - Lecteur r\u00e9seau DAC HiFi - Exception Audio\" \/>\n<meta property=\"og:description\" content=\"Le DMP-A8 est la r\u00e9f\u00e9rence d&#039;EverSolo : lecteur r\u00e9seau audio Hi-Res, DAC HiFi, pr\u00e9amplificateur, \u00e9cran tactile, application mobile iOS et Android...\" \/>\n<meta property=\"og:url\" content=\"https:\/\/exceptionaudio.fr\/site\/produit\/eversolo-dmp-a8\/\" \/>\n<meta property=\"og:site_name\" content=\"Exception Audio\" \/>\n<meta property=\"article:publisher\" content=\"https:\/\/www.facebook.com\/ExceptionAudio\" \/>\n<meta property=\"article:modified_time\" content=\"2024-09-21T15:03:09+00:00\" \/>\n<meta property=\"og:image\" content=\"https:\/\/exceptionaudio.fr\/site\/wp-content\/uploads\/2024\/05\/EverSolo-DMP-A8.jpg\" \/>\n\t<meta property=\"og:image:width\" content=\"1000\" \/>\n\t<meta property=\"og:image:height\" content=\"1000\" \/>\n\t<meta property=\"og:image:type\" content=\"image\/jpeg\" \/>\n<meta name=\"twitter:card\" content=\"summary_large_image\" \/>\n<meta name=\"twitter:label1\" content=\"Dur\u00e9e de lecture estim\u00e9e\" \/>\n\t<meta name=\"twitter:data1\" content=\"1 minute\" \/>\n<script type=\"application\/ld+json\" class=\"yoast-schema-graph\">{\"@context\":\"https:\\\/\\\/schema.org\",\"@graph\":[{\"@type\":\"WebPage\",\"@id\":\"https:\\\/\\\/exceptionaudio.fr\\\/site\\\/produit\\\/eversolo-dmp-a8\\\/\",\"url\":\"https:\\\/\\\/exceptionaudio.fr\\\/site\\\/produit\\\/eversolo-dmp-a8\\\/\",\"name\":\"EverSolo DMP-A8 - Lecteur r\u00e9seau DAC HiFi - Exception Audio\",\"isPartOf\":{\"@id\":\"https:\\\/\\\/exceptionaudio.fr\\\/site\\\/#website\"},\"primaryImageOfPage\":{\"@id\":\"https:\\\/\\\/exceptionaudio.fr\\\/site\\\/produit\\\/eversolo-dmp-a8\\\/#primaryimage\"},\"image\":{\"@id\":\"https:\\\/\\\/exceptionaudio.fr\\\/site\\\/produit\\\/eversolo-dmp-a8\\\/#primaryimage\"},\"thumbnailUrl\":\"https:\\\/\\\/exceptionaudio.fr\\\/site\\\/wp-content\\\/uploads\\\/2024\\\/05\\\/EverSolo-DMP-A8.jpg\",\"datePublished\":\"2024-05-16T08:13:54+00:00\",\"dateModified\":\"2024-09-21T15:03:09+00:00\",\"description\":\"Le DMP-A8 est la r\u00e9f\u00e9rence d'EverSolo : lecteur r\u00e9seau audio Hi-Res, DAC HiFi, pr\u00e9amplificateur, \u00e9cran tactile, application mobile iOS et Android...\",\"breadcrumb\":{\"@id\":\"https:\\\/\\\/exceptionaudio.fr\\\/site\\\/produit\\\/eversolo-dmp-a8\\\/#breadcrumb\"},\"inLanguage\":\"fr-FR\",\"potentialAction\":[{\"@type\":\"ReadAction\",\"target\":[\"https:\\\/\\\/exceptionaudio.fr\\\/site\\\/produit\\\/eversolo-dmp-a8\\\/\"]}]},{\"@type\":\"ImageObject\",\"inLanguage\":\"fr-FR\",\"@id\":\"https:\\\/\\\/exceptionaudio.fr\\\/site\\\/produit\\\/eversolo-dmp-a8\\\/#primaryimage\",\"url\":\"https:\\\/\\\/exceptionaudio.fr\\\/site\\\/wp-content\\\/uploads\\\/2024\\\/05\\\/EverSolo-DMP-A8.jpg\",\"contentUrl\":\"https:\\\/\\\/exceptionaudio.fr\\\/site\\\/wp-content\\\/uploads\\\/2024\\\/05\\\/EverSolo-DMP-A8.jpg\",\"width\":1000,\"height\":1000,\"caption\":\"EverSolo DMP-A8 Lecteur r\u00e9seau DAC HiFi Hi-res\"},{\"@type\":\"BreadcrumbList\",\"@id\":\"https:\\\/\\\/exceptionaudio.fr\\\/site\\\/produit\\\/eversolo-dmp-a8\\\/#breadcrumb\",\"itemListElement\":[{\"@type\":\"ListItem\",\"position\":1,\"name\":\"Accueil\",\"item\":\"https:\\\/\\\/exceptionaudio.fr\\\/site\\\/\"},{\"@type\":\"ListItem\",\"position\":2,\"name\":\"Boutique\",\"item\":\"https:\\\/\\\/exceptionaudio.fr\\\/site\\\/boutique\\\/\"},{\"@type\":\"ListItem\",\"position\":3,\"name\":\"EverSolo DMP-A8\"}]},{\"@type\":\"WebSite\",\"@id\":\"https:\\\/\\\/exceptionaudio.fr\\\/site\\\/#website\",\"url\":\"https:\\\/\\\/exceptionaudio.fr\\\/site\\\/\",\"name\":\"Exception Audio\",\"description\":\"Magasin hi-fi Antibes\",\"publisher\":{\"@id\":\"https:\\\/\\\/exceptionaudio.fr\\\/site\\\/#organization\"},\"potentialAction\":[{\"@type\":\"SearchAction\",\"target\":{\"@type\":\"EntryPoint\",\"urlTemplate\":\"https:\\\/\\\/exceptionaudio.fr\\\/site\\\/?s={search_term_string}\"},\"query-input\":{\"@type\":\"PropertyValueSpecification\",\"valueRequired\":true,\"valueName\":\"search_term_string\"}}],\"inLanguage\":\"fr-FR\"},{\"@type\":\"Organization\",\"@id\":\"https:\\\/\\\/exceptionaudio.fr\\\/site\\\/#organization\",\"name\":\"Exception Audio\",\"url\":\"https:\\\/\\\/exceptionaudio.fr\\\/site\\\/\",\"logo\":{\"@type\":\"ImageObject\",\"inLanguage\":\"fr-FR\",\"@id\":\"https:\\\/\\\/exceptionaudio.fr\\\/site\\\/#\\\/schema\\\/logo\\\/image\\\/\",\"url\":\"https:\\\/\\\/exceptionaudio.fr\\\/site\\\/wp-content\\\/uploads\\\/2021\\\/10\\\/largeur-exception-audio-logos-noir.png\",\"contentUrl\":\"https:\\\/\\\/exceptionaudio.fr\\\/site\\\/wp-content\\\/uploads\\\/2021\\\/10\\\/largeur-exception-audio-logos-noir.png\",\"width\":357,\"height\":54,\"caption\":\"Exception Audio\"},\"image\":{\"@id\":\"https:\\\/\\\/exceptionaudio.fr\\\/site\\\/#\\\/schema\\\/logo\\\/image\\\/\"},\"sameAs\":[\"https:\\\/\\\/www.facebook.com\\\/ExceptionAudio\",\"https:\\\/\\\/www.instagram.com\\\/exception_audio\\\/\"]}]}<\/script>\n<!-- \/ Yoast SEO plugin. -->","yoast_head_json":{"title":"EverSolo DMP-A8 - Lecteur r\u00e9seau DAC HiFi - Exception Audio","description":"Le DMP-A8 est la r\u00e9f\u00e9rence d'EverSolo : lecteur r\u00e9seau audio Hi-Res, DAC HiFi, pr\u00e9amplificateur, \u00e9cran tactile, application mobile iOS et Android...","robots":{"index":"index","follow":"follow","max-snippet":"max-snippet:-1","max-image-preview":"max-image-preview:large","max-video-preview":"max-video-preview:-1"},"canonical":"https:\/\/exceptionaudio.fr\/site\/produit\/eversolo-dmp-a8\/","og_locale":"fr_FR","og_type":"article","og_title":"EverSolo DMP-A8 - Lecteur r\u00e9seau DAC HiFi - Exception Audio","og_description":"Le DMP-A8 est la r\u00e9f\u00e9rence d'EverSolo : lecteur r\u00e9seau audio Hi-Res, DAC HiFi, pr\u00e9amplificateur, \u00e9cran tactile, application mobile iOS et Android...","og_url":"https:\/\/exceptionaudio.fr\/site\/produit\/eversolo-dmp-a8\/","og_site_name":"Exception Audio","article_publisher":"https:\/\/www.facebook.com\/ExceptionAudio","article_modified_time":"2024-09-21T15:03:09+00:00","og_image":[{"width":1000,"height":1000,"url":"https:\/\/exceptionaudio.fr\/site\/wp-content\/uploads\/2024\/05\/EverSolo-DMP-A8.jpg","type":"image\/jpeg"}],"twitter_card":"summary_large_image","twitter_misc":{"Dur\u00e9e de lecture estim\u00e9e":"1 minute"},"schema":{"@context":"https:\/\/schema.org","@graph":[{"@type":"WebPage","@id":"https:\/\/exceptionaudio.fr\/site\/produit\/eversolo-dmp-a8\/","url":"https:\/\/exceptionaudio.fr\/site\/produit\/eversolo-dmp-a8\/","name":"EverSolo DMP-A8 - Lecteur r\u00e9seau DAC HiFi - Exception Audio","isPartOf":{"@id":"https:\/\/exceptionaudio.fr\/site\/#website"},"primaryImageOfPage":{"@id":"https:\/\/exceptionaudio.fr\/site\/produit\/eversolo-dmp-a8\/#primaryimage"},"image":{"@id":"https:\/\/exceptionaudio.fr\/site\/produit\/eversolo-dmp-a8\/#primaryimage"},"thumbnailUrl":"https:\/\/exceptionaudio.fr\/site\/wp-content\/uploads\/2024\/05\/EverSolo-DMP-A8.jpg","datePublished":"2024-05-16T08:13:54+00:00","dateModified":"2024-09-21T15:03:09+00:00","description":"Le DMP-A8 est la r\u00e9f\u00e9rence d'EverSolo : lecteur r\u00e9seau audio Hi-Res, DAC HiFi, pr\u00e9amplificateur, \u00e9cran tactile, application mobile iOS et Android...","breadcrumb":{"@id":"https:\/\/exceptionaudio.fr\/site\/produit\/eversolo-dmp-a8\/#breadcrumb"},"inLanguage":"fr-FR","potentialAction":[{"@type":"ReadAction","target":["https:\/\/exceptionaudio.fr\/site\/produit\/eversolo-dmp-a8\/"]}]},{"@type":"ImageObject","inLanguage":"fr-FR","@id":"https:\/\/exceptionaudio.fr\/site\/produit\/eversolo-dmp-a8\/#primaryimage","url":"https:\/\/exceptionaudio.fr\/site\/wp-content\/uploads\/2024\/05\/EverSolo-DMP-A8.jpg","contentUrl":"https:\/\/exceptionaudio.fr\/site\/wp-content\/uploads\/2024\/05\/EverSolo-DMP-A8.jpg","width":1000,"height":1000,"caption":"EverSolo DMP-A8 Lecteur r\u00e9seau DAC HiFi Hi-res"},{"@type":"BreadcrumbList","@id":"https:\/\/exceptionaudio.fr\/site\/produit\/eversolo-dmp-a8\/#breadcrumb","itemListElement":[{"@type":"ListItem","position":1,"name":"Accueil","item":"https:\/\/exceptionaudio.fr\/site\/"},{"@type":"ListItem","position":2,"name":"Boutique","item":"https:\/\/exceptionaudio.fr\/site\/boutique\/"},{"@type":"ListItem","position":3,"name":"EverSolo DMP-A8"}]},{"@type":"WebSite","@id":"https:\/\/exceptionaudio.fr\/site\/#website","url":"https:\/\/exceptionaudio.fr\/site\/","name":"Exception Audio","description":"Magasin hi-fi Antibes","publisher":{"@id":"https:\/\/exceptionaudio.fr\/site\/#organization"},"potentialAction":[{"@type":"SearchAction","target":{"@type":"EntryPoint","urlTemplate":"https:\/\/exceptionaudio.fr\/site\/?s={search_term_string}"},"query-input":{"@type":"PropertyValueSpecification","valueRequired":true,"valueName":"search_term_string"}}],"inLanguage":"fr-FR"},{"@type":"Organization","@id":"https:\/\/exceptionaudio.fr\/site\/#organization","name":"Exception Audio","url":"https:\/\/exceptionaudio.fr\/site\/","logo":{"@type":"ImageObject","inLanguage":"fr-FR","@id":"https:\/\/exceptionaudio.fr\/site\/#\/schema\/logo\/image\/","url":"https:\/\/exceptionaudio.fr\/site\/wp-content\/uploads\/2021\/10\/largeur-exception-audio-logos-noir.png","contentUrl":"https:\/\/exceptionaudio.fr\/site\/wp-content\/uploads\/2021\/10\/largeur-exception-audio-logos-noir.png","width":357,"height":54,"caption":"Exception Audio"},"image":{"@id":"https:\/\/exceptionaudio.fr\/site\/#\/schema\/logo\/image\/"},"sameAs":["https:\/\/www.facebook.com\/ExceptionAudio","https:\/\/www.instagram.com\/exception_audio\/"]}]}},"_links":{"self":[{"href":"https:\/\/exceptionaudio.fr\/site\/wp-json\/wp\/v2\/product\/8838","targetHints":{"allow":["GET"]}}],"collection":[{"href":"https:\/\/exceptionaudio.fr\/site\/wp-json\/wp\/v2\/product"}],"about":[{"href":"https:\/\/exceptionaudio.fr\/site\/wp-json\/wp\/v2\/types\/product"}],"version-history":[{"count":1,"href":"https:\/\/exceptionaudio.fr\/site\/wp-json\/wp\/v2\/product\/8838\/revisions"}],"predecessor-version":[{"id":8841,"href":"https:\/\/exceptionaudio.fr\/site\/wp-json\/wp\/v2\/product\/8838\/revisions\/8841"}],"wp:featuredmedia":[{"embeddable":true,"href":"https:\/\/exceptionaudio.fr\/site\/wp-json\/wp\/v2\/media\/8839"}],"wp:attachment":[{"href":"https:\/\/exceptionaudio.fr\/site\/wp-json\/wp\/v2\/media?parent=8838"}],"wp:term":[{"taxonomy":"product_brand","embeddable":true,"href":"https:\/\/exceptionaudio.fr\/site\/wp-json\/wp\/v2\/product_brand?post=8838"},{"taxonomy":"product_cat","embeddable":true,"href":"https:\/\/exceptionaudio.fr\/site\/wp-json\/wp\/v2\/product_cat?post=8838"},{"taxonomy":"product_tag","embeddable":true,"href":"https:\/\/exceptionaudio.fr\/site\/wp-json\/wp\/v2\/product_tag?post=8838"}],"curies":[{"name":"wp","href":"https:\/\/api.w.org\/{rel}","templated":true}]}}